{"id":28821,"date":"2023-11-20T11:22:31","date_gmt":"2023-11-20T11:22:31","guid":{"rendered":"https:\/\/macalloy.com\/?page_id=28821"},"modified":"2024-07-09T15:15:43","modified_gmt":"2024-07-09T14:15:43","slug":"geschichte","status":"publish","type":"page","link":"https:\/\/macalloy.com\/de\/uber\/geschichte\/","title":{"rendered":"Geschichte"},"content":{"rendered":"\n<div style=\"height:50px\" aria-hidden=\"true\" class=\"wp-block-spacer\"><\/div>\n\n\n\n<div class=\"wp-block-media-text alignwide has-media-on-the-right is-stacked-on-mobile is-image-fill has-background-highlight-colour has-primary-900-background-color has-background animate animate has-background-highlight-image\"><figure class=\"wp-block-media-text__background-highlight-image\" style=\"background-image: url(https:\/\/macalloystg.wpengine.com\/wp-content\/uploads\/2021\/09\/background-image-100.jpg)\"><\/figure><div class=\"wp-block-media-text__content\">\n<h4 class=\"wp-block-heading has-neutral-0-color has-text-color animate animate--right\">Die Wurzeln von Macalloy mit Sitz in Sheffield, dem Herzen der britischen Stahlindustrie, lassen sich 100 Jahre zur\u00fcckverfolgen.<\/h4>\n<\/div><figure class=\"wp-block-media-text__media\" style=\"background-image:url(https:\/\/macalloystg.wpengine.com\/wp-content\/uploads\/2021\/10\/Renault-Building-1024x731.jpg);background-position:50% 50%\"><img fetchpriority=\"high\" decoding=\"async\" width=\"1024\" height=\"731\" src=\"https:\/\/macalloystg.wpengine.com\/wp-content\/uploads\/2021\/10\/Renault-Building-1024x731.jpg\" alt=\"\" class=\"wp-image-2859 size-square\" srcset=\"https:\/\/macalloy.com\/wp-content\/uploads\/2021\/10\/Renault-Building-1024x731.jpg 1024w, https:\/\/macalloy.com\/wp-content\/uploads\/2021\/10\/Renault-Building-600x429.jpg 600w, https:\/\/macalloy.com\/wp-content\/uploads\/2021\/10\/Renault-Building-300x214.jpg 300w, https:\/\/macalloy.com\/wp-content\/uploads\/2021\/10\/Renault-Building-768x548.jpg 768w, https:\/\/macalloy.com\/wp-content\/uploads\/2021\/10\/Renault-Building.jpg 1445w\" sizes=\"(max-width: 1024px) 100vw, 1024px\" \/><\/figure><\/div>\n\n\n\n<div style=\"height:50px\" aria-hidden=\"true\" class=\"wp-block-spacer\"><\/div>\n\n\n\n<figure class=\"wp-block-image size-large animate animate animate--delay-medium\"><img decoding=\"async\" width=\"1024\" height=\"687\" src=\"https:\/\/macalloystg.wpengine.com\/wp-content\/uploads\/2021\/10\/y09953-1024x687.jpg\" alt=\"Advertisement for McCall and Co. (Sheffield) Ltd, Templeborough\" class=\"wp-image-2920\" srcset=\"https:\/\/macalloy.com\/wp-content\/uploads\/2021\/10\/y09953-1024x687.jpg 1024w, https:\/\/macalloy.com\/wp-content\/uploads\/2021\/10\/y09953-600x402.jpg 600w, https:\/\/macalloy.com\/wp-content\/uploads\/2021\/10\/y09953-300x201.jpg 300w, https:\/\/macalloy.com\/wp-content\/uploads\/2021\/10\/y09953-768x515.jpg 768w, https:\/\/macalloy.com\/wp-content\/uploads\/2021\/10\/y09953-1536x1030.jpg 1536w, https:\/\/macalloy.com\/wp-content\/uploads\/2021\/10\/y09953.jpg 1794w\" sizes=\"(max-width: 1024px) 100vw, 1024px\" \/><\/figure>\n\n\n\n<div class=\"wp-block-columns is-layout-flex wp-container-core-columns-is-layout-9d6595d7 wp-block-columns-is-layout-flex\">\n<div class=\"wp-block-column animate animate--up is-layout-flow wp-block-column-is-layout-flow\">\n<p class=\"lead animate animate animate--delay-short\">Im Jahr 1921 wurde McCalls and Company Limited von TH McCall, Edwin Llwewllyn Raworth und CW Hamilton in einem Lagerhaus in der Queens Street in Sheffield gegr\u00fcndet. Sie lieferten Stahlstangen und -st\u00e4be, die f\u00fcr den expandierenden Betonhandel sehr gefragt waren. Das Unternehmen wuchs sehr schnell und expandierte in die Lieferung von geraden oder gebogenen St\u00e4ben und Stangen in geschnittenen L\u00e4ngen.<\/p>\n\n\n\n<p class=\"animate animate animate--delay-short\">Aufgrund der steigenden Nachfrage zog das Unternehmen 1927 in die Railway Engineering Sheds in der Nunnery Lane in Sheffield um.<\/p>\n\n\n\n<p class=\"animate animate animate--delay-short\">Das Unternehmen schloss sich mit den United Strip Bar Mills und den Templeborough Rolling Mills zusammen und bezog Stangen in Rollen. Die Templeborough Mills unterst\u00fctzten McCalls bei der Finanzierung des Umzugs in ein neues Werk an ihrem Standort am Trafalgar Day, dem 21. Oktober 1929. Dieser Umzug erm\u00f6glichte es dem Unternehmen, mehr Stangendurchmesser herzustellen, die f\u00fcr die dynamische Bauindustrie ben\u00f6tigt wurden.<\/p>\n\n\n\n<p>Im Laufe der n\u00e4chsten zwei Jahrzehnte expandierte McCalls and Company Ltd, da die Nachfrage nach ihren Produkten stieg, und 1948 f\u00fchrte das Unternehmen einen &#8220;Post-Tension&#8221;-Stab f\u00fcr den neuen &#8220;Post-Tensioned&#8221;-Betonmarkt ein. Dies war ein neuer Trend im Betonbau, und der Macalloy-Nachspannstab erwies sich als sofortiger Erfolg. Die Verk\u00e4ufe des Nachspannstabs stiegen, und 1960 wurden Macalloys Nachspannst\u00e4be exklusiv im 500 Fu\u00df langen Mittelteil der Medway Bridge auf der M2-Autobahn verwendet, der damals gr\u00f6\u00dften Spannbetonbr\u00fccke der Welt.<\/p>\n<\/div>\n\n\n\n<div class=\"wp-block-column animate animate--up animate--delay-short is-layout-flow wp-block-column-is-layout-flow\">\n<p class=\"animate animate animate--delay-short\">Sp\u00e4ter, 1962, wurde das Unternehmen eine hundertprozentige Tochtergesellschaft von The United Steel Companies Ltd (die 1968 verstaatlicht und zu British Steel wurde). 1965 expandierte das Unternehmen in gr\u00f6\u00dfere R\u00e4umlichkeiten in der ehemaligen Fabrik der Yorkshire Engineering Company Ltd in der Meadowhall Road, Sheffield. Im Jahr 1966 wurde der Standort Meadowhall einer umfassenden Renovierung unterzogen, bei der die Produktion auf 2 500 Tonnen pro Woche erh\u00f6ht und zwei neue, durchgehende Gleise zur Unterst\u00fctzung neuer elektrischer Kr\u00e4ne installiert wurden, um die abdecken. des gesamten Bereichs zu erm\u00f6glichen.<\/p>\n\n\n\n<p class=\"animate animate animate--delay-short\">1975 wurde das Unternehmen von der ASW Allied Steel and Wire Ltd. aufgekauft, die ihrerseits aus dem Tremorfa-Stahlwerk in Cardiff hervorgegangen war. Daraufhin zog das Unternehmen erneut in gr\u00f6\u00dfere Anlagen in der Hawke Street in Sheffield um, was McCalls in die Lage versetzte, sich weiterzuentwickeln und neue Produkte zu entwickeln, darunter eine neue Produktreihe f\u00fcr architektonische Spannstrukturen.<\/p>\n\n\n\n<p class=\"animate animate animate--delay-short\">In den 1990er Jahren wuchs das Unternehmen unter dem Namen ASW und dem Namen McCalls Special Products Ltd. in weltweite M\u00e4rkte hinein. Einige Jahre sp\u00e4ter erwarb ASW ein franz\u00f6sisches Unternehmen, Arteon SA, das den Vertrieb in Europa und die Expansion in Deutschland, der Schweiz und \u00d6sterreich vorantrieb.<\/p>\n\n\n\n<p class=\"animate animate animate--delay-short\">Zu dieser Zeit begann der Bauboom auf den asiatischen M\u00e4rkten, und die Nachspannsysteme, Zugstangen und Architekturverbindungen von Macalloy wurden in gro\u00dfem Umfang bei Gro\u00dfprojekten in Hongkong, Malaysia, Singapur, Japan und auf den Philippinen eingesetzt.<\/p>\n\n\n\n<p class=\"animate animate animate--delay-short\">In Anerkennung der Leistungen des Unternehmens wurde Macalloy 1996 mit dem Queens Award for Export ausgezeichnet. Zu dieser Zeit machte der Export 65 % der Produktion des Unternehmens aus.<\/p>\n\n\n\n<p class=\"animate animate animate--delay-short\">Im Jahr 2003 ging das Unternehmen nach einem MBO unter der Leitung des jetzigen Gesch\u00e4ftsf\u00fchrers Peter Hoy wieder in Privatbesitz \u00fcber. 2006 nahm das Unternehmen eine speziell gebaute Fabrik auf dem Gel\u00e4nde der Old Dinnington Colliery in Betrieb, wo es sich bis heute befindet.<\/p>\n<\/div>\n<\/div>\n\n\n\n<div class=\"wp-block-columns is-layout-flex wp-container-core-columns-is-layout-9d6595d7 wp-block-columns-is-layout-flex\">\n<div class=\"wp-block-column animate animate--left is-layout-flow wp-block-column-is-layout-flow\">\n<h2 class=\"wp-block-heading h3 has-primary-900-color has-text-color\">Macalloy heute<\/h2>\n\n\n\n<hr class=\"wp-block-separator has-text-color has-primary-900-color has-css-opacity has-primary-900-background-color has-background is-style-default animate animate--left\"\/>\n<\/div>\n\n\n\n<div class=\"wp-block-column is-layout-flow wp-block-column-is-layout-flow\"><\/div>\n<\/div>\n\n\n\n<figure class=\"wp-block-image size-large animate animate animate--delay-short\"><img decoding=\"async\" width=\"1024\" height=\"683\" src=\"https:\/\/macalloystg.wpengine.com\/wp-content\/uploads\/2021\/10\/macalloy-team-1024x683.jpg\" alt=\"\" class=\"wp-image-2855\" srcset=\"https:\/\/macalloy.com\/wp-content\/uploads\/2021\/10\/macalloy-team-1024x683.jpg 1024w, https:\/\/macalloy.com\/wp-content\/uploads\/2021\/10\/macalloy-team-600x400.jpg 600w, https:\/\/macalloy.com\/wp-content\/uploads\/2021\/10\/macalloy-team-300x200.jpg 300w, https:\/\/macalloy.com\/wp-content\/uploads\/2021\/10\/macalloy-team-768x512.jpg 768w, https:\/\/macalloy.com\/wp-content\/uploads\/2021\/10\/macalloy-team-1536x1024.jpg 1536w, https:\/\/macalloy.com\/wp-content\/uploads\/2021\/10\/macalloy-team.jpg 1920w\" sizes=\"(max-width: 1024px) 100vw, 1024px\" \/><\/figure>\n\n\n\n<div class=\"wp-block-columns is-layout-flex wp-container-core-columns-is-layout-9d6595d7 wp-block-columns-is-layout-flex\">\n<div class=\"wp-block-column animate animate--up is-layout-flow wp-block-column-is-layout-flow\">\n<p>Macalloy arbeitet heute in eigens errichteten Anlagen in Dinnington, Sheffield. Dieser Umzug erm\u00f6glichte es dem Unternehmen, seine Kapazit\u00e4t zu erh\u00f6hen und weiterhin Produkte von h\u00f6chster Qualit\u00e4t zu liefern, darunter:<\/p>\n\n\n\n<ul class=\"wp-block-list\">\n<li>Spannkonstruktionen<\/li>\n\n\n\n<li>Fassadentechnik<\/li>\n\n\n\n<li>Post-tensioning<\/li>\n\n\n\n<li>Ground engineering<\/li>\n\n\n\n<li>Site services \u2013 equipment, training and hire<\/li>\n<\/ul>\n\n\n\n<p>Im Laufe der Jahre hat Macalloy starke Gesch\u00e4ftspartnerschaften aufgebaut und bietet beratenden Ingenieuren und Architekten eine umfassende Auswahl an Produkten und Dienstleistungen.<\/p>\n<\/div>\n\n\n\n<div class=\"wp-block-column animate animate--up animate--delay-short is-layout-flow wp-block-column-is-layout-flow\">\n<p>Unsere Lieferkette wird durch ein internationales Netzwerk von Macalloy-Vertretern und -H\u00e4ndlern weiter ausgebaut, um ein kontinuierliches Wachstum auf dem globalen Markt zu gew\u00e4hrleisten.<\/p>\n\n\n\n<p>Die Produkte von Macalloy werden in der gesamten Bauindustrie eingesetzt und sind in vielen prestigetr\u00e4chtigen Produkten weltweit zu finden, darunter vier Stadien der Fu\u00dfballweltmeisterschaft in Russland, das <a href=\"https:\/\/macalloy.com\/de\/project\/burj-al-arab-hotel-dubai\/\">7-Sterne-Hotel Burj Al-Arab in Duba<\/a>i, <a href=\"https:\/\/macalloy.com\/de\/project\/marina-bay-sands-singapore\/\">Marina Bay Sands in Singapur<\/a> und <a href=\"https:\/\/macalloy.com\/de\/project\/golden-jubilee-bridge-london\/\">die Jubilee Bridge in London.<\/a><\/p>\n<\/div>\n<\/div>\n\n\n\n<div class=\"wp-block-group alignfull has-neutral-0-color has-primary-900-background-color has-text-color has-background animate animate--up\"><div class=\"wp-block-group__inner-container is-layout-flow wp-block-group-is-layout-flow\">\n<p><\/p>\n\n\n\n<div style=\"height:90px\" aria-hidden=\"true\" class=\"wp-block-spacer\"><\/div>\n\n\n\n<div class=\"wp-block-columns alignwide is-layout-flex wp-container-core-columns-is-layout-9d6595d7 wp-block-columns-is-layout-flex\">\n<div class=\"wp-block-column is-layout-flow wp-block-column-is-layout-flow\" style=\"flex-basis:80%\">\n<h5 class=\"wp-block-heading animate animate--up animate--delay-short\">&#8220;Unser Unternehmen ist zwar im Laufe der Jahre gewachsen, aber unsere Grundwerte sind die gleichen geblieben. Wir haben uns immer f\u00fcr einen hervorragenden Kundenservice und qualitativ hochwertige Produkte eingesetzt. Ich bin stolz auf den Enthusiasmus unseres Teams und seine Bereitschaft, sich weiterzuentwickeln, um den sich st\u00e4ndig \u00e4ndernden Anforderungen der Bauindustrie gerecht zu werden.&#8221;<\/h5>\n\n\n\n<p class=\"animate animate--up animate--delay-medium\">&#8211; Peter Hoy Gesch\u00e4ftsf\u00fchrender Direktor<\/p>\n<\/div>\n\n\n\n<div class=\"wp-block-column is-layout-flow wp-block-column-is-layout-flow\" style=\"flex-basis:20%\"><\/div>\n<\/div>\n\n\n\n<div style=\"height:25px\" aria-hidden=\"true\" class=\"wp-block-spacer\"><\/div>\n\n\n\n<div class=\"wp-block-cover is-light is-style-breakout animate animate animate--delay-medium\"><span aria-hidden=\"true\" class=\"wp-block-cover__background has-background-dim-0 has-background-dim\"><\/span><img loading=\"lazy\" decoding=\"async\" width=\"1920\" height=\"1280\" class=\"wp-block-cover__image-background wp-image-2253\" alt=\"\" src=\"https:\/\/macalloystg.wpengine.com\/wp-content\/uploads\/2021\/09\/Peter-Hoy-Macalloy.jpg\" style=\"object-position:31% 35%\" data-object-fit=\"cover\" data-object-position=\"31% 35%\" srcset=\"https:\/\/macalloy.com\/wp-content\/uploads\/2021\/09\/Peter-Hoy-Macalloy.jpg 1920w, https:\/\/macalloy.com\/wp-content\/uploads\/2021\/09\/Peter-Hoy-Macalloy-600x400.jpg 600w, https:\/\/macalloy.com\/wp-content\/uploads\/2021\/09\/Peter-Hoy-Macalloy-300x200.jpg 300w, https:\/\/macalloy.com\/wp-content\/uploads\/2021\/09\/Peter-Hoy-Macalloy-1024x683.jpg 1024w, https:\/\/macalloy.com\/wp-content\/uploads\/2021\/09\/Peter-Hoy-Macalloy-768x512.jpg 768w, https:\/\/macalloy.com\/wp-content\/uploads\/2021\/09\/Peter-Hoy-Macalloy-1536x1024.jpg 1536w\" sizes=\"(max-width: 1920px) 100vw, 1920px\" \/><div class=\"wp-block-cover__inner-container is-layout-flow wp-block-cover-is-layout-flow\">\n<p class=\"has-text-align-center has-large-font-size\"><\/p>\n<\/div><\/div>\n<\/div><\/div>\n\n\n\n<div class=\"wp-block-cover alignfull is-light mt-0 mb-0 animate animate--up\" style=\"min-height:600px;aspect-ratio:unset;\"><span aria-hidden=\"true\" class=\"wp-block-cover__background has-background-dim-30 has-background-dim\"><\/span><img loading=\"lazy\" decoding=\"async\" width=\"1920\" height=\"1280\" class=\"wp-block-cover__image-background wp-image-2035\" alt=\"\" src=\"https:\/\/macalloystg.wpengine.com\/wp-content\/uploads\/2021\/09\/Macalloy-112A2129.jpg\" style=\"object-position:58% 68%\" data-object-fit=\"cover\" data-object-position=\"58% 68%\" srcset=\"https:\/\/macalloy.com\/wp-content\/uploads\/2021\/09\/Macalloy-112A2129.jpg 1920w, https:\/\/macalloy.com\/wp-content\/uploads\/2021\/09\/Macalloy-112A2129-600x400.jpg 600w, https:\/\/macalloy.com\/wp-content\/uploads\/2021\/09\/Macalloy-112A2129-300x200.jpg 300w, https:\/\/macalloy.com\/wp-content\/uploads\/2021\/09\/Macalloy-112A2129-1024x683.jpg 1024w, https:\/\/macalloy.com\/wp-content\/uploads\/2021\/09\/Macalloy-112A2129-768x512.jpg 768w, https:\/\/macalloy.com\/wp-content\/uploads\/2021\/09\/Macalloy-112A2129-1536x1024.jpg 1536w\" sizes=\"(max-width: 1920px) 100vw, 1920px\" \/><div class=\"wp-block-cover__inner-container is-layout-flow wp-block-cover-is-layout-flow\">\n<div class=\"wp-block-columns alignwide is-layout-flex wp-container-core-columns-is-layout-9d6595d7 wp-block-columns-is-layout-flex\">\n<div class=\"wp-block-column is-layout-flow wp-block-column-is-layout-flow\">\n<h4 class=\"wp-block-heading has-neutral-0-color has-text-color animate animate--right animate--delay-short\">M\u00f6chten Sie \u00fcber ein Projekt sprechen?<\/h4>\n\n\n\n<h2 class=\"wp-block-heading mb-1 h1 has-neutral-0-color has-text-color animate animate--left animate--delay-medium\">+44 (0)1909 519 200<\/h2>\n\n\n\n<p class=\"has-neutral-0-color has-text-color animate animate--left animate--delay-long\">Rufen Sie uns an oder nutzen Sie den Live-Chat f\u00fcr eine schnelle Antwort<\/p>\n<\/div>\n\n\n\n<div class=\"wp-block-column is-layout-flow wp-block-column-is-layout-flow\"><\/div>\n<\/div>\n<\/div><\/div>\n","protected":false},"excerpt":{"rendered":"<p>Die Wurzeln von Macalloy mit Sitz in Sheffield, dem Herzen der britischen Stahlindustrie, lassen sich 100 Jahre zur\u00fcckverfolgen. Im Jahr 1921 wurde McCalls and Company Limited von TH McCall, Edwin Llwewllyn Raworth und CW Hamilton in einem Lagerhaus in der Queens Street in Sheffield gegr\u00fcndet. Sie lieferten Stahlstangen und -st\u00e4be, die f\u00fcr den expandierenden Betonhandel [&hellip;]<\/p>\n","protected":false},"author":4157,"featured_media":0,"parent":28797,"menu_order":0,"comment_status":"closed","ping_status":"closed","template":"","meta":{"footnotes":""},"class_list":["hentry","page"],"yoast_head":"<!-- This site is optimized with the Yoast SEO plugin v27.5 - https:\/\/yoast.com\/product\/yoast-seo-wordpress\/ -->\n<title>Unsere Geschichte | Macalloy, seit 100 Jahren im Vereinigten K\u00f6nigreich hergestellt und weltweit vertrauensw\u00fcrdig<\/title>\n<meta name=\"description\" content=\"Die Wurzeln von Macalloy lassen sich 100 Jahre zur\u00fcckverfolgen. Entdecken Sie heute unsere Geschichte. Wir haben unseren Sitz in Sheffield, im Herzen der britischen Stahlindustrie.\" \/>\n<meta name=\"robots\" content=\"index, follow, max-snippet:-1, max-image-preview:large, max-video-preview:-1\" \/>\n<link rel=\"canonical\" href=\"https:\/\/macalloy.com\/de\/uber\/geschichte\/\" \/>\n<meta property=\"og:locale\" content=\"de_DE\" \/>\n<meta property=\"og:type\" content=\"article\" \/>\n<meta property=\"og:title\" content=\"Unsere Geschichte | Macalloy, seit 100 Jahren im Vereinigten K\u00f6nigreich hergestellt und weltweit vertrauensw\u00fcrdig\" \/>\n<meta property=\"og:description\" content=\"Die Wurzeln von Macalloy lassen sich 100 Jahre zur\u00fcckverfolgen. Entdecken Sie heute unsere Geschichte. Wir haben unseren Sitz in Sheffield, im Herzen der britischen Stahlindustrie.\" \/>\n<meta property=\"og:url\" content=\"https:\/\/macalloy.com\/de\/uber\/geschichte\/\" \/>\n<meta property=\"og:site_name\" content=\"Macalloy\" \/>\n<meta property=\"article:modified_time\" content=\"2024-07-09T14:15:43+00:00\" \/>\n<meta property=\"og:image\" content=\"https:\/\/macalloystg.wpengine.com\/wp-content\/uploads\/2021\/10\/Renault-Building-1024x731.jpg\" \/>\n<meta name=\"twitter:card\" content=\"summary_large_image\" \/>\n<meta name=\"twitter:label1\" content=\"Gesch\u00e4tzte Lesezeit\" \/>\n\t<meta name=\"twitter:data1\" content=\"4 Minuten\" \/>\n<script type=\"application\/ld+json\" class=\"yoast-schema-graph\">{\"@context\":\"https:\\\/\\\/schema.org\",\"@graph\":[{\"@type\":\"WebPage\",\"@id\":\"https:\\\/\\\/macalloy.com\\\/de\\\/uber\\\/geschichte\\\/\",\"url\":\"https:\\\/\\\/macalloy.com\\\/de\\\/uber\\\/geschichte\\\/\",\"name\":\"Unsere Geschichte | Macalloy, seit 100 Jahren im Vereinigten K\u00f6nigreich hergestellt und weltweit vertrauensw\u00fcrdig\",\"isPartOf\":{\"@id\":\"https:\\\/\\\/macalloy.com\\\/de\\\/#website\"},\"primaryImageOfPage\":{\"@id\":\"https:\\\/\\\/macalloy.com\\\/de\\\/uber\\\/geschichte\\\/#primaryimage\"},\"image\":{\"@id\":\"https:\\\/\\\/macalloy.com\\\/de\\\/uber\\\/geschichte\\\/#primaryimage\"},\"thumbnailUrl\":\"https:\\\/\\\/macalloystg.wpengine.com\\\/wp-content\\\/uploads\\\/2021\\\/10\\\/Renault-Building-1024x731.jpg\",\"datePublished\":\"2023-11-20T11:22:31+00:00\",\"dateModified\":\"2024-07-09T14:15:43+00:00\",\"description\":\"Die Wurzeln von Macalloy lassen sich 100 Jahre zur\u00fcckverfolgen. Entdecken Sie heute unsere Geschichte. Wir haben unseren Sitz in Sheffield, im Herzen der britischen Stahlindustrie.\",\"breadcrumb\":{\"@id\":\"https:\\\/\\\/macalloy.com\\\/de\\\/uber\\\/geschichte\\\/#breadcrumb\"},\"inLanguage\":\"de-DE\",\"potentialAction\":[{\"@type\":\"ReadAction\",\"target\":[\"https:\\\/\\\/macalloy.com\\\/de\\\/uber\\\/geschichte\\\/\"]}]},{\"@type\":\"ImageObject\",\"inLanguage\":\"de-DE\",\"@id\":\"https:\\\/\\\/macalloy.com\\\/de\\\/uber\\\/geschichte\\\/#primaryimage\",\"url\":\"https:\\\/\\\/macalloystg.wpengine.com\\\/wp-content\\\/uploads\\\/2021\\\/10\\\/Renault-Building-1024x731.jpg\",\"contentUrl\":\"https:\\\/\\\/macalloystg.wpengine.com\\\/wp-content\\\/uploads\\\/2021\\\/10\\\/Renault-Building-1024x731.jpg\"},{\"@type\":\"BreadcrumbList\",\"@id\":\"https:\\\/\\\/macalloy.com\\\/de\\\/uber\\\/geschichte\\\/#breadcrumb\",\"itemListElement\":[{\"@type\":\"ListItem\",\"position\":1,\"name\":\"Home\",\"item\":\"https:\\\/\\\/macalloy.com\\\/de\\\/startseite\\\/\"},{\"@type\":\"ListItem\",\"position\":2,\"name\":\"Uber\",\"item\":\"https:\\\/\\\/macalloy.com\\\/de\\\/uber\\\/\"},{\"@type\":\"ListItem\",\"position\":3,\"name\":\"Geschichte\"}]},{\"@type\":\"WebSite\",\"@id\":\"https:\\\/\\\/macalloy.com\\\/de\\\/#website\",\"url\":\"https:\\\/\\\/macalloy.com\\\/de\\\/\",\"name\":\"Macalloy\",\"description\":\"Threaded Bar Systems Trusted Worldwide\",\"potentialAction\":[{\"@type\":\"SearchAction\",\"target\":{\"@type\":\"EntryPoint\",\"urlTemplate\":\"https:\\\/\\\/macalloy.com\\\/de\\\/?s={search_term_string}\"},\"query-input\":{\"@type\":\"PropertyValueSpecification\",\"valueRequired\":true,\"valueName\":\"search_term_string\"}}],\"inLanguage\":\"de-DE\"}]}<\/script>\n<!-- \/ Yoast SEO plugin. -->","yoast_head_json":{"title":"Unsere Geschichte | Macalloy, seit 100 Jahren im Vereinigten K\u00f6nigreich hergestellt und weltweit vertrauensw\u00fcrdig","description":"Die Wurzeln von Macalloy lassen sich 100 Jahre zur\u00fcckverfolgen. Entdecken Sie heute unsere Geschichte. Wir haben unseren Sitz in Sheffield, im Herzen der britischen Stahlindustrie.","robots":{"index":"index","follow":"follow","max-snippet":"max-snippet:-1","max-image-preview":"max-image-preview:large","max-video-preview":"max-video-preview:-1"},"canonical":"https:\/\/macalloy.com\/de\/uber\/geschichte\/","og_locale":"de_DE","og_type":"article","og_title":"Unsere Geschichte | Macalloy, seit 100 Jahren im Vereinigten K\u00f6nigreich hergestellt und weltweit vertrauensw\u00fcrdig","og_description":"Die Wurzeln von Macalloy lassen sich 100 Jahre zur\u00fcckverfolgen. Entdecken Sie heute unsere Geschichte. Wir haben unseren Sitz in Sheffield, im Herzen der britischen Stahlindustrie.","og_url":"https:\/\/macalloy.com\/de\/uber\/geschichte\/","og_site_name":"Macalloy","article_modified_time":"2024-07-09T14:15:43+00:00","og_image":[{"url":"https:\/\/macalloystg.wpengine.com\/wp-content\/uploads\/2021\/10\/Renault-Building-1024x731.jpg","type":"","width":"","height":""}],"twitter_card":"summary_large_image","twitter_misc":{"Gesch\u00e4tzte Lesezeit":"4 Minuten"},"schema":{"@context":"https:\/\/schema.org","@graph":[{"@type":"WebPage","@id":"https:\/\/macalloy.com\/de\/uber\/geschichte\/","url":"https:\/\/macalloy.com\/de\/uber\/geschichte\/","name":"Unsere Geschichte | Macalloy, seit 100 Jahren im Vereinigten K\u00f6nigreich hergestellt und weltweit vertrauensw\u00fcrdig","isPartOf":{"@id":"https:\/\/macalloy.com\/de\/#website"},"primaryImageOfPage":{"@id":"https:\/\/macalloy.com\/de\/uber\/geschichte\/#primaryimage"},"image":{"@id":"https:\/\/macalloy.com\/de\/uber\/geschichte\/#primaryimage"},"thumbnailUrl":"https:\/\/macalloystg.wpengine.com\/wp-content\/uploads\/2021\/10\/Renault-Building-1024x731.jpg","datePublished":"2023-11-20T11:22:31+00:00","dateModified":"2024-07-09T14:15:43+00:00","description":"Die Wurzeln von Macalloy lassen sich 100 Jahre zur\u00fcckverfolgen. Entdecken Sie heute unsere Geschichte. Wir haben unseren Sitz in Sheffield, im Herzen der britischen Stahlindustrie.","breadcrumb":{"@id":"https:\/\/macalloy.com\/de\/uber\/geschichte\/#breadcrumb"},"inLanguage":"de-DE","potentialAction":[{"@type":"ReadAction","target":["https:\/\/macalloy.com\/de\/uber\/geschichte\/"]}]},{"@type":"ImageObject","inLanguage":"de-DE","@id":"https:\/\/macalloy.com\/de\/uber\/geschichte\/#primaryimage","url":"https:\/\/macalloystg.wpengine.com\/wp-content\/uploads\/2021\/10\/Renault-Building-1024x731.jpg","contentUrl":"https:\/\/macalloystg.wpengine.com\/wp-content\/uploads\/2021\/10\/Renault-Building-1024x731.jpg"},{"@type":"BreadcrumbList","@id":"https:\/\/macalloy.com\/de\/uber\/geschichte\/#breadcrumb","itemListElement":[{"@type":"ListItem","position":1,"name":"Home","item":"https:\/\/macalloy.com\/de\/startseite\/"},{"@type":"ListItem","position":2,"name":"Uber","item":"https:\/\/macalloy.com\/de\/uber\/"},{"@type":"ListItem","position":3,"name":"Geschichte"}]},{"@type":"WebSite","@id":"https:\/\/macalloy.com\/de\/#website","url":"https:\/\/macalloy.com\/de\/","name":"Macalloy","description":"Threaded Bar Systems Trusted Worldwide","potentialAction":[{"@type":"SearchAction","target":{"@type":"EntryPoint","urlTemplate":"https:\/\/macalloy.com\/de\/?s={search_term_string}"},"query-input":{"@type":"PropertyValueSpecification","valueRequired":true,"valueName":"search_term_string"}}],"inLanguage":"de-DE"}]}},"_links":{"self":[{"href":"https:\/\/macalloy.com\/de\/wp-json\/wp\/v2\/pages\/28821","targetHints":{"allow":["GET"]}}],"collection":[{"href":"https:\/\/macalloy.com\/de\/wp-json\/wp\/v2\/pages"}],"about":[{"href":"https:\/\/macalloy.com\/de\/wp-json\/wp\/v2\/types\/page"}],"author":[{"embeddable":true,"href":"https:\/\/macalloy.com\/de\/wp-json\/wp\/v2\/users\/4157"}],"replies":[{"embeddable":true,"href":"https:\/\/macalloy.com\/de\/wp-json\/wp\/v2\/comments?post=28821"}],"version-history":[{"count":0,"href":"https:\/\/macalloy.com\/de\/wp-json\/wp\/v2\/pages\/28821\/revisions"}],"up":[{"embeddable":true,"href":"https:\/\/macalloy.com\/de\/wp-json\/wp\/v2\/pages\/28797"}],"wp:attachment":[{"href":"https:\/\/macalloy.com\/de\/wp-json\/wp\/v2\/media?parent=28821"}],"curies":[{"name":"wp","href":"https:\/\/api.w.org\/{rel}","templated":true}]}}