{"id":28854,"date":"2023-11-20T13:08:58","date_gmt":"2023-11-20T13:08:58","guid":{"rendered":"https:\/\/macalloy.com\/?page_id=28854"},"modified":"2024-07-09T15:34:43","modified_gmt":"2024-07-09T14:34:43","slug":"macalloy-520-bar-system","status":"publish","type":"page","link":"https:\/\/macalloy.com\/de\/produkte-und-dienstleistungen\/spannungs-strukturen\/macalloy-520-bar-system\/","title":{"rendered":"Macalloy 520 Stangensystem"},"content":{"rendered":"\n<div class=\"wp-block-media-text alignfull is-stacked-on-mobile is-image-fill has-background-highlight-colour has-neutral-0-color has-primary-900-background-color has-text-color has-background\"><figure class=\"wp-block-media-text__media\" style=\"background-image:url(https:\/\/macalloystg.wpengine.com\/wp-content\/uploads\/2021\/11\/Macalloy-Tension-Structures-1-1024x777.jpg);background-position:42% 38%\"><img fetchpriority=\"high\" decoding=\"async\" width=\"1024\" height=\"777\" src=\"https:\/\/macalloystg.wpengine.com\/wp-content\/uploads\/2021\/11\/Macalloy-Tension-Structures-1-1024x777.jpg\" alt=\"\" class=\"wp-image-3096 size-full\" srcset=\"https:\/\/macalloy.com\/wp-content\/uploads\/2021\/11\/Macalloy-Tension-Structures-1-1024x777.jpg 1024w, https:\/\/macalloy.com\/wp-content\/uploads\/2021\/11\/Macalloy-Tension-Structures-1-600x455.jpg 600w, https:\/\/macalloy.com\/wp-content\/uploads\/2021\/11\/Macalloy-Tension-Structures-1-300x228.jpg 300w, https:\/\/macalloy.com\/wp-content\/uploads\/2021\/11\/Macalloy-Tension-Structures-1-768x583.jpg 768w, https:\/\/macalloy.com\/wp-content\/uploads\/2021\/11\/Macalloy-Tension-Structures-1.jpg 1350w\" sizes=\"(max-width: 1024px) 100vw, 1024px\" \/><\/figure><div class=\"wp-block-media-text__content\">\n<h5 class=\"wp-block-heading animate animate--up\">Das Macalloy 520 folgt der Tradition und bietet ein alternatives Stangensystem mit der gleichen Geometrie, dem gleichen Design und der gleichen Technologie wie das System 460. Die Fittings sind f\u00fcr die erh\u00f6hte Kapazit\u00e4t des Systems ausgelegt, das in den Durchmessern M10 bis M100 aus unlegierten Stahl erh\u00e4ltlich ist.<\/h5>\n<\/div><\/div>\n\n\n\n<div style=\"height:30px\" aria-hidden=\"true\" class=\"wp-block-spacer\"><\/div>\n\n\n\n<div class=\"wp-block-columns is-layout-flex wp-container-core-columns-is-layout-9d6595d7 wp-block-columns-is-layout-flex\">\n<div class=\"wp-block-column is-vertically-aligned-top mb-0 is-layout-flow wp-block-column-is-layout-flow\">\n<h2 class=\"wp-block-heading h4 has-primary-900-color has-text-color animate animate--right\">Macalloy 520 unliegierter Stahl-System.<\/h2>\n\n\n\n<hr class=\"wp-block-separator has-text-color has-primary-900-color has-css-opacity has-primary-900-background-color has-background animate animate--right animate--delay-short\"\/>\n<\/div>\n\n\n\n<div class=\"wp-block-column is-layout-flow wp-block-column-is-layout-flow\"><\/div>\n<\/div>\n\n\n\n<div class=\"wp-block-columns is-layout-flex wp-container-core-columns-is-layout-9d6595d7 wp-block-columns-is-layout-flex\">\n<div class=\"wp-block-column is-vertically-aligned-top is-layout-flow wp-block-column-is-layout-flow\">\n<p class=\"no-mt\">Der Macalloy 520-Stab hat die folgenden mechanischen Eigenschaften:<\/p>\n\n\n\n<ul class=\"wp-block-list\">\n<li>Mindeststreckspannung 520 N\/mm2<\/li>\n\n\n\n<li>Mindest-Bruchspannung 660 N\/mm2<sup>2<\/sup><\/li>\n\n\n\n<li>Minimale Dehnung 19%<\/li>\n\n\n\n<li>Minimaler Kerbschlagz\u00e4higkeitswert 27J @-20\u00b0C<\/li>\n\n\n\n<li>Nomineller Elastizit\u00e4tsmodul 205 kN\/mm2<\/li>\n<\/ul>\n\n\n\n<p><\/p>\n<\/div>\n\n\n\n<div class=\"wp-block-column is-layout-flow wp-block-column-is-layout-flow\">\n<p>Anpassungen innerhalb jeder Gabel oder jeder Augenlasche sind:<\/p>\n\n\n\n<ul class=\"wp-block-list\">\n<li>M10 bis M56: +\/- 1\/2 Gewindedurchmesser<\/li>\n\n\n\n<li>M64 bis M100: +\/-25mm<\/li>\n<\/ul>\n\n\n\n<p>Spannschl\u00f6sser erm\u00f6glichen zus\u00e4tzliche Einstellungen von:<\/p>\n\n\n\n<ul class=\"wp-block-list\">\n<li>M10 bis M24: +\/-25mm<\/li>\n\n\n\n<li>M30 bis M100: +\/-50mm<\/li>\n<\/ul>\n\n\n\n<p>Dar\u00fcber hinaus sind auf Anfrage spezielle Spannschl\u00f6sser mit einer h\u00f6heren Einstellung erh\u00e4ltlich.<\/p>\n<\/div>\n<\/div>\n\n\n\n<div class=\"wp-block-columns animate animate--up animate--delay-short is-layout-flex wp-container-core-columns-is-layout-9d6595d7 wp-block-columns-is-layout-flex\">\n<div class=\"wp-block-column is-layout-flow wp-block-column-is-layout-flow\">\n<h5 class=\"wp-block-heading has-primary-900-color has-text-color\">Korrosionsschutz<\/h5>\n\n\n\n<p>Macalloy-Spannglieder k\u00f6nnen in blankem stahl, grundiert oder feuerverzinkt geliefert werden. Wenn bei der Bestellung gew\u00fcnscht, k\u00f6nnen die Spannglieder nach dem Gewindeschneiden feuerverzinkt werden. Die Gewinde werden dann geb\u00fcrstet, um \u00fcbersch\u00fcssiges Zink zu entfernen.<\/p>\n\n\n\n<p>Je nach L\u00e4nge werden die verzinkten St\u00e4be vormontiert geliefert. Dieses Verfahren gew\u00e4hrleistet, dass die Gewinde zu 100 % funktionsf\u00e4hig sind. Zusammenh\u00e4ngende St\u00e4be, die l\u00e4nger als 12 m sind, werden teilmontiert geliefert. Bitte beachten Sie, dass die Feuerverzinkung nicht mit einer Lackierung vergleichbar ist. Das optische Erscheinungsbild von Gabeln und Spaten kann aufgrund der unterschiedlichen Materialzusammensetzung von dem der Stange abweichen.<\/p>\n<\/div>\n\n\n\n<div class=\"wp-block-column is-layout-flow wp-block-column-is-layout-flow\">\n<h5 class=\"wp-block-heading has-primary-900-color has-text-color\">Anstrich<\/h5>\n\n\n\n<p>F\u00fcr architektonische Zwecke empfiehlt es sich, die Verzinkung mit einer Lackierung zu versehen. Dadurch kann die Korrosionsbest\u00e4ndigkeit der Stange erh\u00f6ht werden.<\/p>\n\n\n\n<h5 class=\"wp-block-heading has-primary-900-color has-text-color\">Europ\u00e4ische Zulassung<\/h5>\n\n\n\n<p>Das Macalloy 520 System hat eine europ\u00e4ische CE-Zulassung unter der ETA 21\/0053 f\u00fcr alle Standarddurchmesser von M10 und M100. Fragen Sie bei der Spezifikation immer nach CE-zugelassenen Systemen.<\/p>\n\n\n\n<p><a href=\"https:\/\/macalloy.com\/contact\/\">Wenden Sie sich noch heute an einen Macalloy-Vertreter<\/a>, um alle Fragen zu Zugst\u00e4ben und architektonischen St\u00e4ben zu besprechen.<\/p>\n<\/div>\n<\/div>\n\n\n\n<div style=\"height:50px\" aria-hidden=\"true\" class=\"wp-block-spacer\"><\/div>\n\n\n<div class=\"post__sharing animate animate--up animate--delay-long\"><strong class=\"sharing__title\">Share<\/strong><ul class=\"sharing__list\"><li class=\"sharing__item\"><a class=\"sharing__link sharing__link--facebook js-share\" href=\"https:\/\/www.facebook.com\/sharer\/sharer.php?u=https%3A%2F%2Fmacalloy.com%2Fde%2Fprodukte-und-dienstleistungen%2Fspannungs-strukturen%2Fmacalloy-520-bar-system%2F\">Facebook <svg xmlns=\"http:\/\/www.w3.org\/2000\/svg\" xmlns:xlink=\"http:\/\/www.w3.org\/1999\/xlink\" width=\"100\" height=\"100\" viewBox=\"0 0 100 100\"><g transform=\"translate(51.909 -29.171) rotate(45)\"><path d=\"M78.4,33.1,78.959,0,45.815,1.351l.3,5.515H68.537L0,75.4l4.54,4.54L73.077,11.405V32.58Z\" transform=\"translate(-0.882 56.319) rotate(-45)\"\/><\/g><\/svg><\/a><\/li><li class=\"sharing__item\"><a class=\"sharing__link sharing__link--twitter js-share\" href=\"https:\/\/twitter.com\/intent\/tweet?url=https%3A%2F%2Fmacalloy.com%2Fde%2Fprodukte-und-dienstleistungen%2Fspannungs-strukturen%2Fmacalloy-520-bar-system%2F&text=Das+Macalloy+520+folgt+der+Tradition+und+bietet+ein+alternatives+Stangensystem+mit+der+gleichen+Geometrie%2C+dem+gleichen+Design+und+der+gleichen+Technologie+wie+das+System+460.+Die+Fittings+sind+f%C3%BCr+die+erh%C3%B6hte+Kapazit%C3%A4t+des+Systems+ausgelegt%2C+das+in+den+Durchmessern+M10+bis+M100+aus+unlegierten+Stahl+erh%C3%A4ltlich+ist.+Macalloy+520+unliegierter+Stahl-System.+Der+Macalloy+520-Stab+%5B%26hellip%3B%5D\">Twitter <svg xmlns=\"http:\/\/www.w3.org\/2000\/svg\" xmlns:xlink=\"http:\/\/www.w3.org\/1999\/xlink\" width=\"100\" height=\"100\" viewBox=\"0 0 100 100\"><g transform=\"translate(51.909 -29.171) rotate(45)\"><path d=\"M78.4,33.1,78.959,0,45.815,1.351l.3,5.515H68.537L0,75.4l4.54,4.54L73.077,11.405V32.58Z\" transform=\"translate(-0.882 56.319) rotate(-45)\"\/><\/g><\/svg><\/a><\/li><li class=\"sharing__item\"><a class=\"sharing__link sharing__link--linkedin js-share\" href=\"https:\/\/www.linkedin.com\/shareArticle?mini=true&url=https%3A%2F%2Fmacalloy.com%2Fde%2Fprodukte-und-dienstleistungen%2Fspannungs-strukturen%2Fmacalloy-520-bar-system%2F&title=LinkedIn&summary=Das+Macalloy+520+folgt+der+Tradition+und+bietet+ein+alternatives+Stangensystem+mit+der+gleichen+Geometrie%2C+dem+gleichen+Design+und+der+gleichen+Technologie+wie+das+System+460.+Die+Fittings+sind+f%C3%BCr+die+erh%C3%B6hte+Kapazit%C3%A4t+des+Systems+ausgelegt%2C+das+in+den+Durchmessern+M10+bis+M100+aus+unlegierten+Stahl+erh%C3%A4ltlich+ist.+Macalloy+520+unliegierter+Stahl-System.+Der+Macalloy+520-Stab+%5B%26hellip%3B%5D&source=LinkedIn\">LinkedIn <svg xmlns=\"http:\/\/www.w3.org\/2000\/svg\" xmlns:xlink=\"http:\/\/www.w3.org\/1999\/xlink\" width=\"100\" height=\"100\" viewBox=\"0 0 100 100\"><g transform=\"translate(51.909 -29.171) rotate(45)\"><path d=\"M78.4,33.1,78.959,0,45.815,1.351l.3,5.515H68.537L0,75.4l4.54,4.54L73.077,11.405V32.58Z\" transform=\"translate(-0.882 56.319) rotate(-45)\"\/><\/g><\/svg><\/a><\/li><\/ul><\/div>\n\n\n\n<div class=\"wp-block-cover alignfull is-light mb-0 animate animate--up\" style=\"min-height:600px;aspect-ratio:unset;\"><span aria-hidden=\"true\" class=\"wp-block-cover__background has-primary-900-background-color has-background-dim\"><\/span><img decoding=\"async\" class=\"wp-block-cover__image-background wp-image-1852\" alt=\"\" src=\"https:\/\/macalloystg.wpengine.com\/wp-content\/uploads\/2021\/09\/macalloy_map-scaled.jpg\" data-object-fit=\"cover\"\/><div class=\"wp-block-cover__inner-container is-layout-flow wp-block-cover-is-layout-flow\">\n<h4 class=\"wp-block-heading has-text-align-center has-neutral-0-color has-text-color animate animate--up animate--delay-short\">Unsere Lieferkette wird \u00fcber ein internationales Netz von Macalloy-Vertretern und -H\u00e4ndlern weiter ausgebaut, um ein kontinuierliches Wachstum auf dem Weltmarkt zu gew\u00e4hrleisten<\/h4>\n<\/div><\/div>\n","protected":false},"excerpt":{"rendered":"<p>Das Macalloy 520 folgt der Tradition und bietet ein alternatives Stangensystem mit der gleichen Geometrie, dem gleichen Design und der gleichen Technologie wie das System 460. Die Fittings sind f\u00fcr die erh\u00f6hte Kapazit\u00e4t des Systems ausgelegt, das in den Durchmessern M10 bis M100 aus unlegierten Stahl erh\u00e4ltlich ist. Macalloy 520 unliegierter Stahl-System. Der Macalloy 520-Stab [&hellip;]<\/p>\n","protected":false},"author":4157,"featured_media":0,"parent":28864,"menu_order":0,"comment_status":"closed","ping_status":"closed","template":"","meta":{"footnotes":""},"class_list":["hentry","page"],"yoast_head":"<!-- This site is optimized with the Yoast SEO plugin v27.4 - https:\/\/yoast.com\/product\/yoast-seo-wordpress\/ -->\n<title>Macalloy 520 Bar System - Zugst\u00e4be und -stangen aus Kohlenstoffstahl | Macalloy<\/title>\n<meta name=\"description\" content=\"Das Macalloy 520 Tension Bar System bietet eine widerstandsf\u00e4higere Alternative zum 460. Erh\u00e4ltlich in den Durchmessern M10 - M100, oder in weiteren ma\u00dfgeschneiderten Gr\u00f6\u00dfen.\" \/>\n<meta name=\"robots\" content=\"index, follow, max-snippet:-1, max-image-preview:large, max-video-preview:-1\" \/>\n<link rel=\"canonical\" href=\"https:\/\/macalloy.com\/de\/produkte-und-dienstleistungen\/spannungs-strukturen\/macalloy-520-bar-system\/\" \/>\n<meta property=\"og:locale\" content=\"de_DE\" \/>\n<meta property=\"og:type\" content=\"article\" \/>\n<meta property=\"og:title\" content=\"Macalloy 520 Bar System - Zugst\u00e4be und -stangen aus Kohlenstoffstahl | Macalloy\" \/>\n<meta property=\"og:description\" content=\"Das Macalloy 520 Tension Bar System bietet eine widerstandsf\u00e4higere Alternative zum 460. Erh\u00e4ltlich in den Durchmessern M10 - M100, oder in weiteren ma\u00dfgeschneiderten Gr\u00f6\u00dfen.\" \/>\n<meta property=\"og:url\" content=\"https:\/\/macalloy.com\/de\/produkte-und-dienstleistungen\/spannungs-strukturen\/macalloy-520-bar-system\/\" \/>\n<meta property=\"og:site_name\" content=\"Macalloy\" \/>\n<meta property=\"article:modified_time\" content=\"2024-07-09T14:34:43+00:00\" \/>\n<meta property=\"og:image\" content=\"https:\/\/macalloystg.wpengine.com\/wp-content\/uploads\/2021\/11\/Macalloy-Tension-Structures-1-1024x777.jpg\" \/>\n<meta name=\"twitter:card\" content=\"summary_large_image\" \/>\n<meta name=\"twitter:label1\" content=\"Gesch\u00e4tzte Lesezeit\" \/>\n\t<meta name=\"twitter:data1\" content=\"2 Minuten\" \/>\n<script type=\"application\/ld+json\" class=\"yoast-schema-graph\">{\"@context\":\"https:\\\/\\\/schema.org\",\"@graph\":[{\"@type\":\"WebPage\",\"@id\":\"https:\\\/\\\/macalloy.com\\\/de\\\/produkte-und-dienstleistungen\\\/spannungs-strukturen\\\/macalloy-520-bar-system\\\/\",\"url\":\"https:\\\/\\\/macalloy.com\\\/de\\\/produkte-und-dienstleistungen\\\/spannungs-strukturen\\\/macalloy-520-bar-system\\\/\",\"name\":\"Macalloy 520 Bar System - Zugst\u00e4be und -stangen aus Kohlenstoffstahl | Macalloy\",\"isPartOf\":{\"@id\":\"https:\\\/\\\/macalloy.com\\\/de\\\/#website\"},\"primaryImageOfPage\":{\"@id\":\"https:\\\/\\\/macalloy.com\\\/de\\\/produkte-und-dienstleistungen\\\/spannungs-strukturen\\\/macalloy-520-bar-system\\\/#primaryimage\"},\"image\":{\"@id\":\"https:\\\/\\\/macalloy.com\\\/de\\\/produkte-und-dienstleistungen\\\/spannungs-strukturen\\\/macalloy-520-bar-system\\\/#primaryimage\"},\"thumbnailUrl\":\"https:\\\/\\\/macalloystg.wpengine.com\\\/wp-content\\\/uploads\\\/2021\\\/11\\\/Macalloy-Tension-Structures-1-1024x777.jpg\",\"datePublished\":\"2023-11-20T13:08:58+00:00\",\"dateModified\":\"2024-07-09T14:34:43+00:00\",\"description\":\"Das Macalloy 520 Tension Bar System bietet eine widerstandsf\u00e4higere Alternative zum 460. Erh\u00e4ltlich in den Durchmessern M10 - M100, oder in weiteren ma\u00dfgeschneiderten Gr\u00f6\u00dfen.\",\"breadcrumb\":{\"@id\":\"https:\\\/\\\/macalloy.com\\\/de\\\/produkte-und-dienstleistungen\\\/spannungs-strukturen\\\/macalloy-520-bar-system\\\/#breadcrumb\"},\"inLanguage\":\"de-DE\",\"potentialAction\":[{\"@type\":\"ReadAction\",\"target\":[\"https:\\\/\\\/macalloy.com\\\/de\\\/produkte-und-dienstleistungen\\\/spannungs-strukturen\\\/macalloy-520-bar-system\\\/\"]}]},{\"@type\":\"ImageObject\",\"inLanguage\":\"de-DE\",\"@id\":\"https:\\\/\\\/macalloy.com\\\/de\\\/produkte-und-dienstleistungen\\\/spannungs-strukturen\\\/macalloy-520-bar-system\\\/#primaryimage\",\"url\":\"https:\\\/\\\/macalloystg.wpengine.com\\\/wp-content\\\/uploads\\\/2021\\\/11\\\/Macalloy-Tension-Structures-1-1024x777.jpg\",\"contentUrl\":\"https:\\\/\\\/macalloystg.wpengine.com\\\/wp-content\\\/uploads\\\/2021\\\/11\\\/Macalloy-Tension-Structures-1-1024x777.jpg\"},{\"@type\":\"BreadcrumbList\",\"@id\":\"https:\\\/\\\/macalloy.com\\\/de\\\/produkte-und-dienstleistungen\\\/spannungs-strukturen\\\/macalloy-520-bar-system\\\/#breadcrumb\",\"itemListElement\":[{\"@type\":\"ListItem\",\"position\":1,\"name\":\"Home\",\"item\":\"https:\\\/\\\/macalloy.com\\\/de\\\/startseite\\\/\"},{\"@type\":\"ListItem\",\"position\":2,\"name\":\"Produkte und Dienstleistungen\",\"item\":\"https:\\\/\\\/macalloy.com\\\/de\\\/produkte-und-dienstleistungen\\\/\"},{\"@type\":\"ListItem\",\"position\":3,\"name\":\"Spannung Strukturen\",\"item\":\"https:\\\/\\\/macalloy.com\\\/de\\\/produkte-und-dienstleistungen\\\/spannungs-strukturen\\\/\"},{\"@type\":\"ListItem\",\"position\":4,\"name\":\"Macalloy 520 Stangensystem\"}]},{\"@type\":\"WebSite\",\"@id\":\"https:\\\/\\\/macalloy.com\\\/de\\\/#website\",\"url\":\"https:\\\/\\\/macalloy.com\\\/de\\\/\",\"name\":\"Macalloy\",\"description\":\"Threaded Bar Systems Trusted Worldwide\",\"potentialAction\":[{\"@type\":\"SearchAction\",\"target\":{\"@type\":\"EntryPoint\",\"urlTemplate\":\"https:\\\/\\\/macalloy.com\\\/de\\\/?s={search_term_string}\"},\"query-input\":{\"@type\":\"PropertyValueSpecification\",\"valueRequired\":true,\"valueName\":\"search_term_string\"}}],\"inLanguage\":\"de-DE\"}]}<\/script>\n<!-- \/ Yoast SEO plugin. -->","yoast_head_json":{"title":"Macalloy 520 Bar System - Zugst\u00e4be und -stangen aus Kohlenstoffstahl | Macalloy","description":"Das Macalloy 520 Tension Bar System bietet eine widerstandsf\u00e4higere Alternative zum 460. Erh\u00e4ltlich in den Durchmessern M10 - M100, oder in weiteren ma\u00dfgeschneiderten Gr\u00f6\u00dfen.","robots":{"index":"index","follow":"follow","max-snippet":"max-snippet:-1","max-image-preview":"max-image-preview:large","max-video-preview":"max-video-preview:-1"},"canonical":"https:\/\/macalloy.com\/de\/produkte-und-dienstleistungen\/spannungs-strukturen\/macalloy-520-bar-system\/","og_locale":"de_DE","og_type":"article","og_title":"Macalloy 520 Bar System - Zugst\u00e4be und -stangen aus Kohlenstoffstahl | Macalloy","og_description":"Das Macalloy 520 Tension Bar System bietet eine widerstandsf\u00e4higere Alternative zum 460. Erh\u00e4ltlich in den Durchmessern M10 - M100, oder in weiteren ma\u00dfgeschneiderten Gr\u00f6\u00dfen.","og_url":"https:\/\/macalloy.com\/de\/produkte-und-dienstleistungen\/spannungs-strukturen\/macalloy-520-bar-system\/","og_site_name":"Macalloy","article_modified_time":"2024-07-09T14:34:43+00:00","og_image":[{"url":"https:\/\/macalloystg.wpengine.com\/wp-content\/uploads\/2021\/11\/Macalloy-Tension-Structures-1-1024x777.jpg","type":"","width":"","height":""}],"twitter_card":"summary_large_image","twitter_misc":{"Gesch\u00e4tzte Lesezeit":"2 Minuten"},"schema":{"@context":"https:\/\/schema.org","@graph":[{"@type":"WebPage","@id":"https:\/\/macalloy.com\/de\/produkte-und-dienstleistungen\/spannungs-strukturen\/macalloy-520-bar-system\/","url":"https:\/\/macalloy.com\/de\/produkte-und-dienstleistungen\/spannungs-strukturen\/macalloy-520-bar-system\/","name":"Macalloy 520 Bar System - Zugst\u00e4be und -stangen aus Kohlenstoffstahl | Macalloy","isPartOf":{"@id":"https:\/\/macalloy.com\/de\/#website"},"primaryImageOfPage":{"@id":"https:\/\/macalloy.com\/de\/produkte-und-dienstleistungen\/spannungs-strukturen\/macalloy-520-bar-system\/#primaryimage"},"image":{"@id":"https:\/\/macalloy.com\/de\/produkte-und-dienstleistungen\/spannungs-strukturen\/macalloy-520-bar-system\/#primaryimage"},"thumbnailUrl":"https:\/\/macalloystg.wpengine.com\/wp-content\/uploads\/2021\/11\/Macalloy-Tension-Structures-1-1024x777.jpg","datePublished":"2023-11-20T13:08:58+00:00","dateModified":"2024-07-09T14:34:43+00:00","description":"Das Macalloy 520 Tension Bar System bietet eine widerstandsf\u00e4higere Alternative zum 460. Erh\u00e4ltlich in den Durchmessern M10 - M100, oder in weiteren ma\u00dfgeschneiderten Gr\u00f6\u00dfen.","breadcrumb":{"@id":"https:\/\/macalloy.com\/de\/produkte-und-dienstleistungen\/spannungs-strukturen\/macalloy-520-bar-system\/#breadcrumb"},"inLanguage":"de-DE","potentialAction":[{"@type":"ReadAction","target":["https:\/\/macalloy.com\/de\/produkte-und-dienstleistungen\/spannungs-strukturen\/macalloy-520-bar-system\/"]}]},{"@type":"ImageObject","inLanguage":"de-DE","@id":"https:\/\/macalloy.com\/de\/produkte-und-dienstleistungen\/spannungs-strukturen\/macalloy-520-bar-system\/#primaryimage","url":"https:\/\/macalloystg.wpengine.com\/wp-content\/uploads\/2021\/11\/Macalloy-Tension-Structures-1-1024x777.jpg","contentUrl":"https:\/\/macalloystg.wpengine.com\/wp-content\/uploads\/2021\/11\/Macalloy-Tension-Structures-1-1024x777.jpg"},{"@type":"BreadcrumbList","@id":"https:\/\/macalloy.com\/de\/produkte-und-dienstleistungen\/spannungs-strukturen\/macalloy-520-bar-system\/#breadcrumb","itemListElement":[{"@type":"ListItem","position":1,"name":"Home","item":"https:\/\/macalloy.com\/de\/startseite\/"},{"@type":"ListItem","position":2,"name":"Produkte und Dienstleistungen","item":"https:\/\/macalloy.com\/de\/produkte-und-dienstleistungen\/"},{"@type":"ListItem","position":3,"name":"Spannung Strukturen","item":"https:\/\/macalloy.com\/de\/produkte-und-dienstleistungen\/spannungs-strukturen\/"},{"@type":"ListItem","position":4,"name":"Macalloy 520 Stangensystem"}]},{"@type":"WebSite","@id":"https:\/\/macalloy.com\/de\/#website","url":"https:\/\/macalloy.com\/de\/","name":"Macalloy","description":"Threaded Bar Systems Trusted Worldwide","potentialAction":[{"@type":"SearchAction","target":{"@type":"EntryPoint","urlTemplate":"https:\/\/macalloy.com\/de\/?s={search_term_string}"},"query-input":{"@type":"PropertyValueSpecification","valueRequired":true,"valueName":"search_term_string"}}],"inLanguage":"de-DE"}]}},"_links":{"self":[{"href":"https:\/\/macalloy.com\/de\/wp-json\/wp\/v2\/pages\/28854","targetHints":{"allow":["GET"]}}],"collection":[{"href":"https:\/\/macalloy.com\/de\/wp-json\/wp\/v2\/pages"}],"about":[{"href":"https:\/\/macalloy.com\/de\/wp-json\/wp\/v2\/types\/page"}],"author":[{"embeddable":true,"href":"https:\/\/macalloy.com\/de\/wp-json\/wp\/v2\/users\/4157"}],"replies":[{"embeddable":true,"href":"https:\/\/macalloy.com\/de\/wp-json\/wp\/v2\/comments?post=28854"}],"version-history":[{"count":0,"href":"https:\/\/macalloy.com\/de\/wp-json\/wp\/v2\/pages\/28854\/revisions"}],"up":[{"embeddable":true,"href":"https:\/\/macalloy.com\/de\/wp-json\/wp\/v2\/pages\/28864"}],"wp:attachment":[{"href":"https:\/\/macalloy.com\/de\/wp-json\/wp\/v2\/media?parent=28854"}],"curies":[{"name":"wp","href":"https:\/\/api.w.org\/{rel}","templated":true}]}}