{"id":28855,"date":"2023-11-20T13:17:49","date_gmt":"2023-11-20T13:17:49","guid":{"rendered":"https:\/\/macalloy.com\/?page_id=28855"},"modified":"2024-07-09T15:41:34","modified_gmt":"2024-07-09T14:41:34","slug":"macalloy-550-stangensystem","status":"publish","type":"page","link":"https:\/\/macalloy.com\/de\/produkte-und-dienstleistungen\/spannungs-strukturen\/macalloy-550-stangensystem\/","title":{"rendered":"Macalloy 550 Stangensystem"},"content":{"rendered":"\n<div class=\"wp-block-media-text alignfull is-stacked-on-mobile is-image-fill has-background-highlight-colour has-neutral-0-color has-primary-900-background-color has-text-color has-background\"><figure class=\"wp-block-media-text__media\" style=\"background-image:url(https:\/\/macalloystg.wpengine.com\/wp-content\/uploads\/2021\/11\/Macalloy-Tension-Structures-1-1024x777.jpg);background-position:42% 38%\"><img fetchpriority=\"high\" decoding=\"async\" width=\"1024\" height=\"777\" src=\"https:\/\/macalloystg.wpengine.com\/wp-content\/uploads\/2021\/11\/Macalloy-Tension-Structures-1-1024x777.jpg\" alt=\"\" class=\"wp-image-3096 size-full\" srcset=\"https:\/\/macalloy.com\/wp-content\/uploads\/2021\/11\/Macalloy-Tension-Structures-1-1024x777.jpg 1024w, https:\/\/macalloy.com\/wp-content\/uploads\/2021\/11\/Macalloy-Tension-Structures-1-600x455.jpg 600w, https:\/\/macalloy.com\/wp-content\/uploads\/2021\/11\/Macalloy-Tension-Structures-1-300x228.jpg 300w, https:\/\/macalloy.com\/wp-content\/uploads\/2021\/11\/Macalloy-Tension-Structures-1-768x583.jpg 768w, https:\/\/macalloy.com\/wp-content\/uploads\/2021\/11\/Macalloy-Tension-Structures-1.jpg 1350w\" sizes=\"(max-width: 1024px) 100vw, 1024px\" \/><\/figure><div class=\"wp-block-media-text__content\">\n<h5 class=\"wp-block-heading animate animate--up\">Macalloy ist stolz darauf, die Einf\u00fchrung unseres neuen Mac550 Architectural Tension System bekannt zu geben. Es ist sowohl in unlegierter Stahl als auch in Edelstahl erh\u00e4ltlich und erweitert das bestehende Sortiment um die Durchmesser M70\/80\/95 und M110\/120mm.<\/h5>\n<\/div><\/div>\n\n\n\n<div style=\"height:30px\" aria-hidden=\"true\" class=\"wp-block-spacer\"><\/div>\n\n\n\n<div class=\"wp-block-columns is-layout-flex wp-container-core-columns-is-layout-9d6595d7 wp-block-columns-is-layout-flex\">\n<div class=\"wp-block-column is-vertically-aligned-top mb-0 is-layout-flow wp-block-column-is-layout-flow\">\n<h2 class=\"wp-block-heading h4 has-primary-900-color has-text-color animate animate--right animate--delay-short\">Macalloy 550 unlegierter Stahl-System.<\/h2>\n\n\n\n<hr class=\"wp-block-separator has-text-color has-primary-900-color has-css-opacity has-primary-900-background-color has-background animate animate--right animate--delay-short\"\/>\n<\/div>\n\n\n\n<div class=\"wp-block-column is-layout-flow wp-block-column-is-layout-flow\"><\/div>\n<\/div>\n\n\n\n<div class=\"wp-block-columns is-layout-flex wp-container-core-columns-is-layout-9d6595d7 wp-block-columns-is-layout-flex\">\n<div class=\"wp-block-column is-vertically-aligned-top is-layout-flow wp-block-column-is-layout-flow\">\n<p class=\"animate animate animate--delay-short\">Im Laufe der Jahre hat MACALLOY Ingenieure dabei unterst\u00fctzt, innovative L\u00f6sungen f\u00fcr statische, quasistatische oder erm\u00fcdungsbelastete Anwendungen zu finden. Mit dem neuen Mac550 System kann Macalloy ein System mit h\u00f6herer Kapazit\u00e4t, erheblichen Kosteneinsparungen und einer gr\u00f6\u00dferen Auswahl an Durchmessern anbieten.<\/p>\n<\/div>\n\n\n\n<div class=\"wp-block-column is-layout-flow wp-block-column-is-layout-flow\">\n<p class=\"animate animate animate--delay-short\">Macalloy Tensile products can deal with the demanding work life of the new generation of multi-purpose bridges.Die Produkte von Macalloy Tensile sind f\u00fcr die anspruchsvolle Lebensdauer der neuen Generation von Mehrzweckbr\u00fccken geeignet. <\/p>\n\n\n\n<p class=\"animate animate animate--delay-short\">Macalloy hat sich dem Kauf von &#8220;gr\u00fcnem Stahl&#8221; verschrieben, um unsere Umwelt zu sch\u00fctzen und die Kohlenstoffemissionen zu reduzieren. Unser Herstellungsprozess basiert auf recyceltem Stahlschrott und einem nordischen, fossilfreien Strommix. Infolgedessen ist der Kohlenstoff-Fu\u00dfabdruck unseres Stabstahls um ganze 80 Prozent niedriger als der weltweite Durchschnitt.<\/p>\n<\/div>\n<\/div>\n\n\n\n<div class=\"wp-block-columns is-layout-flex wp-container-core-columns-is-layout-9d6595d7 wp-block-columns-is-layout-flex\">\n<div class=\"wp-block-column is-vertically-aligned-top mb-0 is-layout-flow wp-block-column-is-layout-flow\">\n<h2 class=\"wp-block-heading h4 has-primary-900-color has-text-color animate animate--right animate--delay-short\">Vorteile des neuen Mac550 Architektonisches<br>Mac550 Architektonisches<br>Spannsystem.<\/h2>\n\n\n\n<hr class=\"wp-block-separator has-text-color has-primary-900-color has-css-opacity has-primary-900-background-color has-background animate animate--right animate--delay-short\"\/>\n<\/div>\n\n\n\n<div class=\"wp-block-column is-layout-flow wp-block-column-is-layout-flow\"><\/div>\n<\/div>\n\n\n\n<div class=\"wp-block-columns animate animate--up animate--delay-short is-layout-flex wp-container-core-columns-is-layout-9d6595d7 wp-block-columns-is-layout-flex\">\n<div class=\"wp-block-column animate animate--delay-short is-layout-flow wp-block-column-is-layout-flow\">\n<p>Das neue Mac550-System bietet eine h\u00f6here Streckgrenze und Endfestigkeit als das Mac460\/520-System, sowohl in rostfreiem als auch in unlegiertem Stahl.<\/p>\n\n\n\n<p>Das neue Mac550-System ist aufgrund des geringeren Stabdurchmessers leichter und einfacher zu installieren.<\/p>\n\n\n\n<p>Das Mac550 System nutzt auch die Macalloy TechnoTensioner L\u00f6sung f\u00fcr das &#8220;in-line&#8221; Spannen von Vorspannlasten in Zugst\u00e4ben sowie die Last\u00fcberwachung nach der Installation.<\/p>\n\n\n\n<p>Macalloy verf\u00fcgt \u00fcber eine umfangreiche Flotte von Vorspannger\u00e4ten, die f\u00fcr die meisten Anforderungen ausgelegt sind, und kann ma\u00dfgeschneiderte Ger\u00e4te f\u00fcr Spezialanwendungen entwickeln. Das Team des <a href=\"https:\/\/macalloy.com\/de\/produkte-und-dienstleistungen\/site-services\/\">Macalloy-Baustellenservice<\/a> bietet<a href=\"https:\/\/macalloy.com\/de\/produkte-und-dienstleistungen\/site-services\/\"> <\/a>Unterst\u00fctzung, Schulung, Beratung und \u00dcberwachung beim Spannen.<\/p>\n<\/div>\n\n\n\n<div class=\"wp-block-column animate animate--delay-short is-layout-flow wp-block-column-is-layout-flow\">\n<p>Das neue Mac550-System bietet einen geringeren Stangendurchmesser und erhebliche Kosteneinsparungen.<\/p>\n\n\n\n<p>Die neue Mac550 bietet jetzt gr\u00f6\u00dfere Durchmesser von 110\/120 mm und nutzt die Technologie der gerollten Gewinde.<\/p>\n\n\n\n<p>Korrosionsschutz ist f\u00fcr Macalloy-Zugstangen erh\u00e4ltlich. Macalloy bietet Schutz durch eine Vielzahl verschiedener Beschichtungen f\u00fcr unterschiedliche Umgebungen, wie z.B. Feuerverzinkung bis hin zu C2\/C3-Lackierung, Pulverbeschichtung und Edelstahl in einer Reihe von Ausf\u00fchrungen.<\/p>\n\n\n\n<p><a href=\"https:\/\/macalloy.com\/contact\/\">Wenden Sie sich noch heute an einen Macalloy-Vertreter<\/a>, um alles \u00fcber Zugstangen und St\u00e4be f\u00fcr architektonische Strukturen zu besprechen<\/p>\n<\/div>\n<\/div>\n\n\n\n<div class=\"wp-block-media-text alignwide is-stacked-on-mobile is-image-fill has-primary-900-background-color has-background\"><figure class=\"wp-block-media-text__media\" style=\"background-image:url(https:\/\/macalloy.com\/wp-content\/uploads\/2022\/07\/Doha-Airport-Macalloy-768x1024.jpg);background-position:54% 66%\"><img decoding=\"async\" width=\"768\" height=\"1024\" src=\"https:\/\/macalloy.com\/wp-content\/uploads\/2022\/07\/Doha-Airport-Macalloy-768x1024.jpg\" alt=\"\" class=\"wp-image-3598 size-full\" srcset=\"https:\/\/macalloy.com\/wp-content\/uploads\/2022\/07\/Doha-Airport-Macalloy-768x1024.jpg 768w, https:\/\/macalloy.com\/wp-content\/uploads\/2022\/07\/Doha-Airport-Macalloy-600x800.jpg 600w, https:\/\/macalloy.com\/wp-content\/uploads\/2022\/07\/Doha-Airport-Macalloy-225x300.jpg 225w, https:\/\/macalloy.com\/wp-content\/uploads\/2022\/07\/Doha-Airport-Macalloy-1152x1536.jpg 1152w, https:\/\/macalloy.com\/wp-content\/uploads\/2022\/07\/Doha-Airport-Macalloy.jpg 1440w\" sizes=\"(max-width: 768px) 100vw, 768px\" \/><\/figure><div class=\"wp-block-media-text__content\">\n<h3 class=\"wp-block-heading h5 has-neutral-0-color has-text-color\">Doha International Airport<\/h3>\n\n\n\n<p class=\"has-neutral-0-color has-text-color\">Der auch als &#8220;Hamad International Airport&#8221; bekannte neue internationale Flughafen von Doha ist die Heimat der katarischen Fluggesellschaften und kann j\u00e4hrlich 29 Millionen Besucher abfertigen. Bei diesem Projekt lieferte Macalloy rostfreie Seile, die die Glasfassaden st\u00fctzen, sowie rostfreie 24-mm-Hochleistungsspannglieder.<\/p>\n\n\n\n<div class=\"wp-block-buttons is-content-justification-left is-layout-flex wp-container-core-buttons-is-layout-fdcfc74e wp-block-buttons-is-layout-flex\">\n<div class=\"wp-block-button h5 is-style-underline\"><a class=\"wp-block-button__link has-neutral-0-color has-text-color wp-element-button\" href=\"https:\/\/macalloy.com\/projects\/\">Projekte<\/a><\/div>\n<\/div>\n<\/div><\/div>\n\n\n\n<div style=\"height:50px\" aria-hidden=\"true\" class=\"wp-block-spacer\"><\/div>\n\n\n<div class=\"post__sharing animate animate--up animate--delay-long\"><strong class=\"sharing__title\">Share<\/strong><ul class=\"sharing__list\"><li class=\"sharing__item\"><a class=\"sharing__link sharing__link--facebook js-share\" href=\"https:\/\/www.facebook.com\/sharer\/sharer.php?u=https%3A%2F%2Fmacalloy.com%2Fde%2Fprodukte-und-dienstleistungen%2Fspannungs-strukturen%2Fmacalloy-550-stangensystem%2F\">Facebook <svg xmlns=\"http:\/\/www.w3.org\/2000\/svg\" xmlns:xlink=\"http:\/\/www.w3.org\/1999\/xlink\" width=\"100\" height=\"100\" viewBox=\"0 0 100 100\"><g transform=\"translate(51.909 -29.171) rotate(45)\"><path d=\"M78.4,33.1,78.959,0,45.815,1.351l.3,5.515H68.537L0,75.4l4.54,4.54L73.077,11.405V32.58Z\" transform=\"translate(-0.882 56.319) rotate(-45)\"\/><\/g><\/svg><\/a><\/li><li class=\"sharing__item\"><a class=\"sharing__link sharing__link--twitter js-share\" href=\"https:\/\/twitter.com\/intent\/tweet?url=https%3A%2F%2Fmacalloy.com%2Fde%2Fprodukte-und-dienstleistungen%2Fspannungs-strukturen%2Fmacalloy-550-stangensystem%2F&text=Macalloy+ist+stolz+darauf%2C+die+Einf%C3%BChrung+unseres+neuen+Mac550+Architectural+Tension+System+bekannt+zu+geben.+Es+ist+sowohl+in+unlegierter+Stahl+als+auch+in+Edelstahl+erh%C3%A4ltlich+und+erweitert+das+bestehende+Sortiment+um+die+Durchmesser+M70%2F80%2F95+und+M110%2F120mm.+Macalloy+550+unlegierter+Stahl-System.+Im+Laufe+der+Jahre+hat+MACALLOY+Ingenieure+dabei+unterst%C3%BCtzt%2C+innovative+L%C3%B6sungen+f%C3%BCr+statische%2C+quasistatische+%5B%26hellip%3B%5D\">Twitter <svg xmlns=\"http:\/\/www.w3.org\/2000\/svg\" xmlns:xlink=\"http:\/\/www.w3.org\/1999\/xlink\" width=\"100\" height=\"100\" viewBox=\"0 0 100 100\"><g transform=\"translate(51.909 -29.171) rotate(45)\"><path d=\"M78.4,33.1,78.959,0,45.815,1.351l.3,5.515H68.537L0,75.4l4.54,4.54L73.077,11.405V32.58Z\" transform=\"translate(-0.882 56.319) rotate(-45)\"\/><\/g><\/svg><\/a><\/li><li class=\"sharing__item\"><a class=\"sharing__link sharing__link--linkedin js-share\" href=\"https:\/\/www.linkedin.com\/shareArticle?mini=true&url=https%3A%2F%2Fmacalloy.com%2Fde%2Fprodukte-und-dienstleistungen%2Fspannungs-strukturen%2Fmacalloy-550-stangensystem%2F&title=LinkedIn&summary=Macalloy+ist+stolz+darauf%2C+die+Einf%C3%BChrung+unseres+neuen+Mac550+Architectural+Tension+System+bekannt+zu+geben.+Es+ist+sowohl+in+unlegierter+Stahl+als+auch+in+Edelstahl+erh%C3%A4ltlich+und+erweitert+das+bestehende+Sortiment+um+die+Durchmesser+M70%2F80%2F95+und+M110%2F120mm.+Macalloy+550+unlegierter+Stahl-System.+Im+Laufe+der+Jahre+hat+MACALLOY+Ingenieure+dabei+unterst%C3%BCtzt%2C+innovative+L%C3%B6sungen+f%C3%BCr+statische%2C+quasistatische+%5B%26hellip%3B%5D&source=LinkedIn\">LinkedIn <svg xmlns=\"http:\/\/www.w3.org\/2000\/svg\" xmlns:xlink=\"http:\/\/www.w3.org\/1999\/xlink\" width=\"100\" height=\"100\" viewBox=\"0 0 100 100\"><g transform=\"translate(51.909 -29.171) rotate(45)\"><path d=\"M78.4,33.1,78.959,0,45.815,1.351l.3,5.515H68.537L0,75.4l4.54,4.54L73.077,11.405V32.58Z\" transform=\"translate(-0.882 56.319) rotate(-45)\"\/><\/g><\/svg><\/a><\/li><\/ul><\/div>\n\n\n\n<div class=\"wp-block-cover alignfull is-light mb-0 animate animate--up\" style=\"min-height:600px;aspect-ratio:unset;\"><span aria-hidden=\"true\" class=\"wp-block-cover__background has-primary-900-background-color has-background-dim\"><\/span><img decoding=\"async\" class=\"wp-block-cover__image-background wp-image-1852\" alt=\"\" src=\"https:\/\/macalloystg.wpengine.com\/wp-content\/uploads\/2021\/09\/macalloy_map-scaled.jpg\" data-object-fit=\"cover\"\/><div class=\"wp-block-cover__inner-container is-layout-flow wp-block-cover-is-layout-flow\">\n<h4 class=\"wp-block-heading has-text-align-center has-neutral-0-color has-text-color animate animate--up animate--delay-short\">Unsere Lieferkette wird \u00fcber ein internationales Netz von Macalloy-Vertretern und -H\u00e4ndlern weiter ausgebaut, um ein kontinuierliches Wachstum auf dem Weltmarkt zu gew\u00e4hrleisten<\/h4>\n<\/div><\/div>\n","protected":false},"excerpt":{"rendered":"<p>Macalloy ist stolz darauf, die Einf\u00fchrung unseres neuen Mac550 Architectural Tension System bekannt zu geben. Es ist sowohl in unlegierter Stahl als auch in Edelstahl erh\u00e4ltlich und erweitert das bestehende Sortiment um die Durchmesser M70\/80\/95 und M110\/120mm. Macalloy 550 unlegierter Stahl-System. Im Laufe der Jahre hat MACALLOY Ingenieure dabei unterst\u00fctzt, innovative L\u00f6sungen f\u00fcr statische, quasistatische [&hellip;]<\/p>\n","protected":false},"author":4157,"featured_media":0,"parent":28864,"menu_order":0,"comment_status":"closed","ping_status":"closed","template":"","meta":{"footnotes":""},"class_list":["hentry","page"],"yoast_head":"<!-- This site is optimized with the Yoast SEO plugin v27.5 - https:\/\/yoast.com\/product\/yoast-seo-wordpress\/ -->\n<title>Macalloy 550 Bar System - Zugst\u00e4be und -stangen aus Kohlenstoffstahl | Macalloy<\/title>\n<meta name=\"description\" content=\"Das Macalloy 550 Tension Bar System bietet eine gr\u00f6\u00dfere Auswahl an Durchmessern. Mit M70\/80\/95 und M110\/120mm wird das bestehende Sortiment erweitert.\" \/>\n<meta name=\"robots\" content=\"index, follow, max-snippet:-1, max-image-preview:large, max-video-preview:-1\" \/>\n<link rel=\"canonical\" href=\"https:\/\/macalloy.com\/de\/produkte-und-dienstleistungen\/spannungs-strukturen\/macalloy-550-stangensystem\/\" \/>\n<meta property=\"og:locale\" content=\"de_DE\" \/>\n<meta property=\"og:type\" content=\"article\" \/>\n<meta property=\"og:title\" content=\"Macalloy 550 Bar System - Zugst\u00e4be und -stangen aus Kohlenstoffstahl | Macalloy\" \/>\n<meta property=\"og:description\" content=\"Das Macalloy 550 Tension Bar System bietet eine gr\u00f6\u00dfere Auswahl an Durchmessern. Mit M70\/80\/95 und M110\/120mm wird das bestehende Sortiment erweitert.\" \/>\n<meta property=\"og:url\" content=\"https:\/\/macalloy.com\/de\/produkte-und-dienstleistungen\/spannungs-strukturen\/macalloy-550-stangensystem\/\" \/>\n<meta property=\"og:site_name\" content=\"Macalloy\" \/>\n<meta property=\"article:modified_time\" content=\"2024-07-09T14:41:34+00:00\" \/>\n<meta property=\"og:image\" content=\"https:\/\/macalloystg.wpengine.com\/wp-content\/uploads\/2021\/11\/Macalloy-Tension-Structures-1-1024x777.jpg\" \/>\n<meta name=\"twitter:card\" content=\"summary_large_image\" \/>\n<meta name=\"twitter:label1\" content=\"Gesch\u00e4tzte Lesezeit\" \/>\n\t<meta name=\"twitter:data1\" content=\"2 Minuten\" \/>\n<script type=\"application\/ld+json\" class=\"yoast-schema-graph\">{\"@context\":\"https:\\\/\\\/schema.org\",\"@graph\":[{\"@type\":\"WebPage\",\"@id\":\"https:\\\/\\\/macalloy.com\\\/de\\\/produkte-und-dienstleistungen\\\/spannungs-strukturen\\\/macalloy-550-stangensystem\\\/\",\"url\":\"https:\\\/\\\/macalloy.com\\\/de\\\/produkte-und-dienstleistungen\\\/spannungs-strukturen\\\/macalloy-550-stangensystem\\\/\",\"name\":\"Macalloy 550 Bar System - Zugst\u00e4be und -stangen aus Kohlenstoffstahl | Macalloy\",\"isPartOf\":{\"@id\":\"https:\\\/\\\/macalloy.com\\\/de\\\/#website\"},\"primaryImageOfPage\":{\"@id\":\"https:\\\/\\\/macalloy.com\\\/de\\\/produkte-und-dienstleistungen\\\/spannungs-strukturen\\\/macalloy-550-stangensystem\\\/#primaryimage\"},\"image\":{\"@id\":\"https:\\\/\\\/macalloy.com\\\/de\\\/produkte-und-dienstleistungen\\\/spannungs-strukturen\\\/macalloy-550-stangensystem\\\/#primaryimage\"},\"thumbnailUrl\":\"https:\\\/\\\/macalloystg.wpengine.com\\\/wp-content\\\/uploads\\\/2021\\\/11\\\/Macalloy-Tension-Structures-1-1024x777.jpg\",\"datePublished\":\"2023-11-20T13:17:49+00:00\",\"dateModified\":\"2024-07-09T14:41:34+00:00\",\"description\":\"Das Macalloy 550 Tension Bar System bietet eine gr\u00f6\u00dfere Auswahl an Durchmessern. Mit M70\\\/80\\\/95 und M110\\\/120mm wird das bestehende Sortiment erweitert.\",\"breadcrumb\":{\"@id\":\"https:\\\/\\\/macalloy.com\\\/de\\\/produkte-und-dienstleistungen\\\/spannungs-strukturen\\\/macalloy-550-stangensystem\\\/#breadcrumb\"},\"inLanguage\":\"de-DE\",\"potentialAction\":[{\"@type\":\"ReadAction\",\"target\":[\"https:\\\/\\\/macalloy.com\\\/de\\\/produkte-und-dienstleistungen\\\/spannungs-strukturen\\\/macalloy-550-stangensystem\\\/\"]}]},{\"@type\":\"ImageObject\",\"inLanguage\":\"de-DE\",\"@id\":\"https:\\\/\\\/macalloy.com\\\/de\\\/produkte-und-dienstleistungen\\\/spannungs-strukturen\\\/macalloy-550-stangensystem\\\/#primaryimage\",\"url\":\"https:\\\/\\\/macalloystg.wpengine.com\\\/wp-content\\\/uploads\\\/2021\\\/11\\\/Macalloy-Tension-Structures-1-1024x777.jpg\",\"contentUrl\":\"https:\\\/\\\/macalloystg.wpengine.com\\\/wp-content\\\/uploads\\\/2021\\\/11\\\/Macalloy-Tension-Structures-1-1024x777.jpg\"},{\"@type\":\"BreadcrumbList\",\"@id\":\"https:\\\/\\\/macalloy.com\\\/de\\\/produkte-und-dienstleistungen\\\/spannungs-strukturen\\\/macalloy-550-stangensystem\\\/#breadcrumb\",\"itemListElement\":[{\"@type\":\"ListItem\",\"position\":1,\"name\":\"Home\",\"item\":\"https:\\\/\\\/macalloy.com\\\/de\\\/startseite\\\/\"},{\"@type\":\"ListItem\",\"position\":2,\"name\":\"Produkte und Dienstleistungen\",\"item\":\"https:\\\/\\\/macalloy.com\\\/de\\\/produkte-und-dienstleistungen\\\/\"},{\"@type\":\"ListItem\",\"position\":3,\"name\":\"Spannung Strukturen\",\"item\":\"https:\\\/\\\/macalloy.com\\\/de\\\/produkte-und-dienstleistungen\\\/spannungs-strukturen\\\/\"},{\"@type\":\"ListItem\",\"position\":4,\"name\":\"Macalloy 550 Stangensystem\"}]},{\"@type\":\"WebSite\",\"@id\":\"https:\\\/\\\/macalloy.com\\\/de\\\/#website\",\"url\":\"https:\\\/\\\/macalloy.com\\\/de\\\/\",\"name\":\"Macalloy\",\"description\":\"Threaded Bar Systems Trusted Worldwide\",\"potentialAction\":[{\"@type\":\"SearchAction\",\"target\":{\"@type\":\"EntryPoint\",\"urlTemplate\":\"https:\\\/\\\/macalloy.com\\\/de\\\/?s={search_term_string}\"},\"query-input\":{\"@type\":\"PropertyValueSpecification\",\"valueRequired\":true,\"valueName\":\"search_term_string\"}}],\"inLanguage\":\"de-DE\"}]}<\/script>\n<!-- \/ Yoast SEO plugin. -->","yoast_head_json":{"title":"Macalloy 550 Bar System - Zugst\u00e4be und -stangen aus Kohlenstoffstahl | Macalloy","description":"Das Macalloy 550 Tension Bar System bietet eine gr\u00f6\u00dfere Auswahl an Durchmessern. Mit M70\/80\/95 und M110\/120mm wird das bestehende Sortiment erweitert.","robots":{"index":"index","follow":"follow","max-snippet":"max-snippet:-1","max-image-preview":"max-image-preview:large","max-video-preview":"max-video-preview:-1"},"canonical":"https:\/\/macalloy.com\/de\/produkte-und-dienstleistungen\/spannungs-strukturen\/macalloy-550-stangensystem\/","og_locale":"de_DE","og_type":"article","og_title":"Macalloy 550 Bar System - Zugst\u00e4be und -stangen aus Kohlenstoffstahl | Macalloy","og_description":"Das Macalloy 550 Tension Bar System bietet eine gr\u00f6\u00dfere Auswahl an Durchmessern. Mit M70\/80\/95 und M110\/120mm wird das bestehende Sortiment erweitert.","og_url":"https:\/\/macalloy.com\/de\/produkte-und-dienstleistungen\/spannungs-strukturen\/macalloy-550-stangensystem\/","og_site_name":"Macalloy","article_modified_time":"2024-07-09T14:41:34+00:00","og_image":[{"url":"https:\/\/macalloystg.wpengine.com\/wp-content\/uploads\/2021\/11\/Macalloy-Tension-Structures-1-1024x777.jpg","type":"","width":"","height":""}],"twitter_card":"summary_large_image","twitter_misc":{"Gesch\u00e4tzte Lesezeit":"2 Minuten"},"schema":{"@context":"https:\/\/schema.org","@graph":[{"@type":"WebPage","@id":"https:\/\/macalloy.com\/de\/produkte-und-dienstleistungen\/spannungs-strukturen\/macalloy-550-stangensystem\/","url":"https:\/\/macalloy.com\/de\/produkte-und-dienstleistungen\/spannungs-strukturen\/macalloy-550-stangensystem\/","name":"Macalloy 550 Bar System - Zugst\u00e4be und -stangen aus Kohlenstoffstahl | Macalloy","isPartOf":{"@id":"https:\/\/macalloy.com\/de\/#website"},"primaryImageOfPage":{"@id":"https:\/\/macalloy.com\/de\/produkte-und-dienstleistungen\/spannungs-strukturen\/macalloy-550-stangensystem\/#primaryimage"},"image":{"@id":"https:\/\/macalloy.com\/de\/produkte-und-dienstleistungen\/spannungs-strukturen\/macalloy-550-stangensystem\/#primaryimage"},"thumbnailUrl":"https:\/\/macalloystg.wpengine.com\/wp-content\/uploads\/2021\/11\/Macalloy-Tension-Structures-1-1024x777.jpg","datePublished":"2023-11-20T13:17:49+00:00","dateModified":"2024-07-09T14:41:34+00:00","description":"Das Macalloy 550 Tension Bar System bietet eine gr\u00f6\u00dfere Auswahl an Durchmessern. Mit M70\/80\/95 und M110\/120mm wird das bestehende Sortiment erweitert.","breadcrumb":{"@id":"https:\/\/macalloy.com\/de\/produkte-und-dienstleistungen\/spannungs-strukturen\/macalloy-550-stangensystem\/#breadcrumb"},"inLanguage":"de-DE","potentialAction":[{"@type":"ReadAction","target":["https:\/\/macalloy.com\/de\/produkte-und-dienstleistungen\/spannungs-strukturen\/macalloy-550-stangensystem\/"]}]},{"@type":"ImageObject","inLanguage":"de-DE","@id":"https:\/\/macalloy.com\/de\/produkte-und-dienstleistungen\/spannungs-strukturen\/macalloy-550-stangensystem\/#primaryimage","url":"https:\/\/macalloystg.wpengine.com\/wp-content\/uploads\/2021\/11\/Macalloy-Tension-Structures-1-1024x777.jpg","contentUrl":"https:\/\/macalloystg.wpengine.com\/wp-content\/uploads\/2021\/11\/Macalloy-Tension-Structures-1-1024x777.jpg"},{"@type":"BreadcrumbList","@id":"https:\/\/macalloy.com\/de\/produkte-und-dienstleistungen\/spannungs-strukturen\/macalloy-550-stangensystem\/#breadcrumb","itemListElement":[{"@type":"ListItem","position":1,"name":"Home","item":"https:\/\/macalloy.com\/de\/startseite\/"},{"@type":"ListItem","position":2,"name":"Produkte und Dienstleistungen","item":"https:\/\/macalloy.com\/de\/produkte-und-dienstleistungen\/"},{"@type":"ListItem","position":3,"name":"Spannung Strukturen","item":"https:\/\/macalloy.com\/de\/produkte-und-dienstleistungen\/spannungs-strukturen\/"},{"@type":"ListItem","position":4,"name":"Macalloy 550 Stangensystem"}]},{"@type":"WebSite","@id":"https:\/\/macalloy.com\/de\/#website","url":"https:\/\/macalloy.com\/de\/","name":"Macalloy","description":"Threaded Bar Systems Trusted Worldwide","potentialAction":[{"@type":"SearchAction","target":{"@type":"EntryPoint","urlTemplate":"https:\/\/macalloy.com\/de\/?s={search_term_string}"},"query-input":{"@type":"PropertyValueSpecification","valueRequired":true,"valueName":"search_term_string"}}],"inLanguage":"de-DE"}]}},"_links":{"self":[{"href":"https:\/\/macalloy.com\/de\/wp-json\/wp\/v2\/pages\/28855","targetHints":{"allow":["GET"]}}],"collection":[{"href":"https:\/\/macalloy.com\/de\/wp-json\/wp\/v2\/pages"}],"about":[{"href":"https:\/\/macalloy.com\/de\/wp-json\/wp\/v2\/types\/page"}],"author":[{"embeddable":true,"href":"https:\/\/macalloy.com\/de\/wp-json\/wp\/v2\/users\/4157"}],"replies":[{"embeddable":true,"href":"https:\/\/macalloy.com\/de\/wp-json\/wp\/v2\/comments?post=28855"}],"version-history":[{"count":0,"href":"https:\/\/macalloy.com\/de\/wp-json\/wp\/v2\/pages\/28855\/revisions"}],"up":[{"embeddable":true,"href":"https:\/\/macalloy.com\/de\/wp-json\/wp\/v2\/pages\/28864"}],"wp:attachment":[{"href":"https:\/\/macalloy.com\/de\/wp-json\/wp\/v2\/media?parent=28855"}],"curies":[{"name":"wp","href":"https:\/\/api.w.org\/{rel}","templated":true}]}}