{"id":28858,"date":"2023-11-20T13:30:04","date_gmt":"2023-11-20T13:30:04","guid":{"rendered":"https:\/\/macalloy.com\/?page_id=28858"},"modified":"2024-07-11T10:40:25","modified_gmt":"2024-07-11T09:40:25","slug":"macalloy-s460-stangensystem","status":"publish","type":"page","link":"https:\/\/macalloy.com\/de\/produkte-und-dienstleistungen\/spannungs-strukturen\/macalloy-s460-stangensystem\/","title":{"rendered":"Macalloy S460 Stangensystem"},"content":{"rendered":"\n<div class=\"wp-block-media-text alignfull is-stacked-on-mobile is-image-fill has-background-highlight-colour has-neutral-0-color has-primary-900-background-color has-text-color has-background\"><figure class=\"wp-block-media-text__media\" style=\"background-image:url(https:\/\/macalloystg.wpengine.com\/wp-content\/uploads\/2021\/11\/Macalloy-Tension-Structures-1-1024x777.jpg);background-position:42% 38%\"><img fetchpriority=\"high\" decoding=\"async\" width=\"1024\" height=\"777\" src=\"https:\/\/macalloystg.wpengine.com\/wp-content\/uploads\/2021\/11\/Macalloy-Tension-Structures-1-1024x777.jpg\" alt=\"\" class=\"wp-image-3096 size-full\" srcset=\"https:\/\/macalloy.com\/wp-content\/uploads\/2021\/11\/Macalloy-Tension-Structures-1-1024x777.jpg 1024w, https:\/\/macalloy.com\/wp-content\/uploads\/2021\/11\/Macalloy-Tension-Structures-1-600x455.jpg 600w, https:\/\/macalloy.com\/wp-content\/uploads\/2021\/11\/Macalloy-Tension-Structures-1-300x228.jpg 300w, https:\/\/macalloy.com\/wp-content\/uploads\/2021\/11\/Macalloy-Tension-Structures-1-768x583.jpg 768w, https:\/\/macalloy.com\/wp-content\/uploads\/2021\/11\/Macalloy-Tension-Structures-1.jpg 1350w\" sizes=\"(max-width: 1024px) 100vw, 1024px\" \/><\/figure><div class=\"wp-block-media-text__content\">\n<h5 class=\"wp-block-heading animate animate--up\">Macalloy S460 ist ein austenitischer rostfreier Stahl, der aus hochfesten rostfreien St\u00e4hlen ausgew\u00e4hlt wurde, um ein optimales Gleichgewicht zwischen Festigkeit, Haltbarkeit und Aussehen zu erreichen. Austenitischer rostfreier Stahl hat hervorragende Charpy-V-Kerbschlagz\u00e4higkeitseigenschaften.<\/h5>\n<\/div><\/div>\n\n\n\n<div style=\"height:30px\" aria-hidden=\"true\" class=\"wp-block-spacer\"><\/div>\n\n\n\n<div class=\"wp-block-columns is-layout-flex wp-container-core-columns-is-layout-9d6595d7 wp-block-columns-is-layout-flex\">\n<div class=\"wp-block-column is-vertically-aligned-top mb-0 is-layout-flow wp-block-column-is-layout-flow\">\n<h2 class=\"wp-block-heading h4 has-primary-900-color has-text-color animate animate--right\">Macalloy S460<br>Rostfreier Stabstahl.<\/h2>\n\n\n\n<hr class=\"wp-block-separator has-text-color has-primary-900-color has-css-opacity has-primary-900-background-color has-background animate animate--right animate--delay-short\"\/>\n<\/div>\n\n\n\n<div class=\"wp-block-column is-layout-flow wp-block-column-is-layout-flow\"><\/div>\n<\/div>\n\n\n\n<div class=\"wp-block-columns is-layout-flex wp-container-core-columns-is-layout-9d6595d7 wp-block-columns-is-layout-flex\">\n<div class=\"wp-block-column is-vertically-aligned-top is-layout-flow wp-block-column-is-layout-flow\">\n<p class=\"no-mt\">Macalloy S460-St\u00e4be weisen die folgenden mechanischen Eigenschaften auf:<\/p>\n\n\n\n<ul class=\"wp-block-list\">\n<li>Mindeststreckspannung 460 N\/mm2<\/li>\n\n\n\n<li>Mindest-Bruchspannung 610 N\/mm2<\/li>\n\n\n\n<li>Minimale Dehnung 15%<\/li>\n\n\n\n<li>Mindest-Schlagz\u00e4higkeit 27J @-20\u00b0C<\/li>\n\n\n\n<li>Nomineller Elastizit\u00e4tsmodul 190 kN\/mm2<\/li>\n<\/ul>\n\n\n\n<p>Das System wird standardm\u00e4\u00dfig in den Durchmessern M10 bis M76 geliefert. Die St\u00e4be sind in Standardl\u00e4ngen von 6 m erh\u00e4ltlich. Gr\u00f6\u00dfere L\u00e4ngen sind auf Anfrage erh\u00e4ltlich.<\/p>\n<\/div>\n\n\n\n<div class=\"wp-block-column is-layout-flow wp-block-column-is-layout-flow\">\n<p>Anpassungen innerhalb jeder Gabel oder Augenlasche sind:<\/p>\n\n\n\n<ul class=\"wp-block-list\">\n<li>M10 bis M56: +\/- 1\/2 Gewindedurchmesser<\/li>\n\n\n\n<li>M64 bis M100: +\/-25mm<\/li>\n<\/ul>\n\n\n\n<p>Spannschl\u00f6sser erm\u00f6glichen zus\u00e4tzliche Einstellungen von:<\/p>\n\n\n\n<ul class=\"wp-block-list\">\n<li>M10 bis M24: +\/-25mm<\/li>\n\n\n\n<li>M30 bis M100: +\/-50mm<\/li>\n<\/ul>\n\n\n\n<p><\/p>\n<\/div>\n<\/div>\n\n\n\n<div class=\"wp-block-columns animate animate--up animate--delay-short is-layout-flex wp-container-core-columns-is-layout-9d6595d7 wp-block-columns-is-layout-flex\">\n<div class=\"wp-block-column is-layout-flow wp-block-column-is-layout-flow\">\n<h5 class=\"wp-block-heading has-primary-900-color has-text-color\">Rostfreie Oberfl\u00e4che<\/h5>\n\n\n\n<p>Alle Komponenten des Macalloy S460-Stangensystems werden standardm\u00e4\u00dfig mit einer polierten Oberfl\u00e4che der K\u00f6rnung 220 (N3) geliefert. Auf Anfrage kann Macalloy auch h\u00f6herwertige Oberfl\u00e4chen liefern (elektropoliert, glasperlenpoliert usw.). Bitte besprechen Sie Ihre Anforderungen mit <a href=\"https:\/\/macalloy.com\/contact\/\">unserem Verkaufsteam.<\/a><\/p>\n\n\n\n<h5 class=\"wp-block-heading has-primary-900-color has-text-color\">Isolierung<\/h5>\n\n\n\n<p>Wenn das Macalloy S460-Edelstahlsystem mit Knotenblechen aus Kohlenstoffstahl verbunden wird, wird empfohlen, eine Isolierung zu verwenden. Macalloy kann Isolierh\u00fclsen und Unterlegscheiben anbieten, um bimetallische Korrosion zu vermeiden<\/p>\n<\/div>\n\n\n\n<div class=\"wp-block-column is-layout-flow wp-block-column-is-layout-flow\">\n<h5 class=\"wp-block-heading has-primary-900-color has-text-color\">Verwendung von Edelstahl in chlorhaltigen Umgebungen<\/h5>\n\n\n\n<p>Macalloy verf\u00fcgt \u00fcber betr\u00e4chtliche Erfahrung bei der Verwendung von rostfreiem Stahl in einer chlorhaltigen Umgebung und kann Ratschl\u00e4ge zu spezifischen Sorten f\u00fcr solche Anwendungen geben. F\u00fcr weitere Informationen wenden Sie sich bitte an die technische Abteilung von Macalloy, <a href=\"technical@macalloy.com\">technical@macalloy.com<\/a><\/p>\n\n\n\n<h5 class=\"wp-block-heading has-primary-900-color has-text-color\">Europ\u00e4ische Zulassung<\/h5>\n\n\n\n<p>Das Macalloy S460-System hat eine europ\u00e4ische CE-Zulassung unter der ETA 21\/0053 f\u00fcr alle Standarddurchmesser von M10 und M76. Fragen Sie bei der Spezifikation immer nach CE-zugelassenen Systemen.<\/p>\n\n\n\n<p><a href=\"https:\/\/macalloy.com\/contact\/\">Wenden Sie sich noch heute an einen Macalloy-Vertreter<\/a>, um alles \u00fcber Zugst\u00e4be und architektonische St\u00e4be zu besprechen.<\/p>\n<\/div>\n<\/div>\n\n\n\n<div style=\"height:50px\" aria-hidden=\"true\" class=\"wp-block-spacer\"><\/div>\n\n\n<div class=\"post__sharing animate animate--up animate--delay-long\"><strong class=\"sharing__title\">Share<\/strong><ul class=\"sharing__list\"><li class=\"sharing__item\"><a class=\"sharing__link sharing__link--facebook js-share\" href=\"https:\/\/www.facebook.com\/sharer\/sharer.php?u=https%3A%2F%2Fmacalloy.com%2Fde%2Fprodukte-und-dienstleistungen%2Fspannungs-strukturen%2Fmacalloy-s460-stangensystem%2F\">Facebook <svg xmlns=\"http:\/\/www.w3.org\/2000\/svg\" xmlns:xlink=\"http:\/\/www.w3.org\/1999\/xlink\" width=\"100\" height=\"100\" viewBox=\"0 0 100 100\"><g transform=\"translate(51.909 -29.171) rotate(45)\"><path d=\"M78.4,33.1,78.959,0,45.815,1.351l.3,5.515H68.537L0,75.4l4.54,4.54L73.077,11.405V32.58Z\" transform=\"translate(-0.882 56.319) rotate(-45)\"\/><\/g><\/svg><\/a><\/li><li class=\"sharing__item\"><a class=\"sharing__link sharing__link--twitter js-share\" href=\"https:\/\/twitter.com\/intent\/tweet?url=https%3A%2F%2Fmacalloy.com%2Fde%2Fprodukte-und-dienstleistungen%2Fspannungs-strukturen%2Fmacalloy-s460-stangensystem%2F&text=Macalloy+S460+ist+ein+austenitischer+rostfreier+Stahl%2C+der+aus+hochfesten+rostfreien+St%C3%A4hlen+ausgew%C3%A4hlt+wurde%2C+um+ein+optimales+Gleichgewicht+zwischen+Festigkeit%2C+Haltbarkeit+und+Aussehen+zu+erreichen.+Austenitischer+rostfreier+Stahl+hat+hervorragende+Charpy-V-Kerbschlagz%C3%A4higkeitseigenschaften.+Macalloy+S460Rostfreier+Stabstahl.+Macalloy+S460-St%C3%A4be+weisen+die+folgenden+mechanischen+Eigenschaften+auf%3A+Das+System+wird+standardm%C3%A4%C3%9Fig+in+den+Durchmessern+M10+bis+M76+geliefert.+Die+St%C3%A4be+%5B%26hellip%3B%5D\">Twitter <svg xmlns=\"http:\/\/www.w3.org\/2000\/svg\" xmlns:xlink=\"http:\/\/www.w3.org\/1999\/xlink\" width=\"100\" height=\"100\" viewBox=\"0 0 100 100\"><g transform=\"translate(51.909 -29.171) rotate(45)\"><path d=\"M78.4,33.1,78.959,0,45.815,1.351l.3,5.515H68.537L0,75.4l4.54,4.54L73.077,11.405V32.58Z\" transform=\"translate(-0.882 56.319) rotate(-45)\"\/><\/g><\/svg><\/a><\/li><li class=\"sharing__item\"><a class=\"sharing__link sharing__link--linkedin js-share\" href=\"https:\/\/www.linkedin.com\/shareArticle?mini=true&url=https%3A%2F%2Fmacalloy.com%2Fde%2Fprodukte-und-dienstleistungen%2Fspannungs-strukturen%2Fmacalloy-s460-stangensystem%2F&title=LinkedIn&summary=Macalloy+S460+ist+ein+austenitischer+rostfreier+Stahl%2C+der+aus+hochfesten+rostfreien+St%C3%A4hlen+ausgew%C3%A4hlt+wurde%2C+um+ein+optimales+Gleichgewicht+zwischen+Festigkeit%2C+Haltbarkeit+und+Aussehen+zu+erreichen.+Austenitischer+rostfreier+Stahl+hat+hervorragende+Charpy-V-Kerbschlagz%C3%A4higkeitseigenschaften.+Macalloy+S460Rostfreier+Stabstahl.+Macalloy+S460-St%C3%A4be+weisen+die+folgenden+mechanischen+Eigenschaften+auf%3A+Das+System+wird+standardm%C3%A4%C3%9Fig+in+den+Durchmessern+M10+bis+M76+geliefert.+Die+St%C3%A4be+%5B%26hellip%3B%5D&source=LinkedIn\">LinkedIn <svg xmlns=\"http:\/\/www.w3.org\/2000\/svg\" xmlns:xlink=\"http:\/\/www.w3.org\/1999\/xlink\" width=\"100\" height=\"100\" viewBox=\"0 0 100 100\"><g transform=\"translate(51.909 -29.171) rotate(45)\"><path d=\"M78.4,33.1,78.959,0,45.815,1.351l.3,5.515H68.537L0,75.4l4.54,4.54L73.077,11.405V32.58Z\" transform=\"translate(-0.882 56.319) rotate(-45)\"\/><\/g><\/svg><\/a><\/li><\/ul><\/div>\n\n\n\n<div class=\"wp-block-cover alignfull is-light mb-0 animate animate--up\" style=\"min-height:600px;aspect-ratio:unset;\"><span aria-hidden=\"true\" class=\"wp-block-cover__background has-primary-900-background-color has-background-dim\"><\/span><img decoding=\"async\" class=\"wp-block-cover__image-background wp-image-1852\" alt=\"\" src=\"https:\/\/macalloystg.wpengine.com\/wp-content\/uploads\/2021\/09\/macalloy_map-scaled.jpg\" data-object-fit=\"cover\"\/><div class=\"wp-block-cover__inner-container is-layout-flow wp-block-cover-is-layout-flow\">\n<h4 class=\"wp-block-heading has-text-align-center has-neutral-0-color has-text-color animate animate--up animate--delay-short\">Unsere Lieferkette wird \u00fcber ein internationales Netz von Macalloy-Vertretern und -H\u00e4ndlern weiter ausgebaut, um ein kontinuierliches Wachstum auf dem Weltmarkt zu gew\u00e4hrleisten<\/h4>\n<\/div><\/div>\n","protected":false},"excerpt":{"rendered":"<p>Macalloy S460 ist ein austenitischer rostfreier Stahl, der aus hochfesten rostfreien St\u00e4hlen ausgew\u00e4hlt wurde, um ein optimales Gleichgewicht zwischen Festigkeit, Haltbarkeit und Aussehen zu erreichen. Austenitischer rostfreier Stahl hat hervorragende Charpy-V-Kerbschlagz\u00e4higkeitseigenschaften. Macalloy S460Rostfreier Stabstahl. Macalloy S460-St\u00e4be weisen die folgenden mechanischen Eigenschaften auf: Das System wird standardm\u00e4\u00dfig in den Durchmessern M10 bis M76 geliefert. Die St\u00e4be [&hellip;]<\/p>\n","protected":false},"author":4157,"featured_media":0,"parent":28864,"menu_order":0,"comment_status":"closed","ping_status":"closed","template":"","meta":{"footnotes":""},"class_list":["hentry","page"],"yoast_head":"<!-- This site is optimized with the Yoast SEO plugin v27.3 - https:\/\/yoast.com\/product\/yoast-seo-wordpress\/ -->\n<title>Macalloy S460 Stainless Bar System - Zugst\u00e4be und -stangen | Macalloy<\/title>\n<meta name=\"description\" content=\"Das Macalloy S460 ist ein branchenf\u00fchrendes Zugstabsystem aus Edelstahl. Das System ist standardm\u00e4\u00dfig in den Durchmessern M10 bis M76 erh\u00e4ltlich.\" \/>\n<meta name=\"robots\" content=\"index, follow, max-snippet:-1, max-image-preview:large, max-video-preview:-1\" \/>\n<link rel=\"canonical\" href=\"https:\/\/macalloy.com\/de\/produkte-und-dienstleistungen\/spannungs-strukturen\/macalloy-s460-stangensystem\/\" \/>\n<meta property=\"og:locale\" content=\"de_DE\" \/>\n<meta property=\"og:type\" content=\"article\" \/>\n<meta property=\"og:title\" content=\"Macalloy S460 Stainless Bar System - Zugst\u00e4be und -stangen | Macalloy\" \/>\n<meta property=\"og:description\" content=\"Das Macalloy S460 ist ein branchenf\u00fchrendes Zugstabsystem aus Edelstahl. Das System ist standardm\u00e4\u00dfig in den Durchmessern M10 bis M76 erh\u00e4ltlich.\" \/>\n<meta property=\"og:url\" content=\"https:\/\/macalloy.com\/de\/produkte-und-dienstleistungen\/spannungs-strukturen\/macalloy-s460-stangensystem\/\" \/>\n<meta property=\"og:site_name\" content=\"Macalloy\" \/>\n<meta property=\"article:modified_time\" content=\"2024-07-11T09:40:25+00:00\" \/>\n<meta property=\"og:image\" content=\"https:\/\/macalloystg.wpengine.com\/wp-content\/uploads\/2021\/11\/Macalloy-Tension-Structures-1-1024x777.jpg\" \/>\n<meta name=\"twitter:card\" content=\"summary_large_image\" \/>\n<meta name=\"twitter:label1\" content=\"Gesch\u00e4tzte Lesezeit\" \/>\n\t<meta name=\"twitter:data1\" content=\"2 Minuten\" \/>\n<script type=\"application\/ld+json\" class=\"yoast-schema-graph\">{\"@context\":\"https:\\\/\\\/schema.org\",\"@graph\":[{\"@type\":\"WebPage\",\"@id\":\"https:\\\/\\\/macalloy.com\\\/de\\\/produkte-und-dienstleistungen\\\/spannungs-strukturen\\\/macalloy-s460-stangensystem\\\/\",\"url\":\"https:\\\/\\\/macalloy.com\\\/de\\\/produkte-und-dienstleistungen\\\/spannungs-strukturen\\\/macalloy-s460-stangensystem\\\/\",\"name\":\"Macalloy S460 Stainless Bar System - Zugst\u00e4be und -stangen | Macalloy\",\"isPartOf\":{\"@id\":\"https:\\\/\\\/macalloy.com\\\/de\\\/#website\"},\"primaryImageOfPage\":{\"@id\":\"https:\\\/\\\/macalloy.com\\\/de\\\/produkte-und-dienstleistungen\\\/spannungs-strukturen\\\/macalloy-s460-stangensystem\\\/#primaryimage\"},\"image\":{\"@id\":\"https:\\\/\\\/macalloy.com\\\/de\\\/produkte-und-dienstleistungen\\\/spannungs-strukturen\\\/macalloy-s460-stangensystem\\\/#primaryimage\"},\"thumbnailUrl\":\"https:\\\/\\\/macalloystg.wpengine.com\\\/wp-content\\\/uploads\\\/2021\\\/11\\\/Macalloy-Tension-Structures-1-1024x777.jpg\",\"datePublished\":\"2023-11-20T13:30:04+00:00\",\"dateModified\":\"2024-07-11T09:40:25+00:00\",\"description\":\"Das Macalloy S460 ist ein branchenf\u00fchrendes Zugstabsystem aus Edelstahl. Das System ist standardm\u00e4\u00dfig in den Durchmessern M10 bis M76 erh\u00e4ltlich.\",\"breadcrumb\":{\"@id\":\"https:\\\/\\\/macalloy.com\\\/de\\\/produkte-und-dienstleistungen\\\/spannungs-strukturen\\\/macalloy-s460-stangensystem\\\/#breadcrumb\"},\"inLanguage\":\"de-DE\",\"potentialAction\":[{\"@type\":\"ReadAction\",\"target\":[\"https:\\\/\\\/macalloy.com\\\/de\\\/produkte-und-dienstleistungen\\\/spannungs-strukturen\\\/macalloy-s460-stangensystem\\\/\"]}]},{\"@type\":\"ImageObject\",\"inLanguage\":\"de-DE\",\"@id\":\"https:\\\/\\\/macalloy.com\\\/de\\\/produkte-und-dienstleistungen\\\/spannungs-strukturen\\\/macalloy-s460-stangensystem\\\/#primaryimage\",\"url\":\"https:\\\/\\\/macalloystg.wpengine.com\\\/wp-content\\\/uploads\\\/2021\\\/11\\\/Macalloy-Tension-Structures-1-1024x777.jpg\",\"contentUrl\":\"https:\\\/\\\/macalloystg.wpengine.com\\\/wp-content\\\/uploads\\\/2021\\\/11\\\/Macalloy-Tension-Structures-1-1024x777.jpg\"},{\"@type\":\"BreadcrumbList\",\"@id\":\"https:\\\/\\\/macalloy.com\\\/de\\\/produkte-und-dienstleistungen\\\/spannungs-strukturen\\\/macalloy-s460-stangensystem\\\/#breadcrumb\",\"itemListElement\":[{\"@type\":\"ListItem\",\"position\":1,\"name\":\"Home\",\"item\":\"https:\\\/\\\/macalloy.com\\\/de\\\/startseite\\\/\"},{\"@type\":\"ListItem\",\"position\":2,\"name\":\"Produkte und Dienstleistungen\",\"item\":\"https:\\\/\\\/macalloy.com\\\/de\\\/produkte-und-dienstleistungen\\\/\"},{\"@type\":\"ListItem\",\"position\":3,\"name\":\"Spannung Strukturen\",\"item\":\"https:\\\/\\\/macalloy.com\\\/de\\\/produkte-und-dienstleistungen\\\/spannungs-strukturen\\\/\"},{\"@type\":\"ListItem\",\"position\":4,\"name\":\"Macalloy S460 Stangensystem\"}]},{\"@type\":\"WebSite\",\"@id\":\"https:\\\/\\\/macalloy.com\\\/de\\\/#website\",\"url\":\"https:\\\/\\\/macalloy.com\\\/de\\\/\",\"name\":\"Macalloy\",\"description\":\"Threaded Bar Systems Trusted Worldwide\",\"potentialAction\":[{\"@type\":\"SearchAction\",\"target\":{\"@type\":\"EntryPoint\",\"urlTemplate\":\"https:\\\/\\\/macalloy.com\\\/de\\\/?s={search_term_string}\"},\"query-input\":{\"@type\":\"PropertyValueSpecification\",\"valueRequired\":true,\"valueName\":\"search_term_string\"}}],\"inLanguage\":\"de-DE\"}]}<\/script>\n<!-- \/ Yoast SEO plugin. -->","yoast_head_json":{"title":"Macalloy S460 Stainless Bar System - Zugst\u00e4be und -stangen | Macalloy","description":"Das Macalloy S460 ist ein branchenf\u00fchrendes Zugstabsystem aus Edelstahl. Das System ist standardm\u00e4\u00dfig in den Durchmessern M10 bis M76 erh\u00e4ltlich.","robots":{"index":"index","follow":"follow","max-snippet":"max-snippet:-1","max-image-preview":"max-image-preview:large","max-video-preview":"max-video-preview:-1"},"canonical":"https:\/\/macalloy.com\/de\/produkte-und-dienstleistungen\/spannungs-strukturen\/macalloy-s460-stangensystem\/","og_locale":"de_DE","og_type":"article","og_title":"Macalloy S460 Stainless Bar System - Zugst\u00e4be und -stangen | Macalloy","og_description":"Das Macalloy S460 ist ein branchenf\u00fchrendes Zugstabsystem aus Edelstahl. Das System ist standardm\u00e4\u00dfig in den Durchmessern M10 bis M76 erh\u00e4ltlich.","og_url":"https:\/\/macalloy.com\/de\/produkte-und-dienstleistungen\/spannungs-strukturen\/macalloy-s460-stangensystem\/","og_site_name":"Macalloy","article_modified_time":"2024-07-11T09:40:25+00:00","og_image":[{"url":"https:\/\/macalloystg.wpengine.com\/wp-content\/uploads\/2021\/11\/Macalloy-Tension-Structures-1-1024x777.jpg","type":"","width":"","height":""}],"twitter_card":"summary_large_image","twitter_misc":{"Gesch\u00e4tzte Lesezeit":"2 Minuten"},"schema":{"@context":"https:\/\/schema.org","@graph":[{"@type":"WebPage","@id":"https:\/\/macalloy.com\/de\/produkte-und-dienstleistungen\/spannungs-strukturen\/macalloy-s460-stangensystem\/","url":"https:\/\/macalloy.com\/de\/produkte-und-dienstleistungen\/spannungs-strukturen\/macalloy-s460-stangensystem\/","name":"Macalloy S460 Stainless Bar System - Zugst\u00e4be und -stangen | Macalloy","isPartOf":{"@id":"https:\/\/macalloy.com\/de\/#website"},"primaryImageOfPage":{"@id":"https:\/\/macalloy.com\/de\/produkte-und-dienstleistungen\/spannungs-strukturen\/macalloy-s460-stangensystem\/#primaryimage"},"image":{"@id":"https:\/\/macalloy.com\/de\/produkte-und-dienstleistungen\/spannungs-strukturen\/macalloy-s460-stangensystem\/#primaryimage"},"thumbnailUrl":"https:\/\/macalloystg.wpengine.com\/wp-content\/uploads\/2021\/11\/Macalloy-Tension-Structures-1-1024x777.jpg","datePublished":"2023-11-20T13:30:04+00:00","dateModified":"2024-07-11T09:40:25+00:00","description":"Das Macalloy S460 ist ein branchenf\u00fchrendes Zugstabsystem aus Edelstahl. Das System ist standardm\u00e4\u00dfig in den Durchmessern M10 bis M76 erh\u00e4ltlich.","breadcrumb":{"@id":"https:\/\/macalloy.com\/de\/produkte-und-dienstleistungen\/spannungs-strukturen\/macalloy-s460-stangensystem\/#breadcrumb"},"inLanguage":"de-DE","potentialAction":[{"@type":"ReadAction","target":["https:\/\/macalloy.com\/de\/produkte-und-dienstleistungen\/spannungs-strukturen\/macalloy-s460-stangensystem\/"]}]},{"@type":"ImageObject","inLanguage":"de-DE","@id":"https:\/\/macalloy.com\/de\/produkte-und-dienstleistungen\/spannungs-strukturen\/macalloy-s460-stangensystem\/#primaryimage","url":"https:\/\/macalloystg.wpengine.com\/wp-content\/uploads\/2021\/11\/Macalloy-Tension-Structures-1-1024x777.jpg","contentUrl":"https:\/\/macalloystg.wpengine.com\/wp-content\/uploads\/2021\/11\/Macalloy-Tension-Structures-1-1024x777.jpg"},{"@type":"BreadcrumbList","@id":"https:\/\/macalloy.com\/de\/produkte-und-dienstleistungen\/spannungs-strukturen\/macalloy-s460-stangensystem\/#breadcrumb","itemListElement":[{"@type":"ListItem","position":1,"name":"Home","item":"https:\/\/macalloy.com\/de\/startseite\/"},{"@type":"ListItem","position":2,"name":"Produkte und Dienstleistungen","item":"https:\/\/macalloy.com\/de\/produkte-und-dienstleistungen\/"},{"@type":"ListItem","position":3,"name":"Spannung Strukturen","item":"https:\/\/macalloy.com\/de\/produkte-und-dienstleistungen\/spannungs-strukturen\/"},{"@type":"ListItem","position":4,"name":"Macalloy S460 Stangensystem"}]},{"@type":"WebSite","@id":"https:\/\/macalloy.com\/de\/#website","url":"https:\/\/macalloy.com\/de\/","name":"Macalloy","description":"Threaded Bar Systems Trusted Worldwide","potentialAction":[{"@type":"SearchAction","target":{"@type":"EntryPoint","urlTemplate":"https:\/\/macalloy.com\/de\/?s={search_term_string}"},"query-input":{"@type":"PropertyValueSpecification","valueRequired":true,"valueName":"search_term_string"}}],"inLanguage":"de-DE"}]}},"_links":{"self":[{"href":"https:\/\/macalloy.com\/de\/wp-json\/wp\/v2\/pages\/28858","targetHints":{"allow":["GET"]}}],"collection":[{"href":"https:\/\/macalloy.com\/de\/wp-json\/wp\/v2\/pages"}],"about":[{"href":"https:\/\/macalloy.com\/de\/wp-json\/wp\/v2\/types\/page"}],"author":[{"embeddable":true,"href":"https:\/\/macalloy.com\/de\/wp-json\/wp\/v2\/users\/4157"}],"replies":[{"embeddable":true,"href":"https:\/\/macalloy.com\/de\/wp-json\/wp\/v2\/comments?post=28858"}],"version-history":[{"count":0,"href":"https:\/\/macalloy.com\/de\/wp-json\/wp\/v2\/pages\/28858\/revisions"}],"up":[{"embeddable":true,"href":"https:\/\/macalloy.com\/de\/wp-json\/wp\/v2\/pages\/28864"}],"wp:attachment":[{"href":"https:\/\/macalloy.com\/de\/wp-json\/wp\/v2\/media?parent=28858"}],"curies":[{"name":"wp","href":"https:\/\/api.w.org\/{rel}","templated":true}]}}