{"id":28892,"date":"2023-11-20T15:21:57","date_gmt":"2023-11-20T15:21:57","guid":{"rendered":"https:\/\/macalloy.com\/?page_id=28892"},"modified":"2024-07-11T14:49:11","modified_gmt":"2024-07-11T13:49:11","slug":"einfuehrung-in-leimholzkonstruktionen","status":"publish","type":"page","link":"https:\/\/macalloy.com\/de\/einfuehrung-in-leimholzkonstruktionen\/","title":{"rendered":"Einf\u00fchrung in Leimholzkonstruktionen"},"content":{"rendered":"\n<h5 class=\"wp-block-heading\"><strong>Glulam, Cross Laminated Timber (CLT) und Timber StructureBrettschichtholz, Brettsperrholz (CLT) und Holzkonstruktionen<\/strong><\/h5>\n\n\n\n<p><strong>Was ist Leimholz?<\/strong><br>Leimholz ist eine Abk\u00fcrzung f\u00fcr Brettschichtholz (GLT). Ein Brettschichtholz ist ein strukturelles Produkt, das aus mehreren Schichten Massivholz besteht, die mit einem speziellen Klebstoff zu einer festen Einheit verbunden sind.<\/p>\n\n\n\n<p>Viele Architekten haben dieses Material in ihren Entw\u00fcrfen verwendet, da es vielseitig einsetzbar ist, Vorteile gegen\u00fcber herk\u00f6mmlichen Materialien hat und \u00e4sthetisch sch\u00f6n aussieht. Es ist au\u00dferdem:-<\/p>\n\n\n\n<ul class=\"wp-block-list\">\n<li>Sehr effizient in der Herstellung<\/li>\n\n\n\n<li>Hervorragende Erdbebensicherheit<\/li>\n\n\n\n<li>Hochgradig feuerbest\u00e4ndig<\/li>\n\n\n\n<li>Anpassungsf\u00e4hig<\/li>\n\n\n\n<li>Leichtes Gewicht im Vergleich zu herk\u00f6mmlichen Baumaterialien f\u00fcr eine einfache Installation<\/li>\n\n\n\n<li>hat eine Vielzahl von Farbpaletten<\/li>\n\n\n\n<li>Hat einen glaubw\u00fcrdigen nachhaltigen Kohlenstoff-Fu\u00dfabdruck<\/li>\n\n\n\n<li>Geeignet f\u00fcr viele strukturelle Anwendungen, da es gerade oder gebogen hergestellt werden kann<\/li>\n\n\n\n<li>Wird f\u00fcr gro\u00dfe Querschnitte und gro\u00dfe L\u00e4ngen verwendet.<\/li>\n<\/ul>\n\n\n\n<p><strong>Macalloy beteiligt sich an Leimholz- und CLT-Strukturen<\/strong><\/p>\n\n\n\n<p>Macalloy ist an allen Aspekten der Entwicklung, Herstellung und Lieferung von Zugst\u00e4ben und Beschl\u00e4gen f\u00fcr den Einsatz in Brettschichtholzkonstruktionen beteiligt.<\/p>\n\n\n\n<p>Unsere Macalloy-Produktpalette, die in Brettschichtholz- und Holzkonstruktionen verwendet wird, umfasst:<\/p>\n\n\n\n<ul class=\"wp-block-list\">\n<li>Macalloy 460, 520 und 550 Architekturschienen-Systeme<\/li>\n\n\n\n<li>Kreuzkupplungen<\/li>\n\n\n\n<li>Spannschl\u00f6sser<\/li>\n\n\n\n<li>Verbindungsscheiben<\/li>\n<\/ul>\n\n\n\n<p>Wir verf\u00fcgen \u00fcber umfangreiche Erfahrungen und Kenntnisse in der Zusammenarbeit mit Bauunternehmen, Ingenieuren, Architekten und Stahlbauern.<\/p>\n\n\n\n<p>Stahlzugstangen l\u00f6sen das uralte Problem der Dachkonstruktion: Sie verhindern, dass sich die W\u00e4nde ausdehnen, wenn das Dach durch Wind oder Schnee belastet wird. Aufgrund seiner au\u00dfergew\u00f6hnlichen Festigkeit eignet sich Brettschichtholz gut f\u00fcr den Einsatz in tragenden Strukturen von Geb\u00e4uden mit gro\u00dfen Spannweiten, wenn ein architektonisch nat\u00fcrlicher Abschluss gew\u00fcnscht wird. Die St\u00e4be k\u00f6nnen sogar in den Holzbindern versteckt werden. Auf diese Weise lassen sich die gro\u00dfen Zuglasten aufl\u00f6sen.<\/p>\n\n\n\n<p>Hier stellen wir einige der Projekte vor, an denen Macalloy beteiligt war. Die Vielseitigkeit ist ein Hauptmerkmal der Macalloy-Produkte, aber die architektonischen Systeme von Macalloy erg\u00e4nzen das Design der atemberaubenden Merkmale der Leimholzarchitektur<\/p>\n\n\n\n<figure class=\"wp-block-image size-full\"><a href=\"https:\/\/macalloy.com\/de\/leimholz-und-holzkonstruktionen-faq\/\"><img fetchpriority=\"high\" decoding=\"async\" width=\"400\" height=\"228\" src=\"https:\/\/macalloy.com\/wp-content\/uploads\/2023\/04\/Banff-Glulam-FAQ-link-copy.webp\" alt=\"Glulam and timber structures FAQ's \" class=\"wp-image-27888\" srcset=\"https:\/\/macalloy.com\/wp-content\/uploads\/2023\/04\/Banff-Glulam-FAQ-link-copy.webp 400w, https:\/\/macalloy.com\/wp-content\/uploads\/2023\/04\/Banff-Glulam-FAQ-link-copy-300x171.webp 300w\" sizes=\"(max-width: 400px) 100vw, 400px\" \/><\/a><\/figure>\n\n\n<div class=\"post__sharing animate animate--up animate--delay-long\"><strong class=\"sharing__title\">Share<\/strong><ul class=\"sharing__list\"><li class=\"sharing__item\"><a class=\"sharing__link sharing__link--facebook js-share\" href=\"https:\/\/www.facebook.com\/sharer\/sharer.php?u=https%3A%2F%2Fmacalloy.com%2Fde%2Feinfuehrung-in-leimholzkonstruktionen%2F\">Facebook <svg xmlns=\"http:\/\/www.w3.org\/2000\/svg\" xmlns:xlink=\"http:\/\/www.w3.org\/1999\/xlink\" width=\"100\" height=\"100\" viewBox=\"0 0 100 100\"><g transform=\"translate(51.909 -29.171) rotate(45)\"><path d=\"M78.4,33.1,78.959,0,45.815,1.351l.3,5.515H68.537L0,75.4l4.54,4.54L73.077,11.405V32.58Z\" transform=\"translate(-0.882 56.319) rotate(-45)\"\/><\/g><\/svg><\/a><\/li><li class=\"sharing__item\"><a class=\"sharing__link sharing__link--twitter js-share\" href=\"https:\/\/twitter.com\/intent\/tweet?url=https%3A%2F%2Fmacalloy.com%2Fde%2Feinfuehrung-in-leimholzkonstruktionen%2F&text=Glulam%2C+Cross+Laminated+Timber+%28CLT%29+und+Timber+StructureBrettschichtholz%2C+Brettsperrholz+%28CLT%29+und+Holzkonstruktionen+Was+ist+Leimholz%3FLeimholz+ist+eine+Abk%C3%BCrzung+f%C3%BCr+Brettschichtholz+%28GLT%29.+Ein+Brettschichtholz+ist+ein+strukturelles+Produkt%2C+das+aus+mehreren+Schichten+Massivholz+besteht%2C+die+mit+einem+speziellen+Klebstoff+zu+einer+festen+Einheit+verbunden+sind.+Viele+Architekten+haben+dieses+Material+in+ihren+Entw%C3%BCrfen+verwendet%2C+da+es+%5B%26hellip%3B%5D\">Twitter <svg xmlns=\"http:\/\/www.w3.org\/2000\/svg\" xmlns:xlink=\"http:\/\/www.w3.org\/1999\/xlink\" width=\"100\" height=\"100\" viewBox=\"0 0 100 100\"><g transform=\"translate(51.909 -29.171) rotate(45)\"><path d=\"M78.4,33.1,78.959,0,45.815,1.351l.3,5.515H68.537L0,75.4l4.54,4.54L73.077,11.405V32.58Z\" transform=\"translate(-0.882 56.319) rotate(-45)\"\/><\/g><\/svg><\/a><\/li><li class=\"sharing__item\"><a class=\"sharing__link sharing__link--linkedin js-share\" href=\"https:\/\/www.linkedin.com\/shareArticle?mini=true&url=https%3A%2F%2Fmacalloy.com%2Fde%2Feinfuehrung-in-leimholzkonstruktionen%2F&title=LinkedIn&summary=Glulam%2C+Cross+Laminated+Timber+%28CLT%29+und+Timber+StructureBrettschichtholz%2C+Brettsperrholz+%28CLT%29+und+Holzkonstruktionen+Was+ist+Leimholz%3FLeimholz+ist+eine+Abk%C3%BCrzung+f%C3%BCr+Brettschichtholz+%28GLT%29.+Ein+Brettschichtholz+ist+ein+strukturelles+Produkt%2C+das+aus+mehreren+Schichten+Massivholz+besteht%2C+die+mit+einem+speziellen+Klebstoff+zu+einer+festen+Einheit+verbunden+sind.+Viele+Architekten+haben+dieses+Material+in+ihren+Entw%C3%BCrfen+verwendet%2C+da+es+%5B%26hellip%3B%5D&source=LinkedIn\">LinkedIn <svg xmlns=\"http:\/\/www.w3.org\/2000\/svg\" xmlns:xlink=\"http:\/\/www.w3.org\/1999\/xlink\" width=\"100\" height=\"100\" viewBox=\"0 0 100 100\"><g transform=\"translate(51.909 -29.171) rotate(45)\"><path d=\"M78.4,33.1,78.959,0,45.815,1.351l.3,5.515H68.537L0,75.4l4.54,4.54L73.077,11.405V32.58Z\" transform=\"translate(-0.882 56.319) rotate(-45)\"\/><\/g><\/svg><\/a><\/li><\/ul><\/div>\n","protected":false},"excerpt":{"rendered":"<p>Glulam, Cross Laminated Timber (CLT) und Timber StructureBrettschichtholz, Brettsperrholz (CLT) und Holzkonstruktionen Was ist Leimholz?Leimholz ist eine Abk\u00fcrzung f\u00fcr Brettschichtholz (GLT). Ein Brettschichtholz ist ein strukturelles Produkt, das aus mehreren Schichten Massivholz besteht, die mit einem speziellen Klebstoff zu einer festen Einheit verbunden sind. Viele Architekten haben dieses Material in ihren Entw\u00fcrfen verwendet, da es [&hellip;]<\/p>\n","protected":false},"author":4157,"featured_media":28893,"parent":0,"menu_order":0,"comment_status":"closed","ping_status":"closed","template":"","meta":{"footnotes":""},"class_list":["has-featured-image","hentry","page"],"yoast_head":"<!-- This site is optimized with the Yoast SEO plugin v27.5 - https:\/\/yoast.com\/product\/yoast-seo-wordpress\/ -->\n<title>Einf\u00fchrung in Leimholzkonstruktionen |<\/title>\n<meta name=\"robots\" content=\"index, follow, max-snippet:-1, max-image-preview:large, max-video-preview:-1\" \/>\n<link rel=\"canonical\" href=\"https:\/\/macalloy.com\/de\/einfuehrung-in-leimholzkonstruktionen\/\" \/>\n<meta property=\"og:locale\" content=\"de_DE\" \/>\n<meta property=\"og:type\" content=\"article\" \/>\n<meta property=\"og:title\" content=\"Einf\u00fchrung in Leimholzkonstruktionen |\" \/>\n<meta property=\"og:description\" content=\"Glulam, Cross Laminated Timber (CLT) und Timber StructureBrettschichtholz, Brettsperrholz (CLT) und Holzkonstruktionen Was ist Leimholz?Leimholz ist eine Abk\u00fcrzung f\u00fcr Brettschichtholz (GLT). Ein Brettschichtholz ist ein strukturelles Produkt, das aus mehreren Schichten Massivholz besteht, die mit einem speziellen Klebstoff zu einer festen Einheit verbunden sind. Viele Architekten haben dieses Material in ihren Entw\u00fcrfen verwendet, da es [&hellip;]\" \/>\n<meta property=\"og:url\" content=\"https:\/\/macalloy.com\/de\/einfuehrung-in-leimholzkonstruktionen\/\" \/>\n<meta property=\"og:site_name\" content=\"Macalloy\" \/>\n<meta property=\"article:modified_time\" content=\"2024-07-11T13:49:11+00:00\" \/>\n<meta property=\"og:image\" content=\"https:\/\/macalloy.com\/wp-content\/uploads\/2023\/03\/Web.jpg\" \/>\n\t<meta property=\"og:image:width\" content=\"1000\" \/>\n\t<meta property=\"og:image:height\" content=\"375\" \/>\n\t<meta property=\"og:image:type\" content=\"image\/jpeg\" \/>\n<meta name=\"twitter:card\" content=\"summary_large_image\" \/>\n<meta name=\"twitter:label1\" content=\"Gesch\u00e4tzte Lesezeit\" \/>\n\t<meta name=\"twitter:data1\" content=\"2 Minuten\" \/>\n<script type=\"application\/ld+json\" class=\"yoast-schema-graph\">{\"@context\":\"https:\\\/\\\/schema.org\",\"@graph\":[{\"@type\":\"WebPage\",\"@id\":\"https:\\\/\\\/macalloy.com\\\/de\\\/einfuehrung-in-leimholzkonstruktionen\\\/\",\"url\":\"https:\\\/\\\/macalloy.com\\\/de\\\/einfuehrung-in-leimholzkonstruktionen\\\/\",\"name\":\"Einf\u00fchrung in Leimholzkonstruktionen |\",\"isPartOf\":{\"@id\":\"https:\\\/\\\/macalloy.com\\\/de\\\/#website\"},\"primaryImageOfPage\":{\"@id\":\"https:\\\/\\\/macalloy.com\\\/de\\\/einfuehrung-in-leimholzkonstruktionen\\\/#primaryimage\"},\"image\":{\"@id\":\"https:\\\/\\\/macalloy.com\\\/de\\\/einfuehrung-in-leimholzkonstruktionen\\\/#primaryimage\"},\"thumbnailUrl\":\"https:\\\/\\\/macalloy.com\\\/wp-content\\\/uploads\\\/2023\\\/03\\\/Web.jpg\",\"datePublished\":\"2023-11-20T15:21:57+00:00\",\"dateModified\":\"2024-07-11T13:49:11+00:00\",\"breadcrumb\":{\"@id\":\"https:\\\/\\\/macalloy.com\\\/de\\\/einfuehrung-in-leimholzkonstruktionen\\\/#breadcrumb\"},\"inLanguage\":\"de-DE\",\"potentialAction\":[{\"@type\":\"ReadAction\",\"target\":[\"https:\\\/\\\/macalloy.com\\\/de\\\/einfuehrung-in-leimholzkonstruktionen\\\/\"]}]},{\"@type\":\"ImageObject\",\"inLanguage\":\"de-DE\",\"@id\":\"https:\\\/\\\/macalloy.com\\\/de\\\/einfuehrung-in-leimholzkonstruktionen\\\/#primaryimage\",\"url\":\"https:\\\/\\\/macalloy.com\\\/wp-content\\\/uploads\\\/2023\\\/03\\\/Web.jpg\",\"contentUrl\":\"https:\\\/\\\/macalloy.com\\\/wp-content\\\/uploads\\\/2023\\\/03\\\/Web.jpg\",\"width\":1000,\"height\":375,\"caption\":\"Macalloy Banff Elementary School, Alberta, Canada Glulam Structures\"},{\"@type\":\"BreadcrumbList\",\"@id\":\"https:\\\/\\\/macalloy.com\\\/de\\\/einfuehrung-in-leimholzkonstruktionen\\\/#breadcrumb\",\"itemListElement\":[{\"@type\":\"ListItem\",\"position\":1,\"name\":\"Home\",\"item\":\"https:\\\/\\\/macalloy.com\\\/de\\\/startseite\\\/\"},{\"@type\":\"ListItem\",\"position\":2,\"name\":\"Einf\u00fchrung in Leimholzkonstruktionen\"}]},{\"@type\":\"WebSite\",\"@id\":\"https:\\\/\\\/macalloy.com\\\/de\\\/#website\",\"url\":\"https:\\\/\\\/macalloy.com\\\/de\\\/\",\"name\":\"Macalloy\",\"description\":\"Threaded Bar Systems Trusted Worldwide\",\"potentialAction\":[{\"@type\":\"SearchAction\",\"target\":{\"@type\":\"EntryPoint\",\"urlTemplate\":\"https:\\\/\\\/macalloy.com\\\/de\\\/?s={search_term_string}\"},\"query-input\":{\"@type\":\"PropertyValueSpecification\",\"valueRequired\":true,\"valueName\":\"search_term_string\"}}],\"inLanguage\":\"de-DE\"}]}<\/script>\n<!-- \/ Yoast SEO plugin. -->","yoast_head_json":{"title":"Einf\u00fchrung in Leimholzkonstruktionen |","robots":{"index":"index","follow":"follow","max-snippet":"max-snippet:-1","max-image-preview":"max-image-preview:large","max-video-preview":"max-video-preview:-1"},"canonical":"https:\/\/macalloy.com\/de\/einfuehrung-in-leimholzkonstruktionen\/","og_locale":"de_DE","og_type":"article","og_title":"Einf\u00fchrung in Leimholzkonstruktionen |","og_description":"Glulam, Cross Laminated Timber (CLT) und Timber StructureBrettschichtholz, Brettsperrholz (CLT) und Holzkonstruktionen Was ist Leimholz?Leimholz ist eine Abk\u00fcrzung f\u00fcr Brettschichtholz (GLT). Ein Brettschichtholz ist ein strukturelles Produkt, das aus mehreren Schichten Massivholz besteht, die mit einem speziellen Klebstoff zu einer festen Einheit verbunden sind. Viele Architekten haben dieses Material in ihren Entw\u00fcrfen verwendet, da es [&hellip;]","og_url":"https:\/\/macalloy.com\/de\/einfuehrung-in-leimholzkonstruktionen\/","og_site_name":"Macalloy","article_modified_time":"2024-07-11T13:49:11+00:00","og_image":[{"width":1000,"height":375,"url":"https:\/\/macalloy.com\/wp-content\/uploads\/2023\/03\/Web.jpg","type":"image\/jpeg"}],"twitter_card":"summary_large_image","twitter_misc":{"Gesch\u00e4tzte Lesezeit":"2 Minuten"},"schema":{"@context":"https:\/\/schema.org","@graph":[{"@type":"WebPage","@id":"https:\/\/macalloy.com\/de\/einfuehrung-in-leimholzkonstruktionen\/","url":"https:\/\/macalloy.com\/de\/einfuehrung-in-leimholzkonstruktionen\/","name":"Einf\u00fchrung in Leimholzkonstruktionen |","isPartOf":{"@id":"https:\/\/macalloy.com\/de\/#website"},"primaryImageOfPage":{"@id":"https:\/\/macalloy.com\/de\/einfuehrung-in-leimholzkonstruktionen\/#primaryimage"},"image":{"@id":"https:\/\/macalloy.com\/de\/einfuehrung-in-leimholzkonstruktionen\/#primaryimage"},"thumbnailUrl":"https:\/\/macalloy.com\/wp-content\/uploads\/2023\/03\/Web.jpg","datePublished":"2023-11-20T15:21:57+00:00","dateModified":"2024-07-11T13:49:11+00:00","breadcrumb":{"@id":"https:\/\/macalloy.com\/de\/einfuehrung-in-leimholzkonstruktionen\/#breadcrumb"},"inLanguage":"de-DE","potentialAction":[{"@type":"ReadAction","target":["https:\/\/macalloy.com\/de\/einfuehrung-in-leimholzkonstruktionen\/"]}]},{"@type":"ImageObject","inLanguage":"de-DE","@id":"https:\/\/macalloy.com\/de\/einfuehrung-in-leimholzkonstruktionen\/#primaryimage","url":"https:\/\/macalloy.com\/wp-content\/uploads\/2023\/03\/Web.jpg","contentUrl":"https:\/\/macalloy.com\/wp-content\/uploads\/2023\/03\/Web.jpg","width":1000,"height":375,"caption":"Macalloy Banff Elementary School, Alberta, Canada Glulam Structures"},{"@type":"BreadcrumbList","@id":"https:\/\/macalloy.com\/de\/einfuehrung-in-leimholzkonstruktionen\/#breadcrumb","itemListElement":[{"@type":"ListItem","position":1,"name":"Home","item":"https:\/\/macalloy.com\/de\/startseite\/"},{"@type":"ListItem","position":2,"name":"Einf\u00fchrung in Leimholzkonstruktionen"}]},{"@type":"WebSite","@id":"https:\/\/macalloy.com\/de\/#website","url":"https:\/\/macalloy.com\/de\/","name":"Macalloy","description":"Threaded Bar Systems Trusted Worldwide","potentialAction":[{"@type":"SearchAction","target":{"@type":"EntryPoint","urlTemplate":"https:\/\/macalloy.com\/de\/?s={search_term_string}"},"query-input":{"@type":"PropertyValueSpecification","valueRequired":true,"valueName":"search_term_string"}}],"inLanguage":"de-DE"}]}},"_links":{"self":[{"href":"https:\/\/macalloy.com\/de\/wp-json\/wp\/v2\/pages\/28892","targetHints":{"allow":["GET"]}}],"collection":[{"href":"https:\/\/macalloy.com\/de\/wp-json\/wp\/v2\/pages"}],"about":[{"href":"https:\/\/macalloy.com\/de\/wp-json\/wp\/v2\/types\/page"}],"author":[{"embeddable":true,"href":"https:\/\/macalloy.com\/de\/wp-json\/wp\/v2\/users\/4157"}],"replies":[{"embeddable":true,"href":"https:\/\/macalloy.com\/de\/wp-json\/wp\/v2\/comments?post=28892"}],"version-history":[{"count":0,"href":"https:\/\/macalloy.com\/de\/wp-json\/wp\/v2\/pages\/28892\/revisions"}],"wp:featuredmedia":[{"embeddable":true,"href":"https:\/\/macalloy.com\/de\/wp-json\/wp\/v2\/media\/28893"}],"wp:attachment":[{"href":"https:\/\/macalloy.com\/de\/wp-json\/wp\/v2\/media?parent=28892"}],"curies":[{"name":"wp","href":"https:\/\/api.w.org\/{rel}","templated":true}]}}