{"id":29435,"date":"2023-12-12T14:48:46","date_gmt":"2023-12-12T14:48:46","guid":{"rendered":"https:\/\/macalloy.com\/?page_id=29435"},"modified":"2024-05-01T15:17:24","modified_gmt":"2024-05-01T14:17:24","slug":"cookies","status":"publish","type":"page","link":"https:\/\/macalloy.com\/de\/cookies\/","title":{"rendered":"Cookies"},"content":{"rendered":"\n<div style=\"height:50px\" aria-hidden=\"true\" class=\"wp-block-spacer\"><\/div>\n\n\n\n<h5 class=\"wp-block-heading\">\u00dcber unsere Cookie-Politik<\/h5>\n\n\n\n<p>Unsere Cookie-Richtlinie erkl\u00e4rt, wie Cookies und andere Tracking-Ger\u00e4te auf unserer Website verwendet werden. F\u00fcr die Zwecke dieser Richtlinie bezieht sich der Begriff &#8220;Cookies&#8221; auf Cookies und andere Arten von Technologien, die uns helfen, Sie als Nutzer unserer Website zu erkennen, und wird in Verbindung mit unseren Nutzungsbedingungen bereitgestellt.<\/p>\n\n\n\n<h5 class=\"wp-block-heading\">\u00dcber Cookies und ihre Verwendung<\/h5>\n\n\n\n<p>Cookies sind kleine Datendateien, die auf Ihrem Computer oder einem anderen Ger\u00e4t gespeichert werden, wenn Sie unsere Website besuchen. Die Cookies werden dann verwendet, um Informationen \u00fcber Ihre Nutzung einer Website zu sammeln oder in einigen F\u00e4llen, um Sie als einen bestehenden Benutzer zu erkennen, wenn Sie auf unsere Website zur\u00fcckkehren.<\/p>\n\n\n\n<p>Generell k\u00f6nnen Cookies in die folgenden gro\u00dfen Kategorien eingeteilt werden:<\/p>\n\n\n\n<p>Streng notwendige Cookies: Cookies, die f\u00fcr den Betrieb der Website erforderlich sind.<\/p>\n\n\n\n<p>Analyse-\/Leistungs-Cookies: Dies sind Cookies, die es dem Betreiber einer Website erm\u00f6glichen, die Anzahl der Besucher zu erkennen und zu z\u00e4hlen und zu sehen, wie sich die Besucher auf einer Website bewegen. Sie tragen dazu bei, die Funktionsweise von Websites zu verbessern, indem sie z. B. sicherstellen, dass die Nutzer leicht finden, wonach sie suchen.<\/p>\n\n\n\n<p>Funktionalit\u00e4ts-Cookies: Sie erm\u00f6glichen es, einen wiederkehrenden Nutzer und seine Pr\u00e4ferenzen zu erkennen. Dies bedeutet, dass die Website dann personalisierte Inhalte pr\u00e4sentieren kann.<\/p>\n\n\n\n<p>Targeting-Cookies: Diese Art von Cookies zeichnet die Besuche auf einer Website, die besuchten Seiten und die verfolgten Links auf. Diese Cookies werden verwendet, um Inhalte anzupassen.<\/p>\n\n\n\n<p>Bitte beachten Sie, dass dort, wo wir Links zu anderen Websites bereitstellen, wie z. B. auf unseren Social-Media-Seiten, diese Drittanbieter-Websites ebenfalls Cookies verwenden k\u00f6nnen und Sie sich mit den Cookie-Informationen vertraut machen sollten, die sie auf ihren eigenen Websites bereitstellen. Wir sind nicht f\u00fcr die Cookies verantwortlich, die auf den Websites Dritter verwendet werden, zu denen wir Links anbieten.<\/p>\n\n\n\n<p>Die folgende Tabelle gibt auch Auskunft dar\u00fcber, wof\u00fcr die Cookies verwendet werden.<\/p>\n\n\n\n<figure class=\"wp-block-table\"><table><tbody><tr><td>Name<\/td><td>Purpose<\/td><\/tr><tr><td>Google Analytics<br>_utma<\/td><td>Diese Cookies werden verwendet, um Informationen dar\u00fcber zu sammeln, wie Besucher unsere Website nutzen. Wir verwenden diese Informationen, um Berichte zu erstellen und die Website zu verbessern. Die Cookies sammeln Informationen in anonymer Form, einschlie\u00dflich der Anzahl der Besucher der Website, woher die Besucher auf die Website verwiesen wurden und welche Seiten sie besucht haben.<\/td><\/tr><\/tbody><\/table><\/figure>\n\n\n\n<p>Diese Cookies werden verwendet, um Informationen dar\u00fcber zu sammeln, wie Besucher unsere Website nutzen. Wir verwenden diese Informationen, um Berichte zu erstellen und die Website zu verbessern. Die Cookies sammeln Informationen in anonymer Form, einschlie\u00dflich der Anzahl der Besucher der Website, woher die Besucher auf die Website verwiesen wurden und welche Seiten sie besucht haben.<\/p>\n\n\n\n<h5 class=\"wp-block-heading\">Sitzungscookies und permanente Cookies<\/h5>\n\n\n\n<p>Einige der auf der Website verwendeten Ger\u00e4te werden nur f\u00fcr die aktuelle Sitzung verwendet, d.h. um wiederkehrende Benutzer zu erkennen. Das bedeutet, dass das Cookie abl\u00e4uft, wenn Ihre Sitzung beendet ist.<\/p>\n\n\n\n<h5 class=\"wp-block-heading\">Cookie-Einstellungen und weitere Informationen<\/h5>\n\n\n\n<p>Im Allgemeinen k\u00f6nnen Sie Cookies blockieren, indem Sie die Einstellung Ihres Browsers aktivieren, die es Ihnen erlaubt, das Setzen von Cookies zu verweigern. Beachten Sie jedoch, dass Sie, wenn Sie die Browsereinstellungen zum Blockieren von Cookies verwenden, m\u00f6glicherweise nicht auf alle oder einige Teile der Website zugreifen k\u00f6nnen und dass unsere Website m\u00f6glicherweise nicht wie vorgesehen funktioniert. Dies gilt insbesondere f\u00fcr unsere Website, da wir nur eine minimale Anzahl von Cookies verwenden, die dazu dienen, dass unsere Website so funktioniert, wie Sie es erwarten.<\/p>\n\n\n\n<p>Weitere Informationen \u00fcber die Verwaltung und L\u00f6schung von Cookies finden Sie unter allaboutcookies.org.<\/p>\n\n\n\n<p>Sie k\u00f6nnen sich auch auf den folgenden Seiten \u00fcber die Deaktivierung von Cookies in verschiedenen Browsern informieren:<\/p>\n\n\n\n<p><a href=\"https:\/\/support.google.com\/accounts\/answer\/61416?co=GENIE.Platform%3DDesktop&amp;hl=en\" target=\"_blank\" rel=\"noreferrer noopener\">Chrome<\/a><br><a href=\"https:\/\/support.mozilla.org\/en-US\/kb\/enhanced-tracking-protection-firefox-desktop?redirectslug=enable-and-disable-cookies-website-preferences&amp;redirectlocale=en-US\" target=\"_blank\" rel=\"noreferrer noopener\">Firefox<\/a><br><a href=\"https:\/\/support.apple.com\/en-gb\/guide\/safari\/sfri11471\/mac\" target=\"_blank\" rel=\"noreferrer noopener\">Safari<\/a><br><a href=\"https:\/\/support.microsoft.com\/en-gb\/topic\/how-to-delete-cookie-files-in-internet-explorer-bca9446f-d873-78de-77ba-d42645fa52fc\" target=\"_blank\" rel=\"noreferrer noopener\">Internet Explorer<\/a><\/p>\n\n\n\n<h5 class=\"wp-block-heading\">Zustimmung zur Verwendung von Cookies von unserer Website<\/h5>\n\n\n\n<p>Nach englischem Recht m\u00fcssen alle Websites bei der Verwendung der Cookie-Technologie um Erlaubnis bitten. Wenn Ihr Browser so eingestellt ist, dass er Cookies und andere \u00e4hnliche Technologien akzeptiert, und Sie unsere Website weiterhin nutzen, gehen wir davon aus, dass Sie mit der Verwendung von Cookies und anderen \u00e4hnlichen Technologien einverstanden sind. Wenn Sie jedoch die Verwendung von Cookies von unserer Website entfernen oder stoppen m\u00f6chten, sollten Sie entweder die Nutzung der Website einstellen oder die Einstellungen Ihres Browsers wie oben beschrieben anpassen, um Cookies abzulehnen oder zu deaktivieren.<\/p>\n\n\n\n<h5 class=\"wp-block-heading\">Datenschutzbestimmungen<\/h5>\n\n\n\n<p>Diese Cookie-Richtlinie sollte auch zusammen mit unserer Datenschutzrichtlinie gelesen werden.<\/p>\n\n\n\n<div style=\"height:100px\" aria-hidden=\"true\" class=\"wp-block-spacer\"><\/div>\n","protected":false},"excerpt":{"rendered":"<p>\u00dcber unsere Cookie-Politik Unsere Cookie-Richtlinie erkl\u00e4rt, wie Cookies und andere Tracking-Ger\u00e4te auf unserer Website verwendet werden. F\u00fcr die Zwecke dieser Richtlinie bezieht sich der Begriff &#8220;Cookies&#8221; auf Cookies und andere Arten von Technologien, die uns helfen, Sie als Nutzer unserer Website zu erkennen, und wird in Verbindung mit unseren Nutzungsbedingungen bereitgestellt. \u00dcber Cookies und ihre [&hellip;]<\/p>\n","protected":false},"author":4157,"featured_media":0,"parent":0,"menu_order":0,"comment_status":"closed","ping_status":"closed","template":"","meta":{"footnotes":""},"class_list":["hentry","page"],"yoast_head":"<!-- This site is optimized with the Yoast SEO plugin v27.3 - https:\/\/yoast.com\/product\/yoast-seo-wordpress\/ -->\n<title>Cookies |<\/title>\n<meta name=\"robots\" content=\"index, follow, max-snippet:-1, max-image-preview:large, max-video-preview:-1\" \/>\n<link rel=\"canonical\" href=\"https:\/\/macalloy.com\/de\/cookies\/\" \/>\n<meta property=\"og:locale\" content=\"de_DE\" \/>\n<meta property=\"og:type\" content=\"article\" \/>\n<meta property=\"og:title\" content=\"Cookies |\" \/>\n<meta property=\"og:description\" content=\"\u00dcber unsere Cookie-Politik Unsere Cookie-Richtlinie erkl\u00e4rt, wie Cookies und andere Tracking-Ger\u00e4te auf unserer Website verwendet werden. F\u00fcr die Zwecke dieser Richtlinie bezieht sich der Begriff &#8220;Cookies&#8221; auf Cookies und andere Arten von Technologien, die uns helfen, Sie als Nutzer unserer Website zu erkennen, und wird in Verbindung mit unseren Nutzungsbedingungen bereitgestellt. \u00dcber Cookies und ihre [&hellip;]\" \/>\n<meta property=\"og:url\" content=\"https:\/\/macalloy.com\/de\/cookies\/\" \/>\n<meta property=\"og:site_name\" content=\"Macalloy\" \/>\n<meta property=\"article:modified_time\" content=\"2024-05-01T14:17:24+00:00\" \/>\n<meta name=\"twitter:card\" content=\"summary_large_image\" \/>\n<meta name=\"twitter:label1\" content=\"Gesch\u00e4tzte Lesezeit\" \/>\n\t<meta name=\"twitter:data1\" content=\"4 Minuten\" \/>\n<script type=\"application\/ld+json\" class=\"yoast-schema-graph\">{\"@context\":\"https:\\\/\\\/schema.org\",\"@graph\":[{\"@type\":\"WebPage\",\"@id\":\"https:\\\/\\\/macalloy.com\\\/de\\\/cookies\\\/\",\"url\":\"https:\\\/\\\/macalloy.com\\\/de\\\/cookies\\\/\",\"name\":\"Cookies |\",\"isPartOf\":{\"@id\":\"https:\\\/\\\/macalloy.com\\\/de\\\/#website\"},\"datePublished\":\"2023-12-12T14:48:46+00:00\",\"dateModified\":\"2024-05-01T14:17:24+00:00\",\"breadcrumb\":{\"@id\":\"https:\\\/\\\/macalloy.com\\\/de\\\/cookies\\\/#breadcrumb\"},\"inLanguage\":\"de-DE\",\"potentialAction\":[{\"@type\":\"ReadAction\",\"target\":[\"https:\\\/\\\/macalloy.com\\\/de\\\/cookies\\\/\"]}]},{\"@type\":\"BreadcrumbList\",\"@id\":\"https:\\\/\\\/macalloy.com\\\/de\\\/cookies\\\/#breadcrumb\",\"itemListElement\":[{\"@type\":\"ListItem\",\"position\":1,\"name\":\"Home\",\"item\":\"https:\\\/\\\/macalloy.com\\\/de\\\/startseite\\\/\"},{\"@type\":\"ListItem\",\"position\":2,\"name\":\"Cookies\"}]},{\"@type\":\"WebSite\",\"@id\":\"https:\\\/\\\/macalloy.com\\\/de\\\/#website\",\"url\":\"https:\\\/\\\/macalloy.com\\\/de\\\/\",\"name\":\"Macalloy\",\"description\":\"Threaded Bar Systems Trusted Worldwide\",\"potentialAction\":[{\"@type\":\"SearchAction\",\"target\":{\"@type\":\"EntryPoint\",\"urlTemplate\":\"https:\\\/\\\/macalloy.com\\\/de\\\/?s={search_term_string}\"},\"query-input\":{\"@type\":\"PropertyValueSpecification\",\"valueRequired\":true,\"valueName\":\"search_term_string\"}}],\"inLanguage\":\"de-DE\"}]}<\/script>\n<!-- \/ Yoast SEO plugin. -->","yoast_head_json":{"title":"Cookies |","robots":{"index":"index","follow":"follow","max-snippet":"max-snippet:-1","max-image-preview":"max-image-preview:large","max-video-preview":"max-video-preview:-1"},"canonical":"https:\/\/macalloy.com\/de\/cookies\/","og_locale":"de_DE","og_type":"article","og_title":"Cookies |","og_description":"\u00dcber unsere Cookie-Politik Unsere Cookie-Richtlinie erkl\u00e4rt, wie Cookies und andere Tracking-Ger\u00e4te auf unserer Website verwendet werden. F\u00fcr die Zwecke dieser Richtlinie bezieht sich der Begriff &#8220;Cookies&#8221; auf Cookies und andere Arten von Technologien, die uns helfen, Sie als Nutzer unserer Website zu erkennen, und wird in Verbindung mit unseren Nutzungsbedingungen bereitgestellt. \u00dcber Cookies und ihre [&hellip;]","og_url":"https:\/\/macalloy.com\/de\/cookies\/","og_site_name":"Macalloy","article_modified_time":"2024-05-01T14:17:24+00:00","twitter_card":"summary_large_image","twitter_misc":{"Gesch\u00e4tzte Lesezeit":"4 Minuten"},"schema":{"@context":"https:\/\/schema.org","@graph":[{"@type":"WebPage","@id":"https:\/\/macalloy.com\/de\/cookies\/","url":"https:\/\/macalloy.com\/de\/cookies\/","name":"Cookies |","isPartOf":{"@id":"https:\/\/macalloy.com\/de\/#website"},"datePublished":"2023-12-12T14:48:46+00:00","dateModified":"2024-05-01T14:17:24+00:00","breadcrumb":{"@id":"https:\/\/macalloy.com\/de\/cookies\/#breadcrumb"},"inLanguage":"de-DE","potentialAction":[{"@type":"ReadAction","target":["https:\/\/macalloy.com\/de\/cookies\/"]}]},{"@type":"BreadcrumbList","@id":"https:\/\/macalloy.com\/de\/cookies\/#breadcrumb","itemListElement":[{"@type":"ListItem","position":1,"name":"Home","item":"https:\/\/macalloy.com\/de\/startseite\/"},{"@type":"ListItem","position":2,"name":"Cookies"}]},{"@type":"WebSite","@id":"https:\/\/macalloy.com\/de\/#website","url":"https:\/\/macalloy.com\/de\/","name":"Macalloy","description":"Threaded Bar Systems Trusted Worldwide","potentialAction":[{"@type":"SearchAction","target":{"@type":"EntryPoint","urlTemplate":"https:\/\/macalloy.com\/de\/?s={search_term_string}"},"query-input":{"@type":"PropertyValueSpecification","valueRequired":true,"valueName":"search_term_string"}}],"inLanguage":"de-DE"}]}},"_links":{"self":[{"href":"https:\/\/macalloy.com\/de\/wp-json\/wp\/v2\/pages\/29435","targetHints":{"allow":["GET"]}}],"collection":[{"href":"https:\/\/macalloy.com\/de\/wp-json\/wp\/v2\/pages"}],"about":[{"href":"https:\/\/macalloy.com\/de\/wp-json\/wp\/v2\/types\/page"}],"author":[{"embeddable":true,"href":"https:\/\/macalloy.com\/de\/wp-json\/wp\/v2\/users\/4157"}],"replies":[{"embeddable":true,"href":"https:\/\/macalloy.com\/de\/wp-json\/wp\/v2\/comments?post=29435"}],"version-history":[{"count":0,"href":"https:\/\/macalloy.com\/de\/wp-json\/wp\/v2\/pages\/29435\/revisions"}],"wp:attachment":[{"href":"https:\/\/macalloy.com\/de\/wp-json\/wp\/v2\/media?parent=29435"}],"curies":[{"name":"wp","href":"https:\/\/api.w.org\/{rel}","templated":true}]}}