{"id":29437,"date":"2023-12-12T14:54:05","date_gmt":"2023-12-12T14:54:05","guid":{"rendered":"https:\/\/macalloy.com\/?page_id=29437"},"modified":"2024-05-01T15:17:24","modified_gmt":"2024-05-01T14:17:24","slug":"datenschutzbestimmungen","status":"publish","type":"page","link":"https:\/\/macalloy.com\/de\/datenschutzbestimmungen\/","title":{"rendered":"Datenschutzbestimmungen"},"content":{"rendered":"\n<div style=\"height:50px\" aria-hidden=\"true\" class=\"wp-block-spacer\"><\/div>\n\n\n\n<h4 class=\"wp-block-heading\"><strong>Ihre Privatsph\u00e4re ist uns wichtig.<\/strong><\/h4>\n\n\n\n<p>Es geh\u00f6rt zu den Grunds\u00e4tzen von McCalls Special Products Ltd, handelnd unter dem Namen Macalloy, Ihre Privatsph\u00e4re zu respektieren und alle anwendbaren Gesetze und Vorschriften in Bezug auf alle pers\u00f6nlichen Daten, die wir \u00fcber Sie sammeln, zu befolgen, auch \u00fcber unsere Website, https:\/\/macalloy.com und andere Websites, die wir besitzen und betreiben.<\/p>\n\n\n\n<p>Macalloy setzt sich daf\u00fcr ein, dass Ihre Privatsph\u00e4re gesch\u00fctzt wird. Sollten wir Sie um die Angabe bestimmter Informationen bitten, anhand derer Sie bei der Nutzung dieser Website identifiziert werden k\u00f6nnen, so k\u00f6nnen Sie sicher sein, dass diese nur in \u00dcbereinstimmung mit dieser Datenschutzerkl\u00e4rung verwendet werden.<\/p>\n\n\n\n<p>Macalloy kann diese Politik von Zeit zu Zeit durch Aktualisierung dieser Seite \u00e4ndern. Sie sollten diese Seite von Zeit zu Zeit \u00fcberpr\u00fcfen, um sicherzustellen, dass Sie mit allen \u00c4nderungen einverstanden sind.<\/p>\n\n\n\n<p>Diese Richtlinie ist ab dem 8. November 2021 g\u00fcltig und wurde zuletzt am 8. November 2021 aktualisiert.<\/p>\n\n\n\n<p><strong>Informationen, die wir sammeln<\/strong><\/p>\n\n\n\n<p>Zu den von uns gesammelten Informationen geh\u00f6ren sowohl Informationen, die Sie uns wissentlich und aktiv zur Verf\u00fcgung stellen, wenn Sie unsere Dienste und Werbeaktionen nutzen oder daran teilnehmen, als auch Informationen, die automatisch von Ihren Ger\u00e4ten im Rahmen des Zugriffs auf unsere Produkte und Dienste gesendet werden.<\/p>\n\n\n\n<p><strong>Log-Daten<\/strong><\/p>\n\n\n\n<p>Wenn Sie unsere Website besuchen, k\u00f6nnen unsere Server automatisch die von Ihrem Webbrowser bereitgestellten Standarddaten protokollieren. Dazu geh\u00f6ren die IP-Adresse Ihres Ger\u00e4ts, der Typ und die Version Ihres Browsers, die von Ihnen besuchten Seiten, die Uhrzeit und das Datum Ihres Besuchs, die auf jeder Seite verbrachte Zeit, andere Details \u00fcber Ihren Besuch sowie technische Details, die in Verbindung mit etwaigen Fehlern auftreten.<\/p>\n\n\n\n<p>Bitte beachten Sie, dass diese Informationen zwar f\u00fcr sich genommen nicht pers\u00f6nlich identifizierend sind, dass es jedoch m\u00f6glich ist, sie mit anderen Daten zu kombinieren, um einzelne Personen zu identifizieren.<\/p>\n\n\n\n<p><strong>Erfassung und Verwendung von Informationen<\/strong><\/p>\n\n\n\n<p>Wir k\u00f6nnen personenbezogene Daten von Ihnen erheben, wenn Sie eine der folgenden Aktionen auf unserer Website durchf\u00fchren:<\/p>\n\n\n\n<p>Sie verwenden ein mobiles Ger\u00e4t oder einen Webbrowser, um auf unsere Inhalte zuzugreifen.<\/p>\n\n\n\n<p>Kontaktaufnahme mit uns per E-Mail, \u00fcber soziale Medien oder \u00fcber \u00e4hnliche Technologien<\/p>\n\n\n\n<p>Wenn Sie uns in sozialen Medien erw\u00e4hnen<\/p>\n\n\n\n<p>Wir sind berechtigt, Informationen f\u00fcr die folgenden Zwecke zu sammeln, zu speichern, zu verwenden und offenzulegen, und personenbezogene Daten werden nicht in einer Weise weiterverarbeitet, die mit diesen Zwecken unvereinbar ist:<\/p>\n\n\n\n<p>Bitte beachten Sie, dass wir Informationen, die wir \u00fcber Sie sammeln, mit allgemeinen Informationen oder Forschungsdaten kombinieren k\u00f6nnen, die wir von anderen vertrauensw\u00fcrdigen Quellen erhalten.<\/p>\n\n\n\n<p><strong>Sicherheit Ihrer pers\u00f6nlichen Daten<\/strong><\/p>\n\n\n\n<p>Wenn wir personenbezogene Daten erheben und verarbeiten und solange wir diese Daten aufbewahren, sch\u00fctzen wir sie mit kommerziell vertretbaren Mitteln, um Verlust und Diebstahl sowie unbefugten Zugriff, Offenlegung, Kopieren, Verwendung oder \u00c4nderung zu verhindern.<\/p>\n\n\n\n<p>Obwohl wir unser Bestes tun, um die pers\u00f6nlichen Daten, die Sie uns zur Verf\u00fcgung stellen, zu sch\u00fctzen, weisen wir darauf hin, dass keine Methode der elektronischen \u00dcbertragung oder Speicherung zu 100 % sicher ist und niemand eine absolute Datensicherheit garantieren kann. Wir werden die auf uns anwendbaren Gesetze in Bezug auf jede Datenverletzung einhalten.<\/p>\n\n\n\n<p>Sie sind verantwortlich f\u00fcr die Wahl eines Passworts und dessen allgemeine Sicherheitsst\u00e4rke, um die Sicherheit Ihrer eigenen Daten im Rahmen unserer Dienste zu gew\u00e4hrleisten.<\/p>\n\n\n\n<p><strong>Wie lange wir Ihre pers\u00f6nlichen Informationen aufbewahren<\/strong><\/p>\n\n\n\n<p>Wir bewahren Ihre pers\u00f6nlichen Daten nur so lange auf, wie wir sie ben\u00f6tigen. Dieser Zeitraum h\u00e4ngt davon ab, wof\u00fcr wir Ihre Daten in \u00dcbereinstimmung mit dieser Datenschutzrichtlinie verwenden. Wenn Ihre pers\u00f6nlichen Daten nicht mehr ben\u00f6tigt werden, l\u00f6schen wir sie oder anonymisieren sie, indem wir alle Details entfernen, die Sie identifizieren.<\/p>\n\n\n\n<p>Falls erforderlich, k\u00f6nnen wir Ihre personenbezogenen Daten jedoch aufbewahren, um gesetzlichen, buchhalterischen oder berichtspflichtigen Verpflichtungen nachzukommen oder um sie f\u00fcr Archivierungszwecke im \u00f6ffentlichen Interesse, wissenschaftliche oder historische Forschungszwecke oder statistische Zwecke zu verwenden.<\/p>\n\n\n\n<p><strong>Datenschutz f\u00fcr Kinder<\/strong><\/p>\n\n\n\n<p>Unsere Produkte und Dienstleistungen richten sich nicht direkt an Kinder unter 13 Jahren, und wir erfassen nicht wissentlich pers\u00f6nliche Daten von Kindern unter 13 Jahren.<\/p>\n\n\n\n<p><strong>Internationale \u00dcbertragungen von pers\u00f6nlichen Informationen<\/strong><\/p>\n\n\n\n<p>Die von uns erfassten personenbezogenen Daten werden dort gespeichert und\/oder verarbeitet, wo wir oder unsere Partner, verbundenen Unternehmen und Drittanbieter Einrichtungen unterhalten. Bitte beachten Sie, dass an den Orten, an denen wir Ihre personenbezogenen Daten speichern, verarbeiten oder \u00fcbertragen, m\u00f6glicherweise nicht dieselben Datenschutzgesetze gelten wie in dem Land, in dem Sie die Daten urspr\u00fcnglich bereitgestellt haben. Wenn wir Ihre personenbezogenen Daten an Dritte in anderen L\u00e4ndern weitergeben, (i) f\u00fchren wir diese \u00dcbertragungen in \u00dcbereinstimmung mit den Anforderungen des geltenden Rechts durch und (ii) sch\u00fctzen wir die \u00fcbertragenen personenbezogenen Daten in \u00dcbereinstimmung mit dieser Datenschutzrichtlinie.<\/p>\n\n\n\n<p><strong>Ihre Rechte und die Kontrolle Ihrer pers\u00f6nlichen Daten<\/strong><\/p>\n\n\n\n<p>Sie haben immer das Recht, uns Ihre pers\u00f6nlichen Daten vorzuenthalten, wobei Sie sich dar\u00fcber im Klaren sind, dass Ihre Erfahrung mit unserer Website beeintr\u00e4chtigt werden kann. Wir werden Sie nicht diskriminieren, wenn Sie eines Ihrer Rechte in Bezug auf Ihre pers\u00f6nlichen Daten aus\u00fcben. Wenn Sie uns personenbezogene Daten zur Verf\u00fcgung stellen, erkl\u00e4ren Sie sich damit einverstanden, dass wir diese in \u00dcbereinstimmung mit dieser Datenschutzrichtlinie sammeln, aufbewahren, verwenden und weitergeben. Sie haben das Recht, Auskunft \u00fcber alle personenbezogenen Daten zu verlangen, die wir \u00fcber Sie gespeichert haben.<\/p>\n\n\n\n<p>Wenn wir personenbezogene Daten \u00fcber Sie von einem Dritten erhalten, werden wir diese gem\u00e4\u00df dieser Datenschutzrichtlinie sch\u00fctzen. Wenn Sie ein Dritter sind, der uns personenbezogene Daten \u00fcber eine andere Person zur Verf\u00fcgung stellt, sichern Sie zu, dass Sie das Einverst\u00e4ndnis dieser Person haben, die personenbezogenen Daten an uns weiterzugeben.<\/p>\n\n\n\n<p>Wenn Sie zuvor zugestimmt haben, dass wir Ihre personenbezogenen Daten f\u00fcr Direktmarketingzwecke verwenden, k\u00f6nnen Sie Ihre Meinung jederzeit \u00e4ndern. Wir bieten Ihnen die M\u00f6glichkeit, sich von unserer E-Mail-Datenbank abzumelden oder aus der Kommunikation auszusteigen. Bitte beachten Sie, dass wir unter Umst\u00e4nden bestimmte Informationen von Ihnen anfordern m\u00fcssen, um Ihre Identit\u00e4t zu best\u00e4tigen.<\/p>\n\n\n\n<p>Wenn Sie der Meinung sind, dass Informationen, die wir \u00fcber Sie gespeichert haben, ungenau, veraltet, unvollst\u00e4ndig, irrelevant oder irref\u00fchrend sind, wenden Sie sich bitte an uns, indem Sie die in dieser Datenschutzrichtlinie angegebenen Details verwenden. Wir werden angemessene Schritte unternehmen, um alle Informationen zu korrigieren, die sich als ungenau, unvollst\u00e4ndig, irref\u00fchrend oder veraltet erweisen.<\/p>\n\n\n\n<p>Wenn Sie der Meinung sind, dass wir gegen ein einschl\u00e4giges Datenschutzgesetz versto\u00dfen haben, und eine Beschwerde einreichen m\u00f6chten, wenden Sie sich bitte unter Verwendung der nachstehenden Angaben an uns und teilen Sie uns alle Einzelheiten zu dem angeblichen Versto\u00df mit. Wir werden Ihre Beschwerde umgehend untersuchen und Ihnen schriftlich antworten, wobei wir Ihnen das Ergebnis unserer Untersuchung und die Schritte, die wir zur Bearbeitung Ihrer Beschwerde unternehmen werden, mitteilen. Sie haben auch das Recht, sich im Zusammenhang mit Ihrer Beschwerde an eine Aufsichtsbeh\u00f6rde oder eine Datenschutzbeh\u00f6rde zu wenden.<\/p>\n\n\n\n<p><strong>Grenzen unserer Politik<\/strong><\/p>\n\n\n\n<p>Unsere Website kann Links zu externen Websites enthalten, die nicht von uns betrieben werden. Bitte beachten Sie, dass wir keine Kontrolle \u00fcber den Inhalt und die Richtlinien dieser Websites haben und keine Verantwortung oder Haftung f\u00fcr deren Datenschutzpraktiken \u00fcbernehmen k\u00f6nnen.<\/p>\n\n\n\n<p><strong>\u00c4nderungen an dieser Richtlinie<\/strong><\/p>\n\n\n\n<p>Es liegt in unserem Ermessen, unsere Datenschutzrichtlinie zu \u00e4ndern, um Aktualisierungen unserer Gesch\u00e4ftsprozesse, aktuelle akzeptable Praktiken oder gesetzliche oder beh\u00f6rdliche \u00c4nderungen zu ber\u00fccksichtigen. Wenn wir uns entscheiden, diese Datenschutzrichtlinie zu \u00e4ndern, werden wir die \u00c4nderungen hier unter demselben Link ver\u00f6ffentlichen, \u00fcber den Sie auf diese Datenschutzrichtlinie zugreifen.<\/p>\n\n\n\n<p>Falls gesetzlich vorgeschrieben, werden wir Ihre Zustimmung einholen oder Ihnen die M\u00f6glichkeit geben, sich f\u00fcr oder gegen eine neue Verwendung Ihrer pers\u00f6nlichen Daten zu entscheiden.<\/p>\n\n\n\n<p><strong>Kontrolle Ihrer pers\u00f6nlichen Daten<\/strong><\/p>\n\n\n\n<p>Sie k\u00f6nnen die Erfassung oder Verwendung Ihrer personenbezogenen Daten auf folgende Weise einschr\u00e4nken:<\/p>\n\n\n\n<p>Wenn Sie zuvor zugestimmt haben, dass wir Ihre personenbezogenen Daten f\u00fcr Direktmarketingzwecke verwenden, k\u00f6nnen Sie Ihre Meinung jederzeit \u00e4ndern, indem Sie uns schreiben oder eine E-Mail an sales@macalloy.com senden.<\/p>\n\n\n\n<p>Wir werden Ihre pers\u00f6nlichen Daten nicht an Dritte verkaufen, weitergeben oder vermieten, es sei denn, wir haben Ihre Erlaubnis oder sind gesetzlich dazu verpflichtet, dies zu tun. Wir werden Ihre pers\u00f6nlichen Daten nur dann verwenden, um Ihnen Werbeinformationen \u00fcber Dritte zukommen zu lassen, von denen wir glauben, dass sie f\u00fcr Sie interessant sein k\u00f6nnten, wenn Sie dem zuvor zugestimmt haben.<\/p>\n\n\n\n<p>Sie k\u00f6nnen gem\u00e4\u00df dem Data Protection Act 1998 Auskunft \u00fcber die von uns \u00fcber Sie gespeicherten pers\u00f6nlichen Daten verlangen. Hierf\u00fcr ist eine geringe Geb\u00fchr zu entrichten. Wenn Sie eine Kopie der \u00fcber Sie gespeicherten Daten w\u00fcnschen, schreiben Sie bitte an Macalloy, Caxton Way, Dinnington, S25 3QE.<\/p>\n\n\n\n<p>Wenn Sie der Meinung sind, dass die von uns \u00fcber Sie gespeicherten Daten unrichtig oder unvollst\u00e4ndig sind, senden Sie uns bitte so bald wie m\u00f6glich eine E-Mail an sales@macalloy.com oder schreiben Sie an die oben genannte Adresse. Wir werden alle Informationen, die sich als unrichtig erweisen, unverz\u00fcglich korrigieren.<\/p>\n\n\n\n<div style=\"height:100px\" aria-hidden=\"true\" class=\"wp-block-spacer\"><\/div>\n","protected":false},"excerpt":{"rendered":"<p>Ihre Privatsph\u00e4re ist uns wichtig. Es geh\u00f6rt zu den Grunds\u00e4tzen von McCalls Special Products Ltd, handelnd unter dem Namen Macalloy, Ihre Privatsph\u00e4re zu respektieren und alle anwendbaren Gesetze und Vorschriften in Bezug auf alle pers\u00f6nlichen Daten, die wir \u00fcber Sie sammeln, zu befolgen, auch \u00fcber unsere Website, https:\/\/macalloy.com und andere Websites, die wir besitzen und [&hellip;]<\/p>\n","protected":false},"author":4157,"featured_media":0,"parent":0,"menu_order":0,"comment_status":"closed","ping_status":"open","template":"","meta":{"footnotes":""},"class_list":["hentry","page"],"yoast_head":"<!-- This site is optimized with the Yoast SEO plugin v27.3 - https:\/\/yoast.com\/product\/yoast-seo-wordpress\/ -->\n<title>Datenschutzbestimmungen |<\/title>\n<meta name=\"robots\" content=\"index, follow, max-snippet:-1, max-image-preview:large, max-video-preview:-1\" \/>\n<link rel=\"canonical\" href=\"https:\/\/macalloy.com\/de\/datenschutzbestimmungen\/\" \/>\n<meta property=\"og:locale\" content=\"de_DE\" \/>\n<meta property=\"og:type\" content=\"article\" \/>\n<meta property=\"og:title\" content=\"Datenschutzbestimmungen |\" \/>\n<meta property=\"og:description\" content=\"Ihre Privatsph\u00e4re ist uns wichtig. Es geh\u00f6rt zu den Grunds\u00e4tzen von McCalls Special Products Ltd, handelnd unter dem Namen Macalloy, Ihre Privatsph\u00e4re zu respektieren und alle anwendbaren Gesetze und Vorschriften in Bezug auf alle pers\u00f6nlichen Daten, die wir \u00fcber Sie sammeln, zu befolgen, auch \u00fcber unsere Website, https:\/\/macalloy.com und andere Websites, die wir besitzen und [&hellip;]\" \/>\n<meta property=\"og:url\" content=\"https:\/\/macalloy.com\/de\/datenschutzbestimmungen\/\" \/>\n<meta property=\"og:site_name\" content=\"Macalloy\" \/>\n<meta property=\"article:modified_time\" content=\"2024-05-01T14:17:24+00:00\" \/>\n<meta name=\"twitter:card\" content=\"summary_large_image\" \/>\n<meta name=\"twitter:label1\" content=\"Gesch\u00e4tzte Lesezeit\" \/>\n\t<meta name=\"twitter:data1\" content=\"7 Minuten\" \/>\n<script type=\"application\/ld+json\" class=\"yoast-schema-graph\">{\"@context\":\"https:\\\/\\\/schema.org\",\"@graph\":[{\"@type\":\"WebPage\",\"@id\":\"https:\\\/\\\/macalloy.com\\\/de\\\/datenschutzbestimmungen\\\/\",\"url\":\"https:\\\/\\\/macalloy.com\\\/de\\\/datenschutzbestimmungen\\\/\",\"name\":\"Datenschutzbestimmungen |\",\"isPartOf\":{\"@id\":\"https:\\\/\\\/macalloy.com\\\/de\\\/#website\"},\"datePublished\":\"2023-12-12T14:54:05+00:00\",\"dateModified\":\"2024-05-01T14:17:24+00:00\",\"breadcrumb\":{\"@id\":\"https:\\\/\\\/macalloy.com\\\/de\\\/datenschutzbestimmungen\\\/#breadcrumb\"},\"inLanguage\":\"de-DE\",\"potentialAction\":[{\"@type\":\"ReadAction\",\"target\":[\"https:\\\/\\\/macalloy.com\\\/de\\\/datenschutzbestimmungen\\\/\"]}]},{\"@type\":\"BreadcrumbList\",\"@id\":\"https:\\\/\\\/macalloy.com\\\/de\\\/datenschutzbestimmungen\\\/#breadcrumb\",\"itemListElement\":[{\"@type\":\"ListItem\",\"position\":1,\"name\":\"Home\",\"item\":\"https:\\\/\\\/macalloy.com\\\/de\\\/startseite\\\/\"},{\"@type\":\"ListItem\",\"position\":2,\"name\":\"Datenschutzbestimmungen\"}]},{\"@type\":\"WebSite\",\"@id\":\"https:\\\/\\\/macalloy.com\\\/de\\\/#website\",\"url\":\"https:\\\/\\\/macalloy.com\\\/de\\\/\",\"name\":\"Macalloy\",\"description\":\"Threaded Bar Systems Trusted Worldwide\",\"potentialAction\":[{\"@type\":\"SearchAction\",\"target\":{\"@type\":\"EntryPoint\",\"urlTemplate\":\"https:\\\/\\\/macalloy.com\\\/de\\\/?s={search_term_string}\"},\"query-input\":{\"@type\":\"PropertyValueSpecification\",\"valueRequired\":true,\"valueName\":\"search_term_string\"}}],\"inLanguage\":\"de-DE\"}]}<\/script>\n<!-- \/ Yoast SEO plugin. -->","yoast_head_json":{"title":"Datenschutzbestimmungen |","robots":{"index":"index","follow":"follow","max-snippet":"max-snippet:-1","max-image-preview":"max-image-preview:large","max-video-preview":"max-video-preview:-1"},"canonical":"https:\/\/macalloy.com\/de\/datenschutzbestimmungen\/","og_locale":"de_DE","og_type":"article","og_title":"Datenschutzbestimmungen |","og_description":"Ihre Privatsph\u00e4re ist uns wichtig. Es geh\u00f6rt zu den Grunds\u00e4tzen von McCalls Special Products Ltd, handelnd unter dem Namen Macalloy, Ihre Privatsph\u00e4re zu respektieren und alle anwendbaren Gesetze und Vorschriften in Bezug auf alle pers\u00f6nlichen Daten, die wir \u00fcber Sie sammeln, zu befolgen, auch \u00fcber unsere Website, https:\/\/macalloy.com und andere Websites, die wir besitzen und [&hellip;]","og_url":"https:\/\/macalloy.com\/de\/datenschutzbestimmungen\/","og_site_name":"Macalloy","article_modified_time":"2024-05-01T14:17:24+00:00","twitter_card":"summary_large_image","twitter_misc":{"Gesch\u00e4tzte Lesezeit":"7 Minuten"},"schema":{"@context":"https:\/\/schema.org","@graph":[{"@type":"WebPage","@id":"https:\/\/macalloy.com\/de\/datenschutzbestimmungen\/","url":"https:\/\/macalloy.com\/de\/datenschutzbestimmungen\/","name":"Datenschutzbestimmungen |","isPartOf":{"@id":"https:\/\/macalloy.com\/de\/#website"},"datePublished":"2023-12-12T14:54:05+00:00","dateModified":"2024-05-01T14:17:24+00:00","breadcrumb":{"@id":"https:\/\/macalloy.com\/de\/datenschutzbestimmungen\/#breadcrumb"},"inLanguage":"de-DE","potentialAction":[{"@type":"ReadAction","target":["https:\/\/macalloy.com\/de\/datenschutzbestimmungen\/"]}]},{"@type":"BreadcrumbList","@id":"https:\/\/macalloy.com\/de\/datenschutzbestimmungen\/#breadcrumb","itemListElement":[{"@type":"ListItem","position":1,"name":"Home","item":"https:\/\/macalloy.com\/de\/startseite\/"},{"@type":"ListItem","position":2,"name":"Datenschutzbestimmungen"}]},{"@type":"WebSite","@id":"https:\/\/macalloy.com\/de\/#website","url":"https:\/\/macalloy.com\/de\/","name":"Macalloy","description":"Threaded Bar Systems Trusted Worldwide","potentialAction":[{"@type":"SearchAction","target":{"@type":"EntryPoint","urlTemplate":"https:\/\/macalloy.com\/de\/?s={search_term_string}"},"query-input":{"@type":"PropertyValueSpecification","valueRequired":true,"valueName":"search_term_string"}}],"inLanguage":"de-DE"}]}},"_links":{"self":[{"href":"https:\/\/macalloy.com\/de\/wp-json\/wp\/v2\/pages\/29437","targetHints":{"allow":["GET"]}}],"collection":[{"href":"https:\/\/macalloy.com\/de\/wp-json\/wp\/v2\/pages"}],"about":[{"href":"https:\/\/macalloy.com\/de\/wp-json\/wp\/v2\/types\/page"}],"author":[{"embeddable":true,"href":"https:\/\/macalloy.com\/de\/wp-json\/wp\/v2\/users\/4157"}],"replies":[{"embeddable":true,"href":"https:\/\/macalloy.com\/de\/wp-json\/wp\/v2\/comments?post=29437"}],"version-history":[{"count":0,"href":"https:\/\/macalloy.com\/de\/wp-json\/wp\/v2\/pages\/29437\/revisions"}],"wp:attachment":[{"href":"https:\/\/macalloy.com\/de\/wp-json\/wp\/v2\/media?parent=29437"}],"curies":[{"name":"wp","href":"https:\/\/api.w.org\/{rel}","templated":true}]}}