{"id":30515,"date":"2024-02-16T09:21:16","date_gmt":"2024-02-16T09:21:16","guid":{"rendered":"https:\/\/macalloy.com\/?page_id=30515"},"modified":"2024-08-19T15:26:56","modified_gmt":"2024-08-19T14:26:56","slug":"team-kundenbetreuung","status":"publish","type":"page","link":"https:\/\/macalloy.com\/de\/team-kundenbetreuung\/","title":{"rendered":"Team Kundenbetreuung"},"content":{"rendered":"\n<h4 class=\"wp-block-heading\">Wir bei Macalloy sind bestrebt, Ihnen zu helfen, Ihre Projekte zu gewinnen.<\/h4>\n\n\n\n<p>Wir bei Macalloy sind stolz darauf, ein eigenes Kundenbetreuungsteam eingerichtet zu haben. Es geht nicht nur um unsere Qualit\u00e4tsprodukte, auf die wir stolz sind, sondern auch um die Unterst\u00fctzung unserer Kunden, die Ihnen die Gewissheit gibt, dass alle Angebote und Auftr\u00e4ge effizient bearbeitet werden.<\/p>\n\n\n\n<p>Wenn Sie in der Angebotsphase eine Anfrage stellen oder einen endg\u00fcltigen Auftrag an das interne Verkaufsteam oder den Area Sales Manager (ASM) erteilen, wird dies protokolliert und an das Client Support Team weitergeleitet. Sie werden jedoch weiterhin mit einem Gebietsverkaufsleiter in Kontakt stehen.<br>Durch die Zuweisung eines einzigen Ansprechpartners in dieser Phase steht Ihnen ein engagiertes Team zur Verf\u00fcgung, das Ihr Projekt zu den entsprechenden Zeitpunkten \u00fcberwacht, um sicherzustellen, dass Ihr Angebot korrekt ist und dass der Produktfortschritt genau \u00fcberwacht wird, so dass Sie Ihre Kunden auf dem Laufenden halten k\u00f6nnen.<\/p>\n\n\n\n<p>Wir werden alle Ihre Anfragen w\u00e4hrend des gesamten Projekts bearbeiten, da wir wissen, wie wichtig es ist, dass Ihr Auftrag voranschreitet und Ihre Fragen beantwortet werden.<br>Technische Beratung steht zur Verf\u00fcgung und wird bei Bedarf an unsere eigenen Ingenieure weitergeleitet.<\/p>\n\n\n\n<h2 class=\"wp-block-heading\">Meet the Team<\/h2>\n\n\n\n<figure class=\"wp-block-image size-full is-resized\"><img fetchpriority=\"high\" decoding=\"async\" width=\"640\" height=\"480\" src=\"https:\/\/macalloy.com\/wp-content\/uploads\/2024\/08\/macalloy-client-support-team.jpg\" alt=\"\" class=\"wp-image-31185\" style=\"width:1040px\" srcset=\"https:\/\/macalloy.com\/wp-content\/uploads\/2024\/08\/macalloy-client-support-team.jpg 640w, https:\/\/macalloy.com\/wp-content\/uploads\/2024\/08\/macalloy-client-support-team-600x450.jpg 600w, https:\/\/macalloy.com\/wp-content\/uploads\/2024\/08\/macalloy-client-support-team-300x225.jpg 300w\" sizes=\"(max-width: 640px) 100vw, 640px\" \/><\/figure>\n\n\n\n<p>Karen Tindall und Lisa Williams sind sehr erfahrene Mitarbeiter, die dank ihres Fachwissens, ihrer Aufmerksamkeit f\u00fcr den Kunden und ihrer Hilfsbereitschaft alle Ihre Fragen beantworten und einen zuverl\u00e4ssigen und p\u00fcnktlichen Service bieten.<\/p>\n\n\n\n<p>Wie Sie uns kontaktieren k\u00f6nnen: Wir bem\u00fchen uns, noch am selben Arbeitstag zu antworten.<\/p>\n\n\n\n<p>\u00dcber E-Mail <a href=\"clientsupportteam@macalloy.com\">clientsupportteam@macalloy.com<\/a><br>Telefon: 01909 519202<\/p>\n\n\n\n<p>Unser Kundendienstteam ist f\u00fcr Sie da:<br>Montag &#8211; Donnerstag 8.30 Uhr &#8211; 17 Uhr<br>Freitag &#8211; 8.30 Uhr &#8211; 15 Uhr<\/p>\n","protected":false},"excerpt":{"rendered":"<p>Wir bei Macalloy sind bestrebt, Ihnen zu helfen, Ihre Projekte zu gewinnen. Wir bei Macalloy sind stolz darauf, ein eigenes Kundenbetreuungsteam eingerichtet zu haben. Es geht nicht nur um unsere Qualit\u00e4tsprodukte, auf die wir stolz sind, sondern auch um die Unterst\u00fctzung unserer Kunden, die Ihnen die Gewissheit gibt, dass alle Angebote und Auftr\u00e4ge effizient bearbeitet [&hellip;]<\/p>\n","protected":false},"author":4157,"featured_media":0,"parent":0,"menu_order":0,"comment_status":"closed","ping_status":"closed","template":"","meta":{"footnotes":""},"class_list":["hentry","page"],"yoast_head":"<!-- This site is optimized with the Yoast SEO plugin v27.3 - https:\/\/yoast.com\/product\/yoast-seo-wordpress\/ -->\n<title>Team Kundenbetreuung |<\/title>\n<meta name=\"robots\" content=\"index, follow, max-snippet:-1, max-image-preview:large, max-video-preview:-1\" \/>\n<link rel=\"canonical\" href=\"https:\/\/macalloy.com\/de\/team-kundenbetreuung\/\" \/>\n<meta property=\"og:locale\" content=\"de_DE\" \/>\n<meta property=\"og:type\" content=\"article\" \/>\n<meta property=\"og:title\" content=\"Team Kundenbetreuung |\" \/>\n<meta property=\"og:description\" content=\"Wir bei Macalloy sind bestrebt, Ihnen zu helfen, Ihre Projekte zu gewinnen. Wir bei Macalloy sind stolz darauf, ein eigenes Kundenbetreuungsteam eingerichtet zu haben. Es geht nicht nur um unsere Qualit\u00e4tsprodukte, auf die wir stolz sind, sondern auch um die Unterst\u00fctzung unserer Kunden, die Ihnen die Gewissheit gibt, dass alle Angebote und Auftr\u00e4ge effizient bearbeitet [&hellip;]\" \/>\n<meta property=\"og:url\" content=\"https:\/\/macalloy.com\/de\/team-kundenbetreuung\/\" \/>\n<meta property=\"og:site_name\" content=\"Macalloy\" \/>\n<meta property=\"article:modified_time\" content=\"2024-08-19T14:26:56+00:00\" \/>\n<meta property=\"og:image\" content=\"https:\/\/macalloy.com\/wp-content\/uploads\/2024\/08\/macalloy-client-support-team.jpg\" \/>\n<meta name=\"twitter:card\" content=\"summary_large_image\" \/>\n<meta name=\"twitter:label1\" content=\"Gesch\u00e4tzte Lesezeit\" \/>\n\t<meta name=\"twitter:data1\" content=\"1 Minute\" \/>\n<script type=\"application\/ld+json\" class=\"yoast-schema-graph\">{\"@context\":\"https:\\\/\\\/schema.org\",\"@graph\":[{\"@type\":\"WebPage\",\"@id\":\"https:\\\/\\\/macalloy.com\\\/de\\\/team-kundenbetreuung\\\/\",\"url\":\"https:\\\/\\\/macalloy.com\\\/de\\\/team-kundenbetreuung\\\/\",\"name\":\"Team Kundenbetreuung |\",\"isPartOf\":{\"@id\":\"https:\\\/\\\/macalloy.com\\\/de\\\/#website\"},\"primaryImageOfPage\":{\"@id\":\"https:\\\/\\\/macalloy.com\\\/de\\\/team-kundenbetreuung\\\/#primaryimage\"},\"image\":{\"@id\":\"https:\\\/\\\/macalloy.com\\\/de\\\/team-kundenbetreuung\\\/#primaryimage\"},\"thumbnailUrl\":\"https:\\\/\\\/macalloy.com\\\/wp-content\\\/uploads\\\/2024\\\/08\\\/macalloy-client-support-team.jpg\",\"datePublished\":\"2024-02-16T09:21:16+00:00\",\"dateModified\":\"2024-08-19T14:26:56+00:00\",\"breadcrumb\":{\"@id\":\"https:\\\/\\\/macalloy.com\\\/de\\\/team-kundenbetreuung\\\/#breadcrumb\"},\"inLanguage\":\"de-DE\",\"potentialAction\":[{\"@type\":\"ReadAction\",\"target\":[\"https:\\\/\\\/macalloy.com\\\/de\\\/team-kundenbetreuung\\\/\"]}]},{\"@type\":\"ImageObject\",\"inLanguage\":\"de-DE\",\"@id\":\"https:\\\/\\\/macalloy.com\\\/de\\\/team-kundenbetreuung\\\/#primaryimage\",\"url\":\"https:\\\/\\\/macalloy.com\\\/wp-content\\\/uploads\\\/2024\\\/08\\\/macalloy-client-support-team.jpg\",\"contentUrl\":\"https:\\\/\\\/macalloy.com\\\/wp-content\\\/uploads\\\/2024\\\/08\\\/macalloy-client-support-team.jpg\"},{\"@type\":\"BreadcrumbList\",\"@id\":\"https:\\\/\\\/macalloy.com\\\/de\\\/team-kundenbetreuung\\\/#breadcrumb\",\"itemListElement\":[{\"@type\":\"ListItem\",\"position\":1,\"name\":\"Home\",\"item\":\"https:\\\/\\\/macalloy.com\\\/de\\\/startseite\\\/\"},{\"@type\":\"ListItem\",\"position\":2,\"name\":\"Team Kundenbetreuung\"}]},{\"@type\":\"WebSite\",\"@id\":\"https:\\\/\\\/macalloy.com\\\/de\\\/#website\",\"url\":\"https:\\\/\\\/macalloy.com\\\/de\\\/\",\"name\":\"Macalloy\",\"description\":\"Threaded Bar Systems Trusted Worldwide\",\"potentialAction\":[{\"@type\":\"SearchAction\",\"target\":{\"@type\":\"EntryPoint\",\"urlTemplate\":\"https:\\\/\\\/macalloy.com\\\/de\\\/?s={search_term_string}\"},\"query-input\":{\"@type\":\"PropertyValueSpecification\",\"valueRequired\":true,\"valueName\":\"search_term_string\"}}],\"inLanguage\":\"de-DE\"}]}<\/script>\n<!-- \/ Yoast SEO plugin. -->","yoast_head_json":{"title":"Team Kundenbetreuung |","robots":{"index":"index","follow":"follow","max-snippet":"max-snippet:-1","max-image-preview":"max-image-preview:large","max-video-preview":"max-video-preview:-1"},"canonical":"https:\/\/macalloy.com\/de\/team-kundenbetreuung\/","og_locale":"de_DE","og_type":"article","og_title":"Team Kundenbetreuung |","og_description":"Wir bei Macalloy sind bestrebt, Ihnen zu helfen, Ihre Projekte zu gewinnen. Wir bei Macalloy sind stolz darauf, ein eigenes Kundenbetreuungsteam eingerichtet zu haben. Es geht nicht nur um unsere Qualit\u00e4tsprodukte, auf die wir stolz sind, sondern auch um die Unterst\u00fctzung unserer Kunden, die Ihnen die Gewissheit gibt, dass alle Angebote und Auftr\u00e4ge effizient bearbeitet [&hellip;]","og_url":"https:\/\/macalloy.com\/de\/team-kundenbetreuung\/","og_site_name":"Macalloy","article_modified_time":"2024-08-19T14:26:56+00:00","og_image":[{"url":"https:\/\/macalloy.com\/wp-content\/uploads\/2024\/08\/macalloy-client-support-team.jpg","type":"","width":"","height":""}],"twitter_card":"summary_large_image","twitter_misc":{"Gesch\u00e4tzte Lesezeit":"1 Minute"},"schema":{"@context":"https:\/\/schema.org","@graph":[{"@type":"WebPage","@id":"https:\/\/macalloy.com\/de\/team-kundenbetreuung\/","url":"https:\/\/macalloy.com\/de\/team-kundenbetreuung\/","name":"Team Kundenbetreuung |","isPartOf":{"@id":"https:\/\/macalloy.com\/de\/#website"},"primaryImageOfPage":{"@id":"https:\/\/macalloy.com\/de\/team-kundenbetreuung\/#primaryimage"},"image":{"@id":"https:\/\/macalloy.com\/de\/team-kundenbetreuung\/#primaryimage"},"thumbnailUrl":"https:\/\/macalloy.com\/wp-content\/uploads\/2024\/08\/macalloy-client-support-team.jpg","datePublished":"2024-02-16T09:21:16+00:00","dateModified":"2024-08-19T14:26:56+00:00","breadcrumb":{"@id":"https:\/\/macalloy.com\/de\/team-kundenbetreuung\/#breadcrumb"},"inLanguage":"de-DE","potentialAction":[{"@type":"ReadAction","target":["https:\/\/macalloy.com\/de\/team-kundenbetreuung\/"]}]},{"@type":"ImageObject","inLanguage":"de-DE","@id":"https:\/\/macalloy.com\/de\/team-kundenbetreuung\/#primaryimage","url":"https:\/\/macalloy.com\/wp-content\/uploads\/2024\/08\/macalloy-client-support-team.jpg","contentUrl":"https:\/\/macalloy.com\/wp-content\/uploads\/2024\/08\/macalloy-client-support-team.jpg"},{"@type":"BreadcrumbList","@id":"https:\/\/macalloy.com\/de\/team-kundenbetreuung\/#breadcrumb","itemListElement":[{"@type":"ListItem","position":1,"name":"Home","item":"https:\/\/macalloy.com\/de\/startseite\/"},{"@type":"ListItem","position":2,"name":"Team Kundenbetreuung"}]},{"@type":"WebSite","@id":"https:\/\/macalloy.com\/de\/#website","url":"https:\/\/macalloy.com\/de\/","name":"Macalloy","description":"Threaded Bar Systems Trusted Worldwide","potentialAction":[{"@type":"SearchAction","target":{"@type":"EntryPoint","urlTemplate":"https:\/\/macalloy.com\/de\/?s={search_term_string}"},"query-input":{"@type":"PropertyValueSpecification","valueRequired":true,"valueName":"search_term_string"}}],"inLanguage":"de-DE"}]}},"_links":{"self":[{"href":"https:\/\/macalloy.com\/de\/wp-json\/wp\/v2\/pages\/30515","targetHints":{"allow":["GET"]}}],"collection":[{"href":"https:\/\/macalloy.com\/de\/wp-json\/wp\/v2\/pages"}],"about":[{"href":"https:\/\/macalloy.com\/de\/wp-json\/wp\/v2\/types\/page"}],"author":[{"embeddable":true,"href":"https:\/\/macalloy.com\/de\/wp-json\/wp\/v2\/users\/4157"}],"replies":[{"embeddable":true,"href":"https:\/\/macalloy.com\/de\/wp-json\/wp\/v2\/comments?post=30515"}],"version-history":[{"count":0,"href":"https:\/\/macalloy.com\/de\/wp-json\/wp\/v2\/pages\/30515\/revisions"}],"wp:attachment":[{"href":"https:\/\/macalloy.com\/de\/wp-json\/wp\/v2\/media?parent=30515"}],"curies":[{"name":"wp","href":"https:\/\/api.w.org\/{rel}","templated":true}]}}