{"id":32690,"date":"2025-07-24T11:44:38","date_gmt":"2025-07-24T10:44:38","guid":{"rendered":"https:\/\/macalloy.com\/?page_id=32690"},"modified":"2025-08-15T09:40:44","modified_gmt":"2025-08-15T08:40:44","slug":"testimonials","status":"publish","type":"page","link":"https:\/\/macalloy.com\/de\/testimonials\/","title":{"rendered":"Testimonials"},"content":{"rendered":"\n<div style=\"height:40px\" aria-hidden=\"true\" class=\"wp-block-spacer\"><\/div>\n\n\n\n<blockquote class=\"wp-block-quote is-layout-flow wp-block-quote-is-layout-flow\">\n<p class=\"has-primary-900-color has-text-color has-link-color animate animate--up wp-elements-aa87348b74bef173e53abd0c19cf0b9c\">&#8220;Wir m\u00f6chten uns bei Karen und Beth f\u00fcr den hervorragenden Service bedanken, den Macalloy uns bei der Lieferung der M20- und M24-Schwellen Spannliederund der dazugeh\u00f6rigen Spannschl\u00f6sser geboten hat. Die Qualit\u00e4t eurer Dienstleistungen war ausgezeichnet und ihr habt alle unsere vielen verschiedenen Anfragen im Laufe der Arbeiten ber\u00fccksichtigt. Sie waren beide stets h\u00f6flich, informativ und \u00e4u\u00dferst sachkundig in Bezug auf die Produkte, die Sie uns f\u00fcr ein strukturell anspruchsvolles Projekt geliefert haben. Nochmals vielen Dank f\u00fcr Ihre Hilfe und Unterst\u00fctzung.&#8221;<\/p>\n<\/blockquote>\n\n\n\n<p class=\"has-primary-900-color has-text-color has-link-color animate animate--up wp-elements-df7a33fb51a2f5a761b5b0b406348a6e\">Ian Neave (Building &amp; Maintenance Norfolk Ltd)<\/p>\n\n\n\n<div class=\"wp-block-cover alignfull is-light animate animate--up\"><span aria-hidden=\"true\" class=\"wp-block-cover__background has-neutral-300-background-color has-background-dim-100 has-background-dim\"><\/span><div class=\"wp-block-cover__inner-container is-layout-constrained wp-block-cover-is-layout-constrained\">\n<blockquote class=\"wp-block-quote animate animate--up is-layout-flow wp-block-quote-is-layout-flow\">\n<p class=\"mb-5 has-primary-900-color has-text-color has-link-color animate animate--up wp-elements-02edf9ba3c3424a07d7b01852ca8ef09\">&#8220;Macalloy hat uns das Vertrauen gegeben, \u00fcber Standarddesigns hinauszugehen und ma\u00dfgeschneiderte Elemente zu entwickeln, um etwas Erstaunliches und noch nie Dagewesenes zu erreichen. Macalloy bot w\u00e4hrend der gesamten Herstellung Schulungen und technische Unterst\u00fctzung an. Sie zeigten dem Team von Factum Arte, wie man die Stangen installiert und spannt. Au\u00dferdem waren sie flexibel und haben bestimmte Elemente bei Bedarf schnell nachgefertigt.&#8221;<\/p>\n<\/blockquote>\n\n\n\n<p class=\"has-primary-900-color has-text-color has-link-color animate animate--up wp-elements-703fefba5c880620dcb993111f53cfc9\">Max Clayton (Strukturelle Werkstattingenieure, London)<\/p>\n<\/div><\/div>\n\n\n\n<blockquote class=\"wp-block-quote is-layout-flow wp-block-quote-is-layout-flow\">\n<p class=\"has-primary-900-color has-text-color has-link-color animate animate--up wp-elements-831f50cd7628ca9ed0a902136098e21a\">&#8220;Vielen Dank f\u00fcr all die Zeichnungen, Kostenvoranschl\u00e4ge und Ratschl\u00e4ge. Alle Vorschl\u00e4ge, die Sie w\u00e4hrend des Prozesses f\u00fcr Technik, Verarbeitung und Installation gemacht haben, waren unglaublich hilfreich. Alle Teile sahen gro\u00dfartig aus und haben wirklich gut funktioniert. Sie haben jetzt einen sehr prominenten Platz \u00fcber dem Bahnhof in Paddington. Nochmals vielen Dank f\u00fcr die sehr kurzfristige Beschaffung der Teile w\u00e4hrend der Installation, wir haben das sehr zu sch\u00e4tzen gewusst.&#8221;<\/p>\n<\/blockquote>\n\n\n\n<p class=\"has-primary-900-color has-text-color has-link-color animate animate--up wp-elements-070429958eab459b8a239fbebbc92e56\">Ben Ryan (The Whitewall Company)<\/p>\n\n\n\n<div class=\"wp-block-cover alignfull is-light animate animate--up\"><span aria-hidden=\"true\" class=\"wp-block-cover__background has-neutral-300-background-color has-background-dim-100 has-background-dim\"><\/span><div class=\"wp-block-cover__inner-container is-layout-constrained wp-block-cover-is-layout-constrained\">\n<blockquote class=\"wp-block-quote animate animate--up is-layout-flow wp-block-quote-is-layout-flow\">\n<p class=\"mb-5 has-primary-900-color has-text-color has-link-color animate animate--up wp-elements-18a23c11d8242da3f052bbe715501d4e\">&#8220;Das erste Mal, dass wir als Unternehmen bei Macalloy bestellt haben, war der Service vom ersten Kontakt bis zur Lieferung des Produkts un\u00fcbertroffen. Bei einer extrem kurzfristigen \u00c4nderung der Anforderungen an das bestellte Produkt hat uns das Team von Macalloy geholfen, die aktualisierten Anforderungen in weniger als 24 Stunden zu erf\u00fcllen und sicherzustellen, dass wir unseren Termin f\u00fcr die Installation bei unserem Kunden einhalten. Ihre harte Arbeit und ihr Engagement f\u00fcr uns als Kunden waren erstaunlich und wir werden sie f\u00fcr jede Anforderung, die sich in ihrem Arbeitsbereich ergibt, wieder beauftragen. Vielen Dank, Macalloy Team!&#8221;<\/p>\n<\/blockquote>\n\n\n\n<p class=\"has-primary-900-color has-text-color has-link-color animate animate--up wp-elements-4be51a46fb112eb83880a29f64f92a03\">Joe Hammand, Betriebsleiter (Assesmont Group Ltd)<\/p>\n<\/div><\/div>\n\n\n\n<blockquote class=\"wp-block-quote is-layout-flow wp-block-quote-is-layout-flow\">\n<p class=\"has-primary-900-color has-text-color has-link-color animate animate--up wp-elements-e84b9bd1b236db5f1d00a1f7277e5f55\">\u201cWir hatten k\u00fcrzlich das Vergn\u00fcgen, eine Macalloy CPD in unserem B\u00fcro zu veranstalten. Die Fortbildung war sehr informativ, wir fanden den Inhalt sehr gut pr\u00e4sentiert und relevant f\u00fcr unsere Rolle bei einer Reihe von Projekten. Die Pr\u00e4sentation war klar, pr\u00e4gnant und p\u00fcnktlich &#8211; insgesamt eine ausgezeichnete Fortbildung.\u201d<\/p>\n<\/blockquote>\n\n\n\n<p class=\"has-primary-900-color has-text-color has-link-color animate animate--up wp-elements-7b1345dec7ffe74fe2c251737d9fdbe5\">Paul Taite, Direktor (Hanley Taite Design Partnership)<\/p>\n\n\n\n<div class=\"wp-block-cover alignfull is-light mb-0 animate animate--up\"><span aria-hidden=\"true\" class=\"wp-block-cover__background has-neutral-300-background-color has-background-dim-100 has-background-dim\"><\/span><div class=\"wp-block-cover__inner-container is-layout-constrained wp-block-cover-is-layout-constrained\">\n<blockquote class=\"wp-block-quote animate animate--up is-layout-flow wp-block-quote-is-layout-flow\">\n<p class=\"mb-5 has-primary-900-color has-text-color has-link-color animate animate--up wp-elements-de2c5da56a21726042b442c90c3e9c96\">&#8220;Das Spannteam hat einen sehr guten Service geboten, es war gut organisiert und die Ausr\u00fcstung kam rechtzeitig vor Beginn der Arbeiten an. Ich w\u00fcrde sie ohne Bedenken f\u00fcr zuk\u00fcnftige Arbeiten empfehlen.&#8221;<\/p>\n<\/blockquote>\n\n\n\n<p class=\"has-primary-900-color has-text-color has-link-color animate animate--up wp-elements-ea5575a2cd63c09aa18f82db997ec023\">Stephen&nbsp;Graham, Projektleiter (Severfield Commercial &amp; Industrial)<\/p>\n<\/div><\/div>\n\n\n\n<blockquote class=\"wp-block-quote is-layout-flow wp-block-quote-is-layout-flow\">\n<p class=\"mt-8 has-primary-900-color has-text-color has-link-color animate animate--up wp-elements-9de194a8fcb139064da5da84e8d51917\">\u201cF\u00fcr Lithic Chords auf der Architekturbiennale von Venedig 2025 haben wir dieses Projekt aus einem vielf\u00e4ltigen Blickwinkel betrachtet und Architektur, Kunst, Technik und Klang zusammengebracht. Dank der Qualit\u00e4t und des Fachwissens von Macalloy konnten wir diese Vision erfolgreich in die Tat umsetzen. Das Material lie\u00df die Struktur zu einem Kunstwerk werden und brachte strukturelle Systeme, die von Musikinstrumenten inspiriert sind, wundersch\u00f6n zum Ausdruck. Die Sichtbarkeit und die Resonanz des Projekts beruhen auf diesen Kooperationen. Der Beitrag von Macalloy hat das Projekt nicht nur unterst\u00fctzt, sondern auch dazu beigetragen, es in einen poetischen, performativen Raum zu verwandeln, der auf unerwartete Weise mit der \u00d6ffentlichkeit in Kontakt tritt.\u201d<\/p>\n<\/blockquote>\n\n\n\n<p class=\"has-primary-900-color has-text-color has-link-color animate animate--up wp-elements-ffb7c658b3e63e2304f6686dc590af4b\">Cristina Morbi, Direktorin Maetherea<\/p>\n\n\n\n<div class=\"wp-block-cover alignfull is-light mt-8 mb-0 animate animate--up\"><span aria-hidden=\"true\" class=\"wp-block-cover__background has-neutral-300-background-color has-background-dim-100 has-background-dim\"><\/span><div class=\"wp-block-cover__inner-container is-layout-constrained wp-block-cover-is-layout-constrained\">\n<blockquote class=\"wp-block-quote animate animate--up is-layout-flow wp-block-quote-is-layout-flow\">\n<p class=\"mb-5 mt-5 has-primary-900-color has-text-color has-link-color animate animate--up wp-elements-830b54daa6eda102f445f61c034e29c1\">Macalloy spielte eine entscheidende Rolle bei der Konstruktion und Realisierung des Spannstangensystems f\u00fcr Lithic Chords, einer vorgespannten Steinskulptur, die auf der 19. Architekturbiennale in Venedig zu sehen war. Von dem Moment an, als ich Mark Ellis um Unterst\u00fctzung bat, haben er und das gesamte Macalloy-Team unser Projekt mit Begeisterung begleitet und uns von Anfang an fachkundig beraten. Sie berieten uns ausf\u00fchrlich bei der Materialauswahl, um die beste Kombination aus struktureller Leistungsf\u00e4higkeit und \u00c4sthetik zu gew\u00e4hrleisten, und gingen bei der Installation weit \u00fcber ihre Pflichten hinaus, indem sie den Aufbau demonstrierten und sogar firmeneigene Werkzeuge und Verbindungselemente zur Verf\u00fcgung stellten, um den Erfolg zu garantieren. Wann immer unerwartete Herausforderungen vor Ort auftraten, war Macalloy nur einen Anruf entfernt und bot praktische L\u00f6sungen aus der Ferne an. Die Zusammenarbeit mit ihnen war eine fantastische Erfahrung, und ich bin Mark Ellis und Chris Jayoba f\u00fcr ihr Engagement und ihre Unterst\u00fctzung besonders dankbar. Vielen Dank, Leute!<\/p>\n<\/blockquote>\n\n\n\n<p class=\"mb-5 has-primary-900-color has-text-color has-link-color animate animate--up wp-elements-1800529125d8c248a9c2b9daaf581f14\">Francesco Banchini, Senior Engineering Consultant, Schlaich Bergermann Partner<\/p>\n<\/div><\/div>\n\n\n\n<div class=\"wp-block-cover alignfull is-light mt-0 mb-0 animate animate--up\" style=\"min-height:600px;aspect-ratio:unset;\"><span aria-hidden=\"true\" class=\"wp-block-cover__background has-background-dim-30 has-background-dim\"><\/span><img fetchpriority=\"high\" decoding=\"async\" width=\"1920\" height=\"1280\" class=\"wp-block-cover__image-background wp-image-2035\" alt=\"\" src=\"https:\/\/macalloystg.wpengine.com\/wp-content\/uploads\/2021\/09\/Macalloy-112A2129.jpg\" style=\"object-position:58% 68%\" data-object-fit=\"cover\" data-object-position=\"58% 68%\" srcset=\"https:\/\/macalloy.com\/wp-content\/uploads\/2021\/09\/Macalloy-112A2129.jpg 1920w, https:\/\/macalloy.com\/wp-content\/uploads\/2021\/09\/Macalloy-112A2129-600x400.jpg 600w, https:\/\/macalloy.com\/wp-content\/uploads\/2021\/09\/Macalloy-112A2129-300x200.jpg 300w, https:\/\/macalloy.com\/wp-content\/uploads\/2021\/09\/Macalloy-112A2129-1024x683.jpg 1024w, https:\/\/macalloy.com\/wp-content\/uploads\/2021\/09\/Macalloy-112A2129-768x512.jpg 768w, https:\/\/macalloy.com\/wp-content\/uploads\/2021\/09\/Macalloy-112A2129-1536x1024.jpg 1536w\" sizes=\"(max-width: 1920px) 100vw, 1920px\" \/><div class=\"wp-block-cover__inner-container is-layout-flow wp-block-cover-is-layout-flow\">\n<div class=\"wp-block-columns alignwide is-layout-flex wp-container-core-columns-is-layout-9d6595d7 wp-block-columns-is-layout-flex\">\n<div class=\"wp-block-column is-layout-flow wp-block-column-is-layout-flow\">\n<h4 class=\"wp-block-heading has-neutral-0-color has-text-color animate animate--right animate--delay-short\">M\u00f6chten Sie \u00fcber ein Projekt sprechen?<\/h4>\n\n\n\n<h2 class=\"wp-block-heading mb-1 h1 has-neutral-0-color has-text-color animate animate--left animate--delay-medium\">+44 (0)1909 519 200<\/h2>\n\n\n\n<p class=\"has-neutral-0-color has-text-color animate animate--left animate--delay-long\">Rufen Sie uns an oder nutzen Sie den Live-Chat f\u00fcr eine schnelle Antwort<\/p>\n<\/div>\n\n\n\n<div class=\"wp-block-column is-layout-flow wp-block-column-is-layout-flow\"><\/div>\n<\/div>\n<\/div><\/div>\n","protected":false},"excerpt":{"rendered":"<p>&#8220;Wir m\u00f6chten uns bei Karen und Beth f\u00fcr den hervorragenden Service bedanken, den Macalloy uns bei der Lieferung der M20- und M24-Schwellen Spannliederund der dazugeh\u00f6rigen Spannschl\u00f6sser geboten hat. Die Qualit\u00e4t eurer Dienstleistungen war ausgezeichnet und ihr habt alle unsere vielen verschiedenen Anfragen im Laufe der Arbeiten ber\u00fccksichtigt. Sie waren beide stets h\u00f6flich, informativ und \u00e4u\u00dferst [&hellip;]<\/p>\n","protected":false},"author":3,"featured_media":0,"parent":0,"menu_order":0,"comment_status":"closed","ping_status":"closed","template":"","meta":{"footnotes":""},"class_list":["hentry","page"],"yoast_head":"<!-- This site is optimized with the Yoast SEO plugin v27.3 - https:\/\/yoast.com\/product\/yoast-seo-wordpress\/ -->\n<title>Testimonials |<\/title>\n<meta name=\"robots\" content=\"index, follow, max-snippet:-1, max-image-preview:large, max-video-preview:-1\" \/>\n<link rel=\"canonical\" href=\"https:\/\/macalloy.com\/de\/testimonials\/\" \/>\n<meta property=\"og:locale\" content=\"de_DE\" \/>\n<meta property=\"og:type\" content=\"article\" \/>\n<meta property=\"og:title\" content=\"Testimonials |\" \/>\n<meta property=\"og:description\" content=\"&#8220;Wir m\u00f6chten uns bei Karen und Beth f\u00fcr den hervorragenden Service bedanken, den Macalloy uns bei der Lieferung der M20- und M24-Schwellen Spannliederund der dazugeh\u00f6rigen Spannschl\u00f6sser geboten hat. Die Qualit\u00e4t eurer Dienstleistungen war ausgezeichnet und ihr habt alle unsere vielen verschiedenen Anfragen im Laufe der Arbeiten ber\u00fccksichtigt. Sie waren beide stets h\u00f6flich, informativ und \u00e4u\u00dferst [&hellip;]\" \/>\n<meta property=\"og:url\" content=\"https:\/\/macalloy.com\/de\/testimonials\/\" \/>\n<meta property=\"og:site_name\" content=\"Macalloy\" \/>\n<meta property=\"article:modified_time\" content=\"2025-08-15T08:40:44+00:00\" \/>\n<meta name=\"twitter:card\" content=\"summary_large_image\" \/>\n<meta name=\"twitter:label1\" content=\"Gesch\u00e4tzte Lesezeit\" \/>\n\t<meta name=\"twitter:data1\" content=\"4 Minuten\" \/>\n<script type=\"application\/ld+json\" class=\"yoast-schema-graph\">{\"@context\":\"https:\\\/\\\/schema.org\",\"@graph\":[{\"@type\":\"WebPage\",\"@id\":\"https:\\\/\\\/macalloy.com\\\/de\\\/testimonials\\\/\",\"url\":\"https:\\\/\\\/macalloy.com\\\/de\\\/testimonials\\\/\",\"name\":\"Testimonials |\",\"isPartOf\":{\"@id\":\"https:\\\/\\\/macalloy.com\\\/de\\\/#website\"},\"datePublished\":\"2025-07-24T10:44:38+00:00\",\"dateModified\":\"2025-08-15T08:40:44+00:00\",\"breadcrumb\":{\"@id\":\"https:\\\/\\\/macalloy.com\\\/de\\\/testimonials\\\/#breadcrumb\"},\"inLanguage\":\"de-DE\",\"potentialAction\":[{\"@type\":\"ReadAction\",\"target\":[\"https:\\\/\\\/macalloy.com\\\/de\\\/testimonials\\\/\"]}]},{\"@type\":\"BreadcrumbList\",\"@id\":\"https:\\\/\\\/macalloy.com\\\/de\\\/testimonials\\\/#breadcrumb\",\"itemListElement\":[{\"@type\":\"ListItem\",\"position\":1,\"name\":\"Home\",\"item\":\"https:\\\/\\\/macalloy.com\\\/de\\\/startseite\\\/\"},{\"@type\":\"ListItem\",\"position\":2,\"name\":\"Testimonials\"}]},{\"@type\":\"WebSite\",\"@id\":\"https:\\\/\\\/macalloy.com\\\/de\\\/#website\",\"url\":\"https:\\\/\\\/macalloy.com\\\/de\\\/\",\"name\":\"Macalloy\",\"description\":\"Threaded Bar Systems Trusted Worldwide\",\"potentialAction\":[{\"@type\":\"SearchAction\",\"target\":{\"@type\":\"EntryPoint\",\"urlTemplate\":\"https:\\\/\\\/macalloy.com\\\/de\\\/?s={search_term_string}\"},\"query-input\":{\"@type\":\"PropertyValueSpecification\",\"valueRequired\":true,\"valueName\":\"search_term_string\"}}],\"inLanguage\":\"de-DE\"}]}<\/script>\n<!-- \/ Yoast SEO plugin. -->","yoast_head_json":{"title":"Testimonials |","robots":{"index":"index","follow":"follow","max-snippet":"max-snippet:-1","max-image-preview":"max-image-preview:large","max-video-preview":"max-video-preview:-1"},"canonical":"https:\/\/macalloy.com\/de\/testimonials\/","og_locale":"de_DE","og_type":"article","og_title":"Testimonials |","og_description":"&#8220;Wir m\u00f6chten uns bei Karen und Beth f\u00fcr den hervorragenden Service bedanken, den Macalloy uns bei der Lieferung der M20- und M24-Schwellen Spannliederund der dazugeh\u00f6rigen Spannschl\u00f6sser geboten hat. Die Qualit\u00e4t eurer Dienstleistungen war ausgezeichnet und ihr habt alle unsere vielen verschiedenen Anfragen im Laufe der Arbeiten ber\u00fccksichtigt. Sie waren beide stets h\u00f6flich, informativ und \u00e4u\u00dferst [&hellip;]","og_url":"https:\/\/macalloy.com\/de\/testimonials\/","og_site_name":"Macalloy","article_modified_time":"2025-08-15T08:40:44+00:00","twitter_card":"summary_large_image","twitter_misc":{"Gesch\u00e4tzte Lesezeit":"4 Minuten"},"schema":{"@context":"https:\/\/schema.org","@graph":[{"@type":"WebPage","@id":"https:\/\/macalloy.com\/de\/testimonials\/","url":"https:\/\/macalloy.com\/de\/testimonials\/","name":"Testimonials |","isPartOf":{"@id":"https:\/\/macalloy.com\/de\/#website"},"datePublished":"2025-07-24T10:44:38+00:00","dateModified":"2025-08-15T08:40:44+00:00","breadcrumb":{"@id":"https:\/\/macalloy.com\/de\/testimonials\/#breadcrumb"},"inLanguage":"de-DE","potentialAction":[{"@type":"ReadAction","target":["https:\/\/macalloy.com\/de\/testimonials\/"]}]},{"@type":"BreadcrumbList","@id":"https:\/\/macalloy.com\/de\/testimonials\/#breadcrumb","itemListElement":[{"@type":"ListItem","position":1,"name":"Home","item":"https:\/\/macalloy.com\/de\/startseite\/"},{"@type":"ListItem","position":2,"name":"Testimonials"}]},{"@type":"WebSite","@id":"https:\/\/macalloy.com\/de\/#website","url":"https:\/\/macalloy.com\/de\/","name":"Macalloy","description":"Threaded Bar Systems Trusted Worldwide","potentialAction":[{"@type":"SearchAction","target":{"@type":"EntryPoint","urlTemplate":"https:\/\/macalloy.com\/de\/?s={search_term_string}"},"query-input":{"@type":"PropertyValueSpecification","valueRequired":true,"valueName":"search_term_string"}}],"inLanguage":"de-DE"}]}},"_links":{"self":[{"href":"https:\/\/macalloy.com\/de\/wp-json\/wp\/v2\/pages\/32690","targetHints":{"allow":["GET"]}}],"collection":[{"href":"https:\/\/macalloy.com\/de\/wp-json\/wp\/v2\/pages"}],"about":[{"href":"https:\/\/macalloy.com\/de\/wp-json\/wp\/v2\/types\/page"}],"author":[{"embeddable":true,"href":"https:\/\/macalloy.com\/de\/wp-json\/wp\/v2\/users\/3"}],"replies":[{"embeddable":true,"href":"https:\/\/macalloy.com\/de\/wp-json\/wp\/v2\/comments?post=32690"}],"version-history":[{"count":0,"href":"https:\/\/macalloy.com\/de\/wp-json\/wp\/v2\/pages\/32690\/revisions"}],"wp:attachment":[{"href":"https:\/\/macalloy.com\/de\/wp-json\/wp\/v2\/media?parent=32690"}],"curies":[{"name":"wp","href":"https:\/\/api.w.org\/{rel}","templated":true}]}}