{"id":29332,"date":"2023-12-05T13:00:15","date_gmt":"2023-12-05T13:00:15","guid":{"rendered":"https:\/\/macalloy.com\/?page_id=29332"},"modified":"2024-07-11T11:54:14","modified_gmt":"2024-07-11T10:54:14","slug":"macalloy-y-tekla-software","status":"publish","type":"page","link":"https:\/\/macalloy.com\/es\/macalloy-y-tekla-software\/","title":{"rendered":"Macalloy y Tekla Software"},"content":{"rendered":"<div class=\"wp-block-image\">\n<figure class=\"aligncenter size-full\"><img fetchpriority=\"high\" decoding=\"async\" width=\"625\" height=\"125\" src=\"https:\/\/macalloy.com\/wp-content\/uploads\/2023\/04\/takla-macalloy-logo.webp\" alt=\"Macalloy has been working closely with Trimble, an industrial Technology company, to develop BIM models for our tension rod and compression strut range for use with Tekla software.\" class=\"wp-image-27939\" srcset=\"https:\/\/macalloy.com\/wp-content\/uploads\/2023\/04\/takla-macalloy-logo.webp 625w, https:\/\/macalloy.com\/wp-content\/uploads\/2023\/04\/takla-macalloy-logo-600x120.webp 600w, https:\/\/macalloy.com\/wp-content\/uploads\/2023\/04\/takla-macalloy-logo-300x60.webp 300w\" sizes=\"(max-width: 625px) 100vw, 625px\" \/><\/figure>\n<\/div>\n\n\n<h4 class=\"wp-block-heading\">Gama de varillas de tensi\u00f3n Macalloy (BIM) en el software Tekla<\/h4>\n\n\n\n<p>Macalloy ha trabajado estrechamente con Trimble, una empresa de tecnolog\u00eda industrial, para desarrollar modelos BIM para nuestra gama de barras de tensi\u00f3n y puntales de compresi\u00f3n para su uso con el software Tekla.<\/p>\n\n\n\n<p>Los objetos BIM de Macalloy han sido desarrollados espec\u00edficamente para su uso con Tekla Structures. Estos objetos nativos proporcionan al dise\u00f1ador un f\u00e1cil ajuste a los puntos de referencia y las caracter\u00edsticas mas vigentes.<\/p>\n\n\n\n<p>Est\u00e1n disponibles para su descarga en la <a href=\"https:\/\/macalloy.com\/es\/descargas-tecnicas\/\">p\u00e1gina web de Macalloy <\/a>y <a href=\"https:\/\/warehouse.tekla.com\/#\/catalog\/details\/b8dfd996-db39-49b5-bee9-8e074198d1d3\">en el almac\u00e9n de Tekla.<\/a><\/p>\n\n\n\n<p>\u00bfPor qu\u00e9 usar los objetos BIM de Macalloy en Tekla Structures?<br>Los modelos de Tekla Structures para los miembros de tensi\u00f3n arquitect\u00f3nica Macalloy y los puntales de compresi\u00f3n.<\/p>\n\n\n\n<figure class=\"wp-block-image size-full\"><img decoding=\"async\" width=\"600\" height=\"443\" src=\"https:\/\/macalloy.com\/wp-content\/uploads\/2023\/04\/Macalloy-Trimble-Image-with-Structure-600.webp\" alt=\"\" class=\"wp-image-28031\" srcset=\"https:\/\/macalloy.com\/wp-content\/uploads\/2023\/04\/Macalloy-Trimble-Image-with-Structure-600.webp 600w, https:\/\/macalloy.com\/wp-content\/uploads\/2023\/04\/Macalloy-Trimble-Image-with-Structure-600-300x222.webp 300w\" sizes=\"(max-width: 600px) 100vw, 600px\" \/><\/figure>\n\n\n\n<ul class=\"wp-block-list\">\n<li>Aplica varios componentes a lo largo del tirante arquitect\u00f3nico.<\/li>\n\n\n\n<li>Define la posici\u00f3n del tensor, la placa nervada del tensor, el enganche y el enganche transversal.<\/li>\n\n\n\n<li>Define la longitud m\u00e1xima de la barra de tracci\u00f3n y de los puntales de compresi\u00f3n para evitar especificaciones de dise\u00f1o incorrectas. Si se superan los l\u00edmites del sistema, los componentes se ponen en rojo.<\/li>\n\n\n\n<li>Permite a los ingenieros especificar el tipo de material para las zonas de la barra de tracci\u00f3n y del puntal de compresi\u00f3n.<\/li>\n\n\n\n<li>Crea un dise\u00f1o configurado con precisi\u00f3n al inicio del proceso de dise\u00f1o.<\/li>\n\n\n\n<li>Eficiencia en la construcci\u00f3n, ofrece ahorro de costes.<\/li>\n\n\n\n<li>Aplica un peso aproximado a todos los objetos Macalloy BIM, que aparecer\u00e1n en el informe del producto.<\/li>\n\n\n\n<li>Los \u00e1ngulos del disco de conexi\u00f3n y del acoplamiento transversal tambi\u00e9n est\u00e1n limitados a 40-140 grados, volviendo a la configuraci\u00f3n aceptable m\u00e1s cercana si se selecciona un \u00e1ngulo fuera del rango.<\/li>\n<\/ul>\n\n\n\n<p>\u00bfQu\u00e9 productos Macalloy est\u00e1n disponibles para Tekla?<\/p>\n\n\n\n<p><a href=\"https:\/\/macalloy.com\/es\/productos-y-servicios\/estructuras-de-tension\/sistema-de-barras-macalloy-550\/\">Barras de tensi\u00f3n arquitect\u00f3nicas Macalloy 550<\/a> (M10-M120) y <a href=\"https:\/\/macalloy.com\/es\/productos-y-servicios\/puntales-de-compresion\/\">puntales de compresi\u00f3n<\/a> (M12-M100), todos disponibles en acero galvanizado, al carbono o inoxidable.<\/p>\n\n\n\n<div class=\"wp-block-columns is-layout-flex wp-container-core-columns-is-layout-9d6595d7 wp-block-columns-is-layout-flex\">\n<div class=\"wp-block-column is-layout-flow wp-block-column-is-layout-flow\"><div class=\"wp-block-image\">\n<figure class=\"aligncenter size-full is-resized\"><a href=\"https:\/\/warehouse.tekla.com\/#\/catalog\/details\/b8dfd996-db39-49b5-bee9-8e074198d1d3\"><img decoding=\"async\" src=\"https:\/\/macalloy.com\/wp-content\/uploads\/2023\/04\/Tekla-Logo.jpg\" alt=\"\" class=\"wp-image-27873\" style=\"width:260px;height:260px\"\/><\/a><figcaption class=\"wp-element-caption\">Macalloy en el sitio de Tekla<\/figcaption><\/figure>\n<\/div><\/div>\n\n\n\n<div class=\"wp-block-column is-layout-flow wp-block-column-is-layout-flow\"><div class=\"wp-block-image\">\n<figure class=\"aligncenter size-full is-resized\"><a href=\"https:\/\/support.tekla.com\/help\/tekla-structures\/not-version-specific\/help_macalloy_systems\"><img decoding=\"async\" src=\"https:\/\/macalloy.com\/wp-content\/uploads\/2023\/04\/Tekla-Logo.jpg\" alt=\"\" class=\"wp-image-27873\" style=\"width:258px;height:258px\"\/><\/a><figcaption class=\"wp-element-caption\">Ayuda Macalloy,<br>Ayuda al usuario de Tekla<\/figcaption><\/figure>\n<\/div><\/div>\n<\/div>\n\n\n<div class=\"post__sharing animate animate--up animate--delay-long\"><strong class=\"sharing__title\">Share<\/strong><ul class=\"sharing__list\"><li class=\"sharing__item\"><a class=\"sharing__link sharing__link--facebook js-share\" href=\"https:\/\/www.facebook.com\/sharer\/sharer.php?u=https%3A%2F%2Fmacalloy.com%2Fes%2Fmacalloy-y-tekla-software%2F\">Facebook <svg xmlns=\"http:\/\/www.w3.org\/2000\/svg\" xmlns:xlink=\"http:\/\/www.w3.org\/1999\/xlink\" width=\"100\" height=\"100\" viewBox=\"0 0 100 100\"><g transform=\"translate(51.909 -29.171) rotate(45)\"><path d=\"M78.4,33.1,78.959,0,45.815,1.351l.3,5.515H68.537L0,75.4l4.54,4.54L73.077,11.405V32.58Z\" transform=\"translate(-0.882 56.319) rotate(-45)\"\/><\/g><\/svg><\/a><\/li><li class=\"sharing__item\"><a class=\"sharing__link sharing__link--twitter js-share\" href=\"https:\/\/twitter.com\/intent\/tweet?url=https%3A%2F%2Fmacalloy.com%2Fes%2Fmacalloy-y-tekla-software%2F&text=Gama+de+varillas+de+tensi%C3%B3n+Macalloy+%28BIM%29+en+el+software+Tekla+Macalloy+ha+trabajado+estrechamente+con+Trimble%2C+una+empresa+de+tecnolog%C3%ADa+industrial%2C+para+desarrollar+modelos+BIM+para+nuestra+gama+de+barras+de+tensi%C3%B3n+y+puntales+de+compresi%C3%B3n+para+su+uso+con+el+software+Tekla.+Los+objetos+BIM+de+Macalloy+han+sido+desarrollados+espec%C3%ADficamente+para+su+%5B%26hellip%3B%5D\">Twitter <svg xmlns=\"http:\/\/www.w3.org\/2000\/svg\" xmlns:xlink=\"http:\/\/www.w3.org\/1999\/xlink\" width=\"100\" height=\"100\" viewBox=\"0 0 100 100\"><g transform=\"translate(51.909 -29.171) rotate(45)\"><path d=\"M78.4,33.1,78.959,0,45.815,1.351l.3,5.515H68.537L0,75.4l4.54,4.54L73.077,11.405V32.58Z\" transform=\"translate(-0.882 56.319) rotate(-45)\"\/><\/g><\/svg><\/a><\/li><li class=\"sharing__item\"><a class=\"sharing__link sharing__link--linkedin js-share\" href=\"https:\/\/www.linkedin.com\/shareArticle?mini=true&url=https%3A%2F%2Fmacalloy.com%2Fes%2Fmacalloy-y-tekla-software%2F&title=LinkedIn&summary=Gama+de+varillas+de+tensi%C3%B3n+Macalloy+%28BIM%29+en+el+software+Tekla+Macalloy+ha+trabajado+estrechamente+con+Trimble%2C+una+empresa+de+tecnolog%C3%ADa+industrial%2C+para+desarrollar+modelos+BIM+para+nuestra+gama+de+barras+de+tensi%C3%B3n+y+puntales+de+compresi%C3%B3n+para+su+uso+con+el+software+Tekla.+Los+objetos+BIM+de+Macalloy+han+sido+desarrollados+espec%C3%ADficamente+para+su+%5B%26hellip%3B%5D&source=LinkedIn\">LinkedIn <svg xmlns=\"http:\/\/www.w3.org\/2000\/svg\" xmlns:xlink=\"http:\/\/www.w3.org\/1999\/xlink\" width=\"100\" height=\"100\" viewBox=\"0 0 100 100\"><g transform=\"translate(51.909 -29.171) rotate(45)\"><path d=\"M78.4,33.1,78.959,0,45.815,1.351l.3,5.515H68.537L0,75.4l4.54,4.54L73.077,11.405V32.58Z\" transform=\"translate(-0.882 56.319) rotate(-45)\"\/><\/g><\/svg><\/a><\/li><\/ul><\/div>\n\n\n\n<p>Este v\u00eddeo de YouTube muestra c\u00f3mo funciona el proceso Macalloy \/ Tekla.<\/p>\n\n\n\n<center> <div class=\"videowrapper \"><iframe src=\"https:\/\/www.youtube.com\/embed\/0tlKRB2Nd_k\" title=\"YouTube video player\" allow=\"accelerometer; autoplay; clipboard-write; encrypted-media; gyroscope; picture-in-picture; web-share\" allowfullscreen=\"\" width=\"800\" height=\"550\" frameborder=\"0\"><\/iframe><\/a><\/div><\/center>\n","protected":false},"excerpt":{"rendered":"<p>Gama de varillas de tensi\u00f3n Macalloy (BIM) en el software Tekla Macalloy ha trabajado estrechamente con Trimble, una empresa de tecnolog\u00eda industrial, para desarrollar modelos BIM para nuestra gama de barras de tensi\u00f3n y puntales de compresi\u00f3n para su uso con el software Tekla. Los objetos BIM de Macalloy han sido desarrollados espec\u00edficamente para su [&hellip;]<\/p>\n","protected":false},"author":4157,"featured_media":0,"parent":0,"menu_order":0,"comment_status":"closed","ping_status":"closed","template":"","meta":{"footnotes":""},"class_list":["hentry","page"],"yoast_head":"<!-- This site is optimized with the Yoast SEO plugin v27.3 - https:\/\/yoast.com\/product\/yoast-seo-wordpress\/ -->\n<title>Macalloy y Tekla Software |<\/title>\n<meta name=\"description\" content=\"Macalloy trabaja con Trimble, para desarrollar modelos BIM para nuestra gama de barras de tensi\u00f3n y puntales de compresi\u00f3n para su uso con el software Tekla.\" \/>\n<meta name=\"robots\" content=\"index, follow, max-snippet:-1, max-image-preview:large, max-video-preview:-1\" \/>\n<link rel=\"canonical\" href=\"https:\/\/macalloy.com\/es\/macalloy-y-tekla-software\/\" \/>\n<meta property=\"og:locale\" content=\"es_ES\" \/>\n<meta property=\"og:type\" content=\"article\" \/>\n<meta property=\"og:title\" content=\"Macalloy y Tekla Software |\" \/>\n<meta property=\"og:description\" content=\"Macalloy trabaja con Trimble, para desarrollar modelos BIM para nuestra gama de barras de tensi\u00f3n y puntales de compresi\u00f3n para su uso con el software Tekla.\" \/>\n<meta property=\"og:url\" content=\"https:\/\/macalloy.com\/es\/macalloy-y-tekla-software\/\" \/>\n<meta property=\"og:site_name\" content=\"Macalloy\" \/>\n<meta property=\"article:modified_time\" content=\"2024-07-11T10:54:14+00:00\" \/>\n<meta property=\"og:image\" content=\"https:\/\/macalloy.com\/wp-content\/uploads\/2023\/04\/takla-macalloy-logo.webp\" \/>\n<meta name=\"twitter:card\" content=\"summary_large_image\" \/>\n<meta name=\"twitter:label1\" content=\"Tiempo de lectura\" \/>\n\t<meta name=\"twitter:data1\" content=\"2 minutos\" \/>\n<script type=\"application\/ld+json\" class=\"yoast-schema-graph\">{\"@context\":\"https:\\\/\\\/schema.org\",\"@graph\":[{\"@type\":\"WebPage\",\"@id\":\"https:\\\/\\\/macalloy.com\\\/es\\\/macalloy-y-tekla-software\\\/\",\"url\":\"https:\\\/\\\/macalloy.com\\\/es\\\/macalloy-y-tekla-software\\\/\",\"name\":\"Macalloy y Tekla Software |\",\"isPartOf\":{\"@id\":\"https:\\\/\\\/macalloy.com\\\/es\\\/#website\"},\"primaryImageOfPage\":{\"@id\":\"https:\\\/\\\/macalloy.com\\\/es\\\/macalloy-y-tekla-software\\\/#primaryimage\"},\"image\":{\"@id\":\"https:\\\/\\\/macalloy.com\\\/es\\\/macalloy-y-tekla-software\\\/#primaryimage\"},\"thumbnailUrl\":\"https:\\\/\\\/macalloy.com\\\/wp-content\\\/uploads\\\/2023\\\/04\\\/takla-macalloy-logo.webp\",\"datePublished\":\"2023-12-05T13:00:15+00:00\",\"dateModified\":\"2024-07-11T10:54:14+00:00\",\"description\":\"Macalloy trabaja con Trimble, para desarrollar modelos BIM para nuestra gama de barras de tensi\u00f3n y puntales de compresi\u00f3n para su uso con el software Tekla.\",\"breadcrumb\":{\"@id\":\"https:\\\/\\\/macalloy.com\\\/es\\\/macalloy-y-tekla-software\\\/#breadcrumb\"},\"inLanguage\":\"es\",\"potentialAction\":[{\"@type\":\"ReadAction\",\"target\":[\"https:\\\/\\\/macalloy.com\\\/es\\\/macalloy-y-tekla-software\\\/\"]}]},{\"@type\":\"ImageObject\",\"inLanguage\":\"es\",\"@id\":\"https:\\\/\\\/macalloy.com\\\/es\\\/macalloy-y-tekla-software\\\/#primaryimage\",\"url\":\"https:\\\/\\\/macalloy.com\\\/wp-content\\\/uploads\\\/2023\\\/04\\\/takla-macalloy-logo.webp\",\"contentUrl\":\"https:\\\/\\\/macalloy.com\\\/wp-content\\\/uploads\\\/2023\\\/04\\\/takla-macalloy-logo.webp\"},{\"@type\":\"BreadcrumbList\",\"@id\":\"https:\\\/\\\/macalloy.com\\\/es\\\/macalloy-y-tekla-software\\\/#breadcrumb\",\"itemListElement\":[{\"@type\":\"ListItem\",\"position\":1,\"name\":\"Home\",\"item\":\"https:\\\/\\\/macalloy.com\\\/es\\\/pagina-de-inicio\\\/\"},{\"@type\":\"ListItem\",\"position\":2,\"name\":\"Macalloy y Tekla Software\"}]},{\"@type\":\"WebSite\",\"@id\":\"https:\\\/\\\/macalloy.com\\\/es\\\/#website\",\"url\":\"https:\\\/\\\/macalloy.com\\\/es\\\/\",\"name\":\"Macalloy\",\"description\":\"Threaded Bar Systems Trusted Worldwide\",\"potentialAction\":[{\"@type\":\"SearchAction\",\"target\":{\"@type\":\"EntryPoint\",\"urlTemplate\":\"https:\\\/\\\/macalloy.com\\\/es\\\/?s={search_term_string}\"},\"query-input\":{\"@type\":\"PropertyValueSpecification\",\"valueRequired\":true,\"valueName\":\"search_term_string\"}}],\"inLanguage\":\"es\"}]}<\/script>\n<!-- \/ Yoast SEO plugin. -->","yoast_head_json":{"title":"Macalloy y Tekla Software |","description":"Macalloy trabaja con Trimble, para desarrollar modelos BIM para nuestra gama de barras de tensi\u00f3n y puntales de compresi\u00f3n para su uso con el software Tekla.","robots":{"index":"index","follow":"follow","max-snippet":"max-snippet:-1","max-image-preview":"max-image-preview:large","max-video-preview":"max-video-preview:-1"},"canonical":"https:\/\/macalloy.com\/es\/macalloy-y-tekla-software\/","og_locale":"es_ES","og_type":"article","og_title":"Macalloy y Tekla Software |","og_description":"Macalloy trabaja con Trimble, para desarrollar modelos BIM para nuestra gama de barras de tensi\u00f3n y puntales de compresi\u00f3n para su uso con el software Tekla.","og_url":"https:\/\/macalloy.com\/es\/macalloy-y-tekla-software\/","og_site_name":"Macalloy","article_modified_time":"2024-07-11T10:54:14+00:00","og_image":[{"url":"https:\/\/macalloy.com\/wp-content\/uploads\/2023\/04\/takla-macalloy-logo.webp","type":"","width":"","height":""}],"twitter_card":"summary_large_image","twitter_misc":{"Tiempo de lectura":"2 minutos"},"schema":{"@context":"https:\/\/schema.org","@graph":[{"@type":"WebPage","@id":"https:\/\/macalloy.com\/es\/macalloy-y-tekla-software\/","url":"https:\/\/macalloy.com\/es\/macalloy-y-tekla-software\/","name":"Macalloy y Tekla Software |","isPartOf":{"@id":"https:\/\/macalloy.com\/es\/#website"},"primaryImageOfPage":{"@id":"https:\/\/macalloy.com\/es\/macalloy-y-tekla-software\/#primaryimage"},"image":{"@id":"https:\/\/macalloy.com\/es\/macalloy-y-tekla-software\/#primaryimage"},"thumbnailUrl":"https:\/\/macalloy.com\/wp-content\/uploads\/2023\/04\/takla-macalloy-logo.webp","datePublished":"2023-12-05T13:00:15+00:00","dateModified":"2024-07-11T10:54:14+00:00","description":"Macalloy trabaja con Trimble, para desarrollar modelos BIM para nuestra gama de barras de tensi\u00f3n y puntales de compresi\u00f3n para su uso con el software Tekla.","breadcrumb":{"@id":"https:\/\/macalloy.com\/es\/macalloy-y-tekla-software\/#breadcrumb"},"inLanguage":"es","potentialAction":[{"@type":"ReadAction","target":["https:\/\/macalloy.com\/es\/macalloy-y-tekla-software\/"]}]},{"@type":"ImageObject","inLanguage":"es","@id":"https:\/\/macalloy.com\/es\/macalloy-y-tekla-software\/#primaryimage","url":"https:\/\/macalloy.com\/wp-content\/uploads\/2023\/04\/takla-macalloy-logo.webp","contentUrl":"https:\/\/macalloy.com\/wp-content\/uploads\/2023\/04\/takla-macalloy-logo.webp"},{"@type":"BreadcrumbList","@id":"https:\/\/macalloy.com\/es\/macalloy-y-tekla-software\/#breadcrumb","itemListElement":[{"@type":"ListItem","position":1,"name":"Home","item":"https:\/\/macalloy.com\/es\/pagina-de-inicio\/"},{"@type":"ListItem","position":2,"name":"Macalloy y Tekla Software"}]},{"@type":"WebSite","@id":"https:\/\/macalloy.com\/es\/#website","url":"https:\/\/macalloy.com\/es\/","name":"Macalloy","description":"Threaded Bar Systems Trusted Worldwide","potentialAction":[{"@type":"SearchAction","target":{"@type":"EntryPoint","urlTemplate":"https:\/\/macalloy.com\/es\/?s={search_term_string}"},"query-input":{"@type":"PropertyValueSpecification","valueRequired":true,"valueName":"search_term_string"}}],"inLanguage":"es"}]}},"_links":{"self":[{"href":"https:\/\/macalloy.com\/es\/wp-json\/wp\/v2\/pages\/29332","targetHints":{"allow":["GET"]}}],"collection":[{"href":"https:\/\/macalloy.com\/es\/wp-json\/wp\/v2\/pages"}],"about":[{"href":"https:\/\/macalloy.com\/es\/wp-json\/wp\/v2\/types\/page"}],"author":[{"embeddable":true,"href":"https:\/\/macalloy.com\/es\/wp-json\/wp\/v2\/users\/4157"}],"replies":[{"embeddable":true,"href":"https:\/\/macalloy.com\/es\/wp-json\/wp\/v2\/comments?post=29332"}],"version-history":[{"count":0,"href":"https:\/\/macalloy.com\/es\/wp-json\/wp\/v2\/pages\/29332\/revisions"}],"wp:attachment":[{"href":"https:\/\/macalloy.com\/es\/wp-json\/wp\/v2\/media?parent=29332"}],"curies":[{"name":"wp","href":"https:\/\/api.w.org\/{rel}","templated":true}]}}