{"id":29333,"date":"2023-12-05T13:17:18","date_gmt":"2023-12-05T13:17:18","guid":{"rendered":"https:\/\/macalloy.com\/?page_id=29333"},"modified":"2024-05-16T13:47:31","modified_gmt":"2024-05-16T12:47:31","slug":"productos-y-servicios","status":"publish","type":"page","link":"https:\/\/macalloy.com\/es\/productos-y-servicios\/","title":{"rendered":"Productos y servicios"},"content":{"rendered":"\n<div class=\"wp-block-columns alignwide is-layout-flex wp-container-core-columns-is-layout-9d6595d7 wp-block-columns-is-layout-flex\">\n<div class=\"wp-block-column is-layout-flow wp-block-column-is-layout-flow\">\n<div class=\"wp-block-cover is-light has-link animate animate\"><span aria-hidden=\"true\" class=\"wp-block-cover__background has-background-dim-30 has-background-dim\"><\/span><img fetchpriority=\"high\" decoding=\"async\" width=\"1278\" height=\"1921\" class=\"wp-block-cover__image-background wp-image-3045\" alt=\"\" src=\"https:\/\/macalloystg.wpengine.com\/wp-content\/uploads\/2021\/10\/BG704C.jpg\" data-object-fit=\"cover\" srcset=\"https:\/\/macalloy.com\/wp-content\/uploads\/2021\/10\/BG704C.jpg 1278w, https:\/\/macalloy.com\/wp-content\/uploads\/2021\/10\/BG704C-600x902.jpg 600w, https:\/\/macalloy.com\/wp-content\/uploads\/2021\/10\/BG704C-200x300.jpg 200w, https:\/\/macalloy.com\/wp-content\/uploads\/2021\/10\/BG704C-681x1024.jpg 681w, https:\/\/macalloy.com\/wp-content\/uploads\/2021\/10\/BG704C-768x1154.jpg 768w, https:\/\/macalloy.com\/wp-content\/uploads\/2021\/10\/BG704C-1022x1536.jpg 1022w\" sizes=\"(max-width: 1278px) 100vw, 1278px\" \/><div class=\"wp-block-cover__inner-container is-layout-flow wp-block-cover-is-layout-flow\">\n<h2 class=\"wp-block-heading has-text-align-center link-wrapper h4 has-neutral-0-color has-text-color\"><a href=\"https:\/\/macalloy.com\/es\/productos-y-servicios\/estructuras-de-tension\/\">Estructuras de tensi\u00f3n<\/a><\/h2>\n<\/div><\/div>\n<\/div>\n\n\n\n<div class=\"wp-block-column is-layout-flow wp-block-column-is-layout-flow\">\n<div class=\"wp-block-cover is-light has-link animate animate\"><span aria-hidden=\"true\" class=\"wp-block-cover__background has-background-dim-30 has-background-dim\"><\/span><img decoding=\"async\" width=\"1920\" height=\"1280\" class=\"wp-block-cover__image-background wp-image-2240\" alt=\"\" src=\"https:\/\/macalloystg.wpengine.com\/wp-content\/uploads\/2021\/09\/mike-setchell-BrLSwmGPVpI-unsplash.jpg\" style=\"object-position:46% 84%\" data-object-fit=\"cover\" data-object-position=\"46% 84%\" srcset=\"https:\/\/macalloy.com\/wp-content\/uploads\/2021\/09\/mike-setchell-BrLSwmGPVpI-unsplash.jpg 1920w, https:\/\/macalloy.com\/wp-content\/uploads\/2021\/09\/mike-setchell-BrLSwmGPVpI-unsplash-600x400.jpg 600w, https:\/\/macalloy.com\/wp-content\/uploads\/2021\/09\/mike-setchell-BrLSwmGPVpI-unsplash-300x200.jpg 300w, https:\/\/macalloy.com\/wp-content\/uploads\/2021\/09\/mike-setchell-BrLSwmGPVpI-unsplash-1024x683.jpg 1024w, https:\/\/macalloy.com\/wp-content\/uploads\/2021\/09\/mike-setchell-BrLSwmGPVpI-unsplash-768x512.jpg 768w, https:\/\/macalloy.com\/wp-content\/uploads\/2021\/09\/mike-setchell-BrLSwmGPVpI-unsplash-1536x1024.jpg 1536w\" sizes=\"(max-width: 1920px) 100vw, 1920px\" \/><div class=\"wp-block-cover__inner-container is-layout-flow wp-block-cover-is-layout-flow\">\n<h2 class=\"wp-block-heading has-text-align-center link-wrapper h4 has-neutral-0-color has-text-color\"><a href=\"https:\/\/macalloy.com\/es\/productos-y-servicios\/postensado\/\">Postesado<\/a><\/h2>\n<\/div><\/div>\n<\/div>\n<\/div>\n\n\n\n<div class=\"wp-block-columns alignwide is-layout-flex wp-container-core-columns-is-layout-9d6595d7 wp-block-columns-is-layout-flex\">\n<div class=\"wp-block-column is-layout-flow wp-block-column-is-layout-flow\">\n<div class=\"wp-block-cover has-link animate animate\"><span aria-hidden=\"true\" class=\"wp-block-cover__background has-background-dim-30 has-background-dim\"><\/span><img decoding=\"async\" width=\"1440\" height=\"1920\" class=\"wp-block-cover__image-background wp-image-2994\" alt=\"\" src=\"https:\/\/macalloy.com\/wp-content\/uploads\/2021\/10\/CCCD6Y.jpg\" style=\"object-position:1% 85%\" data-object-fit=\"cover\" data-object-position=\"1% 85%\" srcset=\"https:\/\/macalloy.com\/wp-content\/uploads\/2021\/10\/CCCD6Y.jpg 1440w, https:\/\/macalloy.com\/wp-content\/uploads\/2021\/10\/CCCD6Y-600x800.jpg 600w, https:\/\/macalloy.com\/wp-content\/uploads\/2021\/10\/CCCD6Y-225x300.jpg 225w, https:\/\/macalloy.com\/wp-content\/uploads\/2021\/10\/CCCD6Y-768x1024.jpg 768w, https:\/\/macalloy.com\/wp-content\/uploads\/2021\/10\/CCCD6Y-1152x1536.jpg 1152w\" sizes=\"(max-width: 1440px) 100vw, 1440px\" \/><div class=\"wp-block-cover__inner-container is-layout-flow wp-block-cover-is-layout-flow\">\n<h2 class=\"wp-block-heading has-text-align-center link-wrapper h4 has-neutral-0-color has-text-color\"><a href=\"https:\/\/macalloy.com\/es\/productos-y-servicios\/puntales-de-compresion\/\">Puntales de compresi\u00f3n<\/a><\/h2>\n<\/div><\/div>\n<\/div>\n\n\n\n<div class=\"wp-block-column is-layout-flow wp-block-column-is-layout-flow\">\n<div class=\"wp-block-cover is-light has-link animate animate\"><span aria-hidden=\"true\" class=\"wp-block-cover__background has-background-dim-30 has-background-dim\"><\/span><img loading=\"lazy\" decoding=\"async\" width=\"1763\" height=\"1175\" class=\"wp-block-cover__image-background wp-image-3138\" alt=\"\" src=\"https:\/\/macalloystg.wpengine.com\/wp-content\/uploads\/2021\/11\/S650-Threaded-Bar-001-007.jpg\" style=\"object-position:50% 50%\" data-object-fit=\"cover\" data-object-position=\"50% 50%\" srcset=\"https:\/\/macalloy.com\/wp-content\/uploads\/2021\/11\/S650-Threaded-Bar-001-007.jpg 1763w, https:\/\/macalloy.com\/wp-content\/uploads\/2021\/11\/S650-Threaded-Bar-001-007-600x400.jpg 600w, https:\/\/macalloy.com\/wp-content\/uploads\/2021\/11\/S650-Threaded-Bar-001-007-300x200.jpg 300w, https:\/\/macalloy.com\/wp-content\/uploads\/2021\/11\/S650-Threaded-Bar-001-007-1024x682.jpg 1024w, https:\/\/macalloy.com\/wp-content\/uploads\/2021\/11\/S650-Threaded-Bar-001-007-768x512.jpg 768w, https:\/\/macalloy.com\/wp-content\/uploads\/2021\/11\/S650-Threaded-Bar-001-007-1536x1024.jpg 1536w\" sizes=\"(max-width: 1763px) 100vw, 1763px\" \/><div class=\"wp-block-cover__inner-container is-layout-flow wp-block-cover-is-layout-flow\">\n<h2 class=\"wp-block-heading has-text-align-center link-wrapper h4 has-neutral-0-color has-text-color\"><a href=\"https:\/\/macalloy.com\/es\/productos-y-servicios\/varilla-roscada-de-acero-inoxidable-s650\/\">Varilla roscada de acero inoxidable S650<\/a><\/h2>\n<\/div><\/div>\n<\/div>\n<\/div>\n\n\n\n<div class=\"wp-block-columns alignwide is-layout-flex wp-container-core-columns-is-layout-9d6595d7 wp-block-columns-is-layout-flex\">\n<div class=\"wp-block-column is-layout-flow wp-block-column-is-layout-flow\">\n<div class=\"wp-block-cover is-light has-link animate animate\"><span aria-hidden=\"true\" class=\"wp-block-cover__background has-background-dim-30 has-background-dim\"><\/span><img loading=\"lazy\" decoding=\"async\" width=\"703\" height=\"579\" class=\"wp-block-cover__image-background wp-image-2247\" alt=\"\" src=\"https:\/\/macalloystg.wpengine.com\/wp-content\/uploads\/2021\/09\/Sheet-Piling.jpg\" data-object-fit=\"cover\" srcset=\"https:\/\/macalloy.com\/wp-content\/uploads\/2021\/09\/Sheet-Piling.jpg 703w, https:\/\/macalloy.com\/wp-content\/uploads\/2021\/09\/Sheet-Piling-600x494.jpg 600w, https:\/\/macalloy.com\/wp-content\/uploads\/2021\/09\/Sheet-Piling-300x247.jpg 300w\" sizes=\"(max-width: 703px) 100vw, 703px\" \/><div class=\"wp-block-cover__inner-container is-layout-flow wp-block-cover-is-layout-flow\">\n<h2 class=\"wp-block-heading has-text-align-center link-wrapper h4 has-neutral-0-color has-text-color\"><a href=\"https:\/\/macalloy.com\/es\/productos-y-servicios\/tirante-de-tablestaca\/\">Movimiento de tierras<\/a><\/h2>\n<\/div><\/div>\n<\/div>\n\n\n\n<div class=\"wp-block-column is-layout-flow wp-block-column-is-layout-flow\"><\/div>\n<\/div>\n\n\n\n<div style=\"height:40px\" aria-hidden=\"true\" class=\"wp-block-spacer\"><\/div>\n\n\n\n<div class=\"wp-block-media-text alignwide has-media-on-the-right is-stacked-on-mobile is-image-fill has-background-highlight-colour has-primary-900-background-color has-background animate animate animate--delay-medium has-background-highlight-image\"><figure class=\"wp-block-media-text__background-highlight-image\" style=\"background-image: url(https:\/\/macalloystg.wpengine.com\/wp-content\/uploads\/2021\/09\/background-image-100.jpg)\"><\/figure><div class=\"wp-block-media-text__content\">\n<h3 class=\"wp-block-heading has-neutral-0-color has-text-color has-link-color wp-elements-9b941b8b682e91d824be5d8d8877f2f1\">Ayudando a los ingenieros de todo el mundo desde 1921.<\/h3>\n\n\n\n<hr class=\"wp-block-separator has-text-color has-neutral-0-color has-css-opacity has-neutral-0-background-color has-background animate animate--left animate--delay-short\"\/>\n\n\n\n<p class=\"has-neutral-0-color has-text-color has-link-color wp-elements-026a7976e8fbb5059c7d5d1e7a779054\">2021 marc\u00f3 un aniversario especial para Macalloy. Estamos orgullosos de haber estado a la vanguardia de nuestra industria durante m\u00e1s de 100 a\u00f1os, suministrando a nuestra base internacional de clientes productos de primera clase.<\/p>\n\n\n\n<div class=\"wp-block-buttons animate animate--left animate--delay-medium is-layout-flex wp-block-buttons-is-layout-flex\">\n<div class=\"wp-block-button is-style-underline\"><a class=\"wp-block-button__link has-neutral-0-color has-text-color wp-element-button\" href=\"https:\/\/macalloy.com\/es\/nosotros\/historia\/\">DESCUBRA<\/a><\/div>\n<\/div>\n<\/div><figure class=\"wp-block-media-text__media\" style=\"background-image:url(https:\/\/macalloy.com\/wp-content\/uploads\/2021\/12\/100_years_macalloy-683x1024.jpg);background-position:50% 50%\"><img loading=\"lazy\" decoding=\"async\" width=\"683\" height=\"1024\" src=\"https:\/\/macalloy.com\/wp-content\/uploads\/2021\/12\/100_years_macalloy-683x1024.jpg\" alt=\"\" class=\"wp-image-3314 size-square\" srcset=\"https:\/\/macalloy.com\/wp-content\/uploads\/2021\/12\/100_years_macalloy-683x1024.jpg 683w, https:\/\/macalloy.com\/wp-content\/uploads\/2021\/12\/100_years_macalloy-scaled-600x900.jpg 600w, https:\/\/macalloy.com\/wp-content\/uploads\/2021\/12\/100_years_macalloy-200x300.jpg 200w, https:\/\/macalloy.com\/wp-content\/uploads\/2021\/12\/100_years_macalloy-768x1152.jpg 768w, https:\/\/macalloy.com\/wp-content\/uploads\/2021\/12\/100_years_macalloy-1024x1536.jpg 1024w, https:\/\/macalloy.com\/wp-content\/uploads\/2021\/12\/100_years_macalloy-1365x2048.jpg 1365w, https:\/\/macalloy.com\/wp-content\/uploads\/2021\/12\/100_years_macalloy-scaled.jpg 1707w\" sizes=\"(max-width: 683px) 100vw, 683px\" \/><\/figure><\/div>\n\n\n\n<div style=\"height:40px\" aria-hidden=\"true\" class=\"wp-block-spacer\"><\/div>\n\n\n\n<div class=\"wp-block-columns alignwide are-vertically-aligned-top expand-gap is-layout-flex wp-container-core-columns-is-layout-9d6595d7 wp-block-columns-is-layout-flex\">\n<div class=\"wp-block-column is-vertically-aligned-top is-layout-flow wp-block-column-is-layout-flow\">\n<h4 class=\"wp-block-heading has-primary-900-color has-text-color animate animate--left\">Nuestros experimentados ingenieros est\u00e1n a su disposici\u00f3n para responder a sus preguntas.<\/h4>\n\n\n\n<hr class=\"wp-block-separator has-text-color has-primary-900-color has-css-opacity has-primary-900-background-color has-background animate animate--left animate--delay-short\"\/>\n\n\n\n<p class=\"animate animate--up animate--delay-short\">Queremos asegurarnos de que recibes toda la informaci\u00f3n que necesitas. Por eso hemos elaborado una lista de preguntas frecuentes. Si su pregunta no figura en esta lista, p\u00f3ngase en contacto con nosotros para que podamos responderle.<\/p>\n<\/div>\n\n\n\n<div class=\"wp-block-column is-vertically-aligned-top is-layout-flow wp-block-column-is-layout-flow\">\n<div class=\"wp-block-macalloy-accordion animate animate--delay-short\">\n<div class=\"wp-block-macalloy-accordion-item js-accordion\"><div class=\"wp-block-macalloy-accordion-item__heading js-accordion-heading\"><h4 class=\"wp-block-macalloy-accordion-item__title\">\u00bfOfrece Macalloy soluciones a medida?<\/h4><svg viewBox=\"0 0 100 100\" class=\"icon\"><use href=\"#icon-plus\"><\/use><\/svg><\/div><div class=\"wp-block-macalloy-accordion-item__content js-accordion-content\" aria-hidden=\"true\">\n<p>Podemos ofrecerle una gran variedad de soluciones t\u00e9cnicas\u00a0 a medida y hasta acabados inusuales. P\u00f3ngase en contacto con nosotros y estaremos encantados de ayudarle.<\/p>\n<\/div><\/div>\n\n\n\n<div class=\"wp-block-macalloy-accordion-item js-accordion\"><div class=\"wp-block-macalloy-accordion-item__heading js-accordion-heading\"><h4 class=\"wp-block-macalloy-accordion-item__title\">\u00bfC\u00f3mo puedo recibir un presupuesto?<\/h4><svg viewBox=\"0 0 100 100\" class=\"icon\"><use href=\"#icon-plus\"><\/use><\/svg><\/div><div class=\"wp-block-macalloy-accordion-item__content js-accordion-content\" aria-hidden=\"true\">\n<p>Puede utilizar el chat en vivo en la parte inferior derecha de la p\u00e1gina, enviar un correo electr\u00f3nico a sales@macalloy.com o encontrar su representante o distribuidor Macalloy aqu\u00ed.<\/p>\n<\/div><\/div>\n\n\n\n<div class=\"wp-block-macalloy-accordion-item js-accordion\"><div class=\"wp-block-macalloy-accordion-item__heading js-accordion-heading\"><h4 class=\"wp-block-macalloy-accordion-item__title\">\u00bfPodemos comprar directamente ?<\/h4><svg viewBox=\"0 0 100 100\" class=\"icon\"><use href=\"#icon-plus\"><\/use><\/svg><\/div><div class=\"wp-block-macalloy-accordion-item__content js-accordion-content\" aria-hidden=\"true\">\n<p>Por supuesto, y podemos enviar nuestros productos a todo el mundo. P\u00f3ngase en contacto con nosotros.<\/p>\n<\/div><\/div>\n\n\n\n<div class=\"wp-block-macalloy-accordion-item js-accordion\"><div class=\"wp-block-macalloy-accordion-item__heading js-accordion-heading\"><h4 class=\"wp-block-macalloy-accordion-item__title\">\u00bfCu\u00e1nto se tarda en recibir una oferta?<\/h4><svg viewBox=\"0 0 100 100\" class=\"icon\"><use href=\"#icon-plus\"><\/use><\/svg><\/div><div class=\"wp-block-macalloy-accordion-item__content js-accordion-content\" aria-hidden=\"true\">\n<p>Nuestro equipo de ventas responder\u00e1 a su consulta en un plazo de 24 a 48 horas.<\/p>\n<\/div><\/div>\n\n\n\n<div class=\"wp-block-macalloy-accordion-item js-accordion\"><div class=\"wp-block-macalloy-accordion-item__heading js-accordion-heading\"><h4 class=\"wp-block-macalloy-accordion-item__title\">\u00bfPuedo hacer una presentaci\u00f3n en mi lugar de trabajo?<\/h4><svg viewBox=\"0 0 100 100\" class=\"icon\"><use href=\"#icon-plus\"><\/use><\/svg><\/div><div class=\"wp-block-macalloy-accordion-item__content js-accordion-content\" aria-hidden=\"true\">\n<p>S\u00ed, ofrecemos presentaciones &#8220;Lunch and Learn&#8221; en todo el mundo en las que nuestros representantes est\u00e1n presentes in situ. Env\u00ede un correo electr\u00f3nico con sus requisitos a sales@macalloy.com y nos pondremos en contacto con usted para concertar una cita.<\/p>\n<\/div><\/div>\n\n\n\n<div class=\"wp-block-macalloy-accordion-item js-accordion\"><div class=\"wp-block-macalloy-accordion-item__heading js-accordion-heading\"><h4 class=\"wp-block-macalloy-accordion-item__title\">Tengo una pregunta t\u00e9cnica, \u00bfpueden ayudarme?<\/h4><svg viewBox=\"0 0 100 100\" class=\"icon\"><use href=\"#icon-plus\"><\/use><\/svg><\/div><div class=\"wp-block-macalloy-accordion-item__content js-accordion-content\" aria-hidden=\"true\">\n<p>Nuestro equipo de ingenieros experimentados est\u00e1 preparado para responder a sus preguntas t\u00e9cnicas. Haga clic en el icono de chat de la parte inferior derecha de su pantalla, env\u00ede un correo electr\u00f3nico a technical@macalloy.com o llame al +44 (0)1909 519 200<\/p>\n\n\n\n<p><\/p>\n<\/div><\/div>\n<\/div>\n\n\n\n<div style=\"height:20px\" aria-hidden=\"true\" class=\"wp-block-spacer\"><\/div>\n<\/div>\n<\/div>\n\n\n\n<div style=\"height:25px\" aria-hidden=\"true\" class=\"wp-block-spacer\"><\/div>\n\n\n\n<div class=\"wp-block-cover alignfull is-light mt-0 mb-0 animate animate--up\" style=\"min-height:600px;aspect-ratio:unset;\"><span aria-hidden=\"true\" class=\"wp-block-cover__background has-background-dim-30 has-background-dim\"><\/span><img loading=\"lazy\" decoding=\"async\" width=\"1920\" height=\"1280\" class=\"wp-block-cover__image-background wp-image-2035\" alt=\"\" src=\"https:\/\/macalloystg.wpengine.com\/wp-content\/uploads\/2021\/09\/Macalloy-112A2129.jpg\" style=\"object-position:58% 68%\" data-object-fit=\"cover\" data-object-position=\"58% 68%\" srcset=\"https:\/\/macalloy.com\/wp-content\/uploads\/2021\/09\/Macalloy-112A2129.jpg 1920w, https:\/\/macalloy.com\/wp-content\/uploads\/2021\/09\/Macalloy-112A2129-600x400.jpg 600w, https:\/\/macalloy.com\/wp-content\/uploads\/2021\/09\/Macalloy-112A2129-300x200.jpg 300w, https:\/\/macalloy.com\/wp-content\/uploads\/2021\/09\/Macalloy-112A2129-1024x683.jpg 1024w, https:\/\/macalloy.com\/wp-content\/uploads\/2021\/09\/Macalloy-112A2129-768x512.jpg 768w, https:\/\/macalloy.com\/wp-content\/uploads\/2021\/09\/Macalloy-112A2129-1536x1024.jpg 1536w\" sizes=\"(max-width: 1920px) 100vw, 1920px\" \/><div class=\"wp-block-cover__inner-container is-layout-flow wp-block-cover-is-layout-flow\">\n<div class=\"wp-block-columns alignwide is-layout-flex wp-container-core-columns-is-layout-9d6595d7 wp-block-columns-is-layout-flex\">\n<div class=\"wp-block-column is-layout-flow wp-block-column-is-layout-flow\">\n<h4 class=\"wp-block-heading has-neutral-0-color has-text-color animate animate--right animate--delay-short\">\u00bfQuiere hablar de un proyecto?<\/h4>\n\n\n\n<h2 class=\"wp-block-heading mb-1 h1 has-neutral-0-color has-text-color animate animate--left animate--delay-medium\">+44 (0)1909 519 200<\/h2>\n\n\n\n<p class=\"has-neutral-0-color has-text-color animate animate--left animate--delay-long\">Ll\u00e1menos o utilice el chat en directo para obtener una respuesta r\u00e1pida.<\/p>\n<\/div>\n\n\n\n<div class=\"wp-block-column is-layout-flow wp-block-column-is-layout-flow\"><\/div>\n<\/div>\n<\/div><\/div>\n","protected":false},"excerpt":{"rendered":"<p>Nuestros experimentados ingenieros est\u00e1n a su disposici\u00f3n para responder a sus preguntas. Queremos asegurarnos de que recibes toda la informaci\u00f3n que necesitas. Por eso hemos elaborado una lista de preguntas frecuentes. Si su pregunta no figura en esta lista, p\u00f3ngase en contacto con nosotros para que podamos responderle.<\/p>\n","protected":false},"author":4157,"featured_media":0,"parent":0,"menu_order":0,"comment_status":"closed","ping_status":"closed","template":"","meta":{"footnotes":""},"class_list":["hentry","page"],"yoast_head":"<!-- This site is optimized with the Yoast SEO plugin v27.5 - https:\/\/yoast.com\/product\/yoast-seo-wordpress\/ -->\n<title>Productos y Servicios | Macalloy, Sistemas de barras roscadas de confianza en todo el mundo<\/title>\n<meta name=\"description\" content=\"Macalloy es un fabricante brit\u00e1nico de barras de acero de tensi\u00f3n roscadas y sistemas de cables utilizados en proyectos de construcci\u00f3n en todo el mundo. Vea nuestra gama completa de productos y servicios.\" \/>\n<meta name=\"robots\" content=\"index, follow, max-snippet:-1, max-image-preview:large, max-video-preview:-1\" \/>\n<link rel=\"canonical\" href=\"https:\/\/macalloy.com\/es\/productos-y-servicios\/\" \/>\n<meta property=\"og:locale\" content=\"es_ES\" \/>\n<meta property=\"og:type\" content=\"article\" \/>\n<meta property=\"og:title\" content=\"Productos y Servicios | Macalloy, Sistemas de barras roscadas de confianza en todo el mundo\" \/>\n<meta property=\"og:description\" content=\"Macalloy es un fabricante brit\u00e1nico de barras de acero de tensi\u00f3n roscadas y sistemas de cables utilizados en proyectos de construcci\u00f3n en todo el mundo. Vea nuestra gama completa de productos y servicios.\" \/>\n<meta property=\"og:url\" content=\"https:\/\/macalloy.com\/es\/productos-y-servicios\/\" \/>\n<meta property=\"og:site_name\" content=\"Macalloy\" \/>\n<meta property=\"article:modified_time\" content=\"2024-05-16T12:47:31+00:00\" \/>\n<meta property=\"og:image\" content=\"https:\/\/macalloystg.wpengine.com\/wp-content\/uploads\/2021\/10\/BG704C.jpg\" \/>\n<meta name=\"twitter:card\" content=\"summary_large_image\" \/>\n<meta name=\"twitter:label1\" content=\"Tiempo de lectura\" \/>\n\t<meta name=\"twitter:data1\" content=\"1 minuto\" \/>\n<script type=\"application\/ld+json\" class=\"yoast-schema-graph\">{\"@context\":\"https:\\\/\\\/schema.org\",\"@graph\":[{\"@type\":\"WebPage\",\"@id\":\"https:\\\/\\\/macalloy.com\\\/es\\\/productos-y-servicios\\\/\",\"url\":\"https:\\\/\\\/macalloy.com\\\/es\\\/productos-y-servicios\\\/\",\"name\":\"Productos y Servicios | Macalloy, Sistemas de barras roscadas de confianza en todo el mundo\",\"isPartOf\":{\"@id\":\"https:\\\/\\\/macalloy.com\\\/es\\\/#website\"},\"primaryImageOfPage\":{\"@id\":\"https:\\\/\\\/macalloy.com\\\/es\\\/productos-y-servicios\\\/#primaryimage\"},\"image\":{\"@id\":\"https:\\\/\\\/macalloy.com\\\/es\\\/productos-y-servicios\\\/#primaryimage\"},\"thumbnailUrl\":\"https:\\\/\\\/macalloystg.wpengine.com\\\/wp-content\\\/uploads\\\/2021\\\/10\\\/BG704C.jpg\",\"datePublished\":\"2023-12-05T13:17:18+00:00\",\"dateModified\":\"2024-05-16T12:47:31+00:00\",\"description\":\"Macalloy es un fabricante brit\u00e1nico de barras de acero de tensi\u00f3n roscadas y sistemas de cables utilizados en proyectos de construcci\u00f3n en todo el mundo. Vea nuestra gama completa de productos y servicios.\",\"breadcrumb\":{\"@id\":\"https:\\\/\\\/macalloy.com\\\/es\\\/productos-y-servicios\\\/#breadcrumb\"},\"inLanguage\":\"es\",\"potentialAction\":[{\"@type\":\"ReadAction\",\"target\":[\"https:\\\/\\\/macalloy.com\\\/es\\\/productos-y-servicios\\\/\"]}]},{\"@type\":\"ImageObject\",\"inLanguage\":\"es\",\"@id\":\"https:\\\/\\\/macalloy.com\\\/es\\\/productos-y-servicios\\\/#primaryimage\",\"url\":\"https:\\\/\\\/macalloystg.wpengine.com\\\/wp-content\\\/uploads\\\/2021\\\/10\\\/BG704C.jpg\",\"contentUrl\":\"https:\\\/\\\/macalloystg.wpengine.com\\\/wp-content\\\/uploads\\\/2021\\\/10\\\/BG704C.jpg\"},{\"@type\":\"BreadcrumbList\",\"@id\":\"https:\\\/\\\/macalloy.com\\\/es\\\/productos-y-servicios\\\/#breadcrumb\",\"itemListElement\":[{\"@type\":\"ListItem\",\"position\":1,\"name\":\"Home\",\"item\":\"https:\\\/\\\/macalloy.com\\\/es\\\/pagina-de-inicio\\\/\"},{\"@type\":\"ListItem\",\"position\":2,\"name\":\"Productos y servicios\"}]},{\"@type\":\"WebSite\",\"@id\":\"https:\\\/\\\/macalloy.com\\\/es\\\/#website\",\"url\":\"https:\\\/\\\/macalloy.com\\\/es\\\/\",\"name\":\"Macalloy\",\"description\":\"Threaded Bar Systems Trusted Worldwide\",\"potentialAction\":[{\"@type\":\"SearchAction\",\"target\":{\"@type\":\"EntryPoint\",\"urlTemplate\":\"https:\\\/\\\/macalloy.com\\\/es\\\/?s={search_term_string}\"},\"query-input\":{\"@type\":\"PropertyValueSpecification\",\"valueRequired\":true,\"valueName\":\"search_term_string\"}}],\"inLanguage\":\"es\"}]}<\/script>\n<!-- \/ Yoast SEO plugin. -->","yoast_head_json":{"title":"Productos y Servicios | Macalloy, Sistemas de barras roscadas de confianza en todo el mundo","description":"Macalloy es un fabricante brit\u00e1nico de barras de acero de tensi\u00f3n roscadas y sistemas de cables utilizados en proyectos de construcci\u00f3n en todo el mundo. Vea nuestra gama completa de productos y servicios.","robots":{"index":"index","follow":"follow","max-snippet":"max-snippet:-1","max-image-preview":"max-image-preview:large","max-video-preview":"max-video-preview:-1"},"canonical":"https:\/\/macalloy.com\/es\/productos-y-servicios\/","og_locale":"es_ES","og_type":"article","og_title":"Productos y Servicios | Macalloy, Sistemas de barras roscadas de confianza en todo el mundo","og_description":"Macalloy es un fabricante brit\u00e1nico de barras de acero de tensi\u00f3n roscadas y sistemas de cables utilizados en proyectos de construcci\u00f3n en todo el mundo. Vea nuestra gama completa de productos y servicios.","og_url":"https:\/\/macalloy.com\/es\/productos-y-servicios\/","og_site_name":"Macalloy","article_modified_time":"2024-05-16T12:47:31+00:00","og_image":[{"url":"https:\/\/macalloystg.wpengine.com\/wp-content\/uploads\/2021\/10\/BG704C.jpg","type":"","width":"","height":""}],"twitter_card":"summary_large_image","twitter_misc":{"Tiempo de lectura":"1 minuto"},"schema":{"@context":"https:\/\/schema.org","@graph":[{"@type":"WebPage","@id":"https:\/\/macalloy.com\/es\/productos-y-servicios\/","url":"https:\/\/macalloy.com\/es\/productos-y-servicios\/","name":"Productos y Servicios | Macalloy, Sistemas de barras roscadas de confianza en todo el mundo","isPartOf":{"@id":"https:\/\/macalloy.com\/es\/#website"},"primaryImageOfPage":{"@id":"https:\/\/macalloy.com\/es\/productos-y-servicios\/#primaryimage"},"image":{"@id":"https:\/\/macalloy.com\/es\/productos-y-servicios\/#primaryimage"},"thumbnailUrl":"https:\/\/macalloystg.wpengine.com\/wp-content\/uploads\/2021\/10\/BG704C.jpg","datePublished":"2023-12-05T13:17:18+00:00","dateModified":"2024-05-16T12:47:31+00:00","description":"Macalloy es un fabricante brit\u00e1nico de barras de acero de tensi\u00f3n roscadas y sistemas de cables utilizados en proyectos de construcci\u00f3n en todo el mundo. Vea nuestra gama completa de productos y servicios.","breadcrumb":{"@id":"https:\/\/macalloy.com\/es\/productos-y-servicios\/#breadcrumb"},"inLanguage":"es","potentialAction":[{"@type":"ReadAction","target":["https:\/\/macalloy.com\/es\/productos-y-servicios\/"]}]},{"@type":"ImageObject","inLanguage":"es","@id":"https:\/\/macalloy.com\/es\/productos-y-servicios\/#primaryimage","url":"https:\/\/macalloystg.wpengine.com\/wp-content\/uploads\/2021\/10\/BG704C.jpg","contentUrl":"https:\/\/macalloystg.wpengine.com\/wp-content\/uploads\/2021\/10\/BG704C.jpg"},{"@type":"BreadcrumbList","@id":"https:\/\/macalloy.com\/es\/productos-y-servicios\/#breadcrumb","itemListElement":[{"@type":"ListItem","position":1,"name":"Home","item":"https:\/\/macalloy.com\/es\/pagina-de-inicio\/"},{"@type":"ListItem","position":2,"name":"Productos y servicios"}]},{"@type":"WebSite","@id":"https:\/\/macalloy.com\/es\/#website","url":"https:\/\/macalloy.com\/es\/","name":"Macalloy","description":"Threaded Bar Systems Trusted Worldwide","potentialAction":[{"@type":"SearchAction","target":{"@type":"EntryPoint","urlTemplate":"https:\/\/macalloy.com\/es\/?s={search_term_string}"},"query-input":{"@type":"PropertyValueSpecification","valueRequired":true,"valueName":"search_term_string"}}],"inLanguage":"es"}]}},"_links":{"self":[{"href":"https:\/\/macalloy.com\/es\/wp-json\/wp\/v2\/pages\/29333","targetHints":{"allow":["GET"]}}],"collection":[{"href":"https:\/\/macalloy.com\/es\/wp-json\/wp\/v2\/pages"}],"about":[{"href":"https:\/\/macalloy.com\/es\/wp-json\/wp\/v2\/types\/page"}],"author":[{"embeddable":true,"href":"https:\/\/macalloy.com\/es\/wp-json\/wp\/v2\/users\/4157"}],"replies":[{"embeddable":true,"href":"https:\/\/macalloy.com\/es\/wp-json\/wp\/v2\/comments?post=29333"}],"version-history":[{"count":0,"href":"https:\/\/macalloy.com\/es\/wp-json\/wp\/v2\/pages\/29333\/revisions"}],"wp:attachment":[{"href":"https:\/\/macalloy.com\/es\/wp-json\/wp\/v2\/media?parent=29333"}],"curies":[{"name":"wp","href":"https:\/\/api.w.org\/{rel}","templated":true}]}}