{"id":29357,"date":"2023-12-07T08:59:01","date_gmt":"2023-12-07T08:59:01","guid":{"rendered":"https:\/\/macalloy.com\/?page_id=29357"},"modified":"2024-07-09T15:35:04","modified_gmt":"2024-07-09T14:35:04","slug":"sistema-de-varillas-macalloy-520","status":"publish","type":"page","link":"https:\/\/macalloy.com\/es\/productos-y-servicios\/estructuras-de-tension\/sistema-de-varillas-macalloy-520\/","title":{"rendered":"Sistema de barras Macalloy 520"},"content":{"rendered":"\n<div class=\"wp-block-media-text alignfull is-stacked-on-mobile is-image-fill has-background-highlight-colour has-neutral-0-color has-primary-900-background-color has-text-color has-background\"><figure class=\"wp-block-media-text__media\" style=\"background-image:url(https:\/\/macalloystg.wpengine.com\/wp-content\/uploads\/2021\/11\/Macalloy-Tension-Structures-1-1024x777.jpg);background-position:42% 38%\"><img fetchpriority=\"high\" decoding=\"async\" width=\"1024\" height=\"777\" src=\"https:\/\/macalloystg.wpengine.com\/wp-content\/uploads\/2021\/11\/Macalloy-Tension-Structures-1-1024x777.jpg\" alt=\"\" class=\"wp-image-3096 size-full\" srcset=\"https:\/\/macalloy.com\/wp-content\/uploads\/2021\/11\/Macalloy-Tension-Structures-1-1024x777.jpg 1024w, https:\/\/macalloy.com\/wp-content\/uploads\/2021\/11\/Macalloy-Tension-Structures-1-600x455.jpg 600w, https:\/\/macalloy.com\/wp-content\/uploads\/2021\/11\/Macalloy-Tension-Structures-1-300x228.jpg 300w, https:\/\/macalloy.com\/wp-content\/uploads\/2021\/11\/Macalloy-Tension-Structures-1-768x583.jpg 768w, https:\/\/macalloy.com\/wp-content\/uploads\/2021\/11\/Macalloy-Tension-Structures-1.jpg 1350w\" sizes=\"(max-width: 1024px) 100vw, 1024px\" \/><\/figure><div class=\"wp-block-media-text__content\">\n<h5 class=\"wp-block-heading animate animate--up\">El Macalloy 520 sigue la tradici\u00f3n y ofrece un sistema alternativo de barras con la misma geometr\u00eda, dise\u00f1o y tecnolog\u00eda que el Sistema 460. Los componentes est\u00e1n dise\u00f1ados para la mayor capacidad del sistema, que est\u00e1 disponible en di\u00e1metros de M10 a M100 en acero en bruto.<\/h5>\n<\/div><\/div>\n\n\n\n<div style=\"height:30px\" aria-hidden=\"true\" class=\"wp-block-spacer\"><\/div>\n\n\n\n<div class=\"wp-block-columns is-layout-flex wp-container-core-columns-is-layout-9d6595d7 wp-block-columns-is-layout-flex\">\n<div class=\"wp-block-column is-vertically-aligned-top mb-0 is-layout-flow wp-block-column-is-layout-flow\">\n<h2 class=\"wp-block-heading h4 has-primary-900-color has-text-color animate animate--right\">Sistema de acero no aleado Macalloy 520.<\/h2>\n\n\n\n<hr class=\"wp-block-separator has-text-color has-primary-900-color has-css-opacity has-primary-900-background-color has-background animate animate--right animate--delay-short\"\/>\n<\/div>\n\n\n\n<div class=\"wp-block-column is-layout-flow wp-block-column-is-layout-flow\"><\/div>\n<\/div>\n\n\n\n<div class=\"wp-block-columns is-layout-flex wp-container-core-columns-is-layout-9d6595d7 wp-block-columns-is-layout-flex\">\n<div class=\"wp-block-column is-vertically-aligned-top is-layout-flow wp-block-column-is-layout-flow\">\n<p class=\"no-mt\">La barra Macalloy 520 tiene las siguientes propiedades mec\u00e1nicas:<\/p>\n\n\n\n<ul class=\"wp-block-list\">\n<li>L\u00edmite el\u00e1stico m\u00ednimo 520 N\/mm2<\/li>\n\n\n\n<li>Esfuerzo m\u00ednimo de rotura 660 N\/mm22<\/li>\n\n\n\n<li>Alargamiento m\u00ednimo 19<\/li>\n\n\n\n<li>Valor m\u00ednimo de resistencia al impacto entallado 27J @-20\u00b0C<\/li>\n\n\n\n<li>M\u00f3dulo de elasticidad nominal 205 kN\/mm2<\/li>\n<\/ul>\n\n\n\n<p><\/p>\n<\/div>\n\n\n\n<div class=\"wp-block-column is-layout-flow wp-block-column-is-layout-flow\">\n<p>Los ajustes dentro de cada horquilla son:<\/p>\n\n\n\n<ul class=\"wp-block-list\">\n<li>M10 a M56: +\/- 1\/2 di\u00e1metro de rosca<\/li>\n\n\n\n<li>M64 a M100: +\/-25 mm<\/li>\n<\/ul>\n\n\n\n<p>Los tensores permiten ajustes adicionales de:<\/p>\n\n\n\n<ul class=\"wp-block-list\">\n<li>M10 a M24: +\/-25 mm<\/li>\n\n\n\n<li>M30 a M100: +\/-50 mm<\/li>\n<\/ul>\n\n\n\n<p>Tambi\u00e9n se pueden solicitar tensores especiales con un ajuste m\u00e1s alto.<\/p>\n<\/div>\n<\/div>\n\n\n\n<div class=\"wp-block-columns animate animate--up animate--delay-short is-layout-flex wp-container-core-columns-is-layout-9d6595d7 wp-block-columns-is-layout-flex\">\n<div class=\"wp-block-column is-layout-flow wp-block-column-is-layout-flow\">\n<h5 class=\"wp-block-heading has-primary-900-color has-text-color\">Protecci\u00f3n contra la corrosi\u00f3n<\/h5>\n\n\n\n<p>Los tendones Macalloy pueden suministrarse en acero en bruto, imprimados o galvanizados en caliente. Si se solicita en el pedido, los tendones pueden galvanizarse en caliente despu\u00e9s del roscado. A continuaci\u00f3n, las roscas se cepillan para eliminar el exceso de zinc.<\/p>\n\n\n\n<p>Dependiendo de la longitud, las varillas galvanizadas se suministran premontadas. Este proceso garantiza que las roscas funcionen al 100%. Las varillas conectadas de m\u00e1s de 11.8 metros se suministran parcialmente montadas. Tenga en cuenta que el galvanizado en caliente no es comparable a la pintura. El aspecto visual de las horquillas puede diferir del de la barra debido a la diferente composici\u00f3n del material.<\/p>\n<\/div>\n\n\n\n<div class=\"wp-block-column is-layout-flow wp-block-column-is-layout-flow\">\n<h5 class=\"wp-block-heading has-primary-900-color has-text-color\">Revestimiento<\/h5>\n\n\n\n<p>Para fines arquitect\u00f3nicos, se recomienda recubrir la galvanizaci\u00f3n con un barniz. Esto puede aumentar la resistencia a la corrosi\u00f3n de la barra.<\/p>\n\n\n\n<h5 class=\"wp-block-heading has-primary-900-color has-text-color\">Autorizaci\u00f3n europea<\/h5>\n\n\n\n<p>El sistema Macalloy 520 cuenta con la homologaci\u00f3n CE europea ETA 21\/0053 para todos los di\u00e1metros est\u00e1ndar de M10 y M100. Solicite siempre sistemas aprobados por la CE cuando realice una especificaci\u00f3n.<\/p>\n\n\n\n<p><a href=\"https:\/\/macalloy.com\/contact\/\">P\u00f3ngase en contacto con un representante de Macalloy<\/a> hoy mismo para consultar cualquier duda que pueda tener sobre las barras de tensi\u00f3n y las barras arquitect\u00f3nicas.<\/p>\n<\/div>\n<\/div>\n\n\n\n<div style=\"height:50px\" aria-hidden=\"true\" class=\"wp-block-spacer\"><\/div>\n\n\n<div class=\"post__sharing animate animate--up animate--delay-long\"><strong class=\"sharing__title\">Share<\/strong><ul class=\"sharing__list\"><li class=\"sharing__item\"><a class=\"sharing__link sharing__link--facebook js-share\" href=\"https:\/\/www.facebook.com\/sharer\/sharer.php?u=https%3A%2F%2Fmacalloy.com%2Fes%2Fproductos-y-servicios%2Festructuras-de-tension%2Fsistema-de-varillas-macalloy-520%2F\">Facebook <svg xmlns=\"http:\/\/www.w3.org\/2000\/svg\" xmlns:xlink=\"http:\/\/www.w3.org\/1999\/xlink\" width=\"100\" height=\"100\" viewBox=\"0 0 100 100\"><g transform=\"translate(51.909 -29.171) rotate(45)\"><path d=\"M78.4,33.1,78.959,0,45.815,1.351l.3,5.515H68.537L0,75.4l4.54,4.54L73.077,11.405V32.58Z\" transform=\"translate(-0.882 56.319) rotate(-45)\"\/><\/g><\/svg><\/a><\/li><li class=\"sharing__item\"><a class=\"sharing__link sharing__link--twitter js-share\" href=\"https:\/\/twitter.com\/intent\/tweet?url=https%3A%2F%2Fmacalloy.com%2Fes%2Fproductos-y-servicios%2Festructuras-de-tension%2Fsistema-de-varillas-macalloy-520%2F&text=El+Macalloy+520+sigue+la+tradici%C3%B3n+y+ofrece+un+sistema+alternativo+de+barras+con+la+misma+geometr%C3%ADa%2C+dise%C3%B1o+y+tecnolog%C3%ADa+que+el+Sistema+460.+Los+componentes+est%C3%A1n+dise%C3%B1ados+para+la+mayor+capacidad+del+sistema%2C+que+est%C3%A1+disponible+en+di%C3%A1metros+de+M10+a+M100+en+acero+en+bruto.+Sistema+de+acero+no+aleado+Macalloy+520.+La+%5B%26hellip%3B%5D\">Twitter <svg xmlns=\"http:\/\/www.w3.org\/2000\/svg\" xmlns:xlink=\"http:\/\/www.w3.org\/1999\/xlink\" width=\"100\" height=\"100\" viewBox=\"0 0 100 100\"><g transform=\"translate(51.909 -29.171) rotate(45)\"><path d=\"M78.4,33.1,78.959,0,45.815,1.351l.3,5.515H68.537L0,75.4l4.54,4.54L73.077,11.405V32.58Z\" transform=\"translate(-0.882 56.319) rotate(-45)\"\/><\/g><\/svg><\/a><\/li><li class=\"sharing__item\"><a class=\"sharing__link sharing__link--linkedin js-share\" href=\"https:\/\/www.linkedin.com\/shareArticle?mini=true&url=https%3A%2F%2Fmacalloy.com%2Fes%2Fproductos-y-servicios%2Festructuras-de-tension%2Fsistema-de-varillas-macalloy-520%2F&title=LinkedIn&summary=El+Macalloy+520+sigue+la+tradici%C3%B3n+y+ofrece+un+sistema+alternativo+de+barras+con+la+misma+geometr%C3%ADa%2C+dise%C3%B1o+y+tecnolog%C3%ADa+que+el+Sistema+460.+Los+componentes+est%C3%A1n+dise%C3%B1ados+para+la+mayor+capacidad+del+sistema%2C+que+est%C3%A1+disponible+en+di%C3%A1metros+de+M10+a+M100+en+acero+en+bruto.+Sistema+de+acero+no+aleado+Macalloy+520.+La+%5B%26hellip%3B%5D&source=LinkedIn\">LinkedIn <svg xmlns=\"http:\/\/www.w3.org\/2000\/svg\" xmlns:xlink=\"http:\/\/www.w3.org\/1999\/xlink\" width=\"100\" height=\"100\" viewBox=\"0 0 100 100\"><g transform=\"translate(51.909 -29.171) rotate(45)\"><path d=\"M78.4,33.1,78.959,0,45.815,1.351l.3,5.515H68.537L0,75.4l4.54,4.54L73.077,11.405V32.58Z\" transform=\"translate(-0.882 56.319) rotate(-45)\"\/><\/g><\/svg><\/a><\/li><\/ul><\/div>\n\n\n\n<div class=\"wp-block-cover alignfull is-light mb-0 animate animate--up\" style=\"min-height:600px;aspect-ratio:unset;\"><span aria-hidden=\"true\" class=\"wp-block-cover__background has-primary-900-background-color has-background-dim\"><\/span><img decoding=\"async\" class=\"wp-block-cover__image-background wp-image-1852\" alt=\"\" src=\"https:\/\/macalloystg.wpengine.com\/wp-content\/uploads\/2021\/09\/macalloy_map-scaled.jpg\" data-object-fit=\"cover\"\/><div class=\"wp-block-cover__inner-container is-layout-flow wp-block-cover-is-layout-flow\">\n<h4 class=\"wp-block-heading has-text-align-center has-neutral-0-color has-text-color animate animate--up animate--delay-short\">Nuestra cadena de suministro sigue ampli\u00e1ndose a trav\u00e9s de una red internacional de agentes y distribuidores de Macalloy para garantizar un crecimiento continuo en el mercado mundial.<\/h4>\n<\/div><\/div>\n","protected":false},"excerpt":{"rendered":"<p>El Macalloy 520 sigue la tradici\u00f3n y ofrece un sistema alternativo de barras con la misma geometr\u00eda, dise\u00f1o y tecnolog\u00eda que el Sistema 460. Los componentes est\u00e1n dise\u00f1ados para la mayor capacidad del sistema, que est\u00e1 disponible en di\u00e1metros de M10 a M100 en acero en bruto. Sistema de acero no aleado Macalloy 520. La [&hellip;]<\/p>\n","protected":false},"author":4157,"featured_media":0,"parent":29345,"menu_order":0,"comment_status":"closed","ping_status":"closed","template":"","meta":{"footnotes":""},"class_list":["hentry","page"],"yoast_head":"<!-- This site is optimized with the Yoast SEO plugin v27.4 - https:\/\/yoast.com\/product\/yoast-seo-wordpress\/ -->\n<title>Macalloy 520 Bar System - Barras y varillas de tensi\u00f3n de acero al carbono | Macalloy<\/title>\n<meta name=\"description\" content=\"El sistema de barras tensoras Macalloy 520 ofrece una alternativa m\u00e1s resistente que la 460. Disponible en di\u00e1metros M10 - M100, o en tama\u00f1os m\u00e1s a medida.\" \/>\n<meta name=\"robots\" content=\"index, follow, max-snippet:-1, max-image-preview:large, max-video-preview:-1\" \/>\n<link rel=\"canonical\" href=\"https:\/\/macalloy.com\/es\/productos-y-servicios\/estructuras-de-tension\/sistema-de-varillas-macalloy-520\/\" \/>\n<meta property=\"og:locale\" content=\"es_ES\" \/>\n<meta property=\"og:type\" content=\"article\" \/>\n<meta property=\"og:title\" content=\"Macalloy 520 Bar System - Barras y varillas de tensi\u00f3n de acero al carbono | Macalloy\" \/>\n<meta property=\"og:description\" content=\"El sistema de barras tensoras Macalloy 520 ofrece una alternativa m\u00e1s resistente que la 460. Disponible en di\u00e1metros M10 - M100, o en tama\u00f1os m\u00e1s a medida.\" \/>\n<meta property=\"og:url\" content=\"https:\/\/macalloy.com\/es\/productos-y-servicios\/estructuras-de-tension\/sistema-de-varillas-macalloy-520\/\" \/>\n<meta property=\"og:site_name\" content=\"Macalloy\" \/>\n<meta property=\"article:modified_time\" content=\"2024-07-09T14:35:04+00:00\" \/>\n<meta property=\"og:image\" content=\"https:\/\/macalloystg.wpengine.com\/wp-content\/uploads\/2021\/11\/Macalloy-Tension-Structures-1-1024x777.jpg\" \/>\n<meta name=\"twitter:card\" content=\"summary_large_image\" \/>\n<meta name=\"twitter:label1\" content=\"Tiempo de lectura\" \/>\n\t<meta name=\"twitter:data1\" content=\"2 minutos\" \/>\n<script type=\"application\/ld+json\" class=\"yoast-schema-graph\">{\"@context\":\"https:\\\/\\\/schema.org\",\"@graph\":[{\"@type\":\"WebPage\",\"@id\":\"https:\\\/\\\/macalloy.com\\\/es\\\/productos-y-servicios\\\/estructuras-de-tension\\\/sistema-de-varillas-macalloy-520\\\/\",\"url\":\"https:\\\/\\\/macalloy.com\\\/es\\\/productos-y-servicios\\\/estructuras-de-tension\\\/sistema-de-varillas-macalloy-520\\\/\",\"name\":\"Macalloy 520 Bar System - Barras y varillas de tensi\u00f3n de acero al carbono | Macalloy\",\"isPartOf\":{\"@id\":\"https:\\\/\\\/macalloy.com\\\/es\\\/#website\"},\"primaryImageOfPage\":{\"@id\":\"https:\\\/\\\/macalloy.com\\\/es\\\/productos-y-servicios\\\/estructuras-de-tension\\\/sistema-de-varillas-macalloy-520\\\/#primaryimage\"},\"image\":{\"@id\":\"https:\\\/\\\/macalloy.com\\\/es\\\/productos-y-servicios\\\/estructuras-de-tension\\\/sistema-de-varillas-macalloy-520\\\/#primaryimage\"},\"thumbnailUrl\":\"https:\\\/\\\/macalloystg.wpengine.com\\\/wp-content\\\/uploads\\\/2021\\\/11\\\/Macalloy-Tension-Structures-1-1024x777.jpg\",\"datePublished\":\"2023-12-07T08:59:01+00:00\",\"dateModified\":\"2024-07-09T14:35:04+00:00\",\"description\":\"El sistema de barras tensoras Macalloy 520 ofrece una alternativa m\u00e1s resistente que la 460. Disponible en di\u00e1metros M10 - M100, o en tama\u00f1os m\u00e1s a medida.\",\"breadcrumb\":{\"@id\":\"https:\\\/\\\/macalloy.com\\\/es\\\/productos-y-servicios\\\/estructuras-de-tension\\\/sistema-de-varillas-macalloy-520\\\/#breadcrumb\"},\"inLanguage\":\"es\",\"potentialAction\":[{\"@type\":\"ReadAction\",\"target\":[\"https:\\\/\\\/macalloy.com\\\/es\\\/productos-y-servicios\\\/estructuras-de-tension\\\/sistema-de-varillas-macalloy-520\\\/\"]}]},{\"@type\":\"ImageObject\",\"inLanguage\":\"es\",\"@id\":\"https:\\\/\\\/macalloy.com\\\/es\\\/productos-y-servicios\\\/estructuras-de-tension\\\/sistema-de-varillas-macalloy-520\\\/#primaryimage\",\"url\":\"https:\\\/\\\/macalloystg.wpengine.com\\\/wp-content\\\/uploads\\\/2021\\\/11\\\/Macalloy-Tension-Structures-1-1024x777.jpg\",\"contentUrl\":\"https:\\\/\\\/macalloystg.wpengine.com\\\/wp-content\\\/uploads\\\/2021\\\/11\\\/Macalloy-Tension-Structures-1-1024x777.jpg\"},{\"@type\":\"BreadcrumbList\",\"@id\":\"https:\\\/\\\/macalloy.com\\\/es\\\/productos-y-servicios\\\/estructuras-de-tension\\\/sistema-de-varillas-macalloy-520\\\/#breadcrumb\",\"itemListElement\":[{\"@type\":\"ListItem\",\"position\":1,\"name\":\"Home\",\"item\":\"https:\\\/\\\/macalloy.com\\\/es\\\/pagina-de-inicio\\\/\"},{\"@type\":\"ListItem\",\"position\":2,\"name\":\"Productos y servicios\",\"item\":\"https:\\\/\\\/macalloy.com\\\/es\\\/productos-y-servicios\\\/\"},{\"@type\":\"ListItem\",\"position\":3,\"name\":\"Estructuras de tensi\u00f3n\",\"item\":\"https:\\\/\\\/macalloy.com\\\/es\\\/productos-y-servicios\\\/estructuras-de-tension\\\/\"},{\"@type\":\"ListItem\",\"position\":4,\"name\":\"Sistema de barras Macalloy 520\"}]},{\"@type\":\"WebSite\",\"@id\":\"https:\\\/\\\/macalloy.com\\\/es\\\/#website\",\"url\":\"https:\\\/\\\/macalloy.com\\\/es\\\/\",\"name\":\"Macalloy\",\"description\":\"Threaded Bar Systems Trusted Worldwide\",\"potentialAction\":[{\"@type\":\"SearchAction\",\"target\":{\"@type\":\"EntryPoint\",\"urlTemplate\":\"https:\\\/\\\/macalloy.com\\\/es\\\/?s={search_term_string}\"},\"query-input\":{\"@type\":\"PropertyValueSpecification\",\"valueRequired\":true,\"valueName\":\"search_term_string\"}}],\"inLanguage\":\"es\"}]}<\/script>\n<!-- \/ Yoast SEO plugin. -->","yoast_head_json":{"title":"Macalloy 520 Bar System - Barras y varillas de tensi\u00f3n de acero al carbono | Macalloy","description":"El sistema de barras tensoras Macalloy 520 ofrece una alternativa m\u00e1s resistente que la 460. Disponible en di\u00e1metros M10 - M100, o en tama\u00f1os m\u00e1s a medida.","robots":{"index":"index","follow":"follow","max-snippet":"max-snippet:-1","max-image-preview":"max-image-preview:large","max-video-preview":"max-video-preview:-1"},"canonical":"https:\/\/macalloy.com\/es\/productos-y-servicios\/estructuras-de-tension\/sistema-de-varillas-macalloy-520\/","og_locale":"es_ES","og_type":"article","og_title":"Macalloy 520 Bar System - Barras y varillas de tensi\u00f3n de acero al carbono | Macalloy","og_description":"El sistema de barras tensoras Macalloy 520 ofrece una alternativa m\u00e1s resistente que la 460. Disponible en di\u00e1metros M10 - M100, o en tama\u00f1os m\u00e1s a medida.","og_url":"https:\/\/macalloy.com\/es\/productos-y-servicios\/estructuras-de-tension\/sistema-de-varillas-macalloy-520\/","og_site_name":"Macalloy","article_modified_time":"2024-07-09T14:35:04+00:00","og_image":[{"url":"https:\/\/macalloystg.wpengine.com\/wp-content\/uploads\/2021\/11\/Macalloy-Tension-Structures-1-1024x777.jpg","type":"","width":"","height":""}],"twitter_card":"summary_large_image","twitter_misc":{"Tiempo de lectura":"2 minutos"},"schema":{"@context":"https:\/\/schema.org","@graph":[{"@type":"WebPage","@id":"https:\/\/macalloy.com\/es\/productos-y-servicios\/estructuras-de-tension\/sistema-de-varillas-macalloy-520\/","url":"https:\/\/macalloy.com\/es\/productos-y-servicios\/estructuras-de-tension\/sistema-de-varillas-macalloy-520\/","name":"Macalloy 520 Bar System - Barras y varillas de tensi\u00f3n de acero al carbono | Macalloy","isPartOf":{"@id":"https:\/\/macalloy.com\/es\/#website"},"primaryImageOfPage":{"@id":"https:\/\/macalloy.com\/es\/productos-y-servicios\/estructuras-de-tension\/sistema-de-varillas-macalloy-520\/#primaryimage"},"image":{"@id":"https:\/\/macalloy.com\/es\/productos-y-servicios\/estructuras-de-tension\/sistema-de-varillas-macalloy-520\/#primaryimage"},"thumbnailUrl":"https:\/\/macalloystg.wpengine.com\/wp-content\/uploads\/2021\/11\/Macalloy-Tension-Structures-1-1024x777.jpg","datePublished":"2023-12-07T08:59:01+00:00","dateModified":"2024-07-09T14:35:04+00:00","description":"El sistema de barras tensoras Macalloy 520 ofrece una alternativa m\u00e1s resistente que la 460. Disponible en di\u00e1metros M10 - M100, o en tama\u00f1os m\u00e1s a medida.","breadcrumb":{"@id":"https:\/\/macalloy.com\/es\/productos-y-servicios\/estructuras-de-tension\/sistema-de-varillas-macalloy-520\/#breadcrumb"},"inLanguage":"es","potentialAction":[{"@type":"ReadAction","target":["https:\/\/macalloy.com\/es\/productos-y-servicios\/estructuras-de-tension\/sistema-de-varillas-macalloy-520\/"]}]},{"@type":"ImageObject","inLanguage":"es","@id":"https:\/\/macalloy.com\/es\/productos-y-servicios\/estructuras-de-tension\/sistema-de-varillas-macalloy-520\/#primaryimage","url":"https:\/\/macalloystg.wpengine.com\/wp-content\/uploads\/2021\/11\/Macalloy-Tension-Structures-1-1024x777.jpg","contentUrl":"https:\/\/macalloystg.wpengine.com\/wp-content\/uploads\/2021\/11\/Macalloy-Tension-Structures-1-1024x777.jpg"},{"@type":"BreadcrumbList","@id":"https:\/\/macalloy.com\/es\/productos-y-servicios\/estructuras-de-tension\/sistema-de-varillas-macalloy-520\/#breadcrumb","itemListElement":[{"@type":"ListItem","position":1,"name":"Home","item":"https:\/\/macalloy.com\/es\/pagina-de-inicio\/"},{"@type":"ListItem","position":2,"name":"Productos y servicios","item":"https:\/\/macalloy.com\/es\/productos-y-servicios\/"},{"@type":"ListItem","position":3,"name":"Estructuras de tensi\u00f3n","item":"https:\/\/macalloy.com\/es\/productos-y-servicios\/estructuras-de-tension\/"},{"@type":"ListItem","position":4,"name":"Sistema de barras Macalloy 520"}]},{"@type":"WebSite","@id":"https:\/\/macalloy.com\/es\/#website","url":"https:\/\/macalloy.com\/es\/","name":"Macalloy","description":"Threaded Bar Systems Trusted Worldwide","potentialAction":[{"@type":"SearchAction","target":{"@type":"EntryPoint","urlTemplate":"https:\/\/macalloy.com\/es\/?s={search_term_string}"},"query-input":{"@type":"PropertyValueSpecification","valueRequired":true,"valueName":"search_term_string"}}],"inLanguage":"es"}]}},"_links":{"self":[{"href":"https:\/\/macalloy.com\/es\/wp-json\/wp\/v2\/pages\/29357","targetHints":{"allow":["GET"]}}],"collection":[{"href":"https:\/\/macalloy.com\/es\/wp-json\/wp\/v2\/pages"}],"about":[{"href":"https:\/\/macalloy.com\/es\/wp-json\/wp\/v2\/types\/page"}],"author":[{"embeddable":true,"href":"https:\/\/macalloy.com\/es\/wp-json\/wp\/v2\/users\/4157"}],"replies":[{"embeddable":true,"href":"https:\/\/macalloy.com\/es\/wp-json\/wp\/v2\/comments?post=29357"}],"version-history":[{"count":0,"href":"https:\/\/macalloy.com\/es\/wp-json\/wp\/v2\/pages\/29357\/revisions"}],"up":[{"embeddable":true,"href":"https:\/\/macalloy.com\/es\/wp-json\/wp\/v2\/pages\/29345"}],"wp:attachment":[{"href":"https:\/\/macalloy.com\/es\/wp-json\/wp\/v2\/media?parent=29357"}],"curies":[{"name":"wp","href":"https:\/\/api.w.org\/{rel}","templated":true}]}}