{"id":29358,"date":"2023-12-07T11:23:25","date_gmt":"2023-12-07T11:23:25","guid":{"rendered":"https:\/\/macalloy.com\/?page_id=29358"},"modified":"2024-07-11T10:36:08","modified_gmt":"2024-07-11T09:36:08","slug":"sistema-de-barras-macalloy-550","status":"publish","type":"page","link":"https:\/\/macalloy.com\/es\/productos-y-servicios\/estructuras-de-tension\/sistema-de-barras-macalloy-550\/","title":{"rendered":"Sistema de barras Macalloy 550"},"content":{"rendered":"\n<div class=\"wp-block-media-text alignfull is-stacked-on-mobile is-image-fill has-background-highlight-colour has-neutral-0-color has-primary-900-background-color has-text-color has-background\"><figure class=\"wp-block-media-text__media\" style=\"background-image:url(https:\/\/macalloystg.wpengine.com\/wp-content\/uploads\/2021\/11\/Macalloy-Tension-Structures-1-1024x777.jpg);background-position:42% 38%\"><img fetchpriority=\"high\" decoding=\"async\" width=\"1024\" height=\"777\" src=\"https:\/\/macalloystg.wpengine.com\/wp-content\/uploads\/2021\/11\/Macalloy-Tension-Structures-1-1024x777.jpg\" alt=\"\" class=\"wp-image-3096 size-full\" srcset=\"https:\/\/macalloy.com\/wp-content\/uploads\/2021\/11\/Macalloy-Tension-Structures-1-1024x777.jpg 1024w, https:\/\/macalloy.com\/wp-content\/uploads\/2021\/11\/Macalloy-Tension-Structures-1-600x455.jpg 600w, https:\/\/macalloy.com\/wp-content\/uploads\/2021\/11\/Macalloy-Tension-Structures-1-300x228.jpg 300w, https:\/\/macalloy.com\/wp-content\/uploads\/2021\/11\/Macalloy-Tension-Structures-1-768x583.jpg 768w, https:\/\/macalloy.com\/wp-content\/uploads\/2021\/11\/Macalloy-Tension-Structures-1.jpg 1350w\" sizes=\"(max-width: 1024px) 100vw, 1024px\" \/><\/figure><div class=\"wp-block-media-text__content\">\n<h5 class=\"wp-block-heading animate animate--up\">Macalloy se enorgullece de anunciar el lanzamiento de nuestro nuevo Sistema de Tensi\u00f3n Arquitect\u00f3nica Mac550. Est\u00e1 disponible tanto en aceroen bruto como en acero inoxidable y hemos a\u00f1adido los di\u00e1metros M70\/80\/95 y M110\/120mm a la gama ya existente.<\/h5>\n<\/div><\/div>\n\n\n\n<div style=\"height:30px\" aria-hidden=\"true\" class=\"wp-block-spacer\"><\/div>\n\n\n\n<div class=\"wp-block-columns is-layout-flex wp-container-core-columns-is-layout-9d6595d7 wp-block-columns-is-layout-flex\">\n<div class=\"wp-block-column is-vertically-aligned-top mb-0 is-layout-flow wp-block-column-is-layout-flow\">\n<h2 class=\"wp-block-heading h4 has-primary-900-color has-text-color animate animate--right animate--delay-short\">Sistema de acero no aleado Macalloy 550.<\/h2>\n\n\n\n<hr class=\"wp-block-separator has-text-color has-primary-900-color has-css-opacity has-primary-900-background-color has-background animate animate--right animate--delay-short\"\/>\n<\/div>\n\n\n\n<div class=\"wp-block-column is-layout-flow wp-block-column-is-layout-flow\"><\/div>\n<\/div>\n\n\n\n<div class=\"wp-block-columns is-layout-flex wp-container-core-columns-is-layout-9d6595d7 wp-block-columns-is-layout-flex\">\n<div class=\"wp-block-column is-vertically-aligned-top is-layout-flow wp-block-column-is-layout-flow\">\n<p class=\"animate animate animate--delay-short\">A lo largo de los a\u00f1os, MACALLOY ha ayudado a los ingenieros a encontrar soluciones innovadoras para aplicaciones est\u00e1ticas, cuasiest\u00e1ticas o de fatiga. Con el nuevo sistema Mac550, Macalloy puede ofrecer un sistema con mayor capacidad, importantes ahorros de costes y una gama m\u00e1s amplia de di\u00e1metros.<\/p>\n<\/div>\n\n\n\n<div class=\"wp-block-column is-layout-flow wp-block-column-is-layout-flow\">\n<p>Los productos Macalloy Tensile pueden hacer frente a la exigente vida \u00fatil de la nueva generaci\u00f3n de puentes polifaceticos y versatiles. <\/p>\n\n\n\n<p>Macalloy esta comprometido a trabajar con &#8220;acero verde&#8221; para proteger nuestro medio ambiente y reducir las emisiones de carbono. Nuestro proceso de fabricaci\u00f3n se basa en chatarra de acero reciclada y en una mezcla de electricidad n\u00f3rdica libre de combustibles f\u00f3siles. Como resultado, la huella de carbono de nuestras barras de acero es hasta un 80% inferior a la media mundial.<\/p>\n<\/div>\n<\/div>\n\n\n\n<div class=\"wp-block-columns is-layout-flex wp-container-core-columns-is-layout-9d6595d7 wp-block-columns-is-layout-flex\">\n<div class=\"wp-block-column is-vertically-aligned-top mb-0 is-layout-flow wp-block-column-is-layout-flow\">\n<p>Ventajas del nuevo Mac550 Architectural<br>Mac550 Arquitect\u00f3nico<br>de sujeci\u00f3n.<\/p>\n\n\n\n<hr class=\"wp-block-separator has-text-color has-primary-900-color has-css-opacity has-primary-900-background-color has-background animate animate--right animate--delay-short\"\/>\n<\/div>\n\n\n\n<div class=\"wp-block-column is-layout-flow wp-block-column-is-layout-flow\"><\/div>\n<\/div>\n\n\n\n<div class=\"wp-block-columns animate animate--up animate--delay-short is-layout-flex wp-container-core-columns-is-layout-9d6595d7 wp-block-columns-is-layout-flex\">\n<div class=\"wp-block-column animate animate--delay-short is-layout-flow wp-block-column-is-layout-flow\">\n<p>El nuevo sistema Mac550 ofrece un l\u00edmite el\u00e1stico y una resistencia a la rotura superiores a los del sistema Mac460\/520, tanto en acero inoxidable como en acero al carbono.<\/p>\n\n\n\n<p>El nuevo sistema Mac550 es m\u00e1s ligero y f\u00e1cil de instalar debido al menor di\u00e1metro de la barra.<\/p>\n\n\n\n<p>El sistema Mac550 tambi\u00e9n utiliza la soluci\u00f3n Macalloy TechnoTensioner para el tensado &#8220;en l\u00ednea&#8221; de las cargas de pretensado en las barras de tracci\u00f3n, as\u00ed como la monitorizaci\u00f3n de la carga despu\u00e9s de la instalaci\u00f3n.<\/p>\n\n\n\n<p>Macalloy dispone de una amplia flota de equipos de tensado dise\u00f1ados para satisfacer la mayor\u00eda de los requisitos y puede desarrollar equipos a medida para aplicaciones especializadas. El equipo de <a href=\"https:\/\/macalloy.com\/es\/productos-y-servicios\/servicios\/\">Macalloy Site Services<\/a> puede ofrecerle apoyo, formaci\u00f3n, asesoramiento y supervisi\u00f3n.<\/p>\n<\/div>\n\n\n\n<div class=\"wp-block-column animate animate--delay-short is-layout-flow wp-block-column-is-layout-flow\">\n<p>El nuevo sistema Mac550 ofrece un di\u00e1metro de barra menor y un importante ahorro de costes.<\/p>\n\n\n\n<p>El nuevo Mac550 ofrece ahora di\u00e1metros mayores de 110\/120 mm y utiliza la tecnolog\u00eda de rosca laminada.<\/p>\n\n\n\n<p>Los tirantes Macalloy disponen de protecci\u00f3n contra la corrosi\u00f3n. Macalloy ofrece protecci\u00f3n a trav\u00e9s de una variedad de recubrimientos para diferentes ambientes, tales como galvanizado en caliente hasta pintura C2\/C3, recubrimiento en polvo y acero inoxidable en una gama de acabados.<\/p>\n\n\n\n<p><a href=\"https:\/\/macalloy.com\/contact\/\">Contacte con un representante de Macalloy<\/a> hoy mismo para discutir todo lo referente a tirantes y barras para estructuras arquitect\u00f3nicas.<\/p>\n<\/div>\n<\/div>\n\n\n\n<div class=\"wp-block-media-text alignwide is-stacked-on-mobile is-image-fill has-primary-900-background-color has-background\"><figure class=\"wp-block-media-text__media\" style=\"background-image:url(https:\/\/macalloy.com\/wp-content\/uploads\/2022\/07\/Doha-Airport-Macalloy-768x1024.jpg);background-position:54% 66%\"><img decoding=\"async\" width=\"768\" height=\"1024\" src=\"https:\/\/macalloy.com\/wp-content\/uploads\/2022\/07\/Doha-Airport-Macalloy-768x1024.jpg\" alt=\"\" class=\"wp-image-3598 size-full\" srcset=\"https:\/\/macalloy.com\/wp-content\/uploads\/2022\/07\/Doha-Airport-Macalloy-768x1024.jpg 768w, https:\/\/macalloy.com\/wp-content\/uploads\/2022\/07\/Doha-Airport-Macalloy-600x800.jpg 600w, https:\/\/macalloy.com\/wp-content\/uploads\/2022\/07\/Doha-Airport-Macalloy-225x300.jpg 225w, https:\/\/macalloy.com\/wp-content\/uploads\/2022\/07\/Doha-Airport-Macalloy-1152x1536.jpg 1152w, https:\/\/macalloy.com\/wp-content\/uploads\/2022\/07\/Doha-Airport-Macalloy.jpg 1440w\" sizes=\"(max-width: 768px) 100vw, 768px\" \/><\/figure><div class=\"wp-block-media-text__content\">\n<h3 class=\"wp-block-heading h5 has-neutral-0-color has-text-color\">Aeropuerto Internacional de Doha<\/h3>\n\n\n\n<p class=\"has-neutral-0-color has-text-color\">Conocido tambi\u00e9n como &#8220;Aeropuerto Internacional Hamad&#8221;, el Nuevo Aeropuerto Internacional de Doha es la sede de las l\u00edneas a\u00e9reas de Qatar, con capacidad para 29 millones de visitantes al a\u00f1o. En este proyecto Macalloy suministr\u00f3 cables inoxidables para soportar las fachadas de cristal y tendones inoxidables de 24mm de alto grado.<\/p>\n\n\n\n<div class=\"wp-block-buttons is-content-justification-left is-layout-flex wp-container-core-buttons-is-layout-fdcfc74e wp-block-buttons-is-layout-flex\">\n<div class=\"wp-block-button h5 is-style-underline\"><a class=\"wp-block-button__link has-neutral-0-color has-text-color wp-element-button\" href=\"https:\/\/macalloy.com\/projects\/\">Proyectos<\/a><\/div>\n<\/div>\n<\/div><\/div>\n\n\n\n<div style=\"height:50px\" aria-hidden=\"true\" class=\"wp-block-spacer\"><\/div>\n\n\n<div class=\"post__sharing animate animate--up animate--delay-long\"><strong class=\"sharing__title\">Share<\/strong><ul class=\"sharing__list\"><li class=\"sharing__item\"><a class=\"sharing__link sharing__link--facebook js-share\" href=\"https:\/\/www.facebook.com\/sharer\/sharer.php?u=https%3A%2F%2Fmacalloy.com%2Fes%2Fproductos-y-servicios%2Festructuras-de-tension%2Fsistema-de-barras-macalloy-550%2F\">Facebook <svg xmlns=\"http:\/\/www.w3.org\/2000\/svg\" xmlns:xlink=\"http:\/\/www.w3.org\/1999\/xlink\" width=\"100\" height=\"100\" viewBox=\"0 0 100 100\"><g transform=\"translate(51.909 -29.171) rotate(45)\"><path d=\"M78.4,33.1,78.959,0,45.815,1.351l.3,5.515H68.537L0,75.4l4.54,4.54L73.077,11.405V32.58Z\" transform=\"translate(-0.882 56.319) rotate(-45)\"\/><\/g><\/svg><\/a><\/li><li class=\"sharing__item\"><a class=\"sharing__link sharing__link--twitter js-share\" href=\"https:\/\/twitter.com\/intent\/tweet?url=https%3A%2F%2Fmacalloy.com%2Fes%2Fproductos-y-servicios%2Festructuras-de-tension%2Fsistema-de-barras-macalloy-550%2F&text=Macalloy+se+enorgullece+de+anunciar+el+lanzamiento+de+nuestro+nuevo+Sistema+de+Tensi%C3%B3n+Arquitect%C3%B3nica+Mac550.+Est%C3%A1+disponible+tanto+en+aceroen+bruto+como+en+acero+inoxidable+y+hemos+a%C3%B1adido+los+di%C3%A1metros+M70%2F80%2F95+y+M110%2F120mm+a+la+gama+ya+existente.+Sistema+de+acero+no+aleado+Macalloy+550.+A+lo+largo+de+los+a%C3%B1os%2C+MACALLOY+ha+ayudado+a+%5B%26hellip%3B%5D\">Twitter <svg xmlns=\"http:\/\/www.w3.org\/2000\/svg\" xmlns:xlink=\"http:\/\/www.w3.org\/1999\/xlink\" width=\"100\" height=\"100\" viewBox=\"0 0 100 100\"><g transform=\"translate(51.909 -29.171) rotate(45)\"><path d=\"M78.4,33.1,78.959,0,45.815,1.351l.3,5.515H68.537L0,75.4l4.54,4.54L73.077,11.405V32.58Z\" transform=\"translate(-0.882 56.319) rotate(-45)\"\/><\/g><\/svg><\/a><\/li><li class=\"sharing__item\"><a class=\"sharing__link sharing__link--linkedin js-share\" href=\"https:\/\/www.linkedin.com\/shareArticle?mini=true&url=https%3A%2F%2Fmacalloy.com%2Fes%2Fproductos-y-servicios%2Festructuras-de-tension%2Fsistema-de-barras-macalloy-550%2F&title=LinkedIn&summary=Macalloy+se+enorgullece+de+anunciar+el+lanzamiento+de+nuestro+nuevo+Sistema+de+Tensi%C3%B3n+Arquitect%C3%B3nica+Mac550.+Est%C3%A1+disponible+tanto+en+aceroen+bruto+como+en+acero+inoxidable+y+hemos+a%C3%B1adido+los+di%C3%A1metros+M70%2F80%2F95+y+M110%2F120mm+a+la+gama+ya+existente.+Sistema+de+acero+no+aleado+Macalloy+550.+A+lo+largo+de+los+a%C3%B1os%2C+MACALLOY+ha+ayudado+a+%5B%26hellip%3B%5D&source=LinkedIn\">LinkedIn <svg xmlns=\"http:\/\/www.w3.org\/2000\/svg\" xmlns:xlink=\"http:\/\/www.w3.org\/1999\/xlink\" width=\"100\" height=\"100\" viewBox=\"0 0 100 100\"><g transform=\"translate(51.909 -29.171) rotate(45)\"><path d=\"M78.4,33.1,78.959,0,45.815,1.351l.3,5.515H68.537L0,75.4l4.54,4.54L73.077,11.405V32.58Z\" transform=\"translate(-0.882 56.319) rotate(-45)\"\/><\/g><\/svg><\/a><\/li><\/ul><\/div>\n\n\n\n<div class=\"wp-block-cover alignfull is-light mb-0 animate animate--up\" style=\"min-height:600px;aspect-ratio:unset;\"><span aria-hidden=\"true\" class=\"wp-block-cover__background has-primary-900-background-color has-background-dim\"><\/span><img decoding=\"async\" class=\"wp-block-cover__image-background wp-image-1852\" alt=\"\" src=\"https:\/\/macalloystg.wpengine.com\/wp-content\/uploads\/2021\/09\/macalloy_map-scaled.jpg\" data-object-fit=\"cover\"\/><div class=\"wp-block-cover__inner-container is-layout-flow wp-block-cover-is-layout-flow\">\n<h4 class=\"wp-block-heading has-text-align-center has-neutral-0-color has-text-color animate animate--up animate--delay-short\">Nuestra cadena de suministro sigue ampli\u00e1ndose a trav\u00e9s de una red internacional de agentes y distribuidores de Macalloy para garantizar un crecimiento continuo en el mercado mundial.<\/h4>\n<\/div><\/div>\n","protected":false},"excerpt":{"rendered":"<p>Macalloy se enorgullece de anunciar el lanzamiento de nuestro nuevo Sistema de Tensi\u00f3n Arquitect\u00f3nica Mac550. Est\u00e1 disponible tanto en aceroen bruto como en acero inoxidable y hemos a\u00f1adido los di\u00e1metros M70\/80\/95 y M110\/120mm a la gama ya existente. Sistema de acero no aleado Macalloy 550. A lo largo de los a\u00f1os, MACALLOY ha ayudado a [&hellip;]<\/p>\n","protected":false},"author":4157,"featured_media":0,"parent":29345,"menu_order":0,"comment_status":"closed","ping_status":"closed","template":"","meta":{"footnotes":""},"class_list":["hentry","page"],"yoast_head":"<!-- This site is optimized with the Yoast SEO plugin v27.3 - https:\/\/yoast.com\/product\/yoast-seo-wordpress\/ -->\n<title>Macalloy 550 Bar System - Barras y varillas de tensi\u00f3n de acero al carbono | Macalloy<\/title>\n<meta name=\"description\" content=\"El sistema de barras de tensi\u00f3n Macalloy 550 ofrece una gama ampliada de di\u00e1metros. A\u00f1adiendo M70\/80\/95 M110\/120mm a la gama existente.\" \/>\n<meta name=\"robots\" content=\"index, follow, max-snippet:-1, max-image-preview:large, max-video-preview:-1\" \/>\n<link rel=\"canonical\" href=\"https:\/\/macalloy.com\/es\/productos-y-servicios\/estructuras-de-tension\/sistema-de-barras-macalloy-550\/\" \/>\n<meta property=\"og:locale\" content=\"es_ES\" \/>\n<meta property=\"og:type\" content=\"article\" \/>\n<meta property=\"og:title\" content=\"Macalloy 550 Bar System - Barras y varillas de tensi\u00f3n de acero al carbono | Macalloy\" \/>\n<meta property=\"og:description\" content=\"El sistema de barras de tensi\u00f3n Macalloy 550 ofrece una gama ampliada de di\u00e1metros. A\u00f1adiendo M70\/80\/95 M110\/120mm a la gama existente.\" \/>\n<meta property=\"og:url\" content=\"https:\/\/macalloy.com\/es\/productos-y-servicios\/estructuras-de-tension\/sistema-de-barras-macalloy-550\/\" \/>\n<meta property=\"og:site_name\" content=\"Macalloy\" \/>\n<meta property=\"article:modified_time\" content=\"2024-07-11T09:36:08+00:00\" \/>\n<meta property=\"og:image\" content=\"https:\/\/macalloystg.wpengine.com\/wp-content\/uploads\/2021\/11\/Macalloy-Tension-Structures-1-1024x777.jpg\" \/>\n<meta name=\"twitter:card\" content=\"summary_large_image\" \/>\n<meta name=\"twitter:label1\" content=\"Tiempo de lectura\" \/>\n\t<meta name=\"twitter:data1\" content=\"3 minutos\" \/>\n<script type=\"application\/ld+json\" class=\"yoast-schema-graph\">{\"@context\":\"https:\\\/\\\/schema.org\",\"@graph\":[{\"@type\":\"WebPage\",\"@id\":\"https:\\\/\\\/macalloy.com\\\/es\\\/productos-y-servicios\\\/estructuras-de-tension\\\/sistema-de-barras-macalloy-550\\\/\",\"url\":\"https:\\\/\\\/macalloy.com\\\/es\\\/productos-y-servicios\\\/estructuras-de-tension\\\/sistema-de-barras-macalloy-550\\\/\",\"name\":\"Macalloy 550 Bar System - Barras y varillas de tensi\u00f3n de acero al carbono | Macalloy\",\"isPartOf\":{\"@id\":\"https:\\\/\\\/macalloy.com\\\/es\\\/#website\"},\"primaryImageOfPage\":{\"@id\":\"https:\\\/\\\/macalloy.com\\\/es\\\/productos-y-servicios\\\/estructuras-de-tension\\\/sistema-de-barras-macalloy-550\\\/#primaryimage\"},\"image\":{\"@id\":\"https:\\\/\\\/macalloy.com\\\/es\\\/productos-y-servicios\\\/estructuras-de-tension\\\/sistema-de-barras-macalloy-550\\\/#primaryimage\"},\"thumbnailUrl\":\"https:\\\/\\\/macalloystg.wpengine.com\\\/wp-content\\\/uploads\\\/2021\\\/11\\\/Macalloy-Tension-Structures-1-1024x777.jpg\",\"datePublished\":\"2023-12-07T11:23:25+00:00\",\"dateModified\":\"2024-07-11T09:36:08+00:00\",\"description\":\"El sistema de barras de tensi\u00f3n Macalloy 550 ofrece una gama ampliada de di\u00e1metros. A\u00f1adiendo M70\\\/80\\\/95 M110\\\/120mm a la gama existente.\",\"breadcrumb\":{\"@id\":\"https:\\\/\\\/macalloy.com\\\/es\\\/productos-y-servicios\\\/estructuras-de-tension\\\/sistema-de-barras-macalloy-550\\\/#breadcrumb\"},\"inLanguage\":\"es\",\"potentialAction\":[{\"@type\":\"ReadAction\",\"target\":[\"https:\\\/\\\/macalloy.com\\\/es\\\/productos-y-servicios\\\/estructuras-de-tension\\\/sistema-de-barras-macalloy-550\\\/\"]}]},{\"@type\":\"ImageObject\",\"inLanguage\":\"es\",\"@id\":\"https:\\\/\\\/macalloy.com\\\/es\\\/productos-y-servicios\\\/estructuras-de-tension\\\/sistema-de-barras-macalloy-550\\\/#primaryimage\",\"url\":\"https:\\\/\\\/macalloystg.wpengine.com\\\/wp-content\\\/uploads\\\/2021\\\/11\\\/Macalloy-Tension-Structures-1-1024x777.jpg\",\"contentUrl\":\"https:\\\/\\\/macalloystg.wpengine.com\\\/wp-content\\\/uploads\\\/2021\\\/11\\\/Macalloy-Tension-Structures-1-1024x777.jpg\"},{\"@type\":\"BreadcrumbList\",\"@id\":\"https:\\\/\\\/macalloy.com\\\/es\\\/productos-y-servicios\\\/estructuras-de-tension\\\/sistema-de-barras-macalloy-550\\\/#breadcrumb\",\"itemListElement\":[{\"@type\":\"ListItem\",\"position\":1,\"name\":\"Home\",\"item\":\"https:\\\/\\\/macalloy.com\\\/es\\\/pagina-de-inicio\\\/\"},{\"@type\":\"ListItem\",\"position\":2,\"name\":\"Productos y servicios\",\"item\":\"https:\\\/\\\/macalloy.com\\\/es\\\/productos-y-servicios\\\/\"},{\"@type\":\"ListItem\",\"position\":3,\"name\":\"Estructuras de tensi\u00f3n\",\"item\":\"https:\\\/\\\/macalloy.com\\\/es\\\/productos-y-servicios\\\/estructuras-de-tension\\\/\"},{\"@type\":\"ListItem\",\"position\":4,\"name\":\"Sistema de barras Macalloy 550\"}]},{\"@type\":\"WebSite\",\"@id\":\"https:\\\/\\\/macalloy.com\\\/es\\\/#website\",\"url\":\"https:\\\/\\\/macalloy.com\\\/es\\\/\",\"name\":\"Macalloy\",\"description\":\"Threaded Bar Systems Trusted Worldwide\",\"potentialAction\":[{\"@type\":\"SearchAction\",\"target\":{\"@type\":\"EntryPoint\",\"urlTemplate\":\"https:\\\/\\\/macalloy.com\\\/es\\\/?s={search_term_string}\"},\"query-input\":{\"@type\":\"PropertyValueSpecification\",\"valueRequired\":true,\"valueName\":\"search_term_string\"}}],\"inLanguage\":\"es\"}]}<\/script>\n<!-- \/ Yoast SEO plugin. -->","yoast_head_json":{"title":"Macalloy 550 Bar System - Barras y varillas de tensi\u00f3n de acero al carbono | Macalloy","description":"El sistema de barras de tensi\u00f3n Macalloy 550 ofrece una gama ampliada de di\u00e1metros. A\u00f1adiendo M70\/80\/95 M110\/120mm a la gama existente.","robots":{"index":"index","follow":"follow","max-snippet":"max-snippet:-1","max-image-preview":"max-image-preview:large","max-video-preview":"max-video-preview:-1"},"canonical":"https:\/\/macalloy.com\/es\/productos-y-servicios\/estructuras-de-tension\/sistema-de-barras-macalloy-550\/","og_locale":"es_ES","og_type":"article","og_title":"Macalloy 550 Bar System - Barras y varillas de tensi\u00f3n de acero al carbono | Macalloy","og_description":"El sistema de barras de tensi\u00f3n Macalloy 550 ofrece una gama ampliada de di\u00e1metros. A\u00f1adiendo M70\/80\/95 M110\/120mm a la gama existente.","og_url":"https:\/\/macalloy.com\/es\/productos-y-servicios\/estructuras-de-tension\/sistema-de-barras-macalloy-550\/","og_site_name":"Macalloy","article_modified_time":"2024-07-11T09:36:08+00:00","og_image":[{"url":"https:\/\/macalloystg.wpengine.com\/wp-content\/uploads\/2021\/11\/Macalloy-Tension-Structures-1-1024x777.jpg","type":"","width":"","height":""}],"twitter_card":"summary_large_image","twitter_misc":{"Tiempo de lectura":"3 minutos"},"schema":{"@context":"https:\/\/schema.org","@graph":[{"@type":"WebPage","@id":"https:\/\/macalloy.com\/es\/productos-y-servicios\/estructuras-de-tension\/sistema-de-barras-macalloy-550\/","url":"https:\/\/macalloy.com\/es\/productos-y-servicios\/estructuras-de-tension\/sistema-de-barras-macalloy-550\/","name":"Macalloy 550 Bar System - Barras y varillas de tensi\u00f3n de acero al carbono | Macalloy","isPartOf":{"@id":"https:\/\/macalloy.com\/es\/#website"},"primaryImageOfPage":{"@id":"https:\/\/macalloy.com\/es\/productos-y-servicios\/estructuras-de-tension\/sistema-de-barras-macalloy-550\/#primaryimage"},"image":{"@id":"https:\/\/macalloy.com\/es\/productos-y-servicios\/estructuras-de-tension\/sistema-de-barras-macalloy-550\/#primaryimage"},"thumbnailUrl":"https:\/\/macalloystg.wpengine.com\/wp-content\/uploads\/2021\/11\/Macalloy-Tension-Structures-1-1024x777.jpg","datePublished":"2023-12-07T11:23:25+00:00","dateModified":"2024-07-11T09:36:08+00:00","description":"El sistema de barras de tensi\u00f3n Macalloy 550 ofrece una gama ampliada de di\u00e1metros. A\u00f1adiendo M70\/80\/95 M110\/120mm a la gama existente.","breadcrumb":{"@id":"https:\/\/macalloy.com\/es\/productos-y-servicios\/estructuras-de-tension\/sistema-de-barras-macalloy-550\/#breadcrumb"},"inLanguage":"es","potentialAction":[{"@type":"ReadAction","target":["https:\/\/macalloy.com\/es\/productos-y-servicios\/estructuras-de-tension\/sistema-de-barras-macalloy-550\/"]}]},{"@type":"ImageObject","inLanguage":"es","@id":"https:\/\/macalloy.com\/es\/productos-y-servicios\/estructuras-de-tension\/sistema-de-barras-macalloy-550\/#primaryimage","url":"https:\/\/macalloystg.wpengine.com\/wp-content\/uploads\/2021\/11\/Macalloy-Tension-Structures-1-1024x777.jpg","contentUrl":"https:\/\/macalloystg.wpengine.com\/wp-content\/uploads\/2021\/11\/Macalloy-Tension-Structures-1-1024x777.jpg"},{"@type":"BreadcrumbList","@id":"https:\/\/macalloy.com\/es\/productos-y-servicios\/estructuras-de-tension\/sistema-de-barras-macalloy-550\/#breadcrumb","itemListElement":[{"@type":"ListItem","position":1,"name":"Home","item":"https:\/\/macalloy.com\/es\/pagina-de-inicio\/"},{"@type":"ListItem","position":2,"name":"Productos y servicios","item":"https:\/\/macalloy.com\/es\/productos-y-servicios\/"},{"@type":"ListItem","position":3,"name":"Estructuras de tensi\u00f3n","item":"https:\/\/macalloy.com\/es\/productos-y-servicios\/estructuras-de-tension\/"},{"@type":"ListItem","position":4,"name":"Sistema de barras Macalloy 550"}]},{"@type":"WebSite","@id":"https:\/\/macalloy.com\/es\/#website","url":"https:\/\/macalloy.com\/es\/","name":"Macalloy","description":"Threaded Bar Systems Trusted Worldwide","potentialAction":[{"@type":"SearchAction","target":{"@type":"EntryPoint","urlTemplate":"https:\/\/macalloy.com\/es\/?s={search_term_string}"},"query-input":{"@type":"PropertyValueSpecification","valueRequired":true,"valueName":"search_term_string"}}],"inLanguage":"es"}]}},"_links":{"self":[{"href":"https:\/\/macalloy.com\/es\/wp-json\/wp\/v2\/pages\/29358","targetHints":{"allow":["GET"]}}],"collection":[{"href":"https:\/\/macalloy.com\/es\/wp-json\/wp\/v2\/pages"}],"about":[{"href":"https:\/\/macalloy.com\/es\/wp-json\/wp\/v2\/types\/page"}],"author":[{"embeddable":true,"href":"https:\/\/macalloy.com\/es\/wp-json\/wp\/v2\/users\/4157"}],"replies":[{"embeddable":true,"href":"https:\/\/macalloy.com\/es\/wp-json\/wp\/v2\/comments?post=29358"}],"version-history":[{"count":0,"href":"https:\/\/macalloy.com\/es\/wp-json\/wp\/v2\/pages\/29358\/revisions"}],"up":[{"embeddable":true,"href":"https:\/\/macalloy.com\/es\/wp-json\/wp\/v2\/pages\/29345"}],"wp:attachment":[{"href":"https:\/\/macalloy.com\/es\/wp-json\/wp\/v2\/media?parent=29358"}],"curies":[{"name":"wp","href":"https:\/\/api.w.org\/{rel}","templated":true}]}}