{"id":29366,"date":"2023-12-07T13:03:17","date_gmt":"2023-12-07T13:03:17","guid":{"rendered":"https:\/\/macalloy.com\/?page_id=29366"},"modified":"2024-07-11T10:40:55","modified_gmt":"2024-07-11T09:40:55","slug":"sistema-de-barras-macalloy-s460","status":"publish","type":"page","link":"https:\/\/macalloy.com\/es\/productos-y-servicios\/estructuras-de-tension\/sistema-de-barras-macalloy-s460\/","title":{"rendered":"Sistema de barras Macalloy S460"},"content":{"rendered":"\n<div class=\"wp-block-media-text alignfull is-stacked-on-mobile is-image-fill has-background-highlight-colour has-neutral-0-color has-primary-900-background-color has-text-color has-background\"><figure class=\"wp-block-media-text__media\" style=\"background-image:url(https:\/\/macalloystg.wpengine.com\/wp-content\/uploads\/2021\/11\/Macalloy-Tension-Structures-1-1024x777.jpg);background-position:42% 38%\"><img fetchpriority=\"high\" decoding=\"async\" width=\"1024\" height=\"777\" src=\"https:\/\/macalloystg.wpengine.com\/wp-content\/uploads\/2021\/11\/Macalloy-Tension-Structures-1-1024x777.jpg\" alt=\"\" class=\"wp-image-3096 size-full\" srcset=\"https:\/\/macalloy.com\/wp-content\/uploads\/2021\/11\/Macalloy-Tension-Structures-1-1024x777.jpg 1024w, https:\/\/macalloy.com\/wp-content\/uploads\/2021\/11\/Macalloy-Tension-Structures-1-600x455.jpg 600w, https:\/\/macalloy.com\/wp-content\/uploads\/2021\/11\/Macalloy-Tension-Structures-1-300x228.jpg 300w, https:\/\/macalloy.com\/wp-content\/uploads\/2021\/11\/Macalloy-Tension-Structures-1-768x583.jpg 768w, https:\/\/macalloy.com\/wp-content\/uploads\/2021\/11\/Macalloy-Tension-Structures-1.jpg 1350w\" sizes=\"(max-width: 1024px) 100vw, 1024px\" \/><\/figure><div class=\"wp-block-media-text__content\">\n<h5 class=\"wp-block-heading animate animate--up\">Macalloy S460 es un acero inoxidable austen\u00edtico seleccionado entre aceros inoxidables de alta resistencia para conseguir un equilibrio \u00f3ptimo entre resistencia, durabilidad y aspecto. El acero inoxidable austen\u00edtico tiene excelentes propiedades de impacto Charpy V-notch.<\/h5>\n<\/div><\/div>\n\n\n\n<div style=\"height:30px\" aria-hidden=\"true\" class=\"wp-block-spacer\"><\/div>\n\n\n\n<div class=\"wp-block-columns is-layout-flex wp-container-core-columns-is-layout-9d6595d7 wp-block-columns-is-layout-flex\">\n<div class=\"wp-block-column is-vertically-aligned-top mb-0 is-layout-flow wp-block-column-is-layout-flow\">\n<p><strong>Macalloy S460<br>Barra de acero inoxidable.<\/strong><\/p>\n\n\n\n<hr class=\"wp-block-separator has-text-color has-primary-900-color has-css-opacity has-primary-900-background-color has-background animate animate--right animate--delay-short\"\/>\n<\/div>\n\n\n\n<div class=\"wp-block-column is-layout-flow wp-block-column-is-layout-flow\"><\/div>\n<\/div>\n\n\n\n<div class=\"wp-block-columns is-layout-flex wp-container-core-columns-is-layout-9d6595d7 wp-block-columns-is-layout-flex\">\n<div class=\"wp-block-column is-vertically-aligned-top is-layout-flow wp-block-column-is-layout-flow\">\n<p class=\"no-mt\">Las barras Macalloy S460 tienen las siguientes propiedades mec\u00e1nicas:<\/p>\n\n\n\n<ul class=\"wp-block-list\">\n<li>L\u00edmite el\u00e1stico m\u00ednimo 460 N\/mm2<\/li>\n\n\n\n<li>Esfuerzo m\u00ednimo de rotura 610 N\/mm2<\/li>\n\n\n\n<li>Alargamiento m\u00ednimo 15%.<\/li>\n\n\n\n<li>Resistencia m\u00ednima al impacto 27J @-20\u00b0C<\/li>\n\n\n\n<li>M\u00f3dulo de elasticidad nominal 190 kN\/mm2<\/li>\n<\/ul>\n\n\n\n<p>El sistema se suministra de serie en di\u00e1metros de M10 a M76. Las barras est\u00e1n disponibles en longitudes est\u00e1ndar de 6 metros. Se pueden solicitar longitudes mayores.<\/p>\n<\/div>\n\n\n\n<div class=\"wp-block-column is-layout-flow wp-block-column-is-layout-flow\">\n<p>Los ajustes dentro de cada horquilla son:<\/p>\n\n\n\n<ul class=\"wp-block-list\">\n<li>M10 a M56: +\/- 1\/2 di\u00e1metro de rosca<\/li>\n\n\n\n<li>M64 a M100: +\/-25 mm<\/li>\n<\/ul>\n\n\n\n<p>Los tensores permiten ajustes adicionales de:<\/p>\n\n\n\n<ul class=\"wp-block-list\">\n<li>M10 a M24: +\/-25 mm<\/li>\n\n\n\n<li>M30 a M100: +\/-50 mm<\/li>\n<\/ul>\n\n\n\n<p><\/p>\n<\/div>\n<\/div>\n\n\n\n<div class=\"wp-block-columns animate animate--up animate--delay-short is-layout-flex wp-container-core-columns-is-layout-9d6595d7 wp-block-columns-is-layout-flex\">\n<div class=\"wp-block-column is-layout-flow wp-block-column-is-layout-flow\">\n<h5 class=\"wp-block-heading has-primary-900-color has-text-color\">Superficie inoxidable<\/h5>\n\n\n\n<p>Todos los componentes del sistema de varillas Macalloy S460 se suministran con una superficie pulida de grano 220 (N3) como est\u00e1ndar. Bajo pedido, Macalloy puede suministrar acabados de mayor calidad (electropulido, pulido con microesferas de vidrio, etc.). Por favor discuta sus requerimientos con <a href=\"https:\/\/macalloy.com\/contact\/\">nuestro equipo de ventas<\/a>.<\/p>\n\n\n\n<h5 class=\"wp-block-heading has-primary-900-color has-text-color\">Aislamiento<\/h5>\n\n\n\n<p>Cuando se une el sistema de acero inoxidable Macalloy S460 a placas de refuerzo de acero al carbono, se recomienda utilizar aislamiento. Macalloy puede suministrar manguitos aislantes y arandelas para evitar la corrosi\u00f3n bimet\u00e1lica.<\/p>\n<\/div>\n\n\n\n<div class=\"wp-block-column is-layout-flow wp-block-column-is-layout-flow\">\n<h5 class=\"wp-block-heading has-primary-900-color has-text-color\">Uso de acero inoxidable en entornos clorados<\/h5>\n\n\n\n<p>Macalloy tiene una considerable experiencia en el uso de acero inoxidable en un ambiente clorado y puede aconsejar sobre grados espec\u00edficos para tales aplicaciones. Para m\u00e1s informaci\u00f3n contacte con el Departamento T\u00e9cnico de Macalloy, <a href=\"technical@macalloy.com\">technical@macalloy.com<\/a><\/p>\n\n\n\n<h5 class=\"wp-block-heading has-primary-900-color has-text-color\">Autorizaci\u00f3n europea<\/h5>\n\n\n\n<p>El sistema Macalloy S460 cuenta con la aprobaci\u00f3n europea CE seg\u00fan ETA 21\/0053 para todos los di\u00e1metros est\u00e1ndar de M10 y M76. Siempre pregunte por sistemas con aprobaci\u00f3n CE cuando especifique.<\/p>\n\n\n\n<p><a href=\"https:\/\/macalloy.com\/contact\/\">P\u00f3ngase en contacto con un representante de Macalloy<\/a> hoy mismo para hablar sobre las barras de tensi\u00f3n y las barras arquitect\u00f3nicas.<\/p>\n<\/div>\n<\/div>\n\n\n\n<div style=\"height:50px\" aria-hidden=\"true\" class=\"wp-block-spacer\"><\/div>\n\n\n<div class=\"post__sharing animate animate--up animate--delay-long\"><strong class=\"sharing__title\">Share<\/strong><ul class=\"sharing__list\"><li class=\"sharing__item\"><a class=\"sharing__link sharing__link--facebook js-share\" href=\"https:\/\/www.facebook.com\/sharer\/sharer.php?u=https%3A%2F%2Fmacalloy.com%2Fes%2Fproductos-y-servicios%2Festructuras-de-tension%2Fsistema-de-barras-macalloy-s460%2F\">Facebook <svg xmlns=\"http:\/\/www.w3.org\/2000\/svg\" xmlns:xlink=\"http:\/\/www.w3.org\/1999\/xlink\" width=\"100\" height=\"100\" viewBox=\"0 0 100 100\"><g transform=\"translate(51.909 -29.171) rotate(45)\"><path d=\"M78.4,33.1,78.959,0,45.815,1.351l.3,5.515H68.537L0,75.4l4.54,4.54L73.077,11.405V32.58Z\" transform=\"translate(-0.882 56.319) rotate(-45)\"\/><\/g><\/svg><\/a><\/li><li class=\"sharing__item\"><a class=\"sharing__link sharing__link--twitter js-share\" href=\"https:\/\/twitter.com\/intent\/tweet?url=https%3A%2F%2Fmacalloy.com%2Fes%2Fproductos-y-servicios%2Festructuras-de-tension%2Fsistema-de-barras-macalloy-s460%2F&text=Macalloy+S460+es+un+acero+inoxidable+austen%C3%ADtico+seleccionado+entre+aceros+inoxidables+de+alta+resistencia+para+conseguir+un+equilibrio+%C3%B3ptimo+entre+resistencia%2C+durabilidad+y+aspecto.+El+acero+inoxidable+austen%C3%ADtico+tiene+excelentes+propiedades+de+impacto+Charpy+V-notch.+Macalloy+S460Barra+de+acero+inoxidable.+Las+barras+Macalloy+S460+tienen+las+siguientes+propiedades+mec%C3%A1nicas%3A+El+sistema+se+suministra+de+serie+%5B%26hellip%3B%5D\">Twitter <svg xmlns=\"http:\/\/www.w3.org\/2000\/svg\" xmlns:xlink=\"http:\/\/www.w3.org\/1999\/xlink\" width=\"100\" height=\"100\" viewBox=\"0 0 100 100\"><g transform=\"translate(51.909 -29.171) rotate(45)\"><path d=\"M78.4,33.1,78.959,0,45.815,1.351l.3,5.515H68.537L0,75.4l4.54,4.54L73.077,11.405V32.58Z\" transform=\"translate(-0.882 56.319) rotate(-45)\"\/><\/g><\/svg><\/a><\/li><li class=\"sharing__item\"><a class=\"sharing__link sharing__link--linkedin js-share\" href=\"https:\/\/www.linkedin.com\/shareArticle?mini=true&url=https%3A%2F%2Fmacalloy.com%2Fes%2Fproductos-y-servicios%2Festructuras-de-tension%2Fsistema-de-barras-macalloy-s460%2F&title=LinkedIn&summary=Macalloy+S460+es+un+acero+inoxidable+austen%C3%ADtico+seleccionado+entre+aceros+inoxidables+de+alta+resistencia+para+conseguir+un+equilibrio+%C3%B3ptimo+entre+resistencia%2C+durabilidad+y+aspecto.+El+acero+inoxidable+austen%C3%ADtico+tiene+excelentes+propiedades+de+impacto+Charpy+V-notch.+Macalloy+S460Barra+de+acero+inoxidable.+Las+barras+Macalloy+S460+tienen+las+siguientes+propiedades+mec%C3%A1nicas%3A+El+sistema+se+suministra+de+serie+%5B%26hellip%3B%5D&source=LinkedIn\">LinkedIn <svg xmlns=\"http:\/\/www.w3.org\/2000\/svg\" xmlns:xlink=\"http:\/\/www.w3.org\/1999\/xlink\" width=\"100\" height=\"100\" viewBox=\"0 0 100 100\"><g transform=\"translate(51.909 -29.171) rotate(45)\"><path d=\"M78.4,33.1,78.959,0,45.815,1.351l.3,5.515H68.537L0,75.4l4.54,4.54L73.077,11.405V32.58Z\" transform=\"translate(-0.882 56.319) rotate(-45)\"\/><\/g><\/svg><\/a><\/li><\/ul><\/div>\n\n\n\n<div class=\"wp-block-cover alignfull is-light mb-0 animate animate--up\" style=\"min-height:600px;aspect-ratio:unset;\"><span aria-hidden=\"true\" class=\"wp-block-cover__background has-primary-900-background-color has-background-dim\"><\/span><img decoding=\"async\" class=\"wp-block-cover__image-background wp-image-1852\" alt=\"\" src=\"https:\/\/macalloystg.wpengine.com\/wp-content\/uploads\/2021\/09\/macalloy_map-scaled.jpg\" data-object-fit=\"cover\"\/><div class=\"wp-block-cover__inner-container is-layout-flow wp-block-cover-is-layout-flow\">\n<h4 class=\"wp-block-heading has-text-align-center has-neutral-0-color has-text-color animate animate--up animate--delay-short\">Nuestra cadena de suministro sigue ampli\u00e1ndose a trav\u00e9s de una red internacional de agentes y distribuidores de Macalloy para garantizar un crecimiento continuo en el mercado mundial.<\/h4>\n<\/div><\/div>\n","protected":false},"excerpt":{"rendered":"<p>Macalloy S460 es un acero inoxidable austen\u00edtico seleccionado entre aceros inoxidables de alta resistencia para conseguir un equilibrio \u00f3ptimo entre resistencia, durabilidad y aspecto. El acero inoxidable austen\u00edtico tiene excelentes propiedades de impacto Charpy V-notch. Macalloy S460Barra de acero inoxidable. Las barras Macalloy S460 tienen las siguientes propiedades mec\u00e1nicas: El sistema se suministra de serie [&hellip;]<\/p>\n","protected":false},"author":4157,"featured_media":0,"parent":29345,"menu_order":0,"comment_status":"closed","ping_status":"closed","template":"","meta":{"footnotes":""},"class_list":["hentry","page"],"yoast_head":"<!-- This site is optimized with the Yoast SEO plugin v27.6 - https:\/\/yoast.com\/product\/yoast-seo-wordpress\/ -->\n<title>Macalloy S460 Sistema de Barra Inoxidable - Barras de Tensi\u00f3n | Macalloy<\/title>\n<meta name=\"description\" content=\"El Macalloy S460 es un sistema de barra de tensi\u00f3n de acero inoxidable l\u00edder en la industria. El sistema viene de serie en di\u00e1metros de M10 a M76.\" \/>\n<meta name=\"robots\" content=\"index, follow, max-snippet:-1, max-image-preview:large, max-video-preview:-1\" \/>\n<link rel=\"canonical\" href=\"https:\/\/macalloy.com\/es\/productos-y-servicios\/estructuras-de-tension\/sistema-de-barras-macalloy-s460\/\" \/>\n<meta property=\"og:locale\" content=\"es_ES\" \/>\n<meta property=\"og:type\" content=\"article\" \/>\n<meta property=\"og:title\" content=\"Macalloy S460 Sistema de Barra Inoxidable - Barras de Tensi\u00f3n | Macalloy\" \/>\n<meta property=\"og:description\" content=\"El Macalloy S460 es un sistema de barra de tensi\u00f3n de acero inoxidable l\u00edder en la industria. El sistema viene de serie en di\u00e1metros de M10 a M76.\" \/>\n<meta property=\"og:url\" content=\"https:\/\/macalloy.com\/es\/productos-y-servicios\/estructuras-de-tension\/sistema-de-barras-macalloy-s460\/\" \/>\n<meta property=\"og:site_name\" content=\"Macalloy\" \/>\n<meta property=\"article:modified_time\" content=\"2024-07-11T09:40:55+00:00\" \/>\n<meta property=\"og:image\" content=\"https:\/\/macalloystg.wpengine.com\/wp-content\/uploads\/2021\/11\/Macalloy-Tension-Structures-1-1024x777.jpg\" \/>\n<meta name=\"twitter:card\" content=\"summary_large_image\" \/>\n<meta name=\"twitter:label1\" content=\"Tiempo de lectura\" \/>\n\t<meta name=\"twitter:data1\" content=\"2 minutos\" \/>\n<script type=\"application\/ld+json\" class=\"yoast-schema-graph\">{\"@context\":\"https:\\\/\\\/schema.org\",\"@graph\":[{\"@type\":\"WebPage\",\"@id\":\"https:\\\/\\\/macalloy.com\\\/es\\\/productos-y-servicios\\\/estructuras-de-tension\\\/sistema-de-barras-macalloy-s460\\\/\",\"url\":\"https:\\\/\\\/macalloy.com\\\/es\\\/productos-y-servicios\\\/estructuras-de-tension\\\/sistema-de-barras-macalloy-s460\\\/\",\"name\":\"Macalloy S460 Sistema de Barra Inoxidable - Barras de Tensi\u00f3n | Macalloy\",\"isPartOf\":{\"@id\":\"https:\\\/\\\/macalloy.com\\\/es\\\/#website\"},\"primaryImageOfPage\":{\"@id\":\"https:\\\/\\\/macalloy.com\\\/es\\\/productos-y-servicios\\\/estructuras-de-tension\\\/sistema-de-barras-macalloy-s460\\\/#primaryimage\"},\"image\":{\"@id\":\"https:\\\/\\\/macalloy.com\\\/es\\\/productos-y-servicios\\\/estructuras-de-tension\\\/sistema-de-barras-macalloy-s460\\\/#primaryimage\"},\"thumbnailUrl\":\"https:\\\/\\\/macalloystg.wpengine.com\\\/wp-content\\\/uploads\\\/2021\\\/11\\\/Macalloy-Tension-Structures-1-1024x777.jpg\",\"datePublished\":\"2023-12-07T13:03:17+00:00\",\"dateModified\":\"2024-07-11T09:40:55+00:00\",\"description\":\"El Macalloy S460 es un sistema de barra de tensi\u00f3n de acero inoxidable l\u00edder en la industria. El sistema viene de serie en di\u00e1metros de M10 a M76.\",\"breadcrumb\":{\"@id\":\"https:\\\/\\\/macalloy.com\\\/es\\\/productos-y-servicios\\\/estructuras-de-tension\\\/sistema-de-barras-macalloy-s460\\\/#breadcrumb\"},\"inLanguage\":\"es\",\"potentialAction\":[{\"@type\":\"ReadAction\",\"target\":[\"https:\\\/\\\/macalloy.com\\\/es\\\/productos-y-servicios\\\/estructuras-de-tension\\\/sistema-de-barras-macalloy-s460\\\/\"]}]},{\"@type\":\"ImageObject\",\"inLanguage\":\"es\",\"@id\":\"https:\\\/\\\/macalloy.com\\\/es\\\/productos-y-servicios\\\/estructuras-de-tension\\\/sistema-de-barras-macalloy-s460\\\/#primaryimage\",\"url\":\"https:\\\/\\\/macalloystg.wpengine.com\\\/wp-content\\\/uploads\\\/2021\\\/11\\\/Macalloy-Tension-Structures-1-1024x777.jpg\",\"contentUrl\":\"https:\\\/\\\/macalloystg.wpengine.com\\\/wp-content\\\/uploads\\\/2021\\\/11\\\/Macalloy-Tension-Structures-1-1024x777.jpg\"},{\"@type\":\"BreadcrumbList\",\"@id\":\"https:\\\/\\\/macalloy.com\\\/es\\\/productos-y-servicios\\\/estructuras-de-tension\\\/sistema-de-barras-macalloy-s460\\\/#breadcrumb\",\"itemListElement\":[{\"@type\":\"ListItem\",\"position\":1,\"name\":\"Home\",\"item\":\"https:\\\/\\\/macalloy.com\\\/es\\\/pagina-de-inicio\\\/\"},{\"@type\":\"ListItem\",\"position\":2,\"name\":\"Productos y servicios\",\"item\":\"https:\\\/\\\/macalloy.com\\\/es\\\/productos-y-servicios\\\/\"},{\"@type\":\"ListItem\",\"position\":3,\"name\":\"Estructuras de tensi\u00f3n\",\"item\":\"https:\\\/\\\/macalloy.com\\\/es\\\/productos-y-servicios\\\/estructuras-de-tension\\\/\"},{\"@type\":\"ListItem\",\"position\":4,\"name\":\"Sistema de barras Macalloy S460\"}]},{\"@type\":\"WebSite\",\"@id\":\"https:\\\/\\\/macalloy.com\\\/es\\\/#website\",\"url\":\"https:\\\/\\\/macalloy.com\\\/es\\\/\",\"name\":\"Macalloy\",\"description\":\"Threaded Bar Systems Trusted Worldwide\",\"potentialAction\":[{\"@type\":\"SearchAction\",\"target\":{\"@type\":\"EntryPoint\",\"urlTemplate\":\"https:\\\/\\\/macalloy.com\\\/es\\\/?s={search_term_string}\"},\"query-input\":{\"@type\":\"PropertyValueSpecification\",\"valueRequired\":true,\"valueName\":\"search_term_string\"}}],\"inLanguage\":\"es\"}]}<\/script>\n<!-- \/ Yoast SEO plugin. -->","yoast_head_json":{"title":"Macalloy S460 Sistema de Barra Inoxidable - Barras de Tensi\u00f3n | Macalloy","description":"El Macalloy S460 es un sistema de barra de tensi\u00f3n de acero inoxidable l\u00edder en la industria. El sistema viene de serie en di\u00e1metros de M10 a M76.","robots":{"index":"index","follow":"follow","max-snippet":"max-snippet:-1","max-image-preview":"max-image-preview:large","max-video-preview":"max-video-preview:-1"},"canonical":"https:\/\/macalloy.com\/es\/productos-y-servicios\/estructuras-de-tension\/sistema-de-barras-macalloy-s460\/","og_locale":"es_ES","og_type":"article","og_title":"Macalloy S460 Sistema de Barra Inoxidable - Barras de Tensi\u00f3n | Macalloy","og_description":"El Macalloy S460 es un sistema de barra de tensi\u00f3n de acero inoxidable l\u00edder en la industria. El sistema viene de serie en di\u00e1metros de M10 a M76.","og_url":"https:\/\/macalloy.com\/es\/productos-y-servicios\/estructuras-de-tension\/sistema-de-barras-macalloy-s460\/","og_site_name":"Macalloy","article_modified_time":"2024-07-11T09:40:55+00:00","og_image":[{"url":"https:\/\/macalloystg.wpengine.com\/wp-content\/uploads\/2021\/11\/Macalloy-Tension-Structures-1-1024x777.jpg","type":"","width":"","height":""}],"twitter_card":"summary_large_image","twitter_misc":{"Tiempo de lectura":"2 minutos"},"schema":{"@context":"https:\/\/schema.org","@graph":[{"@type":"WebPage","@id":"https:\/\/macalloy.com\/es\/productos-y-servicios\/estructuras-de-tension\/sistema-de-barras-macalloy-s460\/","url":"https:\/\/macalloy.com\/es\/productos-y-servicios\/estructuras-de-tension\/sistema-de-barras-macalloy-s460\/","name":"Macalloy S460 Sistema de Barra Inoxidable - Barras de Tensi\u00f3n | Macalloy","isPartOf":{"@id":"https:\/\/macalloy.com\/es\/#website"},"primaryImageOfPage":{"@id":"https:\/\/macalloy.com\/es\/productos-y-servicios\/estructuras-de-tension\/sistema-de-barras-macalloy-s460\/#primaryimage"},"image":{"@id":"https:\/\/macalloy.com\/es\/productos-y-servicios\/estructuras-de-tension\/sistema-de-barras-macalloy-s460\/#primaryimage"},"thumbnailUrl":"https:\/\/macalloystg.wpengine.com\/wp-content\/uploads\/2021\/11\/Macalloy-Tension-Structures-1-1024x777.jpg","datePublished":"2023-12-07T13:03:17+00:00","dateModified":"2024-07-11T09:40:55+00:00","description":"El Macalloy S460 es un sistema de barra de tensi\u00f3n de acero inoxidable l\u00edder en la industria. El sistema viene de serie en di\u00e1metros de M10 a M76.","breadcrumb":{"@id":"https:\/\/macalloy.com\/es\/productos-y-servicios\/estructuras-de-tension\/sistema-de-barras-macalloy-s460\/#breadcrumb"},"inLanguage":"es","potentialAction":[{"@type":"ReadAction","target":["https:\/\/macalloy.com\/es\/productos-y-servicios\/estructuras-de-tension\/sistema-de-barras-macalloy-s460\/"]}]},{"@type":"ImageObject","inLanguage":"es","@id":"https:\/\/macalloy.com\/es\/productos-y-servicios\/estructuras-de-tension\/sistema-de-barras-macalloy-s460\/#primaryimage","url":"https:\/\/macalloystg.wpengine.com\/wp-content\/uploads\/2021\/11\/Macalloy-Tension-Structures-1-1024x777.jpg","contentUrl":"https:\/\/macalloystg.wpengine.com\/wp-content\/uploads\/2021\/11\/Macalloy-Tension-Structures-1-1024x777.jpg"},{"@type":"BreadcrumbList","@id":"https:\/\/macalloy.com\/es\/productos-y-servicios\/estructuras-de-tension\/sistema-de-barras-macalloy-s460\/#breadcrumb","itemListElement":[{"@type":"ListItem","position":1,"name":"Home","item":"https:\/\/macalloy.com\/es\/pagina-de-inicio\/"},{"@type":"ListItem","position":2,"name":"Productos y servicios","item":"https:\/\/macalloy.com\/es\/productos-y-servicios\/"},{"@type":"ListItem","position":3,"name":"Estructuras de tensi\u00f3n","item":"https:\/\/macalloy.com\/es\/productos-y-servicios\/estructuras-de-tension\/"},{"@type":"ListItem","position":4,"name":"Sistema de barras Macalloy S460"}]},{"@type":"WebSite","@id":"https:\/\/macalloy.com\/es\/#website","url":"https:\/\/macalloy.com\/es\/","name":"Macalloy","description":"Threaded Bar Systems Trusted Worldwide","potentialAction":[{"@type":"SearchAction","target":{"@type":"EntryPoint","urlTemplate":"https:\/\/macalloy.com\/es\/?s={search_term_string}"},"query-input":{"@type":"PropertyValueSpecification","valueRequired":true,"valueName":"search_term_string"}}],"inLanguage":"es"}]}},"_links":{"self":[{"href":"https:\/\/macalloy.com\/es\/wp-json\/wp\/v2\/pages\/29366","targetHints":{"allow":["GET"]}}],"collection":[{"href":"https:\/\/macalloy.com\/es\/wp-json\/wp\/v2\/pages"}],"about":[{"href":"https:\/\/macalloy.com\/es\/wp-json\/wp\/v2\/types\/page"}],"author":[{"embeddable":true,"href":"https:\/\/macalloy.com\/es\/wp-json\/wp\/v2\/users\/4157"}],"replies":[{"embeddable":true,"href":"https:\/\/macalloy.com\/es\/wp-json\/wp\/v2\/comments?post=29366"}],"version-history":[{"count":0,"href":"https:\/\/macalloy.com\/es\/wp-json\/wp\/v2\/pages\/29366\/revisions"}],"up":[{"embeddable":true,"href":"https:\/\/macalloy.com\/es\/wp-json\/wp\/v2\/pages\/29345"}],"wp:attachment":[{"href":"https:\/\/macalloy.com\/es\/wp-json\/wp\/v2\/media?parent=29366"}],"curies":[{"name":"wp","href":"https:\/\/api.w.org\/{rel}","templated":true}]}}