{"id":29367,"date":"2023-12-07T13:12:21","date_gmt":"2023-12-07T13:12:21","guid":{"rendered":"https:\/\/macalloy.com\/?page_id=29367"},"modified":"2024-07-04T13:55:28","modified_gmt":"2024-07-04T12:55:28","slug":"barras-de-tension","status":"publish","type":"page","link":"https:\/\/macalloy.com\/es\/productos-y-servicios\/barras-de-tension\/","title":{"rendered":"Barras de tensi\u00f3n"},"content":{"rendered":"\n<div class=\"wp-block-media-text alignfull is-stacked-on-mobile is-image-fill has-background-highlight-colour has-neutral-0-color has-primary-900-background-color has-text-color has-background\"><figure class=\"wp-block-media-text__media\" style=\"background-image:url(https:\/\/macalloystg.wpengine.com\/wp-content\/uploads\/2021\/11\/Macalloy-Tension-Structures-1-1024x777.jpg);background-position:42% 38%\"><img fetchpriority=\"high\" decoding=\"async\" width=\"1024\" height=\"777\" src=\"https:\/\/macalloystg.wpengine.com\/wp-content\/uploads\/2021\/11\/Macalloy-Tension-Structures-1-1024x777.jpg\" alt=\"\" class=\"wp-image-3096 size-full\" srcset=\"https:\/\/macalloy.com\/wp-content\/uploads\/2021\/11\/Macalloy-Tension-Structures-1-1024x777.jpg 1024w, https:\/\/macalloy.com\/wp-content\/uploads\/2021\/11\/Macalloy-Tension-Structures-1-600x455.jpg 600w, https:\/\/macalloy.com\/wp-content\/uploads\/2021\/11\/Macalloy-Tension-Structures-1-300x228.jpg 300w, https:\/\/macalloy.com\/wp-content\/uploads\/2021\/11\/Macalloy-Tension-Structures-1-768x583.jpg 768w, https:\/\/macalloy.com\/wp-content\/uploads\/2021\/11\/Macalloy-Tension-Structures-1.jpg 1350w\" sizes=\"(max-width: 1024px) 100vw, 1024px\" \/><\/figure><div class=\"wp-block-media-text__content\">\n<h5 class=\"wp-block-heading animate animate--up\">Desde principios de la d\u00e9cada de 1980, la gama arquitect\u00f3nica de barras de tensi\u00f3n ha gozado de una popularidad creciente, ofreciendo a los dise\u00f1adores la oportunidad de ofrecer dise\u00f1os y soluciones contempor\u00e1neos.<\/h5>\n<\/div><\/div>\n\n\n\n<p class=\"animate animate animate--delay-short\">Las barras m\u00e1s ligeras de acero al carbono y acero inoxidable se utilizan para las fachadas de marquesinas y estructuras suspendidas. Las barras de alta resistencia soportan los tableros de puentes en puentes rigidizadores y las buenas propiedades de fatiga de las barras son una importante caracter\u00edstica de dise\u00f1o en puentes para tranv\u00edas y peatones.<\/p>\n\n\n\n<div style=\"height:40px\" aria-hidden=\"true\" class=\"wp-block-spacer\"><\/div>\n\n\n\n<div class=\"wp-block-columns is-layout-flex wp-container-core-columns-is-layout-9d6595d7 wp-block-columns-is-layout-flex\">\n<div class=\"wp-block-column is-layout-flow wp-block-column-is-layout-flow\">\n<h2 class=\"wp-block-heading h4 has-primary-900-color has-text-color animate animate--right\">Ventajas de las barras de tracci\u00f3n Macalloy.<\/h2>\n\n\n\n<hr class=\"wp-block-separator has-text-color has-primary-900-color has-css-opacity has-primary-900-background-color has-background animate animate--right animate--delay-short\"\/>\n<\/div>\n\n\n\n<div class=\"wp-block-column is-layout-flow wp-block-column-is-layout-flow\">\n<ul class=\"wp-block-list\">\n<li>Rosca laminada resistente a la fatiga<\/li>\n\n\n\n<li>Disponible en resistencias de <a href=\"https:\/\/macalloy.com\/es\/productos-y-servicios\/estructuras-de-tension\/sistema-de-barras-macalloy-460\/\">460N\/mm2<\/a>, <a href=\"https:\/\/macalloy.com\/es\/productos-y-servicios\/estructuras-de-tension\/sistema-de-varillas-macalloy-520\/\">520N\/mm2<\/a> y ahora tambi\u00e9n en <a href=\"https:\/\/macalloy.com\/es\/productos-y-servicios\/estructuras-de-tension\/sistema-de-barras-macalloy-550\/\">550N\/mm2<\/a> tanto para acero al carbono como para acero inoxidable.<\/li>\n\n\n\n<li>Todos los productos cumplen con ETA21\/0053 y son conformes con la CE Las barras y los accesorios pueden suministrarse imprimados o pintados y\/o galvanizados en caliente de acuerdo con BS1461:2009<\/li>\n\n\n\n<li>Se pueden dise\u00f1ar los accesorios a medida para las aplicaciones del cliente<\/li>\n\n\n\n<li>Documentaci\u00f3n t\u00e9cnica con c\u00e1lculos de dise\u00f1o y cargas seg\u00fan EC3 disponible<\/li>\n\n\n\n<li>Los ingenieros de Macalloy est\u00e1n disponibles en todo momento<\/li>\n<\/ul>\n<\/div>\n<\/div>\n\n\n\n<div class=\"wp-block-media-text alignwide has-media-on-the-right is-stacked-on-mobile is-image-fill is-style-breakout has-background-highlight-colour has-neutral-0-color has-primary-900-background-color has-text-color has-background animate animate\"><div class=\"wp-block-media-text__content\">\n<figure class=\"wp-block-image size-full animate animate--up animate--delay-short\"><img decoding=\"async\" width=\"835\" height=\"575\" src=\"https:\/\/macalloystg.wpengine.com\/wp-content\/uploads\/2021\/11\/renault-building-detail-1.jpg\" alt=\"\" class=\"wp-image-3250\" srcset=\"https:\/\/macalloy.com\/wp-content\/uploads\/2021\/11\/renault-building-detail-1.jpg 835w, https:\/\/macalloy.com\/wp-content\/uploads\/2021\/11\/renault-building-detail-1-600x413.jpg 600w, https:\/\/macalloy.com\/wp-content\/uploads\/2021\/11\/renault-building-detail-1-300x207.jpg 300w, https:\/\/macalloy.com\/wp-content\/uploads\/2021\/11\/renault-building-detail-1-768x529.jpg 768w\" sizes=\"(max-width: 835px) 100vw, 835px\" \/><\/figure>\n\n\n\n<div style=\"height:10px\" aria-hidden=\"true\" class=\"wp-block-spacer\"><\/div>\n\n\n\n<p class=\"animate animate animate--delay-short\">En los a\u00f1os ochenta, la empresa automovil\u00edstica francesa Renault encarg\u00f3 a Sir Norman Foster el dise\u00f1o de un edificio de alta tecnolog\u00eda para sus sucursales en el Reino Unido. El encargo consist\u00eda en maximizar el espacio interior suspendiendo la cubierta mediante tirantes exteriores.<\/p>\n<\/div><figure class=\"wp-block-media-text__media\" style=\"background-image:url(https:\/\/macalloystg.wpengine.com\/wp-content\/uploads\/2021\/11\/renault-building-1024x891.jpg);background-position:50% 50%\"><img decoding=\"async\" width=\"1024\" height=\"891\" src=\"https:\/\/macalloystg.wpengine.com\/wp-content\/uploads\/2021\/11\/renault-building-1024x891.jpg\" alt=\"\" class=\"wp-image-3243 size-full\" srcset=\"https:\/\/macalloy.com\/wp-content\/uploads\/2021\/11\/renault-building-1024x891.jpg 1024w, https:\/\/macalloy.com\/wp-content\/uploads\/2021\/11\/renault-building-600x522.jpg 600w, https:\/\/macalloy.com\/wp-content\/uploads\/2021\/11\/renault-building-300x261.jpg 300w, https:\/\/macalloy.com\/wp-content\/uploads\/2021\/11\/renault-building-768x668.jpg 768w, https:\/\/macalloy.com\/wp-content\/uploads\/2021\/11\/renault-building-1536x1336.jpg 1536w, https:\/\/macalloy.com\/wp-content\/uploads\/2021\/11\/renault-building.jpg 1824w\" sizes=\"(max-width: 1024px) 100vw, 1024px\" \/><\/figure><\/div>\n\n\n\n<div class=\"wp-block-columns animate animate--up animate--delay-short is-layout-flex wp-container-core-columns-is-layout-9d6595d7 wp-block-columns-is-layout-flex\">\n<div class=\"wp-block-column is-layout-flow wp-block-column-is-layout-flow\">\n<p>La gama de tensoestructuras Macalloy incluye tensoestructuras de 460N\/mm2, 520N\/mm2 y la nueva de 550N\/mm2 [ETA pendiente], disponibles en acero al carbono y acero inoxidable.<\/p>\n\n\n\n<p>Todos los sistemas est\u00e1n acreditados seg\u00fan la norma 9001 y homologados seg\u00fan el Documento de Idoneidad T\u00e9cnica Europeo ETA21\/0053, lo que permite la certificaci\u00f3n CE. Las barras de acero en bruto pueden suministrarse imprimadas y pintadas o galvanizadas en caliente seg\u00fan la norma BS EN 1461 &#8211; 2009. Todos los accesorios (horquillas, pernos, tensores, acoplamientos y pestillos) se suministran con un revestimiento galvanizado.<\/p>\n<\/div>\n\n\n\n<div class=\"wp-block-column is-layout-flow wp-block-column-is-layout-flow\">\n<p>Los accesorios est\u00e1n dise\u00f1ados para ofrecer la m\u00e1xima flexibilidad y adaptabilidad; se pueden dise\u00f1ar accesorios especiales seg\u00fan los requisitos del cliente.<\/p>\n\n\n\n<p>Los accesorios de fundici\u00f3n est\u00e1n homologados por UT y MPI de acuerdo con el Documento de Idoneidad T\u00e9cnica Europeo ETA21\/0053.<\/p>\n\n\n\n<p>Disponemos de documentaci\u00f3n t\u00e9cnica con c\u00e1lculos de dise\u00f1o y cargas seg\u00fan la norma de dise\u00f1o EC3. Nuestro equipo t\u00e9cnico est\u00e1 siempre a su disposici\u00f3n para ayudarle con la especificaci\u00f3n, instalaci\u00f3n y dise\u00f1o.<\/p>\n\n\n\n<p><a href=\"https:\/\/macalloy.com\/contact\/\">Contacte con un representante de Macalloy<\/a> hoy mismo para hablar de todo lo relacionado con tirantes y barras arquitect\u00f3nicas.<\/p>\n<\/div>\n<\/div>\n\n\n\n<div style=\"height:50px\" aria-hidden=\"true\" class=\"wp-block-spacer\"><\/div>\n\n\n<div class=\"post__sharing animate animate--up animate--delay-long\"><strong class=\"sharing__title\">Share<\/strong><ul class=\"sharing__list\"><li class=\"sharing__item\"><a class=\"sharing__link sharing__link--facebook js-share\" href=\"https:\/\/www.facebook.com\/sharer\/sharer.php?u=https%3A%2F%2Fmacalloy.com%2Fes%2Fproductos-y-servicios%2Fbarras-de-tension%2F\">Facebook <svg xmlns=\"http:\/\/www.w3.org\/2000\/svg\" xmlns:xlink=\"http:\/\/www.w3.org\/1999\/xlink\" width=\"100\" height=\"100\" viewBox=\"0 0 100 100\"><g transform=\"translate(51.909 -29.171) rotate(45)\"><path d=\"M78.4,33.1,78.959,0,45.815,1.351l.3,5.515H68.537L0,75.4l4.54,4.54L73.077,11.405V32.58Z\" transform=\"translate(-0.882 56.319) rotate(-45)\"\/><\/g><\/svg><\/a><\/li><li class=\"sharing__item\"><a class=\"sharing__link sharing__link--twitter js-share\" href=\"https:\/\/twitter.com\/intent\/tweet?url=https%3A%2F%2Fmacalloy.com%2Fes%2Fproductos-y-servicios%2Fbarras-de-tension%2F&text=Desde+principios+de+la+d%C3%A9cada+de+1980%2C+la+gama+arquitect%C3%B3nica+de+barras+de+tensi%C3%B3n+ha+gozado+de+una+popularidad+creciente%2C+ofreciendo+a+los+dise%C3%B1adores+la+oportunidad+de+ofrecer+dise%C3%B1os+y+soluciones+contempor%C3%A1neos.+Las+barras+m%C3%A1s+ligeras+de+acero+al+carbono+y+acero+inoxidable+se+utilizan+para+las+fachadas+de+marquesinas+y+estructuras+suspendidas.+Las+barras+%5B%26hellip%3B%5D\">Twitter <svg xmlns=\"http:\/\/www.w3.org\/2000\/svg\" xmlns:xlink=\"http:\/\/www.w3.org\/1999\/xlink\" width=\"100\" height=\"100\" viewBox=\"0 0 100 100\"><g transform=\"translate(51.909 -29.171) rotate(45)\"><path d=\"M78.4,33.1,78.959,0,45.815,1.351l.3,5.515H68.537L0,75.4l4.54,4.54L73.077,11.405V32.58Z\" transform=\"translate(-0.882 56.319) rotate(-45)\"\/><\/g><\/svg><\/a><\/li><li class=\"sharing__item\"><a class=\"sharing__link sharing__link--linkedin js-share\" href=\"https:\/\/www.linkedin.com\/shareArticle?mini=true&url=https%3A%2F%2Fmacalloy.com%2Fes%2Fproductos-y-servicios%2Fbarras-de-tension%2F&title=LinkedIn&summary=Desde+principios+de+la+d%C3%A9cada+de+1980%2C+la+gama+arquitect%C3%B3nica+de+barras+de+tensi%C3%B3n+ha+gozado+de+una+popularidad+creciente%2C+ofreciendo+a+los+dise%C3%B1adores+la+oportunidad+de+ofrecer+dise%C3%B1os+y+soluciones+contempor%C3%A1neos.+Las+barras+m%C3%A1s+ligeras+de+acero+al+carbono+y+acero+inoxidable+se+utilizan+para+las+fachadas+de+marquesinas+y+estructuras+suspendidas.+Las+barras+%5B%26hellip%3B%5D&source=LinkedIn\">LinkedIn <svg xmlns=\"http:\/\/www.w3.org\/2000\/svg\" xmlns:xlink=\"http:\/\/www.w3.org\/1999\/xlink\" width=\"100\" height=\"100\" viewBox=\"0 0 100 100\"><g transform=\"translate(51.909 -29.171) rotate(45)\"><path d=\"M78.4,33.1,78.959,0,45.815,1.351l.3,5.515H68.537L0,75.4l4.54,4.54L73.077,11.405V32.58Z\" transform=\"translate(-0.882 56.319) rotate(-45)\"\/><\/g><\/svg><\/a><\/li><\/ul><\/div>\n\n\n\n<div class=\"wp-block-cover alignfull is-light mb-0 animate animate--up\" style=\"min-height:600px;aspect-ratio:unset;\"><span aria-hidden=\"true\" class=\"wp-block-cover__background has-primary-900-background-color has-background-dim\"><\/span><img decoding=\"async\" class=\"wp-block-cover__image-background wp-image-1852\" alt=\"\" src=\"https:\/\/macalloystg.wpengine.com\/wp-content\/uploads\/2021\/09\/macalloy_map-scaled.jpg\" data-object-fit=\"cover\"\/><div class=\"wp-block-cover__inner-container is-layout-flow wp-block-cover-is-layout-flow\">\n<h4 class=\"wp-block-heading has-text-align-center has-neutral-0-color has-text-color animate animate--up animate--delay-short\">Nuestra cadena de suministro sigue ampli\u00e1ndose a trav\u00e9s de una red internacional de agentes y distribuidores de Macalloy para garantizar un crecimiento continuo en el mercado mundial.<\/h4>\n<\/div><\/div>\n","protected":false},"excerpt":{"rendered":"<p>Desde principios de la d\u00e9cada de 1980, la gama arquitect\u00f3nica de barras de tensi\u00f3n ha gozado de una popularidad creciente, ofreciendo a los dise\u00f1adores la oportunidad de ofrecer dise\u00f1os y soluciones contempor\u00e1neos. Las barras m\u00e1s ligeras de acero al carbono y acero inoxidable se utilizan para las fachadas de marquesinas y estructuras suspendidas. Las barras [&hellip;]<\/p>\n","protected":false},"author":4157,"featured_media":0,"parent":29333,"menu_order":0,"comment_status":"closed","ping_status":"closed","template":"","meta":{"footnotes":""},"class_list":["hentry","page"],"yoast_head":"<!-- This site is optimized with the Yoast SEO plugin v27.3 - https:\/\/yoast.com\/product\/yoast-seo-wordpress\/ -->\n<title>Barras de tensi\u00f3n |<\/title>\n<meta name=\"robots\" content=\"index, follow, max-snippet:-1, max-image-preview:large, max-video-preview:-1\" \/>\n<link rel=\"canonical\" href=\"https:\/\/macalloy.com\/es\/productos-y-servicios\/barras-de-tension\/\" \/>\n<meta property=\"og:locale\" content=\"es_ES\" \/>\n<meta property=\"og:type\" content=\"article\" \/>\n<meta property=\"og:title\" content=\"Barras de tensi\u00f3n |\" \/>\n<meta property=\"og:description\" content=\"Desde principios de la d\u00e9cada de 1980, la gama arquitect\u00f3nica de barras de tensi\u00f3n ha gozado de una popularidad creciente, ofreciendo a los dise\u00f1adores la oportunidad de ofrecer dise\u00f1os y soluciones contempor\u00e1neos. Las barras m\u00e1s ligeras de acero al carbono y acero inoxidable se utilizan para las fachadas de marquesinas y estructuras suspendidas. Las barras [&hellip;]\" \/>\n<meta property=\"og:url\" content=\"https:\/\/macalloy.com\/es\/productos-y-servicios\/barras-de-tension\/\" \/>\n<meta property=\"og:site_name\" content=\"Macalloy\" \/>\n<meta property=\"article:modified_time\" content=\"2024-07-04T12:55:28+00:00\" \/>\n<meta property=\"og:image\" content=\"https:\/\/macalloystg.wpengine.com\/wp-content\/uploads\/2021\/11\/Macalloy-Tension-Structures-1-1024x777.jpg\" \/>\n<meta name=\"twitter:card\" content=\"summary_large_image\" \/>\n<meta name=\"twitter:label1\" content=\"Tiempo de lectura\" \/>\n\t<meta name=\"twitter:data1\" content=\"2 minutos\" \/>\n<script type=\"application\/ld+json\" class=\"yoast-schema-graph\">{\"@context\":\"https:\\\/\\\/schema.org\",\"@graph\":[{\"@type\":\"WebPage\",\"@id\":\"https:\\\/\\\/macalloy.com\\\/es\\\/productos-y-servicios\\\/barras-de-tension\\\/\",\"url\":\"https:\\\/\\\/macalloy.com\\\/es\\\/productos-y-servicios\\\/barras-de-tension\\\/\",\"name\":\"Barras de tensi\u00f3n |\",\"isPartOf\":{\"@id\":\"https:\\\/\\\/macalloy.com\\\/es\\\/#website\"},\"primaryImageOfPage\":{\"@id\":\"https:\\\/\\\/macalloy.com\\\/es\\\/productos-y-servicios\\\/barras-de-tension\\\/#primaryimage\"},\"image\":{\"@id\":\"https:\\\/\\\/macalloy.com\\\/es\\\/productos-y-servicios\\\/barras-de-tension\\\/#primaryimage\"},\"thumbnailUrl\":\"https:\\\/\\\/macalloystg.wpengine.com\\\/wp-content\\\/uploads\\\/2021\\\/11\\\/Macalloy-Tension-Structures-1-1024x777.jpg\",\"datePublished\":\"2023-12-07T13:12:21+00:00\",\"dateModified\":\"2024-07-04T12:55:28+00:00\",\"breadcrumb\":{\"@id\":\"https:\\\/\\\/macalloy.com\\\/es\\\/productos-y-servicios\\\/barras-de-tension\\\/#breadcrumb\"},\"inLanguage\":\"es\",\"potentialAction\":[{\"@type\":\"ReadAction\",\"target\":[\"https:\\\/\\\/macalloy.com\\\/es\\\/productos-y-servicios\\\/barras-de-tension\\\/\"]}]},{\"@type\":\"ImageObject\",\"inLanguage\":\"es\",\"@id\":\"https:\\\/\\\/macalloy.com\\\/es\\\/productos-y-servicios\\\/barras-de-tension\\\/#primaryimage\",\"url\":\"https:\\\/\\\/macalloystg.wpengine.com\\\/wp-content\\\/uploads\\\/2021\\\/11\\\/Macalloy-Tension-Structures-1-1024x777.jpg\",\"contentUrl\":\"https:\\\/\\\/macalloystg.wpengine.com\\\/wp-content\\\/uploads\\\/2021\\\/11\\\/Macalloy-Tension-Structures-1-1024x777.jpg\"},{\"@type\":\"BreadcrumbList\",\"@id\":\"https:\\\/\\\/macalloy.com\\\/es\\\/productos-y-servicios\\\/barras-de-tension\\\/#breadcrumb\",\"itemListElement\":[{\"@type\":\"ListItem\",\"position\":1,\"name\":\"Home\",\"item\":\"https:\\\/\\\/macalloy.com\\\/es\\\/pagina-de-inicio\\\/\"},{\"@type\":\"ListItem\",\"position\":2,\"name\":\"Productos y servicios\",\"item\":\"https:\\\/\\\/macalloy.com\\\/es\\\/productos-y-servicios\\\/\"},{\"@type\":\"ListItem\",\"position\":3,\"name\":\"Barras de tensi\u00f3n\"}]},{\"@type\":\"WebSite\",\"@id\":\"https:\\\/\\\/macalloy.com\\\/es\\\/#website\",\"url\":\"https:\\\/\\\/macalloy.com\\\/es\\\/\",\"name\":\"Macalloy\",\"description\":\"Threaded Bar Systems Trusted Worldwide\",\"potentialAction\":[{\"@type\":\"SearchAction\",\"target\":{\"@type\":\"EntryPoint\",\"urlTemplate\":\"https:\\\/\\\/macalloy.com\\\/es\\\/?s={search_term_string}\"},\"query-input\":{\"@type\":\"PropertyValueSpecification\",\"valueRequired\":true,\"valueName\":\"search_term_string\"}}],\"inLanguage\":\"es\"}]}<\/script>\n<!-- \/ Yoast SEO plugin. -->","yoast_head_json":{"title":"Barras de tensi\u00f3n |","robots":{"index":"index","follow":"follow","max-snippet":"max-snippet:-1","max-image-preview":"max-image-preview:large","max-video-preview":"max-video-preview:-1"},"canonical":"https:\/\/macalloy.com\/es\/productos-y-servicios\/barras-de-tension\/","og_locale":"es_ES","og_type":"article","og_title":"Barras de tensi\u00f3n |","og_description":"Desde principios de la d\u00e9cada de 1980, la gama arquitect\u00f3nica de barras de tensi\u00f3n ha gozado de una popularidad creciente, ofreciendo a los dise\u00f1adores la oportunidad de ofrecer dise\u00f1os y soluciones contempor\u00e1neos. Las barras m\u00e1s ligeras de acero al carbono y acero inoxidable se utilizan para las fachadas de marquesinas y estructuras suspendidas. Las barras [&hellip;]","og_url":"https:\/\/macalloy.com\/es\/productos-y-servicios\/barras-de-tension\/","og_site_name":"Macalloy","article_modified_time":"2024-07-04T12:55:28+00:00","og_image":[{"url":"https:\/\/macalloystg.wpengine.com\/wp-content\/uploads\/2021\/11\/Macalloy-Tension-Structures-1-1024x777.jpg","type":"","width":"","height":""}],"twitter_card":"summary_large_image","twitter_misc":{"Tiempo de lectura":"2 minutos"},"schema":{"@context":"https:\/\/schema.org","@graph":[{"@type":"WebPage","@id":"https:\/\/macalloy.com\/es\/productos-y-servicios\/barras-de-tension\/","url":"https:\/\/macalloy.com\/es\/productos-y-servicios\/barras-de-tension\/","name":"Barras de tensi\u00f3n |","isPartOf":{"@id":"https:\/\/macalloy.com\/es\/#website"},"primaryImageOfPage":{"@id":"https:\/\/macalloy.com\/es\/productos-y-servicios\/barras-de-tension\/#primaryimage"},"image":{"@id":"https:\/\/macalloy.com\/es\/productos-y-servicios\/barras-de-tension\/#primaryimage"},"thumbnailUrl":"https:\/\/macalloystg.wpengine.com\/wp-content\/uploads\/2021\/11\/Macalloy-Tension-Structures-1-1024x777.jpg","datePublished":"2023-12-07T13:12:21+00:00","dateModified":"2024-07-04T12:55:28+00:00","breadcrumb":{"@id":"https:\/\/macalloy.com\/es\/productos-y-servicios\/barras-de-tension\/#breadcrumb"},"inLanguage":"es","potentialAction":[{"@type":"ReadAction","target":["https:\/\/macalloy.com\/es\/productos-y-servicios\/barras-de-tension\/"]}]},{"@type":"ImageObject","inLanguage":"es","@id":"https:\/\/macalloy.com\/es\/productos-y-servicios\/barras-de-tension\/#primaryimage","url":"https:\/\/macalloystg.wpengine.com\/wp-content\/uploads\/2021\/11\/Macalloy-Tension-Structures-1-1024x777.jpg","contentUrl":"https:\/\/macalloystg.wpengine.com\/wp-content\/uploads\/2021\/11\/Macalloy-Tension-Structures-1-1024x777.jpg"},{"@type":"BreadcrumbList","@id":"https:\/\/macalloy.com\/es\/productos-y-servicios\/barras-de-tension\/#breadcrumb","itemListElement":[{"@type":"ListItem","position":1,"name":"Home","item":"https:\/\/macalloy.com\/es\/pagina-de-inicio\/"},{"@type":"ListItem","position":2,"name":"Productos y servicios","item":"https:\/\/macalloy.com\/es\/productos-y-servicios\/"},{"@type":"ListItem","position":3,"name":"Barras de tensi\u00f3n"}]},{"@type":"WebSite","@id":"https:\/\/macalloy.com\/es\/#website","url":"https:\/\/macalloy.com\/es\/","name":"Macalloy","description":"Threaded Bar Systems Trusted Worldwide","potentialAction":[{"@type":"SearchAction","target":{"@type":"EntryPoint","urlTemplate":"https:\/\/macalloy.com\/es\/?s={search_term_string}"},"query-input":{"@type":"PropertyValueSpecification","valueRequired":true,"valueName":"search_term_string"}}],"inLanguage":"es"}]}},"_links":{"self":[{"href":"https:\/\/macalloy.com\/es\/wp-json\/wp\/v2\/pages\/29367","targetHints":{"allow":["GET"]}}],"collection":[{"href":"https:\/\/macalloy.com\/es\/wp-json\/wp\/v2\/pages"}],"about":[{"href":"https:\/\/macalloy.com\/es\/wp-json\/wp\/v2\/types\/page"}],"author":[{"embeddable":true,"href":"https:\/\/macalloy.com\/es\/wp-json\/wp\/v2\/users\/4157"}],"replies":[{"embeddable":true,"href":"https:\/\/macalloy.com\/es\/wp-json\/wp\/v2\/comments?post=29367"}],"version-history":[{"count":0,"href":"https:\/\/macalloy.com\/es\/wp-json\/wp\/v2\/pages\/29367\/revisions"}],"up":[{"embeddable":true,"href":"https:\/\/macalloy.com\/es\/wp-json\/wp\/v2\/pages\/29333"}],"wp:attachment":[{"href":"https:\/\/macalloy.com\/es\/wp-json\/wp\/v2\/media?parent=29367"}],"curies":[{"name":"wp","href":"https:\/\/api.w.org\/{rel}","templated":true}]}}