{"id":29392,"date":"2023-12-07T14:16:39","date_gmt":"2023-12-07T14:16:39","guid":{"rendered":"https:\/\/macalloy.com\/?page_id=29392"},"modified":"2025-12-18T11:59:59","modified_gmt":"2025-12-18T11:59:59","slug":"nosotros","status":"publish","type":"page","link":"https:\/\/macalloy.com\/es\/nosotros\/","title":{"rendered":"Nosotros"},"content":{"rendered":"\n<div class=\"wp-block-media-text alignwide is-stacked-on-mobile is-image-fill-element has-background-highlight-colour animate animate\"><figure class=\"wp-block-media-text__media\"><img fetchpriority=\"high\" decoding=\"async\" width=\"800\" height=\"533\" src=\"https:\/\/macalloystg.wpengine.com\/wp-content\/uploads\/2021\/09\/Macalloy_recruiting.jpeg\" alt=\"\" class=\"wp-image-1873 size-full\" style=\"object-position:40% 59%\" srcset=\"https:\/\/macalloy.com\/wp-content\/uploads\/2021\/09\/Macalloy_recruiting.jpeg 800w, https:\/\/macalloy.com\/wp-content\/uploads\/2021\/09\/Macalloy_recruiting-600x400.jpeg 600w, https:\/\/macalloy.com\/wp-content\/uploads\/2021\/09\/Macalloy_recruiting-300x200.jpeg 300w, https:\/\/macalloy.com\/wp-content\/uploads\/2021\/09\/Macalloy_recruiting-768x512.jpeg 768w\" sizes=\"(max-width: 800px) 100vw, 800px\" \/><\/figure><div class=\"wp-block-media-text__content\">\n<p class=\"lead has-primary-900-color has-text-color animate animate--up animate--delay-short\">Macalloy es l\u00edder mundial en la fabricaci\u00f3n de varillas de tensi\u00f3n roscadas y sistemas de cables.<\/p>\n\n\n\n<p>Con sede en el coraz\u00f3n de la industria sider\u00fargica del Reino Unido, podemos echar la vista atr\u00e1s a 100 a\u00f1os de historia. Sin embargo, siempre miramos hacia adelante, esforz\u00e1ndonos constantemente por innovar y mejorar la calidad para satisfacer las demandas de la industria de la construcci\u00f3n moderna. Nuestros productos han desempe\u00f1ado un papel fundamental en la construcci\u00f3n de muchos hitos mundiales de prestigio, como cuatro de los estadios de la Copa Mundial de Rusia, el hotel de 7 estrellas Burj Al-Arab de Dubai, el Marina Bay Sands de Singapur y el puente Jubilee de Londres.<\/p>\n<\/div><\/div>\n\n\n\n<div class=\"wp-block-columns is-layout-flex wp-container-core-columns-is-layout-9d6595d7 wp-block-columns-is-layout-flex\">\n<div class=\"wp-block-column is-layout-flow wp-block-column-is-layout-flow\">\n<h3 class=\"wp-block-heading h4 has-primary-900-color has-text-color animate animate--left animate--delay-short\">Soluciones personalizadas para aplicaciones est\u00e1ticas y con carga.<\/h3>\n\n\n\n<hr class=\"wp-block-separator has-text-color has-primary-900-color has-css-opacity has-primary-900-background-color has-background animate animate--left\"\/>\n<\/div>\n\n\n\n<div class=\"wp-block-column is-layout-flow wp-block-column-is-layout-flow\"><\/div>\n<\/div>\n\n\n\n<div class=\"wp-block-media-text alignwide has-media-on-the-right is-stacked-on-mobile is-image-fill-element is-style-breakout mt-0 has-background-highlight-colour has-primary-900-background-color has-background animate animate--up animate--delay-medium\"><div class=\"wp-block-media-text__content\">\n<figure class=\"wp-block-image size-large animate animate--right animate--delay-short\"><img decoding=\"async\" width=\"1024\" height=\"683\" src=\"https:\/\/macalloystg.wpengine.com\/wp-content\/uploads\/2021\/11\/thisisengineering-raeng-cdSKgXv2Vz4-unsplash-1024x683.jpg\" alt=\"\" class=\"wp-image-3205\" srcset=\"https:\/\/macalloy.com\/wp-content\/uploads\/2021\/11\/thisisengineering-raeng-cdSKgXv2Vz4-unsplash-1024x683.jpg 1024w, https:\/\/macalloy.com\/wp-content\/uploads\/2021\/11\/thisisengineering-raeng-cdSKgXv2Vz4-unsplash-600x400.jpg 600w, https:\/\/macalloy.com\/wp-content\/uploads\/2021\/11\/thisisengineering-raeng-cdSKgXv2Vz4-unsplash-300x200.jpg 300w, https:\/\/macalloy.com\/wp-content\/uploads\/2021\/11\/thisisengineering-raeng-cdSKgXv2Vz4-unsplash-768x512.jpg 768w, https:\/\/macalloy.com\/wp-content\/uploads\/2021\/11\/thisisengineering-raeng-cdSKgXv2Vz4-unsplash-1536x1025.jpg 1536w, https:\/\/macalloy.com\/wp-content\/uploads\/2021\/11\/thisisengineering-raeng-cdSKgXv2Vz4-unsplash.jpg 1920w\" sizes=\"(max-width: 1024px) 100vw, 1024px\" \/><\/figure>\n\n\n\n<div style=\"height:39px\" aria-hidden=\"true\" class=\"wp-block-spacer\"><\/div>\n\n\n\n<p class=\"lead has-neutral-0-color has-text-color animate animate--right animate--delay-medium\">Nos enorgullecemos de nuestra gran orientaci\u00f3n al cliente y hemos desarrollado una gama de productos y servicios especializados espec\u00edficamente para nuestra clientela de ingenieros consultores y arquitectos.<\/p>\n\n\n\n<p><\/p>\n<\/div><figure class=\"wp-block-media-text__media\"><img decoding=\"async\" width=\"1024\" height=\"683\" src=\"https:\/\/macalloystg.wpengine.com\/wp-content\/uploads\/2021\/09\/112A2185-1024x683.jpg\" alt=\"\" class=\"wp-image-2175 size-full\" style=\"object-position:21% 61%\" srcset=\"https:\/\/macalloy.com\/wp-content\/uploads\/2021\/09\/112A2185-1024x683.jpg 1024w, https:\/\/macalloy.com\/wp-content\/uploads\/2021\/09\/112A2185-600x400.jpg 600w, https:\/\/macalloy.com\/wp-content\/uploads\/2021\/09\/112A2185-300x200.jpg 300w, https:\/\/macalloy.com\/wp-content\/uploads\/2021\/09\/112A2185-768x512.jpg 768w, https:\/\/macalloy.com\/wp-content\/uploads\/2021\/09\/112A2185-1536x1024.jpg 1536w, https:\/\/macalloy.com\/wp-content\/uploads\/2021\/09\/112A2185.jpg 1920w\" sizes=\"(max-width: 1024px) 100vw, 1024px\" \/><\/figure><\/div>\n\n\n\n<div class=\"wp-block-group alignfull has-neutral-0-color has-primary-900-background-color has-text-color has-background animate animate--up\"><div class=\"wp-block-group__inner-container is-layout-flow wp-block-group-is-layout-flow\">\n<div style=\"height:90px\" aria-hidden=\"true\" class=\"wp-block-spacer\"><\/div>\n\n\n\n<div class=\"wp-block-columns alignwide is-layout-flex wp-container-core-columns-is-layout-9d6595d7 wp-block-columns-is-layout-flex\">\n<div class=\"wp-block-column is-layout-flow wp-block-column-is-layout-flow\" style=\"flex-basis:80%\">\n<h5 class=\"wp-block-heading animate animate animate--delay-short\">Nuestro compromiso con la innovaci\u00f3n y nuestra voluntad de trabajar con nuestros clientes para desarrollar soluciones a los problemas del sector son las cualidades que nos han permitido mantener nuestra posici\u00f3n de l\u00edderes del mercado durante 100 a\u00f1os.<\/h5>\n<\/div>\n\n\n\n<div class=\"wp-block-column is-layout-flow wp-block-column-is-layout-flow\" style=\"flex-basis:20%\"><\/div>\n<\/div>\n\n\n\n<div style=\"height:50px\" aria-hidden=\"true\" class=\"wp-block-spacer\"><\/div>\n\n\n\n<div class=\"wp-block-cover is-style-breakout animate animate animate--delay-medium\"><img loading=\"lazy\" decoding=\"async\" width=\"1920\" height=\"1280\" class=\"wp-block-cover__image-background wp-image-28593\" alt=\"1\" src=\"https:\/\/macalloy.com\/wp-content\/uploads\/2021\/12\/112A2044.jpg\" data-object-fit=\"cover\" srcset=\"https:\/\/macalloy.com\/wp-content\/uploads\/2021\/12\/112A2044.jpg 1920w, https:\/\/macalloy.com\/wp-content\/uploads\/2021\/12\/112A2044-600x400.jpg 600w, https:\/\/macalloy.com\/wp-content\/uploads\/2021\/12\/112A2044-300x200.jpg 300w, https:\/\/macalloy.com\/wp-content\/uploads\/2021\/12\/112A2044-1024x683.jpg 1024w, https:\/\/macalloy.com\/wp-content\/uploads\/2021\/12\/112A2044-768x512.jpg 768w, https:\/\/macalloy.com\/wp-content\/uploads\/2021\/12\/112A2044-1536x1024.jpg 1536w\" sizes=\"(max-width: 1920px) 100vw, 1920px\" \/><span aria-hidden=\"true\" class=\"wp-block-cover__background has-background-dim-0 has-background-dim\" style=\"background-color:#6c665d\"><\/span><div class=\"wp-block-cover__inner-container is-layout-flow wp-block-cover-is-layout-flow\">\n<p class=\"has-text-align-center has-large-font-size\"><\/p>\n<\/div><\/div>\n<\/div><\/div>\n\n\n\n<div class=\"wp-block-media-text alignwide is-stacked-on-mobile is-image-fill-element has-background-highlight-colour animate animate\"><figure class=\"wp-block-media-text__media\"><img loading=\"lazy\" decoding=\"async\" width=\"1024\" height=\"683\" src=\"https:\/\/macalloystg.wpengine.com\/wp-content\/uploads\/2021\/09\/Chris-Jaycoba-112A6796-1024x683.jpg\" alt=\"\" class=\"wp-image-2182 size-full\" style=\"object-position:18% 47%\" srcset=\"https:\/\/macalloy.com\/wp-content\/uploads\/2021\/09\/Chris-Jaycoba-112A6796-1024x683.jpg 1024w, https:\/\/macalloy.com\/wp-content\/uploads\/2021\/09\/Chris-Jaycoba-112A6796-600x400.jpg 600w, https:\/\/macalloy.com\/wp-content\/uploads\/2021\/09\/Chris-Jaycoba-112A6796-300x200.jpg 300w, https:\/\/macalloy.com\/wp-content\/uploads\/2021\/09\/Chris-Jaycoba-112A6796-768x512.jpg 768w, https:\/\/macalloy.com\/wp-content\/uploads\/2021\/09\/Chris-Jaycoba-112A6796-1536x1024.jpg 1536w, https:\/\/macalloy.com\/wp-content\/uploads\/2021\/09\/Chris-Jaycoba-112A6796.jpg 1920w\" sizes=\"(max-width: 1024px) 100vw, 1024px\" \/><\/figure><div class=\"wp-block-media-text__content\">\n<h2 class=\"wp-block-heading h3 has-primary-900-color has-text-color\">\u00bfPor qu\u00e9 trabajar con nosotros?<\/h2>\n\n\n\n<div style=\"height:12px\" aria-hidden=\"true\" class=\"wp-block-spacer\"><\/div>\n\n\n\n<ul class=\"wp-block-list\">\n<li>Proveedor l\u00edder del sector de la construcci\u00f3n desde hace m\u00e1s de 100 a\u00f1os<\/li>\n\n\n\n<li>Exportamos a todo el mundo desde los a\u00f1os 60<\/li>\n\n\n\n<li>Expertos del sector en varillas roscadas de acero y sistemas de cables<\/li>\n\n\n\n<li>Soluciones innovadoras para los retos del sector de la construcci\u00f3n<\/li>\n\n\n\n<li>Hogar del personal de PT<\/li>\n\n\n\n<li>Inventor del sistema de estructura tensada<\/li>\n\n\n\n<li>Asistencia t\u00e9cnica de nuestro experimentado equipo de dise\u00f1o e ingenier\u00eda<\/li>\n\n\n\n<li>Calidad comprobada interna y externamente<\/li>\n\n\n\n<li>Galardonados con reconocimiento internacional<\/li>\n\n\n\n<li>Titular de autorizaciones t\u00e9cnicas de producto europeas y mundiales<\/li>\n\n\n\n<li>A menudo imitado, pero nunca igualado<\/li>\n<\/ul>\n<\/div><\/div>\n\n\n\n<div class=\"wp-block-group alignfull mb-0 has-neutral-0-color has-primary-900-background-color has-text-color has-background\"><div class=\"wp-block-group__inner-container is-layout-flow wp-block-group-is-layout-flow\">\n<div class=\"wp-block-columns alignwide are-vertically-aligned-bottom is-layout-flex wp-container-core-columns-is-layout-9d6595d7 wp-block-columns-is-layout-flex\">\n<div class=\"wp-block-column is-vertically-aligned-bottom is-layout-flow wp-block-column-is-layout-flow\">\n<h3 class=\"wp-block-heading has-neutral-0-color has-text-color animate animate--right animate--delay-short\">Conozca al equipo que ofrece resultados excepcionales<\/h3>\n\n\n\n<p><\/p>\n<\/div>\n\n\n\n<div class=\"wp-block-column is-vertically-aligned-bottom is-layout-flow wp-block-column-is-layout-flow\">\n<div class=\"wp-block-buttons animate animate--left animate--delay-medium is-horizontal is-content-justification-right is-layout-flex wp-container-core-buttons-is-layout-ae2fe186 wp-block-buttons-is-layout-flex\">\n<div class=\"wp-block-button is-style-underline\"><a class=\"wp-block-button__link has-neutral-0-color has-text-color wp-element-button\" href=\"https:\/\/macalloy.com\/es\/nosotros\/conozca-al-equipo\/\">Descubra<\/a><\/div>\n<\/div>\n<\/div>\n<\/div>\n\n\n\n<div class=\"wp-block-columns alignwide animate--delay-medium is-layout-flex wp-container-core-columns-is-layout-9d6595d7 wp-block-columns-is-layout-flex\">\n<div class=\"wp-block-column is-layout-flow wp-block-column-is-layout-flow\">\n<div class=\"wp-block-macalloy-team animate animate--up\"><img decoding=\"async\" class=\"wp-block-macalloy-team__image\" src=\"https:\/\/macalloystg.wpengine.com\/wp-content\/uploads\/2021\/09\/Peter-Hoy-Macalloy-112A6870-1-600x700.jpg\" alt=\"Peter-Hoy-Macalloy-112A6870\"\/><div class=\"wp-block-macalloy-team__detail\"><h5 class=\"wp-block-macalloy-team__name\">Peter Hoy<\/h5><p class=\"wp-block-macalloy-team__role\">Director General<\/p><ul class=\"wp-block-macalloy-team__social-media\"><li><a target=\"_blank\" rel=\"noopener\" href=\"#\" class=\"wp-block-macalloy-team__linkedin\"><svg viewBox=\"0 0 100 100\" class=\"icon\"><use href=\"#icon-social--linkedin\"><\/use><\/svg><\/a><\/li><\/ul><\/div><\/div>\n<\/div>\n\n\n\n<div class=\"wp-block-column is-layout-flow wp-block-column-is-layout-flow\">\n<div class=\"wp-block-macalloy-team animate animate--up animate--delay-medium\"><img decoding=\"async\" class=\"wp-block-macalloy-team__image\" src=\"https:\/\/macalloystg.wpengine.com\/wp-content\/uploads\/2021\/10\/Stewart-Lidster-Macalloy-600x700.jpg\" alt=\"Stewart-Lidster-Macalloy\"\/><div class=\"wp-block-macalloy-team__detail\"><h5 class=\"wp-block-macalloy-team__name\">Stewart Lidster<\/h5><p class=\"wp-block-macalloy-team__role\">Director de ventas de exportaci\u00f3n<\/p><ul class=\"wp-block-macalloy-team__social-media\"><li><a target=\"_blank\" rel=\"noopener\" href=\"https:\/\/uk.linkedin.com\/in\/stewart-lidster-0b614a36\" class=\"wp-block-macalloy-team__linkedin\"><svg viewBox=\"0 0 100 100\" class=\"icon\"><use href=\"#icon-social--linkedin\"><\/use><\/svg><\/a><\/li><li><a target=\"_blank\" rel=\"noopener\" href=\"tel:+441909519216\" class=\"wp-block-macalloy-team__phone\"><svg viewBox=\"0 0 100 100\" class=\"icon\"><use href=\"#icon-mobile\"><\/use><\/svg><\/a><\/li><li><a target=\"_blank\" rel=\"noopener\" href=\"mailto:slidster@macalloy3dev.wpenginepowered.com\" class=\"wp-block-macalloy-team__email\"><svg viewBox=\"0 0 100 100\" class=\"icon\"><use href=\"#icon-email\"><\/use><\/svg><\/a><\/li><\/ul><\/div><\/div>\n<\/div>\n\n\n\n<div class=\"wp-block-column is-layout-flow wp-block-column-is-layout-flow\">\n<div class=\"wp-block-macalloy-team animate animate--up animate--delay-medium\"><img decoding=\"async\" class=\"wp-block-macalloy-team__image\" src=\"https:\/\/macalloy.com\/wp-content\/uploads\/2021\/09\/Mark-Ellis-1-600x700.jpg\" alt=\"Mark Ellis 1\"\/><div class=\"wp-block-macalloy-team__detail\"><h5 class=\"wp-block-macalloy-team__name\">Mark Ellis<\/h5><p class=\"wp-block-macalloy-team__role\">Director de Desarrollo de Negocio<\/p><ul class=\"wp-block-macalloy-team__social-media\"><li><a target=\"_blank\" rel=\"noopener\" href=\"www.linkedin.com\/in\/mark-ellis-3920a026\" class=\"wp-block-macalloy-team__linkedin\"><svg viewBox=\"0 0 100 100\" class=\"icon\"><use href=\"#icon-social--linkedin\"><\/use><\/svg><\/a><\/li><li><a target=\"_blank\" rel=\"noopener\" href=\"tel:+441909519235\" class=\"wp-block-macalloy-team__phone\"><svg viewBox=\"0 0 100 100\" class=\"icon\"><use href=\"#icon-mobile\"><\/use><\/svg><\/a><\/li><li><a target=\"_blank\" rel=\"noopener\" href=\"mailto:mellis@macalloy3dev.wpenginepowered.com\" class=\"wp-block-macalloy-team__email\"><svg viewBox=\"0 0 100 100\" class=\"icon\"><use href=\"#icon-email\"><\/use><\/svg><\/a><\/li><\/ul><\/div><\/div>\n<\/div>\n\n\n\n<div class=\"wp-block-column is-layout-flow wp-block-column-is-layout-flow\"><\/div>\n<\/div>\n\n\n\n<p><\/p>\n<\/div><\/div>\n\n\n\n<div class=\"wp-block-cover alignfull is-light mt-0 mb-0 animate animate--up\" style=\"min-height:600px;aspect-ratio:unset;\"><span aria-hidden=\"true\" class=\"wp-block-cover__background has-background-dim-30 has-background-dim\"><\/span><img loading=\"lazy\" decoding=\"async\" width=\"1920\" height=\"1280\" class=\"wp-block-cover__image-background wp-image-2035\" alt=\"\" src=\"https:\/\/macalloystg.wpengine.com\/wp-content\/uploads\/2021\/09\/Macalloy-112A2129.jpg\" style=\"object-position:58% 68%\" data-object-fit=\"cover\" data-object-position=\"58% 68%\" srcset=\"https:\/\/macalloy.com\/wp-content\/uploads\/2021\/09\/Macalloy-112A2129.jpg 1920w, https:\/\/macalloy.com\/wp-content\/uploads\/2021\/09\/Macalloy-112A2129-600x400.jpg 600w, https:\/\/macalloy.com\/wp-content\/uploads\/2021\/09\/Macalloy-112A2129-300x200.jpg 300w, https:\/\/macalloy.com\/wp-content\/uploads\/2021\/09\/Macalloy-112A2129-1024x683.jpg 1024w, https:\/\/macalloy.com\/wp-content\/uploads\/2021\/09\/Macalloy-112A2129-768x512.jpg 768w, https:\/\/macalloy.com\/wp-content\/uploads\/2021\/09\/Macalloy-112A2129-1536x1024.jpg 1536w\" sizes=\"(max-width: 1920px) 100vw, 1920px\" \/><div class=\"wp-block-cover__inner-container is-layout-flow wp-block-cover-is-layout-flow\">\n<div class=\"wp-block-columns alignwide is-layout-flex wp-container-core-columns-is-layout-9d6595d7 wp-block-columns-is-layout-flex\">\n<div class=\"wp-block-column is-layout-flow wp-block-column-is-layout-flow\">\n<h4 class=\"wp-block-heading has-neutral-0-color has-text-color animate animate--right animate--delay-short\">\u00bfQuiere hablar de un proyecto?<\/h4>\n\n\n\n<h2 class=\"wp-block-heading mb-1 h1 has-neutral-0-color has-text-color animate animate--left animate--delay-medium\">+44 (0)1909 519 200<\/h2>\n\n\n\n<p class=\"has-neutral-0-color has-text-color animate animate--left animate--delay-long\">Ll\u00e1menos o utilice el chat en directo para obtener una respuesta r\u00e1pida.<\/p>\n<\/div>\n\n\n\n<div class=\"wp-block-column is-layout-flow wp-block-column-is-layout-flow\"><\/div>\n<\/div>\n<\/div><\/div>\n","protected":false},"excerpt":{"rendered":"<p>Macalloy es l\u00edder mundial en la fabricaci\u00f3n de varillas de tensi\u00f3n roscadas y sistemas de cables. Con sede en el coraz\u00f3n de la industria sider\u00fargica del Reino Unido, podemos echar la vista atr\u00e1s a 100 a\u00f1os de historia. Sin embargo, siempre miramos hacia adelante, esforz\u00e1ndonos constantemente por innovar y mejorar la calidad para satisfacer las [&hellip;]<\/p>\n","protected":false},"author":4157,"featured_media":0,"parent":0,"menu_order":0,"comment_status":"closed","ping_status":"closed","template":"","meta":{"footnotes":""},"class_list":["hentry","page"],"yoast_head":"<!-- This site is optimized with the Yoast SEO plugin v27.4 - https:\/\/yoast.com\/product\/yoast-seo-wordpress\/ -->\n<title>Nosotros |<\/title>\n<meta name=\"description\" content=\"Con sede en el coraz\u00f3n de la industria sider\u00fargica del Reino Unido, Macalloy es l\u00edder mundial en la fabricaci\u00f3n de barras de acero de tensi\u00f3n roscadas y sistemas de cables.\" \/>\n<meta name=\"robots\" content=\"index, follow, max-snippet:-1, max-image-preview:large, max-video-preview:-1\" \/>\n<link rel=\"canonical\" href=\"https:\/\/macalloy.com\/es\/nosotros\/\" \/>\n<meta property=\"og:locale\" content=\"es_ES\" \/>\n<meta property=\"og:type\" content=\"article\" \/>\n<meta property=\"og:title\" content=\"Nosotros |\" \/>\n<meta property=\"og:description\" content=\"Con sede en el coraz\u00f3n de la industria sider\u00fargica del Reino Unido, Macalloy es l\u00edder mundial en la fabricaci\u00f3n de barras de acero de tensi\u00f3n roscadas y sistemas de cables.\" \/>\n<meta property=\"og:url\" content=\"https:\/\/macalloy.com\/es\/nosotros\/\" \/>\n<meta property=\"og:site_name\" content=\"Macalloy\" \/>\n<meta property=\"article:modified_time\" content=\"2025-12-18T11:59:59+00:00\" \/>\n<meta property=\"og:image\" content=\"https:\/\/macalloy.com\/wp-content\/uploads\/2021\/09\/Macalloy_recruiting.jpeg\" \/>\n\t<meta property=\"og:image:width\" content=\"800\" \/>\n\t<meta property=\"og:image:height\" content=\"533\" \/>\n\t<meta property=\"og:image:type\" content=\"image\/jpeg\" \/>\n<meta name=\"twitter:card\" content=\"summary_large_image\" \/>\n<meta name=\"twitter:label1\" content=\"Tiempo de lectura\" \/>\n\t<meta name=\"twitter:data1\" content=\"2 minutos\" \/>\n<script type=\"application\/ld+json\" class=\"yoast-schema-graph\">{\"@context\":\"https:\\\/\\\/schema.org\",\"@graph\":[{\"@type\":\"WebPage\",\"@id\":\"https:\\\/\\\/macalloy.com\\\/es\\\/nosotros\\\/\",\"url\":\"https:\\\/\\\/macalloy.com\\\/es\\\/nosotros\\\/\",\"name\":\"Nosotros |\",\"isPartOf\":{\"@id\":\"https:\\\/\\\/macalloy.com\\\/es\\\/#website\"},\"primaryImageOfPage\":{\"@id\":\"https:\\\/\\\/macalloy.com\\\/es\\\/nosotros\\\/#primaryimage\"},\"image\":{\"@id\":\"https:\\\/\\\/macalloy.com\\\/es\\\/nosotros\\\/#primaryimage\"},\"thumbnailUrl\":\"https:\\\/\\\/macalloystg.wpengine.com\\\/wp-content\\\/uploads\\\/2021\\\/09\\\/Macalloy_recruiting.jpeg\",\"datePublished\":\"2023-12-07T14:16:39+00:00\",\"dateModified\":\"2025-12-18T11:59:59+00:00\",\"description\":\"Con sede en el coraz\u00f3n de la industria sider\u00fargica del Reino Unido, Macalloy es l\u00edder mundial en la fabricaci\u00f3n de barras de acero de tensi\u00f3n roscadas y sistemas de cables.\",\"breadcrumb\":{\"@id\":\"https:\\\/\\\/macalloy.com\\\/es\\\/nosotros\\\/#breadcrumb\"},\"inLanguage\":\"es\",\"potentialAction\":[{\"@type\":\"ReadAction\",\"target\":[\"https:\\\/\\\/macalloy.com\\\/es\\\/nosotros\\\/\"]}]},{\"@type\":\"ImageObject\",\"inLanguage\":\"es\",\"@id\":\"https:\\\/\\\/macalloy.com\\\/es\\\/nosotros\\\/#primaryimage\",\"url\":\"https:\\\/\\\/macalloystg.wpengine.com\\\/wp-content\\\/uploads\\\/2021\\\/09\\\/Macalloy_recruiting.jpeg\",\"contentUrl\":\"https:\\\/\\\/macalloystg.wpengine.com\\\/wp-content\\\/uploads\\\/2021\\\/09\\\/Macalloy_recruiting.jpeg\"},{\"@type\":\"BreadcrumbList\",\"@id\":\"https:\\\/\\\/macalloy.com\\\/es\\\/nosotros\\\/#breadcrumb\",\"itemListElement\":[{\"@type\":\"ListItem\",\"position\":1,\"name\":\"Home\",\"item\":\"https:\\\/\\\/macalloy.com\\\/es\\\/pagina-de-inicio\\\/\"},{\"@type\":\"ListItem\",\"position\":2,\"name\":\"Nosotros\"}]},{\"@type\":\"WebSite\",\"@id\":\"https:\\\/\\\/macalloy.com\\\/es\\\/#website\",\"url\":\"https:\\\/\\\/macalloy.com\\\/es\\\/\",\"name\":\"Macalloy\",\"description\":\"Threaded Bar Systems Trusted Worldwide\",\"potentialAction\":[{\"@type\":\"SearchAction\",\"target\":{\"@type\":\"EntryPoint\",\"urlTemplate\":\"https:\\\/\\\/macalloy.com\\\/es\\\/?s={search_term_string}\"},\"query-input\":{\"@type\":\"PropertyValueSpecification\",\"valueRequired\":true,\"valueName\":\"search_term_string\"}}],\"inLanguage\":\"es\"}]}<\/script>\n<!-- \/ Yoast SEO plugin. -->","yoast_head_json":{"title":"Nosotros |","description":"Con sede en el coraz\u00f3n de la industria sider\u00fargica del Reino Unido, Macalloy es l\u00edder mundial en la fabricaci\u00f3n de barras de acero de tensi\u00f3n roscadas y sistemas de cables.","robots":{"index":"index","follow":"follow","max-snippet":"max-snippet:-1","max-image-preview":"max-image-preview:large","max-video-preview":"max-video-preview:-1"},"canonical":"https:\/\/macalloy.com\/es\/nosotros\/","og_locale":"es_ES","og_type":"article","og_title":"Nosotros |","og_description":"Con sede en el coraz\u00f3n de la industria sider\u00fargica del Reino Unido, Macalloy es l\u00edder mundial en la fabricaci\u00f3n de barras de acero de tensi\u00f3n roscadas y sistemas de cables.","og_url":"https:\/\/macalloy.com\/es\/nosotros\/","og_site_name":"Macalloy","article_modified_time":"2025-12-18T11:59:59+00:00","og_image":[{"width":800,"height":533,"url":"https:\/\/macalloy.com\/wp-content\/uploads\/2021\/09\/Macalloy_recruiting.jpeg","type":"image\/jpeg"}],"twitter_card":"summary_large_image","twitter_misc":{"Tiempo de lectura":"2 minutos"},"schema":{"@context":"https:\/\/schema.org","@graph":[{"@type":"WebPage","@id":"https:\/\/macalloy.com\/es\/nosotros\/","url":"https:\/\/macalloy.com\/es\/nosotros\/","name":"Nosotros |","isPartOf":{"@id":"https:\/\/macalloy.com\/es\/#website"},"primaryImageOfPage":{"@id":"https:\/\/macalloy.com\/es\/nosotros\/#primaryimage"},"image":{"@id":"https:\/\/macalloy.com\/es\/nosotros\/#primaryimage"},"thumbnailUrl":"https:\/\/macalloystg.wpengine.com\/wp-content\/uploads\/2021\/09\/Macalloy_recruiting.jpeg","datePublished":"2023-12-07T14:16:39+00:00","dateModified":"2025-12-18T11:59:59+00:00","description":"Con sede en el coraz\u00f3n de la industria sider\u00fargica del Reino Unido, Macalloy es l\u00edder mundial en la fabricaci\u00f3n de barras de acero de tensi\u00f3n roscadas y sistemas de cables.","breadcrumb":{"@id":"https:\/\/macalloy.com\/es\/nosotros\/#breadcrumb"},"inLanguage":"es","potentialAction":[{"@type":"ReadAction","target":["https:\/\/macalloy.com\/es\/nosotros\/"]}]},{"@type":"ImageObject","inLanguage":"es","@id":"https:\/\/macalloy.com\/es\/nosotros\/#primaryimage","url":"https:\/\/macalloystg.wpengine.com\/wp-content\/uploads\/2021\/09\/Macalloy_recruiting.jpeg","contentUrl":"https:\/\/macalloystg.wpengine.com\/wp-content\/uploads\/2021\/09\/Macalloy_recruiting.jpeg"},{"@type":"BreadcrumbList","@id":"https:\/\/macalloy.com\/es\/nosotros\/#breadcrumb","itemListElement":[{"@type":"ListItem","position":1,"name":"Home","item":"https:\/\/macalloy.com\/es\/pagina-de-inicio\/"},{"@type":"ListItem","position":2,"name":"Nosotros"}]},{"@type":"WebSite","@id":"https:\/\/macalloy.com\/es\/#website","url":"https:\/\/macalloy.com\/es\/","name":"Macalloy","description":"Threaded Bar Systems Trusted Worldwide","potentialAction":[{"@type":"SearchAction","target":{"@type":"EntryPoint","urlTemplate":"https:\/\/macalloy.com\/es\/?s={search_term_string}"},"query-input":{"@type":"PropertyValueSpecification","valueRequired":true,"valueName":"search_term_string"}}],"inLanguage":"es"}]}},"_links":{"self":[{"href":"https:\/\/macalloy.com\/es\/wp-json\/wp\/v2\/pages\/29392","targetHints":{"allow":["GET"]}}],"collection":[{"href":"https:\/\/macalloy.com\/es\/wp-json\/wp\/v2\/pages"}],"about":[{"href":"https:\/\/macalloy.com\/es\/wp-json\/wp\/v2\/types\/page"}],"author":[{"embeddable":true,"href":"https:\/\/macalloy.com\/es\/wp-json\/wp\/v2\/users\/4157"}],"replies":[{"embeddable":true,"href":"https:\/\/macalloy.com\/es\/wp-json\/wp\/v2\/comments?post=29392"}],"version-history":[{"count":0,"href":"https:\/\/macalloy.com\/es\/wp-json\/wp\/v2\/pages\/29392\/revisions"}],"wp:attachment":[{"href":"https:\/\/macalloy.com\/es\/wp-json\/wp\/v2\/media?parent=29392"}],"curies":[{"name":"wp","href":"https:\/\/api.w.org\/{rel}","templated":true}]}}