{"id":29393,"date":"2023-12-07T14:24:13","date_gmt":"2023-12-07T14:24:13","guid":{"rendered":"https:\/\/macalloy.com\/?page_id=29393"},"modified":"2025-06-12T15:45:52","modified_gmt":"2025-06-12T14:45:52","slug":"historia","status":"publish","type":"page","link":"https:\/\/macalloy.com\/es\/nosotros\/historia\/","title":{"rendered":"Historia"},"content":{"rendered":"\n<div style=\"height:50px\" aria-hidden=\"true\" class=\"wp-block-spacer\"><\/div>\n\n\n\n<div class=\"wp-block-media-text alignwide has-media-on-the-right is-stacked-on-mobile is-image-fill-element has-background-highlight-colour has-primary-900-background-color has-background animate animate has-background-highlight-image\"><figure class=\"wp-block-media-text__background-highlight-image\" style=\"background-image: url(https:\/\/macalloystg.wpengine.com\/wp-content\/uploads\/2021\/09\/background-image-100.jpg)\"><\/figure><div class=\"wp-block-media-text__content\">\n<h4 class=\"wp-block-heading has-neutral-0-color has-text-color animate animate--right\">Las ra\u00edces de Macalloy, con sede en Sheffield, el coraz\u00f3n de la industria sider\u00fargica brit\u00e1nica, se remontan a hace 100 a\u00f1os.<\/h4>\n<\/div><figure class=\"wp-block-media-text__media\"><img fetchpriority=\"high\" decoding=\"async\" width=\"1024\" height=\"731\" src=\"https:\/\/macalloystg.wpengine.com\/wp-content\/uploads\/2021\/10\/Renault-Building-1024x731.jpg\" alt=\"\" class=\"wp-image-2859 size-square\" style=\"object-position:50% 50%\" srcset=\"https:\/\/macalloy.com\/wp-content\/uploads\/2021\/10\/Renault-Building-1024x731.jpg 1024w, https:\/\/macalloy.com\/wp-content\/uploads\/2021\/10\/Renault-Building-600x429.jpg 600w, https:\/\/macalloy.com\/wp-content\/uploads\/2021\/10\/Renault-Building-300x214.jpg 300w, https:\/\/macalloy.com\/wp-content\/uploads\/2021\/10\/Renault-Building-768x548.jpg 768w, https:\/\/macalloy.com\/wp-content\/uploads\/2021\/10\/Renault-Building.jpg 1445w\" sizes=\"(max-width: 1024px) 100vw, 1024px\" \/><\/figure><\/div>\n\n\n\n<div style=\"height:50px\" aria-hidden=\"true\" class=\"wp-block-spacer\"><\/div>\n\n\n\n<figure class=\"wp-block-image size-large animate animate animate--delay-medium\"><img decoding=\"async\" width=\"1024\" height=\"687\" src=\"https:\/\/macalloystg.wpengine.com\/wp-content\/uploads\/2021\/10\/y09953-1024x687.jpg\" alt=\"Advertisement for McCall and Co. (Sheffield) Ltd, Templeborough\" class=\"wp-image-2920\" srcset=\"https:\/\/macalloy.com\/wp-content\/uploads\/2021\/10\/y09953-1024x687.jpg 1024w, https:\/\/macalloy.com\/wp-content\/uploads\/2021\/10\/y09953-600x402.jpg 600w, https:\/\/macalloy.com\/wp-content\/uploads\/2021\/10\/y09953-300x201.jpg 300w, https:\/\/macalloy.com\/wp-content\/uploads\/2021\/10\/y09953-768x515.jpg 768w, https:\/\/macalloy.com\/wp-content\/uploads\/2021\/10\/y09953-1536x1030.jpg 1536w, https:\/\/macalloy.com\/wp-content\/uploads\/2021\/10\/y09953.jpg 1794w\" sizes=\"(max-width: 1024px) 100vw, 1024px\" \/><\/figure>\n\n\n\n<div class=\"wp-block-columns is-layout-flex wp-container-core-columns-is-layout-9d6595d7 wp-block-columns-is-layout-flex\">\n<div class=\"wp-block-column animate animate--up is-layout-flow wp-block-column-is-layout-flow\">\n<p>En 1921, TH McCall, Edwin Llwewllyn Raworth y CW Hamilton fundaron McCalls and Company Limited en un almac\u00e9n de Queens Street, Sheffield. Suministraban barras y varillas de acero, muy demandadas por el creciente comercio del hormig\u00f3n. La empresa creci\u00f3 muy r\u00e1pidamente y se ampli\u00f3 al suministro de barras y varillas rectas o dobladas en longitudes cortadas.<\/p>\n\n\n\n<p>Debido a la creciente demanda, en 1927 la empresa se traslad\u00f3 a los cobertizos de ingenier\u00eda ferroviaria de Nunnery Lane, Sheffield.<\/p>\n\n\n\n<p>La empresa se asoci\u00f3 con United Strip Bar Mills y Templeborough Rolling Mills y compr\u00f3 barras en rollos. Templeborough Mills ayud\u00f3 a McCalls a financiar el traslado a una nueva f\u00e1brica en sus instalaciones el d\u00eda de Trafalgar, 21 de octubre de 1929, traslado que permiti\u00f3 a la empresa producir m\u00e1s di\u00e1metros de barras necesarios para la din\u00e1mica industria de la construcci\u00f3n.<\/p>\n\n\n\n<p>Durante las dos d\u00e9cadas siguientes, McCalls and Company Ltd se expandi\u00f3 a medida que aumentaba la demanda de sus productos y, en 1948, la empresa introdujo una barra &#8220;Post-Tension&#8221; para el nuevo mercado del hormig\u00f3n &#8220;Post-Tensionado&#8221;. Se trataba de una nueva tendencia en la construcci\u00f3n con hormig\u00f3n y la barra de postensado Macalloy tuvo un \u00e9xito inmediato. Las ventas de la barra de postensado aumentaron y en 1960 las barras de postensado Macalloy se utilizaron exclusivamente en la secci\u00f3n central de 500 pies del puente Medway en la autopista M2, el mayor puente de hormig\u00f3n pretensado del mundo en ese momento.<\/p>\n<\/div>\n\n\n\n<div class=\"wp-block-column animate animate--up animate--delay-short is-layout-flow wp-block-column-is-layout-flow\">\n<p>Posteriormente, en 1962, la empresa se convirti\u00f3 en filial al 100% de The United Steel Companies Ltd (que fue nacionalizada y se convirti\u00f3 en British Steel en 1968). En 1965 la empresa se traslad\u00f3 a unas instalaciones m\u00e1s grandes en la antigua f\u00e1brica de Yorkshire Engineering Company Ltd en Meadowhall Road, Sheffield. En 1966, las instalaciones de Meadowhall se sometieron a una importante remodelaci\u00f3n, aumentando la producci\u00f3n a 2.500 toneladas semanales e instalando dos nuevas v\u00edas continuas para soportar nuevas gr\u00faas el\u00e9ctricas que cubrieran toda la zona.<\/p>\n\n\n\n<p>En 1975, la empresa fue adquirida por ASW Allied Steel and Wire Ltd, que a su vez hab\u00eda surgido de la acer\u00eda de Tremorfa, en Cardiff. A continuaci\u00f3n, la empresa se traslad\u00f3 de nuevo a unas instalaciones m\u00e1s grandes en Hawke Street, Sheffield, lo que permiti\u00f3 a McCalls evolucionar y desarrollar nuevos productos, incluida una nueva gama de productos de pretensado arquitect\u00f3nico.<\/p>\n\n\n\n<p>En la d\u00e9cada de 1990, la empresa se introdujo en los mercados mundiales con el nombre de ASW y el de McCalls Special Products Ltd. (Productos Especiales McCalls). Unos a\u00f1os m\u00e1s tarde, ASW adquiri\u00f3 una empresa francesa, Arteon SA, que impuls\u00f3 la distribuci\u00f3n en Europa y la expansi\u00f3n a Alemania, Suiza y Austria.<\/p>\n\n\n\n<p>En esta \u00e9poca comenz\u00f3 el boom de la construcci\u00f3n en los mercados asi\u00e1ticos y los sistemas de postesado, tirantes y conectores arquitect\u00f3nicos Macalloy se utilizaron ampliamente en grandes proyectos en Hong Kong, Malasia, Singapur, Jap\u00f3n y Filipinas.<\/p>\n\n\n\n<p>En reconocimiento a los logros de la empresa, Macalloy fue galardonada con el Premio de la Reina a la Exportaci\u00f3n en 1996. En aquel momento, las exportaciones representaban el 65% de la producci\u00f3n de la empresa.<\/p>\n\n\n\n<p>En 2003, la empresa volvi\u00f3 a ser de propiedad privada tras una oferta p\u00fablica de adquisici\u00f3n bajo la direcci\u00f3n del actual Director General, Peter Hoy. En 2006, la empresa se traslad\u00f3 a una f\u00e1brica construida expresamente en el emplazamiento de Old Dinnington Colliery, donde permanece en la actualidad.<\/p>\n<\/div>\n<\/div>\n\n\n\n<div class=\"wp-block-columns is-layout-flex wp-container-core-columns-is-layout-9d6595d7 wp-block-columns-is-layout-flex\">\n<div class=\"wp-block-column animate animate--left is-layout-flow wp-block-column-is-layout-flow\">\n<h2 class=\"wp-block-heading h3 has-primary-900-color has-text-color\">Macalloy hoy<\/h2>\n\n\n\n<hr class=\"wp-block-separator has-text-color has-primary-900-color has-css-opacity has-primary-900-background-color has-background is-style-default animate animate--left\"\/>\n<\/div>\n\n\n\n<div class=\"wp-block-column is-layout-flow wp-block-column-is-layout-flow\"><\/div>\n<\/div>\n\n\n\n<figure class=\"wp-block-image size-large animate animate animate--delay-short\"><img decoding=\"async\" width=\"1024\" height=\"683\" src=\"https:\/\/macalloystg.wpengine.com\/wp-content\/uploads\/2021\/10\/macalloy-team-1024x683.jpg\" alt=\"\" class=\"wp-image-2855\" srcset=\"https:\/\/macalloy.com\/wp-content\/uploads\/2021\/10\/macalloy-team-1024x683.jpg 1024w, https:\/\/macalloy.com\/wp-content\/uploads\/2021\/10\/macalloy-team-600x400.jpg 600w, https:\/\/macalloy.com\/wp-content\/uploads\/2021\/10\/macalloy-team-300x200.jpg 300w, https:\/\/macalloy.com\/wp-content\/uploads\/2021\/10\/macalloy-team-768x512.jpg 768w, https:\/\/macalloy.com\/wp-content\/uploads\/2021\/10\/macalloy-team-1536x1024.jpg 1536w, https:\/\/macalloy.com\/wp-content\/uploads\/2021\/10\/macalloy-team.jpg 1920w\" sizes=\"(max-width: 1024px) 100vw, 1024px\" \/><\/figure>\n\n\n\n<div class=\"wp-block-columns is-layout-flex wp-container-core-columns-is-layout-9d6595d7 wp-block-columns-is-layout-flex\">\n<div class=\"wp-block-column animate animate--up is-layout-flow wp-block-column-is-layout-flow\">\n<p>Macalloy opera ahora desde unas instalaciones construidas expresamente en Dinnington, Sheffield. Este traslado ha permitido a la empresa aumentar su capacidad y seguir suministrando productos de la m\u00e1xima calidad, entre ellos:<\/p>\n\n\n\n<ul class=\"wp-block-list\">\n<li>Construcciones de sujeci\u00f3n<\/li>\n\n\n\n<li>Tecnolog\u00eda de fachadas<\/li>\n\n\n\n<li>Postensado<\/li>\n\n\n\n<li>Ingenier\u00eda del suelo<\/li>\n<\/ul>\n\n\n\n<p>A lo largo de los a\u00f1os, Macalloy ha establecido s\u00f3lidas alianzas comerciales y ofrece una amplia gama de productos y servicios a ingenieros consultores y arquitectos.<\/p>\n<\/div>\n\n\n\n<div class=\"wp-block-column animate animate--up animate--delay-short is-layout-flow wp-block-column-is-layout-flow\">\n<p>Nuestra cadena de suministro se expande a\u00fan m\u00e1s gracias a una red internacional de representantes y distribuidores de Macalloy para garantizar un crecimiento continuo en el mercado global.<\/p>\n\n\n\n<p>Los productos Macalloy se utilizan en toda la industria de la construcci\u00f3n y se pueden encontrar en numerosos proyectos prestigiosos en todo el mundo, incluyendo cuatro estadios de la Copa Mundial de la FIFA en Rusia, el hotel de<a href=\"https:\/\/macalloy.com\/es\/project\/hotel-burj-al-arab-dubai\/\"> 7 estrellas Burj Al-Arab en Dub\u00e1i<\/a>, <a href=\"https:\/\/macalloy.com\/es\/project\/marina-bay-sands-singapore\/\">Marina Bay Sands en Singapur<\/a> y el <a href=\"https:\/\/macalloy.com\/es\/project\/puente-golden-jubilee-londres\/\">Puente Jubilee en Londres.<\/a><\/p>\n<\/div>\n<\/div>\n\n\n\n<div class=\"wp-block-group alignfull has-neutral-0-color has-primary-900-background-color has-text-color has-background animate animate--up\"><div class=\"wp-block-group__inner-container is-layout-flow wp-block-group-is-layout-flow\">\n<p><\/p>\n\n\n\n<div style=\"height:90px\" aria-hidden=\"true\" class=\"wp-block-spacer\"><\/div>\n\n\n\n<div class=\"wp-block-columns alignwide is-layout-flex wp-container-core-columns-is-layout-9d6595d7 wp-block-columns-is-layout-flex\">\n<div class=\"wp-block-column is-layout-flow wp-block-column-is-layout-flow\" style=\"flex-basis:80%\">\n<h5 class=\"wp-block-heading animate animate--up animate--delay-short\">&#8220;Nuestra empresa ha crecido a lo largo de los a\u00f1os, pero nuestros valores fundamentales siguen siendo los mismos. Siempre hemos estado comprometidos con un excelente servicio al cliente y productos de alta calidad. Estoy orgulloso del entusiasmo de nuestro equipo y de su voluntad de evolucionar para satisfacer las demandas siempre cambiantes del sector de la construcci\u00f3n.&#8221;<\/h5>\n\n\n\n<p class=\"animate animate--up animate--delay-medium\">&#8211; Peter Hoy Director General<\/p>\n<\/div>\n\n\n\n<div class=\"wp-block-column is-layout-flow wp-block-column-is-layout-flow\" style=\"flex-basis:20%\"><\/div>\n<\/div>\n\n\n\n<div style=\"height:25px\" aria-hidden=\"true\" class=\"wp-block-spacer\"><\/div>\n\n\n\n<div class=\"wp-block-cover is-light is-style-breakout animate animate animate--delay-medium\"><span aria-hidden=\"true\" class=\"wp-block-cover__background has-background-dim-0 has-background-dim\"><\/span><img loading=\"lazy\" decoding=\"async\" width=\"1920\" height=\"1280\" class=\"wp-block-cover__image-background wp-image-2253\" alt=\"\" src=\"https:\/\/macalloystg.wpengine.com\/wp-content\/uploads\/2021\/09\/Peter-Hoy-Macalloy.jpg\" style=\"object-position:31% 35%\" data-object-fit=\"cover\" data-object-position=\"31% 35%\" srcset=\"https:\/\/macalloy.com\/wp-content\/uploads\/2021\/09\/Peter-Hoy-Macalloy.jpg 1920w, https:\/\/macalloy.com\/wp-content\/uploads\/2021\/09\/Peter-Hoy-Macalloy-600x400.jpg 600w, https:\/\/macalloy.com\/wp-content\/uploads\/2021\/09\/Peter-Hoy-Macalloy-300x200.jpg 300w, https:\/\/macalloy.com\/wp-content\/uploads\/2021\/09\/Peter-Hoy-Macalloy-1024x683.jpg 1024w, https:\/\/macalloy.com\/wp-content\/uploads\/2021\/09\/Peter-Hoy-Macalloy-768x512.jpg 768w, https:\/\/macalloy.com\/wp-content\/uploads\/2021\/09\/Peter-Hoy-Macalloy-1536x1024.jpg 1536w\" sizes=\"(max-width: 1920px) 100vw, 1920px\" \/><div class=\"wp-block-cover__inner-container is-layout-flow wp-block-cover-is-layout-flow\">\n<p class=\"has-text-align-center has-large-font-size\"><\/p>\n<\/div><\/div>\n<\/div><\/div>\n\n\n\n<div class=\"wp-block-cover alignfull is-light mt-0 mb-0 animate animate--up\" style=\"min-height:600px;aspect-ratio:unset;\"><span aria-hidden=\"true\" class=\"wp-block-cover__background has-background-dim-30 has-background-dim\"><\/span><img loading=\"lazy\" decoding=\"async\" width=\"1920\" height=\"1280\" class=\"wp-block-cover__image-background wp-image-2035\" alt=\"\" src=\"https:\/\/macalloystg.wpengine.com\/wp-content\/uploads\/2021\/09\/Macalloy-112A2129.jpg\" style=\"object-position:58% 68%\" data-object-fit=\"cover\" data-object-position=\"58% 68%\" srcset=\"https:\/\/macalloy.com\/wp-content\/uploads\/2021\/09\/Macalloy-112A2129.jpg 1920w, https:\/\/macalloy.com\/wp-content\/uploads\/2021\/09\/Macalloy-112A2129-600x400.jpg 600w, https:\/\/macalloy.com\/wp-content\/uploads\/2021\/09\/Macalloy-112A2129-300x200.jpg 300w, https:\/\/macalloy.com\/wp-content\/uploads\/2021\/09\/Macalloy-112A2129-1024x683.jpg 1024w, https:\/\/macalloy.com\/wp-content\/uploads\/2021\/09\/Macalloy-112A2129-768x512.jpg 768w, https:\/\/macalloy.com\/wp-content\/uploads\/2021\/09\/Macalloy-112A2129-1536x1024.jpg 1536w\" sizes=\"(max-width: 1920px) 100vw, 1920px\" \/><div class=\"wp-block-cover__inner-container is-layout-flow wp-block-cover-is-layout-flow\">\n<div class=\"wp-block-columns alignwide is-layout-flex wp-container-core-columns-is-layout-9d6595d7 wp-block-columns-is-layout-flex\">\n<div class=\"wp-block-column is-layout-flow wp-block-column-is-layout-flow\">\n<h4 class=\"wp-block-heading has-neutral-0-color has-text-color animate animate--right animate--delay-short\">\u00bfQuiere hablar de un proyecto?<\/h4>\n\n\n\n<h2 class=\"wp-block-heading mb-1 h1 has-neutral-0-color has-text-color animate animate--left animate--delay-medium\">+44 (0)1909 519 200<\/h2>\n\n\n\n<p class=\"has-neutral-0-color has-text-color animate animate--left animate--delay-long\">Ll\u00e1menos o utilice el chat en directo para obtener una respuesta r\u00e1pida.<\/p>\n<\/div>\n\n\n\n<div class=\"wp-block-column is-layout-flow wp-block-column-is-layout-flow\"><\/div>\n<\/div>\n<\/div><\/div>\n","protected":false},"excerpt":{"rendered":"<p>Las ra\u00edces de Macalloy, con sede en Sheffield, el coraz\u00f3n de la industria sider\u00fargica brit\u00e1nica, se remontan a hace 100 a\u00f1os. En 1921, TH McCall, Edwin Llwewllyn Raworth y CW Hamilton fundaron McCalls and Company Limited en un almac\u00e9n de Queens Street, Sheffield. Suministraban barras y varillas de acero, muy demandadas por el creciente comercio [&hellip;]<\/p>\n","protected":false},"author":4157,"featured_media":0,"parent":29392,"menu_order":0,"comment_status":"closed","ping_status":"closed","template":"","meta":{"footnotes":""},"class_list":["hentry","page"],"yoast_head":"<!-- This site is optimized with the Yoast SEO plugin v27.5 - https:\/\/yoast.com\/product\/yoast-seo-wordpress\/ -->\n<title>Historia |<\/title>\n<meta name=\"description\" content=\"Con sede en Sheffield, en el coraz\u00f3n de la industria sider\u00fargica del Reino Unido, las ra\u00edces de Macalloy se remontan a hace 100 a\u00f1os. Descubra hoy nuestra historia.\" \/>\n<meta name=\"robots\" content=\"index, follow, max-snippet:-1, max-image-preview:large, max-video-preview:-1\" \/>\n<link rel=\"canonical\" href=\"https:\/\/macalloy.com\/es\/nosotros\/historia\/\" \/>\n<meta property=\"og:locale\" content=\"es_ES\" \/>\n<meta property=\"og:type\" content=\"article\" \/>\n<meta property=\"og:title\" content=\"Historia |\" \/>\n<meta property=\"og:description\" content=\"Con sede en Sheffield, en el coraz\u00f3n de la industria sider\u00fargica del Reino Unido, las ra\u00edces de Macalloy se remontan a hace 100 a\u00f1os. Descubra hoy nuestra historia.\" \/>\n<meta property=\"og:url\" content=\"https:\/\/macalloy.com\/es\/nosotros\/historia\/\" \/>\n<meta property=\"og:site_name\" content=\"Macalloy\" \/>\n<meta property=\"article:modified_time\" content=\"2025-06-12T14:45:52+00:00\" \/>\n<meta property=\"og:image\" content=\"https:\/\/macalloy.com\/wp-content\/uploads\/2021\/10\/Renault-Building.jpg\" \/>\n\t<meta property=\"og:image:width\" content=\"1445\" \/>\n\t<meta property=\"og:image:height\" content=\"1032\" \/>\n\t<meta property=\"og:image:type\" content=\"image\/jpeg\" \/>\n<meta name=\"twitter:card\" content=\"summary_large_image\" \/>\n<meta name=\"twitter:label1\" content=\"Tiempo de lectura\" \/>\n\t<meta name=\"twitter:data1\" content=\"4 minutos\" \/>\n<script type=\"application\/ld+json\" class=\"yoast-schema-graph\">{\"@context\":\"https:\\\/\\\/schema.org\",\"@graph\":[{\"@type\":\"WebPage\",\"@id\":\"https:\\\/\\\/macalloy.com\\\/es\\\/nosotros\\\/historia\\\/\",\"url\":\"https:\\\/\\\/macalloy.com\\\/es\\\/nosotros\\\/historia\\\/\",\"name\":\"Historia |\",\"isPartOf\":{\"@id\":\"https:\\\/\\\/macalloy.com\\\/es\\\/#website\"},\"primaryImageOfPage\":{\"@id\":\"https:\\\/\\\/macalloy.com\\\/es\\\/nosotros\\\/historia\\\/#primaryimage\"},\"image\":{\"@id\":\"https:\\\/\\\/macalloy.com\\\/es\\\/nosotros\\\/historia\\\/#primaryimage\"},\"thumbnailUrl\":\"https:\\\/\\\/macalloystg.wpengine.com\\\/wp-content\\\/uploads\\\/2021\\\/10\\\/Renault-Building-1024x731.jpg\",\"datePublished\":\"2023-12-07T14:24:13+00:00\",\"dateModified\":\"2025-06-12T14:45:52+00:00\",\"description\":\"Con sede en Sheffield, en el coraz\u00f3n de la industria sider\u00fargica del Reino Unido, las ra\u00edces de Macalloy se remontan a hace 100 a\u00f1os. Descubra hoy nuestra historia.\",\"breadcrumb\":{\"@id\":\"https:\\\/\\\/macalloy.com\\\/es\\\/nosotros\\\/historia\\\/#breadcrumb\"},\"inLanguage\":\"es\",\"potentialAction\":[{\"@type\":\"ReadAction\",\"target\":[\"https:\\\/\\\/macalloy.com\\\/es\\\/nosotros\\\/historia\\\/\"]}]},{\"@type\":\"ImageObject\",\"inLanguage\":\"es\",\"@id\":\"https:\\\/\\\/macalloy.com\\\/es\\\/nosotros\\\/historia\\\/#primaryimage\",\"url\":\"https:\\\/\\\/macalloystg.wpengine.com\\\/wp-content\\\/uploads\\\/2021\\\/10\\\/Renault-Building-1024x731.jpg\",\"contentUrl\":\"https:\\\/\\\/macalloystg.wpengine.com\\\/wp-content\\\/uploads\\\/2021\\\/10\\\/Renault-Building-1024x731.jpg\"},{\"@type\":\"BreadcrumbList\",\"@id\":\"https:\\\/\\\/macalloy.com\\\/es\\\/nosotros\\\/historia\\\/#breadcrumb\",\"itemListElement\":[{\"@type\":\"ListItem\",\"position\":1,\"name\":\"Home\",\"item\":\"https:\\\/\\\/macalloy.com\\\/es\\\/pagina-de-inicio\\\/\"},{\"@type\":\"ListItem\",\"position\":2,\"name\":\"Nosotros\",\"item\":\"https:\\\/\\\/macalloy.com\\\/es\\\/nosotros\\\/\"},{\"@type\":\"ListItem\",\"position\":3,\"name\":\"Historia\"}]},{\"@type\":\"WebSite\",\"@id\":\"https:\\\/\\\/macalloy.com\\\/es\\\/#website\",\"url\":\"https:\\\/\\\/macalloy.com\\\/es\\\/\",\"name\":\"Macalloy\",\"description\":\"Threaded Bar Systems Trusted Worldwide\",\"potentialAction\":[{\"@type\":\"SearchAction\",\"target\":{\"@type\":\"EntryPoint\",\"urlTemplate\":\"https:\\\/\\\/macalloy.com\\\/es\\\/?s={search_term_string}\"},\"query-input\":{\"@type\":\"PropertyValueSpecification\",\"valueRequired\":true,\"valueName\":\"search_term_string\"}}],\"inLanguage\":\"es\"}]}<\/script>\n<!-- \/ Yoast SEO plugin. -->","yoast_head_json":{"title":"Historia |","description":"Con sede en Sheffield, en el coraz\u00f3n de la industria sider\u00fargica del Reino Unido, las ra\u00edces de Macalloy se remontan a hace 100 a\u00f1os. Descubra hoy nuestra historia.","robots":{"index":"index","follow":"follow","max-snippet":"max-snippet:-1","max-image-preview":"max-image-preview:large","max-video-preview":"max-video-preview:-1"},"canonical":"https:\/\/macalloy.com\/es\/nosotros\/historia\/","og_locale":"es_ES","og_type":"article","og_title":"Historia |","og_description":"Con sede en Sheffield, en el coraz\u00f3n de la industria sider\u00fargica del Reino Unido, las ra\u00edces de Macalloy se remontan a hace 100 a\u00f1os. Descubra hoy nuestra historia.","og_url":"https:\/\/macalloy.com\/es\/nosotros\/historia\/","og_site_name":"Macalloy","article_modified_time":"2025-06-12T14:45:52+00:00","og_image":[{"width":1445,"height":1032,"url":"https:\/\/macalloy.com\/wp-content\/uploads\/2021\/10\/Renault-Building.jpg","type":"image\/jpeg"}],"twitter_card":"summary_large_image","twitter_misc":{"Tiempo de lectura":"4 minutos"},"schema":{"@context":"https:\/\/schema.org","@graph":[{"@type":"WebPage","@id":"https:\/\/macalloy.com\/es\/nosotros\/historia\/","url":"https:\/\/macalloy.com\/es\/nosotros\/historia\/","name":"Historia |","isPartOf":{"@id":"https:\/\/macalloy.com\/es\/#website"},"primaryImageOfPage":{"@id":"https:\/\/macalloy.com\/es\/nosotros\/historia\/#primaryimage"},"image":{"@id":"https:\/\/macalloy.com\/es\/nosotros\/historia\/#primaryimage"},"thumbnailUrl":"https:\/\/macalloystg.wpengine.com\/wp-content\/uploads\/2021\/10\/Renault-Building-1024x731.jpg","datePublished":"2023-12-07T14:24:13+00:00","dateModified":"2025-06-12T14:45:52+00:00","description":"Con sede en Sheffield, en el coraz\u00f3n de la industria sider\u00fargica del Reino Unido, las ra\u00edces de Macalloy se remontan a hace 100 a\u00f1os. Descubra hoy nuestra historia.","breadcrumb":{"@id":"https:\/\/macalloy.com\/es\/nosotros\/historia\/#breadcrumb"},"inLanguage":"es","potentialAction":[{"@type":"ReadAction","target":["https:\/\/macalloy.com\/es\/nosotros\/historia\/"]}]},{"@type":"ImageObject","inLanguage":"es","@id":"https:\/\/macalloy.com\/es\/nosotros\/historia\/#primaryimage","url":"https:\/\/macalloystg.wpengine.com\/wp-content\/uploads\/2021\/10\/Renault-Building-1024x731.jpg","contentUrl":"https:\/\/macalloystg.wpengine.com\/wp-content\/uploads\/2021\/10\/Renault-Building-1024x731.jpg"},{"@type":"BreadcrumbList","@id":"https:\/\/macalloy.com\/es\/nosotros\/historia\/#breadcrumb","itemListElement":[{"@type":"ListItem","position":1,"name":"Home","item":"https:\/\/macalloy.com\/es\/pagina-de-inicio\/"},{"@type":"ListItem","position":2,"name":"Nosotros","item":"https:\/\/macalloy.com\/es\/nosotros\/"},{"@type":"ListItem","position":3,"name":"Historia"}]},{"@type":"WebSite","@id":"https:\/\/macalloy.com\/es\/#website","url":"https:\/\/macalloy.com\/es\/","name":"Macalloy","description":"Threaded Bar Systems Trusted Worldwide","potentialAction":[{"@type":"SearchAction","target":{"@type":"EntryPoint","urlTemplate":"https:\/\/macalloy.com\/es\/?s={search_term_string}"},"query-input":{"@type":"PropertyValueSpecification","valueRequired":true,"valueName":"search_term_string"}}],"inLanguage":"es"}]}},"_links":{"self":[{"href":"https:\/\/macalloy.com\/es\/wp-json\/wp\/v2\/pages\/29393","targetHints":{"allow":["GET"]}}],"collection":[{"href":"https:\/\/macalloy.com\/es\/wp-json\/wp\/v2\/pages"}],"about":[{"href":"https:\/\/macalloy.com\/es\/wp-json\/wp\/v2\/types\/page"}],"author":[{"embeddable":true,"href":"https:\/\/macalloy.com\/es\/wp-json\/wp\/v2\/users\/4157"}],"replies":[{"embeddable":true,"href":"https:\/\/macalloy.com\/es\/wp-json\/wp\/v2\/comments?post=29393"}],"version-history":[{"count":0,"href":"https:\/\/macalloy.com\/es\/wp-json\/wp\/v2\/pages\/29393\/revisions"}],"up":[{"embeddable":true,"href":"https:\/\/macalloy.com\/es\/wp-json\/wp\/v2\/pages\/29392"}],"wp:attachment":[{"href":"https:\/\/macalloy.com\/es\/wp-json\/wp\/v2\/media?parent=29393"}],"curies":[{"name":"wp","href":"https:\/\/api.w.org\/{rel}","templated":true}]}}