{"id":29430,"date":"2023-12-12T13:11:37","date_gmt":"2023-12-12T13:11:37","guid":{"rendered":"https:\/\/macalloy.com\/?page_id=29430"},"modified":"2026-04-17T08:37:21","modified_gmt":"2026-04-17T07:37:21","slug":"conozca-al-equipo","status":"publish","type":"page","link":"https:\/\/macalloy.com\/es\/nosotros\/conozca-al-equipo\/","title":{"rendered":"Conozca al equipo"},"content":{"rendered":"\n<div class=\"wp-block-group alignfull mt-0\"><div class=\"wp-block-group__inner-container is-layout-flow wp-block-group-is-layout-flow\">\n<div class=\"wp-block-columns alignwide mt-0 has-neutral-0-color has-primary-900-background-color has-text-color has-background is-layout-flex wp-container-core-columns-is-layout-9d6595d7 wp-block-columns-is-layout-flex\">\n<div class=\"wp-block-column is-layout-flow wp-block-column-is-layout-flow\">\n<div class=\"wp-block-macalloy-team animate animate\"><img decoding=\"async\" class=\"wp-block-macalloy-team__image\" src=\"https:\/\/macalloystg.wpengine.com\/wp-content\/uploads\/2021\/10\/Steve-Renfrew-Macalloy-600x700.jpg\" alt=\"Steve-Renfrew-Macalloy\"\/><div class=\"wp-block-macalloy-team__detail\"><h5 class=\"wp-block-macalloy-team__name\">Steve Renfrew<\/h5><p class=\"wp-block-macalloy-team__role\">Jefe de ventas de zona<\/p><ul class=\"wp-block-macalloy-team__social-media\"><li><a target=\"_blank\" rel=\"noopener\" href=\"https:\/\/pt.linkedin.com\/in\/stephen-renfrew-42538836\" class=\"wp-block-macalloy-team__linkedin\"><svg viewBox=\"0 0 100 100\" class=\"icon\"><use href=\"#icon-social--linkedin\"><\/use><\/svg><\/a><\/li><li><a target=\"_blank\" rel=\"noopener\" href=\"tel:+351937376858\" class=\"wp-block-macalloy-team__phone\"><svg viewBox=\"0 0 100 100\" class=\"icon\"><use href=\"#icon-mobile\"><\/use><\/svg><\/a><\/li><li><a target=\"_blank\" rel=\"noopener\" href=\"mailto:srenfrew@macalloy3dev.wpenginepowered.com\" class=\"wp-block-macalloy-team__email\"><svg viewBox=\"0 0 100 100\" class=\"icon\"><use href=\"#icon-email\"><\/use><\/svg><\/a><\/li><\/ul><\/div><\/div>\n<\/div>\n\n\n\n<div class=\"wp-block-column is-layout-flow wp-block-column-is-layout-flow\">\n<div class=\"wp-block-macalloy-team animate animate\"><img decoding=\"async\" class=\"wp-block-macalloy-team__image\" src=\"https:\/\/macalloystg.wpengine.com\/wp-content\/uploads\/2021\/10\/Stewart-Lidster-Macalloy-600x700.jpg\" alt=\"Stewart-Lidster-Macalloy\"\/><div class=\"wp-block-macalloy-team__detail\"><h5 class=\"wp-block-macalloy-team__name\">Stewart Lidster<\/h5><p class=\"wp-block-macalloy-team__role\">Director de ventas de exportaci\u00f3n<\/p><ul class=\"wp-block-macalloy-team__social-media\"><li><a target=\"_blank\" rel=\"noopener\" href=\"https:\/\/uk.linkedin.com\/in\/stewart-lidster-0b614a36\" class=\"wp-block-macalloy-team__linkedin\"><svg viewBox=\"0 0 100 100\" class=\"icon\"><use href=\"#icon-social--linkedin\"><\/use><\/svg><\/a><\/li><li><a target=\"_blank\" rel=\"noopener\" href=\"tel:+441909519216\" class=\"wp-block-macalloy-team__phone\"><svg viewBox=\"0 0 100 100\" class=\"icon\"><use href=\"#icon-mobile\"><\/use><\/svg><\/a><\/li><li><a target=\"_blank\" rel=\"noopener\" href=\"mailto:slidster@macalloy3dev.wpenginepowered.com\" class=\"wp-block-macalloy-team__email\"><svg viewBox=\"0 0 100 100\" class=\"icon\"><use href=\"#icon-email\"><\/use><\/svg><\/a><\/li><\/ul><\/div><\/div>\n<\/div>\n\n\n\n<div class=\"wp-block-column is-layout-flow wp-block-column-is-layout-flow\">\n<div class=\"wp-block-macalloy-team animate animate animate--delay-short\"><img decoding=\"async\" class=\"wp-block-macalloy-team__image\" src=\"https:\/\/macalloy.com\/wp-content\/uploads\/2021\/09\/Mark-Ellis-600x700.jpg\" alt=\"Mark Ellis\"\/><div class=\"wp-block-macalloy-team__detail\"><h5 class=\"wp-block-macalloy-team__name\">Mark Ellis<\/h5><p class=\"wp-block-macalloy-team__role\">Director de Desarrollo de Negocio<\/p><ul class=\"wp-block-macalloy-team__social-media\"><li><a target=\"_blank\" rel=\"noopener\" href=\"www.linkedin.com\/in\/mark-ellis-3920a026\" class=\"wp-block-macalloy-team__linkedin\"><svg viewBox=\"0 0 100 100\" class=\"icon\"><use href=\"#icon-social--linkedin\"><\/use><\/svg><\/a><\/li><li><a target=\"_blank\" rel=\"noopener\" href=\"tel:+447391417035\" class=\"wp-block-macalloy-team__phone\"><svg viewBox=\"0 0 100 100\" class=\"icon\"><use href=\"#icon-mobile\"><\/use><\/svg><\/a><\/li><li><a target=\"_blank\" rel=\"noopener\" href=\"mailto:mellis@macalloy3dev.wpenginepowered.com\" class=\"wp-block-macalloy-team__email\"><svg viewBox=\"0 0 100 100\" class=\"icon\"><use href=\"#icon-email\"><\/use><\/svg><\/a><\/li><\/ul><\/div><\/div>\n<\/div>\n\n\n\n<div class=\"wp-block-column is-layout-flow wp-block-column-is-layout-flow\"><\/div>\n<\/div>\n\n\n\n<div class=\"wp-block-columns alignwide has-neutral-0-color has-primary-900-background-color has-text-color has-background animate--delay-medium is-layout-flex wp-container-core-columns-is-layout-9d6595d7 wp-block-columns-is-layout-flex\">\n<div class=\"wp-block-column is-layout-flow wp-block-column-is-layout-flow\">\n<div class=\"wp-block-macalloy-team animate animate animate--delay-short\"><img decoding=\"async\" class=\"wp-block-macalloy-team__image\" src=\"https:\/\/macalloystg.wpengine.com\/wp-content\/uploads\/2021\/10\/Harry-Smith-Macalloy-600x700.jpg\" alt=\"Harry-Smith-Macalloy\"\/><div class=\"wp-block-macalloy-team__detail\"><h5 class=\"wp-block-macalloy-team__name\">Harry Smith<\/h5><p class=\"wp-block-macalloy-team__role\">Ingeniero de dise\u00f1o mec\u00e1nico<\/p><ul class=\"wp-block-macalloy-team__social-media\"><li><a target=\"_blank\" rel=\"noopener\" href=\"https:\/\/uk.linkedin.com\/in\/harry-smith-844019ab\" class=\"wp-block-macalloy-team__linkedin\"><svg viewBox=\"0 0 100 100\" class=\"icon\"><use href=\"#icon-social--linkedin\"><\/use><\/svg><\/a><\/li><li><a target=\"_blank\" rel=\"noopener\" href=\"tel:+441909519213\" class=\"wp-block-macalloy-team__phone\"><svg viewBox=\"0 0 100 100\" class=\"icon\"><use href=\"#icon-mobile\"><\/use><\/svg><\/a><\/li><li><a target=\"_blank\" rel=\"noopener\" href=\"mailto:hsmith@macalloy3dev.wpenginepowered.com\" class=\"wp-block-macalloy-team__email\"><svg viewBox=\"0 0 100 100\" class=\"icon\"><use href=\"#icon-email\"><\/use><\/svg><\/a><\/li><\/ul><\/div><\/div>\n<\/div>\n\n\n\n<div class=\"wp-block-column is-layout-flow wp-block-column-is-layout-flow\">\n<div class=\"wp-block-macalloy-team animate animate animate--delay-short\"><img decoding=\"async\" class=\"wp-block-macalloy-team__image\" src=\"https:\/\/macalloystg.wpengine.com\/wp-content\/uploads\/2021\/10\/Chris-Jaycoba-Macalloy-1-600x700.jpg\" alt=\"Chris-Jaycoba-Macalloy\"\/><div class=\"wp-block-macalloy-team__detail\"><h5 class=\"wp-block-macalloy-team__name\">Chris Jayeoba<\/h5><p class=\"wp-block-macalloy-team__role\">Responsable t\u00e9cnico de servicios en Obra<\/p><ul class=\"wp-block-macalloy-team__social-media\"><li><a target=\"_blank\" rel=\"noopener\" href=\"https:\/\/uk.linkedin.com\/in\/chris-jayeoba-233b3473\" class=\"wp-block-macalloy-team__linkedin\"><svg viewBox=\"0 0 100 100\" class=\"icon\"><use href=\"#icon-social--linkedin\"><\/use><\/svg><\/a><\/li><li><a target=\"_blank\" rel=\"noopener\" href=\"tel:+441909519219\" class=\"wp-block-macalloy-team__phone\"><svg viewBox=\"0 0 100 100\" class=\"icon\"><use href=\"#icon-mobile\"><\/use><\/svg><\/a><\/li><li><a target=\"_blank\" rel=\"noopener\" href=\"mailto:c.jayeoba@macalloy3dev.wpenginepowered.com\" class=\"wp-block-macalloy-team__email\"><svg viewBox=\"0 0 100 100\" class=\"icon\"><use href=\"#icon-email\"><\/use><\/svg><\/a><\/li><\/ul><\/div><\/div>\n<\/div>\n\n\n\n<div class=\"wp-block-column is-layout-flow wp-block-column-is-layout-flow\">\n<div class=\"wp-block-macalloy-team animate animate animate--delay-medium\"><img decoding=\"async\" class=\"wp-block-macalloy-team__image\" src=\"https:\/\/macalloystg.wpengine.com\/wp-content\/uploads\/2021\/10\/Elliot-Hoy-Macalloy-1-600x700.jpg\" alt=\"Elliot-Hoy-Macalloy\"\/><div class=\"wp-block-macalloy-team__detail\"><h5 class=\"wp-block-macalloy-team__name\">Elliot Hoy<\/h5><p class=\"wp-block-macalloy-team__role\">Ingeniero<\/p><ul class=\"wp-block-macalloy-team__social-media\"><li><a target=\"_blank\" rel=\"noopener\" href=\"https:\/\/uk.linkedin.com\/in\/elliothoy\" class=\"wp-block-macalloy-team__linkedin\"><svg viewBox=\"0 0 100 100\" class=\"icon\"><use href=\"#icon-social--linkedin\"><\/use><\/svg><\/a><\/li><li><a target=\"_blank\" rel=\"noopener\" href=\"tel:+441909519223\" class=\"wp-block-macalloy-team__phone\"><svg viewBox=\"0 0 100 100\" class=\"icon\"><use href=\"#icon-mobile\"><\/use><\/svg><\/a><\/li><li><a target=\"_blank\" rel=\"noopener\" href=\"mailto:e.hoy@macalloy3dev.wpenginepowered.com\" class=\"wp-block-macalloy-team__email\"><svg viewBox=\"0 0 100 100\" class=\"icon\"><use href=\"#icon-email\"><\/use><\/svg><\/a><\/li><\/ul><\/div><\/div>\n<\/div>\n\n\n\n<div class=\"wp-block-column is-layout-flow wp-block-column-is-layout-flow\">\n<div class=\"wp-block-macalloy-team animate animate animate--delay-medium\"><img decoding=\"async\" class=\"wp-block-macalloy-team__image\" src=\"https:\/\/macalloy.com\/wp-content\/uploads\/2024\/01\/simoncopy-600x700.jpg\" alt=\"1\"\/><div class=\"wp-block-macalloy-team__detail\"><h5 class=\"wp-block-macalloy-team__name\">Simon Lipski <\/h5><p class=\"wp-block-macalloy-team__role\">Responsable de Aseguramiento de la Calidad<\/p><ul class=\"wp-block-macalloy-team__social-media\"><li><a target=\"_blank\" rel=\"noopener\" href=\"tel:+441909519211\" class=\"wp-block-macalloy-team__phone\"><svg viewBox=\"0 0 100 100\" class=\"icon\"><use href=\"#icon-mobile\"><\/use><\/svg><\/a><\/li><li><a target=\"_blank\" rel=\"noopener\" href=\"mailto:slipski@macalloy3dev.wpenginepowered.com\" class=\"wp-block-macalloy-team__email\"><svg viewBox=\"0 0 100 100\" class=\"icon\"><use href=\"#icon-email\"><\/use><\/svg><\/a><\/li><\/ul><\/div><\/div>\n<\/div>\n<\/div>\n\n\n\n<div class=\"wp-block-columns alignwide has-neutral-0-color has-primary-900-background-color has-text-color has-background animate--delay-medium is-layout-flex wp-container-core-columns-is-layout-9d6595d7 wp-block-columns-is-layout-flex\">\n<div class=\"wp-block-column is-layout-flow wp-block-column-is-layout-flow\">\n<div class=\"wp-block-macalloy-team animate animate animate--delay-medium\"><img decoding=\"async\" class=\"wp-block-macalloy-team__image\" src=\"https:\/\/macalloy.com\/wp-content\/uploads\/2023\/10\/Chris-Dobson-1500-600x700.webp\" alt=\"Chris Dobson - Macalloy\"\/><div class=\"wp-block-macalloy-team__detail\"><h5 class=\"wp-block-macalloy-team__name\">Chris Dobson<\/h5><p class=\"wp-block-macalloy-team__role\">Jefe de obra\/servicios en obra<\/p><ul class=\"wp-block-macalloy-team__social-media\"><li><a target=\"_blank\" rel=\"noopener\" href=\"tel:+447471036138\" class=\"wp-block-macalloy-team__phone\"><svg viewBox=\"0 0 100 100\" class=\"icon\"><use href=\"#icon-mobile\"><\/use><\/svg><\/a><\/li><li><a target=\"_blank\" rel=\"noopener\" href=\"mailto:c.dobson@macalloy3dev.wpenginepowered.com\" class=\"wp-block-macalloy-team__email\"><svg viewBox=\"0 0 100 100\" class=\"icon\"><use href=\"#icon-email\"><\/use><\/svg><\/a><\/li><\/ul><\/div><\/div>\n<\/div>\n\n\n\n<div class=\"wp-block-column is-layout-flow wp-block-column-is-layout-flow\">\n<div class=\"wp-block-macalloy-team animate animate animate--delay-long\"><img decoding=\"async\" class=\"wp-block-macalloy-team__image\" src=\"https:\/\/macalloy.com\/wp-content\/uploads\/2023\/10\/Nathan-Buckingham-1500-600x700.webp\" alt=\"Nathan Buckingham - Macalloy\"\/><div class=\"wp-block-macalloy-team__detail\"><h5 class=\"wp-block-macalloy-team__name\">Nathan Buckingham<\/h5><p class=\"wp-block-macalloy-team__role\">Operario de servicios en obra<\/p><ul class=\"wp-block-macalloy-team__social-media\"><li><a target=\"_blank\" rel=\"noopener\" href=\"tel:+447471036138\" class=\"wp-block-macalloy-team__phone\"><svg viewBox=\"0 0 100 100\" class=\"icon\"><use href=\"#icon-mobile\"><\/use><\/svg><\/a><\/li><li><a target=\"_blank\" rel=\"noopener\" href=\"mailto:siteservices@macalloy3dev.wpenginepowered.com\" class=\"wp-block-macalloy-team__email\"><svg viewBox=\"0 0 100 100\" class=\"icon\"><use href=\"#icon-email\"><\/use><\/svg><\/a><\/li><\/ul><\/div><\/div>\n<\/div>\n\n\n\n<div class=\"wp-block-column is-layout-flow wp-block-column-is-layout-flow\">\n<div class=\"wp-block-macalloy-team animate animate animate--delay-long\"><img decoding=\"async\" class=\"wp-block-macalloy-team__image\" src=\"https:\/\/macalloy.com\/wp-content\/uploads\/2023\/10\/Anthony-Evans-1500-600x700.webp\" alt=\"Simon Lipsky - Macalloy\"\/><div class=\"wp-block-macalloy-team__detail\"><h5 class=\"wp-block-macalloy-team__name\">Anthony Evans<\/h5><p class=\"wp-block-macalloy-team__role\">Operario de servicios en obra<\/p><ul class=\"wp-block-macalloy-team__social-media\"><li><a target=\"_blank\" rel=\"noopener\" href=\"tel:+447471036138\" class=\"wp-block-macalloy-team__phone\"><svg viewBox=\"0 0 100 100\" class=\"icon\"><use href=\"#icon-mobile\"><\/use><\/svg><\/a><\/li><li><a target=\"_blank\" rel=\"noopener\" href=\"mailto:siteservices@macalloy3dev.wpenginepowered.com\" class=\"wp-block-macalloy-team__email\"><svg viewBox=\"0 0 100 100\" class=\"icon\"><use href=\"#icon-email\"><\/use><\/svg><\/a><\/li><\/ul><\/div><\/div>\n<\/div>\n\n\n\n<div class=\"wp-block-column is-layout-flow wp-block-column-is-layout-flow\"><\/div>\n<\/div>\n\n\n\n<div class=\"wp-block-columns alignwide has-neutral-0-color has-primary-900-background-color has-text-color has-background animate--delay-medium is-layout-flex wp-container-core-columns-is-layout-9d6595d7 wp-block-columns-is-layout-flex\">\n<div class=\"wp-block-column is-layout-flow wp-block-column-is-layout-flow\"><\/div>\n\n\n\n<div class=\"wp-block-column is-layout-flow wp-block-column-is-layout-flow\"><\/div>\n\n\n\n<div class=\"wp-block-column is-layout-flow wp-block-column-is-layout-flow\"><\/div>\n\n\n\n<div class=\"wp-block-column is-layout-flow wp-block-column-is-layout-flow\"><\/div>\n<\/div>\n<\/div><\/div>\n\n\n\n<div class=\"wp-block-cover alignfull is-light mt-0 mb-0 animate animate--up\" style=\"min-height:600px;aspect-ratio:unset;\"><span aria-hidden=\"true\" class=\"wp-block-cover__background has-background-dim-30 has-background-dim\"><\/span><img fetchpriority=\"high\" decoding=\"async\" width=\"1920\" height=\"1280\" class=\"wp-block-cover__image-background wp-image-2035\" alt=\"\" src=\"https:\/\/macalloystg.wpengine.com\/wp-content\/uploads\/2021\/09\/Macalloy-112A2129.jpg\" style=\"object-position:58% 68%\" data-object-fit=\"cover\" data-object-position=\"58% 68%\" srcset=\"https:\/\/macalloy.com\/wp-content\/uploads\/2021\/09\/Macalloy-112A2129.jpg 1920w, https:\/\/macalloy.com\/wp-content\/uploads\/2021\/09\/Macalloy-112A2129-600x400.jpg 600w, https:\/\/macalloy.com\/wp-content\/uploads\/2021\/09\/Macalloy-112A2129-300x200.jpg 300w, https:\/\/macalloy.com\/wp-content\/uploads\/2021\/09\/Macalloy-112A2129-1024x683.jpg 1024w, https:\/\/macalloy.com\/wp-content\/uploads\/2021\/09\/Macalloy-112A2129-768x512.jpg 768w, https:\/\/macalloy.com\/wp-content\/uploads\/2021\/09\/Macalloy-112A2129-1536x1024.jpg 1536w\" sizes=\"(max-width: 1920px) 100vw, 1920px\" \/><div class=\"wp-block-cover__inner-container is-layout-flow wp-block-cover-is-layout-flow\">\n<div class=\"wp-block-columns alignwide is-layout-flex wp-container-core-columns-is-layout-9d6595d7 wp-block-columns-is-layout-flex\">\n<div class=\"wp-block-column is-layout-flow wp-block-column-is-layout-flow\">\n<h4 class=\"wp-block-heading has-neutral-0-color has-text-color animate animate--right animate--delay-short\">\u00bfQuiere hablar de un proyecto?<\/h4>\n\n\n\n<h2 class=\"wp-block-heading mb-1 h1 has-neutral-0-color has-text-color animate animate--left animate--delay-medium\">+44 (0)1909 519 200<\/h2>\n\n\n\n<p class=\"has-neutral-0-color has-text-color animate animate--left animate--delay-long\">Ll\u00e1menos o utilice el chat en directo para obtener una respuesta r\u00e1pida.<\/p>\n<\/div>\n\n\n\n<div class=\"wp-block-column is-layout-flow wp-block-column-is-layout-flow\"><\/div>\n<\/div>\n<\/div><\/div>\n","protected":false},"excerpt":{"rendered":"","protected":false},"author":4157,"featured_media":0,"parent":29392,"menu_order":0,"comment_status":"closed","ping_status":"closed","template":"templates\/tpl-webinars.php","meta":{"footnotes":""},"class_list":["hentry","page"],"yoast_head":"<!-- This site is optimized with the Yoast SEO plugin v27.5 - https:\/\/yoast.com\/product\/yoast-seo-wordpress\/ -->\n<title>Conozca al equipo |<\/title>\n<meta name=\"description\" content=\"Perm\u00edtanos presentarle a nuestro equipo, direcci\u00f3n y personal. Si desea m\u00e1s informaci\u00f3n, ll\u00e1menos.\" \/>\n<meta name=\"robots\" content=\"index, follow, max-snippet:-1, max-image-preview:large, max-video-preview:-1\" \/>\n<link rel=\"canonical\" href=\"https:\/\/macalloy.com\/es\/nosotros\/conozca-al-equipo\/\" \/>\n<meta property=\"og:locale\" content=\"es_ES\" \/>\n<meta property=\"og:type\" content=\"article\" \/>\n<meta property=\"og:title\" content=\"Conozca al equipo |\" \/>\n<meta property=\"og:description\" content=\"Perm\u00edtanos presentarle a nuestro equipo, direcci\u00f3n y personal. Si desea m\u00e1s informaci\u00f3n, ll\u00e1menos.\" \/>\n<meta property=\"og:url\" content=\"https:\/\/macalloy.com\/es\/nosotros\/conozca-al-equipo\/\" \/>\n<meta property=\"og:site_name\" content=\"Macalloy\" \/>\n<meta property=\"article:modified_time\" content=\"2026-04-17T07:37:21+00:00\" \/>\n<meta property=\"og:image\" content=\"https:\/\/macalloystg.wpengine.com\/wp-content\/uploads\/2021\/10\/Steve-Renfrew-Macalloy-600x700.jpg\" \/>\n<meta name=\"twitter:card\" content=\"summary_large_image\" \/>\n<script type=\"application\/ld+json\" class=\"yoast-schema-graph\">{\"@context\":\"https:\\\/\\\/schema.org\",\"@graph\":[{\"@type\":\"WebPage\",\"@id\":\"https:\\\/\\\/macalloy.com\\\/es\\\/nosotros\\\/conozca-al-equipo\\\/\",\"url\":\"https:\\\/\\\/macalloy.com\\\/es\\\/nosotros\\\/conozca-al-equipo\\\/\",\"name\":\"Conozca al equipo |\",\"isPartOf\":{\"@id\":\"https:\\\/\\\/macalloy.com\\\/es\\\/#website\"},\"primaryImageOfPage\":{\"@id\":\"https:\\\/\\\/macalloy.com\\\/es\\\/nosotros\\\/conozca-al-equipo\\\/#primaryimage\"},\"image\":{\"@id\":\"https:\\\/\\\/macalloy.com\\\/es\\\/nosotros\\\/conozca-al-equipo\\\/#primaryimage\"},\"thumbnailUrl\":\"https:\\\/\\\/macalloystg.wpengine.com\\\/wp-content\\\/uploads\\\/2021\\\/10\\\/Steve-Renfrew-Macalloy-600x700.jpg\",\"datePublished\":\"2023-12-12T13:11:37+00:00\",\"dateModified\":\"2026-04-17T07:37:21+00:00\",\"description\":\"Perm\u00edtanos presentarle a nuestro equipo, direcci\u00f3n y personal. Si desea m\u00e1s informaci\u00f3n, ll\u00e1menos.\",\"breadcrumb\":{\"@id\":\"https:\\\/\\\/macalloy.com\\\/es\\\/nosotros\\\/conozca-al-equipo\\\/#breadcrumb\"},\"inLanguage\":\"es\",\"potentialAction\":[{\"@type\":\"ReadAction\",\"target\":[\"https:\\\/\\\/macalloy.com\\\/es\\\/nosotros\\\/conozca-al-equipo\\\/\"]}]},{\"@type\":\"ImageObject\",\"inLanguage\":\"es\",\"@id\":\"https:\\\/\\\/macalloy.com\\\/es\\\/nosotros\\\/conozca-al-equipo\\\/#primaryimage\",\"url\":\"https:\\\/\\\/macalloystg.wpengine.com\\\/wp-content\\\/uploads\\\/2021\\\/10\\\/Steve-Renfrew-Macalloy-600x700.jpg\",\"contentUrl\":\"https:\\\/\\\/macalloystg.wpengine.com\\\/wp-content\\\/uploads\\\/2021\\\/10\\\/Steve-Renfrew-Macalloy-600x700.jpg\"},{\"@type\":\"BreadcrumbList\",\"@id\":\"https:\\\/\\\/macalloy.com\\\/es\\\/nosotros\\\/conozca-al-equipo\\\/#breadcrumb\",\"itemListElement\":[{\"@type\":\"ListItem\",\"position\":1,\"name\":\"Home\",\"item\":\"https:\\\/\\\/macalloy.com\\\/es\\\/pagina-de-inicio\\\/\"},{\"@type\":\"ListItem\",\"position\":2,\"name\":\"Nosotros\",\"item\":\"https:\\\/\\\/macalloy.com\\\/es\\\/nosotros\\\/\"},{\"@type\":\"ListItem\",\"position\":3,\"name\":\"Conozca al equipo\"}]},{\"@type\":\"WebSite\",\"@id\":\"https:\\\/\\\/macalloy.com\\\/es\\\/#website\",\"url\":\"https:\\\/\\\/macalloy.com\\\/es\\\/\",\"name\":\"Macalloy\",\"description\":\"Threaded Bar Systems Trusted Worldwide\",\"potentialAction\":[{\"@type\":\"SearchAction\",\"target\":{\"@type\":\"EntryPoint\",\"urlTemplate\":\"https:\\\/\\\/macalloy.com\\\/es\\\/?s={search_term_string}\"},\"query-input\":{\"@type\":\"PropertyValueSpecification\",\"valueRequired\":true,\"valueName\":\"search_term_string\"}}],\"inLanguage\":\"es\"}]}<\/script>\n<!-- \/ Yoast SEO plugin. -->","yoast_head_json":{"title":"Conozca al equipo |","description":"Perm\u00edtanos presentarle a nuestro equipo, direcci\u00f3n y personal. Si desea m\u00e1s informaci\u00f3n, ll\u00e1menos.","robots":{"index":"index","follow":"follow","max-snippet":"max-snippet:-1","max-image-preview":"max-image-preview:large","max-video-preview":"max-video-preview:-1"},"canonical":"https:\/\/macalloy.com\/es\/nosotros\/conozca-al-equipo\/","og_locale":"es_ES","og_type":"article","og_title":"Conozca al equipo |","og_description":"Perm\u00edtanos presentarle a nuestro equipo, direcci\u00f3n y personal. Si desea m\u00e1s informaci\u00f3n, ll\u00e1menos.","og_url":"https:\/\/macalloy.com\/es\/nosotros\/conozca-al-equipo\/","og_site_name":"Macalloy","article_modified_time":"2026-04-17T07:37:21+00:00","og_image":[{"url":"https:\/\/macalloystg.wpengine.com\/wp-content\/uploads\/2021\/10\/Steve-Renfrew-Macalloy-600x700.jpg","type":"","width":"","height":""}],"twitter_card":"summary_large_image","schema":{"@context":"https:\/\/schema.org","@graph":[{"@type":"WebPage","@id":"https:\/\/macalloy.com\/es\/nosotros\/conozca-al-equipo\/","url":"https:\/\/macalloy.com\/es\/nosotros\/conozca-al-equipo\/","name":"Conozca al equipo |","isPartOf":{"@id":"https:\/\/macalloy.com\/es\/#website"},"primaryImageOfPage":{"@id":"https:\/\/macalloy.com\/es\/nosotros\/conozca-al-equipo\/#primaryimage"},"image":{"@id":"https:\/\/macalloy.com\/es\/nosotros\/conozca-al-equipo\/#primaryimage"},"thumbnailUrl":"https:\/\/macalloystg.wpengine.com\/wp-content\/uploads\/2021\/10\/Steve-Renfrew-Macalloy-600x700.jpg","datePublished":"2023-12-12T13:11:37+00:00","dateModified":"2026-04-17T07:37:21+00:00","description":"Perm\u00edtanos presentarle a nuestro equipo, direcci\u00f3n y personal. Si desea m\u00e1s informaci\u00f3n, ll\u00e1menos.","breadcrumb":{"@id":"https:\/\/macalloy.com\/es\/nosotros\/conozca-al-equipo\/#breadcrumb"},"inLanguage":"es","potentialAction":[{"@type":"ReadAction","target":["https:\/\/macalloy.com\/es\/nosotros\/conozca-al-equipo\/"]}]},{"@type":"ImageObject","inLanguage":"es","@id":"https:\/\/macalloy.com\/es\/nosotros\/conozca-al-equipo\/#primaryimage","url":"https:\/\/macalloystg.wpengine.com\/wp-content\/uploads\/2021\/10\/Steve-Renfrew-Macalloy-600x700.jpg","contentUrl":"https:\/\/macalloystg.wpengine.com\/wp-content\/uploads\/2021\/10\/Steve-Renfrew-Macalloy-600x700.jpg"},{"@type":"BreadcrumbList","@id":"https:\/\/macalloy.com\/es\/nosotros\/conozca-al-equipo\/#breadcrumb","itemListElement":[{"@type":"ListItem","position":1,"name":"Home","item":"https:\/\/macalloy.com\/es\/pagina-de-inicio\/"},{"@type":"ListItem","position":2,"name":"Nosotros","item":"https:\/\/macalloy.com\/es\/nosotros\/"},{"@type":"ListItem","position":3,"name":"Conozca al equipo"}]},{"@type":"WebSite","@id":"https:\/\/macalloy.com\/es\/#website","url":"https:\/\/macalloy.com\/es\/","name":"Macalloy","description":"Threaded Bar Systems Trusted Worldwide","potentialAction":[{"@type":"SearchAction","target":{"@type":"EntryPoint","urlTemplate":"https:\/\/macalloy.com\/es\/?s={search_term_string}"},"query-input":{"@type":"PropertyValueSpecification","valueRequired":true,"valueName":"search_term_string"}}],"inLanguage":"es"}]}},"_links":{"self":[{"href":"https:\/\/macalloy.com\/es\/wp-json\/wp\/v2\/pages\/29430","targetHints":{"allow":["GET"]}}],"collection":[{"href":"https:\/\/macalloy.com\/es\/wp-json\/wp\/v2\/pages"}],"about":[{"href":"https:\/\/macalloy.com\/es\/wp-json\/wp\/v2\/types\/page"}],"author":[{"embeddable":true,"href":"https:\/\/macalloy.com\/es\/wp-json\/wp\/v2\/users\/4157"}],"replies":[{"embeddable":true,"href":"https:\/\/macalloy.com\/es\/wp-json\/wp\/v2\/comments?post=29430"}],"version-history":[{"count":0,"href":"https:\/\/macalloy.com\/es\/wp-json\/wp\/v2\/pages\/29430\/revisions"}],"up":[{"embeddable":true,"href":"https:\/\/macalloy.com\/es\/wp-json\/wp\/v2\/pages\/29392"}],"wp:attachment":[{"href":"https:\/\/macalloy.com\/es\/wp-json\/wp\/v2\/media?parent=29430"}],"curies":[{"name":"wp","href":"https:\/\/api.w.org\/{rel}","templated":true}]}}