{"id":29443,"date":"2023-12-12T15:38:47","date_gmt":"2023-12-12T15:38:47","guid":{"rendered":"https:\/\/macalloy.com\/?page_id=29443"},"modified":"2023-12-12T15:38:49","modified_gmt":"2023-12-12T15:38:49","slug":"condiciones-de-uso","status":"publish","type":"page","link":"https:\/\/macalloy.com\/es\/condiciones-de-uso\/","title":{"rendered":"Condiciones de uso"},"content":{"rendered":"\n<div style=\"height:50px\" aria-hidden=\"true\" class=\"wp-block-spacer\"><\/div>\n\n\n\n<ol class=\"wp-block-list\">\n<li>Acerca de estas condiciones de uso<\/li>\n<\/ol>\n\n\n\n<p>1.1 Las presentes Condiciones de Uso (las Condiciones) explican c\u00f3mo puede utilizar nuestro Sitio Web. Se aplican a cualquier persona que acceda al Sitio web, independientemente de c\u00f3mo lo haga (uso, usuario, utilizaci\u00f3n).<\/p>\n\n\n\n<p>1.2 Al continuar utilizando el Sitio Web, acepta quedar vinculado por estas Condiciones, todos los documentos a los que se hace referencia en ellas y todas las leyes y normativas aplicables.<\/p>\n\n\n\n<p>1.3 Si no est\u00e1 de acuerdo con alguna de estas Condiciones, debe dejar de utilizar o acceder a este Sitio web inmediatamente.<\/p>\n\n\n\n<p>1.4 Tenga en cuenta que se aplicar\u00e1n condiciones adicionales cuando nos compre productos. \u00c9stas se le presentar\u00e1n durante el proceso de pedido.<\/p>\n\n\n\n<p>1.5 Lea atentamente estas Condiciones antes de utilizar el Sitio web.<\/p>\n\n\n\n<p>2. Acerca de este sitio web y Macalloy<\/p>\n\n\n\n<p>2.1 Este sitio web es operado por Macalloy. Somos una empresa registrada en Inglaterra y Gales con el n\u00famero de empresa 04697936. Nuestro domicilio social y direcci\u00f3n de correspondencia es Caxton Way, Dinnington, Rotherham, South Yorkshire, S25 3QE Reino Unido.<\/p>\n\n\n\n<p>2.2 Si tiene alguna pregunta sobre nuestro sitio web, p\u00f3ngase en contacto con nosotros en sales@macalloy.com.<\/p>\n\n\n\n<p>2.3 Este sitio web contiene informaci\u00f3n general sobre nuestra empresa, los productos que vendemos y los servicios que prestamos. Est\u00e1 dirigida a cualquier persona interesada en nuestros productos. Tambi\u00e9n proporciona informaci\u00f3n para cualquier persona interesada en trabajar con nosotros.<\/p>\n\n\n\n<ol class=\"wp-block-list\" start=\"3\">\n<li>Propiedad, uso y derechos de propiedad intelectual<\/li>\n<\/ol>\n\n\n\n<p>3.1 La totalidad del dise\u00f1o, texto, gr\u00e1ficos, im\u00e1genes, logotipos, marcas comerciales, su disposici\u00f3n y todos los dem\u00e1s materiales y contenidos de nuestro sitio web, el aspecto del sitio web y el software subyacente est\u00e1n sujetos a derechos de autor y otros derechos de propiedad que nos pertenecen a nosotros o a nuestros terceros licenciantes. El uso de este sitio web no le transfiere estos derechos en modo alguno.<\/p>\n\n\n\n<p>3.2 El sitio web muestra detalles de los bienes que ofrecemos y algunos de los dise\u00f1os de nuestras gamas de productos. Todos los derechos de propiedad intelectual sobre estos bienes, incluidos los dise\u00f1os y las marcas y logotipos que aparecen en ellos, nos pertenecen y usted no debe, bajo ninguna circunstancia, copiarlos ni autorizar a nadie a hacerlo.<\/p>\n\n\n\n<p>3.3 Se concede permiso para descargar temporalmente una copia de cualquier p\u00e1gina del Sitio s\u00f3lo para uso personal, no comercial y transitorio. Esto no es una transferencia de t\u00edtulo, y usted no puede:<\/p>\n\n\n\n<p>3.3.1 modificar o copiar los materiales descargados;<br>3.3.2 utilizar los materiales para cualquier fin comercial, o para cualquier exhibici\u00f3n p\u00fablica (comercial o no comercial);<br>3.3.3 intentar descompilar o realizar ingenier\u00eda inversa de cualquier software contenido en este sitio web;<br>3.3.4 eliminar cualquier aviso de copyright o de propiedad de los materiales; o<br>3.3.5 transferir los materiales a otra persona o &#8220;reflejar&#8221; los materiales en cualquier otro servidor, incluidas las im\u00e1genes de hotlinking.<\/p>\n\n\n\n<p>3.4 Si descarga cualquier parte de nuestro sitio incumpliendo estas Condiciones, su derecho a utilizar nuestro sitio cesar\u00e1 inmediatamente y deber\u00e1 destruir cualquier material descargado que est\u00e9 en su posesi\u00f3n, ya sea en formato electr\u00f3nico o impreso.<\/p>\n\n\n\n<p>3.5 No podr\u00e1 copiar ni utilizar ninguna marca comercial o logotipo de este sitio web a menos que cuente con nuestra autorizaci\u00f3n expresa por escrito.<\/p>\n\n\n\n<p>3.6 Proporcionamos im\u00e1genes de nuestros Productos en este sitio web \u00fanicamente con fines ilustrativos. Por lo tanto, tenga en cuenta que las im\u00e1genes utilizadas pueden no representar la gama completa de Productos, caracter\u00edsticas o colores. Los dise\u00f1os e im\u00e1genes mostrados pueden variar.<\/p>\n\n\n\n<ol class=\"wp-block-list\" start=\"4\">\n<li>Descargo de responsabilidad<\/li>\n<\/ol>\n\n\n\n<p>4.1 Macalloy no ofrece ninguna garant\u00eda, expresa o impl\u00edcita, y por la presente renuncia a cualquier otra garant\u00eda, incluyendo, pero no limitado a, las garant\u00edas impl\u00edcitas o condiciones de comercializaci\u00f3n, adecuaci\u00f3n para un prop\u00f3sito particular, o no infracci\u00f3n de la propiedad intelectual u otra violaci\u00f3n de los derechos.<\/p>\n\n\n\n<p>4.2 Adem\u00e1s, Macalloy no garantiza ni hace ninguna representaci\u00f3n con respecto a la exactitud, los resultados probables, o la fiabilidad de la utilizaci\u00f3n de los materiales en su sitio web o de otro tipo relativa a dichos materiales o en cualquier sitio vinculado a este sitio.<\/p>\n\n\n\n<ol class=\"wp-block-list\" start=\"5\">\n<li>Exactitud de los materiales<\/li>\n<\/ol>\n\n\n\n<p>Los materiales de nuestro sitio web podr\u00edan incluir errores t\u00e9cnicos, tipogr\u00e1ficos o fotogr\u00e1ficos. No garantizamos que ninguno de los materiales de nuestro sitio web sea preciso, completo o actual. Nos reservamos el derecho a realizar cambios en los materiales contenidos en nuestro sitio web en cualquier momento y sin previo aviso. Sin embargo, no nos comprometemos a actualizar los materiales.<\/p>\n\n\n\n<ol class=\"wp-block-list\" start=\"6\">\n<li>Enlaces<\/li>\n<\/ol>\n\n\n\n<p>6.1 De vez en cuando, podemos proporcionar enlaces a otros sitios web en nuestro sitio web. No tenemos ning\u00fan control sobre el contenido o la disponibilidad de esos sitios web y no somos responsables de su contenido o disponibilidad ni del uso que usted haga de ellos. La inclusi\u00f3n de cualquier enlace no implica la aprobaci\u00f3n por nuestra parte y no garantizamos el contenido de dichos sitios web. El uso de cualquiera de esos sitios web enlazados corre por cuenta y riesgo del usuario.<\/p>\n\n\n\n<p>6.2 Puede enlazar con nuestra p\u00e1gina de inicio, pero debe hacerlo de forma justa y legal y sin da\u00f1ar nuestra reputaci\u00f3n ni aprovecharse de ella. No debe inferir ninguna forma de asociaci\u00f3n, aprobaci\u00f3n o respaldo cuando no exista.<\/p>\n\n\n\n<p>6.3 No debe establecer un enlace desde ning\u00fan sitio web que no sea de su propiedad, a menos que sea a un foro social o blog o a cualquier otro sitio web en el que dicho enlace est\u00e9 permitido. Nuestro sitio no debe estar incrustado en ning\u00fan otro sitio web, ni puede crear un enlace a ninguna p\u00e1gina que no sea la p\u00e1gina de inicio. Podemos retirar el permiso de enlace sin previo aviso.<\/p>\n\n\n\n<p>7 Responsabilidad<\/p>\n\n\n\n<p>7.1 Debe asegurarse de que la confianza que deposita en este sitio web es para su uso personal. La informaci\u00f3n que proporcionamos no pretende ser un consejo y el material se proporciona sin ninguna garant\u00eda en cuanto a su exactitud.<\/p>\n\n\n\n<p>7.2 No garantizamos que la informaci\u00f3n accesible a trav\u00e9s de este sitio web sea completa ni que el sitio web est\u00e9 disponible, sea seguro, est\u00e9 libre de errores o de virus o similares.<\/p>\n\n\n\n<p>7.3 No seremos responsables si, por cualquier motivo, nuestro sitio web, cualquier parte del mismo o cualquiera de las funciones disponibles en \u00e9l no est\u00e1n disponibles en alg\u00fan momento.<\/p>\n\n\n\n<p>7.4 Nada de lo dispuesto en estas Condiciones excluir\u00e1 o limitar\u00e1 en modo alguno nuestra responsabilidad por muerte o lesiones personales causadas por nuestra negligencia o tergiversaci\u00f3n fraudulenta o por cualquier otra responsabilidad que no pueda excluirse o limitarse en virtud de la legislaci\u00f3n aplicable.<\/p>\n\n\n\n<p>7.5 Este Sitio Web se proporciona &#8220;tal cual&#8221;. En consecuencia, en la medida en que lo permita la ley, ni nosotros ni nuestros empleados o agentes seremos responsables de los costes, reclamaciones, responsabilidades, gastos o da\u00f1os en los que usted incurra como consecuencia o en relaci\u00f3n con el uso de este Sitio Web, independientemente de c\u00f3mo surja dicha responsabilidad. Esto incluye, entre otros<\/p>\n\n\n\n<p>lucro cesante o p\u00e9rdida de ahorros previstos (ya sean directos o indirectos)<\/p>\n\n\n\n<p>p\u00e9rdida de datos<\/p>\n\n\n\n<p>p\u00e9rdida de ingresos, rentas o negocio<\/p>\n\n\n\n<p>p\u00e9rdida de fondo de comercio o da\u00f1os a la reputaci\u00f3n<\/p>\n\n\n\n<p>p\u00e9rdida de tiempo de gesti\u00f3n; o<\/p>\n\n\n\n<p>p\u00e9rdidas debidas a la interrupci\u00f3n de la actividad empresarial.<\/p>\n\n\n\n<p>7.6 Todas las condiciones, garant\u00edas y otros t\u00e9rminos que pudieran estar impl\u00edcitos por ley o derecho consuetudinario (incluida la calidad satisfactoria y la idoneidad para un fin determinado) quedan excluidos en la m\u00e1xima medida permitida por la ley.<\/p>\n\n\n\n<p>7.7 En ning\u00fan caso seremos responsables de cualquier p\u00e9rdida o da\u00f1o causado por un ataque distribuido de denegaci\u00f3n de servicio, virus o ataque similar que infecte su equipo inform\u00e1tico, programas inform\u00e1ticos, sistema, datos u otro material de su propiedad debido a su uso de nuestro sitio o a la descarga de cualquier material publicado en \u00e9l, o en cualquier sitio web vinculado a \u00e9l.<\/p>\n\n\n\n<p>7.8 Nuestra responsabilidad frente a usted si usted o la empresa a la que representa nos compran productos se establece en nuestros T\u00e9rminos y Condiciones.<\/p>\n\n\n\n<ol class=\"wp-block-list\" start=\"8\">\n<li>General<\/li>\n<\/ol>\n\n\n\n<p>8.1 Estas Condiciones y cualquier disputa o reclamaci\u00f3n que surja de o en conexi\u00f3n con ellas o su objeto (incluyendo disputas o reclamaciones no contractuales) o este Sitio Web se regir\u00e1n e interpretar\u00e1n de acuerdo con las leyes del Reino Unido y usted se somete irrevocablemente a la jurisdicci\u00f3n exclusiva de los tribunales ingleses en relaci\u00f3n con cualquier reclamaci\u00f3n o disputa que surja de o en conexi\u00f3n con nuestro Sitio Web o estas Condiciones.<\/p>\n\n\n\n<p>8.2 Si alguna parte de estas Condiciones resultara inv\u00e1lida, todas las dem\u00e1s partes seguir\u00e1n en pleno vigor y efecto a pesar de la parte inaplicable.<\/p>\n\n\n\n<p>8.3 El hecho de que usted o nosotros no ejerzamos alguno de los derechos establecidos en las presentes Condiciones, o cualquier retraso en el ejercicio de dichos derechos, no afectar\u00e1 a ning\u00fan otro derecho o recurso de que dispongamos usted o nosotros.<\/p>\n\n\n\n<p>8.4 Nada de lo dispuesto en las presentes Condiciones implica relaci\u00f3n laboral, asociaci\u00f3n, empresa conjunta o agencia entre nosotros.<\/p>\n\n\n\n<p>8.5 Podemos contratar a terceros para que nos ayuden a proporcionar este Sitio Web en cualquier momento.<\/p>\n\n\n\n<p>8.6 A menos que se acuerde lo contrario en estas Condiciones, una persona que no sea parte de estas Condiciones no tiene derecho a hacer cumplir ninguna de las Condiciones anteriores.<\/p>\n\n\n\n<p>8.7 Podemos revisar estas Condiciones en cualquier momento sin previo aviso.<\/p>\n\n\n\n<p>8.8 Consulte tambi\u00e9n nuestra Pol\u00edtica de privacidad y nuestra Pol\u00edtica de cookies para obtener informaci\u00f3n adicional sobre c\u00f3mo utilizamos los datos que tenemos sobre usted. Estas pol\u00edticas forman parte de estas Condiciones y se incorporan a las mismas.<\/p>\n\n\n\n<div style=\"height:100px\" aria-hidden=\"true\" class=\"wp-block-spacer\"><\/div>\n","protected":false},"excerpt":{"rendered":"<p>1.1 Las presentes Condiciones de Uso (las Condiciones) explican c\u00f3mo puede utilizar nuestro Sitio Web. Se aplican a cualquier persona que acceda al Sitio web, independientemente de c\u00f3mo lo haga (uso, usuario, utilizaci\u00f3n). 1.2 Al continuar utilizando el Sitio Web, acepta quedar vinculado por estas Condiciones, todos los documentos a los que se hace referencia [&hellip;]<\/p>\n","protected":false},"author":4157,"featured_media":0,"parent":0,"menu_order":0,"comment_status":"closed","ping_status":"closed","template":"","meta":{"footnotes":""},"class_list":["hentry","page"],"yoast_head":"<!-- This site is optimized with the Yoast SEO plugin v27.4 - https:\/\/yoast.com\/product\/yoast-seo-wordpress\/ -->\n<title>Condiciones de uso |<\/title>\n<meta name=\"robots\" content=\"index, follow, max-snippet:-1, max-image-preview:large, max-video-preview:-1\" \/>\n<link rel=\"canonical\" href=\"https:\/\/macalloy.com\/es\/condiciones-de-uso\/\" \/>\n<meta property=\"og:locale\" content=\"es_ES\" \/>\n<meta property=\"og:type\" content=\"article\" \/>\n<meta property=\"og:title\" content=\"Condiciones de uso |\" \/>\n<meta property=\"og:description\" content=\"1.1 Las presentes Condiciones de Uso (las Condiciones) explican c\u00f3mo puede utilizar nuestro Sitio Web. Se aplican a cualquier persona que acceda al Sitio web, independientemente de c\u00f3mo lo haga (uso, usuario, utilizaci\u00f3n). 1.2 Al continuar utilizando el Sitio Web, acepta quedar vinculado por estas Condiciones, todos los documentos a los que se hace referencia [&hellip;]\" \/>\n<meta property=\"og:url\" content=\"https:\/\/macalloy.com\/es\/condiciones-de-uso\/\" \/>\n<meta property=\"og:site_name\" content=\"Macalloy\" \/>\n<meta property=\"article:modified_time\" content=\"2023-12-12T15:38:49+00:00\" \/>\n<meta name=\"twitter:card\" content=\"summary_large_image\" \/>\n<meta name=\"twitter:label1\" content=\"Tiempo de lectura\" \/>\n\t<meta name=\"twitter:data1\" content=\"8 minutos\" \/>\n<script type=\"application\/ld+json\" class=\"yoast-schema-graph\">{\"@context\":\"https:\\\/\\\/schema.org\",\"@graph\":[{\"@type\":\"WebPage\",\"@id\":\"https:\\\/\\\/macalloy.com\\\/es\\\/condiciones-de-uso\\\/\",\"url\":\"https:\\\/\\\/macalloy.com\\\/es\\\/condiciones-de-uso\\\/\",\"name\":\"Condiciones de uso |\",\"isPartOf\":{\"@id\":\"https:\\\/\\\/macalloy.com\\\/es\\\/#website\"},\"datePublished\":\"2023-12-12T15:38:47+00:00\",\"dateModified\":\"2023-12-12T15:38:49+00:00\",\"breadcrumb\":{\"@id\":\"https:\\\/\\\/macalloy.com\\\/es\\\/condiciones-de-uso\\\/#breadcrumb\"},\"inLanguage\":\"es\",\"potentialAction\":[{\"@type\":\"ReadAction\",\"target\":[\"https:\\\/\\\/macalloy.com\\\/es\\\/condiciones-de-uso\\\/\"]}]},{\"@type\":\"BreadcrumbList\",\"@id\":\"https:\\\/\\\/macalloy.com\\\/es\\\/condiciones-de-uso\\\/#breadcrumb\",\"itemListElement\":[{\"@type\":\"ListItem\",\"position\":1,\"name\":\"Home\",\"item\":\"https:\\\/\\\/macalloy.com\\\/es\\\/pagina-de-inicio\\\/\"},{\"@type\":\"ListItem\",\"position\":2,\"name\":\"Condiciones de uso\"}]},{\"@type\":\"WebSite\",\"@id\":\"https:\\\/\\\/macalloy.com\\\/es\\\/#website\",\"url\":\"https:\\\/\\\/macalloy.com\\\/es\\\/\",\"name\":\"Macalloy\",\"description\":\"Threaded Bar Systems Trusted Worldwide\",\"potentialAction\":[{\"@type\":\"SearchAction\",\"target\":{\"@type\":\"EntryPoint\",\"urlTemplate\":\"https:\\\/\\\/macalloy.com\\\/es\\\/?s={search_term_string}\"},\"query-input\":{\"@type\":\"PropertyValueSpecification\",\"valueRequired\":true,\"valueName\":\"search_term_string\"}}],\"inLanguage\":\"es\"}]}<\/script>\n<!-- \/ Yoast SEO plugin. -->","yoast_head_json":{"title":"Condiciones de uso |","robots":{"index":"index","follow":"follow","max-snippet":"max-snippet:-1","max-image-preview":"max-image-preview:large","max-video-preview":"max-video-preview:-1"},"canonical":"https:\/\/macalloy.com\/es\/condiciones-de-uso\/","og_locale":"es_ES","og_type":"article","og_title":"Condiciones de uso |","og_description":"1.1 Las presentes Condiciones de Uso (las Condiciones) explican c\u00f3mo puede utilizar nuestro Sitio Web. Se aplican a cualquier persona que acceda al Sitio web, independientemente de c\u00f3mo lo haga (uso, usuario, utilizaci\u00f3n). 1.2 Al continuar utilizando el Sitio Web, acepta quedar vinculado por estas Condiciones, todos los documentos a los que se hace referencia [&hellip;]","og_url":"https:\/\/macalloy.com\/es\/condiciones-de-uso\/","og_site_name":"Macalloy","article_modified_time":"2023-12-12T15:38:49+00:00","twitter_card":"summary_large_image","twitter_misc":{"Tiempo de lectura":"8 minutos"},"schema":{"@context":"https:\/\/schema.org","@graph":[{"@type":"WebPage","@id":"https:\/\/macalloy.com\/es\/condiciones-de-uso\/","url":"https:\/\/macalloy.com\/es\/condiciones-de-uso\/","name":"Condiciones de uso |","isPartOf":{"@id":"https:\/\/macalloy.com\/es\/#website"},"datePublished":"2023-12-12T15:38:47+00:00","dateModified":"2023-12-12T15:38:49+00:00","breadcrumb":{"@id":"https:\/\/macalloy.com\/es\/condiciones-de-uso\/#breadcrumb"},"inLanguage":"es","potentialAction":[{"@type":"ReadAction","target":["https:\/\/macalloy.com\/es\/condiciones-de-uso\/"]}]},{"@type":"BreadcrumbList","@id":"https:\/\/macalloy.com\/es\/condiciones-de-uso\/#breadcrumb","itemListElement":[{"@type":"ListItem","position":1,"name":"Home","item":"https:\/\/macalloy.com\/es\/pagina-de-inicio\/"},{"@type":"ListItem","position":2,"name":"Condiciones de uso"}]},{"@type":"WebSite","@id":"https:\/\/macalloy.com\/es\/#website","url":"https:\/\/macalloy.com\/es\/","name":"Macalloy","description":"Threaded Bar Systems Trusted Worldwide","potentialAction":[{"@type":"SearchAction","target":{"@type":"EntryPoint","urlTemplate":"https:\/\/macalloy.com\/es\/?s={search_term_string}"},"query-input":{"@type":"PropertyValueSpecification","valueRequired":true,"valueName":"search_term_string"}}],"inLanguage":"es"}]}},"_links":{"self":[{"href":"https:\/\/macalloy.com\/es\/wp-json\/wp\/v2\/pages\/29443","targetHints":{"allow":["GET"]}}],"collection":[{"href":"https:\/\/macalloy.com\/es\/wp-json\/wp\/v2\/pages"}],"about":[{"href":"https:\/\/macalloy.com\/es\/wp-json\/wp\/v2\/types\/page"}],"author":[{"embeddable":true,"href":"https:\/\/macalloy.com\/es\/wp-json\/wp\/v2\/users\/4157"}],"replies":[{"embeddable":true,"href":"https:\/\/macalloy.com\/es\/wp-json\/wp\/v2\/comments?post=29443"}],"version-history":[{"count":0,"href":"https:\/\/macalloy.com\/es\/wp-json\/wp\/v2\/pages\/29443\/revisions"}],"wp:attachment":[{"href":"https:\/\/macalloy.com\/es\/wp-json\/wp\/v2\/media?parent=29443"}],"curies":[{"name":"wp","href":"https:\/\/api.w.org\/{rel}","templated":true}]}}