{"id":29734,"date":"2024-01-09T15:12:40","date_gmt":"2024-01-09T15:12:40","guid":{"rendered":"https:\/\/macalloy.com\/?page_id=29734"},"modified":"2024-01-09T15:17:07","modified_gmt":"2024-01-09T15:17:07","slug":"normativa-sobre-proteccion-de-datos","status":"publish","type":"page","link":"https:\/\/macalloy.com\/es\/normativa-sobre-proteccion-de-datos\/","title":{"rendered":"Normativa sobre protecci\u00f3n de datos"},"content":{"rendered":"\n<div style=\"height:50px\" aria-hidden=\"true\" class=\"wp-block-spacer\"><\/div>\n\n\n\n<h4 class=\"wp-block-heading\"><strong>Su privacidad es importante para nosotros<\/strong><\/h4>\n\n\n\n<p>La pol\u00edtica de McCalls Special Products Ltd, que opera como Macalloy, es respetar su privacidad y cumplir con todas las leyes y reglamentos aplicables en relaci\u00f3n con cualquier dato personal que podamos recopilar sobre usted, incluso a trav\u00e9s de nuestro sitio web, https:\/\/macalloy.com y otros sitios web que poseemos y operamos.<\/p>\n\n\n\n<p>Macalloy se compromete a garantizar la protecci\u00f3n de su privacidad. Si le pedimos que nos proporcione cierta informaci\u00f3n por la que pueda ser identificado al utilizar este sitio web, puede estar seguro de que s\u00f3lo se utilizar\u00e1 de acuerdo con esta declaraci\u00f3n de privacidad.<\/p>\n\n\n\n<p>Macalloy puede cambiar esta pol\u00edtica de vez en cuando actualizando esta p\u00e1gina. Usted debe comprobar esta p\u00e1gina de vez en cuando para asegurarse de que est\u00e1 satisfecho con cualquier cambio.<\/p>\n\n\n\n<p>Esta pol\u00edtica es efectiva desde el 8 de noviembre de 2021 y fue actualizada por \u00faltima vez el 8 de noviembre de 2021.<\/p>\n\n\n\n<p><strong>Informaci\u00f3n que recopilamos<\/strong><\/p>\n\n\n\n<p>La informaci\u00f3n que recopilamos incluye informaci\u00f3n que usted nos proporciona consciente y activamente cuando utiliza o participa en nuestros servicios y promociones, as\u00ed como informaci\u00f3n que se env\u00eda autom\u00e1ticamente desde sus dispositivos cuando accede a nuestros productos y servicios.<\/p>\n\n\n\n<p><strong>Datos de registro<\/strong><\/p>\n\n\n\n<p>Cuando visita nuestro sitio web, nuestros servidores pueden registrar autom\u00e1ticamente los datos est\u00e1ndar proporcionados por su navegador web. Esto incluye la direcci\u00f3n IP de su dispositivo, el tipo y la versi\u00f3n de su navegador, las p\u00e1ginas que visita, la hora y la fecha de su visita, el tiempo que pasa en cada p\u00e1gina, otros detalles sobre su visita y detalles t\u00e9cnicos que se producen en relaci\u00f3n con cualquier error.<\/p>\n\n\n\n<p>Tenga en cuenta que, aunque esta informaci\u00f3n por s\u00ed sola no permite identificar a las personas, es posible combinarla con otros datos para identificarlas.<\/p>\n\n\n\n<p>Recogida y uso de la informaci\u00f3n<\/p>\n\n\n\n<p>Podemos recopilar informaci\u00f3n personal sobre usted cuando realice alguna de las siguientes acciones en nuestro sitio web:<\/p>\n\n\n\n<p>Utilizando un dispositivo m\u00f3vil o un navegador web para acceder a nuestros contenidos.<\/p>\n\n\n\n<p>Al ponerse en contacto con nosotros por correo electr\u00f3nico, redes sociales o tecnolog\u00edas similares.<\/p>\n\n\n\n<p>Cuando nos menciona en las redes sociales<\/p>\n\n\n\n<p>Estamos autorizados a recopilar, almacenar, utilizar y divulgar informaci\u00f3n para los siguientes fines y los datos personales no ser\u00e1n tratados de forma incompatible con dichos fines:<\/p>\n\n\n\n<p>Tenga en cuenta que podemos combinar la informaci\u00f3n que recopilamos sobre usted con informaci\u00f3n general o datos de investigaci\u00f3n que recibimos de otras fuentes de confianza.<\/p>\n\n\n\n<p>Seguridad de sus datos personales<\/p>\n\n\n\n<p>Cuando recopilamos y procesamos datos personales, y mientras los conservemos, los protegeremos utilizando medios comercialmente aceptables para evitar p\u00e9rdidas y robos, as\u00ed como el acceso, la divulgaci\u00f3n, la copia, el uso o la modificaci\u00f3n no autorizados.<\/p>\n\n\n\n<p><strong>Privacidad para ni\u00f1os<\/strong><\/p>\n\n\n\n<p>Nuestros productos y servicios no est\u00e1n dirigidos a ni\u00f1os menores de 13 a\u00f1os, y no recopilamos conscientemente informaci\u00f3n personal de ni\u00f1os menores de 13 a\u00f1os.<\/p>\n\n\n\n<p><strong>Transferencias internacionales de informaci\u00f3n personal<\/strong><\/p>\n\n\n\n<p>La informaci\u00f3n personal que recopilamos se almacena y\/o procesa donde nosotros o nuestros socios, afiliados y proveedores de servicios externos mantenemos instalaciones. Tenga en cuenta que los lugares donde almacenamos, procesamos o transferimos su informaci\u00f3n personal pueden no tener las mismas leyes de protecci\u00f3n de datos que el pa\u00eds en el que usted proporcion\u00f3 originalmente la informaci\u00f3n. Si transferimos sus datos personales a terceros en otros pa\u00edses, (i) llevaremos a cabo dichas transferencias de acuerdo con los requisitos de la legislaci\u00f3n aplicable y (ii) protegeremos los datos personales transferidos de acuerdo con la presente Pol\u00edtica de Privacidad.<\/p>\n\n\n\n<p><strong>Sus derechos y control de sus datos personales<\/strong><\/p>\n\n\n\n<p>Usted siempre tiene derecho a no comunicarnos sus datos personales, reconociendo que su experiencia en nuestro sitio web puede verse afectada. No le discriminaremos si ejerce cualquiera de sus derechos en relaci\u00f3n con sus datos personales. Cuando usted nos proporciona informaci\u00f3n personal, da su consentimiento para que la recopilemos, conservemos, utilicemos y divulguemos de acuerdo con esta Pol\u00edtica de Privacidad. Tiene derecho a solicitar informaci\u00f3n sobre cualquier dato personal que tengamos sobre usted.<\/p>\n\n\n\n<p>Si recibimos datos personales suyos de un tercero, los protegeremos de acuerdo con esta Pol\u00edtica de Privacidad. Si usted es un tercero que nos proporciona datos personales sobre otra persona, usted garantiza que tiene el consentimiento de esa persona para revelarnos los datos personales.<\/p>\n\n\n\n<p>Si previamente ha dado su consentimiento para que utilicemos sus datos personales con fines de marketing directo, puede cambiar de opini\u00f3n en cualquier momento. Le ofrecemos la posibilidad de darse de baja de nuestra base de datos de correo electr\u00f3nico o de optar por no recibir comunicaciones. Tenga en cuenta que es posible que necesitemos solicitarle determinada informaci\u00f3n para confirmar su identidad.<\/p>\n\n\n\n<p>Si cree que la informaci\u00f3n que tenemos sobre usted es inexacta, obsoleta, incompleta, irrelevante o enga\u00f1osa, p\u00f3ngase en contacto con nosotros a trav\u00e9s de los datos que figuran en esta Pol\u00edtica de privacidad. Tomaremos las medidas razonables para corregir cualquier informaci\u00f3n que resulte ser inexacta, incompleta, enga\u00f1osa o anticuada.<\/p>\n\n\n\n<p>Si cree que hemos infringido alguna ley de protecci\u00f3n de datos y desea presentar una queja, p\u00f3ngase en contacto con nosotros utilizando los datos que figuran a continuaci\u00f3n y facil\u00edtenos todos los detalles de la presunta infracci\u00f3n. Investigaremos sin demora su reclamaci\u00f3n y le responderemos por escrito, inform\u00e1ndole del resultado de nuestra investigaci\u00f3n y de las medidas que tomaremos para resolver su reclamaci\u00f3n. Tambi\u00e9n tiene derecho a ponerse en contacto con una autoridad de control o de protecci\u00f3n de datos en relaci\u00f3n con su queja.<\/p>\n\n\n\n<p><strong>L\u00edmites de nuestra pol\u00edtica<\/strong><\/p>\n\n\n\n<p>Nuestro sitio web puede contener enlaces a sitios web externos no gestionados por nosotros. Tenga en cuenta que no tenemos ning\u00fan control sobre el contenido y las pol\u00edticas de estos sitios web y no podemos aceptar ninguna responsabilidad por sus pr\u00e1cticas de privacidad.<\/p>\n\n\n\n<p><strong>Cambios en esta pol\u00edtica<\/strong><\/p>\n\n\n\n<p>Podemos, a nuestra discreci\u00f3n, cambiar nuestra pol\u00edtica de privacidad para reflejar actualizaciones de nuestros procesos de negocio, pr\u00e1cticas aceptables actuales o cambios legales o reglamentarios. Si decidimos cambiar esta Pol\u00edtica de Privacidad, publicaremos los cambios aqu\u00ed en el mismo enlace que usted utiliza para acceder a esta Pol\u00edtica de Privacidad.<\/p>\n\n\n\n<p>Si la ley lo exige, obtendremos su consentimiento o le daremos la oportunidad de aceptar o rechazar nuevos usos de su informaci\u00f3n personal.<\/p>\n\n\n\n<p><strong>Control de sus datos personales<\/strong><\/p>\n\n\n\n<p>Puede restringir la recogida o el uso de sus datos personales de las siguientes maneras:<\/p>\n\n\n\n<p>Si previamente ha aceptado que utilicemos sus datos personales para fines de marketing directo, puede cambiar de opini\u00f3n en cualquier momento escribi\u00e9ndonos o envi\u00e1ndonos un correo electr\u00f3nico a sales@macalloy.com.<\/p>\n\n\n\n<p>No venderemos, compartiremos ni alquilaremos sus datos personales a terceros a menos que contemos con su permiso o la ley nos obligue a hacerlo. S\u00f3lo utilizaremos sus datos personales para proporcionarle informaci\u00f3n promocional sobre terceros que consideremos que pueda ser de su inter\u00e9s si usted lo ha consentido previamente.<\/p>\n\n\n\n<p>Puede solicitar informaci\u00f3n sobre los datos personales que tenemos sobre usted en virtud de la Ley de Protecci\u00f3n de Datos de 1998. Esto est\u00e1 sujeto a una peque\u00f1a tasa. Si desea una copia de la informaci\u00f3n que tenemos sobre usted, escriba a Macalloy, Caxton Way, Dinnington, S25 3QE.<\/p>\n\n\n\n<p>Si cree que la informaci\u00f3n que tenemos sobre usted es incorrecta o est\u00e1 incompleta, env\u00edenos un correo electr\u00f3nico a sales@macalloy.com o escr\u00edbanos a la direcci\u00f3n arriba indicada lo antes posible. Corregiremos inmediatamente cualquier informaci\u00f3n que resulte inexacta.<\/p>\n\n\n\n<div style=\"height:100px\" aria-hidden=\"true\" class=\"wp-block-spacer\"><\/div>\n","protected":false},"excerpt":{"rendered":"<p>Su privacidad es importante para nosotros La pol\u00edtica de McCalls Special Products Ltd, que opera como Macalloy, es respetar su privacidad y cumplir con todas las leyes y reglamentos aplicables en relaci\u00f3n con cualquier dato personal que podamos recopilar sobre usted, incluso a trav\u00e9s de nuestro sitio web, https:\/\/macalloy.com y otros sitios web que poseemos [&hellip;]<\/p>\n","protected":false},"author":4157,"featured_media":0,"parent":0,"menu_order":0,"comment_status":"closed","ping_status":"open","template":"","meta":{"footnotes":""},"class_list":["hentry","page"],"yoast_head":"<!-- This site is optimized with the Yoast SEO plugin v27.5 - https:\/\/yoast.com\/product\/yoast-seo-wordpress\/ -->\n<title>Normativa sobre protecci\u00f3n de datos |<\/title>\n<meta name=\"robots\" content=\"index, follow, max-snippet:-1, max-image-preview:large, max-video-preview:-1\" \/>\n<link rel=\"canonical\" href=\"https:\/\/macalloy.com\/es\/normativa-sobre-proteccion-de-datos\/\" \/>\n<meta property=\"og:locale\" content=\"es_ES\" \/>\n<meta property=\"og:type\" content=\"article\" \/>\n<meta property=\"og:title\" content=\"Normativa sobre protecci\u00f3n de datos |\" \/>\n<meta property=\"og:description\" content=\"Su privacidad es importante para nosotros La pol\u00edtica de McCalls Special Products Ltd, que opera como Macalloy, es respetar su privacidad y cumplir con todas las leyes y reglamentos aplicables en relaci\u00f3n con cualquier dato personal que podamos recopilar sobre usted, incluso a trav\u00e9s de nuestro sitio web, https:\/\/macalloy.com y otros sitios web que poseemos [&hellip;]\" \/>\n<meta property=\"og:url\" content=\"https:\/\/macalloy.com\/es\/normativa-sobre-proteccion-de-datos\/\" \/>\n<meta property=\"og:site_name\" content=\"Macalloy\" \/>\n<meta property=\"article:modified_time\" content=\"2024-01-09T15:17:07+00:00\" \/>\n<meta name=\"twitter:card\" content=\"summary_large_image\" \/>\n<meta name=\"twitter:label1\" content=\"Tiempo de lectura\" \/>\n\t<meta name=\"twitter:data1\" content=\"7 minutos\" \/>\n<script type=\"application\/ld+json\" class=\"yoast-schema-graph\">{\"@context\":\"https:\\\/\\\/schema.org\",\"@graph\":[{\"@type\":\"WebPage\",\"@id\":\"https:\\\/\\\/macalloy.com\\\/es\\\/normativa-sobre-proteccion-de-datos\\\/\",\"url\":\"https:\\\/\\\/macalloy.com\\\/es\\\/normativa-sobre-proteccion-de-datos\\\/\",\"name\":\"Normativa sobre protecci\u00f3n de datos |\",\"isPartOf\":{\"@id\":\"https:\\\/\\\/macalloy.com\\\/es\\\/#website\"},\"datePublished\":\"2024-01-09T15:12:40+00:00\",\"dateModified\":\"2024-01-09T15:17:07+00:00\",\"breadcrumb\":{\"@id\":\"https:\\\/\\\/macalloy.com\\\/es\\\/normativa-sobre-proteccion-de-datos\\\/#breadcrumb\"},\"inLanguage\":\"es\",\"potentialAction\":[{\"@type\":\"ReadAction\",\"target\":[\"https:\\\/\\\/macalloy.com\\\/es\\\/normativa-sobre-proteccion-de-datos\\\/\"]}]},{\"@type\":\"BreadcrumbList\",\"@id\":\"https:\\\/\\\/macalloy.com\\\/es\\\/normativa-sobre-proteccion-de-datos\\\/#breadcrumb\",\"itemListElement\":[{\"@type\":\"ListItem\",\"position\":1,\"name\":\"Home\",\"item\":\"https:\\\/\\\/macalloy.com\\\/es\\\/pagina-de-inicio\\\/\"},{\"@type\":\"ListItem\",\"position\":2,\"name\":\"Normativa sobre protecci\u00f3n de datos\"}]},{\"@type\":\"WebSite\",\"@id\":\"https:\\\/\\\/macalloy.com\\\/es\\\/#website\",\"url\":\"https:\\\/\\\/macalloy.com\\\/es\\\/\",\"name\":\"Macalloy\",\"description\":\"Threaded Bar Systems Trusted Worldwide\",\"potentialAction\":[{\"@type\":\"SearchAction\",\"target\":{\"@type\":\"EntryPoint\",\"urlTemplate\":\"https:\\\/\\\/macalloy.com\\\/es\\\/?s={search_term_string}\"},\"query-input\":{\"@type\":\"PropertyValueSpecification\",\"valueRequired\":true,\"valueName\":\"search_term_string\"}}],\"inLanguage\":\"es\"}]}<\/script>\n<!-- \/ Yoast SEO plugin. -->","yoast_head_json":{"title":"Normativa sobre protecci\u00f3n de datos |","robots":{"index":"index","follow":"follow","max-snippet":"max-snippet:-1","max-image-preview":"max-image-preview:large","max-video-preview":"max-video-preview:-1"},"canonical":"https:\/\/macalloy.com\/es\/normativa-sobre-proteccion-de-datos\/","og_locale":"es_ES","og_type":"article","og_title":"Normativa sobre protecci\u00f3n de datos |","og_description":"Su privacidad es importante para nosotros La pol\u00edtica de McCalls Special Products Ltd, que opera como Macalloy, es respetar su privacidad y cumplir con todas las leyes y reglamentos aplicables en relaci\u00f3n con cualquier dato personal que podamos recopilar sobre usted, incluso a trav\u00e9s de nuestro sitio web, https:\/\/macalloy.com y otros sitios web que poseemos [&hellip;]","og_url":"https:\/\/macalloy.com\/es\/normativa-sobre-proteccion-de-datos\/","og_site_name":"Macalloy","article_modified_time":"2024-01-09T15:17:07+00:00","twitter_card":"summary_large_image","twitter_misc":{"Tiempo de lectura":"7 minutos"},"schema":{"@context":"https:\/\/schema.org","@graph":[{"@type":"WebPage","@id":"https:\/\/macalloy.com\/es\/normativa-sobre-proteccion-de-datos\/","url":"https:\/\/macalloy.com\/es\/normativa-sobre-proteccion-de-datos\/","name":"Normativa sobre protecci\u00f3n de datos |","isPartOf":{"@id":"https:\/\/macalloy.com\/es\/#website"},"datePublished":"2024-01-09T15:12:40+00:00","dateModified":"2024-01-09T15:17:07+00:00","breadcrumb":{"@id":"https:\/\/macalloy.com\/es\/normativa-sobre-proteccion-de-datos\/#breadcrumb"},"inLanguage":"es","potentialAction":[{"@type":"ReadAction","target":["https:\/\/macalloy.com\/es\/normativa-sobre-proteccion-de-datos\/"]}]},{"@type":"BreadcrumbList","@id":"https:\/\/macalloy.com\/es\/normativa-sobre-proteccion-de-datos\/#breadcrumb","itemListElement":[{"@type":"ListItem","position":1,"name":"Home","item":"https:\/\/macalloy.com\/es\/pagina-de-inicio\/"},{"@type":"ListItem","position":2,"name":"Normativa sobre protecci\u00f3n de datos"}]},{"@type":"WebSite","@id":"https:\/\/macalloy.com\/es\/#website","url":"https:\/\/macalloy.com\/es\/","name":"Macalloy","description":"Threaded Bar Systems Trusted Worldwide","potentialAction":[{"@type":"SearchAction","target":{"@type":"EntryPoint","urlTemplate":"https:\/\/macalloy.com\/es\/?s={search_term_string}"},"query-input":{"@type":"PropertyValueSpecification","valueRequired":true,"valueName":"search_term_string"}}],"inLanguage":"es"}]}},"_links":{"self":[{"href":"https:\/\/macalloy.com\/es\/wp-json\/wp\/v2\/pages\/29734","targetHints":{"allow":["GET"]}}],"collection":[{"href":"https:\/\/macalloy.com\/es\/wp-json\/wp\/v2\/pages"}],"about":[{"href":"https:\/\/macalloy.com\/es\/wp-json\/wp\/v2\/types\/page"}],"author":[{"embeddable":true,"href":"https:\/\/macalloy.com\/es\/wp-json\/wp\/v2\/users\/4157"}],"replies":[{"embeddable":true,"href":"https:\/\/macalloy.com\/es\/wp-json\/wp\/v2\/comments?post=29734"}],"version-history":[{"count":0,"href":"https:\/\/macalloy.com\/es\/wp-json\/wp\/v2\/pages\/29734\/revisions"}],"wp:attachment":[{"href":"https:\/\/macalloy.com\/es\/wp-json\/wp\/v2\/media?parent=29734"}],"curies":[{"name":"wp","href":"https:\/\/api.w.org\/{rel}","templated":true}]}}