{"id":30516,"date":"2024-02-16T09:33:20","date_gmt":"2024-02-16T09:33:20","guid":{"rendered":"https:\/\/macalloy.com\/?page_id=30516"},"modified":"2024-08-19T15:26:22","modified_gmt":"2024-08-19T14:26:22","slug":"equipo-de-atencion-al-cliente","status":"publish","type":"page","link":"https:\/\/macalloy.com\/es\/equipo-de-atencion-al-cliente\/","title":{"rendered":"Equipo de atenci\u00f3n al cliente"},"content":{"rendered":"\n<h4 class=\"wp-block-heading\">En Macalloy, nos esforzamos por ayudarle a ganar sus proyectos.<\/h4>\n\n\n\n<p>En Macalloy, estamos orgullosos de haber establecido un equipo interno de atenci\u00f3n al cliente. No s\u00f3lo nos enorgullecemos de la calidad de nuestros productos, sino tambi\u00e9n de la asistencia que prestamos a nuestros clientes, ofreci\u00e9ndoles la tranquilidad de saber que todos los presupuestos y pedidos se tramitan con eficacia.<\/p>\n\n\n\n<p>Cuando realice una consulta en la fase de oferta o un pedido final al equipo de ventas interno o al jefe de ventas de zona (ASM), se registrar\u00e1 y se transferir\u00e1 al equipo de atenci\u00f3n al cliente. No obstante, seguir\u00e1 teniendo contacto con un Jefe de Ventas de \u00c1rea.<br>La asignaci\u00f3n de un \u00fanico punto de contacto en esta fase proporciona un equipo dedicado a supervisar su proyecto en los momentos adecuados para garantizar que su presupuesto es exacto y que el progreso del producto se supervisa de cerca, lo que le permite informar a sus clientes.<\/p>\n\n\n\n<p>Atenderemos todas sus consultas a lo largo del proyecto, ya que somos conscientes de su importancia, de que su pedido avanza y de que sus preguntas son atendidas.<br>El asesoramiento t\u00e9cnico est\u00e1 a su disposici\u00f3n y se remitir\u00e1 a nuestros ingenieros internos cuando sea necesario.<\/p>\n\n\n\n<h2 class=\"wp-block-heading\">Conoce al equipo<\/h2>\n\n\n\n<figure class=\"wp-block-image size-full is-resized\"><img fetchpriority=\"high\" decoding=\"async\" width=\"640\" height=\"480\" src=\"https:\/\/macalloy.com\/wp-content\/uploads\/2024\/08\/macalloy-client-support-team.jpg\" alt=\"\" class=\"wp-image-31186\" style=\"width:1040px\" srcset=\"https:\/\/macalloy.com\/wp-content\/uploads\/2024\/08\/macalloy-client-support-team.jpg 640w, https:\/\/macalloy.com\/wp-content\/uploads\/2024\/08\/macalloy-client-support-team-600x450.jpg 600w, https:\/\/macalloy.com\/wp-content\/uploads\/2024\/08\/macalloy-client-support-team-300x225.jpg 300w\" sizes=\"(max-width: 640px) 100vw, 640px\" \/><\/figure>\n\n\n\n<p>Karen Tindall y Lisa Williams son personal altamente experimentado que, gracias a su experiencia, atenci\u00f3n al cliente y enfoque servicial, responder\u00e1n a cualquier pregunta que pueda tener y le proporcionar\u00e1n un servicio fiable y puntual.<\/p>\n\n\n\n<p>C\u00f3mo ponerse en contacto con nosotros: Nuestro objetivo es responder en el mismo d\u00eda laborable<\/p>\n\n\n\n<p>Por correo electr\u00f3nico <a href=\"clientsupportteam@macalloy.com\">clientsupportteam@macalloy.com<\/a><br>Tel\u00e9fono: 01909 519202<\/p>\n\n\n\n<p>Nuestro equipo de atenci\u00f3n al cliente est\u00e1 disponible<br>Lunes &#8211; Jueves 8.30 am &#8211; 5 pm<br>Viernes &#8211; 8.30 &#8211; 15.00<\/p>\n","protected":false},"excerpt":{"rendered":"<p>En Macalloy, nos esforzamos por ayudarle a ganar sus proyectos. En Macalloy, estamos orgullosos de haber establecido un equipo interno de atenci\u00f3n al cliente. No s\u00f3lo nos enorgullecemos de la calidad de nuestros productos, sino tambi\u00e9n de la asistencia que prestamos a nuestros clientes, ofreci\u00e9ndoles la tranquilidad de saber que todos los presupuestos y pedidos [&hellip;]<\/p>\n","protected":false},"author":4157,"featured_media":0,"parent":0,"menu_order":0,"comment_status":"closed","ping_status":"closed","template":"","meta":{"footnotes":""},"class_list":["hentry","page"],"yoast_head":"<!-- This site is optimized with the Yoast SEO plugin v27.3 - https:\/\/yoast.com\/product\/yoast-seo-wordpress\/ -->\n<title>Equipo de atenci\u00f3n al cliente |<\/title>\n<meta name=\"robots\" content=\"index, follow, max-snippet:-1, max-image-preview:large, max-video-preview:-1\" \/>\n<link rel=\"canonical\" href=\"https:\/\/macalloy.com\/es\/equipo-de-atencion-al-cliente\/\" \/>\n<meta property=\"og:locale\" content=\"es_ES\" \/>\n<meta property=\"og:type\" content=\"article\" \/>\n<meta property=\"og:title\" content=\"Equipo de atenci\u00f3n al cliente |\" \/>\n<meta property=\"og:description\" content=\"En Macalloy, nos esforzamos por ayudarle a ganar sus proyectos. En Macalloy, estamos orgullosos de haber establecido un equipo interno de atenci\u00f3n al cliente. No s\u00f3lo nos enorgullecemos de la calidad de nuestros productos, sino tambi\u00e9n de la asistencia que prestamos a nuestros clientes, ofreci\u00e9ndoles la tranquilidad de saber que todos los presupuestos y pedidos [&hellip;]\" \/>\n<meta property=\"og:url\" content=\"https:\/\/macalloy.com\/es\/equipo-de-atencion-al-cliente\/\" \/>\n<meta property=\"og:site_name\" content=\"Macalloy\" \/>\n<meta property=\"article:modified_time\" content=\"2024-08-19T14:26:22+00:00\" \/>\n<meta property=\"og:image\" content=\"https:\/\/macalloy.com\/wp-content\/uploads\/2024\/08\/macalloy-client-support-team.jpg\" \/>\n<meta name=\"twitter:card\" content=\"summary_large_image\" \/>\n<meta name=\"twitter:label1\" content=\"Tiempo de lectura\" \/>\n\t<meta name=\"twitter:data1\" content=\"1 minuto\" \/>\n<script type=\"application\/ld+json\" class=\"yoast-schema-graph\">{\"@context\":\"https:\\\/\\\/schema.org\",\"@graph\":[{\"@type\":\"WebPage\",\"@id\":\"https:\\\/\\\/macalloy.com\\\/es\\\/equipo-de-atencion-al-cliente\\\/\",\"url\":\"https:\\\/\\\/macalloy.com\\\/es\\\/equipo-de-atencion-al-cliente\\\/\",\"name\":\"Equipo de atenci\u00f3n al cliente |\",\"isPartOf\":{\"@id\":\"https:\\\/\\\/macalloy.com\\\/es\\\/#website\"},\"primaryImageOfPage\":{\"@id\":\"https:\\\/\\\/macalloy.com\\\/es\\\/equipo-de-atencion-al-cliente\\\/#primaryimage\"},\"image\":{\"@id\":\"https:\\\/\\\/macalloy.com\\\/es\\\/equipo-de-atencion-al-cliente\\\/#primaryimage\"},\"thumbnailUrl\":\"https:\\\/\\\/macalloy.com\\\/wp-content\\\/uploads\\\/2024\\\/08\\\/macalloy-client-support-team.jpg\",\"datePublished\":\"2024-02-16T09:33:20+00:00\",\"dateModified\":\"2024-08-19T14:26:22+00:00\",\"breadcrumb\":{\"@id\":\"https:\\\/\\\/macalloy.com\\\/es\\\/equipo-de-atencion-al-cliente\\\/#breadcrumb\"},\"inLanguage\":\"es\",\"potentialAction\":[{\"@type\":\"ReadAction\",\"target\":[\"https:\\\/\\\/macalloy.com\\\/es\\\/equipo-de-atencion-al-cliente\\\/\"]}]},{\"@type\":\"ImageObject\",\"inLanguage\":\"es\",\"@id\":\"https:\\\/\\\/macalloy.com\\\/es\\\/equipo-de-atencion-al-cliente\\\/#primaryimage\",\"url\":\"https:\\\/\\\/macalloy.com\\\/wp-content\\\/uploads\\\/2024\\\/08\\\/macalloy-client-support-team.jpg\",\"contentUrl\":\"https:\\\/\\\/macalloy.com\\\/wp-content\\\/uploads\\\/2024\\\/08\\\/macalloy-client-support-team.jpg\"},{\"@type\":\"BreadcrumbList\",\"@id\":\"https:\\\/\\\/macalloy.com\\\/es\\\/equipo-de-atencion-al-cliente\\\/#breadcrumb\",\"itemListElement\":[{\"@type\":\"ListItem\",\"position\":1,\"name\":\"Home\",\"item\":\"https:\\\/\\\/macalloy.com\\\/es\\\/pagina-de-inicio\\\/\"},{\"@type\":\"ListItem\",\"position\":2,\"name\":\"Equipo de atenci\u00f3n al cliente\"}]},{\"@type\":\"WebSite\",\"@id\":\"https:\\\/\\\/macalloy.com\\\/es\\\/#website\",\"url\":\"https:\\\/\\\/macalloy.com\\\/es\\\/\",\"name\":\"Macalloy\",\"description\":\"Threaded Bar Systems Trusted Worldwide\",\"potentialAction\":[{\"@type\":\"SearchAction\",\"target\":{\"@type\":\"EntryPoint\",\"urlTemplate\":\"https:\\\/\\\/macalloy.com\\\/es\\\/?s={search_term_string}\"},\"query-input\":{\"@type\":\"PropertyValueSpecification\",\"valueRequired\":true,\"valueName\":\"search_term_string\"}}],\"inLanguage\":\"es\"}]}<\/script>\n<!-- \/ Yoast SEO plugin. -->","yoast_head_json":{"title":"Equipo de atenci\u00f3n al cliente |","robots":{"index":"index","follow":"follow","max-snippet":"max-snippet:-1","max-image-preview":"max-image-preview:large","max-video-preview":"max-video-preview:-1"},"canonical":"https:\/\/macalloy.com\/es\/equipo-de-atencion-al-cliente\/","og_locale":"es_ES","og_type":"article","og_title":"Equipo de atenci\u00f3n al cliente |","og_description":"En Macalloy, nos esforzamos por ayudarle a ganar sus proyectos. En Macalloy, estamos orgullosos de haber establecido un equipo interno de atenci\u00f3n al cliente. No s\u00f3lo nos enorgullecemos de la calidad de nuestros productos, sino tambi\u00e9n de la asistencia que prestamos a nuestros clientes, ofreci\u00e9ndoles la tranquilidad de saber que todos los presupuestos y pedidos [&hellip;]","og_url":"https:\/\/macalloy.com\/es\/equipo-de-atencion-al-cliente\/","og_site_name":"Macalloy","article_modified_time":"2024-08-19T14:26:22+00:00","og_image":[{"url":"https:\/\/macalloy.com\/wp-content\/uploads\/2024\/08\/macalloy-client-support-team.jpg","type":"","width":"","height":""}],"twitter_card":"summary_large_image","twitter_misc":{"Tiempo de lectura":"1 minuto"},"schema":{"@context":"https:\/\/schema.org","@graph":[{"@type":"WebPage","@id":"https:\/\/macalloy.com\/es\/equipo-de-atencion-al-cliente\/","url":"https:\/\/macalloy.com\/es\/equipo-de-atencion-al-cliente\/","name":"Equipo de atenci\u00f3n al cliente |","isPartOf":{"@id":"https:\/\/macalloy.com\/es\/#website"},"primaryImageOfPage":{"@id":"https:\/\/macalloy.com\/es\/equipo-de-atencion-al-cliente\/#primaryimage"},"image":{"@id":"https:\/\/macalloy.com\/es\/equipo-de-atencion-al-cliente\/#primaryimage"},"thumbnailUrl":"https:\/\/macalloy.com\/wp-content\/uploads\/2024\/08\/macalloy-client-support-team.jpg","datePublished":"2024-02-16T09:33:20+00:00","dateModified":"2024-08-19T14:26:22+00:00","breadcrumb":{"@id":"https:\/\/macalloy.com\/es\/equipo-de-atencion-al-cliente\/#breadcrumb"},"inLanguage":"es","potentialAction":[{"@type":"ReadAction","target":["https:\/\/macalloy.com\/es\/equipo-de-atencion-al-cliente\/"]}]},{"@type":"ImageObject","inLanguage":"es","@id":"https:\/\/macalloy.com\/es\/equipo-de-atencion-al-cliente\/#primaryimage","url":"https:\/\/macalloy.com\/wp-content\/uploads\/2024\/08\/macalloy-client-support-team.jpg","contentUrl":"https:\/\/macalloy.com\/wp-content\/uploads\/2024\/08\/macalloy-client-support-team.jpg"},{"@type":"BreadcrumbList","@id":"https:\/\/macalloy.com\/es\/equipo-de-atencion-al-cliente\/#breadcrumb","itemListElement":[{"@type":"ListItem","position":1,"name":"Home","item":"https:\/\/macalloy.com\/es\/pagina-de-inicio\/"},{"@type":"ListItem","position":2,"name":"Equipo de atenci\u00f3n al cliente"}]},{"@type":"WebSite","@id":"https:\/\/macalloy.com\/es\/#website","url":"https:\/\/macalloy.com\/es\/","name":"Macalloy","description":"Threaded Bar Systems Trusted Worldwide","potentialAction":[{"@type":"SearchAction","target":{"@type":"EntryPoint","urlTemplate":"https:\/\/macalloy.com\/es\/?s={search_term_string}"},"query-input":{"@type":"PropertyValueSpecification","valueRequired":true,"valueName":"search_term_string"}}],"inLanguage":"es"}]}},"_links":{"self":[{"href":"https:\/\/macalloy.com\/es\/wp-json\/wp\/v2\/pages\/30516","targetHints":{"allow":["GET"]}}],"collection":[{"href":"https:\/\/macalloy.com\/es\/wp-json\/wp\/v2\/pages"}],"about":[{"href":"https:\/\/macalloy.com\/es\/wp-json\/wp\/v2\/types\/page"}],"author":[{"embeddable":true,"href":"https:\/\/macalloy.com\/es\/wp-json\/wp\/v2\/users\/4157"}],"replies":[{"embeddable":true,"href":"https:\/\/macalloy.com\/es\/wp-json\/wp\/v2\/comments?post=30516"}],"version-history":[{"count":0,"href":"https:\/\/macalloy.com\/es\/wp-json\/wp\/v2\/pages\/30516\/revisions"}],"wp:attachment":[{"href":"https:\/\/macalloy.com\/es\/wp-json\/wp\/v2\/media?parent=30516"}],"curies":[{"name":"wp","href":"https:\/\/api.w.org\/{rel}","templated":true}]}}