{"id":31605,"date":"2025-01-27T21:15:52","date_gmt":"2025-01-27T21:15:52","guid":{"rendered":"https:\/\/macalloy.com\/?page_id=31605"},"modified":"2025-09-03T10:27:10","modified_gmt":"2025-09-03T09:27:10","slug":"seminarios-web","status":"publish","type":"page","link":"https:\/\/macalloy.com\/es\/cpd\/seminarios-web\/","title":{"rendered":"Seminarios web"},"content":{"rendered":"\n<div style=\"height:25px\" aria-hidden=\"true\" class=\"wp-block-spacer\"><\/div>\n\n\n\n<h3 class=\"wp-block-heading h4 has-neutral-0-color has-text-color animate animate\">Macalloy ofrece una serie de seminarios web de formaci\u00f3n gratuitos. Inscr\u00edbase AHORA.<\/h3>\n\n\n\n<p class=\"has-neutral-0-color has-text-color animate animate\">Estos seminarios tratan diversos temas y se han desarrollado pensando en los siguientes profesionales:<\/p>\n\n\n\n<ul class=\"wp-block-list has-neutral-0-color has-text-color\">\n<li>Contratistas de estructuras de acero y PT<\/li>\n\n\n\n<li>Ingenieros de cimentaci\u00f3n<\/li>\n<\/ul>\n\n\n\n<p class=\"has-neutral-0-color has-text-color animate animate\">Le invitamos a asistir junto con sus compa\u00f1eros, as\u00ed que no dude en invitarles tambi\u00e9n al seminario web gratuito. Solo tiene que hacer clic en el enlace siguiente para obtener m\u00e1s informaci\u00f3n e inscribirse. A continuaci\u00f3n, recibir\u00e1 un correo electr\u00f3nico con un enlace a YouTube para verlo cuando le resulte m\u00e1s conveniente.<\/p>\n\n\n\n<div class=\"wp-block-columns is-layout-flex wp-container-core-columns-is-layout-9d6595d7 wp-block-columns-is-layout-flex\">\n<div class=\"wp-block-column is-layout-flow wp-block-column-is-layout-flow\">\n<div class=\"wp-block-cover is-light has-link\" style=\"min-height:250px;aspect-ratio:unset;\"><img fetchpriority=\"high\" decoding=\"async\" width=\"1920\" height=\"1440\" class=\"wp-block-cover__image-background wp-image-2828\" alt=\"\" src=\"https:\/\/macalloystg.wpengine.com\/wp-content\/uploads\/2021\/10\/Macalloy-Bars-on-Troja-Bridge-1.jpg\" data-object-fit=\"cover\" srcset=\"https:\/\/macalloy.com\/wp-content\/uploads\/2021\/10\/Macalloy-Bars-on-Troja-Bridge-1.jpg 1920w, https:\/\/macalloy.com\/wp-content\/uploads\/2021\/10\/Macalloy-Bars-on-Troja-Bridge-1-600x450.jpg 600w, https:\/\/macalloy.com\/wp-content\/uploads\/2021\/10\/Macalloy-Bars-on-Troja-Bridge-1-300x225.jpg 300w, https:\/\/macalloy.com\/wp-content\/uploads\/2021\/10\/Macalloy-Bars-on-Troja-Bridge-1-1024x768.jpg 1024w, https:\/\/macalloy.com\/wp-content\/uploads\/2021\/10\/Macalloy-Bars-on-Troja-Bridge-1-768x576.jpg 768w, https:\/\/macalloy.com\/wp-content\/uploads\/2021\/10\/Macalloy-Bars-on-Troja-Bridge-1-1536x1152.jpg 1536w\" sizes=\"(max-width: 1920px) 100vw, 1920px\" \/><span aria-hidden=\"true\" class=\"wp-block-cover__background has-background-dim-30 has-background-dim\"><\/span><div class=\"wp-block-cover__inner-container is-layout-flow wp-block-cover-is-layout-flow\">\n<h3 class=\"wp-block-heading has-text-align-center h5 has-neutral-0-color has-text-color\"><a href=\"https:\/\/macalloy.com\/es\/cpd\/seminarios-web\/fatiga-en-barras-de-tension-en-puentes\/\">Fatiga en puentes<\/a><\/h3>\n<\/div><\/div>\n<\/div>\n\n\n\n<div class=\"wp-block-column is-layout-flow wp-block-column-is-layout-flow\">\n<div class=\"wp-block-cover is-light has-link\" style=\"min-height:250px;aspect-ratio:unset;\"><img decoding=\"async\" width=\"1046\" height=\"792\" class=\"wp-block-cover__image-background wp-image-2831\" alt=\"\" src=\"https:\/\/macalloystg.wpengine.com\/wp-content\/uploads\/2021\/10\/Macalloy-S650-Cropped-Copy.jpg\" data-object-fit=\"cover\" srcset=\"https:\/\/macalloy.com\/wp-content\/uploads\/2021\/10\/Macalloy-S650-Cropped-Copy.jpg 1046w, https:\/\/macalloy.com\/wp-content\/uploads\/2021\/10\/Macalloy-S650-Cropped-Copy-600x454.jpg 600w, https:\/\/macalloy.com\/wp-content\/uploads\/2021\/10\/Macalloy-S650-Cropped-Copy-300x227.jpg 300w, https:\/\/macalloy.com\/wp-content\/uploads\/2021\/10\/Macalloy-S650-Cropped-Copy-1024x775.jpg 1024w, https:\/\/macalloy.com\/wp-content\/uploads\/2021\/10\/Macalloy-S650-Cropped-Copy-768x582.jpg 768w\" sizes=\"(max-width: 1046px) 100vw, 1046px\" \/><span aria-hidden=\"true\" class=\"wp-block-cover__background has-background-dim-30 has-background-dim\"><\/span><div class=\"wp-block-cover__inner-container is-layout-flow wp-block-cover-is-layout-flow\">\n<h2 class=\"wp-block-heading has-text-align-center h5 has-neutral-0-color has-text-color\"><a href=\"https:\/\/macalloy.com\/es\/cpd\/seminarios-web\/barra-roscada-de-acero-inoxidable-macalloy-s650\/\">Macalloy<br>S650<\/a><\/h2>\n<\/div><\/div>\n<\/div>\n\n\n\n<div class=\"wp-block-column is-layout-flow wp-block-column-is-layout-flow\">\n<div class=\"wp-block-cover is-light has-link\" style=\"min-height:250px;aspect-ratio:unset;\"><img decoding=\"async\" width=\"1920\" height=\"1440\" class=\"wp-block-cover__image-background wp-image-2835\" alt=\"\" src=\"https:\/\/macalloystg.wpengine.com\/wp-content\/uploads\/2021\/10\/Clyde-Bergemann-Project-scaled-1.jpg\" data-object-fit=\"cover\" srcset=\"https:\/\/macalloy.com\/wp-content\/uploads\/2021\/10\/Clyde-Bergemann-Project-scaled-1.jpg 1920w, https:\/\/macalloy.com\/wp-content\/uploads\/2021\/10\/Clyde-Bergemann-Project-scaled-1-600x450.jpg 600w, https:\/\/macalloy.com\/wp-content\/uploads\/2021\/10\/Clyde-Bergemann-Project-scaled-1-300x225.jpg 300w, https:\/\/macalloy.com\/wp-content\/uploads\/2021\/10\/Clyde-Bergemann-Project-scaled-1-1024x768.jpg 1024w, https:\/\/macalloy.com\/wp-content\/uploads\/2021\/10\/Clyde-Bergemann-Project-scaled-1-768x576.jpg 768w, https:\/\/macalloy.com\/wp-content\/uploads\/2021\/10\/Clyde-Bergemann-Project-scaled-1-1536x1152.jpg 1536w\" sizes=\"(max-width: 1920px) 100vw, 1920px\" \/><span aria-hidden=\"true\" class=\"wp-block-cover__background has-background-dim-30 has-background-dim\"><\/span><div class=\"wp-block-cover__inner-container is-layout-flow wp-block-cover-is-layout-flow\">\n<h2 class=\"wp-block-heading has-text-align-center h5 has-neutral-0-color has-text-color\"><a href=\"https:\/\/macalloy.com\/es\/cpd\/seminarios-web\/proteccion-contra-la-corrosion\/\">Protecci\u00f3n contra la corrosi\u00f3n<\/a><\/h2>\n<\/div><\/div>\n<\/div>\n<\/div>\n\n\n\n<div class=\"wp-block-columns is-layout-flex wp-container-core-columns-is-layout-9d6595d7 wp-block-columns-is-layout-flex\">\n<div class=\"wp-block-column is-layout-flow wp-block-column-is-layout-flow\">\n<div class=\"wp-block-cover is-light has-link\" style=\"min-height:250px;aspect-ratio:unset;\"><img loading=\"lazy\" decoding=\"async\" width=\"1920\" height=\"1280\" class=\"wp-block-cover__image-background wp-image-2838\" alt=\"\" src=\"https:\/\/macalloystg.wpengine.com\/wp-content\/uploads\/2021\/10\/IMG_0092_1_1533_0-scaled-1.jpg\" style=\"object-position:59% 64%\" data-object-fit=\"cover\" data-object-position=\"59% 64%\" srcset=\"https:\/\/macalloy.com\/wp-content\/uploads\/2021\/10\/IMG_0092_1_1533_0-scaled-1.jpg 1920w, https:\/\/macalloy.com\/wp-content\/uploads\/2021\/10\/IMG_0092_1_1533_0-scaled-1-600x400.jpg 600w, https:\/\/macalloy.com\/wp-content\/uploads\/2021\/10\/IMG_0092_1_1533_0-scaled-1-300x200.jpg 300w, https:\/\/macalloy.com\/wp-content\/uploads\/2021\/10\/IMG_0092_1_1533_0-scaled-1-1024x683.jpg 1024w, https:\/\/macalloy.com\/wp-content\/uploads\/2021\/10\/IMG_0092_1_1533_0-scaled-1-768x512.jpg 768w, https:\/\/macalloy.com\/wp-content\/uploads\/2021\/10\/IMG_0092_1_1533_0-scaled-1-1536x1024.jpg 1536w\" sizes=\"(max-width: 1920px) 100vw, 1920px\" \/><span aria-hidden=\"true\" class=\"wp-block-cover__background has-background-dim-30 has-background-dim\"><\/span><div class=\"wp-block-cover__inner-container is-layout-flow wp-block-cover-is-layout-flow\">\n<h2 class=\"wp-block-heading has-text-align-center h5 has-neutral-0-color has-text-color\"><a href=\"https:\/\/macalloy.com\/es\/cpd\/seminarios-web\/fatiga-en-barras-de-tension-en-ingenieria-civil\/\">Fatiga en barras de tensi\u00f3n<\/a><\/h2>\n<\/div><\/div>\n<\/div>\n\n\n\n<div class=\"wp-block-column is-layout-flow wp-block-column-is-layout-flow\">\n<div class=\"wp-block-cover has-link\" style=\"min-height:250px;aspect-ratio:unset;\"><img loading=\"lazy\" decoding=\"async\" width=\"500\" height=\"460\" class=\"wp-block-cover__image-background wp-image-27223 size-full\" alt=\"Kolomoen Footbridge , Hedmark, Norway\" src=\"https:\/\/macalloy.com\/wp-content\/uploads\/2023\/01\/WebP-Kolomoen-Bridge-Norway-2009-bottom.webp\" data-object-fit=\"cover\" srcset=\"https:\/\/macalloy.com\/wp-content\/uploads\/2023\/01\/WebP-Kolomoen-Bridge-Norway-2009-bottom.webp 500w, https:\/\/macalloy.com\/wp-content\/uploads\/2023\/01\/WebP-Kolomoen-Bridge-Norway-2009-bottom-300x276.webp 300w\" sizes=\"(max-width: 500px) 100vw, 500px\" \/><span aria-hidden=\"true\" class=\"wp-block-cover__background has-neutral-900-background-color has-background-dim-30 has-background-dim\"><\/span><div class=\"wp-block-cover__inner-container is-layout-flow wp-block-cover-is-layout-flow\">\n<h2 class=\"wp-block-heading has-text-align-center h5 has-neutral-0-color has-text-color\"><a href=\"https:\/\/macalloy.com\/es\/cpd\/seminarios-web\/elementos-estructurales-de-acero-en-puentes-acreditado-por-el-riba\/\">Elementos estructurales de acero en puentes<\/a><\/h2>\n<\/div><\/div>\n<\/div>\n\n\n\n<div class=\"wp-block-column is-layout-flow wp-block-column-is-layout-flow\"><\/div>\n<\/div>\n\n\n\n<div style=\"height:100px\" aria-hidden=\"true\" class=\"wp-block-spacer\"><\/div>\n\n\n\n<div class=\"wp-block-cover alignfull is-light mt-0 mb-0 animate animate--up\" style=\"min-height:600px;aspect-ratio:unset;\"><span aria-hidden=\"true\" class=\"wp-block-cover__background has-background-dim-30 has-background-dim\"><\/span><img loading=\"lazy\" decoding=\"async\" width=\"1920\" height=\"1280\" class=\"wp-block-cover__image-background wp-image-2035\" alt=\"\" src=\"https:\/\/macalloystg.wpengine.com\/wp-content\/uploads\/2021\/09\/Macalloy-112A2129.jpg\" style=\"object-position:58% 68%\" data-object-fit=\"cover\" data-object-position=\"58% 68%\" srcset=\"https:\/\/macalloy.com\/wp-content\/uploads\/2021\/09\/Macalloy-112A2129.jpg 1920w, https:\/\/macalloy.com\/wp-content\/uploads\/2021\/09\/Macalloy-112A2129-600x400.jpg 600w, https:\/\/macalloy.com\/wp-content\/uploads\/2021\/09\/Macalloy-112A2129-300x200.jpg 300w, https:\/\/macalloy.com\/wp-content\/uploads\/2021\/09\/Macalloy-112A2129-1024x683.jpg 1024w, https:\/\/macalloy.com\/wp-content\/uploads\/2021\/09\/Macalloy-112A2129-768x512.jpg 768w, https:\/\/macalloy.com\/wp-content\/uploads\/2021\/09\/Macalloy-112A2129-1536x1024.jpg 1536w\" sizes=\"(max-width: 1920px) 100vw, 1920px\" \/><div class=\"wp-block-cover__inner-container is-layout-flow wp-block-cover-is-layout-flow\">\n<div class=\"wp-block-columns alignwide is-layout-flex wp-container-core-columns-is-layout-9d6595d7 wp-block-columns-is-layout-flex\">\n<div class=\"wp-block-column is-layout-flow wp-block-column-is-layout-flow\">\n<h4 class=\"wp-block-heading has-neutral-0-color has-text-color animate animate--right animate--delay-short\">\u00bfQuiere hablar de un proyecto?<\/h4>\n\n\n\n<h2 class=\"wp-block-heading mb-1 h1 has-neutral-0-color has-text-color animate animate--left animate--delay-medium\">+44 (0)1909 519 200<\/h2>\n\n\n\n<p class=\"has-neutral-0-color has-text-color animate animate--left animate--delay-long\">Ll\u00e1menos o utilice el chat en directo para obtener una respuesta r\u00e1pida.<\/p>\n<\/div>\n\n\n\n<div class=\"wp-block-column is-layout-flow wp-block-column-is-layout-flow\"><\/div>\n<\/div>\n<\/div><\/div>\n","protected":false},"excerpt":{"rendered":"<p>Macalloy ofrece una serie de seminarios web de formaci\u00f3n gratuitos. Inscr\u00edbase AHORA. Estos seminarios tratan diversos temas y se han desarrollado pensando en los siguientes profesionales: Le invitamos a asistir junto con sus compa\u00f1eros, as\u00ed que no dude en invitarles tambi\u00e9n al seminario web gratuito. Solo tiene que hacer clic en el enlace siguiente para [&hellip;]<\/p>\n","protected":false},"author":3,"featured_media":0,"parent":32809,"menu_order":0,"comment_status":"closed","ping_status":"closed","template":"templates\/tpl-webinars.php","meta":{"footnotes":""},"class_list":["hentry","page"],"yoast_head":"<!-- This site is optimized with the Yoast SEO plugin v27.4 - https:\/\/yoast.com\/product\/yoast-seo-wordpress\/ -->\n<title>Seminarios web |<\/title>\n<meta name=\"robots\" content=\"index, follow, max-snippet:-1, max-image-preview:large, max-video-preview:-1\" \/>\n<link rel=\"canonical\" href=\"https:\/\/macalloy.com\/es\/cpd\/seminarios-web\/\" \/>\n<meta property=\"og:locale\" content=\"es_ES\" \/>\n<meta property=\"og:type\" content=\"article\" \/>\n<meta property=\"og:title\" content=\"Seminarios web |\" \/>\n<meta property=\"og:description\" content=\"Macalloy ofrece una serie de seminarios web de formaci\u00f3n gratuitos. Inscr\u00edbase AHORA. Estos seminarios tratan diversos temas y se han desarrollado pensando en los siguientes profesionales: Le invitamos a asistir junto con sus compa\u00f1eros, as\u00ed que no dude en invitarles tambi\u00e9n al seminario web gratuito. Solo tiene que hacer clic en el enlace siguiente para [&hellip;]\" \/>\n<meta property=\"og:url\" content=\"https:\/\/macalloy.com\/es\/cpd\/seminarios-web\/\" \/>\n<meta property=\"og:site_name\" content=\"Macalloy\" \/>\n<meta property=\"article:modified_time\" content=\"2025-09-03T09:27:10+00:00\" \/>\n<meta property=\"og:image\" content=\"https:\/\/macalloy.com\/wp-content\/uploads\/2021\/10\/Macalloy-Bars-on-Troja-Bridge-1.jpg\" \/>\n\t<meta property=\"og:image:width\" content=\"1920\" \/>\n\t<meta property=\"og:image:height\" content=\"1440\" \/>\n\t<meta property=\"og:image:type\" content=\"image\/jpeg\" \/>\n<meta name=\"twitter:card\" content=\"summary_large_image\" \/>\n<meta name=\"twitter:label1\" content=\"Tiempo de lectura\" \/>\n\t<meta name=\"twitter:data1\" content=\"1 minuto\" \/>\n<script type=\"application\/ld+json\" class=\"yoast-schema-graph\">{\"@context\":\"https:\\\/\\\/schema.org\",\"@graph\":[{\"@type\":\"WebPage\",\"@id\":\"https:\\\/\\\/macalloy.com\\\/es\\\/cpd\\\/seminarios-web\\\/\",\"url\":\"https:\\\/\\\/macalloy.com\\\/es\\\/cpd\\\/seminarios-web\\\/\",\"name\":\"Seminarios web |\",\"isPartOf\":{\"@id\":\"https:\\\/\\\/macalloy.com\\\/es\\\/#website\"},\"primaryImageOfPage\":{\"@id\":\"https:\\\/\\\/macalloy.com\\\/es\\\/cpd\\\/seminarios-web\\\/#primaryimage\"},\"image\":{\"@id\":\"https:\\\/\\\/macalloy.com\\\/es\\\/cpd\\\/seminarios-web\\\/#primaryimage\"},\"thumbnailUrl\":\"https:\\\/\\\/macalloystg.wpengine.com\\\/wp-content\\\/uploads\\\/2021\\\/10\\\/Macalloy-Bars-on-Troja-Bridge-1.jpg\",\"datePublished\":\"2025-01-27T21:15:52+00:00\",\"dateModified\":\"2025-09-03T09:27:10+00:00\",\"breadcrumb\":{\"@id\":\"https:\\\/\\\/macalloy.com\\\/es\\\/cpd\\\/seminarios-web\\\/#breadcrumb\"},\"inLanguage\":\"es\",\"potentialAction\":[{\"@type\":\"ReadAction\",\"target\":[\"https:\\\/\\\/macalloy.com\\\/es\\\/cpd\\\/seminarios-web\\\/\"]}]},{\"@type\":\"ImageObject\",\"inLanguage\":\"es\",\"@id\":\"https:\\\/\\\/macalloy.com\\\/es\\\/cpd\\\/seminarios-web\\\/#primaryimage\",\"url\":\"https:\\\/\\\/macalloystg.wpengine.com\\\/wp-content\\\/uploads\\\/2021\\\/10\\\/Macalloy-Bars-on-Troja-Bridge-1.jpg\",\"contentUrl\":\"https:\\\/\\\/macalloystg.wpengine.com\\\/wp-content\\\/uploads\\\/2021\\\/10\\\/Macalloy-Bars-on-Troja-Bridge-1.jpg\"},{\"@type\":\"BreadcrumbList\",\"@id\":\"https:\\\/\\\/macalloy.com\\\/es\\\/cpd\\\/seminarios-web\\\/#breadcrumb\",\"itemListElement\":[{\"@type\":\"ListItem\",\"position\":1,\"name\":\"Home\",\"item\":\"https:\\\/\\\/macalloy.com\\\/es\\\/pagina-de-inicio\\\/\"},{\"@type\":\"ListItem\",\"position\":2,\"name\":\"CPD\",\"item\":\"https:\\\/\\\/macalloy.com\\\/es\\\/cpd\\\/\"},{\"@type\":\"ListItem\",\"position\":3,\"name\":\"Seminarios web\"}]},{\"@type\":\"WebSite\",\"@id\":\"https:\\\/\\\/macalloy.com\\\/es\\\/#website\",\"url\":\"https:\\\/\\\/macalloy.com\\\/es\\\/\",\"name\":\"Macalloy\",\"description\":\"Threaded Bar Systems Trusted Worldwide\",\"potentialAction\":[{\"@type\":\"SearchAction\",\"target\":{\"@type\":\"EntryPoint\",\"urlTemplate\":\"https:\\\/\\\/macalloy.com\\\/es\\\/?s={search_term_string}\"},\"query-input\":{\"@type\":\"PropertyValueSpecification\",\"valueRequired\":true,\"valueName\":\"search_term_string\"}}],\"inLanguage\":\"es\"}]}<\/script>\n<!-- \/ Yoast SEO plugin. -->","yoast_head_json":{"title":"Seminarios web |","robots":{"index":"index","follow":"follow","max-snippet":"max-snippet:-1","max-image-preview":"max-image-preview:large","max-video-preview":"max-video-preview:-1"},"canonical":"https:\/\/macalloy.com\/es\/cpd\/seminarios-web\/","og_locale":"es_ES","og_type":"article","og_title":"Seminarios web |","og_description":"Macalloy ofrece una serie de seminarios web de formaci\u00f3n gratuitos. Inscr\u00edbase AHORA. Estos seminarios tratan diversos temas y se han desarrollado pensando en los siguientes profesionales: Le invitamos a asistir junto con sus compa\u00f1eros, as\u00ed que no dude en invitarles tambi\u00e9n al seminario web gratuito. Solo tiene que hacer clic en el enlace siguiente para [&hellip;]","og_url":"https:\/\/macalloy.com\/es\/cpd\/seminarios-web\/","og_site_name":"Macalloy","article_modified_time":"2025-09-03T09:27:10+00:00","og_image":[{"width":1920,"height":1440,"url":"https:\/\/macalloy.com\/wp-content\/uploads\/2021\/10\/Macalloy-Bars-on-Troja-Bridge-1.jpg","type":"image\/jpeg"}],"twitter_card":"summary_large_image","twitter_misc":{"Tiempo de lectura":"1 minuto"},"schema":{"@context":"https:\/\/schema.org","@graph":[{"@type":"WebPage","@id":"https:\/\/macalloy.com\/es\/cpd\/seminarios-web\/","url":"https:\/\/macalloy.com\/es\/cpd\/seminarios-web\/","name":"Seminarios web |","isPartOf":{"@id":"https:\/\/macalloy.com\/es\/#website"},"primaryImageOfPage":{"@id":"https:\/\/macalloy.com\/es\/cpd\/seminarios-web\/#primaryimage"},"image":{"@id":"https:\/\/macalloy.com\/es\/cpd\/seminarios-web\/#primaryimage"},"thumbnailUrl":"https:\/\/macalloystg.wpengine.com\/wp-content\/uploads\/2021\/10\/Macalloy-Bars-on-Troja-Bridge-1.jpg","datePublished":"2025-01-27T21:15:52+00:00","dateModified":"2025-09-03T09:27:10+00:00","breadcrumb":{"@id":"https:\/\/macalloy.com\/es\/cpd\/seminarios-web\/#breadcrumb"},"inLanguage":"es","potentialAction":[{"@type":"ReadAction","target":["https:\/\/macalloy.com\/es\/cpd\/seminarios-web\/"]}]},{"@type":"ImageObject","inLanguage":"es","@id":"https:\/\/macalloy.com\/es\/cpd\/seminarios-web\/#primaryimage","url":"https:\/\/macalloystg.wpengine.com\/wp-content\/uploads\/2021\/10\/Macalloy-Bars-on-Troja-Bridge-1.jpg","contentUrl":"https:\/\/macalloystg.wpengine.com\/wp-content\/uploads\/2021\/10\/Macalloy-Bars-on-Troja-Bridge-1.jpg"},{"@type":"BreadcrumbList","@id":"https:\/\/macalloy.com\/es\/cpd\/seminarios-web\/#breadcrumb","itemListElement":[{"@type":"ListItem","position":1,"name":"Home","item":"https:\/\/macalloy.com\/es\/pagina-de-inicio\/"},{"@type":"ListItem","position":2,"name":"CPD","item":"https:\/\/macalloy.com\/es\/cpd\/"},{"@type":"ListItem","position":3,"name":"Seminarios web"}]},{"@type":"WebSite","@id":"https:\/\/macalloy.com\/es\/#website","url":"https:\/\/macalloy.com\/es\/","name":"Macalloy","description":"Threaded Bar Systems Trusted Worldwide","potentialAction":[{"@type":"SearchAction","target":{"@type":"EntryPoint","urlTemplate":"https:\/\/macalloy.com\/es\/?s={search_term_string}"},"query-input":{"@type":"PropertyValueSpecification","valueRequired":true,"valueName":"search_term_string"}}],"inLanguage":"es"}]}},"_links":{"self":[{"href":"https:\/\/macalloy.com\/es\/wp-json\/wp\/v2\/pages\/31605","targetHints":{"allow":["GET"]}}],"collection":[{"href":"https:\/\/macalloy.com\/es\/wp-json\/wp\/v2\/pages"}],"about":[{"href":"https:\/\/macalloy.com\/es\/wp-json\/wp\/v2\/types\/page"}],"author":[{"embeddable":true,"href":"https:\/\/macalloy.com\/es\/wp-json\/wp\/v2\/users\/3"}],"replies":[{"embeddable":true,"href":"https:\/\/macalloy.com\/es\/wp-json\/wp\/v2\/comments?post=31605"}],"version-history":[{"count":0,"href":"https:\/\/macalloy.com\/es\/wp-json\/wp\/v2\/pages\/31605\/revisions"}],"up":[{"embeddable":true,"href":"https:\/\/macalloy.com\/es\/wp-json\/wp\/v2\/pages\/32809"}],"wp:attachment":[{"href":"https:\/\/macalloy.com\/es\/wp-json\/wp\/v2\/media?parent=31605"}],"curies":[{"name":"wp","href":"https:\/\/api.w.org\/{rel}","templated":true}]}}