{"id":21681,"date":"2021-09-29T10:08:21","date_gmt":"2021-09-29T10:08:21","guid":{"rendered":"https:\/\/macalloy.com\/about\/quality\/"},"modified":"2024-12-06T11:01:57","modified_gmt":"2024-12-06T11:01:57","slug":"quality","status":"publish","type":"page","link":"https:\/\/macalloy.com\/fr\/a-propos-de\/quality\/","title":{"rendered":"Qualit\u00e9"},"content":{"rendered":"\n<div class=\"wp-block-media-text alignwide has-media-on-the-right is-stacked-on-mobile is-image-fill has-background-highlight-colour has-primary-900-color has-primary-900-background-color has-text-color has-background animate animate\"><div class=\"wp-block-media-text__content\">\n<h5 class=\"wp-block-heading has-neutral-0-color has-text-color animate animate\">La marque Macalloy est synonyme de qualit\u00e9, et nous avons mis en place des syst\u00e8mes de gestion de la qualit\u00e9 et des processus complets pour garantir que chaque produit est fabriqu\u00e9 selon les m\u00eames normes \u00e9lev\u00e9es que celles que nos clients attendent.<\/h5>\n<\/div><figure class=\"wp-block-media-text__media\" style=\"background-image:url(https:\/\/macalloystg.wpengine.com\/wp-content\/uploads\/2021\/09\/112A1998-1000x680.jpg);background-position:45% 45%\"><img fetchpriority=\"high\" decoding=\"async\" width=\"1000\" height=\"680\" src=\"https:\/\/macalloystg.wpengine.com\/wp-content\/uploads\/2021\/09\/112A1998-1000x680.jpg\" alt=\"\" class=\"wp-image-2217 size-rectangle\"\/><\/figure><\/div>\n\n\n\n<div style=\"height:30px\" aria-hidden=\"true\" class=\"wp-block-spacer\"><\/div>\n\n\n\n<div class=\"wp-block-media-text alignwide is-stacked-on-mobile is-image-fill has-background-highlight-colour animate animate--left animate--delay-short\"><figure class=\"wp-block-media-text__media\" style=\"background-image:url(https:\/\/macalloystg.wpengine.com\/wp-content\/uploads\/2021\/09\/Macalloy-112A8180-1024x683.jpg);background-position:50% 50%\"><img decoding=\"async\" width=\"1024\" height=\"683\" src=\"https:\/\/macalloystg.wpengine.com\/wp-content\/uploads\/2021\/09\/Macalloy-112A8180-1024x683.jpg\" alt=\"\" class=\"wp-image-2062 size-full\" srcset=\"https:\/\/macalloy.com\/wp-content\/uploads\/2021\/09\/Macalloy-112A8180-1024x683.jpg 1024w, https:\/\/macalloy.com\/wp-content\/uploads\/2021\/09\/Macalloy-112A8180-600x400.jpg 600w, https:\/\/macalloy.com\/wp-content\/uploads\/2021\/09\/Macalloy-112A8180-300x200.jpg 300w, https:\/\/macalloy.com\/wp-content\/uploads\/2021\/09\/Macalloy-112A8180-768x512.jpg 768w, https:\/\/macalloy.com\/wp-content\/uploads\/2021\/09\/Macalloy-112A8180-1536x1024.jpg 1536w, https:\/\/macalloy.com\/wp-content\/uploads\/2021\/09\/Macalloy-112A8180.jpg 1920w\" sizes=\"(max-width: 1024px) 100vw, 1024px\" \/><\/figure><div class=\"wp-block-media-text__content\">\n<h3 class=\"wp-block-heading h5 has-primary-900-color has-text-color animate animate--up animate--delay-short\">Nos normes de qualit\u00e9 signifient que nous sommes approuv\u00e9s pour fournir des produits pour :<\/h3>\n\n\n\n<div style=\"height:25px\" aria-hidden=\"true\" class=\"wp-block-spacer\"><\/div>\n\n\n\n<ul class=\"wp-block-list\">\n<li>Immeubles r\u00e9sidentiels et de bureaux<\/li>\n\n\n\n<li>Structures de toit de grande surface surplombant des lieux de rassemblement public\/stades<\/li>\n\n\n\n<li>Immeubles de plus de 15 \u00e9tages<\/li>\n\n\n\n<li>Ponts pour pi\u00e9tons et cyclistes<\/li>\n\n\n\n<li>Ponts routiers<\/li>\n\n\n\n<li>Ponts ferroviaires<\/li>\n\n\n\n<li>Man\u00e8ges forains<\/li>\n\n\n\n<li>Tours et m\u00e2ts, y compris les structures de support d&#8217;antennes<\/li>\n\n\n\n<li>Chemins de grue<\/li>\n\n\n\n<li>Tours cylindriques telles que les chemin\u00e9es en acier<\/li>\n\n\n\n<li>Auvents \/ Fa\u00e7ades \/ Bases de grue \/ Transporteurs et empileurs miniers \/ Quais \/ Murs de tunnel \/ Escaliers flottants ou suspendus<\/li>\n<\/ul>\n<\/div><\/div>\n\n\n\n<div style=\"height:55px\" aria-hidden=\"true\" class=\"wp-block-spacer\"><\/div>\n\n\n\n<div class=\"wp-block-columns mb-0 animate animate--up is-layout-flex wp-container-core-columns-is-layout-9d6595d7 wp-block-columns-is-layout-flex\">\n<div class=\"wp-block-column is-layout-flow wp-block-column-is-layout-flow\">\n<h2 class=\"wp-block-heading h3 has-primary-900-color has-text-color animate animate--left\">Agr\u00e9ments et certifications.<\/h2>\n\n\n\n<hr class=\"wp-block-separator has-text-color has-primary-900-color has-css-opacity has-primary-900-background-color has-background animate animate--left\"\/>\n<\/div>\n\n\n\n<div class=\"wp-block-column is-layout-flow wp-block-column-is-layout-flow\">\n<p class=\"lead\"><\/p>\n<\/div>\n<\/div>\n\n\n\n<div class=\"wp-block-columns mt-0 animate animate--up animate--delay-short is-layout-flex wp-container-core-columns-is-layout-9d6595d7 wp-block-columns-is-layout-flex\">\n<div class=\"wp-block-column animate animate--up animate--delay-short is-layout-flow wp-block-column-is-layout-flow\" style=\"flex-basis:50%\">\n<p class=\"animate animate--up animate--delay-short\">Notre syst\u00e8me d&#8217;assurance qualit\u00e9 est conforme aux exigences de la norme BS EN ISO 9001:2015 ainsi qu&#8217;aux exigences FPC de la norme BS EN 1090 jusqu&#8217;\u00e0 une classe d&#8217;ex\u00e9cution de niveau 3.<\/p>\n\n\n\n<p class=\"animate animate--up animate--delay-short\">Pour nos syst\u00e8mes Macalloy 1030, nous d\u00e9tenons un agr\u00e9ment technique europ\u00e9en 210054 qui a \u00e9t\u00e9 cr\u00e9\u00e9 par rapport au document d&#8217;\u00e9valuation europ\u00e9en EOTA EAD 160004-00-0301.<\/p>\n\n\n\n<p class=\"animate animate--up animate--delay-short\">Pour r\u00e9pondre aux exigences du document EAD 160004-00-0301, un plan de test de contr\u00f4le de la production en usine est en place. Une condition pr\u00e9alable de l&#8217;EAD 160004-00-0301 est que les barres soient conformes \u00e0 la norme europ\u00e9enne pr\u00e9liminaire prEN 10138.<\/p>\n\n\n\n<p>Les produits sont CE 1090 certificat &#8211; 0809-CPR-21004864<\/p>\n<\/div>\n\n\n\n<div class=\"wp-block-column is-layout-flow wp-block-column-is-layout-flow\" style=\"flex-basis:50%\">\n<p class=\"animate animate--up animate--delay-short\">Les syst\u00e8mes de barres de traction Macalloy ont \u00e9galement leur propre agr\u00e9ment technique europ\u00e9en 210053, qui a \u00e9t\u00e9 mis en correspondance avec les exigences du document d&#8217;\u00e9valuation europ\u00e9en EOTA EAD 200032-00-0602. Nous avons \u00e9galement mis en place des plans de contr\u00f4le de la production en usine (FPC) pour ces syst\u00e8mes.<\/p>\n\n\n\n<p class=\"animate animate--up animate--delay-short\">Les accr\u00e9ditations ETA21\/0053, ETA21\/0054 et BS EN ISO 9001 : 2015 sont v\u00e9rifi\u00e9es deux fois par an par notre organisme d&#8217;approbation notifi\u00e9, le British Board of Agr\u00e9ment (BBA).<\/p>\n\n\n\n<p class=\"animate animate--up animate--delay-short\">Les barres et les raccords sont test\u00e9s r\u00e9guli\u00e8rement conform\u00e9ment aux contr\u00f4les de production en usine qui ont \u00e9t\u00e9 mis en place pour r\u00e9pondre aux exigences de l&#8217;ATE. Nous disposons \u00e9galement d&#8217;installations sur site pour tester la charge des assemblages de tendons jusqu&#8217;\u00e0 2500kN.<\/p>\n<\/div>\n<\/div>\n\n\n\n<div class=\"wp-block-cover alignwide is-light animate animate--up\" style=\"min-height:600px;aspect-ratio:unset;\"><span aria-hidden=\"true\" class=\"wp-block-cover__background has-background-dim-30 has-background-dim\"><\/span><img decoding=\"async\" class=\"wp-block-cover__image-background wp-image-2131\" alt=\"\" src=\"https:\/\/macalloystg.wpengine.com\/wp-content\/uploads\/2021\/09\/micah-hallahan-3_eBugmkzUQ-unsplash-scaled.jpg\" data-object-fit=\"cover\"\/><div class=\"wp-block-cover__inner-container is-layout-flow wp-block-cover-is-layout-flow\">\n<h3 class=\"wp-block-heading has-neutral-0-color has-text-color animate animate--right animate--delay-short\">Notre empreinte carbone<\/h3>\n\n\n\n<p class=\"has-neutral-0-color has-text-color animate animate--right animate--delay-medium\">Macalloy s&#8217;est engag\u00e9 \u00e0 acheter de l'&#8221;acier vert&#8221; pour aider \u00e0 prot\u00e9ger notre environnement et \u00e0 r\u00e9duire les \u00e9missions de carbone. Notre processus de fabrication est bas\u00e9 sur des d\u00e9chets d&#8217;acier recycl\u00e9s et un m\u00e9lange d&#8217;\u00e9lectricit\u00e9 nordique non fossile. Par cons\u00e9quent, l&#8217;empreinte carbone de nos barres d&#8217;acier est inf\u00e9rieure de 80 % \u00e0 la moyenne mondiale.<\/p>\n<\/div><\/div>\n\n\n\n<div class=\"wp-block-cover alignwide is-light animate animate--up\" style=\"min-height:600px;aspect-ratio:unset;\"><span aria-hidden=\"true\" class=\"wp-block-cover__background has-background-dim-30 has-background-dim\"><\/span><img decoding=\"async\" width=\"1920\" height=\"1280\" class=\"wp-block-cover__image-background wp-image-3352\" alt=\"\" src=\"https:\/\/macalloy.com\/wp-content\/uploads\/2022\/01\/112A2300.jpg\" style=\"object-position:61% 56%\" data-object-fit=\"cover\" data-object-position=\"61% 56%\" srcset=\"https:\/\/macalloy.com\/wp-content\/uploads\/2022\/01\/112A2300.jpg 1920w, https:\/\/macalloy.com\/wp-content\/uploads\/2022\/01\/112A2300-600x400.jpg 600w, https:\/\/macalloy.com\/wp-content\/uploads\/2022\/01\/112A2300-300x200.jpg 300w, https:\/\/macalloy.com\/wp-content\/uploads\/2022\/01\/112A2300-1024x683.jpg 1024w, https:\/\/macalloy.com\/wp-content\/uploads\/2022\/01\/112A2300-768x512.jpg 768w, https:\/\/macalloy.com\/wp-content\/uploads\/2022\/01\/112A2300-1536x1024.jpg 1536w\" sizes=\"(max-width: 1920px) 100vw, 1920px\" \/><div class=\"wp-block-cover__inner-container is-layout-flow wp-block-cover-is-layout-flow\">\n<h3 class=\"wp-block-heading has-neutral-0-color has-text-color animate animate--right animate--delay-short\">Aidez-nous \u00e0 mieux construire<\/h3>\n\n\n\n<p class=\"has-neutral-0-color has-text-color animate animate--right animate--delay-medium\">Nous nous effor\u00e7ons continuellement d&#8217;am\u00e9liorer notre exp\u00e9rience client, en veillant \u00e0 r\u00e9pondre \u00e0 vos attentes. Veuillez nous aider en prenant quelques minutes pour nous parler du service que vous avez re\u00e7u jusqu&#8217;\u00e0 pr\u00e9sent. Vos r\u00e9ponses et vos informations personnelles ne seront utilis\u00e9es que pour am\u00e9liorer votre exp\u00e9rience et ne seront jamais transmises \u00e0 d&#8217;autres fins.<\/p>\n\n\n\n<div style=\"height:10px\" aria-hidden=\"true\" class=\"wp-block-spacer\"><\/div>\n\n\n\n<div class=\"wp-block-buttons is-layout-flex wp-block-buttons-is-layout-flex\">\n<div class=\"wp-block-button is-style-underline\"><a class=\"wp-block-button__link has-neutral-0-color has-text-color wp-element-button\" href=\"https:\/\/forms.gle\/6cKXrkQcCQjDvQP4A\" target=\"_blank\" rel=\"noreferrer noopener\">FORMULAIRE GOOGLE<\/a><\/div>\n<\/div>\n<\/div><\/div>\n\n\n\n<div style=\"height:30px\" aria-hidden=\"true\" class=\"wp-block-spacer\"><\/div>\n\n\n\n<div class=\"wp-block-cover alignfull is-light mb-0 mt-0 animate animate--up\" style=\"min-height:600px;aspect-ratio:unset;\"><span aria-hidden=\"true\" class=\"wp-block-cover__background has-background-dim-30 has-background-dim\"><\/span><img loading=\"lazy\" decoding=\"async\" width=\"1920\" height=\"1280\" class=\"wp-block-cover__image-background wp-image-2035\" alt=\"\" src=\"https:\/\/macalloystg.wpengine.com\/wp-content\/uploads\/2021\/09\/Macalloy-112A2129.jpg\" style=\"object-position:58% 68%\" data-object-fit=\"cover\" data-object-position=\"58% 68%\" srcset=\"https:\/\/macalloy.com\/wp-content\/uploads\/2021\/09\/Macalloy-112A2129.jpg 1920w, https:\/\/macalloy.com\/wp-content\/uploads\/2021\/09\/Macalloy-112A2129-600x400.jpg 600w, https:\/\/macalloy.com\/wp-content\/uploads\/2021\/09\/Macalloy-112A2129-300x200.jpg 300w, https:\/\/macalloy.com\/wp-content\/uploads\/2021\/09\/Macalloy-112A2129-1024x683.jpg 1024w, https:\/\/macalloy.com\/wp-content\/uploads\/2021\/09\/Macalloy-112A2129-768x512.jpg 768w, https:\/\/macalloy.com\/wp-content\/uploads\/2021\/09\/Macalloy-112A2129-1536x1024.jpg 1536w\" sizes=\"(max-width: 1920px) 100vw, 1920px\" \/><div class=\"wp-block-cover__inner-container is-layout-flow wp-block-cover-is-layout-flow\">\n<div class=\"wp-block-columns alignwide is-layout-flex wp-container-core-columns-is-layout-9d6595d7 wp-block-columns-is-layout-flex\">\n<div class=\"wp-block-column is-layout-flow wp-block-column-is-layout-flow\">\n<h4 class=\"wp-block-heading has-neutral-0-color has-text-color animate animate--right animate--delay-short\">Vous souhaitez discuter d&#8217;un projet ?<\/h4>\n\n\n\n<h2 class=\"wp-block-heading mb-1 h1 has-neutral-0-color has-text-color animate animate--left animate--delay-medium\">+44 (0)1909 519 200<\/h2>\n\n\n\n<p class=\"has-neutral-0-color has-text-color animate animate--left animate--delay-long\">Appelez-nous ou utilisez le chat en direct pour obtenir une r\u00e9ponse rapide.<\/p>\n<\/div>\n\n\n\n<div class=\"wp-block-column is-layout-flow wp-block-column-is-layout-flow\"><\/div>\n<\/div>\n<\/div><\/div>\n","protected":false},"excerpt":{"rendered":"<p>La marque Macalloy est synonyme de qualit\u00e9, et nous avons mis en place des syst\u00e8mes de gestion de la qualit\u00e9 et des processus complets pour garantir que chaque produit est fabriqu\u00e9 selon les m\u00eames normes \u00e9lev\u00e9es que celles que nos clients attendent. Agr\u00e9ments et certifications. Notre syst\u00e8me d&#8217;assurance qualit\u00e9 est conforme aux exigences de la [&hellip;]<\/p>\n","protected":false},"author":3,"featured_media":0,"parent":3709,"menu_order":0,"comment_status":"closed","ping_status":"closed","template":"","meta":{"footnotes":""},"class_list":["hentry","page"],"yoast_head":"<!-- This site is optimized with the Yoast SEO plugin v27.4 - https:\/\/yoast.com\/product\/yoast-seo-wordpress\/ -->\n<title>Qualit\u00e9 | Assurance, Approbations et Certifications | Macalloy<\/title>\n<meta name=\"description\" content=\"Le nom de Macalloy est synonyme de qualit\u00e9, et pour cette raison, nous avons mis en place des syst\u00e8mes et des processus complets de gestion de la qualit\u00e9.\" \/>\n<meta name=\"robots\" content=\"index, follow, max-snippet:-1, max-image-preview:large, max-video-preview:-1\" \/>\n<link rel=\"canonical\" href=\"https:\/\/macalloy.com\/fr\/a-propos-de\/quality\/\" \/>\n<meta property=\"og:locale\" content=\"fr_FR\" \/>\n<meta property=\"og:type\" content=\"article\" \/>\n<meta property=\"og:title\" content=\"Qualit\u00e9 | Assurance, Approbations et Certifications | Macalloy\" \/>\n<meta property=\"og:description\" content=\"Le nom de Macalloy est synonyme de qualit\u00e9, et pour cette raison, nous avons mis en place des syst\u00e8mes et des processus complets de gestion de la qualit\u00e9.\" \/>\n<meta property=\"og:url\" content=\"https:\/\/macalloy.com\/fr\/a-propos-de\/quality\/\" \/>\n<meta property=\"og:site_name\" content=\"Macalloy\" \/>\n<meta property=\"article:modified_time\" content=\"2024-12-06T11:01:57+00:00\" \/>\n<meta property=\"og:image\" content=\"https:\/\/macalloy.com\/wp-content\/uploads\/2021\/09\/112A1998.jpg\" \/>\n\t<meta property=\"og:image:width\" content=\"1920\" \/>\n\t<meta property=\"og:image:height\" content=\"1280\" \/>\n\t<meta property=\"og:image:type\" content=\"image\/jpeg\" \/>\n<meta name=\"twitter:card\" content=\"summary_large_image\" \/>\n<meta name=\"twitter:label1\" content=\"Dur\u00e9e de lecture estim\u00e9e\" \/>\n\t<meta name=\"twitter:data1\" content=\"4 minutes\" \/>\n<script type=\"application\/ld+json\" class=\"yoast-schema-graph\">{\"@context\":\"https:\\\/\\\/schema.org\",\"@graph\":[{\"@type\":\"WebPage\",\"@id\":\"https:\\\/\\\/macalloy.com\\\/fr\\\/a-propos-de\\\/quality\\\/\",\"url\":\"https:\\\/\\\/macalloy.com\\\/fr\\\/a-propos-de\\\/quality\\\/\",\"name\":\"Qualit\u00e9 | Assurance, Approbations et Certifications | Macalloy\",\"isPartOf\":{\"@id\":\"https:\\\/\\\/macalloy.com\\\/fr\\\/#website\"},\"primaryImageOfPage\":{\"@id\":\"https:\\\/\\\/macalloy.com\\\/fr\\\/a-propos-de\\\/quality\\\/#primaryimage\"},\"image\":{\"@id\":\"https:\\\/\\\/macalloy.com\\\/fr\\\/a-propos-de\\\/quality\\\/#primaryimage\"},\"thumbnailUrl\":\"https:\\\/\\\/macalloystg.wpengine.com\\\/wp-content\\\/uploads\\\/2021\\\/09\\\/112A1998-1000x680.jpg\",\"datePublished\":\"2021-09-29T10:08:21+00:00\",\"dateModified\":\"2024-12-06T11:01:57+00:00\",\"description\":\"Le nom de Macalloy est synonyme de qualit\u00e9, et pour cette raison, nous avons mis en place des syst\u00e8mes et des processus complets de gestion de la qualit\u00e9.\",\"breadcrumb\":{\"@id\":\"https:\\\/\\\/macalloy.com\\\/fr\\\/a-propos-de\\\/quality\\\/#breadcrumb\"},\"inLanguage\":\"fr-FR\",\"potentialAction\":[{\"@type\":\"ReadAction\",\"target\":[\"https:\\\/\\\/macalloy.com\\\/fr\\\/a-propos-de\\\/quality\\\/\"]}]},{\"@type\":\"ImageObject\",\"inLanguage\":\"fr-FR\",\"@id\":\"https:\\\/\\\/macalloy.com\\\/fr\\\/a-propos-de\\\/quality\\\/#primaryimage\",\"url\":\"https:\\\/\\\/macalloystg.wpengine.com\\\/wp-content\\\/uploads\\\/2021\\\/09\\\/112A1998-1000x680.jpg\",\"contentUrl\":\"https:\\\/\\\/macalloystg.wpengine.com\\\/wp-content\\\/uploads\\\/2021\\\/09\\\/112A1998-1000x680.jpg\"},{\"@type\":\"BreadcrumbList\",\"@id\":\"https:\\\/\\\/macalloy.com\\\/fr\\\/a-propos-de\\\/quality\\\/#breadcrumb\",\"itemListElement\":[{\"@type\":\"ListItem\",\"position\":1,\"name\":\"Home\",\"item\":\"https:\\\/\\\/macalloy.com\\\/fr\\\/\"},{\"@type\":\"ListItem\",\"position\":2,\"name\":\"A propos de\",\"item\":\"https:\\\/\\\/macalloy.com\\\/fr\\\/a-propos-de\\\/\"},{\"@type\":\"ListItem\",\"position\":3,\"name\":\"Qualit\u00e9\"}]},{\"@type\":\"WebSite\",\"@id\":\"https:\\\/\\\/macalloy.com\\\/fr\\\/#website\",\"url\":\"https:\\\/\\\/macalloy.com\\\/fr\\\/\",\"name\":\"Macalloy\",\"description\":\"Threaded Bar Systems Trusted Worldwide\",\"potentialAction\":[{\"@type\":\"SearchAction\",\"target\":{\"@type\":\"EntryPoint\",\"urlTemplate\":\"https:\\\/\\\/macalloy.com\\\/fr\\\/?s={search_term_string}\"},\"query-input\":{\"@type\":\"PropertyValueSpecification\",\"valueRequired\":true,\"valueName\":\"search_term_string\"}}],\"inLanguage\":\"fr-FR\"}]}<\/script>\n<!-- \/ Yoast SEO plugin. -->","yoast_head_json":{"title":"Qualit\u00e9 | Assurance, Approbations et Certifications | Macalloy","description":"Le nom de Macalloy est synonyme de qualit\u00e9, et pour cette raison, nous avons mis en place des syst\u00e8mes et des processus complets de gestion de la qualit\u00e9.","robots":{"index":"index","follow":"follow","max-snippet":"max-snippet:-1","max-image-preview":"max-image-preview:large","max-video-preview":"max-video-preview:-1"},"canonical":"https:\/\/macalloy.com\/fr\/a-propos-de\/quality\/","og_locale":"fr_FR","og_type":"article","og_title":"Qualit\u00e9 | Assurance, Approbations et Certifications | Macalloy","og_description":"Le nom de Macalloy est synonyme de qualit\u00e9, et pour cette raison, nous avons mis en place des syst\u00e8mes et des processus complets de gestion de la qualit\u00e9.","og_url":"https:\/\/macalloy.com\/fr\/a-propos-de\/quality\/","og_site_name":"Macalloy","article_modified_time":"2024-12-06T11:01:57+00:00","og_image":[{"width":1920,"height":1280,"url":"https:\/\/macalloy.com\/wp-content\/uploads\/2021\/09\/112A1998.jpg","type":"image\/jpeg"}],"twitter_card":"summary_large_image","twitter_misc":{"Dur\u00e9e de lecture estim\u00e9e":"4 minutes"},"schema":{"@context":"https:\/\/schema.org","@graph":[{"@type":"WebPage","@id":"https:\/\/macalloy.com\/fr\/a-propos-de\/quality\/","url":"https:\/\/macalloy.com\/fr\/a-propos-de\/quality\/","name":"Qualit\u00e9 | Assurance, Approbations et Certifications | Macalloy","isPartOf":{"@id":"https:\/\/macalloy.com\/fr\/#website"},"primaryImageOfPage":{"@id":"https:\/\/macalloy.com\/fr\/a-propos-de\/quality\/#primaryimage"},"image":{"@id":"https:\/\/macalloy.com\/fr\/a-propos-de\/quality\/#primaryimage"},"thumbnailUrl":"https:\/\/macalloystg.wpengine.com\/wp-content\/uploads\/2021\/09\/112A1998-1000x680.jpg","datePublished":"2021-09-29T10:08:21+00:00","dateModified":"2024-12-06T11:01:57+00:00","description":"Le nom de Macalloy est synonyme de qualit\u00e9, et pour cette raison, nous avons mis en place des syst\u00e8mes et des processus complets de gestion de la qualit\u00e9.","breadcrumb":{"@id":"https:\/\/macalloy.com\/fr\/a-propos-de\/quality\/#breadcrumb"},"inLanguage":"fr-FR","potentialAction":[{"@type":"ReadAction","target":["https:\/\/macalloy.com\/fr\/a-propos-de\/quality\/"]}]},{"@type":"ImageObject","inLanguage":"fr-FR","@id":"https:\/\/macalloy.com\/fr\/a-propos-de\/quality\/#primaryimage","url":"https:\/\/macalloystg.wpengine.com\/wp-content\/uploads\/2021\/09\/112A1998-1000x680.jpg","contentUrl":"https:\/\/macalloystg.wpengine.com\/wp-content\/uploads\/2021\/09\/112A1998-1000x680.jpg"},{"@type":"BreadcrumbList","@id":"https:\/\/macalloy.com\/fr\/a-propos-de\/quality\/#breadcrumb","itemListElement":[{"@type":"ListItem","position":1,"name":"Home","item":"https:\/\/macalloy.com\/fr\/"},{"@type":"ListItem","position":2,"name":"A propos de","item":"https:\/\/macalloy.com\/fr\/a-propos-de\/"},{"@type":"ListItem","position":3,"name":"Qualit\u00e9"}]},{"@type":"WebSite","@id":"https:\/\/macalloy.com\/fr\/#website","url":"https:\/\/macalloy.com\/fr\/","name":"Macalloy","description":"Threaded Bar Systems Trusted Worldwide","potentialAction":[{"@type":"SearchAction","target":{"@type":"EntryPoint","urlTemplate":"https:\/\/macalloy.com\/fr\/?s={search_term_string}"},"query-input":{"@type":"PropertyValueSpecification","valueRequired":true,"valueName":"search_term_string"}}],"inLanguage":"fr-FR"}]}},"_links":{"self":[{"href":"https:\/\/macalloy.com\/fr\/wp-json\/wp\/v2\/pages\/21681","targetHints":{"allow":["GET"]}}],"collection":[{"href":"https:\/\/macalloy.com\/fr\/wp-json\/wp\/v2\/pages"}],"about":[{"href":"https:\/\/macalloy.com\/fr\/wp-json\/wp\/v2\/types\/page"}],"author":[{"embeddable":true,"href":"https:\/\/macalloy.com\/fr\/wp-json\/wp\/v2\/users\/3"}],"replies":[{"embeddable":true,"href":"https:\/\/macalloy.com\/fr\/wp-json\/wp\/v2\/comments?post=21681"}],"version-history":[{"count":0,"href":"https:\/\/macalloy.com\/fr\/wp-json\/wp\/v2\/pages\/21681\/revisions"}],"up":[{"embeddable":true,"href":"https:\/\/macalloy.com\/fr\/wp-json\/wp\/v2\/pages\/3709"}],"wp:attachment":[{"href":"https:\/\/macalloy.com\/fr\/wp-json\/wp\/v2\/media?parent=21681"}],"curies":[{"name":"wp","href":"https:\/\/api.w.org\/{rel}","templated":true}]}}