{"id":21828,"date":"2021-09-07T15:53:20","date_gmt":"2021-09-07T15:53:20","guid":{"rendered":"https:\/\/macalloy.com\/cookies\/"},"modified":"2024-05-01T15:13:10","modified_gmt":"2024-05-01T14:13:10","slug":"cookies","status":"publish","type":"page","link":"https:\/\/macalloy.com\/fr\/cookies\/","title":{"rendered":"Cookies"},"content":{"rendered":"\n<div style=\"height:50px\" aria-hidden=\"true\" class=\"wp-block-spacer\"><\/div>\n\n\n\n<h5 class=\"wp-block-heading\">\u00c0 propos de notre politique en mati\u00e8re de cookies<\/h5>\n\n\n\n<p>Notre politique en mati\u00e8re de cookies explique comment les cookies et autres dispositifs de suivi sont utilis\u00e9s sur notre site web. Aux fins de la pr\u00e9sente politique, les r\u00e9f\u00e9rences aux &#8220;cookies&#8221; d\u00e9signent les cookies et autres types de technologies qui sont utilis\u00e9s pour nous aider \u00e0 vous reconna\u00eetre en tant qu&#8217;utilisateur de notre site web et sont fournis en conjonction avec notre politique de conditions d&#8217;utilisation.<\/p>\n\n\n\n<h5 class=\"wp-block-heading\">\u00c0 propos des cookies et de la mani\u00e8re dont nous les utilisons<\/h5>\n\n\n\n<p>Les cookies sont de petits fichiers de donn\u00e9es qui sont plac\u00e9s sur votre ordinateur ou autre appareil lorsque vous visitez notre site web. Les cookies sont ensuite utilis\u00e9s pour recueillir des informations sur votre utilisation d&#8217;un site ou, dans certains cas, pour vous permettre d&#8217;\u00eatre reconnu comme un utilisateur existant lorsque vous revenez sur notre site web.<\/p>\n\n\n\n<p>Les cookies sont g\u00e9n\u00e9ralement utilis\u00e9s pour aider les sites web \u00e0 fonctionner plus efficacement et pour fournir des informations aux propri\u00e9taires de sites web. Ils aident notre site web \u00e0 fonctionner de la mani\u00e8re dont vous vous y attendez, afin que nous puissions vous offrir une bonne exp\u00e9rience lorsque vous l&#8217;utilisez. Ils nous aident \u00e9galement \u00e0 am\u00e9liorer notre site et \u00e0 rendre notre activit\u00e9 promotionnelle plus efficace.<\/p>\n\n\n\n<p>En termes g\u00e9n\u00e9raux, les cookies peuvent \u00eatre class\u00e9s dans les grandes cat\u00e9gories suivantes :<\/p>\n\n\n\n<p><strong>Cookies strictement n\u00e9cessaires :<\/strong> cookies requis pour le fonctionnement du site web.<\/p>\n\n\n\n<p><strong>Cookies analytiques\/de performance :<\/strong> ce sont des cookies qui permettent \u00e0 un op\u00e9rateur de site web de reconna\u00eetre et de compter le nombre de visiteurs et de voir comment les visiteurs se d\u00e9placent sur un site web. Ils contribuent \u00e0 am\u00e9liorer le fonctionnement des sites web, par exemple en veillant \u00e0 ce que les utilisateurs trouvent facilement ce qu&#8217;ils recherchent.<\/p>\n\n\n\n<p><strong>Cookies de fonctionnalit\u00e9 :<\/strong> ils permettent de reconna\u00eetre un utilisateur r\u00e9current et ses pr\u00e9f\u00e9rences. Cela signifie que le site web peut alors pr\u00e9senter un contenu personnalis\u00e9.<\/p>\n\n\n\n<p><strong>Cookies de ciblage :<\/strong> ces types de cookies enregistrent les visites sur un site web, les pages visit\u00e9es et les liens suivis. Ces cookies sont utilis\u00e9s pour adapter le contenu.<\/p>\n\n\n\n<p>Notez que lorsque nous fournissons des liens vers d&#8217;autres sites web, comme les liens que nous fournissons vers nos pages de m\u00e9dias sociaux, ces sites web tiers peuvent \u00e9galement utiliser des cookies et vous devriez vous familiariser avec les informations relatives aux cookies qu&#8217;ils fournissent sur leurs propres sites web. Nous ne sommes pas responsables des cookies utilis\u00e9s sur les sites web tiers vers lesquels nous pouvons fournir des liens.<\/p>\n\n\n\n<p>Plus pr\u00e9cis\u00e9ment, le tableau suivant fournit \u00e9galement des informations sur l&#8217;utilisation de ces cookies.<\/p>\n\n\n\n<figure class=\"wp-block-table\"><table><tbody><tr><td>Nom<\/td><td>Objectif<\/td><\/tr><tr><td>Google Analytics<br>_utma<\/td><td>Ces cookies sont utilis\u00e9s pour collecter des informations sur la fa\u00e7on dont les visiteurs utilisent notre site web. Nous utilisons ces informations pour compiler des rapports et nous aider \u00e0 am\u00e9liorer le site. Les cookies collectent des informations sous une forme anonyme, y compris le nombre de visiteurs du site, d&#8217;o\u00f9 les visiteurs ont \u00e9t\u00e9 r\u00e9f\u00e9r\u00e9s au site et les pages qu&#8217;ils ont visit\u00e9es.<\/td><\/tr><\/tbody><\/table><\/figure>\n\n\n\n<h5 class=\"wp-block-heading\">Cookies de session et cookies permanents<\/h5>\n\n\n\n<p>Certains des dispositifs utilis\u00e9s sur le site web ne sont utilis\u00e9s que pour la session en cours, c&#8217;est-\u00e0-dire pour reconna\u00eetre les utilisateurs qui reviennent. Cela signifie que le cookie expirera \u00e0 la fin de votre session.<\/p>\n\n\n\n<h5 class=\"wp-block-heading\">Param\u00e8tres des cookies et autres informations<\/h5>\n\n\n\n<p>En r\u00e8gle g\u00e9n\u00e9rale, vous pouvez bloquer les cookies en activant le param\u00e8tre de votre navigateur qui vous permet de refuser l&#8217;installation de cookies. Sachez toutefois que si vous utilisez les param\u00e8tres de votre navigateur pour bloquer les cookies, il se peut que vous ne puissiez pas acc\u00e9der \u00e0 tout ou partie du site et que notre site ne fonctionne pas comme pr\u00e9vu. C&#8217;est particuli\u00e8rement le cas pour notre site web car nous utilisons un nombre minimal de cookies et ceux-ci visent \u00e0 faire fonctionner notre site web correctement, comme vous l&#8217;attendez.<\/p>\n\n\n\n<p>Vous pouvez en savoir plus sur la mani\u00e8re de g\u00e9rer et de supprimer les cookies en consultant le site <a href=\"https:\/\/www.allaboutcookies.org\/cookies\/\">allaboutcookies.org<\/a>.<\/p>\n\n\n\n<p>Vous pouvez \u00e9galement vous renseigner sur la d\u00e9sactivation des cookies sur les sites suivants pour diff\u00e9rents navigateurs :<\/p>\n\n\n\n<p><a href=\"https:\/\/support.google.com\/accounts\/answer\/61416?co=GENIE.Platform%3DDesktop&amp;hl=en\" target=\"_blank\" rel=\"noreferrer noopener\">Chrome<\/a><br><a href=\"https:\/\/support.mozilla.org\/en-US\/kb\/enhanced-tracking-protection-firefox-desktop?redirectslug=enable-and-disable-cookies-website-preferences&amp;redirectlocale=en-US\" target=\"_blank\" rel=\"noreferrer noopener\">Firefox<\/a><br><a href=\"https:\/\/support.apple.com\/en-gb\/guide\/safari\/sfri11471\/mac\" target=\"_blank\" rel=\"noreferrer noopener\">Safari<\/a><br><a href=\"https:\/\/support.microsoft.com\/en-gb\/topic\/how-to-delete-cookie-files-in-internet-explorer-bca9446f-d873-78de-77ba-d42645fa52fc\" target=\"_blank\" rel=\"noreferrer noopener\">Internet Explorer<\/a><\/p>\n\n\n\n<h5 class=\"wp-block-heading\">Consentement \u00e0 l&#8217;utilisation de cookies \u00e0 partir de notre site web<\/h5>\n\n\n\n<p>La loi anglaise exige que tous les sites web demandent la permission lorsqu&#8217;ils utilisent la technologie des cookies. Si votre navigateur est configur\u00e9 pour accepter les cookies et autres technologies similaires et si vous continuez \u00e0 utiliser notre site web, nous comprendrons que cela signifie que vous consentez \u00e0 l&#8217;utilisation de cookies ou d&#8217;autres technologies similaires. Toutefois, si vous souhaitez supprimer ou arr\u00eater l&#8217;utilisation des cookies sur notre site, vous devez soit cesser d&#8217;utiliser le site, soit ajuster les param\u00e8tres de votre navigateur, comme expliqu\u00e9 ci-dessus, pour rejeter ou d\u00e9sactiver les cookies.<\/p>\n\n\n\n<h5 class=\"wp-block-heading\">Politique de confidentialit\u00e9<\/h5>\n\n\n\n<p>Cette politique en mati\u00e8re de cookies doit \u00e9galement \u00eatre lue en parall\u00e8le avec notre <a data-type=\"page\" href=\"\/privacy-policy\/\">politique de confidentialit\u00e9<\/a>.<\/p>\n\n\n\n<div style=\"height:100px\" aria-hidden=\"true\" class=\"wp-block-spacer\"><\/div>\n","protected":false},"excerpt":{"rendered":"<p>\u00c0 propos de notre politique en mati\u00e8re de cookies Notre politique en mati\u00e8re de cookies explique comment les cookies et autres dispositifs de suivi sont utilis\u00e9s sur notre site web. Aux fins de la pr\u00e9sente politique, les r\u00e9f\u00e9rences aux &#8220;cookies&#8221; d\u00e9signent les cookies et autres types de technologies qui sont utilis\u00e9s pour nous aider \u00e0 [&hellip;]<\/p>\n","protected":false},"author":2,"featured_media":0,"parent":0,"menu_order":0,"comment_status":"closed","ping_status":"closed","template":"","meta":{"footnotes":""},"class_list":["hentry","page"],"yoast_head":"<!-- This site is optimized with the Yoast SEO plugin v27.5 - https:\/\/yoast.com\/product\/yoast-seo-wordpress\/ -->\n<title>Politique de Cookies | Macalloy<\/title>\n<meta name=\"description\" content=\"Notre politique en mati\u00e8re de cookies explique comment les cookies et autres dispositifs de suivi sont utilis\u00e9s sur notre site Web. Plus d&#039;informations ici.\" \/>\n<meta name=\"robots\" content=\"index, follow, max-snippet:-1, max-image-preview:large, max-video-preview:-1\" \/>\n<link rel=\"canonical\" href=\"https:\/\/macalloy.com\/fr\/cookies\/\" \/>\n<meta property=\"og:locale\" content=\"fr_FR\" \/>\n<meta property=\"og:type\" content=\"article\" \/>\n<meta property=\"og:title\" content=\"Politique de Cookies | Macalloy\" \/>\n<meta property=\"og:description\" content=\"Notre politique en mati\u00e8re de cookies explique comment les cookies et autres dispositifs de suivi sont utilis\u00e9s sur notre site Web. Plus d&#039;informations ici.\" \/>\n<meta property=\"og:url\" content=\"https:\/\/macalloy.com\/fr\/cookies\/\" \/>\n<meta property=\"og:site_name\" content=\"Macalloy\" \/>\n<meta property=\"article:modified_time\" content=\"2024-05-01T14:13:10+00:00\" \/>\n<meta name=\"twitter:card\" content=\"summary_large_image\" \/>\n<meta name=\"twitter:label1\" content=\"Dur\u00e9e de lecture estim\u00e9e\" \/>\n\t<meta name=\"twitter:data1\" content=\"4 minutes\" \/>\n<script type=\"application\/ld+json\" class=\"yoast-schema-graph\">{\"@context\":\"https:\\\/\\\/schema.org\",\"@graph\":[{\"@type\":\"WebPage\",\"@id\":\"https:\\\/\\\/macalloy.com\\\/fr\\\/cookies\\\/\",\"url\":\"https:\\\/\\\/macalloy.com\\\/fr\\\/cookies\\\/\",\"name\":\"Politique de Cookies | Macalloy\",\"isPartOf\":{\"@id\":\"https:\\\/\\\/macalloy.com\\\/fr\\\/#website\"},\"datePublished\":\"2021-09-07T15:53:20+00:00\",\"dateModified\":\"2024-05-01T14:13:10+00:00\",\"description\":\"Notre politique en mati\u00e8re de cookies explique comment les cookies et autres dispositifs de suivi sont utilis\u00e9s sur notre site Web. Plus d'informations ici.\",\"breadcrumb\":{\"@id\":\"https:\\\/\\\/macalloy.com\\\/fr\\\/cookies\\\/#breadcrumb\"},\"inLanguage\":\"fr-FR\",\"potentialAction\":[{\"@type\":\"ReadAction\",\"target\":[\"https:\\\/\\\/macalloy.com\\\/fr\\\/cookies\\\/\"]}]},{\"@type\":\"BreadcrumbList\",\"@id\":\"https:\\\/\\\/macalloy.com\\\/fr\\\/cookies\\\/#breadcrumb\",\"itemListElement\":[{\"@type\":\"ListItem\",\"position\":1,\"name\":\"Home\",\"item\":\"https:\\\/\\\/macalloy.com\\\/fr\\\/\"},{\"@type\":\"ListItem\",\"position\":2,\"name\":\"Cookies\"}]},{\"@type\":\"WebSite\",\"@id\":\"https:\\\/\\\/macalloy.com\\\/fr\\\/#website\",\"url\":\"https:\\\/\\\/macalloy.com\\\/fr\\\/\",\"name\":\"Macalloy\",\"description\":\"Threaded Bar Systems Trusted Worldwide\",\"potentialAction\":[{\"@type\":\"SearchAction\",\"target\":{\"@type\":\"EntryPoint\",\"urlTemplate\":\"https:\\\/\\\/macalloy.com\\\/fr\\\/?s={search_term_string}\"},\"query-input\":{\"@type\":\"PropertyValueSpecification\",\"valueRequired\":true,\"valueName\":\"search_term_string\"}}],\"inLanguage\":\"fr-FR\"}]}<\/script>\n<!-- \/ Yoast SEO plugin. -->","yoast_head_json":{"title":"Politique de Cookies | Macalloy","description":"Notre politique en mati\u00e8re de cookies explique comment les cookies et autres dispositifs de suivi sont utilis\u00e9s sur notre site Web. Plus d'informations ici.","robots":{"index":"index","follow":"follow","max-snippet":"max-snippet:-1","max-image-preview":"max-image-preview:large","max-video-preview":"max-video-preview:-1"},"canonical":"https:\/\/macalloy.com\/fr\/cookies\/","og_locale":"fr_FR","og_type":"article","og_title":"Politique de Cookies | Macalloy","og_description":"Notre politique en mati\u00e8re de cookies explique comment les cookies et autres dispositifs de suivi sont utilis\u00e9s sur notre site Web. Plus d'informations ici.","og_url":"https:\/\/macalloy.com\/fr\/cookies\/","og_site_name":"Macalloy","article_modified_time":"2024-05-01T14:13:10+00:00","twitter_card":"summary_large_image","twitter_misc":{"Dur\u00e9e de lecture estim\u00e9e":"4 minutes"},"schema":{"@context":"https:\/\/schema.org","@graph":[{"@type":"WebPage","@id":"https:\/\/macalloy.com\/fr\/cookies\/","url":"https:\/\/macalloy.com\/fr\/cookies\/","name":"Politique de Cookies | Macalloy","isPartOf":{"@id":"https:\/\/macalloy.com\/fr\/#website"},"datePublished":"2021-09-07T15:53:20+00:00","dateModified":"2024-05-01T14:13:10+00:00","description":"Notre politique en mati\u00e8re de cookies explique comment les cookies et autres dispositifs de suivi sont utilis\u00e9s sur notre site Web. Plus d'informations ici.","breadcrumb":{"@id":"https:\/\/macalloy.com\/fr\/cookies\/#breadcrumb"},"inLanguage":"fr-FR","potentialAction":[{"@type":"ReadAction","target":["https:\/\/macalloy.com\/fr\/cookies\/"]}]},{"@type":"BreadcrumbList","@id":"https:\/\/macalloy.com\/fr\/cookies\/#breadcrumb","itemListElement":[{"@type":"ListItem","position":1,"name":"Home","item":"https:\/\/macalloy.com\/fr\/"},{"@type":"ListItem","position":2,"name":"Cookies"}]},{"@type":"WebSite","@id":"https:\/\/macalloy.com\/fr\/#website","url":"https:\/\/macalloy.com\/fr\/","name":"Macalloy","description":"Threaded Bar Systems Trusted Worldwide","potentialAction":[{"@type":"SearchAction","target":{"@type":"EntryPoint","urlTemplate":"https:\/\/macalloy.com\/fr\/?s={search_term_string}"},"query-input":{"@type":"PropertyValueSpecification","valueRequired":true,"valueName":"search_term_string"}}],"inLanguage":"fr-FR"}]}},"_links":{"self":[{"href":"https:\/\/macalloy.com\/fr\/wp-json\/wp\/v2\/pages\/21828","targetHints":{"allow":["GET"]}}],"collection":[{"href":"https:\/\/macalloy.com\/fr\/wp-json\/wp\/v2\/pages"}],"about":[{"href":"https:\/\/macalloy.com\/fr\/wp-json\/wp\/v2\/types\/page"}],"author":[{"embeddable":true,"href":"https:\/\/macalloy.com\/fr\/wp-json\/wp\/v2\/users\/2"}],"replies":[{"embeddable":true,"href":"https:\/\/macalloy.com\/fr\/wp-json\/wp\/v2\/comments?post=21828"}],"version-history":[{"count":0,"href":"https:\/\/macalloy.com\/fr\/wp-json\/wp\/v2\/pages\/21828\/revisions"}],"wp:attachment":[{"href":"https:\/\/macalloy.com\/fr\/wp-json\/wp\/v2\/media?parent=21828"}],"curies":[{"name":"wp","href":"https:\/\/api.w.org\/{rel}","templated":true}]}}