{"id":21834,"date":"2021-09-07T15:53:36","date_gmt":"2021-09-07T15:53:36","guid":{"rendered":"https:\/\/macalloy.com\/terms-of-use\/"},"modified":"2024-05-01T15:13:10","modified_gmt":"2024-05-01T14:13:10","slug":"terms-of-use","status":"publish","type":"page","link":"https:\/\/macalloy.com\/fr\/terms-of-use\/","title":{"rendered":"Conditions d&#8217;utilisation"},"content":{"rendered":"\n<div style=\"height:50px\" aria-hidden=\"true\" class=\"wp-block-spacer\"><\/div>\n\n\n\n<h5 class=\"wp-block-heading\">1. \u00c0 propos des pr\u00e9sentes conditions d&#8217;utilisation<\/h5>\n\n\n\n<p>1.1 Les pr\u00e9sentes conditions d&#8217;utilisation (les conditions) expliquent comment vous pouvez utiliser notre site web. Elles s&#8217;appliquent \u00e0 toute personne qui acc\u00e8de au Site par quelque moyen que ce soit (Utilisation, Utilisateurs, Utilisation).<\/p>\n\n\n\n<p>1.2 En continuant \u00e0 utiliser le site, vous acceptez d&#8217;\u00eatre li\u00e9 par les pr\u00e9sentes conditions, tous les documents auxquels elles font r\u00e9f\u00e9rence et toutes les lois et r\u00e9glementations applicables.<\/p>\n\n\n\n<p>1.3 Si vous n&#8217;\u00eates pas d&#8217;accord avec l&#8217;une de ces conditions, vous devez cesser imm\u00e9diatement d&#8217;utiliser ou d&#8217;acc\u00e9der \u00e0 ce site.<\/p>\n\n\n\n<p>1.4 Veuillez noter que des conditions suppl\u00e9mentaires s&#8217;appliquent lorsque vous achetez des biens chez nous. Celles-ci vous seront pr\u00e9sent\u00e9es au cours du processus de commande.<\/p>\n\n\n\n<p>1.5 Vous devez lire attentivement ces conditions avant d&#8217;utiliser le site.<\/p>\n\n\n\n<h5 class=\"wp-block-heading\">2. A propos de ce site et de Macalloy<\/h5>\n\n\n\n<p>2.1 Ce site web est exploit\u00e9 par Macalloy. Nous sommes une soci\u00e9t\u00e9 enregistr\u00e9e en Angleterre et au Pays de Galles sous le num\u00e9ro 04697936. 04697936. Notre si\u00e8ge social et adresse de correspondance est Caxton Way, Dinnington, Rotherham, South Yorkshire, S25 3QE Royaume-Uni.<\/p>\n\n\n\n<p>2.2 Si vous avez des questions concernant notre site, veuillez nous contacter \u00e0 l&#8217;adresse sales@macalloy.com.<\/p>\n\n\n\n<p>2.3 Ce site contient des informations g\u00e9n\u00e9rales sur notre activit\u00e9, les biens que nous vendons et les services que nous fournissons. Il vise \u00e0 fournir des informations \u00e0 toute personne int\u00e9ress\u00e9e par nos produits. Il fournit \u00e9galement des informations \u00e0 toute personne susceptible d&#8217;\u00eatre int\u00e9ress\u00e9e par une collaboration avec nous.<\/p>\n\n\n\n<h5 class=\"wp-block-heading\">3. Propri\u00e9t\u00e9, utilisation et droits de propri\u00e9t\u00e9 intellectuelle<\/h5>\n\n\n\n<p>3.1 L&#8217;ensemble de la conception, du texte, des graphiques, des images, des logos, des marques commerciales, leur disposition et tous les autres mat\u00e9riels et contenus de notre site, l&#8217;aspect et la convivialit\u00e9 du site et tout logiciel sous-jacent sont soumis \u00e0 des droits d&#8217;auteur et \u00e0 d&#8217;autres droits de propri\u00e9t\u00e9 qui nous appartiennent ou appartiennent \u00e0 nos conc\u00e9dants de licence tiers. L&#8217;utilisation de ce site ne vous donne ni ne vous transf\u00e8re aucun de ces droits.<\/p>\n\n\n\n<p>3.2 Le site pr\u00e9sente les d\u00e9tails des produits que nous proposons et certains des mod\u00e8les de nos gammes de produits. Tous les droits de propri\u00e9t\u00e9 intellectuelle sur ces produits, y compris sur les dessins et les marques et logos qui y figurent, nous appartiennent et vous ne devez en aucun cas les copier ou permettre \u00e0 quiconque de le faire.<\/p>\n\n\n\n<p>3.3 L&#8217;autorisation est accord\u00e9e de t\u00e9l\u00e9charger temporairement une copie de toute page du site pour une visualisation transitoire personnelle et non commerciale uniquement. Il ne s&#8217;agit pas d&#8217;un transfert de titre, et vous ne pouvez pas :<\/p>\n\n\n\n<p>3.3.1 modifier ou copier le mat\u00e9riel t\u00e9l\u00e9charg\u00e9;<br>3.3.2 utiliser le mat\u00e9riel \u00e0 des fins commerciales ou pour tout affichage public (commercial ou non commercial);<br>3.3.3 tenter de d\u00e9compiler ou de d\u00e9sosser tout logiciel contenu dans ce site;<br>3.3.4 supprimer tout droit d&#8217;auteur ou toute autre mention de propri\u00e9t\u00e9 du mat\u00e9riel ; ou<br>3.3.5 transf\u00e9rer le mat\u00e9riel \u00e0 une autre personne ou en faire un &#8220;miroir&#8221; sur tout autre serveur, y compris la liaison \u00e0 chaud d&#8217;images.<\/p>\n\n\n\n<p>3.4 Si vous t\u00e9l\u00e9chargez une partie de notre site en violation des pr\u00e9sentes conditions, votre droit d&#8217;utiliser notre site Internet cessera imm\u00e9diatement et vous devrez d\u00e9truire tout mat\u00e9riel t\u00e9l\u00e9charg\u00e9 en votre possession, que ce soit sous forme \u00e9lectronique ou imprim\u00e9e.<\/p>\n\n\n\n<p>3.5 Vous ne devez pas copier ou utiliser les marques ou les logos de ce site, sauf avec notre autorisation \u00e9crite expresse.<\/p>\n\n\n\n<p>3.6 Nous fournissons des images de nos produits sur ce Site \u00e0 titre d&#8217;illustration uniquement. Veuillez noter que les images utilis\u00e9es peuvent ne pas repr\u00e9senter la gamme compl\u00e8te des produits, des caract\u00e9ristiques ou des couleurs. Les conceptions et les images pr\u00e9sent\u00e9es peuvent varier.<\/p>\n\n\n\n<h5 class=\"wp-block-heading\">4. Clause de non-responsabilit\u00e9<\/h5>\n\n\n\n<p>4.1 Macalloy n&#8217;offre aucune garantie, explicite ou implicite, et rejette et nie toute autre garantie, y compris, sans limitation, les garanties ou conditions implicites de qualit\u00e9 marchande, d&#8217;ad\u00e9quation \u00e0 un usage particulier, ou de non-violation de la propri\u00e9t\u00e9 intellectuelle ou de toute autre violation des droits.<\/p>\n\n\n\n<p>4.2 En outre, Macalloy ne garantit ni ne fait aucune d\u00e9claration concernant l&#8217;exactitude, les r\u00e9sultats probables ou la fiabilit\u00e9 de l&#8217;utilisation des mat\u00e9riaux sur son site web ou autrement li\u00e9s \u00e0 ces mat\u00e9riaux ou \u00e0 tout site li\u00e9 \u00e0 ce site.<\/p>\n\n\n\n<h5 class=\"wp-block-heading\">5. Exactitude des documents<\/h5>\n\n\n\n<p>Les documents figurant sur notre site peuvent contenir des erreurs techniques, typographiques ou photographiques. Nous ne garantissons pas que les documents de notre site sont exacts, complets ou actuels. Nous pouvons apporter des modifications au mat\u00e9riel contenu sur notre site \u00e0 tout moment sans pr\u00e9avis. Toutefois, nous ne nous engageons pas \u00e0 mettre \u00e0 jour ces documents.<\/p>\n\n\n\n<h5 class=\"wp-block-heading\">6. Liens<\/h5>\n\n\n\n<p>6.1 De temps \u00e0 autre, nous pouvons fournir des liens vers d&#8217;autres sites web sur notre Site. Ces liens et toute autre information provenant de tiers ne sont fournis que pour des raisons de commodit\u00e9 et nous n&#8217;avons aucun contr\u00f4le et ne sommes pas responsables du contenu ou de la disponibilit\u00e9 de ces sites web ou de votre utilisation de ceux-ci. L&#8217;inclusion de tout lien n&#8217;implique aucune approbation de notre part et nous ne faisons aucune d\u00e9claration ni ne donnons aucune garantie quant \u00e0 leur contenu. L&#8217;utilisation d&#8217;un tel site web li\u00e9 se fait aux risques et p\u00e9rils de l&#8217;utilisateur.<\/p>\n\n\n\n<p>6.2 Vous pouvez cr\u00e9er un lien vers notre page d&#8217;accueil, mais vous devez le faire d&#8217;une mani\u00e8re \u00e9quitable et l\u00e9gale, qui ne porte pas atteinte \u00e0 notre r\u00e9putation et n&#8217;en tire pas profit. Vous ne devez pas d\u00e9duire une association, une approbation ou un soutien qui n&#8217;existe pas.<\/p>\n\n\n\n<p>6.3 Vous ne devez pas \u00e9tablir de lien \u00e0 partir d&#8217;un site Web dont vous n&#8217;\u00eates pas le propri\u00e9taire, sauf s&#8217;il s&#8217;agit d&#8217;un forum social, d&#8217;un site de blog ou d&#8217;un autre site Web o\u00f9 un tel lien est autoris\u00e9. Notre Site ne doit pas \u00eatre encadr\u00e9 sur un site Web, et vous ne pouvez pas cr\u00e9er de lien vers une page autre que la page d&#8217;accueil. Nous pouvons retirer l&#8217;autorisation de cr\u00e9er des liens sans pr\u00e9avis.<\/p>\n\n\n\n<h5 class=\"wp-block-heading\">7. Responsabilit\u00e9<\/h5>\n\n\n\n<p>7.1 Vous devez vous assurer que la confiance que vous accordez \u00e0 ce site est adapt\u00e9e \u00e0 vos propres besoins. Les informations que nous fournissons ne sont pas destin\u00e9es \u00e0 constituer des conseils et le mat\u00e9riel est fourni sans aucune garantie quant \u00e0 son exactitude.<\/p>\n\n\n\n<p>7.2 Nous ne garantissons pas que les informations accessibles via ce site sont compl\u00e8tes ou que le site sera disponible, s\u00e9curis\u00e9 ou fonctionnera sans erreur ou sera exempt de virus ou similaire.<\/p>\n\n\n\n<p>7.3 Nous ne serons pas responsables si, pour une raison quelconque, notre site, une partie de celui-ci ou l&#8217;une des fonctions disponibles sur celui-ci sont indisponibles \u00e0 tout moment.<\/p>\n\n\n\n<p>7.4 Aucune disposition des pr\u00e9sentes Conditions n&#8217;a pour objet d&#8217;exclure ou de limiter notre responsabilit\u00e9 en cas de d\u00e9c\u00e8s ou de pr\u00e9judice corporel caus\u00e9 par notre n\u00e9gligence ou par toute fausse d\u00e9claration frauduleuse de notre part ou pour toute autre responsabilit\u00e9 qui ne peut \u00eatre exclue ou limit\u00e9e en vertu de la loi applicable.<\/p>\n\n\n\n<p>7.5 Ce site web est fourni sur une base &#8220;telle quelle&#8221;. Par cons\u00e9quent, dans la mesure o\u00f9 la loi le permet, ni nous, ni aucun de nos employ\u00e9s ou repr\u00e9sentants ne sera responsable envers vous, quelle que soit la mani\u00e8re dont cette responsabilit\u00e9 est engag\u00e9e, pour tous les co\u00fbts, r\u00e9clamations, responsabilit\u00e9s, d\u00e9penses ou dommages que vous subissez en raison de ou en relation avec l&#8217;utilisation de ce site Web. Ceci inclut, sans limitation :<\/p>\n\n\n\n<ul class=\"wp-block-list\"><li>le manque \u00e0 gagner ou la perte d&#8217;\u00e9conomies anticip\u00e9es (qu&#8217;ils soient directs ou indirects) ;<\/li><li>la perte de donn\u00e9es ;<\/li><li>la perte de revenus, de recettes ou d&#8217;activit\u00e9s ;<\/li><li>la perte de client\u00e8le ou l&#8217;atteinte \u00e0 la r\u00e9putation ;<\/li><li>le temps de gestion perdu ;<\/li><li>ou la perte due \u00e0 l&#8217;interruption des activit\u00e9s.<\/li><\/ul>\n\n\n\n<p>7.6 Toutes les conditions, garanties et autres termes qui pourraient autrement \u00eatre implicites par la loi ou le droit commun (y compris en ce qui concerne la qualit\u00e9 satisfaisante et l&#8217;aptitude \u00e0 l&#8217;emploi) sont exclus dans toute la mesure permise par la loi.<\/p>\n\n\n\n<p>7.7 Nous ne serons en aucun cas responsables de toute perte ou de tout dommage caus\u00e9 par une attaque par d\u00e9ni de service distribu\u00e9, un virus ou un \u00e9l\u00e9ment similaire susceptible d&#8217;infecter votre \u00e9quipement informatique, vos programmes informatiques, votre syst\u00e8me, vos donn\u00e9es ou tout autre mat\u00e9riel propri\u00e9taire en raison de votre utilisation de notre site Web ou de votre t\u00e9l\u00e9chargement de tout mat\u00e9riel affich\u00e9 sur ce site ou sur tout site Web li\u00e9 \u00e0 celui-ci.<\/p>\n\n\n\n<p>7.8 Notre responsabilit\u00e9 envers vous lorsque vous, ou la soci\u00e9t\u00e9 que vous repr\u00e9sentez, achetez des produits chez nous, est trait\u00e9e dans nos conditions g\u00e9n\u00e9rales de vente.<\/p>\n\n\n\n<h5 class=\"wp-block-heading\">8. G\u00e9n\u00e9ral<\/h5>\n\n\n\n<p>8.1 These Terms and any dispute or claim arising out of or in connection with them or their subject <\/p>\n\n\n\n<p>8.1 Les pr\u00e9sentes Conditions et tout litige ou r\u00e9clamation d\u00e9coulant de ou en relation avec elles ou leur objet (y compris les litiges ou r\u00e9clamations non contractuels) ou ce Site, sont r\u00e9gis par et interpr\u00e9t\u00e9s conform\u00e9ment aux lois du Royaume-Uni et vous vous soumettez irr\u00e9vocablement \u00e0 la juridiction exclusive des tribunaux anglais, en ce qui concerne toute r\u00e9clamation ou litige d\u00e9coulant de ou li\u00e9 \u00e0 notre Site ou aux pr\u00e9sentes Conditions.<\/p>\n\n\n\n<p>8.2 Si une partie des pr\u00e9sentes Conditions est nulle, toutes les autres parties resteront valables, quelle que soit la partie inapplicable.<\/p>\n\n\n\n<p>8.3 Le fait que vous ou nous n&#8217;exercions pas les droits pr\u00e9vus par les pr\u00e9sentes Conditions ou que nous tardions \u00e0 le faire n&#8217;affectera pas les autres droits et recours dont nous ou vous disposons.<\/p>\n\n\n\n<p>8.4 Aucune disposition des pr\u00e9sentes conditions n&#8217;implique une relation de travail, de partenariat, de coentreprise ou d&#8217;agence entre nous.<\/p>\n\n\n\n<p>8.5 Nous pouvons nommer des tiers pour nous aider \u00e0 rendre ce site disponible \u00e0 tout moment.<\/p>\n\n\n\n<p>8.6 A l&#8217;exception de ce qui est convenu dans les pr\u00e9sentes Conditions, une personne qui n&#8217;est pas partie \u00e0 celles-ci n&#8217;aura aucun droit de faire valoir une quelconque condition telle que d\u00e9finie ci-dessus.<\/p>\n\n\n\n<p>8.7 Nous pouvons r\u00e9viser les pr\u00e9sentes Conditions \u00e0 tout moment sans pr\u00e9avis.<\/p>\n\n\n\n<p>8.8 Veuillez \u00e9galement consulter notre Politique de confidentialit\u00e9 et notre Politique en mati\u00e8re de cookies pour obtenir des informations suppl\u00e9mentaires sur la mani\u00e8re dont nous utilisons les informations que nous d\u00e9tenons. Ces politiques sont int\u00e9gr\u00e9es aux pr\u00e9sentes Conditions et en font partie int\u00e9grante.<\/p>\n\n\n\n<div style=\"height:100px\" aria-hidden=\"true\" class=\"wp-block-spacer\"><\/div>\n","protected":false},"excerpt":{"rendered":"<p>1. \u00c0 propos des pr\u00e9sentes conditions d&#8217;utilisation 1.1 Les pr\u00e9sentes conditions d&#8217;utilisation (les conditions) expliquent comment vous pouvez utiliser notre site web. Elles s&#8217;appliquent \u00e0 toute personne qui acc\u00e8de au Site par quelque moyen que ce soit (Utilisation, Utilisateurs, Utilisation). 1.2 En continuant \u00e0 utiliser le site, vous acceptez d&#8217;\u00eatre li\u00e9 par les pr\u00e9sentes conditions, [&hellip;]<\/p>\n","protected":false},"author":2,"featured_media":0,"parent":0,"menu_order":0,"comment_status":"closed","ping_status":"closed","template":"","meta":{"footnotes":""},"class_list":["hentry","page"],"yoast_head":"<!-- This site is optimized with the Yoast SEO plugin v27.5 - https:\/\/yoast.com\/product\/yoast-seo-wordpress\/ -->\n<title>Conditions d&#039;utilisation | Macalloy T&amp;Cs<\/title>\n<meta name=\"description\" content=\"Voir les conditions d&#039;utilisation de Macalloy. Ces conditions d&#039;utilisation (les conditions) expliquent comment vous pouvez utiliser notre site web.\" \/>\n<meta name=\"robots\" content=\"index, follow, max-snippet:-1, max-image-preview:large, max-video-preview:-1\" \/>\n<link rel=\"canonical\" href=\"https:\/\/macalloy.com\/fr\/terms-of-use\/\" \/>\n<meta property=\"og:locale\" content=\"fr_FR\" \/>\n<meta property=\"og:type\" content=\"article\" \/>\n<meta property=\"og:title\" content=\"Conditions d&#039;utilisation | Macalloy T&amp;Cs\" \/>\n<meta property=\"og:description\" content=\"Voir les conditions d&#039;utilisation de Macalloy. Ces conditions d&#039;utilisation (les conditions) expliquent comment vous pouvez utiliser notre site web.\" \/>\n<meta property=\"og:url\" content=\"https:\/\/macalloy.com\/fr\/terms-of-use\/\" \/>\n<meta property=\"og:site_name\" content=\"Macalloy\" \/>\n<meta property=\"article:modified_time\" content=\"2024-05-01T14:13:10+00:00\" \/>\n<meta name=\"twitter:card\" content=\"summary_large_image\" \/>\n<meta name=\"twitter:label1\" content=\"Dur\u00e9e de lecture estim\u00e9e\" \/>\n\t<meta name=\"twitter:data1\" content=\"8 minutes\" \/>\n<script type=\"application\/ld+json\" class=\"yoast-schema-graph\">{\"@context\":\"https:\\\/\\\/schema.org\",\"@graph\":[{\"@type\":\"WebPage\",\"@id\":\"https:\\\/\\\/macalloy.com\\\/fr\\\/terms-of-use\\\/\",\"url\":\"https:\\\/\\\/macalloy.com\\\/fr\\\/terms-of-use\\\/\",\"name\":\"Conditions d'utilisation | Macalloy T&Cs\",\"isPartOf\":{\"@id\":\"https:\\\/\\\/macalloy.com\\\/fr\\\/#website\"},\"datePublished\":\"2021-09-07T15:53:36+00:00\",\"dateModified\":\"2024-05-01T14:13:10+00:00\",\"description\":\"Voir les conditions d'utilisation de Macalloy. Ces conditions d'utilisation (les conditions) expliquent comment vous pouvez utiliser notre site web.\",\"breadcrumb\":{\"@id\":\"https:\\\/\\\/macalloy.com\\\/fr\\\/terms-of-use\\\/#breadcrumb\"},\"inLanguage\":\"fr-FR\",\"potentialAction\":[{\"@type\":\"ReadAction\",\"target\":[\"https:\\\/\\\/macalloy.com\\\/fr\\\/terms-of-use\\\/\"]}]},{\"@type\":\"BreadcrumbList\",\"@id\":\"https:\\\/\\\/macalloy.com\\\/fr\\\/terms-of-use\\\/#breadcrumb\",\"itemListElement\":[{\"@type\":\"ListItem\",\"position\":1,\"name\":\"Home\",\"item\":\"https:\\\/\\\/macalloy.com\\\/fr\\\/\"},{\"@type\":\"ListItem\",\"position\":2,\"name\":\"Conditions d&#8217;utilisation\"}]},{\"@type\":\"WebSite\",\"@id\":\"https:\\\/\\\/macalloy.com\\\/fr\\\/#website\",\"url\":\"https:\\\/\\\/macalloy.com\\\/fr\\\/\",\"name\":\"Macalloy\",\"description\":\"Threaded Bar Systems Trusted Worldwide\",\"potentialAction\":[{\"@type\":\"SearchAction\",\"target\":{\"@type\":\"EntryPoint\",\"urlTemplate\":\"https:\\\/\\\/macalloy.com\\\/fr\\\/?s={search_term_string}\"},\"query-input\":{\"@type\":\"PropertyValueSpecification\",\"valueRequired\":true,\"valueName\":\"search_term_string\"}}],\"inLanguage\":\"fr-FR\"}]}<\/script>\n<!-- \/ Yoast SEO plugin. -->","yoast_head_json":{"title":"Conditions d'utilisation | Macalloy T&Cs","description":"Voir les conditions d'utilisation de Macalloy. Ces conditions d'utilisation (les conditions) expliquent comment vous pouvez utiliser notre site web.","robots":{"index":"index","follow":"follow","max-snippet":"max-snippet:-1","max-image-preview":"max-image-preview:large","max-video-preview":"max-video-preview:-1"},"canonical":"https:\/\/macalloy.com\/fr\/terms-of-use\/","og_locale":"fr_FR","og_type":"article","og_title":"Conditions d'utilisation | Macalloy T&Cs","og_description":"Voir les conditions d'utilisation de Macalloy. Ces conditions d'utilisation (les conditions) expliquent comment vous pouvez utiliser notre site web.","og_url":"https:\/\/macalloy.com\/fr\/terms-of-use\/","og_site_name":"Macalloy","article_modified_time":"2024-05-01T14:13:10+00:00","twitter_card":"summary_large_image","twitter_misc":{"Dur\u00e9e de lecture estim\u00e9e":"8 minutes"},"schema":{"@context":"https:\/\/schema.org","@graph":[{"@type":"WebPage","@id":"https:\/\/macalloy.com\/fr\/terms-of-use\/","url":"https:\/\/macalloy.com\/fr\/terms-of-use\/","name":"Conditions d'utilisation | Macalloy T&Cs","isPartOf":{"@id":"https:\/\/macalloy.com\/fr\/#website"},"datePublished":"2021-09-07T15:53:36+00:00","dateModified":"2024-05-01T14:13:10+00:00","description":"Voir les conditions d'utilisation de Macalloy. Ces conditions d'utilisation (les conditions) expliquent comment vous pouvez utiliser notre site web.","breadcrumb":{"@id":"https:\/\/macalloy.com\/fr\/terms-of-use\/#breadcrumb"},"inLanguage":"fr-FR","potentialAction":[{"@type":"ReadAction","target":["https:\/\/macalloy.com\/fr\/terms-of-use\/"]}]},{"@type":"BreadcrumbList","@id":"https:\/\/macalloy.com\/fr\/terms-of-use\/#breadcrumb","itemListElement":[{"@type":"ListItem","position":1,"name":"Home","item":"https:\/\/macalloy.com\/fr\/"},{"@type":"ListItem","position":2,"name":"Conditions d&#8217;utilisation"}]},{"@type":"WebSite","@id":"https:\/\/macalloy.com\/fr\/#website","url":"https:\/\/macalloy.com\/fr\/","name":"Macalloy","description":"Threaded Bar Systems Trusted Worldwide","potentialAction":[{"@type":"SearchAction","target":{"@type":"EntryPoint","urlTemplate":"https:\/\/macalloy.com\/fr\/?s={search_term_string}"},"query-input":{"@type":"PropertyValueSpecification","valueRequired":true,"valueName":"search_term_string"}}],"inLanguage":"fr-FR"}]}},"_links":{"self":[{"href":"https:\/\/macalloy.com\/fr\/wp-json\/wp\/v2\/pages\/21834","targetHints":{"allow":["GET"]}}],"collection":[{"href":"https:\/\/macalloy.com\/fr\/wp-json\/wp\/v2\/pages"}],"about":[{"href":"https:\/\/macalloy.com\/fr\/wp-json\/wp\/v2\/types\/page"}],"author":[{"embeddable":true,"href":"https:\/\/macalloy.com\/fr\/wp-json\/wp\/v2\/users\/2"}],"replies":[{"embeddable":true,"href":"https:\/\/macalloy.com\/fr\/wp-json\/wp\/v2\/comments?post=21834"}],"version-history":[{"count":0,"href":"https:\/\/macalloy.com\/fr\/wp-json\/wp\/v2\/pages\/21834\/revisions"}],"wp:attachment":[{"href":"https:\/\/macalloy.com\/fr\/wp-json\/wp\/v2\/media?parent=21834"}],"curies":[{"name":"wp","href":"https:\/\/api.w.org\/{rel}","templated":true}]}}