{"id":26905,"date":"2022-03-22T19:56:35","date_gmt":"2022-03-22T19:56:35","guid":{"rendered":"https:\/\/macalloy.com\/products-services\/tension-structures\/macalloy-s460-bar-system\/"},"modified":"2024-07-11T10:39:46","modified_gmt":"2024-07-11T09:39:46","slug":"macalloy-s460-bar-system","status":"publish","type":"page","link":"https:\/\/macalloy.com\/fr\/produits-et-services\/structures-de-tension\/macalloy-s460-bar-system\/","title":{"rendered":"Syst\u00e8me de barres Macalloy S460"},"content":{"rendered":"\n<div class=\"wp-block-media-text alignfull is-stacked-on-mobile is-image-fill has-background-highlight-colour has-neutral-0-color has-primary-900-background-color has-text-color has-background\"><figure class=\"wp-block-media-text__media\" style=\"background-image:url(https:\/\/macalloystg.wpengine.com\/wp-content\/uploads\/2021\/11\/Macalloy-Tension-Structures-1-1024x777.jpg);background-position:42% 38%\"><img fetchpriority=\"high\" decoding=\"async\" width=\"1024\" height=\"777\" src=\"https:\/\/macalloystg.wpengine.com\/wp-content\/uploads\/2021\/11\/Macalloy-Tension-Structures-1-1024x777.jpg\" alt=\"\" class=\"wp-image-3096 size-full\" srcset=\"https:\/\/macalloy.com\/wp-content\/uploads\/2021\/11\/Macalloy-Tension-Structures-1-1024x777.jpg 1024w, https:\/\/macalloy.com\/wp-content\/uploads\/2021\/11\/Macalloy-Tension-Structures-1-600x455.jpg 600w, https:\/\/macalloy.com\/wp-content\/uploads\/2021\/11\/Macalloy-Tension-Structures-1-300x228.jpg 300w, https:\/\/macalloy.com\/wp-content\/uploads\/2021\/11\/Macalloy-Tension-Structures-1-768x583.jpg 768w, https:\/\/macalloy.com\/wp-content\/uploads\/2021\/11\/Macalloy-Tension-Structures-1.jpg 1350w\" sizes=\"(max-width: 1024px) 100vw, 1024px\" \/><\/figure><div class=\"wp-block-media-text__content\">\n<h5 class=\"wp-block-heading animate animate--up\">Macalloy S460 est un syst\u00e8me d&#8217;acier inoxydable aust\u00e9nitique, s\u00e9lectionn\u00e9 parmi les aciers inoxydables \u00e0 haute r\u00e9sistance pour fournir un \u00e9quilibre optimal de r\u00e9sistance, de durabilit\u00e9 et d&#8217;apparence. L&#8217;acier inoxydable aust\u00e9nitique poss\u00e8de d&#8217;excellentes propri\u00e9t\u00e9s d&#8217;impact charpy v notch.<\/h5>\n<\/div><\/div>\n\n\n\n<div style=\"height:30px\" aria-hidden=\"true\" class=\"wp-block-spacer\"><\/div>\n\n\n\n<div class=\"wp-block-columns is-layout-flex wp-container-core-columns-is-layout-9d6595d7 wp-block-columns-is-layout-flex\">\n<div class=\"wp-block-column is-vertically-aligned-top mb-0 is-layout-flow wp-block-column-is-layout-flow\">\n<h2 class=\"wp-block-heading h4 has-primary-900-color has-text-color animate animate--right\">Barres en acier inoxydable <br>Macalloy S460.<\/h2>\n\n\n\n<hr class=\"wp-block-separator has-text-color has-primary-900-color has-css-opacity has-primary-900-background-color has-background animate animate--right animate--delay-short\"\/>\n<\/div>\n\n\n\n<div class=\"wp-block-column is-layout-flow wp-block-column-is-layout-flow\"><\/div>\n<\/div>\n\n\n\n<div class=\"wp-block-columns is-layout-flex wp-container-core-columns-is-layout-9d6595d7 wp-block-columns-is-layout-flex\">\n<div class=\"wp-block-column is-vertically-aligned-top is-layout-flow wp-block-column-is-layout-flow\">\n<p class=\"no-mt\">MLes barres Macalloy S460 ont les propri\u00e9t\u00e9s m\u00e9caniques suivantes :<\/p>\n\n\n\n<ul class=\"wp-block-list\">\n<li>Contrainte minimale d&#8217;\u00e9lasticit\u00e9 460 N\/mm<sup>2<\/sup><\/li>\n\n\n\n<li>Contrainte de rupture minimale 610 N\/mm<sup>2<\/sup><\/li>\n\n\n\n<li>Allongement minimal de 15%<\/li>\n\n\n\n<li>Valeur minimale de l&#8217;impact charpy 27J @-20\u00b0C<\/li>\n\n\n\n<li>Module d&#8217;Young nominal 190 kN\/mm<sup>2<\/sup><\/li>\n<\/ul>\n\n\n\n<p>Le syst\u00e8me est livr\u00e9 en standard dans les diam\u00e8tres M10 \u00e0 M76. Les barres sont disponibles en longueurs standard de 6m. Des longueurs sup\u00e9rieures sont disponibles sur demande.<\/p>\n<\/div>\n\n\n\n<div class=\"wp-block-column is-layout-flow wp-block-column-is-layout-flow\">\n<p>Les r\u00e9glages \u00e0 l&#8217;int\u00e9rieur de chaque fourche ou b\u00eache sont les suivants :<\/p>\n\n\n\n<ul class=\"wp-block-list\">\n<li>M10 \u00e0 M56: +\/- 1\/2 diam\u00e8tre de filetage<\/li>\n\n\n\n<li>M64 \u00e0 M100: +\/-25mm<\/li>\n<\/ul>\n\n\n\n<p>Les tendeurs permettent des r\u00e9glages suppl\u00e9mentaires de :<\/p>\n\n\n\n<ul class=\"wp-block-list\">\n<li>M10 \u00e0 M24: +\/-25mm<\/li>\n\n\n\n<li>M30 \u00e0 M100: +\/-50mm<\/li>\n<\/ul>\n\n\n\n<p><\/p>\n<\/div>\n<\/div>\n\n\n\n<div class=\"wp-block-columns animate animate--up animate--delay-short is-layout-flex wp-container-core-columns-is-layout-9d6595d7 wp-block-columns-is-layout-flex\">\n<div class=\"wp-block-column is-layout-flow wp-block-column-is-layout-flow\">\n<h5 class=\"wp-block-heading has-primary-900-color has-text-color\">Finition en acier inoxydable<\/h5>\n\n\n\n<p>Tous les composants du syst\u00e8me de barres Macalloy S460 sont fournis, en standard, avec une finition polie Grit 220 (N3). Sur demande, Macalloy peut fournir des finitions de qualit\u00e9 sup\u00e9rieure (\u00e9lectro-polissage, finition en billes de verre, etc.). Veuillez discuter de vos besoins avec notre <a href=\"https:\/\/macalloy.com\/contact\/\">\u00e9quipe de vente<\/a>.<\/p>\n\n\n\n<h5 class=\"wp-block-heading has-primary-900-color has-text-color\">Isolation<\/h5>\n\n\n\n<p>Lorsque le syst\u00e8me Macalloy S460 en acier inoxydable est reli\u00e9 \u00e0 des goussets en acier au carbone, il est recommand\u00e9 d&#8217;utiliser une isolation. Macalloy peut proposer des manchons d&#8217;isolation et des rondelles pour \u00e9viter la corrosion bim\u00e9tallique.<\/p>\n<\/div>\n\n\n\n<div class=\"wp-block-column is-layout-flow wp-block-column-is-layout-flow\">\n<h5 class=\"wp-block-heading has-primary-900-color has-text-color\">Utilisation de l&#8217;acier inoxydable dans les environnements chlor\u00e9s<\/h5>\n\n\n\n<p>Macalloy a une exp\u00e9rience consid\u00e9rable de l&#8217;utilisation de l&#8217;acier inoxydable dans un environnement chlor\u00e9 et peut offrir des conseils sur les qualit\u00e9s sp\u00e9cifiques pour de telles applications. Pour plus d&#8217;informations, veuillez contacter le d\u00e9partement technique de Macalloy, <a href=\"technical@macalloy.com\">technical@macalloy.com<\/a><\/p>\n\n\n\n<h5 class=\"wp-block-heading has-primary-900-color has-text-color\">Approbation europ\u00e9enne<\/h5>\n\n\n\n<p>Le syst\u00e8me Macalloy S460 a l&#8217;approbation europ\u00e9enne CE sous l&#8217;ETA 21\/0053 pour tous les diam\u00e8tres standards de M10 \u00e0 M76. Lors de la sp\u00e9cification, demandez toujours des syst\u00e8mes approuv\u00e9s CE.<\/p>\n\n\n\n<p><a href=\"https:\/\/macalloy.com\/contact\/\">Contactez un agent Macalloy d\u00e8s aujourd&#8217;hui<\/a> pour discuter de tout ce qui concerne les barres de tension et les barres de structure architecturale.<\/p>\n<\/div>\n<\/div>\n\n\n\n<div style=\"height:50px\" aria-hidden=\"true\" class=\"wp-block-spacer\"><\/div>\n\n\n<div class=\"post__sharing animate animate--up animate--delay-long\"><strong class=\"sharing__title\">Share<\/strong><ul class=\"sharing__list\"><li class=\"sharing__item\"><a class=\"sharing__link sharing__link--facebook js-share\" href=\"https:\/\/www.facebook.com\/sharer\/sharer.php?u=https%3A%2F%2Fmacalloy.com%2Ffr%2Fproduits-et-services%2Fstructures-de-tension%2Fmacalloy-s460-bar-system%2F\">Facebook <svg xmlns=\"http:\/\/www.w3.org\/2000\/svg\" xmlns:xlink=\"http:\/\/www.w3.org\/1999\/xlink\" width=\"100\" height=\"100\" viewBox=\"0 0 100 100\"><g transform=\"translate(51.909 -29.171) rotate(45)\"><path d=\"M78.4,33.1,78.959,0,45.815,1.351l.3,5.515H68.537L0,75.4l4.54,4.54L73.077,11.405V32.58Z\" transform=\"translate(-0.882 56.319) rotate(-45)\"\/><\/g><\/svg><\/a><\/li><li class=\"sharing__item\"><a class=\"sharing__link sharing__link--twitter js-share\" href=\"https:\/\/twitter.com\/intent\/tweet?url=https%3A%2F%2Fmacalloy.com%2Ffr%2Fproduits-et-services%2Fstructures-de-tension%2Fmacalloy-s460-bar-system%2F&text=Macalloy+S460+est+un+syst%C3%A8me+d%26%238217%3Bacier+inoxydable+aust%C3%A9nitique%2C+s%C3%A9lectionn%C3%A9+parmi+les+aciers+inoxydables+%C3%A0+haute+r%C3%A9sistance+pour+fournir+un+%C3%A9quilibre+optimal+de+r%C3%A9sistance%2C+de+durabilit%C3%A9+et+d%26%238217%3Bapparence.+L%26%238217%3Bacier+inoxydable+aust%C3%A9nitique+poss%C3%A8de+d%26%238217%3Bexcellentes+propri%C3%A9t%C3%A9s+d%26%238217%3Bimpact+charpy+v+notch.+Barres+en+acier+inoxydable+Macalloy+S460.+MLes+barres+Macalloy+S460+ont+les+propri%C3%A9t%C3%A9s+m%C3%A9caniques+suivantes+%3A+Le+syst%C3%A8me+%5B%26hellip%3B%5D\">Twitter <svg xmlns=\"http:\/\/www.w3.org\/2000\/svg\" xmlns:xlink=\"http:\/\/www.w3.org\/1999\/xlink\" width=\"100\" height=\"100\" viewBox=\"0 0 100 100\"><g transform=\"translate(51.909 -29.171) rotate(45)\"><path d=\"M78.4,33.1,78.959,0,45.815,1.351l.3,5.515H68.537L0,75.4l4.54,4.54L73.077,11.405V32.58Z\" transform=\"translate(-0.882 56.319) rotate(-45)\"\/><\/g><\/svg><\/a><\/li><li class=\"sharing__item\"><a class=\"sharing__link sharing__link--linkedin js-share\" href=\"https:\/\/www.linkedin.com\/shareArticle?mini=true&url=https%3A%2F%2Fmacalloy.com%2Ffr%2Fproduits-et-services%2Fstructures-de-tension%2Fmacalloy-s460-bar-system%2F&title=LinkedIn&summary=Macalloy+S460+est+un+syst%C3%A8me+d%26%238217%3Bacier+inoxydable+aust%C3%A9nitique%2C+s%C3%A9lectionn%C3%A9+parmi+les+aciers+inoxydables+%C3%A0+haute+r%C3%A9sistance+pour+fournir+un+%C3%A9quilibre+optimal+de+r%C3%A9sistance%2C+de+durabilit%C3%A9+et+d%26%238217%3Bapparence.+L%26%238217%3Bacier+inoxydable+aust%C3%A9nitique+poss%C3%A8de+d%26%238217%3Bexcellentes+propri%C3%A9t%C3%A9s+d%26%238217%3Bimpact+charpy+v+notch.+Barres+en+acier+inoxydable+Macalloy+S460.+MLes+barres+Macalloy+S460+ont+les+propri%C3%A9t%C3%A9s+m%C3%A9caniques+suivantes+%3A+Le+syst%C3%A8me+%5B%26hellip%3B%5D&source=LinkedIn\">LinkedIn <svg xmlns=\"http:\/\/www.w3.org\/2000\/svg\" xmlns:xlink=\"http:\/\/www.w3.org\/1999\/xlink\" width=\"100\" height=\"100\" viewBox=\"0 0 100 100\"><g transform=\"translate(51.909 -29.171) rotate(45)\"><path d=\"M78.4,33.1,78.959,0,45.815,1.351l.3,5.515H68.537L0,75.4l4.54,4.54L73.077,11.405V32.58Z\" transform=\"translate(-0.882 56.319) rotate(-45)\"\/><\/g><\/svg><\/a><\/li><\/ul><\/div>\n\n\n\n<div class=\"wp-block-cover alignfull is-light mb-0 animate animate--up\" style=\"min-height:600px;aspect-ratio:unset;\"><span aria-hidden=\"true\" class=\"wp-block-cover__background has-primary-900-background-color has-background-dim\"><\/span><img decoding=\"async\" class=\"wp-block-cover__image-background wp-image-1852\" alt=\"\" src=\"https:\/\/macalloystg.wpengine.com\/wp-content\/uploads\/2021\/09\/macalloy_map-scaled.jpg\" data-object-fit=\"cover\"\/><div class=\"wp-block-cover__inner-container is-layout-flow wp-block-cover-is-layout-flow\">\n<h4 class=\"wp-block-heading has-text-align-center has-neutral-0-color has-text-color animate animate--up animate--delay-short\">Notre cha\u00eene d\u2019approvisionnement continue de s\u2019\u00e9tendre via un r\u00e9seau international d\u2019agents et de distributeurs Macalloy, assurant une croissance continue sur le march\u00e9 mondial.<\/h4>\n<\/div><\/div>\n","protected":false},"excerpt":{"rendered":"<p>Macalloy S460 est un syst\u00e8me d&#8217;acier inoxydable aust\u00e9nitique, s\u00e9lectionn\u00e9 parmi les aciers inoxydables \u00e0 haute r\u00e9sistance pour fournir un \u00e9quilibre optimal de r\u00e9sistance, de durabilit\u00e9 et d&#8217;apparence. L&#8217;acier inoxydable aust\u00e9nitique poss\u00e8de d&#8217;excellentes propri\u00e9t\u00e9s d&#8217;impact charpy v notch. Barres en acier inoxydable Macalloy S460. MLes barres Macalloy S460 ont les propri\u00e9t\u00e9s m\u00e9caniques suivantes : Le syst\u00e8me [&hellip;]<\/p>\n","protected":false},"author":3,"featured_media":0,"parent":21701,"menu_order":0,"comment_status":"closed","ping_status":"closed","template":"","meta":{"footnotes":""},"class_list":["hentry","page"],"yoast_head":"<!-- This site is optimized with the Yoast SEO plugin v27.5 - https:\/\/yoast.com\/product\/yoast-seo-wordpress\/ -->\n<title>Syst\u00e8me de barres inoxydables Macalloy S460 - Barres et tiges de tension | Macalloy<\/title>\n<meta name=\"description\" content=\"Le S460 de Macalloy est un syst\u00e8me de barres de tension en acier inoxydable, leader sur le march\u00e9. Ce syst\u00e8me est livr\u00e9 en standard dans les diam\u00e8tres M10 \u00e0 M76.\" \/>\n<meta name=\"robots\" content=\"index, follow, max-snippet:-1, max-image-preview:large, max-video-preview:-1\" \/>\n<link rel=\"canonical\" href=\"https:\/\/macalloy.com\/fr\/produits-et-services\/structures-de-tension\/macalloy-s460-bar-system\/\" \/>\n<meta property=\"og:locale\" content=\"fr_FR\" \/>\n<meta property=\"og:type\" content=\"article\" \/>\n<meta property=\"og:title\" content=\"Syst\u00e8me de barres inoxydables Macalloy S460 - Barres et tiges de tension | Macalloy\" \/>\n<meta property=\"og:description\" content=\"Le S460 de Macalloy est un syst\u00e8me de barres de tension en acier inoxydable, leader sur le march\u00e9. Ce syst\u00e8me est livr\u00e9 en standard dans les diam\u00e8tres M10 \u00e0 M76.\" \/>\n<meta property=\"og:url\" content=\"https:\/\/macalloy.com\/fr\/produits-et-services\/structures-de-tension\/macalloy-s460-bar-system\/\" \/>\n<meta property=\"og:site_name\" content=\"Macalloy\" \/>\n<meta property=\"article:modified_time\" content=\"2024-07-11T09:39:46+00:00\" \/>\n<meta property=\"og:image\" content=\"https:\/\/macalloystg.wpengine.com\/wp-content\/uploads\/2021\/11\/Macalloy-Tension-Structures-1-1024x777.jpg\" \/>\n<meta name=\"twitter:card\" content=\"summary_large_image\" \/>\n<meta name=\"twitter:label1\" content=\"Dur\u00e9e de lecture estim\u00e9e\" \/>\n\t<meta name=\"twitter:data1\" content=\"2 minutes\" \/>\n<script type=\"application\/ld+json\" class=\"yoast-schema-graph\">{\"@context\":\"https:\\\/\\\/schema.org\",\"@graph\":[{\"@type\":\"WebPage\",\"@id\":\"https:\\\/\\\/macalloy.com\\\/fr\\\/produits-et-services\\\/structures-de-tension\\\/macalloy-s460-bar-system\\\/\",\"url\":\"https:\\\/\\\/macalloy.com\\\/fr\\\/produits-et-services\\\/structures-de-tension\\\/macalloy-s460-bar-system\\\/\",\"name\":\"Syst\u00e8me de barres inoxydables Macalloy S460 - Barres et tiges de tension | Macalloy\",\"isPartOf\":{\"@id\":\"https:\\\/\\\/macalloy.com\\\/fr\\\/#website\"},\"primaryImageOfPage\":{\"@id\":\"https:\\\/\\\/macalloy.com\\\/fr\\\/produits-et-services\\\/structures-de-tension\\\/macalloy-s460-bar-system\\\/#primaryimage\"},\"image\":{\"@id\":\"https:\\\/\\\/macalloy.com\\\/fr\\\/produits-et-services\\\/structures-de-tension\\\/macalloy-s460-bar-system\\\/#primaryimage\"},\"thumbnailUrl\":\"https:\\\/\\\/macalloystg.wpengine.com\\\/wp-content\\\/uploads\\\/2021\\\/11\\\/Macalloy-Tension-Structures-1-1024x777.jpg\",\"datePublished\":\"2022-03-22T19:56:35+00:00\",\"dateModified\":\"2024-07-11T09:39:46+00:00\",\"description\":\"Le S460 de Macalloy est un syst\u00e8me de barres de tension en acier inoxydable, leader sur le march\u00e9. Ce syst\u00e8me est livr\u00e9 en standard dans les diam\u00e8tres M10 \u00e0 M76.\",\"breadcrumb\":{\"@id\":\"https:\\\/\\\/macalloy.com\\\/fr\\\/produits-et-services\\\/structures-de-tension\\\/macalloy-s460-bar-system\\\/#breadcrumb\"},\"inLanguage\":\"fr-FR\",\"potentialAction\":[{\"@type\":\"ReadAction\",\"target\":[\"https:\\\/\\\/macalloy.com\\\/fr\\\/produits-et-services\\\/structures-de-tension\\\/macalloy-s460-bar-system\\\/\"]}]},{\"@type\":\"ImageObject\",\"inLanguage\":\"fr-FR\",\"@id\":\"https:\\\/\\\/macalloy.com\\\/fr\\\/produits-et-services\\\/structures-de-tension\\\/macalloy-s460-bar-system\\\/#primaryimage\",\"url\":\"https:\\\/\\\/macalloystg.wpengine.com\\\/wp-content\\\/uploads\\\/2021\\\/11\\\/Macalloy-Tension-Structures-1-1024x777.jpg\",\"contentUrl\":\"https:\\\/\\\/macalloystg.wpengine.com\\\/wp-content\\\/uploads\\\/2021\\\/11\\\/Macalloy-Tension-Structures-1-1024x777.jpg\"},{\"@type\":\"BreadcrumbList\",\"@id\":\"https:\\\/\\\/macalloy.com\\\/fr\\\/produits-et-services\\\/structures-de-tension\\\/macalloy-s460-bar-system\\\/#breadcrumb\",\"itemListElement\":[{\"@type\":\"ListItem\",\"position\":1,\"name\":\"Home\",\"item\":\"https:\\\/\\\/macalloy.com\\\/fr\\\/\"},{\"@type\":\"ListItem\",\"position\":2,\"name\":\"Produits et services\",\"item\":\"https:\\\/\\\/macalloy.com\\\/fr\\\/produits-et-services\\\/\"},{\"@type\":\"ListItem\",\"position\":3,\"name\":\"Structures de Tension\",\"item\":\"https:\\\/\\\/macalloy.com\\\/fr\\\/produits-et-services\\\/structures-de-tension\\\/\"},{\"@type\":\"ListItem\",\"position\":4,\"name\":\"Syst\u00e8me de barres Macalloy S460\"}]},{\"@type\":\"WebSite\",\"@id\":\"https:\\\/\\\/macalloy.com\\\/fr\\\/#website\",\"url\":\"https:\\\/\\\/macalloy.com\\\/fr\\\/\",\"name\":\"Macalloy\",\"description\":\"Threaded Bar Systems Trusted Worldwide\",\"potentialAction\":[{\"@type\":\"SearchAction\",\"target\":{\"@type\":\"EntryPoint\",\"urlTemplate\":\"https:\\\/\\\/macalloy.com\\\/fr\\\/?s={search_term_string}\"},\"query-input\":{\"@type\":\"PropertyValueSpecification\",\"valueRequired\":true,\"valueName\":\"search_term_string\"}}],\"inLanguage\":\"fr-FR\"}]}<\/script>\n<!-- \/ Yoast SEO plugin. -->","yoast_head_json":{"title":"Syst\u00e8me de barres inoxydables Macalloy S460 - Barres et tiges de tension | Macalloy","description":"Le S460 de Macalloy est un syst\u00e8me de barres de tension en acier inoxydable, leader sur le march\u00e9. Ce syst\u00e8me est livr\u00e9 en standard dans les diam\u00e8tres M10 \u00e0 M76.","robots":{"index":"index","follow":"follow","max-snippet":"max-snippet:-1","max-image-preview":"max-image-preview:large","max-video-preview":"max-video-preview:-1"},"canonical":"https:\/\/macalloy.com\/fr\/produits-et-services\/structures-de-tension\/macalloy-s460-bar-system\/","og_locale":"fr_FR","og_type":"article","og_title":"Syst\u00e8me de barres inoxydables Macalloy S460 - Barres et tiges de tension | Macalloy","og_description":"Le S460 de Macalloy est un syst\u00e8me de barres de tension en acier inoxydable, leader sur le march\u00e9. Ce syst\u00e8me est livr\u00e9 en standard dans les diam\u00e8tres M10 \u00e0 M76.","og_url":"https:\/\/macalloy.com\/fr\/produits-et-services\/structures-de-tension\/macalloy-s460-bar-system\/","og_site_name":"Macalloy","article_modified_time":"2024-07-11T09:39:46+00:00","og_image":[{"url":"https:\/\/macalloystg.wpengine.com\/wp-content\/uploads\/2021\/11\/Macalloy-Tension-Structures-1-1024x777.jpg","type":"","width":"","height":""}],"twitter_card":"summary_large_image","twitter_misc":{"Dur\u00e9e de lecture estim\u00e9e":"2 minutes"},"schema":{"@context":"https:\/\/schema.org","@graph":[{"@type":"WebPage","@id":"https:\/\/macalloy.com\/fr\/produits-et-services\/structures-de-tension\/macalloy-s460-bar-system\/","url":"https:\/\/macalloy.com\/fr\/produits-et-services\/structures-de-tension\/macalloy-s460-bar-system\/","name":"Syst\u00e8me de barres inoxydables Macalloy S460 - Barres et tiges de tension | Macalloy","isPartOf":{"@id":"https:\/\/macalloy.com\/fr\/#website"},"primaryImageOfPage":{"@id":"https:\/\/macalloy.com\/fr\/produits-et-services\/structures-de-tension\/macalloy-s460-bar-system\/#primaryimage"},"image":{"@id":"https:\/\/macalloy.com\/fr\/produits-et-services\/structures-de-tension\/macalloy-s460-bar-system\/#primaryimage"},"thumbnailUrl":"https:\/\/macalloystg.wpengine.com\/wp-content\/uploads\/2021\/11\/Macalloy-Tension-Structures-1-1024x777.jpg","datePublished":"2022-03-22T19:56:35+00:00","dateModified":"2024-07-11T09:39:46+00:00","description":"Le S460 de Macalloy est un syst\u00e8me de barres de tension en acier inoxydable, leader sur le march\u00e9. Ce syst\u00e8me est livr\u00e9 en standard dans les diam\u00e8tres M10 \u00e0 M76.","breadcrumb":{"@id":"https:\/\/macalloy.com\/fr\/produits-et-services\/structures-de-tension\/macalloy-s460-bar-system\/#breadcrumb"},"inLanguage":"fr-FR","potentialAction":[{"@type":"ReadAction","target":["https:\/\/macalloy.com\/fr\/produits-et-services\/structures-de-tension\/macalloy-s460-bar-system\/"]}]},{"@type":"ImageObject","inLanguage":"fr-FR","@id":"https:\/\/macalloy.com\/fr\/produits-et-services\/structures-de-tension\/macalloy-s460-bar-system\/#primaryimage","url":"https:\/\/macalloystg.wpengine.com\/wp-content\/uploads\/2021\/11\/Macalloy-Tension-Structures-1-1024x777.jpg","contentUrl":"https:\/\/macalloystg.wpengine.com\/wp-content\/uploads\/2021\/11\/Macalloy-Tension-Structures-1-1024x777.jpg"},{"@type":"BreadcrumbList","@id":"https:\/\/macalloy.com\/fr\/produits-et-services\/structures-de-tension\/macalloy-s460-bar-system\/#breadcrumb","itemListElement":[{"@type":"ListItem","position":1,"name":"Home","item":"https:\/\/macalloy.com\/fr\/"},{"@type":"ListItem","position":2,"name":"Produits et services","item":"https:\/\/macalloy.com\/fr\/produits-et-services\/"},{"@type":"ListItem","position":3,"name":"Structures de Tension","item":"https:\/\/macalloy.com\/fr\/produits-et-services\/structures-de-tension\/"},{"@type":"ListItem","position":4,"name":"Syst\u00e8me de barres Macalloy S460"}]},{"@type":"WebSite","@id":"https:\/\/macalloy.com\/fr\/#website","url":"https:\/\/macalloy.com\/fr\/","name":"Macalloy","description":"Threaded Bar Systems Trusted Worldwide","potentialAction":[{"@type":"SearchAction","target":{"@type":"EntryPoint","urlTemplate":"https:\/\/macalloy.com\/fr\/?s={search_term_string}"},"query-input":{"@type":"PropertyValueSpecification","valueRequired":true,"valueName":"search_term_string"}}],"inLanguage":"fr-FR"}]}},"_links":{"self":[{"href":"https:\/\/macalloy.com\/fr\/wp-json\/wp\/v2\/pages\/26905","targetHints":{"allow":["GET"]}}],"collection":[{"href":"https:\/\/macalloy.com\/fr\/wp-json\/wp\/v2\/pages"}],"about":[{"href":"https:\/\/macalloy.com\/fr\/wp-json\/wp\/v2\/types\/page"}],"author":[{"embeddable":true,"href":"https:\/\/macalloy.com\/fr\/wp-json\/wp\/v2\/users\/3"}],"replies":[{"embeddable":true,"href":"https:\/\/macalloy.com\/fr\/wp-json\/wp\/v2\/comments?post=26905"}],"version-history":[{"count":0,"href":"https:\/\/macalloy.com\/fr\/wp-json\/wp\/v2\/pages\/26905\/revisions"}],"up":[{"embeddable":true,"href":"https:\/\/macalloy.com\/fr\/wp-json\/wp\/v2\/pages\/21701"}],"wp:attachment":[{"href":"https:\/\/macalloy.com\/fr\/wp-json\/wp\/v2\/media?parent=26905"}],"curies":[{"name":"wp","href":"https:\/\/api.w.org\/{rel}","templated":true}]}}