{"id":26993,"date":"2021-10-12T13:21:22","date_gmt":"2021-10-12T12:21:22","guid":{"rendered":"https:\/\/macalloy.com\/installation-instructions\/"},"modified":"2024-12-11T19:46:01","modified_gmt":"2024-12-11T19:46:01","slug":"installation-instructions","status":"publish","type":"page","link":"https:\/\/macalloy.com\/fr\/downloads\/installation-instructions\/","title":{"rendered":"Instructions d&#8217;installation"},"content":{"rendered":"\n<div style=\"height:50px\" aria-hidden=\"true\" class=\"wp-block-spacer\"><\/div>\n\n\n\n<div class=\"wp-block-columns alignwide mt-1 is-layout-flex wp-container-core-columns-is-layout-9d6595d7 wp-block-columns-is-layout-flex\">\n<div class=\"wp-block-column is-vertically-aligned-top mb-0 mt-0 is-layout-flow wp-block-column-is-layout-flow\" style=\"flex-basis:75%\">\n<h5 class=\"wp-block-heading has-primary-900-color has-text-color\">Macalloy Compression Strut Installation Procedure<\/h5>\n\n\n<section class='__wpdm_gb_section __wpdm_gb_package'><div class='w3eden'><!-- WPDM Link Template: Default Template ( Old ) -->\n\n\n<div class=\"wpdm-link-template link-template-default\" >\n\n    <div class=\"media\">\n        <div class=\"mr-3\"><img decoding=\"async\" class=\"wpdm_icon\" alt=\"Ic\u00f4ne\" src=\"https:\/\/macalloy.com\/wp-content\/plugins\/download-manager\/assets\/file-type-icons\/pdf.svg\" \/><\/div>\n        <div class=\"media-body\">\n            <div>\n                <strong class=\"package-title\">Macalloy Compression Strut Installation Procedure<\/strong> | 291.82 KB\n            <\/div>\n            <a class='wpdm-download-link download-on-click btn btn-primary ' rel='nofollow' href='#' data-downloadurl=\"https:\/\/macalloy.com\/fr\/download\/macalloy-compression-strut-installation-procedure\/?wpdmdl=2799&#038;refresh=69f07f703a4211777368944\">T\u00e9l\u00e9charger<\/a>\n        <\/div>\n\n    <\/div>\n    <div style=\"clear: both\"><\/div>\n<\/div>\n<div style=\"clear: both\"><\/div>\n\n<\/div><\/section><\/div>\n<\/div>\n\n\n\n<hr class=\"wp-block-separator has-text-color has-neutral-300-color has-css-opacity has-neutral-300-background-color has-background alignwide is-style-default thin\"\/>\n\n\n\n<div class=\"wp-block-columns alignwide mt-1 is-layout-flex wp-container-core-columns-is-layout-9d6595d7 wp-block-columns-is-layout-flex\">\n<div class=\"wp-block-column is-vertically-aligned-top mb-0 mt-0 is-layout-flow wp-block-column-is-layout-flow\" style=\"flex-basis:75%\">\n<h5 class=\"wp-block-heading has-primary-900-color has-text-color\">Macalloy Tendons Installation Procedure<\/h5>\n\n\n<section class='__wpdm_gb_section __wpdm_gb_package'><div class='w3eden'><!-- WPDM Link Template: Default Template ( Old ) -->\n\n\n<div class=\"wpdm-link-template link-template-default\" >\n\n    <div class=\"media\">\n        <div class=\"mr-3\"><img decoding=\"async\" class=\"wpdm_icon\" alt=\"Ic\u00f4ne\" src=\"https:\/\/macalloy.com\/wp-content\/plugins\/download-manager\/assets\/file-type-icons\/pdf.svg\" \/><\/div>\n        <div class=\"media-body\">\n            <div>\n                <strong class=\"package-title\">Macalloy Tendons Installation Procedure<\/strong> | 146.03 KB\n            <\/div>\n            <a class='wpdm-download-link download-on-click btn btn-primary ' rel='nofollow' href='#' data-downloadurl=\"https:\/\/macalloy.com\/fr\/download\/macalloy-tendons-installation-procedure\/?wpdmdl=2800&#038;refresh=69f07f708ecc11777368944\">T\u00e9l\u00e9charger<\/a>\n        <\/div>\n\n    <\/div>\n    <div style=\"clear: both\"><\/div>\n<\/div>\n<div style=\"clear: both\"><\/div>\n\n<\/div><\/section><\/div>\n<\/div>\n\n\n\n<hr class=\"wp-block-separator has-text-color has-neutral-300-color has-css-opacity has-neutral-300-background-color has-background alignwide is-style-default thin\"\/>\n\n\n\n<div class=\"wp-block-columns alignwide mt-1 is-layout-flex wp-container-core-columns-is-layout-9d6595d7 wp-block-columns-is-layout-flex\">\n<div class=\"wp-block-column is-vertically-aligned-top mb-0 mt-0 is-layout-flow wp-block-column-is-layout-flow\" style=\"flex-basis:75%\">\n<h5 class=\"wp-block-heading has-primary-900-color has-text-color\">Macalloy Stainless Cables Installation Procedure<\/h5>\n\n\n<section class='__wpdm_gb_section __wpdm_gb_package'><div class='w3eden'><!-- WPDM Link Template: Default Template ( Old ) -->\n\n\n<div class=\"wpdm-link-template link-template-default\" >\n\n    <div class=\"media\">\n        <div class=\"mr-3\"><img decoding=\"async\" class=\"wpdm_icon\" alt=\"Ic\u00f4ne\" src=\"https:\/\/macalloy.com\/wp-content\/plugins\/download-manager\/assets\/file-type-icons\/pdf.svg\" \/><\/div>\n        <div class=\"media-body\">\n            <div>\n                <strong class=\"package-title\">Macalloy Stainless Cables Installation Procedure<\/strong> | 291.82 KB\n            <\/div>\n            <a class='wpdm-download-link download-on-click btn btn-primary ' rel='nofollow' href='#' data-downloadurl=\"https:\/\/macalloy.com\/fr\/download\/macalloy-stainless-cables-installation-procedure\/?wpdmdl=28903&#038;refresh=69f07f709a5651777368944\">T\u00e9l\u00e9charger<\/a>\n        <\/div>\n\n    <\/div>\n    <div style=\"clear: both\"><\/div>\n<\/div>\n<div style=\"clear: both\"><\/div>\n\n<\/div><\/section><\/div>\n<\/div>\n\n\n\n<hr class=\"wp-block-separator has-text-color has-neutral-300-color has-css-opacity has-neutral-300-background-color has-background alignwide is-style-default thin\"\/>\n\n\n\n<div class=\"wp-block-columns alignwide mt-1 is-layout-flex wp-container-core-columns-is-layout-9d6595d7 wp-block-columns-is-layout-flex\">\n<div class=\"wp-block-column is-vertically-aligned-top mb-0 mt-0 is-layout-flow wp-block-column-is-layout-flow\" style=\"flex-basis:75%\">\n<h5 class=\"wp-block-heading has-primary-900-color has-text-color\">Macalloy Method Statement for Sealing of Lock Covers on Macalloy Forks<\/h5>\n\n\n<section class='__wpdm_gb_section __wpdm_gb_package'><div class='w3eden'><!-- WPDM Link Template: Default Template ( Old ) -->\n\n\n<div class=\"wpdm-link-template link-template-default\" >\n\n    <div class=\"media\">\n        <div class=\"mr-3\"><img decoding=\"async\" class=\"wpdm_icon\" alt=\"Ic\u00f4ne\" src=\"https:\/\/macalloy.com\/wp-content\/plugins\/download-manager\/assets\/file-type-icons\/pdf.svg\" \/><\/div>\n        <div class=\"media-body\">\n            <div>\n                <strong class=\"package-title\">Macalloy Method Statement for Sealing of Lock Covers on Macalloy Forks<\/strong> | 785.01 KB\n            <\/div>\n            <a class='wpdm-download-link download-on-click btn btn-primary ' rel='nofollow' href='#' data-downloadurl=\"https:\/\/macalloy.com\/fr\/download\/macalloy-method-statement-for-sealing-of-lock-covers-on-macalloy-forks\/?wpdmdl=31494&#038;refresh=69f07f70a5cf81777368944\">T\u00e9l\u00e9charger<\/a>\n        <\/div>\n\n    <\/div>\n    <div style=\"clear: both\"><\/div>\n<\/div>\n<div style=\"clear: both\"><\/div>\n\n<\/div><\/section><\/div>\n<\/div>\n\n\n\n<div class=\"wp-block-cover alignfull is-light mb-0 animate animate--up\" style=\"min-height:600px;aspect-ratio:unset;\"><span aria-hidden=\"true\" class=\"wp-block-cover__background has-background-dim-30 has-background-dim\"><\/span><img fetchpriority=\"high\" decoding=\"async\" width=\"1920\" height=\"1281\" class=\"wp-block-cover__image-background wp-image-2237\" alt=\"\" src=\"https:\/\/macalloystg.wpengine.com\/wp-content\/uploads\/2021\/09\/thisisengineering-raeng-zIL_CiC-bT0-unsplash.jpg\" style=\"object-position:58% 68%\" data-object-fit=\"cover\" data-object-position=\"58% 68%\" srcset=\"https:\/\/macalloy.com\/wp-content\/uploads\/2021\/09\/thisisengineering-raeng-zIL_CiC-bT0-unsplash.jpg 1920w, https:\/\/macalloy.com\/wp-content\/uploads\/2021\/09\/thisisengineering-raeng-zIL_CiC-bT0-unsplash-600x400.jpg 600w, https:\/\/macalloy.com\/wp-content\/uploads\/2021\/09\/thisisengineering-raeng-zIL_CiC-bT0-unsplash-300x200.jpg 300w, https:\/\/macalloy.com\/wp-content\/uploads\/2021\/09\/thisisengineering-raeng-zIL_CiC-bT0-unsplash-1024x683.jpg 1024w, https:\/\/macalloy.com\/wp-content\/uploads\/2021\/09\/thisisengineering-raeng-zIL_CiC-bT0-unsplash-768x512.jpg 768w, https:\/\/macalloy.com\/wp-content\/uploads\/2021\/09\/thisisengineering-raeng-zIL_CiC-bT0-unsplash-1536x1025.jpg 1536w\" sizes=\"(max-width: 1920px) 100vw, 1920px\" \/><div class=\"wp-block-cover__inner-container is-layout-flow wp-block-cover-is-layout-flow\">\n<div class=\"wp-block-columns alignwide is-layout-flex wp-container-core-columns-is-layout-9d6595d7 wp-block-columns-is-layout-flex\">\n<div class=\"wp-block-column is-layout-flow wp-block-column-is-layout-flow\">\n<h4 class=\"wp-block-heading has-neutral-0-color has-text-color animate animate--left animate--delay-short\">Notre \u00e9quipe d&#8217;ing\u00e9nieurs exp\u00e9riment\u00e9s est pr\u00eate \u00e0 r\u00e9pondre \u00e0 vos questions.<\/h4>\n\n\n\n<h2 class=\"wp-block-heading mb-1 has-neutral-0-color has-text-color animate animate--left animate--delay-medium\">+44 (0)1909 519 200<\/h2>\n\n\n\n<p class=\"has-neutral-0-color has-text-color animate animate--left animate--delay-long\">Appelez-nous ou utilisez le chat en direct pour obtenir une r\u00e9ponse rapide.<\/p>\n<\/div>\n\n\n\n<div class=\"wp-block-column is-layout-flow wp-block-column-is-layout-flow\"><\/div>\n<\/div>\n<\/div><\/div>\n","protected":false},"excerpt":{"rendered":"<p>Macalloy Compression Strut Installation Procedure Macalloy Tendons Installation Procedure Macalloy Stainless Cables Installation Procedure Macalloy Method Statement for Sealing of Lock Covers on Macalloy Forks<\/p>\n","protected":false},"author":3,"featured_media":0,"parent":26997,"menu_order":0,"comment_status":"closed","ping_status":"closed","template":"","meta":{"footnotes":""},"class_list":["hentry","page"],"yoast_head":"<!-- This site is optimized with the Yoast SEO plugin v27.4 - https:\/\/yoast.com\/product\/yoast-seo-wordpress\/ -->\n<title>Instructions et guides d&#039;installation | \u00c9tai de compression et tendeurs Macalloy<\/title>\n<meta name=\"description\" content=\"Instructions et proc\u00e9dures d&#039;installation pour les barres de compression et les tendeurs Macalloy. Pour plus de conseils, contactez nos experts aujourd&#039;hui.\" \/>\n<meta name=\"robots\" content=\"index, follow, max-snippet:-1, max-image-preview:large, max-video-preview:-1\" \/>\n<link rel=\"canonical\" href=\"https:\/\/macalloy.com\/fr\/downloads\/installation-instructions\/\" \/>\n<meta property=\"og:locale\" content=\"fr_FR\" \/>\n<meta property=\"og:type\" content=\"article\" \/>\n<meta property=\"og:title\" content=\"Instructions et guides d&#039;installation | \u00c9tai de compression et tendeurs Macalloy\" \/>\n<meta property=\"og:description\" content=\"Instructions et proc\u00e9dures d&#039;installation pour les barres de compression et les tendeurs Macalloy. Pour plus de conseils, contactez nos experts aujourd&#039;hui.\" \/>\n<meta property=\"og:url\" content=\"https:\/\/macalloy.com\/fr\/downloads\/installation-instructions\/\" \/>\n<meta property=\"og:site_name\" content=\"Macalloy\" \/>\n<meta property=\"article:modified_time\" content=\"2024-12-11T19:46:01+00:00\" \/>\n<meta property=\"og:image\" content=\"https:\/\/macalloystg.wpengine.com\/wp-content\/uploads\/2021\/09\/thisisengineering-raeng-zIL_CiC-bT0-unsplash.jpg\" \/>\n<meta name=\"twitter:card\" content=\"summary_large_image\" \/>\n<meta name=\"twitter:label1\" content=\"Dur\u00e9e de lecture estim\u00e9e\" \/>\n\t<meta name=\"twitter:data1\" content=\"1 minute\" \/>\n<script type=\"application\/ld+json\" class=\"yoast-schema-graph\">{\"@context\":\"https:\\\/\\\/schema.org\",\"@graph\":[{\"@type\":\"WebPage\",\"@id\":\"https:\\\/\\\/macalloy.com\\\/fr\\\/downloads\\\/installation-instructions\\\/\",\"url\":\"https:\\\/\\\/macalloy.com\\\/fr\\\/downloads\\\/installation-instructions\\\/\",\"name\":\"Instructions et guides d'installation | \u00c9tai de compression et tendeurs Macalloy\",\"isPartOf\":{\"@id\":\"https:\\\/\\\/macalloy.com\\\/fr\\\/#website\"},\"primaryImageOfPage\":{\"@id\":\"https:\\\/\\\/macalloy.com\\\/fr\\\/downloads\\\/installation-instructions\\\/#primaryimage\"},\"image\":{\"@id\":\"https:\\\/\\\/macalloy.com\\\/fr\\\/downloads\\\/installation-instructions\\\/#primaryimage\"},\"thumbnailUrl\":\"https:\\\/\\\/macalloystg.wpengine.com\\\/wp-content\\\/uploads\\\/2021\\\/09\\\/thisisengineering-raeng-zIL_CiC-bT0-unsplash.jpg\",\"datePublished\":\"2021-10-12T12:21:22+00:00\",\"dateModified\":\"2024-12-11T19:46:01+00:00\",\"description\":\"Instructions et proc\u00e9dures d'installation pour les barres de compression et les tendeurs Macalloy. Pour plus de conseils, contactez nos experts aujourd'hui.\",\"breadcrumb\":{\"@id\":\"https:\\\/\\\/macalloy.com\\\/fr\\\/downloads\\\/installation-instructions\\\/#breadcrumb\"},\"inLanguage\":\"fr-FR\",\"potentialAction\":[{\"@type\":\"ReadAction\",\"target\":[\"https:\\\/\\\/macalloy.com\\\/fr\\\/downloads\\\/installation-instructions\\\/\"]}]},{\"@type\":\"ImageObject\",\"inLanguage\":\"fr-FR\",\"@id\":\"https:\\\/\\\/macalloy.com\\\/fr\\\/downloads\\\/installation-instructions\\\/#primaryimage\",\"url\":\"https:\\\/\\\/macalloystg.wpengine.com\\\/wp-content\\\/uploads\\\/2021\\\/09\\\/thisisengineering-raeng-zIL_CiC-bT0-unsplash.jpg\",\"contentUrl\":\"https:\\\/\\\/macalloystg.wpengine.com\\\/wp-content\\\/uploads\\\/2021\\\/09\\\/thisisengineering-raeng-zIL_CiC-bT0-unsplash.jpg\"},{\"@type\":\"BreadcrumbList\",\"@id\":\"https:\\\/\\\/macalloy.com\\\/fr\\\/downloads\\\/installation-instructions\\\/#breadcrumb\",\"itemListElement\":[{\"@type\":\"ListItem\",\"position\":1,\"name\":\"Home\",\"item\":\"https:\\\/\\\/macalloy.com\\\/fr\\\/\"},{\"@type\":\"ListItem\",\"position\":2,\"name\":\"Downloads\",\"item\":\"https:\\\/\\\/macalloy.com\\\/fr\\\/downloads\\\/\"},{\"@type\":\"ListItem\",\"position\":3,\"name\":\"Instructions d&#8217;installation\"}]},{\"@type\":\"WebSite\",\"@id\":\"https:\\\/\\\/macalloy.com\\\/fr\\\/#website\",\"url\":\"https:\\\/\\\/macalloy.com\\\/fr\\\/\",\"name\":\"Macalloy\",\"description\":\"Threaded Bar Systems Trusted Worldwide\",\"potentialAction\":[{\"@type\":\"SearchAction\",\"target\":{\"@type\":\"EntryPoint\",\"urlTemplate\":\"https:\\\/\\\/macalloy.com\\\/fr\\\/?s={search_term_string}\"},\"query-input\":{\"@type\":\"PropertyValueSpecification\",\"valueRequired\":true,\"valueName\":\"search_term_string\"}}],\"inLanguage\":\"fr-FR\"}]}<\/script>\n<!-- \/ Yoast SEO plugin. -->","yoast_head_json":{"title":"Instructions et guides d'installation | \u00c9tai de compression et tendeurs Macalloy","description":"Instructions et proc\u00e9dures d'installation pour les barres de compression et les tendeurs Macalloy. Pour plus de conseils, contactez nos experts aujourd'hui.","robots":{"index":"index","follow":"follow","max-snippet":"max-snippet:-1","max-image-preview":"max-image-preview:large","max-video-preview":"max-video-preview:-1"},"canonical":"https:\/\/macalloy.com\/fr\/downloads\/installation-instructions\/","og_locale":"fr_FR","og_type":"article","og_title":"Instructions et guides d'installation | \u00c9tai de compression et tendeurs Macalloy","og_description":"Instructions et proc\u00e9dures d'installation pour les barres de compression et les tendeurs Macalloy. Pour plus de conseils, contactez nos experts aujourd'hui.","og_url":"https:\/\/macalloy.com\/fr\/downloads\/installation-instructions\/","og_site_name":"Macalloy","article_modified_time":"2024-12-11T19:46:01+00:00","og_image":[{"url":"https:\/\/macalloystg.wpengine.com\/wp-content\/uploads\/2021\/09\/thisisengineering-raeng-zIL_CiC-bT0-unsplash.jpg","type":"","width":"","height":""}],"twitter_card":"summary_large_image","twitter_misc":{"Dur\u00e9e de lecture estim\u00e9e":"1 minute"},"schema":{"@context":"https:\/\/schema.org","@graph":[{"@type":"WebPage","@id":"https:\/\/macalloy.com\/fr\/downloads\/installation-instructions\/","url":"https:\/\/macalloy.com\/fr\/downloads\/installation-instructions\/","name":"Instructions et guides d'installation | \u00c9tai de compression et tendeurs Macalloy","isPartOf":{"@id":"https:\/\/macalloy.com\/fr\/#website"},"primaryImageOfPage":{"@id":"https:\/\/macalloy.com\/fr\/downloads\/installation-instructions\/#primaryimage"},"image":{"@id":"https:\/\/macalloy.com\/fr\/downloads\/installation-instructions\/#primaryimage"},"thumbnailUrl":"https:\/\/macalloystg.wpengine.com\/wp-content\/uploads\/2021\/09\/thisisengineering-raeng-zIL_CiC-bT0-unsplash.jpg","datePublished":"2021-10-12T12:21:22+00:00","dateModified":"2024-12-11T19:46:01+00:00","description":"Instructions et proc\u00e9dures d'installation pour les barres de compression et les tendeurs Macalloy. Pour plus de conseils, contactez nos experts aujourd'hui.","breadcrumb":{"@id":"https:\/\/macalloy.com\/fr\/downloads\/installation-instructions\/#breadcrumb"},"inLanguage":"fr-FR","potentialAction":[{"@type":"ReadAction","target":["https:\/\/macalloy.com\/fr\/downloads\/installation-instructions\/"]}]},{"@type":"ImageObject","inLanguage":"fr-FR","@id":"https:\/\/macalloy.com\/fr\/downloads\/installation-instructions\/#primaryimage","url":"https:\/\/macalloystg.wpengine.com\/wp-content\/uploads\/2021\/09\/thisisengineering-raeng-zIL_CiC-bT0-unsplash.jpg","contentUrl":"https:\/\/macalloystg.wpengine.com\/wp-content\/uploads\/2021\/09\/thisisengineering-raeng-zIL_CiC-bT0-unsplash.jpg"},{"@type":"BreadcrumbList","@id":"https:\/\/macalloy.com\/fr\/downloads\/installation-instructions\/#breadcrumb","itemListElement":[{"@type":"ListItem","position":1,"name":"Home","item":"https:\/\/macalloy.com\/fr\/"},{"@type":"ListItem","position":2,"name":"Downloads","item":"https:\/\/macalloy.com\/fr\/downloads\/"},{"@type":"ListItem","position":3,"name":"Instructions d&#8217;installation"}]},{"@type":"WebSite","@id":"https:\/\/macalloy.com\/fr\/#website","url":"https:\/\/macalloy.com\/fr\/","name":"Macalloy","description":"Threaded Bar Systems Trusted Worldwide","potentialAction":[{"@type":"SearchAction","target":{"@type":"EntryPoint","urlTemplate":"https:\/\/macalloy.com\/fr\/?s={search_term_string}"},"query-input":{"@type":"PropertyValueSpecification","valueRequired":true,"valueName":"search_term_string"}}],"inLanguage":"fr-FR"}]}},"_links":{"self":[{"href":"https:\/\/macalloy.com\/fr\/wp-json\/wp\/v2\/pages\/26993","targetHints":{"allow":["GET"]}}],"collection":[{"href":"https:\/\/macalloy.com\/fr\/wp-json\/wp\/v2\/pages"}],"about":[{"href":"https:\/\/macalloy.com\/fr\/wp-json\/wp\/v2\/types\/page"}],"author":[{"embeddable":true,"href":"https:\/\/macalloy.com\/fr\/wp-json\/wp\/v2\/users\/3"}],"replies":[{"embeddable":true,"href":"https:\/\/macalloy.com\/fr\/wp-json\/wp\/v2\/comments?post=26993"}],"version-history":[{"count":0,"href":"https:\/\/macalloy.com\/fr\/wp-json\/wp\/v2\/pages\/26993\/revisions"}],"up":[{"embeddable":true,"href":"https:\/\/macalloy.com\/fr\/wp-json\/wp\/v2\/pages\/26997"}],"wp:attachment":[{"href":"https:\/\/macalloy.com\/fr\/wp-json\/wp\/v2\/media?parent=26993"}],"curies":[{"name":"wp","href":"https:\/\/api.w.org\/{rel}","templated":true}]}}