{"id":30510,"date":"2024-02-15T12:55:53","date_gmt":"2024-02-15T12:55:53","guid":{"rendered":"https:\/\/macalloy.com\/?page_id=30510"},"modified":"2024-07-09T16:05:46","modified_gmt":"2024-07-09T15:05:46","slug":"introduction-aux-structures-en-bois-lamelle-colle","status":"publish","type":"page","link":"https:\/\/macalloy.com\/fr\/introduction-aux-structures-en-bois-lamelle-colle\/","title":{"rendered":"Introduction aux structures en bois lamell\u00e9-coll\u00e9"},"content":{"rendered":"\n<h5 class=\"wp-block-heading\">Bois lamell\u00e9-coll\u00e9, bois lamell\u00e9-crois\u00e9 (CLT) et structures en bois<\/h5>\n\n\n\n<p>Qu&#8217;est-ce que le bois lamell\u00e9-coll\u00e9 ?<br>Le terme &#8220;lamell\u00e9-coll\u00e9&#8221; est une abr\u00e9viation de &#8220;glue-laminated timber&#8221; (GLT). Un lamell\u00e9-coll\u00e9 est un produit structurel compos\u00e9 de plusieurs couches de bois massif, coll\u00e9es ensemble \u00e0 l&#8217;aide d&#8217;un adh\u00e9sif sp\u00e9cial pour former une unit\u00e9 solide et unique.<\/p>\n\n\n\n<p>De nombreux architectes ont utilis\u00e9 ce mat\u00e9riau dans leurs projets car son application est polyvalente, pr\u00e9sente des avantages par rapport \u00e0 l&#8217;utilisation de mat\u00e9riaux traditionnels et est d&#8217;une grande beaut\u00e9 esth\u00e9tique. Il est \u00e9galement :-<\/p>\n\n\n\n<ul class=\"wp-block-list\">\n<li>Tr\u00e8s efficace \u00e0 produire<\/li>\n\n\n\n<li>R\u00e9sistance sup\u00e9rieure aux tremblements de terre<\/li>\n\n\n\n<li>Tr\u00e8s r\u00e9sistant au feu<\/li>\n\n\n\n<li>R\u00e9glable<\/li>\n\n\n\n<li>L\u00e9ger par rapport aux mat\u00e9riaux de construction traditionnels, ce qui facilite l&#8217;installation<\/li>\n\n\n\n<li>Dispose d&#8217;une vari\u00e9t\u00e9 de gammes de couleurs<\/li>\n\n\n\n<li>A une empreinte carbone cr\u00e9dible et durable<\/li>\n\n\n\n<li>Convient \u00e0 de nombreuses applications structurelles car il peut \u00eatre fabriqu\u00e9 droit ou courb\u00e9.<\/li>\n\n\n\n<li>Utilis\u00e9 pour les grandes sections et les grandes longueurs.<\/li>\n<\/ul>\n\n\n\n<p>L&#8217;implication de Macalloy dans les structures en bois lamell\u00e9-coll\u00e9 et en bois lamell\u00e9-coll\u00e9<\/p>\n\n\n\n<p>Macalloy est impliqu\u00e9 dans tous les aspects de la conception, de la fabrication et de la fourniture de barres de tension et de raccords utilis\u00e9s dans les structures en bois lamell\u00e9-coll\u00e9.<\/p>\n\n\n\n<p>Notre gamme de produits Macalloy, utilis\u00e9s dans les structures en bois et en lamell\u00e9-coll\u00e9, comprend les produits suivants<\/p>\n\n\n\n<ul class=\"wp-block-list\">\n<li>Syst\u00e8mes de barres architecturales Macalloy 460, 520 et 550<\/li>\n\n\n\n<li>Accouplements crois\u00e9s<\/li>\n\n\n\n<li>Tendeurs<\/li>\n\n\n\n<li>Disques de connexion<\/li>\n<\/ul>\n\n\n\n<p>Nous disposons d&#8217;une exp\u00e9rience et d&#8217;une connaissance approfondies de la collaboration avec les entrepreneurs, les ing\u00e9nieurs, les architectes et les monteurs d&#8217;acier.<\/p>\n\n\n\n<p>Les barres de tension en acier r\u00e9solvent le probl\u00e8me s\u00e9culaire de la construction des toits ; elles emp\u00eachent les murs de s&#8217;\u00e9carter lorsque le toit est soumis \u00e0 la charge du vent ou de la neige. La r\u00e9sistance exceptionnelle du bois lamell\u00e9-coll\u00e9 en fait un mat\u00e9riau id\u00e9al pour les structures porteuses des b\u00e2timents de grande port\u00e9e, lorsqu&#8217;une finition architecturale naturelle est requise. Les tiges peuvent m\u00eame \u00eatre dissimul\u00e9es dans les \u00e9l\u00e9ments de la charpente en bois. Les charges de traction importantes peuvent ainsi \u00eatre r\u00e9solues.<\/p>\n\n\n\n<p><a href=\"https:\/\/macalloy.com\/fr\/industry\/bois-lamelle-colle-et-structures-en-bois\/\">Nous<\/a> pr\u00e9sentons ici quelques-uns des projets auxquels Macalloy a particip\u00e9. La polyvalence est une caract\u00e9ristique cl\u00e9 des produits Macalloy, mais les syst\u00e8mes architecturaux Macalloy compl\u00e8tent la conception des caract\u00e9ristiques \u00e9tonnantes de l&#8217;architecture en lamell\u00e9-coll\u00e9.<\/p>\n\n\n\n<figure class=\"wp-block-image size-full\"><a href=\"https:\/\/macalloy.com\/fr\/glulam-timber-structures-faq\/\"><img fetchpriority=\"high\" decoding=\"async\" width=\"400\" height=\"228\" src=\"https:\/\/macalloy.com\/wp-content\/uploads\/2023\/04\/Banff-Glulam-FAQ-link-copy.webp\" alt=\"Glulam and timber structures FAQ's \" class=\"wp-image-27888\" srcset=\"https:\/\/macalloy.com\/wp-content\/uploads\/2023\/04\/Banff-Glulam-FAQ-link-copy.webp 400w, https:\/\/macalloy.com\/wp-content\/uploads\/2023\/04\/Banff-Glulam-FAQ-link-copy-300x171.webp 300w\" sizes=\"(max-width: 400px) 100vw, 400px\" \/><\/a><\/figure>\n\n\n<div class=\"post__sharing animate animate--up animate--delay-long\"><strong class=\"sharing__title\">Share<\/strong><ul class=\"sharing__list\"><li class=\"sharing__item\"><a class=\"sharing__link sharing__link--facebook js-share\" href=\"https:\/\/www.facebook.com\/sharer\/sharer.php?u=https%3A%2F%2Fmacalloy.com%2Ffr%2Fintroduction-aux-structures-en-bois-lamelle-colle%2F\">Facebook <svg xmlns=\"http:\/\/www.w3.org\/2000\/svg\" xmlns:xlink=\"http:\/\/www.w3.org\/1999\/xlink\" width=\"100\" height=\"100\" viewBox=\"0 0 100 100\"><g transform=\"translate(51.909 -29.171) rotate(45)\"><path d=\"M78.4,33.1,78.959,0,45.815,1.351l.3,5.515H68.537L0,75.4l4.54,4.54L73.077,11.405V32.58Z\" transform=\"translate(-0.882 56.319) rotate(-45)\"\/><\/g><\/svg><\/a><\/li><li class=\"sharing__item\"><a class=\"sharing__link sharing__link--twitter js-share\" href=\"https:\/\/twitter.com\/intent\/tweet?url=https%3A%2F%2Fmacalloy.com%2Ffr%2Fintroduction-aux-structures-en-bois-lamelle-colle%2F&text=Bois+lamell%C3%A9-coll%C3%A9%2C+bois+lamell%C3%A9-crois%C3%A9+%28CLT%29+et+structures+en+bois+Qu%26%238217%3Best-ce+que+le+bois+lamell%C3%A9-coll%C3%A9+%3FLe+terme+%26%238220%3Blamell%C3%A9-coll%C3%A9%26%238221%3B+est+une+abr%C3%A9viation+de+%26%238220%3Bglue-laminated+timber%26%238221%3B+%28GLT%29.+Un+lamell%C3%A9-coll%C3%A9+est+un+produit+structurel+compos%C3%A9+de+plusieurs+couches+de+bois+massif%2C+coll%C3%A9es+ensemble+%C3%A0+l%26%238217%3Baide+d%26%238217%3Bun+adh%C3%A9sif+sp%C3%A9cial+pour+former+une+unit%C3%A9+solide+et+unique.+De+nombreux+architectes+ont+%5B%26hellip%3B%5D\">Twitter <svg xmlns=\"http:\/\/www.w3.org\/2000\/svg\" xmlns:xlink=\"http:\/\/www.w3.org\/1999\/xlink\" width=\"100\" height=\"100\" viewBox=\"0 0 100 100\"><g transform=\"translate(51.909 -29.171) rotate(45)\"><path d=\"M78.4,33.1,78.959,0,45.815,1.351l.3,5.515H68.537L0,75.4l4.54,4.54L73.077,11.405V32.58Z\" transform=\"translate(-0.882 56.319) rotate(-45)\"\/><\/g><\/svg><\/a><\/li><li class=\"sharing__item\"><a class=\"sharing__link sharing__link--linkedin js-share\" href=\"https:\/\/www.linkedin.com\/shareArticle?mini=true&url=https%3A%2F%2Fmacalloy.com%2Ffr%2Fintroduction-aux-structures-en-bois-lamelle-colle%2F&title=LinkedIn&summary=Bois+lamell%C3%A9-coll%C3%A9%2C+bois+lamell%C3%A9-crois%C3%A9+%28CLT%29+et+structures+en+bois+Qu%26%238217%3Best-ce+que+le+bois+lamell%C3%A9-coll%C3%A9+%3FLe+terme+%26%238220%3Blamell%C3%A9-coll%C3%A9%26%238221%3B+est+une+abr%C3%A9viation+de+%26%238220%3Bglue-laminated+timber%26%238221%3B+%28GLT%29.+Un+lamell%C3%A9-coll%C3%A9+est+un+produit+structurel+compos%C3%A9+de+plusieurs+couches+de+bois+massif%2C+coll%C3%A9es+ensemble+%C3%A0+l%26%238217%3Baide+d%26%238217%3Bun+adh%C3%A9sif+sp%C3%A9cial+pour+former+une+unit%C3%A9+solide+et+unique.+De+nombreux+architectes+ont+%5B%26hellip%3B%5D&source=LinkedIn\">LinkedIn <svg xmlns=\"http:\/\/www.w3.org\/2000\/svg\" xmlns:xlink=\"http:\/\/www.w3.org\/1999\/xlink\" width=\"100\" height=\"100\" viewBox=\"0 0 100 100\"><g transform=\"translate(51.909 -29.171) rotate(45)\"><path d=\"M78.4,33.1,78.959,0,45.815,1.351l.3,5.515H68.537L0,75.4l4.54,4.54L73.077,11.405V32.58Z\" transform=\"translate(-0.882 56.319) rotate(-45)\"\/><\/g><\/svg><\/a><\/li><\/ul><\/div>\n","protected":false},"excerpt":{"rendered":"<p>Bois lamell\u00e9-coll\u00e9, bois lamell\u00e9-crois\u00e9 (CLT) et structures en bois Qu&#8217;est-ce que le bois lamell\u00e9-coll\u00e9 ?Le terme &#8220;lamell\u00e9-coll\u00e9&#8221; est une abr\u00e9viation de &#8220;glue-laminated timber&#8221; (GLT). Un lamell\u00e9-coll\u00e9 est un produit structurel compos\u00e9 de plusieurs couches de bois massif, coll\u00e9es ensemble \u00e0 l&#8217;aide d&#8217;un adh\u00e9sif sp\u00e9cial pour former une unit\u00e9 solide et unique. De nombreux architectes ont [&hellip;]<\/p>\n","protected":false},"author":4157,"featured_media":0,"parent":0,"menu_order":0,"comment_status":"closed","ping_status":"closed","template":"","meta":{"footnotes":""},"class_list":["hentry","page"],"yoast_head":"<!-- This site is optimized with the Yoast SEO plugin v27.4 - https:\/\/yoast.com\/product\/yoast-seo-wordpress\/ -->\n<title>Introduction aux structures en bois lamell\u00e9-coll\u00e9 |<\/title>\n<meta name=\"robots\" content=\"index, follow, max-snippet:-1, max-image-preview:large, max-video-preview:-1\" \/>\n<link rel=\"canonical\" href=\"https:\/\/macalloy.com\/fr\/introduction-aux-structures-en-bois-lamelle-colle\/\" \/>\n<meta property=\"og:locale\" content=\"fr_FR\" \/>\n<meta property=\"og:type\" content=\"article\" \/>\n<meta property=\"og:title\" content=\"Introduction aux structures en bois lamell\u00e9-coll\u00e9 |\" \/>\n<meta property=\"og:description\" content=\"Bois lamell\u00e9-coll\u00e9, bois lamell\u00e9-crois\u00e9 (CLT) et structures en bois Qu&#8217;est-ce que le bois lamell\u00e9-coll\u00e9 ?Le terme &#8220;lamell\u00e9-coll\u00e9&#8221; est une abr\u00e9viation de &#8220;glue-laminated timber&#8221; (GLT). Un lamell\u00e9-coll\u00e9 est un produit structurel compos\u00e9 de plusieurs couches de bois massif, coll\u00e9es ensemble \u00e0 l&#8217;aide d&#8217;un adh\u00e9sif sp\u00e9cial pour former une unit\u00e9 solide et unique. De nombreux architectes ont [&hellip;]\" \/>\n<meta property=\"og:url\" content=\"https:\/\/macalloy.com\/fr\/introduction-aux-structures-en-bois-lamelle-colle\/\" \/>\n<meta property=\"og:site_name\" content=\"Macalloy\" \/>\n<meta property=\"article:modified_time\" content=\"2024-07-09T15:05:46+00:00\" \/>\n<meta property=\"og:image\" content=\"https:\/\/macalloy.com\/wp-content\/uploads\/2023\/04\/Banff-Glulam-FAQ-link-copy.webp\" \/>\n<meta name=\"twitter:card\" content=\"summary_large_image\" \/>\n<meta name=\"twitter:label1\" content=\"Dur\u00e9e de lecture estim\u00e9e\" \/>\n\t<meta name=\"twitter:data1\" content=\"2 minutes\" \/>\n<script type=\"application\/ld+json\" class=\"yoast-schema-graph\">{\"@context\":\"https:\\\/\\\/schema.org\",\"@graph\":[{\"@type\":\"WebPage\",\"@id\":\"https:\\\/\\\/macalloy.com\\\/fr\\\/introduction-aux-structures-en-bois-lamelle-colle\\\/\",\"url\":\"https:\\\/\\\/macalloy.com\\\/fr\\\/introduction-aux-structures-en-bois-lamelle-colle\\\/\",\"name\":\"Introduction aux structures en bois lamell\u00e9-coll\u00e9 |\",\"isPartOf\":{\"@id\":\"https:\\\/\\\/macalloy.com\\\/fr\\\/#website\"},\"primaryImageOfPage\":{\"@id\":\"https:\\\/\\\/macalloy.com\\\/fr\\\/introduction-aux-structures-en-bois-lamelle-colle\\\/#primaryimage\"},\"image\":{\"@id\":\"https:\\\/\\\/macalloy.com\\\/fr\\\/introduction-aux-structures-en-bois-lamelle-colle\\\/#primaryimage\"},\"thumbnailUrl\":\"https:\\\/\\\/macalloy.com\\\/wp-content\\\/uploads\\\/2023\\\/04\\\/Banff-Glulam-FAQ-link-copy.webp\",\"datePublished\":\"2024-02-15T12:55:53+00:00\",\"dateModified\":\"2024-07-09T15:05:46+00:00\",\"breadcrumb\":{\"@id\":\"https:\\\/\\\/macalloy.com\\\/fr\\\/introduction-aux-structures-en-bois-lamelle-colle\\\/#breadcrumb\"},\"inLanguage\":\"fr-FR\",\"potentialAction\":[{\"@type\":\"ReadAction\",\"target\":[\"https:\\\/\\\/macalloy.com\\\/fr\\\/introduction-aux-structures-en-bois-lamelle-colle\\\/\"]}]},{\"@type\":\"ImageObject\",\"inLanguage\":\"fr-FR\",\"@id\":\"https:\\\/\\\/macalloy.com\\\/fr\\\/introduction-aux-structures-en-bois-lamelle-colle\\\/#primaryimage\",\"url\":\"https:\\\/\\\/macalloy.com\\\/wp-content\\\/uploads\\\/2023\\\/04\\\/Banff-Glulam-FAQ-link-copy.webp\",\"contentUrl\":\"https:\\\/\\\/macalloy.com\\\/wp-content\\\/uploads\\\/2023\\\/04\\\/Banff-Glulam-FAQ-link-copy.webp\"},{\"@type\":\"BreadcrumbList\",\"@id\":\"https:\\\/\\\/macalloy.com\\\/fr\\\/introduction-aux-structures-en-bois-lamelle-colle\\\/#breadcrumb\",\"itemListElement\":[{\"@type\":\"ListItem\",\"position\":1,\"name\":\"Home\",\"item\":\"https:\\\/\\\/macalloy.com\\\/fr\\\/\"},{\"@type\":\"ListItem\",\"position\":2,\"name\":\"Introduction aux structures en bois lamell\u00e9-coll\u00e9\"}]},{\"@type\":\"WebSite\",\"@id\":\"https:\\\/\\\/macalloy.com\\\/fr\\\/#website\",\"url\":\"https:\\\/\\\/macalloy.com\\\/fr\\\/\",\"name\":\"Macalloy\",\"description\":\"Threaded Bar Systems Trusted Worldwide\",\"potentialAction\":[{\"@type\":\"SearchAction\",\"target\":{\"@type\":\"EntryPoint\",\"urlTemplate\":\"https:\\\/\\\/macalloy.com\\\/fr\\\/?s={search_term_string}\"},\"query-input\":{\"@type\":\"PropertyValueSpecification\",\"valueRequired\":true,\"valueName\":\"search_term_string\"}}],\"inLanguage\":\"fr-FR\"}]}<\/script>\n<!-- \/ Yoast SEO plugin. -->","yoast_head_json":{"title":"Introduction aux structures en bois lamell\u00e9-coll\u00e9 |","robots":{"index":"index","follow":"follow","max-snippet":"max-snippet:-1","max-image-preview":"max-image-preview:large","max-video-preview":"max-video-preview:-1"},"canonical":"https:\/\/macalloy.com\/fr\/introduction-aux-structures-en-bois-lamelle-colle\/","og_locale":"fr_FR","og_type":"article","og_title":"Introduction aux structures en bois lamell\u00e9-coll\u00e9 |","og_description":"Bois lamell\u00e9-coll\u00e9, bois lamell\u00e9-crois\u00e9 (CLT) et structures en bois Qu&#8217;est-ce que le bois lamell\u00e9-coll\u00e9 ?Le terme &#8220;lamell\u00e9-coll\u00e9&#8221; est une abr\u00e9viation de &#8220;glue-laminated timber&#8221; (GLT). Un lamell\u00e9-coll\u00e9 est un produit structurel compos\u00e9 de plusieurs couches de bois massif, coll\u00e9es ensemble \u00e0 l&#8217;aide d&#8217;un adh\u00e9sif sp\u00e9cial pour former une unit\u00e9 solide et unique. De nombreux architectes ont [&hellip;]","og_url":"https:\/\/macalloy.com\/fr\/introduction-aux-structures-en-bois-lamelle-colle\/","og_site_name":"Macalloy","article_modified_time":"2024-07-09T15:05:46+00:00","og_image":[{"url":"https:\/\/macalloy.com\/wp-content\/uploads\/2023\/04\/Banff-Glulam-FAQ-link-copy.webp","type":"","width":"","height":""}],"twitter_card":"summary_large_image","twitter_misc":{"Dur\u00e9e de lecture estim\u00e9e":"2 minutes"},"schema":{"@context":"https:\/\/schema.org","@graph":[{"@type":"WebPage","@id":"https:\/\/macalloy.com\/fr\/introduction-aux-structures-en-bois-lamelle-colle\/","url":"https:\/\/macalloy.com\/fr\/introduction-aux-structures-en-bois-lamelle-colle\/","name":"Introduction aux structures en bois lamell\u00e9-coll\u00e9 |","isPartOf":{"@id":"https:\/\/macalloy.com\/fr\/#website"},"primaryImageOfPage":{"@id":"https:\/\/macalloy.com\/fr\/introduction-aux-structures-en-bois-lamelle-colle\/#primaryimage"},"image":{"@id":"https:\/\/macalloy.com\/fr\/introduction-aux-structures-en-bois-lamelle-colle\/#primaryimage"},"thumbnailUrl":"https:\/\/macalloy.com\/wp-content\/uploads\/2023\/04\/Banff-Glulam-FAQ-link-copy.webp","datePublished":"2024-02-15T12:55:53+00:00","dateModified":"2024-07-09T15:05:46+00:00","breadcrumb":{"@id":"https:\/\/macalloy.com\/fr\/introduction-aux-structures-en-bois-lamelle-colle\/#breadcrumb"},"inLanguage":"fr-FR","potentialAction":[{"@type":"ReadAction","target":["https:\/\/macalloy.com\/fr\/introduction-aux-structures-en-bois-lamelle-colle\/"]}]},{"@type":"ImageObject","inLanguage":"fr-FR","@id":"https:\/\/macalloy.com\/fr\/introduction-aux-structures-en-bois-lamelle-colle\/#primaryimage","url":"https:\/\/macalloy.com\/wp-content\/uploads\/2023\/04\/Banff-Glulam-FAQ-link-copy.webp","contentUrl":"https:\/\/macalloy.com\/wp-content\/uploads\/2023\/04\/Banff-Glulam-FAQ-link-copy.webp"},{"@type":"BreadcrumbList","@id":"https:\/\/macalloy.com\/fr\/introduction-aux-structures-en-bois-lamelle-colle\/#breadcrumb","itemListElement":[{"@type":"ListItem","position":1,"name":"Home","item":"https:\/\/macalloy.com\/fr\/"},{"@type":"ListItem","position":2,"name":"Introduction aux structures en bois lamell\u00e9-coll\u00e9"}]},{"@type":"WebSite","@id":"https:\/\/macalloy.com\/fr\/#website","url":"https:\/\/macalloy.com\/fr\/","name":"Macalloy","description":"Threaded Bar Systems Trusted Worldwide","potentialAction":[{"@type":"SearchAction","target":{"@type":"EntryPoint","urlTemplate":"https:\/\/macalloy.com\/fr\/?s={search_term_string}"},"query-input":{"@type":"PropertyValueSpecification","valueRequired":true,"valueName":"search_term_string"}}],"inLanguage":"fr-FR"}]}},"_links":{"self":[{"href":"https:\/\/macalloy.com\/fr\/wp-json\/wp\/v2\/pages\/30510","targetHints":{"allow":["GET"]}}],"collection":[{"href":"https:\/\/macalloy.com\/fr\/wp-json\/wp\/v2\/pages"}],"about":[{"href":"https:\/\/macalloy.com\/fr\/wp-json\/wp\/v2\/types\/page"}],"author":[{"embeddable":true,"href":"https:\/\/macalloy.com\/fr\/wp-json\/wp\/v2\/users\/4157"}],"replies":[{"embeddable":true,"href":"https:\/\/macalloy.com\/fr\/wp-json\/wp\/v2\/comments?post=30510"}],"version-history":[{"count":0,"href":"https:\/\/macalloy.com\/fr\/wp-json\/wp\/v2\/pages\/30510\/revisions"}],"wp:attachment":[{"href":"https:\/\/macalloy.com\/fr\/wp-json\/wp\/v2\/media?parent=30510"}],"curies":[{"name":"wp","href":"https:\/\/api.w.org\/{rel}","templated":true}]}}