{"id":30513,"date":"2024-02-15T14:55:04","date_gmt":"2024-02-15T14:55:04","guid":{"rendered":"https:\/\/macalloy.com\/?page_id=30513"},"modified":"2024-07-09T15:03:27","modified_gmt":"2024-07-09T14:03:27","slug":"macalloy-tekla-software","status":"publish","type":"page","link":"https:\/\/macalloy.com\/fr\/macalloy-tekla-software\/","title":{"rendered":"Logiciels Macalloy et Tekla"},"content":{"rendered":"<div class=\"wp-block-image\">\n<figure class=\"aligncenter size-full\"><img fetchpriority=\"high\" decoding=\"async\" width=\"625\" height=\"125\" src=\"https:\/\/macalloy.com\/wp-content\/uploads\/2023\/04\/takla-macalloy-logo.webp\" alt=\"Macalloy has been working closely with Trimble, an industrial Technology company, to develop BIM models for our tension rod and compression strut range for use with Tekla software.\" class=\"wp-image-27939\" srcset=\"https:\/\/macalloy.com\/wp-content\/uploads\/2023\/04\/takla-macalloy-logo.webp 625w, https:\/\/macalloy.com\/wp-content\/uploads\/2023\/04\/takla-macalloy-logo-600x120.webp 600w, https:\/\/macalloy.com\/wp-content\/uploads\/2023\/04\/takla-macalloy-logo-300x60.webp 300w\" sizes=\"(max-width: 625px) 100vw, 625px\" \/><\/figure>\n<\/div>\n\n\n<h4 class=\"wp-block-heading\">Gamme de structures tendues en macalloy (BIM) dans Tekla Software<\/h4>\n\n\n\n<p>Macalloy a travaill\u00e9 en \u00e9troite collaboration avec Trimble, une soci\u00e9t\u00e9 de technologie industrielle, pour d\u00e9velopper des mod\u00e8les BIM pour notre gamme de barres de tension et d&#8217;entretoises de compression \u00e0 utiliser avec le logiciel Tekla.<\/p>\n\n\n\n<p>Avec la pr\u00e9valence croissante des mod\u00e8les d&#8217;information du b\u00e2timent (BIM) utilis\u00e9s dans le processus de construction, Macalloy a d\u00e9velopp\u00e9 ses barres de tension architecturales et ses \u00e9tan\u00e7ons de compression en objets BIM.<br>Les objets BIM de Macalloy sont con\u00e7us sp\u00e9cifiquement pour \u00eatre utilis\u00e9s avec Tekla Structures, ces objets natifs offrent au concepteur des points d&#8217;encliquetage faciles et les derni\u00e8res fonctionnalit\u00e9s.<br>Ils peuvent \u00eatre t\u00e9l\u00e9charg\u00e9s sur le site <a href=\"https:\/\/macalloy.com\/fr\/downloads\/technical-downloads\/\">Web de Macalloy<\/a> et <a href=\"https:\/\/warehouse.tekla.com\/#\/catalog\/details\/b8dfd996-db39-49b5-bee9-8e074198d1d3\">dans l&#8217;entrep\u00f4t Tekla<\/a>.<\/p>\n\n\n\n<p><br>Pourquoi utiliser les objets BIM Macalloy dans les structures Tekla ?<br>Les mod\u00e8les de structure Tekla pour les barres de tension architecturales et les entretoises de compression de Macalloy.<\/p>\n\n\n\n<figure class=\"wp-block-image size-full\"><img decoding=\"async\" width=\"600\" height=\"443\" src=\"https:\/\/macalloy.com\/wp-content\/uploads\/2023\/04\/Macalloy-Trimble-Image-with-Structure-600.webp\" alt=\"\" class=\"wp-image-28031\" srcset=\"https:\/\/macalloy.com\/wp-content\/uploads\/2023\/04\/Macalloy-Trimble-Image-with-Structure-600.webp 600w, https:\/\/macalloy.com\/wp-content\/uploads\/2023\/04\/Macalloy-Trimble-Image-with-Structure-600-300x222.webp 300w\" sizes=\"(max-width: 600px) 100vw, 600px\" \/><\/figure>\n\n\n\n<ul class=\"wp-block-list\">\n<li>Appliquer plusieurs composants sur la longueur de la barre de tension architecturale.<\/li>\n\n\n\n<li>D\u00e9finir la position du tendeur, de la plaque d&#8217;ailette du tendeur, de l&#8217;attelage et de l&#8217;attelage transversal.<\/li>\n\n\n\n<li>D\u00e9finissez la longueur maximale de la barre de tension et des entretoises de compression afin d&#8217;\u00e9viter des sp\u00e9cifications de conception incorrectes. Lorsque les limites du syst\u00e8me sont d\u00e9pass\u00e9es, les composants deviennent rouges.<\/li>\n\n\n\n<li>Permet aux ing\u00e9nieurs de sp\u00e9cifier le type de mat\u00e9riau pour la gamme de barres de tension et d&#8217;entretoises de compression.<\/li>\n\n\n\n<li>Cr\u00e9er une configuration pr\u00e9cise d\u00e8s le d\u00e9but du processus de conception.<\/li>\n\n\n\n<li>L&#8217;efficacit\u00e9 de la conception permet de r\u00e9aliser des \u00e9conomies.<\/li>\n\n\n\n<li>Appliquer un poids approximatif \u00e0 tous les objets Macalloy BIM qui sont ensuite d\u00e9taill\u00e9s dans le rapport de produit.<\/li>\n\n\n\n<li>Les angles du disque de connexion et du coupleur transversal sont \u00e9galement limit\u00e9s entre 40 et 140 degr\u00e9s, revenant \u00e0 la configuration acceptable la plus proche si un angle est choisi en dehors de cette plage.&nbsp;&nbsp;<\/li>\n<\/ul>\n\n\n\n<p>Quels sont les produits Macalloy disponibles sur Tekla ?<\/p>\n\n\n\n<p><a href=\"https:\/\/macalloy.com\/fr\/produits-et-services\/structures-de-tension\/macalloy-550-bar-system\/\">Barres de tension architecturales Macalloy 550<\/a> (M10-M120) et<a href=\"https:\/\/macalloy.com\/fr\/produits-et-services\/compression-struts\/\"> entretoises de compression <\/a>(M12-M100), toutes disponibles en finition galvanis\u00e9e, carbone ou inoxydable.<\/p>\n\n\n\n<div class=\"wp-block-columns is-layout-flex wp-container-core-columns-is-layout-9d6595d7 wp-block-columns-is-layout-flex\">\n<div class=\"wp-block-column is-layout-flow wp-block-column-is-layout-flow\"><div class=\"wp-block-image\">\n<figure class=\"aligncenter size-full is-resized\"><a href=\"https:\/\/warehouse.tekla.com\/#\/catalog\/details\/b8dfd996-db39-49b5-bee9-8e074198d1d3\"><img decoding=\"async\" src=\"https:\/\/macalloy.com\/wp-content\/uploads\/2023\/04\/Tekla-Logo.jpg\" alt=\"\" class=\"wp-image-27873\" style=\"width:260px;height:260px\"\/><\/a><figcaption class=\"wp-element-caption\">Macalloy on the Tekla site<\/figcaption><\/figure>\n<\/div><\/div>\n\n\n\n<div class=\"wp-block-column is-layout-flow wp-block-column-is-layout-flow\"><div class=\"wp-block-image\">\n<figure class=\"aligncenter size-full is-resized\"><a href=\"https:\/\/support.tekla.com\/help\/tekla-structures\/not-version-specific\/help_macalloy_systems\"><img decoding=\"async\" src=\"https:\/\/macalloy.com\/wp-content\/uploads\/2023\/04\/Tekla-Logo.jpg\" alt=\"\" class=\"wp-image-27873\" style=\"width:258px;height:258px\"\/><\/a><figcaption class=\"wp-element-caption\">Macalloy Help,<br>Tekla User Assistance<\/figcaption><\/figure>\n<\/div><\/div>\n<\/div>\n\n\n<div class=\"post__sharing animate animate--up animate--delay-long\"><strong class=\"sharing__title\">Share<\/strong><ul class=\"sharing__list\"><li class=\"sharing__item\"><a class=\"sharing__link sharing__link--facebook js-share\" href=\"https:\/\/www.facebook.com\/sharer\/sharer.php?u=https%3A%2F%2Fmacalloy.com%2Ffr%2Fmacalloy-tekla-software%2F\">Facebook <svg xmlns=\"http:\/\/www.w3.org\/2000\/svg\" xmlns:xlink=\"http:\/\/www.w3.org\/1999\/xlink\" width=\"100\" height=\"100\" viewBox=\"0 0 100 100\"><g transform=\"translate(51.909 -29.171) rotate(45)\"><path d=\"M78.4,33.1,78.959,0,45.815,1.351l.3,5.515H68.537L0,75.4l4.54,4.54L73.077,11.405V32.58Z\" transform=\"translate(-0.882 56.319) rotate(-45)\"\/><\/g><\/svg><\/a><\/li><li class=\"sharing__item\"><a class=\"sharing__link sharing__link--twitter js-share\" href=\"https:\/\/twitter.com\/intent\/tweet?url=https%3A%2F%2Fmacalloy.com%2Ffr%2Fmacalloy-tekla-software%2F&text=Gamme+de+structures+tendues+en+macalloy+%28BIM%29+dans+Tekla+Software+Macalloy+a+travaill%C3%A9+en+%C3%A9troite+collaboration+avec+Trimble%2C+une+soci%C3%A9t%C3%A9+de+technologie+industrielle%2C+pour+d%C3%A9velopper+des+mod%C3%A8les+BIM+pour+notre+gamme+de+barres+de+tension+et+d%26%238217%3Bentretoises+de+compression+%C3%A0+utiliser+avec+le+logiciel+Tekla.+Avec+la+pr%C3%A9valence+croissante+des+mod%C3%A8les+d%26%238217%3Binformation+du+b%C3%A2timent+%28BIM%29+%5B%26hellip%3B%5D\">Twitter <svg xmlns=\"http:\/\/www.w3.org\/2000\/svg\" xmlns:xlink=\"http:\/\/www.w3.org\/1999\/xlink\" width=\"100\" height=\"100\" viewBox=\"0 0 100 100\"><g transform=\"translate(51.909 -29.171) rotate(45)\"><path d=\"M78.4,33.1,78.959,0,45.815,1.351l.3,5.515H68.537L0,75.4l4.54,4.54L73.077,11.405V32.58Z\" transform=\"translate(-0.882 56.319) rotate(-45)\"\/><\/g><\/svg><\/a><\/li><li class=\"sharing__item\"><a class=\"sharing__link sharing__link--linkedin js-share\" href=\"https:\/\/www.linkedin.com\/shareArticle?mini=true&url=https%3A%2F%2Fmacalloy.com%2Ffr%2Fmacalloy-tekla-software%2F&title=LinkedIn&summary=Gamme+de+structures+tendues+en+macalloy+%28BIM%29+dans+Tekla+Software+Macalloy+a+travaill%C3%A9+en+%C3%A9troite+collaboration+avec+Trimble%2C+une+soci%C3%A9t%C3%A9+de+technologie+industrielle%2C+pour+d%C3%A9velopper+des+mod%C3%A8les+BIM+pour+notre+gamme+de+barres+de+tension+et+d%26%238217%3Bentretoises+de+compression+%C3%A0+utiliser+avec+le+logiciel+Tekla.+Avec+la+pr%C3%A9valence+croissante+des+mod%C3%A8les+d%26%238217%3Binformation+du+b%C3%A2timent+%28BIM%29+%5B%26hellip%3B%5D&source=LinkedIn\">LinkedIn <svg xmlns=\"http:\/\/www.w3.org\/2000\/svg\" xmlns:xlink=\"http:\/\/www.w3.org\/1999\/xlink\" width=\"100\" height=\"100\" viewBox=\"0 0 100 100\"><g transform=\"translate(51.909 -29.171) rotate(45)\"><path d=\"M78.4,33.1,78.959,0,45.815,1.351l.3,5.515H68.537L0,75.4l4.54,4.54L73.077,11.405V32.58Z\" transform=\"translate(-0.882 56.319) rotate(-45)\"\/><\/g><\/svg><\/a><\/li><\/ul><\/div>\n\n\n\n<p><strong>This YouTube video shows how the Macalloy \/ Tekla process works<\/strong>.<\/p>\n\n\n\n<center> <div class=\"videowrapper \"><iframe src=\"https:\/\/www.youtube.com\/embed\/0tlKRB2Nd_k\" title=\"YouTube video player\" allow=\"accelerometer; autoplay; clipboard-write; encrypted-media; gyroscope; picture-in-picture; web-share\" allowfullscreen=\"\" width=\"800\" height=\"550\" frameborder=\"0\"><\/iframe><\/a><\/div><\/center>\n","protected":false},"excerpt":{"rendered":"<p>Gamme de structures tendues en macalloy (BIM) dans Tekla Software Macalloy a travaill\u00e9 en \u00e9troite collaboration avec Trimble, une soci\u00e9t\u00e9 de technologie industrielle, pour d\u00e9velopper des mod\u00e8les BIM pour notre gamme de barres de tension et d&#8217;entretoises de compression \u00e0 utiliser avec le logiciel Tekla. Avec la pr\u00e9valence croissante des mod\u00e8les d&#8217;information du b\u00e2timent (BIM) [&hellip;]<\/p>\n","protected":false},"author":4157,"featured_media":0,"parent":0,"menu_order":0,"comment_status":"closed","ping_status":"closed","template":"","meta":{"footnotes":""},"class_list":["hentry","page"],"yoast_head":"<!-- This site is optimized with the Yoast SEO plugin v27.4 - https:\/\/yoast.com\/product\/yoast-seo-wordpress\/ -->\n<title>Logiciels Macalloy et Tekla |<\/title>\n<meta name=\"robots\" content=\"index, follow, max-snippet:-1, max-image-preview:large, max-video-preview:-1\" \/>\n<link rel=\"canonical\" href=\"https:\/\/macalloy.com\/fr\/macalloy-tekla-software\/\" \/>\n<meta property=\"og:locale\" content=\"fr_FR\" \/>\n<meta property=\"og:type\" content=\"article\" \/>\n<meta property=\"og:title\" content=\"Logiciels Macalloy et Tekla |\" \/>\n<meta property=\"og:description\" content=\"Gamme de structures tendues en macalloy (BIM) dans Tekla Software Macalloy a travaill\u00e9 en \u00e9troite collaboration avec Trimble, une soci\u00e9t\u00e9 de technologie industrielle, pour d\u00e9velopper des mod\u00e8les BIM pour notre gamme de barres de tension et d&#8217;entretoises de compression \u00e0 utiliser avec le logiciel Tekla. Avec la pr\u00e9valence croissante des mod\u00e8les d&#8217;information du b\u00e2timent (BIM) [&hellip;]\" \/>\n<meta property=\"og:url\" content=\"https:\/\/macalloy.com\/fr\/macalloy-tekla-software\/\" \/>\n<meta property=\"og:site_name\" content=\"Macalloy\" \/>\n<meta property=\"article:modified_time\" content=\"2024-07-09T14:03:27+00:00\" \/>\n<meta property=\"og:image\" content=\"https:\/\/macalloy.com\/wp-content\/uploads\/2023\/04\/takla-macalloy-logo.webp\" \/>\n<meta name=\"twitter:card\" content=\"summary_large_image\" \/>\n<meta name=\"twitter:label1\" content=\"Dur\u00e9e de lecture estim\u00e9e\" \/>\n\t<meta name=\"twitter:data1\" content=\"2 minutes\" \/>\n<script type=\"application\/ld+json\" class=\"yoast-schema-graph\">{\"@context\":\"https:\\\/\\\/schema.org\",\"@graph\":[{\"@type\":\"WebPage\",\"@id\":\"https:\\\/\\\/macalloy.com\\\/fr\\\/macalloy-tekla-software\\\/\",\"url\":\"https:\\\/\\\/macalloy.com\\\/fr\\\/macalloy-tekla-software\\\/\",\"name\":\"Logiciels Macalloy et Tekla |\",\"isPartOf\":{\"@id\":\"https:\\\/\\\/macalloy.com\\\/fr\\\/#website\"},\"primaryImageOfPage\":{\"@id\":\"https:\\\/\\\/macalloy.com\\\/fr\\\/macalloy-tekla-software\\\/#primaryimage\"},\"image\":{\"@id\":\"https:\\\/\\\/macalloy.com\\\/fr\\\/macalloy-tekla-software\\\/#primaryimage\"},\"thumbnailUrl\":\"https:\\\/\\\/macalloy.com\\\/wp-content\\\/uploads\\\/2023\\\/04\\\/takla-macalloy-logo.webp\",\"datePublished\":\"2024-02-15T14:55:04+00:00\",\"dateModified\":\"2024-07-09T14:03:27+00:00\",\"breadcrumb\":{\"@id\":\"https:\\\/\\\/macalloy.com\\\/fr\\\/macalloy-tekla-software\\\/#breadcrumb\"},\"inLanguage\":\"fr-FR\",\"potentialAction\":[{\"@type\":\"ReadAction\",\"target\":[\"https:\\\/\\\/macalloy.com\\\/fr\\\/macalloy-tekla-software\\\/\"]}]},{\"@type\":\"ImageObject\",\"inLanguage\":\"fr-FR\",\"@id\":\"https:\\\/\\\/macalloy.com\\\/fr\\\/macalloy-tekla-software\\\/#primaryimage\",\"url\":\"https:\\\/\\\/macalloy.com\\\/wp-content\\\/uploads\\\/2023\\\/04\\\/takla-macalloy-logo.webp\",\"contentUrl\":\"https:\\\/\\\/macalloy.com\\\/wp-content\\\/uploads\\\/2023\\\/04\\\/takla-macalloy-logo.webp\"},{\"@type\":\"BreadcrumbList\",\"@id\":\"https:\\\/\\\/macalloy.com\\\/fr\\\/macalloy-tekla-software\\\/#breadcrumb\",\"itemListElement\":[{\"@type\":\"ListItem\",\"position\":1,\"name\":\"Home\",\"item\":\"https:\\\/\\\/macalloy.com\\\/fr\\\/\"},{\"@type\":\"ListItem\",\"position\":2,\"name\":\"Logiciels Macalloy et Tekla\"}]},{\"@type\":\"WebSite\",\"@id\":\"https:\\\/\\\/macalloy.com\\\/fr\\\/#website\",\"url\":\"https:\\\/\\\/macalloy.com\\\/fr\\\/\",\"name\":\"Macalloy\",\"description\":\"Threaded Bar Systems Trusted Worldwide\",\"potentialAction\":[{\"@type\":\"SearchAction\",\"target\":{\"@type\":\"EntryPoint\",\"urlTemplate\":\"https:\\\/\\\/macalloy.com\\\/fr\\\/?s={search_term_string}\"},\"query-input\":{\"@type\":\"PropertyValueSpecification\",\"valueRequired\":true,\"valueName\":\"search_term_string\"}}],\"inLanguage\":\"fr-FR\"}]}<\/script>\n<!-- \/ Yoast SEO plugin. -->","yoast_head_json":{"title":"Logiciels Macalloy et Tekla |","robots":{"index":"index","follow":"follow","max-snippet":"max-snippet:-1","max-image-preview":"max-image-preview:large","max-video-preview":"max-video-preview:-1"},"canonical":"https:\/\/macalloy.com\/fr\/macalloy-tekla-software\/","og_locale":"fr_FR","og_type":"article","og_title":"Logiciels Macalloy et Tekla |","og_description":"Gamme de structures tendues en macalloy (BIM) dans Tekla Software Macalloy a travaill\u00e9 en \u00e9troite collaboration avec Trimble, une soci\u00e9t\u00e9 de technologie industrielle, pour d\u00e9velopper des mod\u00e8les BIM pour notre gamme de barres de tension et d&#8217;entretoises de compression \u00e0 utiliser avec le logiciel Tekla. Avec la pr\u00e9valence croissante des mod\u00e8les d&#8217;information du b\u00e2timent (BIM) [&hellip;]","og_url":"https:\/\/macalloy.com\/fr\/macalloy-tekla-software\/","og_site_name":"Macalloy","article_modified_time":"2024-07-09T14:03:27+00:00","og_image":[{"url":"https:\/\/macalloy.com\/wp-content\/uploads\/2023\/04\/takla-macalloy-logo.webp","type":"","width":"","height":""}],"twitter_card":"summary_large_image","twitter_misc":{"Dur\u00e9e de lecture estim\u00e9e":"2 minutes"},"schema":{"@context":"https:\/\/schema.org","@graph":[{"@type":"WebPage","@id":"https:\/\/macalloy.com\/fr\/macalloy-tekla-software\/","url":"https:\/\/macalloy.com\/fr\/macalloy-tekla-software\/","name":"Logiciels Macalloy et Tekla |","isPartOf":{"@id":"https:\/\/macalloy.com\/fr\/#website"},"primaryImageOfPage":{"@id":"https:\/\/macalloy.com\/fr\/macalloy-tekla-software\/#primaryimage"},"image":{"@id":"https:\/\/macalloy.com\/fr\/macalloy-tekla-software\/#primaryimage"},"thumbnailUrl":"https:\/\/macalloy.com\/wp-content\/uploads\/2023\/04\/takla-macalloy-logo.webp","datePublished":"2024-02-15T14:55:04+00:00","dateModified":"2024-07-09T14:03:27+00:00","breadcrumb":{"@id":"https:\/\/macalloy.com\/fr\/macalloy-tekla-software\/#breadcrumb"},"inLanguage":"fr-FR","potentialAction":[{"@type":"ReadAction","target":["https:\/\/macalloy.com\/fr\/macalloy-tekla-software\/"]}]},{"@type":"ImageObject","inLanguage":"fr-FR","@id":"https:\/\/macalloy.com\/fr\/macalloy-tekla-software\/#primaryimage","url":"https:\/\/macalloy.com\/wp-content\/uploads\/2023\/04\/takla-macalloy-logo.webp","contentUrl":"https:\/\/macalloy.com\/wp-content\/uploads\/2023\/04\/takla-macalloy-logo.webp"},{"@type":"BreadcrumbList","@id":"https:\/\/macalloy.com\/fr\/macalloy-tekla-software\/#breadcrumb","itemListElement":[{"@type":"ListItem","position":1,"name":"Home","item":"https:\/\/macalloy.com\/fr\/"},{"@type":"ListItem","position":2,"name":"Logiciels Macalloy et Tekla"}]},{"@type":"WebSite","@id":"https:\/\/macalloy.com\/fr\/#website","url":"https:\/\/macalloy.com\/fr\/","name":"Macalloy","description":"Threaded Bar Systems Trusted Worldwide","potentialAction":[{"@type":"SearchAction","target":{"@type":"EntryPoint","urlTemplate":"https:\/\/macalloy.com\/fr\/?s={search_term_string}"},"query-input":{"@type":"PropertyValueSpecification","valueRequired":true,"valueName":"search_term_string"}}],"inLanguage":"fr-FR"}]}},"_links":{"self":[{"href":"https:\/\/macalloy.com\/fr\/wp-json\/wp\/v2\/pages\/30513","targetHints":{"allow":["GET"]}}],"collection":[{"href":"https:\/\/macalloy.com\/fr\/wp-json\/wp\/v2\/pages"}],"about":[{"href":"https:\/\/macalloy.com\/fr\/wp-json\/wp\/v2\/types\/page"}],"author":[{"embeddable":true,"href":"https:\/\/macalloy.com\/fr\/wp-json\/wp\/v2\/users\/4157"}],"replies":[{"embeddable":true,"href":"https:\/\/macalloy.com\/fr\/wp-json\/wp\/v2\/comments?post=30513"}],"version-history":[{"count":0,"href":"https:\/\/macalloy.com\/fr\/wp-json\/wp\/v2\/pages\/30513\/revisions"}],"wp:attachment":[{"href":"https:\/\/macalloy.com\/fr\/wp-json\/wp\/v2\/media?parent=30513"}],"curies":[{"name":"wp","href":"https:\/\/api.w.org\/{rel}","templated":true}]}}