{"id":30514,"date":"2024-02-16T09:16:36","date_gmt":"2024-02-16T09:16:36","guid":{"rendered":"https:\/\/macalloy.com\/?page_id=30514"},"modified":"2024-08-19T15:25:51","modified_gmt":"2024-08-19T14:25:51","slug":"equipe-de-soutien-a-la-clientele","status":"publish","type":"page","link":"https:\/\/macalloy.com\/fr\/equipe-de-soutien-a-la-clientele\/","title":{"rendered":"\u00c9quipe de soutien \u00e0 la client\u00e8le"},"content":{"rendered":"\n<h4 class=\"wp-block-heading\">Chez Macalloy, nous effor\u00e7ons de vous aider \u00e0 remporter vos projets.<\/h4>\n\n\n\n<p>Chez Macalloy, nous sommes fiers d&#8217;avoir mis en place une \u00e9quipe interne de soutien \u00e0 la client\u00e8le. Nous ne sommes pas seulement fiers de la qualit\u00e9 de nos produits, mais aussi de l&#8217;assistance que nous apportons \u00e0 nos clients, en leur garantissant la tranquillit\u00e9 d&#8217;esprit que tous les devis et toutes les commandes sont trait\u00e9s efficacement.<\/p>\n\n\n\n<p>Lorsque vous posez une question au stade de l&#8217;appel d&#8217;offres ou qu&#8217;une commande finale est pass\u00e9e aupr\u00e8s de l&#8217;\u00e9quipe de vente interne ou du responsable r\u00e9gional des ventes (ASM), elle est enregistr\u00e9e et transf\u00e9r\u00e9e \u00e0 l&#8217;\u00e9quipe d&#8217;assistance \u00e0 la client\u00e8le. Vous continuerez toutefois \u00e0 \u00eatre en contact avec un responsable commercial r\u00e9gional.<br>L&#8217;attribution d&#8217;un point de contact unique \u00e0 ce stade permet \u00e0 une \u00e9quipe d\u00e9di\u00e9e de suivre votre projet \u00e0 des moments opportuns afin de s&#8217;assurer que votre devis est exact et que la progression du produit est suivie de pr\u00e8s, ce qui vous permet d&#8217;informer vos clients.<\/p>\n\n\n\n<p>Nous r\u00e9pondrons \u00e0 toutes vos questions tout au long du projet, car nous sommes conscients de son importance, du fait que votre commande progresse et que vos questions sont trait\u00e9es.<br>Des conseils techniques sont disponibles et seront transmis \u00e0 nos ing\u00e9nieurs internes si n\u00e9cessaire.<\/p>\n\n\n\n<h2 class=\"wp-block-heading\">Meet the Team<\/h2>\n\n\n\n<figure class=\"wp-block-image size-full is-resized\"><img fetchpriority=\"high\" decoding=\"async\" width=\"640\" height=\"480\" src=\"https:\/\/macalloy.com\/wp-content\/uploads\/2024\/08\/macalloy-client-support-team.jpg\" alt=\"\" class=\"wp-image-31184\" style=\"width:1040px\" srcset=\"https:\/\/macalloy.com\/wp-content\/uploads\/2024\/08\/macalloy-client-support-team.jpg 640w, https:\/\/macalloy.com\/wp-content\/uploads\/2024\/08\/macalloy-client-support-team-600x450.jpg 600w, https:\/\/macalloy.com\/wp-content\/uploads\/2024\/08\/macalloy-client-support-team-300x225.jpg 300w\" sizes=\"(max-width: 640px) 100vw, 640px\" \/><\/figure>\n\n\n\n<p>Karen Tindall et Lisa Williams sont des employ\u00e9es tr\u00e8s exp\u00e9riment\u00e9es qui, gr\u00e2ce \u00e0 leur expertise, \u00e0 l&#8217;attention qu&#8217;elles portent aux clients et \u00e0 leur approche utile, r\u00e9pondront \u00e0 toutes vos questions et vous fourniront un service fiable et rapide.<\/p>\n\n\n\n<p>Comment nous contacter ? Nous nous effor\u00e7ons de r\u00e9pondre le m\u00eame jour ouvrable<\/p>\n\n\n\n<p>Par courrier \u00e9lectronique<a href=\"mailto: clientsupportteam@macalloy.com\"> clientsupportteam@macalloy.com<\/a><br>Tel: 01909 519202<\/p>\n\n\n\n<p>Notre \u00e9quipe d&#8217;assistance au service client\u00e8le est disponible :<br>du lundi au jeudi de 8h30 \u00e0 17h<br>Vendredi &#8211; 8h30 &#8211; 15h<\/p>\n","protected":false},"excerpt":{"rendered":"<p>Chez Macalloy, nous effor\u00e7ons de vous aider \u00e0 remporter vos projets. Chez Macalloy, nous sommes fiers d&#8217;avoir mis en place une \u00e9quipe interne de soutien \u00e0 la client\u00e8le. Nous ne sommes pas seulement fiers de la qualit\u00e9 de nos produits, mais aussi de l&#8217;assistance que nous apportons \u00e0 nos clients, en leur garantissant la tranquillit\u00e9 [&hellip;]<\/p>\n","protected":false},"author":4157,"featured_media":0,"parent":0,"menu_order":0,"comment_status":"closed","ping_status":"closed","template":"","meta":{"footnotes":""},"class_list":["hentry","page"],"yoast_head":"<!-- This site is optimized with the Yoast SEO plugin v27.5 - https:\/\/yoast.com\/product\/yoast-seo-wordpress\/ -->\n<title>\u00c9quipe de soutien \u00e0 la client\u00e8le |<\/title>\n<meta name=\"robots\" content=\"index, follow, max-snippet:-1, max-image-preview:large, max-video-preview:-1\" \/>\n<link rel=\"canonical\" href=\"https:\/\/macalloy.com\/fr\/equipe-de-soutien-a-la-clientele\/\" \/>\n<meta property=\"og:locale\" content=\"fr_FR\" \/>\n<meta property=\"og:type\" content=\"article\" \/>\n<meta property=\"og:title\" content=\"\u00c9quipe de soutien \u00e0 la client\u00e8le |\" \/>\n<meta property=\"og:description\" content=\"Chez Macalloy, nous effor\u00e7ons de vous aider \u00e0 remporter vos projets. Chez Macalloy, nous sommes fiers d&#8217;avoir mis en place une \u00e9quipe interne de soutien \u00e0 la client\u00e8le. Nous ne sommes pas seulement fiers de la qualit\u00e9 de nos produits, mais aussi de l&#8217;assistance que nous apportons \u00e0 nos clients, en leur garantissant la tranquillit\u00e9 [&hellip;]\" \/>\n<meta property=\"og:url\" content=\"https:\/\/macalloy.com\/fr\/equipe-de-soutien-a-la-clientele\/\" \/>\n<meta property=\"og:site_name\" content=\"Macalloy\" \/>\n<meta property=\"article:modified_time\" content=\"2024-08-19T14:25:51+00:00\" \/>\n<meta property=\"og:image\" content=\"https:\/\/macalloy.com\/wp-content\/uploads\/2024\/08\/macalloy-client-support-team.jpg\" \/>\n<meta name=\"twitter:card\" content=\"summary_large_image\" \/>\n<meta name=\"twitter:label1\" content=\"Dur\u00e9e de lecture estim\u00e9e\" \/>\n\t<meta name=\"twitter:data1\" content=\"2 minutes\" \/>\n<script type=\"application\/ld+json\" class=\"yoast-schema-graph\">{\"@context\":\"https:\\\/\\\/schema.org\",\"@graph\":[{\"@type\":\"WebPage\",\"@id\":\"https:\\\/\\\/macalloy.com\\\/fr\\\/equipe-de-soutien-a-la-clientele\\\/\",\"url\":\"https:\\\/\\\/macalloy.com\\\/fr\\\/equipe-de-soutien-a-la-clientele\\\/\",\"name\":\"\u00c9quipe de soutien \u00e0 la client\u00e8le |\",\"isPartOf\":{\"@id\":\"https:\\\/\\\/macalloy.com\\\/fr\\\/#website\"},\"primaryImageOfPage\":{\"@id\":\"https:\\\/\\\/macalloy.com\\\/fr\\\/equipe-de-soutien-a-la-clientele\\\/#primaryimage\"},\"image\":{\"@id\":\"https:\\\/\\\/macalloy.com\\\/fr\\\/equipe-de-soutien-a-la-clientele\\\/#primaryimage\"},\"thumbnailUrl\":\"https:\\\/\\\/macalloy.com\\\/wp-content\\\/uploads\\\/2024\\\/08\\\/macalloy-client-support-team.jpg\",\"datePublished\":\"2024-02-16T09:16:36+00:00\",\"dateModified\":\"2024-08-19T14:25:51+00:00\",\"breadcrumb\":{\"@id\":\"https:\\\/\\\/macalloy.com\\\/fr\\\/equipe-de-soutien-a-la-clientele\\\/#breadcrumb\"},\"inLanguage\":\"fr-FR\",\"potentialAction\":[{\"@type\":\"ReadAction\",\"target\":[\"https:\\\/\\\/macalloy.com\\\/fr\\\/equipe-de-soutien-a-la-clientele\\\/\"]}]},{\"@type\":\"ImageObject\",\"inLanguage\":\"fr-FR\",\"@id\":\"https:\\\/\\\/macalloy.com\\\/fr\\\/equipe-de-soutien-a-la-clientele\\\/#primaryimage\",\"url\":\"https:\\\/\\\/macalloy.com\\\/wp-content\\\/uploads\\\/2024\\\/08\\\/macalloy-client-support-team.jpg\",\"contentUrl\":\"https:\\\/\\\/macalloy.com\\\/wp-content\\\/uploads\\\/2024\\\/08\\\/macalloy-client-support-team.jpg\"},{\"@type\":\"BreadcrumbList\",\"@id\":\"https:\\\/\\\/macalloy.com\\\/fr\\\/equipe-de-soutien-a-la-clientele\\\/#breadcrumb\",\"itemListElement\":[{\"@type\":\"ListItem\",\"position\":1,\"name\":\"Home\",\"item\":\"https:\\\/\\\/macalloy.com\\\/fr\\\/\"},{\"@type\":\"ListItem\",\"position\":2,\"name\":\"\u00c9quipe de soutien \u00e0 la client\u00e8le\"}]},{\"@type\":\"WebSite\",\"@id\":\"https:\\\/\\\/macalloy.com\\\/fr\\\/#website\",\"url\":\"https:\\\/\\\/macalloy.com\\\/fr\\\/\",\"name\":\"Macalloy\",\"description\":\"Threaded Bar Systems Trusted Worldwide\",\"potentialAction\":[{\"@type\":\"SearchAction\",\"target\":{\"@type\":\"EntryPoint\",\"urlTemplate\":\"https:\\\/\\\/macalloy.com\\\/fr\\\/?s={search_term_string}\"},\"query-input\":{\"@type\":\"PropertyValueSpecification\",\"valueRequired\":true,\"valueName\":\"search_term_string\"}}],\"inLanguage\":\"fr-FR\"}]}<\/script>\n<!-- \/ Yoast SEO plugin. -->","yoast_head_json":{"title":"\u00c9quipe de soutien \u00e0 la client\u00e8le |","robots":{"index":"index","follow":"follow","max-snippet":"max-snippet:-1","max-image-preview":"max-image-preview:large","max-video-preview":"max-video-preview:-1"},"canonical":"https:\/\/macalloy.com\/fr\/equipe-de-soutien-a-la-clientele\/","og_locale":"fr_FR","og_type":"article","og_title":"\u00c9quipe de soutien \u00e0 la client\u00e8le |","og_description":"Chez Macalloy, nous effor\u00e7ons de vous aider \u00e0 remporter vos projets. Chez Macalloy, nous sommes fiers d&#8217;avoir mis en place une \u00e9quipe interne de soutien \u00e0 la client\u00e8le. Nous ne sommes pas seulement fiers de la qualit\u00e9 de nos produits, mais aussi de l&#8217;assistance que nous apportons \u00e0 nos clients, en leur garantissant la tranquillit\u00e9 [&hellip;]","og_url":"https:\/\/macalloy.com\/fr\/equipe-de-soutien-a-la-clientele\/","og_site_name":"Macalloy","article_modified_time":"2024-08-19T14:25:51+00:00","og_image":[{"url":"https:\/\/macalloy.com\/wp-content\/uploads\/2024\/08\/macalloy-client-support-team.jpg","type":"","width":"","height":""}],"twitter_card":"summary_large_image","twitter_misc":{"Dur\u00e9e de lecture estim\u00e9e":"2 minutes"},"schema":{"@context":"https:\/\/schema.org","@graph":[{"@type":"WebPage","@id":"https:\/\/macalloy.com\/fr\/equipe-de-soutien-a-la-clientele\/","url":"https:\/\/macalloy.com\/fr\/equipe-de-soutien-a-la-clientele\/","name":"\u00c9quipe de soutien \u00e0 la client\u00e8le |","isPartOf":{"@id":"https:\/\/macalloy.com\/fr\/#website"},"primaryImageOfPage":{"@id":"https:\/\/macalloy.com\/fr\/equipe-de-soutien-a-la-clientele\/#primaryimage"},"image":{"@id":"https:\/\/macalloy.com\/fr\/equipe-de-soutien-a-la-clientele\/#primaryimage"},"thumbnailUrl":"https:\/\/macalloy.com\/wp-content\/uploads\/2024\/08\/macalloy-client-support-team.jpg","datePublished":"2024-02-16T09:16:36+00:00","dateModified":"2024-08-19T14:25:51+00:00","breadcrumb":{"@id":"https:\/\/macalloy.com\/fr\/equipe-de-soutien-a-la-clientele\/#breadcrumb"},"inLanguage":"fr-FR","potentialAction":[{"@type":"ReadAction","target":["https:\/\/macalloy.com\/fr\/equipe-de-soutien-a-la-clientele\/"]}]},{"@type":"ImageObject","inLanguage":"fr-FR","@id":"https:\/\/macalloy.com\/fr\/equipe-de-soutien-a-la-clientele\/#primaryimage","url":"https:\/\/macalloy.com\/wp-content\/uploads\/2024\/08\/macalloy-client-support-team.jpg","contentUrl":"https:\/\/macalloy.com\/wp-content\/uploads\/2024\/08\/macalloy-client-support-team.jpg"},{"@type":"BreadcrumbList","@id":"https:\/\/macalloy.com\/fr\/equipe-de-soutien-a-la-clientele\/#breadcrumb","itemListElement":[{"@type":"ListItem","position":1,"name":"Home","item":"https:\/\/macalloy.com\/fr\/"},{"@type":"ListItem","position":2,"name":"\u00c9quipe de soutien \u00e0 la client\u00e8le"}]},{"@type":"WebSite","@id":"https:\/\/macalloy.com\/fr\/#website","url":"https:\/\/macalloy.com\/fr\/","name":"Macalloy","description":"Threaded Bar Systems Trusted Worldwide","potentialAction":[{"@type":"SearchAction","target":{"@type":"EntryPoint","urlTemplate":"https:\/\/macalloy.com\/fr\/?s={search_term_string}"},"query-input":{"@type":"PropertyValueSpecification","valueRequired":true,"valueName":"search_term_string"}}],"inLanguage":"fr-FR"}]}},"_links":{"self":[{"href":"https:\/\/macalloy.com\/fr\/wp-json\/wp\/v2\/pages\/30514","targetHints":{"allow":["GET"]}}],"collection":[{"href":"https:\/\/macalloy.com\/fr\/wp-json\/wp\/v2\/pages"}],"about":[{"href":"https:\/\/macalloy.com\/fr\/wp-json\/wp\/v2\/types\/page"}],"author":[{"embeddable":true,"href":"https:\/\/macalloy.com\/fr\/wp-json\/wp\/v2\/users\/4157"}],"replies":[{"embeddable":true,"href":"https:\/\/macalloy.com\/fr\/wp-json\/wp\/v2\/comments?post=30514"}],"version-history":[{"count":0,"href":"https:\/\/macalloy.com\/fr\/wp-json\/wp\/v2\/pages\/30514\/revisions"}],"wp:attachment":[{"href":"https:\/\/macalloy.com\/fr\/wp-json\/wp\/v2\/media?parent=30514"}],"curies":[{"name":"wp","href":"https:\/\/api.w.org\/{rel}","templated":true}]}}