{"id":31606,"date":"2025-01-27T21:14:23","date_gmt":"2025-01-27T21:14:23","guid":{"rendered":"https:\/\/macalloy.com\/?page_id=31606"},"modified":"2025-09-01T16:29:19","modified_gmt":"2025-09-01T15:29:19","slug":"webinaires","status":"publish","type":"page","link":"https:\/\/macalloy.com\/fr\/cpd\/webinaires\/","title":{"rendered":"Webinaires"},"content":{"rendered":"\n<div style=\"height:25px\" aria-hidden=\"true\" class=\"wp-block-spacer\"><\/div>\n\n\n\n<h3 class=\"wp-block-heading h4 has-neutral-0-color has-text-color animate animate\">Macalloy propose une s\u00e9rie de webinaires de formation gratuits. Enregistrez votre int\u00e9r\u00eat d\u00e8s maintenant.<\/h3>\n\n\n\n<p class=\"has-neutral-0-color has-text-color animate animate\">Les sujets abord\u00e9s sont vari\u00e9s et ont \u00e9t\u00e9 d\u00e9velopp\u00e9s pour les professionnels suivants :<\/p>\n\n\n\n<ul class=\"wp-block-list has-neutral-0-color has-text-color\">\n<li>PT et entrepreneurs de charpente m\u00e9tallique<\/li>\n\n\n\n<li>Ing\u00e9nieurs de terrassement<\/li>\n<\/ul>\n\n\n\n<p class=\"has-neutral-0-color has-text-color animate animate\">Nous nous r\u00e9jouissons de votre participation et de celle de vos coll\u00e8gues, alors n&#8217;h\u00e9sitez pas \u00e0 les inviter \u00e9galement \u00e0 ce webinaire gratuit. Il suffit de cliquer sur le lien ci-dessous pour obtenir plus d&#8217;informations et enregistrer votre int\u00e9r\u00eat. Vous recevrez ensuite un e-mail contenant un lien YouTube \u00e0 visionner \u00e0 votre convenance.<\/p>\n\n\n\n<div class=\"wp-block-columns is-layout-flex wp-container-core-columns-is-layout-9d6595d7 wp-block-columns-is-layout-flex\">\n<div class=\"wp-block-column is-layout-flow wp-block-column-is-layout-flow\">\n<div class=\"wp-block-cover is-light has-link\" style=\"min-height:250px;aspect-ratio:unset;\"><img fetchpriority=\"high\" decoding=\"async\" width=\"1920\" height=\"1440\" class=\"wp-block-cover__image-background wp-image-2828\" alt=\"\" src=\"https:\/\/macalloystg.wpengine.com\/wp-content\/uploads\/2021\/10\/Macalloy-Bars-on-Troja-Bridge-1.jpg\" data-object-fit=\"cover\" srcset=\"https:\/\/macalloy.com\/wp-content\/uploads\/2021\/10\/Macalloy-Bars-on-Troja-Bridge-1.jpg 1920w, https:\/\/macalloy.com\/wp-content\/uploads\/2021\/10\/Macalloy-Bars-on-Troja-Bridge-1-600x450.jpg 600w, https:\/\/macalloy.com\/wp-content\/uploads\/2021\/10\/Macalloy-Bars-on-Troja-Bridge-1-300x225.jpg 300w, https:\/\/macalloy.com\/wp-content\/uploads\/2021\/10\/Macalloy-Bars-on-Troja-Bridge-1-1024x768.jpg 1024w, https:\/\/macalloy.com\/wp-content\/uploads\/2021\/10\/Macalloy-Bars-on-Troja-Bridge-1-768x576.jpg 768w, https:\/\/macalloy.com\/wp-content\/uploads\/2021\/10\/Macalloy-Bars-on-Troja-Bridge-1-1536x1152.jpg 1536w\" sizes=\"(max-width: 1920px) 100vw, 1920px\" \/><span aria-hidden=\"true\" class=\"wp-block-cover__background has-background-dim-30 has-background-dim\"><\/span><div class=\"wp-block-cover__inner-container is-layout-flow wp-block-cover-is-layout-flow\">\n<h3 class=\"wp-block-heading has-text-align-center h5 has-neutral-0-color has-text-color\"><a href=\"https:\/\/macalloy.com\/fr\/cpd\/webinaires\/fatigue-des-tirants-incorpores-dans-les-ponts\/\">Fatigue des ponts<\/a><\/h3>\n<\/div><\/div>\n<\/div>\n\n\n\n<div class=\"wp-block-column is-layout-flow wp-block-column-is-layout-flow\">\n<div class=\"wp-block-cover is-light has-link\" style=\"min-height:250px;aspect-ratio:unset;\"><img decoding=\"async\" width=\"1046\" height=\"792\" class=\"wp-block-cover__image-background wp-image-2831\" alt=\"\" src=\"https:\/\/macalloystg.wpengine.com\/wp-content\/uploads\/2021\/10\/Macalloy-S650-Cropped-Copy.jpg\" data-object-fit=\"cover\" srcset=\"https:\/\/macalloy.com\/wp-content\/uploads\/2021\/10\/Macalloy-S650-Cropped-Copy.jpg 1046w, https:\/\/macalloy.com\/wp-content\/uploads\/2021\/10\/Macalloy-S650-Cropped-Copy-600x454.jpg 600w, https:\/\/macalloy.com\/wp-content\/uploads\/2021\/10\/Macalloy-S650-Cropped-Copy-300x227.jpg 300w, https:\/\/macalloy.com\/wp-content\/uploads\/2021\/10\/Macalloy-S650-Cropped-Copy-1024x775.jpg 1024w, https:\/\/macalloy.com\/wp-content\/uploads\/2021\/10\/Macalloy-S650-Cropped-Copy-768x582.jpg 768w\" sizes=\"(max-width: 1046px) 100vw, 1046px\" \/><span aria-hidden=\"true\" class=\"wp-block-cover__background has-background-dim-30 has-background-dim\"><\/span><div class=\"wp-block-cover__inner-container is-layout-flow wp-block-cover-is-layout-flow\">\n<h2 class=\"wp-block-heading has-text-align-center h5 has-neutral-0-color has-text-color\"><a href=\"https:\/\/macalloy.com\/fr\/cpd\/webinaires\/barre-filetee-en-acier-inoxydable-macalloy-s650\/\">Macalloy<br>S650<\/a><\/h2>\n<\/div><\/div>\n<\/div>\n\n\n\n<div class=\"wp-block-column is-layout-flow wp-block-column-is-layout-flow\">\n<div class=\"wp-block-cover is-light has-link\" style=\"min-height:250px;aspect-ratio:unset;\"><img decoding=\"async\" width=\"1920\" height=\"1440\" class=\"wp-block-cover__image-background wp-image-2835\" alt=\"\" src=\"https:\/\/macalloystg.wpengine.com\/wp-content\/uploads\/2021\/10\/Clyde-Bergemann-Project-scaled-1.jpg\" data-object-fit=\"cover\" srcset=\"https:\/\/macalloy.com\/wp-content\/uploads\/2021\/10\/Clyde-Bergemann-Project-scaled-1.jpg 1920w, https:\/\/macalloy.com\/wp-content\/uploads\/2021\/10\/Clyde-Bergemann-Project-scaled-1-600x450.jpg 600w, https:\/\/macalloy.com\/wp-content\/uploads\/2021\/10\/Clyde-Bergemann-Project-scaled-1-300x225.jpg 300w, https:\/\/macalloy.com\/wp-content\/uploads\/2021\/10\/Clyde-Bergemann-Project-scaled-1-1024x768.jpg 1024w, https:\/\/macalloy.com\/wp-content\/uploads\/2021\/10\/Clyde-Bergemann-Project-scaled-1-768x576.jpg 768w, https:\/\/macalloy.com\/wp-content\/uploads\/2021\/10\/Clyde-Bergemann-Project-scaled-1-1536x1152.jpg 1536w\" sizes=\"(max-width: 1920px) 100vw, 1920px\" \/><span aria-hidden=\"true\" class=\"wp-block-cover__background has-background-dim-30 has-background-dim\"><\/span><div class=\"wp-block-cover__inner-container is-layout-flow wp-block-cover-is-layout-flow\">\n<h2 class=\"wp-block-heading has-text-align-center h5 has-neutral-0-color has-text-color\"><a href=\"https:\/\/macalloy.com\/fr\/cpd\/webinaires\/protection-contre-la-corrosion\/\">Protection contre la corrosion<\/a><\/h2>\n<\/div><\/div>\n<\/div>\n<\/div>\n\n\n\n<div class=\"wp-block-columns is-layout-flex wp-container-core-columns-is-layout-9d6595d7 wp-block-columns-is-layout-flex\">\n<div class=\"wp-block-column is-layout-flow wp-block-column-is-layout-flow\">\n<div class=\"wp-block-cover is-light has-link\" style=\"min-height:250px;aspect-ratio:unset;\"><img loading=\"lazy\" decoding=\"async\" width=\"1920\" height=\"1280\" class=\"wp-block-cover__image-background wp-image-2838\" alt=\"\" src=\"https:\/\/macalloystg.wpengine.com\/wp-content\/uploads\/2021\/10\/IMG_0092_1_1533_0-scaled-1.jpg\" style=\"object-position:59% 64%\" data-object-fit=\"cover\" data-object-position=\"59% 64%\" srcset=\"https:\/\/macalloy.com\/wp-content\/uploads\/2021\/10\/IMG_0092_1_1533_0-scaled-1.jpg 1920w, https:\/\/macalloy.com\/wp-content\/uploads\/2021\/10\/IMG_0092_1_1533_0-scaled-1-600x400.jpg 600w, https:\/\/macalloy.com\/wp-content\/uploads\/2021\/10\/IMG_0092_1_1533_0-scaled-1-300x200.jpg 300w, https:\/\/macalloy.com\/wp-content\/uploads\/2021\/10\/IMG_0092_1_1533_0-scaled-1-1024x683.jpg 1024w, https:\/\/macalloy.com\/wp-content\/uploads\/2021\/10\/IMG_0092_1_1533_0-scaled-1-768x512.jpg 768w, https:\/\/macalloy.com\/wp-content\/uploads\/2021\/10\/IMG_0092_1_1533_0-scaled-1-1536x1024.jpg 1536w\" sizes=\"(max-width: 1920px) 100vw, 1920px\" \/><span aria-hidden=\"true\" class=\"wp-block-cover__background has-background-dim-30 has-background-dim\"><\/span><div class=\"wp-block-cover__inner-container is-layout-flow wp-block-cover-is-layout-flow\">\n<h2 class=\"wp-block-heading has-text-align-center h5 has-neutral-0-color has-text-color\"><a href=\"https:\/\/macalloy.com\/fr\/cpd\/webinaires\/fatigue-des-tirants-dans-le-genie-civil\/\">Fatigue des tirants<\/a><\/h2>\n<\/div><\/div>\n<\/div>\n\n\n\n<div class=\"wp-block-column is-layout-flow wp-block-column-is-layout-flow\">\n<div class=\"wp-block-cover has-link\" style=\"min-height:250px;aspect-ratio:unset;\"><img loading=\"lazy\" decoding=\"async\" width=\"500\" height=\"460\" class=\"wp-block-cover__image-background wp-image-27222 size-full\" alt=\"Kolomoen Footbridge , Hedmark, Norway\" src=\"https:\/\/macalloy.com\/wp-content\/uploads\/2023\/01\/WebP-Kolomoen-Bridge-Norway-2009-bottom.webp\" data-object-fit=\"cover\" srcset=\"https:\/\/macalloy.com\/wp-content\/uploads\/2023\/01\/WebP-Kolomoen-Bridge-Norway-2009-bottom.webp 500w, https:\/\/macalloy.com\/wp-content\/uploads\/2023\/01\/WebP-Kolomoen-Bridge-Norway-2009-bottom-300x276.webp 300w\" sizes=\"(max-width: 500px) 100vw, 500px\" \/><span aria-hidden=\"true\" class=\"wp-block-cover__background has-neutral-900-background-color has-background-dim-30 has-background-dim\"><\/span><div class=\"wp-block-cover__inner-container is-layout-flow wp-block-cover-is-layout-flow\">\n<h2 class=\"wp-block-heading has-text-align-center h5 has-neutral-0-color has-text-color\"><a href=\"https:\/\/macalloy.com\/fr\/cpd\/webinaires\/elements-structuraux-en-acier-pour-les-ponts-accredite-riba\/\">\u00c9l\u00e9ments structuraux en acier pour les ponts<\/a><\/h2>\n<\/div><\/div>\n<\/div>\n\n\n\n<div class=\"wp-block-column is-layout-flow wp-block-column-is-layout-flow\"><\/div>\n<\/div>\n\n\n\n<div style=\"height:100px\" aria-hidden=\"true\" class=\"wp-block-spacer\"><\/div>\n\n\n\n<div class=\"wp-block-cover alignfull is-light mb-0 mt-0 animate animate--up\" style=\"min-height:600px;aspect-ratio:unset;\"><img loading=\"lazy\" decoding=\"async\" width=\"1920\" height=\"1280\" class=\"wp-block-cover__image-background wp-image-2035\" alt=\"\" src=\"https:\/\/macalloystg.wpengine.com\/wp-content\/uploads\/2021\/09\/Macalloy-112A2129.jpg\" style=\"object-position:58% 68%\" data-object-fit=\"cover\" data-object-position=\"58% 68%\" srcset=\"https:\/\/macalloy.com\/wp-content\/uploads\/2021\/09\/Macalloy-112A2129.jpg 1920w, https:\/\/macalloy.com\/wp-content\/uploads\/2021\/09\/Macalloy-112A2129-600x400.jpg 600w, https:\/\/macalloy.com\/wp-content\/uploads\/2021\/09\/Macalloy-112A2129-300x200.jpg 300w, https:\/\/macalloy.com\/wp-content\/uploads\/2021\/09\/Macalloy-112A2129-1024x683.jpg 1024w, https:\/\/macalloy.com\/wp-content\/uploads\/2021\/09\/Macalloy-112A2129-768x512.jpg 768w, https:\/\/macalloy.com\/wp-content\/uploads\/2021\/09\/Macalloy-112A2129-1536x1024.jpg 1536w\" sizes=\"(max-width: 1920px) 100vw, 1920px\" \/><span aria-hidden=\"true\" class=\"wp-block-cover__background has-background-dim-30 has-background-dim\"><\/span><div class=\"wp-block-cover__inner-container is-layout-flow wp-block-cover-is-layout-flow\">\n<div class=\"wp-block-columns alignwide is-layout-flex wp-container-core-columns-is-layout-9d6595d7 wp-block-columns-is-layout-flex\">\n<div class=\"wp-block-column is-layout-flow wp-block-column-is-layout-flow\">\n<h4 class=\"wp-block-heading has-neutral-0-color has-text-color animate animate--right animate--delay-short\">Vous souhaitez discuter d&#8217;un projet ?<\/h4>\n\n\n\n<h2 class=\"wp-block-heading mb-1 h1 has-neutral-0-color has-text-color animate animate--left animate--delay-medium\">+44 (0)1909 519 200<\/h2>\n\n\n\n<p class=\"has-neutral-0-color has-text-color animate animate--left animate--delay-long\">Appelez-nous ou utilisez le chat en direct pour obtenir une r\u00e9ponse rapide.<\/p>\n<\/div>\n\n\n\n<div class=\"wp-block-column is-layout-flow wp-block-column-is-layout-flow\"><\/div>\n<\/div>\n<\/div><\/div>\n","protected":false},"excerpt":{"rendered":"<p>Macalloy propose une s\u00e9rie de webinaires de formation gratuits. Enregistrez votre int\u00e9r\u00eat d\u00e8s maintenant. Les sujets abord\u00e9s sont vari\u00e9s et ont \u00e9t\u00e9 d\u00e9velopp\u00e9s pour les professionnels suivants : Nous nous r\u00e9jouissons de votre participation et de celle de vos coll\u00e8gues, alors n&#8217;h\u00e9sitez pas \u00e0 les inviter \u00e9galement \u00e0 ce webinaire gratuit. Il suffit de cliquer [&hellip;]<\/p>\n","protected":false},"author":3,"featured_media":0,"parent":32787,"menu_order":0,"comment_status":"closed","ping_status":"closed","template":"templates\/tpl-webinars.php","meta":{"footnotes":""},"class_list":["hentry","page"],"yoast_head":"<!-- This site is optimized with the Yoast SEO plugin v27.4 - https:\/\/yoast.com\/product\/yoast-seo-wordpress\/ -->\n<title>Webinaires de formation pour les entrepreneurs en acier et les ing\u00e9nieurs de terrassement | Macalloy<\/title>\n<meta name=\"description\" content=\"Macalloy propose des webinaires de formation gratuits pour les entrepreneurs en charpente m\u00e9tallique et les ing\u00e9nieurs de terrassement. D\u00e9couvrez-en plus et enregistrez votre int\u00e9r\u00eat.\" \/>\n<meta name=\"robots\" content=\"index, follow, max-snippet:-1, max-image-preview:large, max-video-preview:-1\" \/>\n<link rel=\"canonical\" href=\"https:\/\/macalloy.com\/fr\/cpd\/webinaires\/\" \/>\n<meta property=\"og:locale\" content=\"fr_FR\" \/>\n<meta property=\"og:type\" content=\"article\" \/>\n<meta property=\"og:title\" content=\"Webinaires de formation pour les entrepreneurs en acier et les ing\u00e9nieurs de terrassement | Macalloy\" \/>\n<meta property=\"og:description\" content=\"Macalloy propose des webinaires de formation gratuits pour les entrepreneurs en charpente m\u00e9tallique et les ing\u00e9nieurs de terrassement. D\u00e9couvrez-en plus et enregistrez votre int\u00e9r\u00eat.\" \/>\n<meta property=\"og:url\" content=\"https:\/\/macalloy.com\/fr\/cpd\/webinaires\/\" \/>\n<meta property=\"og:site_name\" content=\"Macalloy\" \/>\n<meta property=\"article:modified_time\" content=\"2025-09-01T15:29:19+00:00\" \/>\n<meta property=\"og:image\" content=\"https:\/\/macalloy.com\/wp-content\/uploads\/2021\/10\/Macalloy-Bars-on-Troja-Bridge-1.jpg\" \/>\n\t<meta property=\"og:image:width\" content=\"1920\" \/>\n\t<meta property=\"og:image:height\" content=\"1440\" \/>\n\t<meta property=\"og:image:type\" content=\"image\/jpeg\" \/>\n<meta name=\"twitter:card\" content=\"summary_large_image\" \/>\n<meta name=\"twitter:label1\" content=\"Dur\u00e9e de lecture estim\u00e9e\" \/>\n\t<meta name=\"twitter:data1\" content=\"3 minutes\" \/>\n<script type=\"application\/ld+json\" class=\"yoast-schema-graph\">{\"@context\":\"https:\\\/\\\/schema.org\",\"@graph\":[{\"@type\":\"WebPage\",\"@id\":\"https:\\\/\\\/macalloy.com\\\/fr\\\/cpd\\\/webinaires\\\/\",\"url\":\"https:\\\/\\\/macalloy.com\\\/fr\\\/cpd\\\/webinaires\\\/\",\"name\":\"Webinaires de formation pour les entrepreneurs en acier et les ing\u00e9nieurs de terrassement | Macalloy\",\"isPartOf\":{\"@id\":\"https:\\\/\\\/macalloy.com\\\/fr\\\/#website\"},\"primaryImageOfPage\":{\"@id\":\"https:\\\/\\\/macalloy.com\\\/fr\\\/cpd\\\/webinaires\\\/#primaryimage\"},\"image\":{\"@id\":\"https:\\\/\\\/macalloy.com\\\/fr\\\/cpd\\\/webinaires\\\/#primaryimage\"},\"thumbnailUrl\":\"https:\\\/\\\/macalloystg.wpengine.com\\\/wp-content\\\/uploads\\\/2021\\\/10\\\/Macalloy-Bars-on-Troja-Bridge-1.jpg\",\"datePublished\":\"2025-01-27T21:14:23+00:00\",\"dateModified\":\"2025-09-01T15:29:19+00:00\",\"description\":\"Macalloy propose des webinaires de formation gratuits pour les entrepreneurs en charpente m\u00e9tallique et les ing\u00e9nieurs de terrassement. D\u00e9couvrez-en plus et enregistrez votre int\u00e9r\u00eat.\",\"breadcrumb\":{\"@id\":\"https:\\\/\\\/macalloy.com\\\/fr\\\/cpd\\\/webinaires\\\/#breadcrumb\"},\"inLanguage\":\"fr-FR\",\"potentialAction\":[{\"@type\":\"ReadAction\",\"target\":[\"https:\\\/\\\/macalloy.com\\\/fr\\\/cpd\\\/webinaires\\\/\"]}]},{\"@type\":\"ImageObject\",\"inLanguage\":\"fr-FR\",\"@id\":\"https:\\\/\\\/macalloy.com\\\/fr\\\/cpd\\\/webinaires\\\/#primaryimage\",\"url\":\"https:\\\/\\\/macalloystg.wpengine.com\\\/wp-content\\\/uploads\\\/2021\\\/10\\\/Macalloy-Bars-on-Troja-Bridge-1.jpg\",\"contentUrl\":\"https:\\\/\\\/macalloystg.wpengine.com\\\/wp-content\\\/uploads\\\/2021\\\/10\\\/Macalloy-Bars-on-Troja-Bridge-1.jpg\"},{\"@type\":\"BreadcrumbList\",\"@id\":\"https:\\\/\\\/macalloy.com\\\/fr\\\/cpd\\\/webinaires\\\/#breadcrumb\",\"itemListElement\":[{\"@type\":\"ListItem\",\"position\":1,\"name\":\"Home\",\"item\":\"https:\\\/\\\/macalloy.com\\\/fr\\\/\"},{\"@type\":\"ListItem\",\"position\":2,\"name\":\"CPD\",\"item\":\"https:\\\/\\\/macalloy.com\\\/fr\\\/cpd\\\/\"},{\"@type\":\"ListItem\",\"position\":3,\"name\":\"Webinaires\"}]},{\"@type\":\"WebSite\",\"@id\":\"https:\\\/\\\/macalloy.com\\\/fr\\\/#website\",\"url\":\"https:\\\/\\\/macalloy.com\\\/fr\\\/\",\"name\":\"Macalloy\",\"description\":\"Threaded Bar Systems Trusted Worldwide\",\"potentialAction\":[{\"@type\":\"SearchAction\",\"target\":{\"@type\":\"EntryPoint\",\"urlTemplate\":\"https:\\\/\\\/macalloy.com\\\/fr\\\/?s={search_term_string}\"},\"query-input\":{\"@type\":\"PropertyValueSpecification\",\"valueRequired\":true,\"valueName\":\"search_term_string\"}}],\"inLanguage\":\"fr-FR\"}]}<\/script>\n<!-- \/ Yoast SEO plugin. -->","yoast_head_json":{"title":"Webinaires de formation pour les entrepreneurs en acier et les ing\u00e9nieurs de terrassement | Macalloy","description":"Macalloy propose des webinaires de formation gratuits pour les entrepreneurs en charpente m\u00e9tallique et les ing\u00e9nieurs de terrassement. D\u00e9couvrez-en plus et enregistrez votre int\u00e9r\u00eat.","robots":{"index":"index","follow":"follow","max-snippet":"max-snippet:-1","max-image-preview":"max-image-preview:large","max-video-preview":"max-video-preview:-1"},"canonical":"https:\/\/macalloy.com\/fr\/cpd\/webinaires\/","og_locale":"fr_FR","og_type":"article","og_title":"Webinaires de formation pour les entrepreneurs en acier et les ing\u00e9nieurs de terrassement | Macalloy","og_description":"Macalloy propose des webinaires de formation gratuits pour les entrepreneurs en charpente m\u00e9tallique et les ing\u00e9nieurs de terrassement. D\u00e9couvrez-en plus et enregistrez votre int\u00e9r\u00eat.","og_url":"https:\/\/macalloy.com\/fr\/cpd\/webinaires\/","og_site_name":"Macalloy","article_modified_time":"2025-09-01T15:29:19+00:00","og_image":[{"width":1920,"height":1440,"url":"https:\/\/macalloy.com\/wp-content\/uploads\/2021\/10\/Macalloy-Bars-on-Troja-Bridge-1.jpg","type":"image\/jpeg"}],"twitter_card":"summary_large_image","twitter_misc":{"Dur\u00e9e de lecture estim\u00e9e":"3 minutes"},"schema":{"@context":"https:\/\/schema.org","@graph":[{"@type":"WebPage","@id":"https:\/\/macalloy.com\/fr\/cpd\/webinaires\/","url":"https:\/\/macalloy.com\/fr\/cpd\/webinaires\/","name":"Webinaires de formation pour les entrepreneurs en acier et les ing\u00e9nieurs de terrassement | Macalloy","isPartOf":{"@id":"https:\/\/macalloy.com\/fr\/#website"},"primaryImageOfPage":{"@id":"https:\/\/macalloy.com\/fr\/cpd\/webinaires\/#primaryimage"},"image":{"@id":"https:\/\/macalloy.com\/fr\/cpd\/webinaires\/#primaryimage"},"thumbnailUrl":"https:\/\/macalloystg.wpengine.com\/wp-content\/uploads\/2021\/10\/Macalloy-Bars-on-Troja-Bridge-1.jpg","datePublished":"2025-01-27T21:14:23+00:00","dateModified":"2025-09-01T15:29:19+00:00","description":"Macalloy propose des webinaires de formation gratuits pour les entrepreneurs en charpente m\u00e9tallique et les ing\u00e9nieurs de terrassement. D\u00e9couvrez-en plus et enregistrez votre int\u00e9r\u00eat.","breadcrumb":{"@id":"https:\/\/macalloy.com\/fr\/cpd\/webinaires\/#breadcrumb"},"inLanguage":"fr-FR","potentialAction":[{"@type":"ReadAction","target":["https:\/\/macalloy.com\/fr\/cpd\/webinaires\/"]}]},{"@type":"ImageObject","inLanguage":"fr-FR","@id":"https:\/\/macalloy.com\/fr\/cpd\/webinaires\/#primaryimage","url":"https:\/\/macalloystg.wpengine.com\/wp-content\/uploads\/2021\/10\/Macalloy-Bars-on-Troja-Bridge-1.jpg","contentUrl":"https:\/\/macalloystg.wpengine.com\/wp-content\/uploads\/2021\/10\/Macalloy-Bars-on-Troja-Bridge-1.jpg"},{"@type":"BreadcrumbList","@id":"https:\/\/macalloy.com\/fr\/cpd\/webinaires\/#breadcrumb","itemListElement":[{"@type":"ListItem","position":1,"name":"Home","item":"https:\/\/macalloy.com\/fr\/"},{"@type":"ListItem","position":2,"name":"CPD","item":"https:\/\/macalloy.com\/fr\/cpd\/"},{"@type":"ListItem","position":3,"name":"Webinaires"}]},{"@type":"WebSite","@id":"https:\/\/macalloy.com\/fr\/#website","url":"https:\/\/macalloy.com\/fr\/","name":"Macalloy","description":"Threaded Bar Systems Trusted Worldwide","potentialAction":[{"@type":"SearchAction","target":{"@type":"EntryPoint","urlTemplate":"https:\/\/macalloy.com\/fr\/?s={search_term_string}"},"query-input":{"@type":"PropertyValueSpecification","valueRequired":true,"valueName":"search_term_string"}}],"inLanguage":"fr-FR"}]}},"_links":{"self":[{"href":"https:\/\/macalloy.com\/fr\/wp-json\/wp\/v2\/pages\/31606","targetHints":{"allow":["GET"]}}],"collection":[{"href":"https:\/\/macalloy.com\/fr\/wp-json\/wp\/v2\/pages"}],"about":[{"href":"https:\/\/macalloy.com\/fr\/wp-json\/wp\/v2\/types\/page"}],"author":[{"embeddable":true,"href":"https:\/\/macalloy.com\/fr\/wp-json\/wp\/v2\/users\/3"}],"replies":[{"embeddable":true,"href":"https:\/\/macalloy.com\/fr\/wp-json\/wp\/v2\/comments?post=31606"}],"version-history":[{"count":0,"href":"https:\/\/macalloy.com\/fr\/wp-json\/wp\/v2\/pages\/31606\/revisions"}],"up":[{"embeddable":true,"href":"https:\/\/macalloy.com\/fr\/wp-json\/wp\/v2\/pages\/32787"}],"wp:attachment":[{"href":"https:\/\/macalloy.com\/fr\/wp-json\/wp\/v2\/media?parent=31606"}],"curies":[{"name":"wp","href":"https:\/\/api.w.org\/{rel}","templated":true}]}}