{"id":32689,"date":"2025-07-24T11:30:04","date_gmt":"2025-07-24T10:30:04","guid":{"rendered":"https:\/\/macalloy.com\/?page_id=32689"},"modified":"2025-08-15T09:40:21","modified_gmt":"2025-08-15T08:40:21","slug":"testimonials","status":"publish","type":"page","link":"https:\/\/macalloy.com\/fr\/testimonials\/","title":{"rendered":"Testimonials"},"content":{"rendered":"\n<div style=\"height:40px\" aria-hidden=\"true\" class=\"wp-block-spacer\"><\/div>\n\n\n\n<blockquote class=\"wp-block-quote is-layout-flow wp-block-quote-is-layout-flow\">\n<p class=\"has-primary-900-color has-text-color has-link-color animate animate--up wp-elements-8b263d59cc4f5addcc47f57f521cad3b\">&#8220;Nous vous \u00e9crivons pour remercier Karen et Beth pour l&#8217;excellent service que Macalloy nous a fourni lors de la livraison des tirants M20 et M24 avec ridoir. La qualit\u00e9 de votre service a \u00e9t\u00e9 excellente et a r\u00e9pondu \u00e0 toutes nos demandes au cours de nos travaux. Vous avez toujours \u00e9t\u00e9 polis, informatifs et avec une connaissance d\u00e9taill\u00e9e des produits que vous nous avez fournis dans le cadre d&#8217;un projet structurellement difficile. Merci encore pour votre assistance.&#8221;<\/p>\n<\/blockquote>\n\n\n\n<p class=\"has-primary-900-color has-text-color has-link-color animate animate--up wp-elements-df7a33fb51a2f5a761b5b0b406348a6e\">Ian Neave (Building &amp; Maintenance Norfolk Ltd)<\/p>\n\n\n\n<div class=\"wp-block-cover alignfull is-light animate animate--up\"><span aria-hidden=\"true\" class=\"wp-block-cover__background has-neutral-300-background-color has-background-dim-100 has-background-dim\"><\/span><div class=\"wp-block-cover__inner-container is-layout-constrained wp-block-cover-is-layout-constrained\">\n<blockquote class=\"wp-block-quote animate animate--up is-layout-flow wp-block-quote-is-layout-flow\">\n<p class=\"mb-5 has-primary-900-color has-text-color has-link-color animate animate--up wp-elements-6b2d4919b12af946f60bba79a2fe2588\">&#8220;Macalloy nous a donn\u00e9 la confiance n\u00e9cessaire pour aller au-del\u00e0 des conceptions standard et cr\u00e9er des \u00e9l\u00e9ments sur mesure afin de r\u00e9aliser quelque chose d&#8217;\u00e9tonnant et sans pr\u00e9c\u00e9dent. Macalloy a donn\u00e9 une formation et une assistance technique tout au long de la fabrication. Ils ont montr\u00e9 \u00e0 l&#8217;\u00e9quipe de Factum Arte comment installer et mettre en tension les barres. Ils ont \u00e9galement fait preuve de flexibilit\u00e9 et ont refabriqu\u00e9 rapidement certains \u00e9l\u00e9ments lorsque cela s&#8217;av\u00e9rait n\u00e9cessaire.&#8221;<\/p>\n<\/blockquote>\n\n\n\n<p class=\"has-primary-900-color has-text-color has-link-color animate animate--up wp-elements-bbda244e538ae08f73f52be8faa296c5\">Max Clayton (Structural Workshop Engineers, London)<\/p>\n<\/div><\/div>\n\n\n\n<blockquote class=\"wp-block-quote is-layout-flow wp-block-quote-is-layout-flow\">\n<p class=\"has-primary-900-color has-text-color has-link-color animate animate--up wp-elements-8656baf9ebf9753cd123f57233289a82\">&#8220;Merci beaucoup pour tous les dessins, les nouveaux devis et les conseils. Toutes les<br>suggestions en mati\u00e8re d&#8217;ing\u00e9nierie, de finition et d&#8217;installation que vous avez faites au cours du processus ont \u00e9t\u00e9 incroyablement utiles. Toutes les pi\u00e8ces \u00e9taient superbes et ont tr\u00e8s bien fonctionn\u00e9. Elles occupent d\u00e9sormais un lieu tr\u00e8s important au-dessus de la gare de Paddington. Merci encore d&#8217;avoir produit les pi\u00e8ces dans un d\u00e9lai tr\u00e8s court pendant nos travaux d\u2019installation, ce que nous avons vraiment appr\u00e9ci\u00e9.&#8221;<\/p>\n\n\n\n<p class=\"has-primary-900-color has-text-color has-link-color animate animate--up wp-elements-070429958eab459b8a239fbebbc92e56\">Ben Ryan (The Whitewall Company)<\/p>\n<\/blockquote>\n\n\n\n<div class=\"wp-block-cover alignfull is-light animate animate--up\"><span aria-hidden=\"true\" class=\"wp-block-cover__background has-neutral-300-background-color has-background-dim-100 has-background-dim\"><\/span><div class=\"wp-block-cover__inner-container is-layout-constrained wp-block-cover-is-layout-constrained\">\n<blockquote class=\"wp-block-quote animate animate--up is-layout-flow wp-block-quote-is-layout-flow\">\n<p class=\"mb-5 has-primary-900-color has-text-color has-link-color animate animate--up wp-elements-cb6d452c651897f4b44fd9262d2c9017\">&#8220;C&#8217;est la premi\u00e8re fois que nous commandons \u00e0 Macalloy en tant qu&#8217;entreprise, et le<br>service a \u00e9t\u00e9 in\u00e9gal\u00e9 depuis le premier contact jusqu&#8217;\u00e0 la livraison du produit.<br>L&#8217;\u00e9quipe de Macalloy Macalloy a pu fabriquer en moins de 24 heures un produit<br>r\u00e9vis\u00e9 \u00e0 la suite d&#8217;une modification du projet et ainsi nous a permis de respecter le d\u00e9lai d&#8217;installation pour notre client. Leur travail acharn\u00e9 et leur d\u00e9vouement envers nous en tant que client ont \u00e9t\u00e9 extraordinaires et nous ferons de nouveau appel \u00e0 eux pour toutes les demandes qui se pr\u00e9senteront dans leur domaine de travail.<br>Merci \u00e0 l&#8217;\u00e9quipe Macalloy !&#8221;<\/p>\n\n\n\n<p class=\"has-primary-900-color has-text-color has-link-color animate animate--up wp-elements-87d03b0d43347cfa9b110faccddc32e9\">Joe Hammand, Directeur des op\u00e9rations (Assesmont Group Ltd)<\/p>\n<\/blockquote>\n<\/div><\/div>\n\n\n\n<blockquote class=\"wp-block-quote is-layout-flow wp-block-quote-is-layout-flow\">\n<p class=\"has-primary-900-color has-text-color has-link-color animate animate--up wp-elements-4de07f147920ba71e16122f22c8bcfc0\">&#8220;Nous avons r\u00e9cemment eu le plaisir de recevoir une formation Macalloy dans notre bureau. La pr\u00e9sentation DPC (d\u00e9veloppement continue de produits) \u00e9tait tr\u00e8s instructif, nous avons trouv\u00e9 le contenu tr\u00e8s bien pr\u00e9sent\u00e9 et pertinent pour notre r\u00f4le sur un certain nombre de projets. La pr\u00e9sentation \u00e9tait claire, concise et ponctuelle &#8211; dans l&#8217;ensemble, un excellent pr\u00e9sentation.&#8221;<\/p>\n<\/blockquote>\n\n\n\n<p class=\"has-primary-900-color has-text-color has-link-color animate animate--up wp-elements-49aa6279efa2e881aadd836d15b10eb3\">Paul Taite, Directeur (Hanley Taite Design Partnership)<\/p>\n\n\n\n<div class=\"wp-block-cover alignfull is-light mb-0 animate animate--up\"><span aria-hidden=\"true\" class=\"wp-block-cover__background has-neutral-300-background-color has-background-dim-100 has-background-dim\"><\/span><div class=\"wp-block-cover__inner-container is-layout-constrained wp-block-cover-is-layout-constrained\">\n<blockquote class=\"wp-block-quote animate animate--up is-layout-flow wp-block-quote-is-layout-flow\">\n<p class=\"mb-5 has-primary-900-color has-text-color has-link-color animate animate--up wp-elements-e33677f034d373aa97d01d0ae902e361\">&#8220;L&#8217;\u00e9quipe de mise en tension a fourni un tr\u00e8s bon service. Elle \u00e9tait bien organis\u00e9e et l\u2019\u00e9quipement est arriv\u00e9 \u00e0 temps. Je n&#8217;h\u00e9siterais pas \u00e0 les recommander pour de futurs travaux.&#8221;<\/p>\n<\/blockquote>\n\n\n\n<p class=\"has-primary-900-color has-text-color has-link-color animate animate--up wp-elements-812af9deed2923003c302379c10a1b50\">Stephen&nbsp;Graham, Chef de projet (Severfield&nbsp;Commercial&nbsp;&amp; Industrial)<\/p>\n<\/div><\/div>\n\n\n\n<blockquote class=\"wp-block-quote is-layout-flow wp-block-quote-is-layout-flow\">\n<p class=\"mt-8 has-primary-900-color has-text-color has-link-color animate animate--up wp-elements-c89b79912b25b86f284f9ba6819302a1\">&#8220;Pour Lithic Chords \u00e0 la Biennale d&#8217;architecture de Venise 2025, nous avons abord\u00e9 ce projet d&#8217;un point de vue diversifi\u00e9, r\u00e9unissant l&#8217;architecture, l&#8217;art, l&#8217;ing\u00e9nierie et le son. Gr\u00e2ce \u00e0 la qualit\u00e9 et \u00e0 l&#8217;expertise de Macalloy, nous avons pu transformer cette vision en r\u00e9alit\u00e9. Le mat\u00e9riau a permis \u00e0 la structure de devenir une \u0153uvre d&#8217;art et d&#8217;exprimer magnifiquement les syst\u00e8mes structurels inspir\u00e9s des instruments de musique. La visibilit\u00e9 et la r\u00e9sonance du projet reposent sur ces collaborations. La contribution de Macalloy ne s&#8217;est pas content\u00e9e de soutenir le projet, elle a permis de l&#8217;\u00e9lever au rang d&#8217;espace po\u00e9tique et performant qui s&#8217;engage avec le public de mani\u00e8re inattendue.&#8221;<\/p>\n<\/blockquote>\n\n\n\n<p class=\"has-primary-900-color has-text-color has-link-color animate animate--up wp-elements-3808e991d641ce5b3308bcfbcc077446\">Cristina Morbi, Directrice de Maetherea<\/p>\n\n\n\n<div class=\"wp-block-cover alignfull is-light mt-8 mb-0 animate animate--up\"><span aria-hidden=\"true\" class=\"wp-block-cover__background has-neutral-300-background-color has-background-dim-100 has-background-dim\"><\/span><div class=\"wp-block-cover__inner-container is-layout-constrained wp-block-cover-is-layout-constrained\">\n<blockquote class=\"wp-block-quote animate animate--up is-layout-flow wp-block-quote-is-layout-flow\">\n<p class=\"mb-5 mt-5 has-primary-900-color has-text-color has-link-color animate animate--up wp-elements-0722702027085de29a123bccd5f5d484\">Macalloy a jou\u00e9 un r\u00f4le essentiel dans la conception et la r\u00e9alisation du syst\u00e8me de tirants pour Lithic Chords, une sculpture en pierre post-contrainte pr\u00e9sent\u00e9e lors de la 19e Biennale d&#8217;architecture de Venise. D\u00e8s que j&#8217;ai contact\u00e9 Mark Ellis pour obtenir son aide, lui et toute l&#8217;\u00e9quipe Macalloy se sont joints \u00e0 notre projet avec enthousiasme, nous offrant leurs conseils d&#8217;experts d\u00e8s le d\u00e9but. Ils nous ont fourni des conseils d\u00e9taill\u00e9s sur le choix des mat\u00e9riaux afin de garantir la meilleure combinaison possible entre performances structurelles et esth\u00e9tique, et sont all\u00e9s au-del\u00e0 de leurs obligations lors de l&#8217;installation en nous montrant le processus de mise en place et en nous fournissant m\u00eame des outils et des connecteurs exclusifs pour garantir le succ\u00e8s de l&#8217;op\u00e9ration. Chaque fois que des probl\u00e8mes impr\u00e9vus se sont pr\u00e9sent\u00e9s sur le chantier, Macalloy \u00e9tait \u00e0 notre disposition pour nous proposer des solutions pratiques \u00e0 distance. Travailler avec eux a \u00e9t\u00e9 une exp\u00e9rience fantastique, et je suis particuli\u00e8rement reconnaissant \u00e0 Mark Ellis et Chris Jayoba pour leur d\u00e9vouement et leur soutien. Merci \u00e0 vous tous !<\/p>\n<\/blockquote>\n\n\n\n<p class=\"mb-5 has-primary-900-color has-text-color has-link-color animate animate--up wp-elements-c1237bb9cd3c4bdb5e4731c4d003685e\">Francesco Banchini, consultant senior en ing\u00e9nierie, Schlaich Bergermann Partner<\/p>\n<\/div><\/div>\n\n\n\n<div class=\"wp-block-cover alignfull is-light mt-0 mb-0 animate animate--up\" style=\"min-height:600px;aspect-ratio:unset;\"><span aria-hidden=\"true\" class=\"wp-block-cover__background has-background-dim-30 has-background-dim\"><\/span><img fetchpriority=\"high\" decoding=\"async\" width=\"1920\" height=\"1280\" class=\"wp-block-cover__image-background wp-image-2035\" alt=\"\" src=\"https:\/\/macalloystg.wpengine.com\/wp-content\/uploads\/2021\/09\/Macalloy-112A2129.jpg\" style=\"object-position:58% 68%\" data-object-fit=\"cover\" data-object-position=\"58% 68%\" srcset=\"https:\/\/macalloy.com\/wp-content\/uploads\/2021\/09\/Macalloy-112A2129.jpg 1920w, https:\/\/macalloy.com\/wp-content\/uploads\/2021\/09\/Macalloy-112A2129-600x400.jpg 600w, https:\/\/macalloy.com\/wp-content\/uploads\/2021\/09\/Macalloy-112A2129-300x200.jpg 300w, https:\/\/macalloy.com\/wp-content\/uploads\/2021\/09\/Macalloy-112A2129-1024x683.jpg 1024w, https:\/\/macalloy.com\/wp-content\/uploads\/2021\/09\/Macalloy-112A2129-768x512.jpg 768w, https:\/\/macalloy.com\/wp-content\/uploads\/2021\/09\/Macalloy-112A2129-1536x1024.jpg 1536w\" sizes=\"(max-width: 1920px) 100vw, 1920px\" \/><div class=\"wp-block-cover__inner-container is-layout-flow wp-block-cover-is-layout-flow\">\n<div class=\"wp-block-columns alignwide is-layout-flex wp-container-core-columns-is-layout-9d6595d7 wp-block-columns-is-layout-flex\">\n<div class=\"wp-block-column is-layout-flow wp-block-column-is-layout-flow\">\n<h4 class=\"wp-block-heading has-neutral-0-color has-text-color animate animate--right animate--delay-short\">Vous souhaitez discuter d\u2019un projet ?<\/h4>\n\n\n\n<h2 class=\"wp-block-heading mb-1 h1 has-neutral-0-color has-text-color animate animate--left animate--delay-medium\">+44 (0)1909 519 200<\/h2>\n\n\n\n<p class=\"has-neutral-0-color has-text-color animate animate--left animate--delay-long\">Appelez-nous ou utilisez le chat en direct pour obtenir une r\u00e9ponse rapide.<\/p>\n<\/div>\n\n\n\n<div class=\"wp-block-column is-layout-flow wp-block-column-is-layout-flow\"><\/div>\n<\/div>\n<\/div><\/div>\n","protected":false},"excerpt":{"rendered":"<p>&#8220;Nous vous \u00e9crivons pour remercier Karen et Beth pour l&#8217;excellent service que Macalloy nous a fourni lors de la livraison des tirants M20 et M24 avec ridoir. La qualit\u00e9 de votre service a \u00e9t\u00e9 excellente et a r\u00e9pondu \u00e0 toutes nos demandes au cours de nos travaux. Vous avez toujours \u00e9t\u00e9 polis, informatifs et avec [&hellip;]<\/p>\n","protected":false},"author":3,"featured_media":0,"parent":0,"menu_order":0,"comment_status":"closed","ping_status":"closed","template":"","meta":{"footnotes":""},"class_list":["hentry","page"],"yoast_head":"<!-- This site is optimized with the Yoast SEO plugin v27.4 - https:\/\/yoast.com\/product\/yoast-seo-wordpress\/ -->\n<title>Testimonials |<\/title>\n<meta name=\"robots\" content=\"index, follow, max-snippet:-1, max-image-preview:large, max-video-preview:-1\" \/>\n<link rel=\"canonical\" href=\"https:\/\/macalloy.com\/fr\/testimonials\/\" \/>\n<meta property=\"og:locale\" content=\"fr_FR\" \/>\n<meta property=\"og:type\" content=\"article\" \/>\n<meta property=\"og:title\" content=\"Testimonials |\" \/>\n<meta property=\"og:description\" content=\"&#8220;Nous vous \u00e9crivons pour remercier Karen et Beth pour l&#8217;excellent service que Macalloy nous a fourni lors de la livraison des tirants M20 et M24 avec ridoir. La qualit\u00e9 de votre service a \u00e9t\u00e9 excellente et a r\u00e9pondu \u00e0 toutes nos demandes au cours de nos travaux. Vous avez toujours \u00e9t\u00e9 polis, informatifs et avec [&hellip;]\" \/>\n<meta property=\"og:url\" content=\"https:\/\/macalloy.com\/fr\/testimonials\/\" \/>\n<meta property=\"og:site_name\" content=\"Macalloy\" \/>\n<meta property=\"article:modified_time\" content=\"2025-08-15T08:40:21+00:00\" \/>\n<meta name=\"twitter:card\" content=\"summary_large_image\" \/>\n<meta name=\"twitter:label1\" content=\"Dur\u00e9e de lecture estim\u00e9e\" \/>\n\t<meta name=\"twitter:data1\" content=\"4 minutes\" \/>\n<script type=\"application\/ld+json\" class=\"yoast-schema-graph\">{\"@context\":\"https:\\\/\\\/schema.org\",\"@graph\":[{\"@type\":\"WebPage\",\"@id\":\"https:\\\/\\\/macalloy.com\\\/fr\\\/testimonials\\\/\",\"url\":\"https:\\\/\\\/macalloy.com\\\/fr\\\/testimonials\\\/\",\"name\":\"Testimonials |\",\"isPartOf\":{\"@id\":\"https:\\\/\\\/macalloy.com\\\/fr\\\/#website\"},\"datePublished\":\"2025-07-24T10:30:04+00:00\",\"dateModified\":\"2025-08-15T08:40:21+00:00\",\"breadcrumb\":{\"@id\":\"https:\\\/\\\/macalloy.com\\\/fr\\\/testimonials\\\/#breadcrumb\"},\"inLanguage\":\"fr-FR\",\"potentialAction\":[{\"@type\":\"ReadAction\",\"target\":[\"https:\\\/\\\/macalloy.com\\\/fr\\\/testimonials\\\/\"]}]},{\"@type\":\"BreadcrumbList\",\"@id\":\"https:\\\/\\\/macalloy.com\\\/fr\\\/testimonials\\\/#breadcrumb\",\"itemListElement\":[{\"@type\":\"ListItem\",\"position\":1,\"name\":\"Home\",\"item\":\"https:\\\/\\\/macalloy.com\\\/fr\\\/\"},{\"@type\":\"ListItem\",\"position\":2,\"name\":\"Testimonials\"}]},{\"@type\":\"WebSite\",\"@id\":\"https:\\\/\\\/macalloy.com\\\/fr\\\/#website\",\"url\":\"https:\\\/\\\/macalloy.com\\\/fr\\\/\",\"name\":\"Macalloy\",\"description\":\"Threaded Bar Systems Trusted Worldwide\",\"potentialAction\":[{\"@type\":\"SearchAction\",\"target\":{\"@type\":\"EntryPoint\",\"urlTemplate\":\"https:\\\/\\\/macalloy.com\\\/fr\\\/?s={search_term_string}\"},\"query-input\":{\"@type\":\"PropertyValueSpecification\",\"valueRequired\":true,\"valueName\":\"search_term_string\"}}],\"inLanguage\":\"fr-FR\"}]}<\/script>\n<!-- \/ Yoast SEO plugin. -->","yoast_head_json":{"title":"Testimonials |","robots":{"index":"index","follow":"follow","max-snippet":"max-snippet:-1","max-image-preview":"max-image-preview:large","max-video-preview":"max-video-preview:-1"},"canonical":"https:\/\/macalloy.com\/fr\/testimonials\/","og_locale":"fr_FR","og_type":"article","og_title":"Testimonials |","og_description":"&#8220;Nous vous \u00e9crivons pour remercier Karen et Beth pour l&#8217;excellent service que Macalloy nous a fourni lors de la livraison des tirants M20 et M24 avec ridoir. La qualit\u00e9 de votre service a \u00e9t\u00e9 excellente et a r\u00e9pondu \u00e0 toutes nos demandes au cours de nos travaux. Vous avez toujours \u00e9t\u00e9 polis, informatifs et avec [&hellip;]","og_url":"https:\/\/macalloy.com\/fr\/testimonials\/","og_site_name":"Macalloy","article_modified_time":"2025-08-15T08:40:21+00:00","twitter_card":"summary_large_image","twitter_misc":{"Dur\u00e9e de lecture estim\u00e9e":"4 minutes"},"schema":{"@context":"https:\/\/schema.org","@graph":[{"@type":"WebPage","@id":"https:\/\/macalloy.com\/fr\/testimonials\/","url":"https:\/\/macalloy.com\/fr\/testimonials\/","name":"Testimonials |","isPartOf":{"@id":"https:\/\/macalloy.com\/fr\/#website"},"datePublished":"2025-07-24T10:30:04+00:00","dateModified":"2025-08-15T08:40:21+00:00","breadcrumb":{"@id":"https:\/\/macalloy.com\/fr\/testimonials\/#breadcrumb"},"inLanguage":"fr-FR","potentialAction":[{"@type":"ReadAction","target":["https:\/\/macalloy.com\/fr\/testimonials\/"]}]},{"@type":"BreadcrumbList","@id":"https:\/\/macalloy.com\/fr\/testimonials\/#breadcrumb","itemListElement":[{"@type":"ListItem","position":1,"name":"Home","item":"https:\/\/macalloy.com\/fr\/"},{"@type":"ListItem","position":2,"name":"Testimonials"}]},{"@type":"WebSite","@id":"https:\/\/macalloy.com\/fr\/#website","url":"https:\/\/macalloy.com\/fr\/","name":"Macalloy","description":"Threaded Bar Systems Trusted Worldwide","potentialAction":[{"@type":"SearchAction","target":{"@type":"EntryPoint","urlTemplate":"https:\/\/macalloy.com\/fr\/?s={search_term_string}"},"query-input":{"@type":"PropertyValueSpecification","valueRequired":true,"valueName":"search_term_string"}}],"inLanguage":"fr-FR"}]}},"_links":{"self":[{"href":"https:\/\/macalloy.com\/fr\/wp-json\/wp\/v2\/pages\/32689","targetHints":{"allow":["GET"]}}],"collection":[{"href":"https:\/\/macalloy.com\/fr\/wp-json\/wp\/v2\/pages"}],"about":[{"href":"https:\/\/macalloy.com\/fr\/wp-json\/wp\/v2\/types\/page"}],"author":[{"embeddable":true,"href":"https:\/\/macalloy.com\/fr\/wp-json\/wp\/v2\/users\/3"}],"replies":[{"embeddable":true,"href":"https:\/\/macalloy.com\/fr\/wp-json\/wp\/v2\/comments?post=32689"}],"version-history":[{"count":0,"href":"https:\/\/macalloy.com\/fr\/wp-json\/wp\/v2\/pages\/32689\/revisions"}],"wp:attachment":[{"href":"https:\/\/macalloy.com\/fr\/wp-json\/wp\/v2\/media?parent=32689"}],"curies":[{"name":"wp","href":"https:\/\/api.w.org\/{rel}","templated":true}]}}