{"id":3725,"date":"2021-09-30T10:19:17","date_gmt":"2021-09-30T10:19:17","guid":{"rendered":"https:\/\/macalloy.com\/about\/history\/"},"modified":"2024-07-09T14:05:53","modified_gmt":"2024-07-09T13:05:53","slug":"histoire","status":"publish","type":"page","link":"https:\/\/macalloy.com\/fr\/a-propos-de\/histoire\/","title":{"rendered":"Histoire"},"content":{"rendered":"\n<div style=\"height:50px\" aria-hidden=\"true\" class=\"wp-block-spacer\"><\/div>\n\n\n\n<div class=\"wp-block-media-text alignwide has-media-on-the-right is-stacked-on-mobile is-image-fill has-background-highlight-colour has-primary-900-background-color has-background animate animate has-background-highlight-image\"><figure class=\"wp-block-media-text__background-highlight-image\" style=\"background-image: url(https:\/\/macalloystg.wpengine.com\/wp-content\/uploads\/2021\/09\/background-image-100.jpg)\"><\/figure><div class=\"wp-block-media-text__content\">\n<h4 class=\"wp-block-heading has-neutral-0-color has-text-color animate animate--right\">Bas\u00e9e \u00e0 Sheffield, au c\u0153ur de l&#8217;industrie sid\u00e9rurgique du Royaume-Uni, les racines de Macalloy remontent \u00e0 100 ans.<\/h4>\n<\/div><figure class=\"wp-block-media-text__media\" style=\"background-image:url(https:\/\/macalloystg.wpengine.com\/wp-content\/uploads\/2021\/10\/Renault-Building-1024x731.jpg);background-position:50% 50%\"><img fetchpriority=\"high\" decoding=\"async\" width=\"1024\" height=\"731\" src=\"https:\/\/macalloystg.wpengine.com\/wp-content\/uploads\/2021\/10\/Renault-Building-1024x731.jpg\" alt=\"\" class=\"wp-image-2859 size-square\" srcset=\"https:\/\/macalloy.com\/wp-content\/uploads\/2021\/10\/Renault-Building-1024x731.jpg 1024w, https:\/\/macalloy.com\/wp-content\/uploads\/2021\/10\/Renault-Building-600x429.jpg 600w, https:\/\/macalloy.com\/wp-content\/uploads\/2021\/10\/Renault-Building-300x214.jpg 300w, https:\/\/macalloy.com\/wp-content\/uploads\/2021\/10\/Renault-Building-768x548.jpg 768w, https:\/\/macalloy.com\/wp-content\/uploads\/2021\/10\/Renault-Building.jpg 1445w\" sizes=\"(max-width: 1024px) 100vw, 1024px\" \/><\/figure><\/div>\n\n\n\n<div style=\"height:50px\" aria-hidden=\"true\" class=\"wp-block-spacer\"><\/div>\n\n\n\n<figure class=\"wp-block-image size-large animate animate animate--delay-medium\"><img decoding=\"async\" width=\"1024\" height=\"687\" src=\"https:\/\/macalloystg.wpengine.com\/wp-content\/uploads\/2021\/10\/y09953-1024x687.jpg\" alt=\"Advertisement for McCall and Co. (Sheffield) Ltd, Templeborough\" class=\"wp-image-2920\" srcset=\"https:\/\/macalloy.com\/wp-content\/uploads\/2021\/10\/y09953-1024x687.jpg 1024w, https:\/\/macalloy.com\/wp-content\/uploads\/2021\/10\/y09953-600x402.jpg 600w, https:\/\/macalloy.com\/wp-content\/uploads\/2021\/10\/y09953-300x201.jpg 300w, https:\/\/macalloy.com\/wp-content\/uploads\/2021\/10\/y09953-768x515.jpg 768w, https:\/\/macalloy.com\/wp-content\/uploads\/2021\/10\/y09953-1536x1030.jpg 1536w, https:\/\/macalloy.com\/wp-content\/uploads\/2021\/10\/y09953.jpg 1794w\" sizes=\"(max-width: 1024px) 100vw, 1024px\" \/><\/figure>\n\n\n\n<div class=\"wp-block-columns is-layout-flex wp-container-core-columns-is-layout-9d6595d7 wp-block-columns-is-layout-flex\">\n<div class=\"wp-block-column animate animate--up is-layout-flow wp-block-column-is-layout-flow\">\n<p class=\"lead animate animate animate--delay-short\">En 1921, McCalls and Company Limited a \u00e9t\u00e9 fond\u00e9e par TH McCall, Edwin Llwewllyn Raworth et CW Hamilton dans un entrep\u00f4t de Queens Street, Sheffield. Ils fournissaient des tiges et des barres d&#8217;acier tr\u00e8s demand\u00e9es par le commerce du b\u00e9ton en pleine expansion. L&#8217;entreprise s&#8217;est d\u00e9velopp\u00e9e tr\u00e8s rapidement et a commenc\u00e9 \u00e0 fournir des barres et des tiges droites ou courb\u00e9es en longueurs coup\u00e9es.<\/p>\n\n\n\n<p class=\"animate animate animate--delay-short\">En 1927, la demande augmentant, l&#8217;entreprise d\u00e9m\u00e9nage dans les hangars d&#8217;ing\u00e9nierie ferroviaire de Nunnery Lane, Sheffield.<\/p>\n\n\n\n<p class=\"animate animate animate--delay-short\">L&#8217;entreprise est en relation avec United Strip Bar Mills et Templeborough Rolling Mills, s&#8217;approvisionnant en barres en bobines. Les Templeborough Mills ont aid\u00e9 McCalls \u00e0 financer son d\u00e9m\u00e9nagement vers une nouvelle usine sur leur site le jour de Trafalgar, le 21 octobre 1929. Ce d\u00e9m\u00e9nagement a permis \u00e0 l&#8217;entreprise de fabriquer des barres d&#8217;un plus grand diam\u00e8tre, n\u00e9cessaires \u00e0 l&#8217;industrie dynamique de la construction.<\/p>\n\n\n\n<p class=\"animate animate animate--delay-short\">Au cours des deux d\u00e9cennies suivantes, McCalls and Company Ltd s&#8217;est d\u00e9velopp\u00e9e au fur et \u00e0 mesure que la demande de ses produits augmentait, et en 1948, la soci\u00e9t\u00e9 a introduit une barre de &#8220;post-tension&#8221; sur le nouveau march\u00e9 du b\u00e9ton &#8220;post-tendu&#8221;. Il s&#8217;agissait d&#8217;une tendance en d\u00e9veloppement dans la construction en b\u00e9ton et la barre de post-tension Macalloy a connu un succ\u00e8s imm\u00e9diat. Les ventes de la barre de post-tension ont augment\u00e9 et en 1960, les barres de pr\u00e9contrainte Macalloy ont \u00e9t\u00e9 utilis\u00e9es exclusivement dans la section centrale de 500 pieds du pont Medway sur l&#8217;autoroute M2, qui \u00e9tait \u00e0 l&#8217;\u00e9poque la plus grande trav\u00e9e en b\u00e9ton pr\u00e9contraint du monde.<\/p>\n\n\n\n<p><\/p>\n<\/div>\n\n\n\n<div class=\"wp-block-column animate animate--up animate--delay-short is-layout-flow wp-block-column-is-layout-flow\">\n<p class=\"animate animate animate--delay-short\">Plus tard, en 1962, la soci\u00e9t\u00e9 est devenue une filiale \u00e0 part enti\u00e8re de The United Steel Companies Ltd (qui a \u00e9t\u00e9 nationalis\u00e9e en 1968 pour devenir British Steel). En 1965, elle s&#8217;est install\u00e9e dans des locaux plus spacieux dans l&#8217;ancienne usine de la Yorkshire Engineering Company Ltd \u00e0 Meadowhall Road, Sheffield. En 1966, le site de Meadowhall fait l&#8217;objet d&#8217;une r\u00e9novation majeure, ce qui permet d&#8217;augmenter la production \u00e0 2 500 tonnes par semaine et d&#8217;installer deux nouvelles voies continues pour supporter de nouvelles grues \u00e9lectriques, ce qui permet une couverture compl\u00e8te de la manutention sur toute la zone.<\/p>\n\n\n\n<p class=\"animate animate animate--delay-short\">En 1975, la soci\u00e9t\u00e9 a \u00e9t\u00e9 rachet\u00e9e par ASW Allied Steel and Wire Ltd, elle-m\u00eame issue de l&#8217;usine Tremorfa Steel \u00e0 Cardiff. L&#8217;entreprise d\u00e9m\u00e9nage \u00e0 nouveau dans des locaux plus spacieux \u00e0 Hawke Street \u00e0 Sheffield, permettant \u00e0 McCalls de progresser et de cr\u00e9er de nouveaux produits, notamment une nouvelle gamme de structures de tension architecturales.<\/p>\n\n\n\n<p class=\"animate animate animate--delay-short\">La croissance sur les march\u00e9s mondiaux s&#8217;est d\u00e9velopp\u00e9e dans les ann\u00e9es 1990 sous l&#8217;\u00e9gide d&#8217;ASW et sous le nom de McCalls Special Products Ltd. Quelques ann\u00e9es plus tard, ASW a fait l&#8217;acquisition d&#8217;une soci\u00e9t\u00e9 fran\u00e7aise, Arteon SA, qui a \u00e9tendu la distribution \u00e0 travers l&#8217;Europe et l&#8217;expansion en Allemagne, en Suisse et en Autriche.<\/p>\n\n\n\n<p class=\"animate animate animate--delay-short\">La construction sur les march\u00e9s asiatiques a commenc\u00e9 \u00e0 exploser \u00e0 cette \u00e9poque et les syst\u00e8mes de post-tension, les barres d&#8217;ancrage et les attaches architecturales de Macalloy ont \u00e9t\u00e9 largement utilis\u00e9s dans des projets de grande envergure \u00e0 Hong Kong, en Malaisie, \u00e0 Singapour, au Japon et aux Philippines.<\/p>\n\n\n\n<p class=\"animate animate animate--delay-short\">En reconnaissance des r\u00e9alisations de l&#8217;entreprise, Macalloy a re\u00e7u le Queens Award for Export en 1996. \u00c0 l&#8217;\u00e9poque, les exportations repr\u00e9sentaient 65 % de la productivit\u00e9 de l&#8217;entreprise.<\/p>\n\n\n\n<p class=\"animate animate animate--delay-short\">En 2003, la soci\u00e9t\u00e9 est redevenue une entreprise priv\u00e9e \u00e0 la suite d&#8217;un rachat par les cadres dirig\u00e9 par l&#8217;actuel directeur g\u00e9n\u00e9ral, Peter Hoy, et en 2006, la soci\u00e9t\u00e9 a mis en service une usine sp\u00e9cialement construite sur le site de l&#8217;ancienne mine de charbon de Dinnington, o\u00f9 elle se trouve encore aujourd&#8217;hui.<\/p>\n<\/div>\n<\/div>\n\n\n\n<div class=\"wp-block-columns is-layout-flex wp-container-core-columns-is-layout-9d6595d7 wp-block-columns-is-layout-flex\">\n<div class=\"wp-block-column animate animate--left is-layout-flow wp-block-column-is-layout-flow\">\n<h2 class=\"wp-block-heading h3 has-primary-900-color has-text-color\">Macalloy aujourd&#8217;hui<\/h2>\n\n\n\n<hr class=\"wp-block-separator has-text-color has-primary-900-color has-css-opacity has-primary-900-background-color has-background is-style-default animate animate--left\"\/>\n<\/div>\n\n\n\n<div class=\"wp-block-column is-layout-flow wp-block-column-is-layout-flow\"><\/div>\n<\/div>\n\n\n\n<figure class=\"wp-block-image size-large animate animate animate--delay-short\"><img decoding=\"async\" width=\"1024\" height=\"683\" src=\"https:\/\/macalloystg.wpengine.com\/wp-content\/uploads\/2021\/10\/macalloy-team-1024x683.jpg\" alt=\"\" class=\"wp-image-2855\" srcset=\"https:\/\/macalloy.com\/wp-content\/uploads\/2021\/10\/macalloy-team-1024x683.jpg 1024w, https:\/\/macalloy.com\/wp-content\/uploads\/2021\/10\/macalloy-team-600x400.jpg 600w, https:\/\/macalloy.com\/wp-content\/uploads\/2021\/10\/macalloy-team-300x200.jpg 300w, https:\/\/macalloy.com\/wp-content\/uploads\/2021\/10\/macalloy-team-768x512.jpg 768w, https:\/\/macalloy.com\/wp-content\/uploads\/2021\/10\/macalloy-team-1536x1024.jpg 1536w, https:\/\/macalloy.com\/wp-content\/uploads\/2021\/10\/macalloy-team.jpg 1920w\" sizes=\"(max-width: 1024px) 100vw, 1024px\" \/><\/figure>\n\n\n\n<div class=\"wp-block-columns is-layout-flex wp-container-core-columns-is-layout-9d6595d7 wp-block-columns-is-layout-flex\">\n<div class=\"wp-block-column animate animate--up is-layout-flow wp-block-column-is-layout-flow\">\n<p>Macalloy travaille d\u00e9sormais dans des installations sp\u00e9cialement construites \u00e0 Dinnington, Sheffield. Ce d\u00e9m\u00e9nagement a permis \u00e0 l&#8217;entreprise d&#8217;augmenter sa capacit\u00e9 et de continuer \u00e0 fournir des produits de la plus haute qualit\u00e9, notamment :<\/p>\n\n\n\n<ul class=\"wp-block-list\">\n<li>Structures de tension<\/li>\n\n\n\n<li>Ing\u00e9nierie de fa\u00e7ade<\/li>\n\n\n\n<li>Post-tension<\/li>\n\n\n\n<li>Ing\u00e9nierie du sol<\/li>\n\n\n\n<li>Services sur site &#8211; \u00e9quipement, formation et location<\/li>\n<\/ul>\n\n\n\n<p>Au fil des ans, Macalloy a d\u00e9velopp\u00e9 de solides partenariats commerciaux, offrant aux ing\u00e9nieurs-conseils et aux architectes un choix complet de produits et de services.<\/p>\n<\/div>\n\n\n\n<div class=\"wp-block-column animate animate--up animate--delay-short is-layout-flow wp-block-column-is-layout-flow\">\n<p>Notre cha\u00eene d&#8217;approvisionnement continue de s&#8217;\u00e9tendre via un r\u00e9seau international d&#8217;agents et de distributeurs Macalloy, assurant une croissance continue sur le march\u00e9 mondial.<\/p>\n\n\n\n<p>Les produits Macalloy sont utilis\u00e9s dans l&#8217;ensemble de l&#8217;industrie de la construction et ont \u00e9t\u00e9 utilis\u00e9s dans de nombreux produits prestigieux, dont quatre des stades de la Coupe du Monde de Russie, <a href=\"https:\/\/macalloy.com\/fr\/project\/burj-al-arab-hotel-dubai\/\">l&#8217;h\u00f4tel 7 \u00e9toiles Burj Al-Arab \u00e0 Duba\u00ef<\/a><a href=\"\/project\/burj-al-arab-hotel-dubai\/\">,<\/a> <a href=\"https:\/\/macalloy.com\/fr\/project\/marina-bay-sands-singapore\/\">Marina Bay Sands \u00e0 Singapour<\/a> et <a href=\"https:\/\/macalloy.com\/fr\/project\/golden-jubilee-bridge-london\/\">Jubilee Bridge \u00e0 Londres.<\/a><\/p>\n<\/div>\n<\/div>\n\n\n\n<div class=\"wp-block-group alignfull has-neutral-0-color has-primary-900-background-color has-text-color has-background animate animate--up\"><div class=\"wp-block-group__inner-container is-layout-flow wp-block-group-is-layout-flow\">\n<p><\/p>\n\n\n\n<div style=\"height:90px\" aria-hidden=\"true\" class=\"wp-block-spacer\"><\/div>\n\n\n\n<div class=\"wp-block-columns alignwide is-layout-flex wp-container-core-columns-is-layout-9d6595d7 wp-block-columns-is-layout-flex\">\n<div class=\"wp-block-column is-layout-flow wp-block-column-is-layout-flow\" style=\"flex-basis:80%\">\n<h5 class=\"wp-block-heading animate animate--up animate--delay-short\">&#8220;Si notre entreprise s&#8217;est d\u00e9velopp\u00e9e au fil des ans, nos valeurs fondamentales sont rest\u00e9es les m\u00eames. Nous nous sommes toujours engag\u00e9s \u00e0 fournir un excellent service \u00e0 la client\u00e8le et des produits de haute qualit\u00e9. Je suis fier de l&#8217;enthousiasme de notre \u00e9quipe et de sa volont\u00e9 d&#8217;\u00e9voluer pour r\u00e9pondre aux besoins toujours changeants du secteur de la construction.&#8221;<\/h5>\n\n\n\n<p class=\"animate animate--up animate--delay-medium\">Peter Hoy &#8211; Directeur g\u00e9n\u00e9ral<\/p>\n<\/div>\n\n\n\n<div class=\"wp-block-column is-layout-flow wp-block-column-is-layout-flow\" style=\"flex-basis:20%\"><\/div>\n<\/div>\n\n\n\n<div style=\"height:25px\" aria-hidden=\"true\" class=\"wp-block-spacer\"><\/div>\n\n\n\n<div class=\"wp-block-cover is-light is-style-breakout animate animate animate--delay-medium\"><span aria-hidden=\"true\" class=\"wp-block-cover__background has-background-dim-0 has-background-dim\"><\/span><img loading=\"lazy\" decoding=\"async\" width=\"1920\" height=\"1280\" class=\"wp-block-cover__image-background wp-image-2253\" alt=\"\" src=\"https:\/\/macalloystg.wpengine.com\/wp-content\/uploads\/2021\/09\/Peter-Hoy-Macalloy.jpg\" style=\"object-position:31% 35%\" data-object-fit=\"cover\" data-object-position=\"31% 35%\" srcset=\"https:\/\/macalloy.com\/wp-content\/uploads\/2021\/09\/Peter-Hoy-Macalloy.jpg 1920w, https:\/\/macalloy.com\/wp-content\/uploads\/2021\/09\/Peter-Hoy-Macalloy-600x400.jpg 600w, https:\/\/macalloy.com\/wp-content\/uploads\/2021\/09\/Peter-Hoy-Macalloy-300x200.jpg 300w, https:\/\/macalloy.com\/wp-content\/uploads\/2021\/09\/Peter-Hoy-Macalloy-1024x683.jpg 1024w, https:\/\/macalloy.com\/wp-content\/uploads\/2021\/09\/Peter-Hoy-Macalloy-768x512.jpg 768w, https:\/\/macalloy.com\/wp-content\/uploads\/2021\/09\/Peter-Hoy-Macalloy-1536x1024.jpg 1536w\" sizes=\"(max-width: 1920px) 100vw, 1920px\" \/><div class=\"wp-block-cover__inner-container is-layout-flow wp-block-cover-is-layout-flow\">\n<p class=\"has-text-align-center has-large-font-size\"><\/p>\n<\/div><\/div>\n<\/div><\/div>\n\n\n\n<div class=\"wp-block-cover alignfull is-light mb-0 mt-0 animate animate--up\" style=\"min-height:600px;aspect-ratio:unset;\"><span aria-hidden=\"true\" class=\"wp-block-cover__background has-background-dim-30 has-background-dim\"><\/span><img loading=\"lazy\" decoding=\"async\" width=\"1920\" height=\"1280\" class=\"wp-block-cover__image-background wp-image-2035\" alt=\"\" src=\"https:\/\/macalloystg.wpengine.com\/wp-content\/uploads\/2021\/09\/Macalloy-112A2129.jpg\" style=\"object-position:58% 68%\" data-object-fit=\"cover\" data-object-position=\"58% 68%\" srcset=\"https:\/\/macalloy.com\/wp-content\/uploads\/2021\/09\/Macalloy-112A2129.jpg 1920w, https:\/\/macalloy.com\/wp-content\/uploads\/2021\/09\/Macalloy-112A2129-600x400.jpg 600w, https:\/\/macalloy.com\/wp-content\/uploads\/2021\/09\/Macalloy-112A2129-300x200.jpg 300w, https:\/\/macalloy.com\/wp-content\/uploads\/2021\/09\/Macalloy-112A2129-1024x683.jpg 1024w, https:\/\/macalloy.com\/wp-content\/uploads\/2021\/09\/Macalloy-112A2129-768x512.jpg 768w, https:\/\/macalloy.com\/wp-content\/uploads\/2021\/09\/Macalloy-112A2129-1536x1024.jpg 1536w\" sizes=\"(max-width: 1920px) 100vw, 1920px\" \/><div class=\"wp-block-cover__inner-container is-layout-flow wp-block-cover-is-layout-flow\">\n<div class=\"wp-block-columns alignwide is-layout-flex wp-container-core-columns-is-layout-9d6595d7 wp-block-columns-is-layout-flex\">\n<div class=\"wp-block-column is-layout-flow wp-block-column-is-layout-flow\">\n<h4 class=\"wp-block-heading has-neutral-0-color has-text-color animate animate--right animate--delay-short\">Vous souhaitez discuter d&#8217;un projet ?<\/h4>\n\n\n\n<h2 class=\"wp-block-heading mb-1 h1 has-neutral-0-color has-text-color animate animate--left animate--delay-medium\">+44 (0)1909 519 200<\/h2>\n\n\n\n<p class=\"has-neutral-0-color has-text-color animate animate--left animate--delay-long\">Appelez-nous ou utilisez le chat en direct pour obtenir une r\u00e9ponse rapide.<\/p>\n<\/div>\n\n\n\n<div class=\"wp-block-column is-layout-flow wp-block-column-is-layout-flow\"><\/div>\n<\/div>\n<\/div><\/div>\n","protected":false},"excerpt":{"rendered":"<p>Bas\u00e9e \u00e0 Sheffield, au c\u0153ur de l&#8217;industrie sid\u00e9rurgique du Royaume-Uni, les racines de Macalloy remontent \u00e0 100 ans. En 1921, McCalls and Company Limited a \u00e9t\u00e9 fond\u00e9e par TH McCall, Edwin Llwewllyn Raworth et CW Hamilton dans un entrep\u00f4t de Queens Street, Sheffield. Ils fournissaient des tiges et des barres d&#8217;acier tr\u00e8s demand\u00e9es par le [&hellip;]<\/p>\n","protected":false},"author":3,"featured_media":0,"parent":3709,"menu_order":0,"comment_status":"closed","ping_status":"closed","template":"","meta":{"footnotes":""},"class_list":["hentry","page"],"yoast_head":"<!-- This site is optimized with the Yoast SEO plugin v27.5 - https:\/\/yoast.com\/product\/yoast-seo-wordpress\/ -->\n<title>Notre histoire | Macalloy, fabriqu\u00e9 au Royaume-Uni depuis 100 ans et reconnu dans le monde entier<\/title>\n<meta name=\"description\" content=\"Bas\u00e9e \u00e0 Sheffield, au c\u0153ur m\u00eame de l&#039;industrie sid\u00e9rurgique britannique, Macalloy a des racines qui remontent \u00e0 100 ans. D\u00e9couvrez notre histoire aujourd&#039;hui.\" \/>\n<meta name=\"robots\" content=\"index, follow, max-snippet:-1, max-image-preview:large, max-video-preview:-1\" \/>\n<link rel=\"canonical\" href=\"https:\/\/macalloy.com\/fr\/a-propos-de\/histoire\/\" \/>\n<meta property=\"og:locale\" content=\"fr_FR\" \/>\n<meta property=\"og:type\" content=\"article\" \/>\n<meta property=\"og:title\" content=\"Notre histoire | Macalloy, fabriqu\u00e9 au Royaume-Uni depuis 100 ans et reconnu dans le monde entier\" \/>\n<meta property=\"og:description\" content=\"Bas\u00e9e \u00e0 Sheffield, au c\u0153ur m\u00eame de l&#039;industrie sid\u00e9rurgique britannique, Macalloy a des racines qui remontent \u00e0 100 ans. D\u00e9couvrez notre histoire aujourd&#039;hui.\" \/>\n<meta property=\"og:url\" content=\"https:\/\/macalloy.com\/fr\/a-propos-de\/histoire\/\" \/>\n<meta property=\"og:site_name\" content=\"Macalloy\" \/>\n<meta property=\"article:modified_time\" content=\"2024-07-09T13:05:53+00:00\" \/>\n<meta property=\"og:image\" content=\"https:\/\/macalloystg.wpengine.com\/wp-content\/uploads\/2021\/10\/Renault-Building-1024x731.jpg\" \/>\n<meta name=\"twitter:card\" content=\"summary_large_image\" \/>\n<meta name=\"twitter:label1\" content=\"Dur\u00e9e de lecture estim\u00e9e\" \/>\n\t<meta name=\"twitter:data1\" content=\"5 minutes\" \/>\n<script type=\"application\/ld+json\" class=\"yoast-schema-graph\">{\"@context\":\"https:\\\/\\\/schema.org\",\"@graph\":[{\"@type\":\"WebPage\",\"@id\":\"https:\\\/\\\/macalloy.com\\\/fr\\\/a-propos-de\\\/histoire\\\/\",\"url\":\"https:\\\/\\\/macalloy.com\\\/fr\\\/a-propos-de\\\/histoire\\\/\",\"name\":\"Notre histoire | Macalloy, fabriqu\u00e9 au Royaume-Uni depuis 100 ans et reconnu dans le monde entier\",\"isPartOf\":{\"@id\":\"https:\\\/\\\/macalloy.com\\\/fr\\\/#website\"},\"primaryImageOfPage\":{\"@id\":\"https:\\\/\\\/macalloy.com\\\/fr\\\/a-propos-de\\\/histoire\\\/#primaryimage\"},\"image\":{\"@id\":\"https:\\\/\\\/macalloy.com\\\/fr\\\/a-propos-de\\\/histoire\\\/#primaryimage\"},\"thumbnailUrl\":\"https:\\\/\\\/macalloystg.wpengine.com\\\/wp-content\\\/uploads\\\/2021\\\/10\\\/Renault-Building-1024x731.jpg\",\"datePublished\":\"2021-09-30T10:19:17+00:00\",\"dateModified\":\"2024-07-09T13:05:53+00:00\",\"description\":\"Bas\u00e9e \u00e0 Sheffield, au c\u0153ur m\u00eame de l'industrie sid\u00e9rurgique britannique, Macalloy a des racines qui remontent \u00e0 100 ans. D\u00e9couvrez notre histoire aujourd'hui.\",\"breadcrumb\":{\"@id\":\"https:\\\/\\\/macalloy.com\\\/fr\\\/a-propos-de\\\/histoire\\\/#breadcrumb\"},\"inLanguage\":\"fr-FR\",\"potentialAction\":[{\"@type\":\"ReadAction\",\"target\":[\"https:\\\/\\\/macalloy.com\\\/fr\\\/a-propos-de\\\/histoire\\\/\"]}]},{\"@type\":\"ImageObject\",\"inLanguage\":\"fr-FR\",\"@id\":\"https:\\\/\\\/macalloy.com\\\/fr\\\/a-propos-de\\\/histoire\\\/#primaryimage\",\"url\":\"https:\\\/\\\/macalloystg.wpengine.com\\\/wp-content\\\/uploads\\\/2021\\\/10\\\/Renault-Building-1024x731.jpg\",\"contentUrl\":\"https:\\\/\\\/macalloystg.wpengine.com\\\/wp-content\\\/uploads\\\/2021\\\/10\\\/Renault-Building-1024x731.jpg\"},{\"@type\":\"BreadcrumbList\",\"@id\":\"https:\\\/\\\/macalloy.com\\\/fr\\\/a-propos-de\\\/histoire\\\/#breadcrumb\",\"itemListElement\":[{\"@type\":\"ListItem\",\"position\":1,\"name\":\"Home\",\"item\":\"https:\\\/\\\/macalloy.com\\\/fr\\\/\"},{\"@type\":\"ListItem\",\"position\":2,\"name\":\"A propos de\",\"item\":\"https:\\\/\\\/macalloy.com\\\/fr\\\/a-propos-de\\\/\"},{\"@type\":\"ListItem\",\"position\":3,\"name\":\"Histoire\"}]},{\"@type\":\"WebSite\",\"@id\":\"https:\\\/\\\/macalloy.com\\\/fr\\\/#website\",\"url\":\"https:\\\/\\\/macalloy.com\\\/fr\\\/\",\"name\":\"Macalloy\",\"description\":\"Threaded Bar Systems Trusted Worldwide\",\"potentialAction\":[{\"@type\":\"SearchAction\",\"target\":{\"@type\":\"EntryPoint\",\"urlTemplate\":\"https:\\\/\\\/macalloy.com\\\/fr\\\/?s={search_term_string}\"},\"query-input\":{\"@type\":\"PropertyValueSpecification\",\"valueRequired\":true,\"valueName\":\"search_term_string\"}}],\"inLanguage\":\"fr-FR\"}]}<\/script>\n<!-- \/ Yoast SEO plugin. -->","yoast_head_json":{"title":"Notre histoire | Macalloy, fabriqu\u00e9 au Royaume-Uni depuis 100 ans et reconnu dans le monde entier","description":"Bas\u00e9e \u00e0 Sheffield, au c\u0153ur m\u00eame de l'industrie sid\u00e9rurgique britannique, Macalloy a des racines qui remontent \u00e0 100 ans. D\u00e9couvrez notre histoire aujourd'hui.","robots":{"index":"index","follow":"follow","max-snippet":"max-snippet:-1","max-image-preview":"max-image-preview:large","max-video-preview":"max-video-preview:-1"},"canonical":"https:\/\/macalloy.com\/fr\/a-propos-de\/histoire\/","og_locale":"fr_FR","og_type":"article","og_title":"Notre histoire | Macalloy, fabriqu\u00e9 au Royaume-Uni depuis 100 ans et reconnu dans le monde entier","og_description":"Bas\u00e9e \u00e0 Sheffield, au c\u0153ur m\u00eame de l'industrie sid\u00e9rurgique britannique, Macalloy a des racines qui remontent \u00e0 100 ans. D\u00e9couvrez notre histoire aujourd'hui.","og_url":"https:\/\/macalloy.com\/fr\/a-propos-de\/histoire\/","og_site_name":"Macalloy","article_modified_time":"2024-07-09T13:05:53+00:00","og_image":[{"url":"https:\/\/macalloystg.wpengine.com\/wp-content\/uploads\/2021\/10\/Renault-Building-1024x731.jpg","type":"","width":"","height":""}],"twitter_card":"summary_large_image","twitter_misc":{"Dur\u00e9e de lecture estim\u00e9e":"5 minutes"},"schema":{"@context":"https:\/\/schema.org","@graph":[{"@type":"WebPage","@id":"https:\/\/macalloy.com\/fr\/a-propos-de\/histoire\/","url":"https:\/\/macalloy.com\/fr\/a-propos-de\/histoire\/","name":"Notre histoire | Macalloy, fabriqu\u00e9 au Royaume-Uni depuis 100 ans et reconnu dans le monde entier","isPartOf":{"@id":"https:\/\/macalloy.com\/fr\/#website"},"primaryImageOfPage":{"@id":"https:\/\/macalloy.com\/fr\/a-propos-de\/histoire\/#primaryimage"},"image":{"@id":"https:\/\/macalloy.com\/fr\/a-propos-de\/histoire\/#primaryimage"},"thumbnailUrl":"https:\/\/macalloystg.wpengine.com\/wp-content\/uploads\/2021\/10\/Renault-Building-1024x731.jpg","datePublished":"2021-09-30T10:19:17+00:00","dateModified":"2024-07-09T13:05:53+00:00","description":"Bas\u00e9e \u00e0 Sheffield, au c\u0153ur m\u00eame de l'industrie sid\u00e9rurgique britannique, Macalloy a des racines qui remontent \u00e0 100 ans. D\u00e9couvrez notre histoire aujourd'hui.","breadcrumb":{"@id":"https:\/\/macalloy.com\/fr\/a-propos-de\/histoire\/#breadcrumb"},"inLanguage":"fr-FR","potentialAction":[{"@type":"ReadAction","target":["https:\/\/macalloy.com\/fr\/a-propos-de\/histoire\/"]}]},{"@type":"ImageObject","inLanguage":"fr-FR","@id":"https:\/\/macalloy.com\/fr\/a-propos-de\/histoire\/#primaryimage","url":"https:\/\/macalloystg.wpengine.com\/wp-content\/uploads\/2021\/10\/Renault-Building-1024x731.jpg","contentUrl":"https:\/\/macalloystg.wpengine.com\/wp-content\/uploads\/2021\/10\/Renault-Building-1024x731.jpg"},{"@type":"BreadcrumbList","@id":"https:\/\/macalloy.com\/fr\/a-propos-de\/histoire\/#breadcrumb","itemListElement":[{"@type":"ListItem","position":1,"name":"Home","item":"https:\/\/macalloy.com\/fr\/"},{"@type":"ListItem","position":2,"name":"A propos de","item":"https:\/\/macalloy.com\/fr\/a-propos-de\/"},{"@type":"ListItem","position":3,"name":"Histoire"}]},{"@type":"WebSite","@id":"https:\/\/macalloy.com\/fr\/#website","url":"https:\/\/macalloy.com\/fr\/","name":"Macalloy","description":"Threaded Bar Systems Trusted Worldwide","potentialAction":[{"@type":"SearchAction","target":{"@type":"EntryPoint","urlTemplate":"https:\/\/macalloy.com\/fr\/?s={search_term_string}"},"query-input":{"@type":"PropertyValueSpecification","valueRequired":true,"valueName":"search_term_string"}}],"inLanguage":"fr-FR"}]}},"_links":{"self":[{"href":"https:\/\/macalloy.com\/fr\/wp-json\/wp\/v2\/pages\/3725","targetHints":{"allow":["GET"]}}],"collection":[{"href":"https:\/\/macalloy.com\/fr\/wp-json\/wp\/v2\/pages"}],"about":[{"href":"https:\/\/macalloy.com\/fr\/wp-json\/wp\/v2\/types\/page"}],"author":[{"embeddable":true,"href":"https:\/\/macalloy.com\/fr\/wp-json\/wp\/v2\/users\/3"}],"replies":[{"embeddable":true,"href":"https:\/\/macalloy.com\/fr\/wp-json\/wp\/v2\/comments?post=3725"}],"version-history":[{"count":0,"href":"https:\/\/macalloy.com\/fr\/wp-json\/wp\/v2\/pages\/3725\/revisions"}],"up":[{"embeddable":true,"href":"https:\/\/macalloy.com\/fr\/wp-json\/wp\/v2\/pages\/3709"}],"wp:attachment":[{"href":"https:\/\/macalloy.com\/fr\/wp-json\/wp\/v2\/media?parent=3725"}],"curies":[{"name":"wp","href":"https:\/\/api.w.org\/{rel}","templated":true}]}}